{"id":41079,"date":"2022-12-08T08:17:43","date_gmt":"2022-12-08T08:17:43","guid":{"rendered":"https:\/\/jackpotlotteryonline.com\/?page_id=41079"},"modified":"2022-12-29T08:03:47","modified_gmt":"2022-12-29T08:03:47","slug":"uk-lottery","status":"publish","type":"page","link":"https:\/\/jackpotlotteryonline.com\/cs\/vyherni-cisla\/uk-lottery\/","title":{"rendered":"UK loterie \u010derp\u00e1n\u00ed v\u00fdsledky"},"content":{"rendered":"<p>Britsk\u00e1 loterie je zaj\u00edmav\u00e1 t\u00edm, \u017ee z hr\u00e1\u010d\u016f m\u016f\u017ee ud\u011blat milion\u00e1\u0159e. Zat\u00edmco mezi s\u00e1zej\u00edc\u00edmi ve Spojen\u00e9m kr\u00e1lovstv\u00ed je obl\u00edben\u00e1, mezin\u00e1rodn\u00edm s\u00e1zej\u00edc\u00edm nen\u00ed p\u0159\u00edli\u0161 zn\u00e1m\u00e1. Pokud si tedy chcete vyzkou\u0161et mezin\u00e1rodn\u00ed loterii, pro\u010d nezkusit tuto? P\u0159esto\u017ee v\u00fdhry nejsou zaru\u010deny, je snadn\u00e9 vybrat v\u00fdhern\u00ed \u010d\u00edslo.<\/p>\n<p>Je tu v\u0161ak jedna v\u011bc, na kterou byste si m\u011bli d\u00e1t pozor. Pokud v t\u00e9to loterii vyhrajete, nem\u016f\u017eeme skute\u010dn\u011b \u0159\u00edci, s jakou \u010d\u00e1stkou odejdete dom\u016f. Je to proto, \u017ee hlavn\u00ed v\u00fdhra \u010din\u00ed 52 % loterijn\u00edho fondu. Pokud se neprodalo mnoho los\u016f, pak dom\u016f s velk\u00fdm obnosem neodejdete. Ne, to s n\u00e1mi nem\u00e1 nic spole\u010dn\u00e9ho a je to pravidlo loterijn\u00ed spole\u010dnosti.<\/p>\n<p>M\u016f\u017eete se pod\u00edvat na na\u0161e str\u00e1nky jackpotlottery.com a p\u0159ihl\u00e1sit se do t\u00e9to loterie nebo si vybrat z \u0159ady dal\u0161\u00edch loteri\u00ed. Existuj\u00ed \u0161pi\u010dkov\u00e9 mezin\u00e1rodn\u00ed loterie, kter\u00e9 m\u016f\u017eete hr\u00e1t na na\u0161ich str\u00e1nk\u00e1ch a kter\u00e9 v\u00e1m umo\u017en\u00ed ponechat si v\u00fdhry. Nebo m\u016f\u017eete m\u00edsto toho zkusit tuto. Je to zcela na v\u00e1s.<\/p>\n<section class=\"layout\" style=\"border: solid 1px; width: 100%;\">\n<div class=\"img-div\" style=\"margin-top: 5px;\"><img decoding=\"async\" class=\"wp-image-17212 alignleft\" style=\"height: 45px; margin: 8px 8px 0px;\" src=\"https:\/\/jackpotlotteryonline.com\/wp-content\/uploads\/2022\/11\/read1.jpg\" alt=\"P\u0159e\u010dt\u011bte si\" width=\"\" height=\"\" \/><\/div>\n<div style=\"padding-left: 5px;\">\n<div style=\"font-size: 1.1em;\">\n<p><strong>Kter\u00e1 mezin\u00e1rodn\u00ed loterie je nejlep\u0161\u00ed?<\/strong><\/p>\n<p style=\"font-size: 0.85em; margin-top: -1.5em;\">Kter\u00e9 z mezin\u00e1rodn\u00edch loteri\u00ed maj\u00ed nejlep\u0161\u00ed \u0161ance na v\u00fdhru big\u00a0 <a href=\"https:\/\/jackpotlotteryonline.com\/cs\/ktera-mezinarodni-loterie-je-nejlepsi\"> P\u0159e\u010dt\u011bte si v\u00edce<\/a><\/p>\n<\/div>\n<\/div>\n<\/section>\n<h2>Jak hr\u00e1t britskou loterii<\/h2>\n<p><img loading=\"lazy\" decoding=\"async\" class=\"alignright size-full wp-image-27482\" src=\"https:\/\/jackpotlotteryonline.com\/wp-content\/uploads\/2022\/11\/1_lottery_jackpot3.jpg\" alt=\"hr\u00e1t britskou loterii\" width=\"245\" height=\"123\" \/>Stejn\u011b jako u jin\u00fdch loteri\u00ed mus\u00edte vybrat 6 \u010d\u00edsel z osud\u00ed 1 a\u017e 49 \u010d\u00edsel. B\u011bhem losov\u00e1n\u00ed se n\u00e1hodn\u011b vyb\u00edr\u00e1 tak\u00e9 bonusov\u00e9 \u010d\u00edslo, kter\u00e9 se pou\u017eije p\u0159i ur\u010dov\u00e1n\u00ed v\u00fdhry. Toto lotto nedoporu\u010dujeme zrovna nejrad\u011bji. I kdy\u017e se tref\u00edte do vylosovan\u00fdch \u010d\u00edsel, nem\u016f\u017eeme v\u00e1m zaru\u010dit, co si odnesete dom\u016f.<\/p>\n<p>Pokud nav\u0161t\u00edv\u00edte na\u0161e str\u00e1nky, m\u016f\u017eete se p\u0159ihl\u00e1sit do jin\u00fdch her, nap\u0159\u00edklad do americk\u00fdch loteri\u00ed Powerball a Mega Millions. U t\u011bchto loteri\u00ed je minim\u00e1ln\u00ed jackpot 40 milion\u016f dolar\u016f. Existuj\u00ed i dal\u0161\u00ed evropsk\u00e9 loterie, kter\u00e9 si m\u016f\u017eete zahr\u00e1t, nap\u0159\u00edklad Euromillions a Eurojackpot.<\/p>\n<p>Podstatou hran\u00ed t\u011bchto her je vyhr\u00e1t velk\u00e9 \u010d\u00e1stky a to je n\u00e1\u0161 sen pro na\u0161e z\u00e1kazn\u00edky.<\/p>\n<h2>Losov\u00e1n\u00ed<\/h2>\n<p>Britsk\u00e1 loterie po\u0159\u00e1d\u00e1 ka\u017ed\u00fd t\u00fdden dv\u011b losov\u00e1n\u00ed, a to ve st\u0159edu a v sobotu. Kdy\u017e si tedy koup\u00edte los, m\u016f\u017eete si vybrat, zda se z\u00fa\u010dastn\u00edte jednoho losov\u00e1n\u00ed, nebo v\u00edce losov\u00e1n\u00ed. \u00da\u010dast ve v\u00edce taz\u00edch je skv\u011bl\u00fd zp\u016fsob, jak zv\u00fd\u0161it sv\u00e9 \u0161ance na v\u00fdhru.<\/p>\n<h2>V\u00fdhra v britsk\u00e9 loterii<\/h2>\n<p>K v\u00fdh\u0159e v t\u00e9to loterii by hr\u00e1\u010di pot\u0159ebovali, aby se s vylosovan\u00fdmi v\u00fdsledky shodovala alespo\u0148 t\u0159i hlavn\u00ed \u010d\u00edsla. Jackpot se obvykle pohybuje kolem 3 000 000 liber, i kdy\u017e m\u016f\u017ee b\u00fdt vy\u0161\u0161\u00ed nebo ni\u017e\u0161\u00ed. Chcete-li vyhr\u00e1t jackpot, mus\u00edte se shodovat se v\u0161emi \u0161esti vylosovan\u00fdmi \u010d\u00edsly.<\/p>\n<p>Pro tuto hru lotto existuj\u00ed i dal\u0161\u00ed rozd\u011blen\u00ed v\u00fdher, o kter\u00fdch se zm\u00edn\u00edme za chv\u00edli.<\/p>\n<p>Nezapome\u0148te, \u017ee lotto je hra n\u00e1hody a neexistuje \u017e\u00e1dn\u00fd jednozna\u010dn\u00fd zp\u016fsob, jak vyhr\u00e1t. Zat\u00edm nejlep\u0161\u00ed strategi\u00ed je koupit si v\u00edce tiket\u016f a z\u00fa\u010dastnit se v\u00edce slosov\u00e1n\u00ed. T\u00edm zv\u00fd\u0161\u00edte sv\u00e9 \u0161ance na v\u00fdhru. Plat\u00ed to pro jakoukoli hru lotto, kterou se rozhodnete hr\u00e1t.<\/p>\n<h2>Rozd\u011blen\u00ed v\u00fdher<\/h2>\n<p>To, co sd\u00edl\u00edme, je uk\u00e1zka rozd\u011blen\u00ed v\u00fdher pro konkr\u00e9tn\u00ed losov\u00e1n\u00ed britsk\u00e9 loterie. Vezm\u011bte pros\u00edm na v\u011bdom\u00ed, \u017ee ostatn\u00ed ceny jsou procentem z v\u00fdhern\u00edho fondu. To znamen\u00e1, \u017ee pokud je v\u00edce v\u00fdherc\u016f, v\u00fdhra se mezi n\u011b rozd\u011bl\u00ed.<\/p>\n<p>Divize 1: Shoda 6 &#8211; 2 000 000 liber (jackpot)<\/p>\n<p>Divize 2: Z\u00e1pas 5 + bonus &#8211; 1 000 000 GBP (jackpot).<\/p>\n<p>Divize 3: Z\u00e1pas 5 &#8211; 1 750 GBP<\/p>\n<p>Divize 4: Z\u00e1pas 4 &#8211; 140 liber<\/p>\n<p>Divize 5: Z\u00e1pas 3 &#8211; 30 liber<\/p>\n<p>Divize 6: Z\u00e1pas 2 &#8211; bezplatn\u00fd los pro \u0161t\u011bst\u00ed<\/p>\n<p>Uv\u011bdomte si, \u017ee i kdy\u017e tyto ceny vyhrajete, uveden\u00e1 \u010d\u00e1stka nen\u00ed to, co obdr\u017e\u00edte jako v\u00fdplatu. Je to proto, \u017ee p\u0159ibli\u017en\u011b 45 % prost\u0159edk\u016f loterie jde na v\u00fdhry. M\u016f\u017ee to tedy b\u00fdt m\u00e9n\u011b nebo v\u00edce v z\u00e1vislosti na tom, co je ve fondu.<\/p>\n<h2>Uplatn\u011bn\u00ed n\u00e1roku na v\u00fdhru<\/h2>\n<p>Loterijn\u00ed spole\u010dnost m\u00e1 n\u011bkolik pravidel, pokud jde o uplatn\u011bn\u00ed n\u00e1roku na v\u00fdhru.<\/p>\n<ul>\n<li>Mus\u00edte b\u00fdt star\u0161\u00ed 18 let, abyste mohli vstoupit do loterie<\/li>\n<li>O v\u00fdhry je t\u0159eba po\u017e\u00e1dat do 180 dn\u016f od losov\u00e1n\u00ed. Jedinou v\u00fdjimkou je p\u0159\u00edpad, kdy jste \u0159\u00edzen\u00ed zah\u00e1jili do 7 dn\u016f.<\/li>\n<li>Okam\u017eit\u00e9 v\u00fdhry ve hr\u00e1ch je t\u0159eba n\u00e1rokovat do 180 dn\u016f, kdy jste si zakoupili hru s okam\u017eitou v\u00fdhrou.<\/li>\n<li>Hry se st\u00edrac\u00edmi losy mus\u00ed b\u00fdt rovn\u011b\u017e reklamov\u00e1ny do 180 dn\u016f od zakoupen\u00ed st\u00edrac\u00edho losu.<\/li>\n<\/ul>\n<p>Pokud <a href=\"https:\/\/jackpotlotteryonline.com\/cs\/jak-hrat\/uk-lottery\">hrajete loterii na na\u0161ich str\u00e1nk\u00e1ch<\/a>, usnadn\u00edme v\u00e1m uplatn\u011bn\u00ed n\u00e1roku na v\u00fdhru. U v\u00fdher, kter\u00e9 \u010din\u00ed 2500 EUR nebo m\u00e9n\u011b, k nim m\u00e1te p\u0159\u00edstup p\u0159\u00edmo zde na na\u0161ich str\u00e1nk\u00e1ch. Je to proto, \u017ee loterijn\u00ed spole\u010dnost je vyplat\u00ed p\u0159\u00edmo na na\u0161e str\u00e1nky a vy si je pak m\u016f\u017eete vybrat na sv\u016fj \u00fa\u010det. Pokud je to v\u00edce ne\u017e 2500 \u20ac, budete si muset o v\u00fdhru po\u017e\u00e1dat p\u0159\u00edmo u loterijn\u00ed spole\u010dnosti. S t\u00edm v\u00e1m pom\u016f\u017eeme t\u00edm, \u017ee v\u00e1m poskytneme formul\u00e1\u0159 pro uplatn\u011bn\u00ed n\u00e1roku, kter\u00fd vypln\u00edte, tak\u017ee \u017e\u00e1dn\u00e9 starosti.<\/p>\n<h2>Jak zkontrolovat vylosovan\u00e1 \u010d\u00edsla<\/h2>\n<p><img loading=\"lazy\" decoding=\"async\" class=\"alignright size-medium wp-image-27563\" src=\"https:\/\/jackpotlotteryonline.com\/wp-content\/uploads\/2022\/11\/1_lottery_numbers_draw_results-300x201.jpg\" alt=\"vyhrajte v britsk\u00e9 loterii\" width=\"300\" height=\"201\" srcset=\"https:\/\/jackpotlotteryonline.com\/wp-content\/uploads\/2022\/11\/1_lottery_numbers_draw_results-300x201.jpg 300w, https:\/\/jackpotlotteryonline.com\/wp-content\/uploads\/2022\/11\/1_lottery_numbers_draw_results.jpg 320w\" sizes=\"auto, (max-width: 300px) 100vw, 300px\" \/>Chcete-li zjistit, zda jste vyhr\u00e1li, nebo ne, mus\u00edte si nejprve zkontrolovat vylosovan\u00e1 \u010d\u00edsla. Pokud hrajete online, m\u016f\u017eete to ud\u011blat n\u011bkolika zp\u016fsoby. Zdaleka nejefektivn\u011bj\u0161\u00ed je v\u0161ak vr\u00e1tit se sem a zkontrolovat v\u00fdsledky losov\u00e1n\u00ed. Vylosovan\u00e1 \u010d\u00edsla zve\u0159ej\u0148ujeme po ka\u017ed\u00e9m losov\u00e1n\u00ed.<\/p>\n<p>Pokud jste se u n\u00e1s zaregistrovali, po\u0161leme v\u00e1m tak\u00e9 e-mail, ve kter\u00e9m v\u00e1m ozn\u00e1m\u00edme, zda jste vyhr\u00e1li cenu. To je vlastn\u011b jedna z hlavn\u00edch v\u00fdhod hran\u00ed loterie u n\u00e1s. Krom\u011b toho, \u017ee z\u00edsk\u00e1te p\u0159\u00edstup ke spoust\u011b mezin\u00e1rodn\u00edch loteri\u00ed. Kdy\u017e hrajete s n\u00e1mi, nemus\u00edte se ob\u00e1vat, \u017ee byste o svou v\u00fdhru p\u0159i\u0161li. D\u00e1me v\u00e1m v\u011bd\u011bt, jestli jste vyhr\u00e1li n\u011bjakou cenu. Nav\u00edc, pokud je ni\u017e\u0161\u00ed ne\u017e 2500 \u20ac, bude p\u0159i p\u0159\u00ed\u0161t\u00edm p\u0159ihl\u00e1\u0161en\u00ed p\u011bkn\u011b le\u017eet na va\u0161em \u00fa\u010dtu.<\/p>\n<h2>V\u00fdhody hran\u00ed loterie s n\u00e1mi<\/h2>\n<ul>\n<li>Z\u00edsk\u00e1te p\u0159\u00edstup k nejlep\u0161\u00edm mezin\u00e1rodn\u00edm loteri\u00edm z jednoho pohodln\u00e9ho m\u00edsta<\/li>\n<li>Jsme port\u00e1l s recepc\u00ed. To znamen\u00e1, \u017ee nes\u00e1z\u00edte na v\u00fdsledek loterie. Ve skute\u010dnosti si kupujete vstup do loterie, a\u0165 u\u017e jste kdekoli<\/li>\n<li>Pomoc\u00ed na\u0161\u00ed p\u0159edplatitelsk\u00e9 slu\u017eby se m\u016f\u017eete p\u0159ihl\u00e1sit do losov\u00e1n\u00ed n\u011bkolik t\u00fddn\u016f p\u0159edem<\/li>\n<li>V\u00fdsledky losov\u00e1n\u00ed se dozv\u00edte p\u0159\u00edmo zde na na\u0161ich str\u00e1nk\u00e1ch<\/li>\n<li>Upozorn\u00edme v\u00e1s, pokud vyhrajete n\u011bjakou cenu<\/li>\n<li>V\u00fdhry si m\u016f\u017eete snadno vyplatit z na\u0161ich str\u00e1nek do sv\u00e9 banky<\/li>\n<\/ul>\n<p>Kdy\u017e hrajete loterii z na\u0161ich str\u00e1nek, m\u00e1te mnoho v\u00fdhod. Zam\u011b\u0159ujeme se na poskytov\u00e1n\u00ed co nejpohodln\u011bj\u0161\u00edch a bezprobl\u00e9mov\u00fdch slu\u017eeb pro na\u0161e z\u00e1kazn\u00edky, aby si mohli u\u017e\u00edvat lotto hry.<\/p>\n<h2>Zkontrolujte si zde sv\u00e1 v\u00fdhern\u00ed \u010d\u00edsla v lotto<\/h2>\n<p>Zm\u00ednili jsme, \u017ee poskytujeme p\u0159\u00edstup k n\u011bkolika mezin\u00e1rodn\u00edm loteri\u00edm. Nejen\u017ee si m\u016f\u017eete <a href=\"https:\/\/jackpotlotteryonline.com\/cs\/koupit-vstupenky\/uk-lottery\">koupit losy odkudkoli<\/a>, ale m\u016f\u017eete si tak\u00e9 zkontrolovat vylosovan\u00e1 \u010d\u00edsla. Bez ohledu na to, jakou loterijn\u00ed hru si vyberete, zve\u0159ejn\u00edme v\u00fdsledky p\u0159\u00edmo zde na na\u0161ich str\u00e1nk\u00e1ch.<\/p>\n<p>A co je nejlep\u0161\u00ed, pokud vyhrajete n\u011bjakou cenu, nemus\u00edte se starat o to, co se stane s va\u0161\u00ed v\u00fdhrou. Nebereme si \u017e\u00e1dn\u00e9 procento z va\u0161ich v\u00fdher; cokoli vyhrajete, je jen va\u0161e. A nav\u00edc si ji m\u016f\u017eete z na\u0161\u00ed platformy snadno vybrat.<\/p>\n<p>Skute\u010dn\u011b, hran\u00ed loteri\u00ed nikdy nebylo jednodu\u0161\u0161\u00ed a bezprobl\u00e9mov\u00e9. Pro\u010d se u n\u00e1s nezaregistrovat je\u0161t\u011b dnes a neza\u017e\u00edt pot\u011b\u0161en\u00ed z pohodln\u00e9 a nestresuj\u00edc\u00ed loterie?<\/p>\n","protected":false},"excerpt":{"rendered":"<p>Britsk\u00e1 loterie je zaj\u00edmav\u00e1 t\u00edm, \u017ee z hr\u00e1\u010d\u016f m\u016f\u017ee ud\u011blat milion\u00e1\u0159e. Zat\u00edmco mezi s\u00e1zej\u00edc\u00edmi ve Spojen\u00e9m kr\u00e1lovstv\u00ed je obl\u00edben\u00e1, mezin\u00e1rodn\u00edm s\u00e1zej\u00edc\u00edm nen\u00ed p\u0159\u00edli\u0161 zn\u00e1m\u00e1. Pokud si tedy chcete vyzkou\u0161et mezin\u00e1rodn\u00ed loterii, pro\u010d nezkusit tuto? P\u0159esto\u017ee v\u00fdhry nejsou zaru\u010deny, je snadn\u00e9 vybrat v\u00fdhern\u00ed \u010d\u00edslo. Je tu v\u0161ak jedna v\u011bc, na kterou byste si m\u011bli d\u00e1t pozor. [&hellip;]<\/p>\n","protected":false},"author":1,"featured_media":0,"parent":35816,"menu_order":10,"comment_status":"closed","ping_status":"closed","template":"lotto-uk-results.php","meta":{"_et_pb_use_builder":"","_et_pb_old_content":"","_et_gb_content_width":"","exclude_from_search":false,"footnotes":""},"class_list":["post-41079","page","type-page","status-publish","hentry"],"yoast_head":"<!-- This site is optimized with the Yoast SEO plugin v23.3 - https:\/\/yoast.com\/wordpress\/plugins\/seo\/ -->\n<title>V\u00edt\u011bzn\u00e1 \u010d\u00edsla a v\u00fdsledky losov\u00e1n\u00ed britsk\u00e9 loterie<\/title>\n<meta name=\"description\" content=\"Hned po losov\u00e1n\u00ed zde najdete v\u0161echny v\u00fdsledky a v\u00fdhern\u00ed \u010d\u00edsla loterie UK.\" \/>\n<meta name=\"robots\" content=\"index, follow, max-snippet:-1, max-image-preview:large, max-video-preview:-1\" \/>\n<link rel=\"canonical\" href=\"https:\/\/jackpotlotteryonline.com\/cs\/vyherni-cisla\/uk-lottery\/\" \/>\n<meta property=\"og:locale\" content=\"cs_CZ\" \/>\n<meta property=\"og:type\" content=\"article\" \/>\n<meta property=\"og:title\" content=\"V\u00edt\u011bzn\u00e1 \u010d\u00edsla a v\u00fdsledky losov\u00e1n\u00ed britsk\u00e9 loterie\" \/>\n<meta property=\"og:description\" content=\"Hned po losov\u00e1n\u00ed zde najdete v\u0161echny v\u00fdsledky a v\u00fdhern\u00ed \u010d\u00edsla loterie UK.\" \/>\n<meta property=\"og:url\" content=\"https:\/\/jackpotlotteryonline.com\/cs\/vyherni-cisla\/uk-lottery\/\" \/>\n<meta property=\"og:site_name\" content=\"Lotto Online - Crack The International Lottery Jackpots\" \/>\n<meta property=\"article:modified_time\" content=\"2022-12-29T08:03:47+00:00\" \/>\n<meta property=\"og:image\" content=\"https:\/\/jackpotlotteryonline.com\/wp-content\/uploads\/2022\/11\/read1.jpg\" \/>\n<meta name=\"twitter:card\" content=\"summary_large_image\" \/>\n<meta name=\"twitter:label1\" content=\"Odhadovan\u00e1 doba \u010dten\u00ed\" \/>\n\t<meta name=\"twitter:data1\" content=\"6 minut\" \/>\n<!-- \/ Yoast SEO plugin. -->","yoast_head_json":{"title":"V\u00edt\u011bzn\u00e1 \u010d\u00edsla a v\u00fdsledky losov\u00e1n\u00ed britsk\u00e9 loterie","description":"Hned po losov\u00e1n\u00ed zde najdete v\u0161echny v\u00fdsledky a v\u00fdhern\u00ed \u010d\u00edsla loterie UK.","robots":{"index":"index","follow":"follow","max-snippet":"max-snippet:-1","max-image-preview":"max-image-preview:large","max-video-preview":"max-video-preview:-1"},"canonical":"https:\/\/jackpotlotteryonline.com\/cs\/vyherni-cisla\/uk-lottery\/","og_locale":"cs_CZ","og_type":"article","og_title":"V\u00edt\u011bzn\u00e1 \u010d\u00edsla a v\u00fdsledky losov\u00e1n\u00ed britsk\u00e9 loterie","og_description":"Hned po losov\u00e1n\u00ed zde najdete v\u0161echny v\u00fdsledky a v\u00fdhern\u00ed \u010d\u00edsla loterie UK.","og_url":"https:\/\/jackpotlotteryonline.com\/cs\/vyherni-cisla\/uk-lottery\/","og_site_name":"Lotto Online - Crack The International Lottery Jackpots","article_modified_time":"2022-12-29T08:03:47+00:00","og_image":[{"url":"https:\/\/jackpotlotteryonline.com\/wp-content\/uploads\/2022\/11\/read1.jpg"}],"twitter_card":"summary_large_image","twitter_misc":{"Odhadovan\u00e1 doba \u010dten\u00ed":"6 minut"},"schema":{"@context":"https:\/\/schema.org","@graph":[{"@type":"WebPage","@id":"https:\/\/jackpotlotteryonline.com\/cs\/vyherni-cisla\/uk-lottery\/","url":"https:\/\/jackpotlotteryonline.com\/cs\/vyherni-cisla\/uk-lottery\/","name":"V\u00edt\u011bzn\u00e1 \u010d\u00edsla a v\u00fdsledky losov\u00e1n\u00ed britsk\u00e9 loterie","isPartOf":{"@id":"https:\/\/jackpotlotteryonline.com\/#website"},"primaryImageOfPage":{"@id":"https:\/\/jackpotlotteryonline.com\/cs\/vyherni-cisla\/uk-lottery\/#primaryimage"},"image":{"@id":"https:\/\/jackpotlotteryonline.com\/cs\/vyherni-cisla\/uk-lottery\/#primaryimage"},"thumbnailUrl":"https:\/\/jackpotlotteryonline.com\/wp-content\/uploads\/2022\/11\/read1.jpg","datePublished":"2022-12-08T08:17:43+00:00","dateModified":"2022-12-29T08:03:47+00:00","description":"Hned po losov\u00e1n\u00ed zde najdete v\u0161echny v\u00fdsledky a v\u00fdhern\u00ed \u010d\u00edsla loterie UK.","breadcrumb":{"@id":"https:\/\/jackpotlotteryonline.com\/cs\/vyherni-cisla\/uk-lottery\/#breadcrumb"},"inLanguage":"cs","potentialAction":[{"@type":"ReadAction","target":["https:\/\/jackpotlotteryonline.com\/cs\/vyherni-cisla\/uk-lottery\/"]}]},{"@type":"ImageObject","inLanguage":"cs","@id":"https:\/\/jackpotlotteryonline.com\/cs\/vyherni-cisla\/uk-lottery\/#primaryimage","url":"https:\/\/jackpotlotteryonline.com\/wp-content\/uploads\/2022\/11\/read1.jpg","contentUrl":"https:\/\/jackpotlotteryonline.com\/wp-content\/uploads\/2022\/11\/read1.jpg"},{"@type":"BreadcrumbList","@id":"https:\/\/jackpotlotteryonline.com\/cs\/vyherni-cisla\/uk-lottery\/#breadcrumb","itemListElement":[{"@type":"ListItem","position":1,"name":"Home","item":"https:\/\/jackpotlotteryonline.com\/cs\/"},{"@type":"ListItem","position":2,"name":"V\u00fdsledky loterie","item":"https:\/\/jackpotlotteryonline.com\/cs\/vyherni-cisla\/"},{"@type":"ListItem","position":3,"name":"UK loterie \u010derp\u00e1n\u00ed v\u00fdsledky"}]},{"@type":"WebSite","@id":"https:\/\/jackpotlotteryonline.com\/#website","url":"https:\/\/jackpotlotteryonline.com\/","name":"Lotto Online - Crack The International Lottery Jackpots","description":"","potentialAction":[{"@type":"SearchAction","target":{"@type":"EntryPoint","urlTemplate":"https:\/\/jackpotlotteryonline.com\/?s={search_term_string}"},"query-input":"required name=search_term_string"}],"inLanguage":"cs"}]}},"_links":{"self":[{"href":"https:\/\/jackpotlotteryonline.com\/cs\/wp-json\/wp\/v2\/pages\/41079","targetHints":{"allow":["GET"]}}],"collection":[{"href":"https:\/\/jackpotlotteryonline.com\/cs\/wp-json\/wp\/v2\/pages"}],"about":[{"href":"https:\/\/jackpotlotteryonline.com\/cs\/wp-json\/wp\/v2\/types\/page"}],"author":[{"embeddable":true,"href":"https:\/\/jackpotlotteryonline.com\/cs\/wp-json\/wp\/v2\/users\/1"}],"replies":[{"embeddable":true,"href":"https:\/\/jackpotlotteryonline.com\/cs\/wp-json\/wp\/v2\/comments?post=41079"}],"version-history":[{"count":0,"href":"https:\/\/jackpotlotteryonline.com\/cs\/wp-json\/wp\/v2\/pages\/41079\/revisions"}],"up":[{"embeddable":true,"href":"https:\/\/jackpotlotteryonline.com\/cs\/wp-json\/wp\/v2\/pages\/35816"}],"wp:attachment":[{"href":"https:\/\/jackpotlotteryonline.com\/cs\/wp-json\/wp\/v2\/media?parent=41079"}],"curies":[{"name":"wp","href":"https:\/\/api.w.org\/{rel}","templated":true}]}}