{"id":41131,"date":"2022-12-08T10:27:50","date_gmt":"2022-12-08T10:27:50","guid":{"rendered":"https:\/\/jackpotlotteryonline.com\/?page_id=41131"},"modified":"2022-12-29T10:14:07","modified_gmt":"2022-12-29T10:14:07","slug":"set-for-life","status":"publish","type":"page","link":"https:\/\/jackpotlotteryonline.com\/cs\/vyherni-cisla\/set-for-life\/","title":{"rendered":"V\u00fdsledky losov\u00e1n\u00ed Set for Life"},"content":{"rendered":"<p>Loterie Set for Life je britsk\u00e1 anuitn\u00ed loterie, kter\u00e1 d\u00e1v\u00e1 hr\u00e1\u010d\u016fm \u0161anci vyhr\u00e1t cenu, kter\u00e1 jim zm\u011bn\u00ed \u017eivot. \u017divot m\u011bn\u00edc\u00ed v tom smyslu, \u017ee vylosovan\u00e1 \u010d\u00edsla z\u00edskaj\u00ed ka\u017ed\u00fd m\u011bs\u00edc 10 000 liber po dobu 30 let. To je t\u00e9m\u011b\u0159 jako vyhr\u00e1t jackpot ka\u017ed\u00fd m\u011bs\u00edc po zbytek \u017eivota.<\/p>\n<p>Hr\u00e1\u010di po cel\u00e9m sv\u011bt\u011b se nyn\u00ed mohou do <a href=\"https:\/\/jackpotlotteryonline.com\/cs\/koupit-vstupenky\/set-for-life\">britsk\u00e9 anuitn\u00ed loterie zapojit zakoupen\u00edm tiket\u016f online<\/a>. Tak\u00e9 si mohou online zkontrolovat vylosovan\u00e1 \u010d\u00edsla a z\u00edskat p\u0159\u00edstup i ke sv\u00fdm v\u00fdhr\u00e1m.<\/p>\n<p>Kdy\u017e <a href=\"https:\/\/jackpotlotteryonline.com\/cs\/jak-hrat\/set-for-life\">hrajete loterii s jackpotlotteryonline.com<\/a>, m\u00e1te prakticky k dispozici jedno m\u00edsto pro v\u0161echny sv\u00e9 loterijn\u00ed pot\u0159eby. M\u016f\u017eete se soust\u0159edit na v\u00fdhru v loterii t\u00edm, \u017ee si koup\u00edte losy do nejlep\u0161\u00edch mezin\u00e1rodn\u00edch loteri\u00ed online.<\/p>\n<section class=\"layout\" style=\"border: solid 1px; width: 100%;\">\n<div class=\"img-div\" style=\"margin-top: 5px;\"><img decoding=\"async\" class=\"wp-image-17212 alignleft\" style=\"height: 45px; margin: 8px 8px 0px;\" src=\"https:\/\/jackpotlotteryonline.com\/wp-content\/uploads\/2022\/11\/read1.jpg\" alt=\"P\u0159e\u010dt\u011bte si\" width=\"\" height=\"\" \/><\/div>\n<div style=\"padding-left: 5px;\">\n<div style=\"font-size: 1.1em;\">\n<p><strong>Je leg\u00e1ln\u00ed hr\u00e1t loterie z jin\u00fdch zem\u00ed online?<\/strong><\/p>\n<p style=\"font-size: 0.85em; margin-top: -1.5em;\">Je leg\u00e1ln\u00ed z\u00edskat los online a dostanu skute\u010dn\u011b v\u00fdplatu? <a href=\"https:\/\/jackpotlotteryonline.com\/cs\/je-legalni-hrat-loterie-z-jinych-zemi-online\">P\u0159e\u010dt\u011bte si v\u00edce<\/a><\/p>\n<\/div>\n<\/div>\n<\/section>\n<h2>Pro\u010d hr\u00e1t online?<\/h2>\n<p>Za prv\u00e9, pokud ne\u017eijete ve Velk\u00e9 Brit\u00e1nii, bude pro v\u00e1s docela t\u011b\u017ek\u00e9 koupit si los do t\u00e9to loterie. V podstat\u011b jedin\u00fdm zp\u016fsobem, jak m\u016f\u017eete hr\u00e1t Set for Life mimo Spojen\u00e9 kr\u00e1lovstv\u00ed, je hr\u00e1t online. Za druh\u00e9, a\u017e uvid\u00edte, jak pohodln\u00e9 je hr\u00e1t online, nebudete cht\u00edt hr\u00e1t tuto loterii jin\u00fdm zp\u016fsobem.<\/p>\n<p><strong>Ve stru\u010dnosti uv\u00e1d\u00edme n\u011bkolik hlavn\u00edch v\u00fdhod hran\u00ed loterie online:<\/strong><img loading=\"lazy\" decoding=\"async\" class=\"alignright size-medium wp-image-27941\" src=\"https:\/\/jackpotlotteryonline.com\/wp-content\/uploads\/2022\/11\/1_lottery_winner_ticket-200x300.jpg\" alt=\"Hr\u00e1t Set pro \u017eivot\" width=\"200\" height=\"300\" srcset=\"https:\/\/jackpotlotteryonline.com\/wp-content\/uploads\/2022\/11\/1_lottery_winner_ticket-200x300.jpg 200w, https:\/\/jackpotlotteryonline.com\/wp-content\/uploads\/2022\/11\/1_lottery_winner_ticket.jpg 320w\" sizes=\"auto, (max-width: 200px) 100vw, 200px\" \/><\/p>\n<ul>\n<li>Z\u00edsk\u00e1te okam\u017eit\u00fd p\u0159\u00edstup k hran\u00ed v\u00fdhern\u00edch \u010d\u00edsel pro ka\u017ed\u00e9 losov\u00e1n\u00ed<\/li>\n<li>Sv\u00e9 vstupy si m\u016f\u017eete nastavit n\u011bkolik t\u00fddn\u016f dop\u0159edu<\/li>\n<li>Snadno si zkontrolujete vylosovan\u00e1 \u010d\u00edsla<\/li>\n<li>P\u0159\u00edstup k v\u00fdhr\u00e1m bez stresu<\/li>\n<\/ul>\n<p>Kdy\u017e hrajete loterii online, m\u00e1te mnoho v\u00fdhod. A kdy\u017e hrajete s n\u00e1mi na jackpotlotteryonline.com, za\u017eijete snadnost a pohodl\u00ed, proto\u017ee m\u00e1te loterii na dosah ruky. Jako concierge site za v\u00e1s spravujeme detaily, zat\u00edmco vy se soust\u0159ed\u00edte na snadn\u00fd v\u00fdb\u011br v\u00fdhern\u00edch \u010d\u00edsel. Je to v\u00fdhra pro v\u0161echny.<\/p>\n<h2>Jak\u00e1 jsou v\u00fdhern\u00ed \u010d\u00edsla Sady pro \u017eivot?<\/h2>\n<p>Jedin\u00fd zp\u016fsob, jak zjistit, zda m\u00e1te v\u00fdhern\u00ed \u010d\u00edsla, je v\u011bd\u011bt, jak tuto britskou loterii hr\u00e1t. Chcete-li hr\u00e1t, mus\u00edte si vybrat 5 \u010d\u00edsel z rozmez\u00ed 1 a\u017e 47 a 1 \u010d\u00edslo m\u00ed\u010de \u017eivota z rozmez\u00ed 1 a\u017e 10. Jakmile si vyberete \u010d\u00edsla, dal\u0161\u00edm krokem je p\u0159ihl\u00e1sit se do losov\u00e1n\u00ed podle vlastn\u00edho v\u00fdb\u011bru.<\/p>\n<p>Set for Life m\u00e1 dva slosovac\u00ed dny v t\u00fddnu, v pond\u011bl\u00ed a ve \u010dtvrtek. To znamen\u00e1 dv\u011b \u0161ance na v\u00fdhru v loterii. M\u016f\u017eete se samoz\u0159ejm\u011b z\u00fa\u010dastnit obou slosov\u00e1n\u00ed, proto\u017ee tak zv\u00fd\u0161\u00edte sv\u00e9 \u0161ance na v\u00fdhru v loterii.<\/p>\n<p>Po slosov\u00e1n\u00edch je t\u0159eba zkontrolovat v\u00fdsledky, abyste zjistili, zda m\u00e1te v\u00fdhern\u00ed kombinaci. Kdo m\u00e1 v\u00fdhern\u00ed \u010d\u00edsla, vyhr\u00e1v\u00e1 v loterii.<\/p>\n<h2>T\u0159i zp\u016fsoby kontroly v\u00fdsledk\u016f losov\u00e1n\u00ed<\/h2>\n<p>Existuj\u00ed t\u0159i zp\u016fsoby, jak si m\u016f\u017eete zkontrolovat v\u00fdhern\u00ed kombinaci t\u00e9to britsk\u00e9 loterie. Pokud \u017eijete ve Velk\u00e9 Brit\u00e1nii, m\u016f\u017eete snadno sledovat \u017eiv\u00e9 losov\u00e1n\u00ed v televizi. Pokud v\u0161ak v t\u00e9 dob\u011b pracujete nebo m\u00e1te jinou funkci, pak to pro v\u00e1s nebude fungovat.<\/p>\n<p>Dal\u0161\u00ed mo\u017enost\u00ed je pod\u00edvat se na v\u00fdsledky losov\u00e1n\u00ed online. V\u00fdsledky, zejm\u00e9na v\u00fdhern\u00ed kombinaci pro jackpot, zve\u0159ej\u0148uj\u00ed r\u016fzn\u00e9 internetov\u00e9 str\u00e1nky. Vzhledem k tomu, \u017ee v loterii existuj\u00ed i dal\u0161\u00ed v\u00fdhern\u00ed kategorie, mohou v\u00e1s samoz\u0159ejm\u011b zaj\u00edmat i jin\u00e9 v\u00fdhern\u00ed kombinace ne\u017e jackpot.<\/p>\n<p>Nejlep\u0161\u00ed zp\u016fsob, jak zkontrolovat v\u00fdsledky losov\u00e1n\u00ed, je vr\u00e1tit se na tuto str\u00e1nku po ka\u017ed\u00e9m losov\u00e1n\u00ed. V\u00fdsledky losov\u00e1n\u00ed zve\u0159ej\u0148ujeme pr\u00e1v\u011b zde a v\u011bnujeme \u010das tomu, abychom uk\u00e1zali v\u00fdhern\u00ed kombinace v ka\u017ed\u00e9 v\u00fdhern\u00ed \u00farovni. Nav\u00edc, pokud jste si u n\u00e1s zakoupili tiket, za\u0161leme v\u00e1m e-mail, pokud m\u00e1te v\u00fdhern\u00ed tiket.<\/p>\n<h2>V\u00fdhern\u00ed kategorie programu Set for Life<\/h2>\n<p>Hlavn\u00ed v\u00fdhrou t\u00e9to britsk\u00e9 loterie je \u00fa\u017easn\u00fdch 10 000 liber ka\u017ed\u00fd m\u011bs\u00edc po dobu n\u00e1sleduj\u00edc\u00edch 30 let. P\u0159edstavte si, \u017ee byste takovou \u010d\u00e1stku vyhr\u00e1vali ka\u017ed\u00fd m\u011bs\u00edc po dobu 30 let. S takovou v\u00fdhrou je snadn\u00e9 pochopit, pro\u010d s\u00e1zej\u00edc\u00ed po cel\u00e9m sv\u011bt\u011b tou\u017e\u00ed z\u00edskat v\u00fdhern\u00ed kombinaci t\u00e9to loterie.<\/p>\n<p>Krom\u011b v\u00fdhry prvn\u00ed ceny existuj\u00ed i dal\u0161\u00ed zaj\u00edmav\u00e9 ceny, kter\u00e9 mohou hr\u00e1\u010di v t\u00e9to loterii vyhr\u00e1t. Zde jsou v\u00fdhern\u00ed kategorie.<\/p>\n<p>Kategorie 1: Shoda 5 + m\u00ed\u010d \u017eivota &#8211; 10 000 liber ka\u017ed\u00fd m\u011bs\u00edc po dobu 30 let.<\/p>\n<p>Kategorie 2: pouze Shoda 5 &#8211; 10 000 liber ka\u017ed\u00fd m\u011bs\u00edc po dobu 1 roku<\/p>\n<p>Kategorie 3: Shoda 4 + LIfe Ball &#8211; 250 GBP<\/p>\n<p>Kategorie 4: Pouze Match 4 &#8211; 50 liber<\/p>\n<p>Kategorie 5: Shoda 3 + Life Ball &#8211; 30 GBP<\/p>\n<p>Kategorie 6: Pouze z\u00e1pas 3 &#8211; 20 liber<\/p>\n<p>Kategorie 7: Z\u00e1pas 2 + m\u00ed\u010d \u017eivota &#8211; 10 GBP<\/p>\n<p>Kategorie 8: pouze z\u00e1pas 2 &#8211; 5 liber<\/p>\n<h2>V\u00fdb\u011br v\u00fdhry<\/h2>\n<p>Zm\u00ednili jsme, \u017ee v\u00e1s o v\u00fdh\u0159e informujeme e-mailem a prost\u0159ednictv\u00edm va\u0161eho \u00fa\u010dtu. Jak si ale m\u016f\u017eete vybrat v\u00fdhru, kdy\u017e \u017eijete mimo Velkou Brit\u00e1nii? To je ot\u00e1zka, kter\u00e1 tr\u00e1p\u00ed mnoho s\u00e1zej\u00edc\u00edch. Nu\u017ee, jsme zde, abychom v\u00e1s uklidnili ohledn\u011b va\u0161ich v\u00fdher.<\/p>\n<p>Kdy\u017e se u n\u00e1s zaregistrujete a zakoup\u00edte si u n\u00e1s losy, cel\u00fd proces pro v\u00e1s zjednodu\u0161\u00edme. Jako port\u00e1l concierge jsme vytvo\u0159ili bezprobl\u00e9mov\u00fd proces, d\u00edky kter\u00e9mu si m\u016f\u017eete snadno vybrat sv\u00e9 v\u00fdhry. U v\u00fdher, kter\u00e9 jsou ni\u017e\u0161\u00ed ne\u017e 2 500 eur, sta\u010d\u00ed, kdy\u017e si z na\u0161ich str\u00e1nek vyberete pen\u00edze na sv\u016fj \u00fa\u010det.<\/p>\n<p>Pokud jste vyhr\u00e1li v\u00fdhru, kter\u00e1 je vy\u0161\u0161\u00ed ne\u017e tato \u010d\u00e1stka, poskytneme v\u00e1m formul\u00e1\u0159 pro uplatn\u011bn\u00ed n\u00e1roku. T\u00edmto zp\u016fsobem si m\u016f\u017eete vyzvednout svou v\u00fdhru p\u0159\u00edmo u loterijn\u00ed spole\u010dnosti. Proto se pus\u0165te do n\u00e1kupu losu je\u0161t\u011b dnes a z\u00edskejte \u0161anci na v\u00fdhern\u00ed kombinaci.<\/p>\n","protected":false},"excerpt":{"rendered":"<p>Loterie Set for Life je britsk\u00e1 anuitn\u00ed loterie, kter\u00e1 d\u00e1v\u00e1 hr\u00e1\u010d\u016fm \u0161anci vyhr\u00e1t cenu, kter\u00e1 jim zm\u011bn\u00ed \u017eivot. \u017divot m\u011bn\u00edc\u00ed v tom smyslu, \u017ee vylosovan\u00e1 \u010d\u00edsla z\u00edskaj\u00ed ka\u017ed\u00fd m\u011bs\u00edc 10 000 liber po dobu 30 let. To je t\u00e9m\u011b\u0159 jako vyhr\u00e1t jackpot ka\u017ed\u00fd m\u011bs\u00edc po zbytek \u017eivota. Hr\u00e1\u010di po cel\u00e9m sv\u011bt\u011b se nyn\u00ed mohou do [&hellip;]<\/p>\n","protected":false},"author":1,"featured_media":0,"parent":35816,"menu_order":11,"comment_status":"closed","ping_status":"closed","template":"set-for-life-results.php","meta":{"_et_pb_use_builder":"","_et_pb_old_content":"","_et_gb_content_width":"","exclude_from_search":false,"footnotes":""},"class_list":["post-41131","page","type-page","status-publish","hentry"],"yoast_head":"<!-- This site is optimized with the Yoast SEO plugin v23.3 - https:\/\/yoast.com\/wordpress\/plugins\/seo\/ -->\n<title>V\u00edt\u011bzn\u00e1 \u010d\u00edsla a v\u00fdsledky losov\u00e1n\u00ed Sady pro \u017eivot<\/title>\n<meta name=\"description\" content=\"V\u00fdsledky losov\u00e1n\u00ed loterie Set pro \u017eivot, stejn\u011b jako v\u00fdhern\u00ed \u010d\u00edsla zde na Jackpotlotteryonline.com.\" \/>\n<meta name=\"robots\" content=\"index, follow, max-snippet:-1, max-image-preview:large, max-video-preview:-1\" \/>\n<link rel=\"canonical\" href=\"https:\/\/jackpotlotteryonline.com\/cs\/vyherni-cisla\/set-for-life\/\" \/>\n<meta property=\"og:locale\" content=\"cs_CZ\" \/>\n<meta property=\"og:type\" content=\"article\" \/>\n<meta property=\"og:title\" content=\"V\u00edt\u011bzn\u00e1 \u010d\u00edsla a v\u00fdsledky losov\u00e1n\u00ed Sady pro \u017eivot\" \/>\n<meta property=\"og:description\" content=\"V\u00fdsledky losov\u00e1n\u00ed loterie Set pro \u017eivot, stejn\u011b jako v\u00fdhern\u00ed \u010d\u00edsla zde na Jackpotlotteryonline.com.\" \/>\n<meta property=\"og:url\" content=\"https:\/\/jackpotlotteryonline.com\/cs\/vyherni-cisla\/set-for-life\/\" \/>\n<meta property=\"og:site_name\" content=\"Lotto Online - Crack The International Lottery Jackpots\" \/>\n<meta property=\"article:modified_time\" content=\"2022-12-29T10:14:07+00:00\" \/>\n<meta property=\"og:image\" content=\"https:\/\/jackpotlotteryonline.com\/wp-content\/uploads\/2022\/11\/read1.jpg\" \/>\n<meta name=\"twitter:card\" content=\"summary_large_image\" \/>\n<meta name=\"twitter:label1\" content=\"Odhadovan\u00e1 doba \u010dten\u00ed\" \/>\n\t<meta name=\"twitter:data1\" content=\"4 minuty\" \/>\n<!-- \/ Yoast SEO plugin. -->","yoast_head_json":{"title":"V\u00edt\u011bzn\u00e1 \u010d\u00edsla a v\u00fdsledky losov\u00e1n\u00ed Sady pro \u017eivot","description":"V\u00fdsledky losov\u00e1n\u00ed loterie Set pro \u017eivot, stejn\u011b jako v\u00fdhern\u00ed \u010d\u00edsla zde na Jackpotlotteryonline.com.","robots":{"index":"index","follow":"follow","max-snippet":"max-snippet:-1","max-image-preview":"max-image-preview:large","max-video-preview":"max-video-preview:-1"},"canonical":"https:\/\/jackpotlotteryonline.com\/cs\/vyherni-cisla\/set-for-life\/","og_locale":"cs_CZ","og_type":"article","og_title":"V\u00edt\u011bzn\u00e1 \u010d\u00edsla a v\u00fdsledky losov\u00e1n\u00ed Sady pro \u017eivot","og_description":"V\u00fdsledky losov\u00e1n\u00ed loterie Set pro \u017eivot, stejn\u011b jako v\u00fdhern\u00ed \u010d\u00edsla zde na Jackpotlotteryonline.com.","og_url":"https:\/\/jackpotlotteryonline.com\/cs\/vyherni-cisla\/set-for-life\/","og_site_name":"Lotto Online - Crack The International Lottery Jackpots","article_modified_time":"2022-12-29T10:14:07+00:00","og_image":[{"url":"https:\/\/jackpotlotteryonline.com\/wp-content\/uploads\/2022\/11\/read1.jpg"}],"twitter_card":"summary_large_image","twitter_misc":{"Odhadovan\u00e1 doba \u010dten\u00ed":"4 minuty"},"schema":{"@context":"https:\/\/schema.org","@graph":[{"@type":"WebPage","@id":"https:\/\/jackpotlotteryonline.com\/cs\/vyherni-cisla\/set-for-life\/","url":"https:\/\/jackpotlotteryonline.com\/cs\/vyherni-cisla\/set-for-life\/","name":"V\u00edt\u011bzn\u00e1 \u010d\u00edsla a v\u00fdsledky losov\u00e1n\u00ed Sady pro \u017eivot","isPartOf":{"@id":"https:\/\/jackpotlotteryonline.com\/#website"},"primaryImageOfPage":{"@id":"https:\/\/jackpotlotteryonline.com\/cs\/vyherni-cisla\/set-for-life\/#primaryimage"},"image":{"@id":"https:\/\/jackpotlotteryonline.com\/cs\/vyherni-cisla\/set-for-life\/#primaryimage"},"thumbnailUrl":"https:\/\/jackpotlotteryonline.com\/wp-content\/uploads\/2022\/11\/read1.jpg","datePublished":"2022-12-08T10:27:50+00:00","dateModified":"2022-12-29T10:14:07+00:00","description":"V\u00fdsledky losov\u00e1n\u00ed loterie Set pro \u017eivot, stejn\u011b jako v\u00fdhern\u00ed \u010d\u00edsla zde na Jackpotlotteryonline.com.","breadcrumb":{"@id":"https:\/\/jackpotlotteryonline.com\/cs\/vyherni-cisla\/set-for-life\/#breadcrumb"},"inLanguage":"cs","potentialAction":[{"@type":"ReadAction","target":["https:\/\/jackpotlotteryonline.com\/cs\/vyherni-cisla\/set-for-life\/"]}]},{"@type":"ImageObject","inLanguage":"cs","@id":"https:\/\/jackpotlotteryonline.com\/cs\/vyherni-cisla\/set-for-life\/#primaryimage","url":"https:\/\/jackpotlotteryonline.com\/wp-content\/uploads\/2022\/11\/read1.jpg","contentUrl":"https:\/\/jackpotlotteryonline.com\/wp-content\/uploads\/2022\/11\/read1.jpg"},{"@type":"BreadcrumbList","@id":"https:\/\/jackpotlotteryonline.com\/cs\/vyherni-cisla\/set-for-life\/#breadcrumb","itemListElement":[{"@type":"ListItem","position":1,"name":"Home","item":"https:\/\/jackpotlotteryonline.com\/cs\/"},{"@type":"ListItem","position":2,"name":"V\u00fdsledky loterie","item":"https:\/\/jackpotlotteryonline.com\/cs\/vyherni-cisla\/"},{"@type":"ListItem","position":3,"name":"V\u00fdsledky losov\u00e1n\u00ed Set for Life"}]},{"@type":"WebSite","@id":"https:\/\/jackpotlotteryonline.com\/#website","url":"https:\/\/jackpotlotteryonline.com\/","name":"Lotto Online - Crack The International Lottery Jackpots","description":"","potentialAction":[{"@type":"SearchAction","target":{"@type":"EntryPoint","urlTemplate":"https:\/\/jackpotlotteryonline.com\/?s={search_term_string}"},"query-input":"required name=search_term_string"}],"inLanguage":"cs"}]}},"_links":{"self":[{"href":"https:\/\/jackpotlotteryonline.com\/cs\/wp-json\/wp\/v2\/pages\/41131","targetHints":{"allow":["GET"]}}],"collection":[{"href":"https:\/\/jackpotlotteryonline.com\/cs\/wp-json\/wp\/v2\/pages"}],"about":[{"href":"https:\/\/jackpotlotteryonline.com\/cs\/wp-json\/wp\/v2\/types\/page"}],"author":[{"embeddable":true,"href":"https:\/\/jackpotlotteryonline.com\/cs\/wp-json\/wp\/v2\/users\/1"}],"replies":[{"embeddable":true,"href":"https:\/\/jackpotlotteryonline.com\/cs\/wp-json\/wp\/v2\/comments?post=41131"}],"version-history":[{"count":0,"href":"https:\/\/jackpotlotteryonline.com\/cs\/wp-json\/wp\/v2\/pages\/41131\/revisions"}],"up":[{"embeddable":true,"href":"https:\/\/jackpotlotteryonline.com\/cs\/wp-json\/wp\/v2\/pages\/35816"}],"wp:attachment":[{"href":"https:\/\/jackpotlotteryonline.com\/cs\/wp-json\/wp\/v2\/media?parent=41131"}],"curies":[{"name":"wp","href":"https:\/\/api.w.org\/{rel}","templated":true}]}}