{"id":41185,"date":"2022-12-08T13:05:29","date_gmt":"2022-12-08T13:05:29","guid":{"rendered":"https:\/\/jackpotlotteryonline.com\/?page_id=41185"},"modified":"2022-12-29T19:32:02","modified_gmt":"2022-12-29T19:32:02","slug":"mega-sena","status":"publish","type":"page","link":"https:\/\/jackpotlotteryonline.com\/cs\/vyherni-cisla\/mega-sena\/","title":{"rendered":"Mega-Sena loterie \u010derp\u00e1n\u00ed v\u00fdsledky"},"content":{"rendered":"<p>Hr\u00e1\u010di na cel\u00e9m sv\u011bt\u011b si nyn\u00ed mohou zakoupit losy loterie Mega-Sena. A nejen to, po zahr\u00e1n\u00ed loterie si m\u016f\u017eete online zkontrolovat v\u00fdhern\u00ed \u010d\u00edsla Mega-Seny. Nezbytnou sou\u010d\u00e1st\u00ed hran\u00ed loterie je kontrola v\u00fdsledk\u016f losov\u00e1n\u00ed, abyste nep\u0159i\u0161li o \u017e\u00e1dnou v\u00fdhru. Existuje n\u011bkolik zp\u016fsob\u016f, jak zkontrolovat v\u00fdhern\u00ed \u010d\u00edsla brazilsk\u00e9 loterie, a k tomu se dostaneme za chv\u00edli.<\/p>\n<p>Pokud v\u0161ak sp\u011bch\u00e1te, abyste se dozv\u011bd\u011bli v\u00fdsledky posledn\u00edho losov\u00e1n\u00ed, m\u016f\u017eete nav\u0161t\u00edvit web jackpotlotteryonline.com, kde z\u00edsk\u00e1te p\u0159\u00edstup k nejlep\u0161\u00edm mezin\u00e1rodn\u00edm loteri\u00edm.<\/p>\n<section class=\"layout\" style=\"border: solid 1px; width: 100%;\">\n<div class=\"img-div\" style=\"margin-top: 5px;\"><img decoding=\"async\" class=\"wp-image-17212 alignleft\" style=\"height: 45px; margin: 8px 8px 0px;\" src=\"https:\/\/jackpotlotteryonline.com\/wp-content\/uploads\/2022\/11\/read1.jpg\" alt=\"P\u0159e\u010dt\u011bte si\" width=\"\" height=\"\" \/><\/div>\n<div style=\"padding-left: 5px;\">\n<div style=\"font-size: 1.1em;\">\n<p><strong>Evropsk\u00e9 loterie<\/strong><\/p>\n<p style=\"font-size: 0.85em; margin-top: -1.5em;\">Kter\u00e9 evropsk\u00e9 loterie jsou nejlep\u0161\u00ed? <a href=\"https:\/\/jackpotlotteryonline.com\/cs\/ktere-evropske-loterie-jsou-nejlepsi\">P\u0159e\u010dt\u011bte si v\u00edce<\/a><\/p>\n<\/div>\n<\/div>\n<\/section>\n<h2>Z\u00e1klady loterie Mega-Sena<\/h2>\n<p>Loterie Mega-Sena se sv\u00fdm zp\u016fsobem hry podob\u00e1 ka\u017ed\u00e9 jin\u00e9 loterii. Jednodu\u0161e mus\u00edte vybrat \u010d\u00edsla z ur\u010dit\u00e9ho rozsahu. V p\u0159\u00edpad\u011b brazilsk\u00e9 loterie vyb\u00edr\u00e1te 6 \u010d\u00edsel z rozmez\u00ed 1 a\u017e 60. A to je v\u0161e. \u017d\u00e1dn\u00e1 dal\u0161\u00ed nebo bonusov\u00e1 \u010d\u00edsla, pouze \u0161estka pro tuto loterii.<\/p>\n<p>Jakmile si vyberete po\u017eadovan\u00e9 \u010d\u00edslice, dal\u0161\u00edm krokem je p\u0159ihl\u00e1\u0161en\u00ed do slosov\u00e1n\u00ed. Mega-Sena m\u00e1 dv\u011b losov\u00e1n\u00ed t\u00fddn\u011b, ve st\u0159edu a ve \u010dtvrtek.<\/p>\n<h2>V\u00edt\u011bzn\u00e1 \u010d\u00edsla Mega-Sena<\/h2>\n<p><img loading=\"lazy\" decoding=\"async\" class=\"size-full wp-image-29102 alignright\" src=\"https:\/\/jackpotlotteryonline.com\/wp-content\/uploads\/2022\/11\/1_play_lottery_international.jpg\" alt=\"V\u00edt\u011bzn\u00e1 \u010d\u00edsla loterie Mega-Sena\" width=\"205\" height=\"147\" \/>Jak vyb\u00edr\u00e1te v\u00fdhern\u00ed \u010d\u00edsla Mega-Seny? R\u016fzn\u00ed hr\u00e1\u010di maj\u00ed r\u016fzn\u00e9 zp\u016fsoby v\u00fdb\u011bru, kter\u00e9 jim vyhovuj\u00ed. Sv\u00e1 v\u00fdhern\u00ed \u010d\u00edsla m\u016f\u017eete vyb\u00edrat podle dat, kter\u00e1 jsou pro v\u00e1s v\u00fdjime\u010dn\u00e1. Pokud m\u00e1te \u0161\u0165astn\u00e1 data nebo \u010d\u00edslice, mohou v\u00e1m pomoci p\u0159i v\u00fdb\u011bru \u010d\u00edsla.<\/p>\n<p>Pokud nem\u00e1te na mysli \u017e\u00e1dn\u00e9 speci\u00e1ln\u00ed \u010d\u00edslo, ned\u011blejte si s t\u00edm starosti. Kdy\u017e s n\u00e1mi <a href=\"https:\/\/jackpotlotteryonline.com\/cs\/jak-hrat\/mega-sena-2\">hrajete Mega-Senu<\/a>, m\u016f\u017eete k v\u00fdb\u011bru n\u00e1hodn\u00fdch \u010d\u00edsel pou\u017e\u00edt n\u00e1\u0161 automatick\u00fd gener\u00e1tor. Nakonec je d\u016fle\u017eit\u00e9 si uv\u011bdomit, \u017ee loterie je hra n\u00e1hody. Jedin\u00fd skute\u010dn\u00fd zp\u016fsob, jak zv\u00fd\u0161it sv\u00e9 \u0161ance na v\u00fdhru, je koupit si v\u00edce tiket\u016f a z\u00fa\u010dastnit se v\u00edce slosov\u00e1n\u00ed.<\/p>\n<p>Loterii m\u016f\u017eete hr\u00e1t online na na\u0161\u00ed str\u00e1nce pro Mega-Sena. Usnadn\u00edme v\u00e1m \u00fa\u010dast v jednom losov\u00e1n\u00ed nebo ve v\u00edce losov\u00e1n\u00edch. Na jednom tiketu si m\u016f\u017eete zakoupit i n\u011bkolik \u0159\u00e1dk\u016f, \u010d\u00edm\u017e z\u00edsk\u00e1te v\u00edce vstup\u016f do loterie.<\/p>\n<h2>Ceny Mega-Sena<\/h2>\n<p>Loterie Mega-Sena m\u00e1 garantovan\u00fd po\u010d\u00e1te\u010dn\u00ed jackpot 3 miliony brazilsk\u00fdch real\u016f. To je p\u0159ibli\u017en\u011b 549 467,87 eur. Pokud v\u0161ak po losov\u00e1n\u00ed nen\u00ed \u017e\u00e1dn\u00fd v\u00fdherce, jackpot se p\u0159ev\u00e1d\u00ed do dal\u0161\u00edho losov\u00e1n\u00ed. V\u00fd\u0161e jackpotu tak m\u016f\u017ee nar\u016fst o pom\u011brn\u011b velkou \u010d\u00e1stku, co\u017e z n\u00ed d\u011bl\u00e1 sladkou nab\u00eddku pro s\u00e1zej\u00edc\u00ed v\u0161ude na sv\u011bt\u011b.<\/p>\n<p>\u0160ance na v\u00fdhru v Mega-Sen\u011b je nav\u00edc 1 ku 50 milion\u016fm. Kdy\u017e to porovn\u00e1te s ostatn\u00edmi \u0161pi\u010dkov\u00fdmi mezin\u00e1rodn\u00edmi loteriemi, je jasn\u00e9, pro\u010d je brazilsk\u00e1 loterie mezi s\u00e1zej\u00edc\u00edmi obl\u00edben\u00e1.<\/p>\n<p>Brazilsk\u00e1 loterie se od ostatn\u00edch loteri\u00ed li\u0161\u00ed tak\u00e9 t\u00edm, \u017ee nab\u00edz\u00ed pouze 3 v\u00fdhern\u00ed kategorie v\u010detn\u011b jackpotu. V\u00fdhra v loterii tedy znamen\u00e1, \u017ee m\u016f\u017eete vyhr\u00e1t n\u011bkterou z n\u00e1sleduj\u00edc\u00edch cen.<\/p>\n<p>Jackpot &#8211; Sena: Shoda 6 &#8211; 35 % v\u00fdhern\u00edho fondu<\/p>\n<p>T\u0159\u00edda 2 &#8211; Quina: Shoda 5 &#8211; 19 % v\u00fdhern\u00edho fondu<\/p>\n<p>\u00darove\u0148 3 &#8211; Quadra: Z\u00e1pas 4 &#8211; 19 % v\u00fdhern\u00edho fondu.<\/p>\n<h2>P\u0159evzet\u00ed v\u00fdhry<\/h2>\n<p>Dal\u0161\u00edm krokem je vyzvednut\u00ed v\u00fdhry, kterou jste z\u00edskali p\u0159i vstupu do loterie. Zp\u016fsob vyzvednut\u00ed v\u00fdhry z\u00e1vis\u00ed na tom, kde jste si tiket zakoupili. P\u0159i hran\u00ed loterie online je d\u016fle\u017eit\u00e9, abyste si tiket koupili na str\u00e1nk\u00e1ch, kter\u00e9 v\u00e1m d\u00e1vaj\u00ed \u0161anci na v\u00fdhru v loterii. N\u011bkter\u00e9 str\u00e1nky umo\u017e\u0148uj\u00ed s\u00e1zet pouze na v\u00fdsledek loterie.<\/p>\n<p>Kdy\u017e si <a href=\"https:\/\/jackpotlotteryonline.com\/cs\/koupit-vstupenky\/mega-sena\">koup\u00edte los u n\u00e1s<\/a>, z\u00edsk\u00e1te p\u0159\u00edstup k loterii. To proto, \u017ee n\u00e1\u0161 agent v Braz\u00edlii koup\u00ed fyzick\u00e9 losy s va\u0161imi odpov\u00eddaj\u00edc\u00edmi \u010d\u00edsly. D\u00edky tomu m\u00e1te \u0161anci na v\u00fdhru v loterii.<\/p>\n<p>Pokud tedy vyhrajete n\u011bjakou cenu, sta\u010d\u00ed si jen vybrat v\u00fdhru z na\u0161ich str\u00e1nek na sv\u016fj \u00fa\u010det. Je to tak jednoduch\u00e9. Nav\u0161tivte na\u0161e podm\u00ednky a zjist\u011bte, jak si m\u016f\u017eete nechat vyplatit sv\u00e1 v\u00fdhern\u00ed \u010d\u00edsla Mega-Seny.<\/p>\n","protected":false},"excerpt":{"rendered":"<p>Hr\u00e1\u010di na cel\u00e9m sv\u011bt\u011b si nyn\u00ed mohou zakoupit losy loterie Mega-Sena. A nejen to, po zahr\u00e1n\u00ed loterie si m\u016f\u017eete online zkontrolovat v\u00fdhern\u00ed \u010d\u00edsla Mega-Seny. Nezbytnou sou\u010d\u00e1st\u00ed hran\u00ed loterie je kontrola v\u00fdsledk\u016f losov\u00e1n\u00ed, abyste nep\u0159i\u0161li o \u017e\u00e1dnou v\u00fdhru. Existuje n\u011bkolik zp\u016fsob\u016f, jak zkontrolovat v\u00fdhern\u00ed \u010d\u00edsla brazilsk\u00e9 loterie, a k tomu se dostaneme za chv\u00edli. Pokud v\u0161ak [&hellip;]<\/p>\n","protected":false},"author":1,"featured_media":0,"parent":35816,"menu_order":14,"comment_status":"closed","ping_status":"closed","template":"megasena-results.php","meta":{"_et_pb_use_builder":"","_et_pb_old_content":"","_et_gb_content_width":"","exclude_from_search":false,"footnotes":""},"class_list":["post-41185","page","type-page","status-publish","hentry"],"yoast_head":"<!-- This site is optimized with the Yoast SEO plugin v23.3 - https:\/\/yoast.com\/wordpress\/plugins\/seo\/ -->\n<title>V\u00fdsledky losov\u00e1n\u00ed loterie Mega-Sena a v\u00fdhern\u00ed \u010d\u00edsla<\/title>\n<meta name=\"description\" content=\"V\u00fdsledky loterie Mega-Sena v Braz\u00edlii se t\u011b\u017eko hledaj\u00ed - na na\u0161ich webov\u00fdch str\u00e1nk\u00e1ch uv\u00e1d\u00edme dne\u0161n\u00ed a v\u010derej\u0161\u00ed vylosovan\u00e1 \u010d\u00edsla a v\u00fdsledky losov\u00e1n\u00ed.\" \/>\n<meta name=\"robots\" content=\"index, follow, max-snippet:-1, max-image-preview:large, max-video-preview:-1\" \/>\n<link rel=\"canonical\" href=\"https:\/\/jackpotlotteryonline.com\/cs\/vyherni-cisla\/mega-sena\/\" \/>\n<meta property=\"og:locale\" content=\"cs_CZ\" \/>\n<meta property=\"og:type\" content=\"article\" \/>\n<meta property=\"og:title\" content=\"V\u00fdsledky losov\u00e1n\u00ed loterie Mega-Sena a v\u00fdhern\u00ed \u010d\u00edsla\" \/>\n<meta property=\"og:description\" content=\"V\u00fdsledky loterie Mega-Sena v Braz\u00edlii se t\u011b\u017eko hledaj\u00ed - na na\u0161ich webov\u00fdch str\u00e1nk\u00e1ch uv\u00e1d\u00edme dne\u0161n\u00ed a v\u010derej\u0161\u00ed vylosovan\u00e1 \u010d\u00edsla a v\u00fdsledky losov\u00e1n\u00ed.\" \/>\n<meta property=\"og:url\" content=\"https:\/\/jackpotlotteryonline.com\/cs\/vyherni-cisla\/mega-sena\/\" \/>\n<meta property=\"og:site_name\" content=\"Lotto Online - Crack The International Lottery Jackpots\" \/>\n<meta property=\"article:modified_time\" content=\"2022-12-29T19:32:02+00:00\" \/>\n<meta property=\"og:image\" content=\"https:\/\/jackpotlotteryonline.com\/wp-content\/uploads\/2022\/11\/read1.jpg\" \/>\n<meta name=\"twitter:card\" content=\"summary_large_image\" \/>\n<meta name=\"twitter:label1\" content=\"Odhadovan\u00e1 doba \u010dten\u00ed\" \/>\n\t<meta name=\"twitter:data1\" content=\"3 minuty\" \/>\n<!-- \/ Yoast SEO plugin. -->","yoast_head_json":{"title":"V\u00fdsledky losov\u00e1n\u00ed loterie Mega-Sena a v\u00fdhern\u00ed \u010d\u00edsla","description":"V\u00fdsledky loterie Mega-Sena v Braz\u00edlii se t\u011b\u017eko hledaj\u00ed - na na\u0161ich webov\u00fdch str\u00e1nk\u00e1ch uv\u00e1d\u00edme dne\u0161n\u00ed a v\u010derej\u0161\u00ed vylosovan\u00e1 \u010d\u00edsla a v\u00fdsledky losov\u00e1n\u00ed.","robots":{"index":"index","follow":"follow","max-snippet":"max-snippet:-1","max-image-preview":"max-image-preview:large","max-video-preview":"max-video-preview:-1"},"canonical":"https:\/\/jackpotlotteryonline.com\/cs\/vyherni-cisla\/mega-sena\/","og_locale":"cs_CZ","og_type":"article","og_title":"V\u00fdsledky losov\u00e1n\u00ed loterie Mega-Sena a v\u00fdhern\u00ed \u010d\u00edsla","og_description":"V\u00fdsledky loterie Mega-Sena v Braz\u00edlii se t\u011b\u017eko hledaj\u00ed - na na\u0161ich webov\u00fdch str\u00e1nk\u00e1ch uv\u00e1d\u00edme dne\u0161n\u00ed a v\u010derej\u0161\u00ed vylosovan\u00e1 \u010d\u00edsla a v\u00fdsledky losov\u00e1n\u00ed.","og_url":"https:\/\/jackpotlotteryonline.com\/cs\/vyherni-cisla\/mega-sena\/","og_site_name":"Lotto Online - Crack The International Lottery Jackpots","article_modified_time":"2022-12-29T19:32:02+00:00","og_image":[{"url":"https:\/\/jackpotlotteryonline.com\/wp-content\/uploads\/2022\/11\/read1.jpg"}],"twitter_card":"summary_large_image","twitter_misc":{"Odhadovan\u00e1 doba \u010dten\u00ed":"3 minuty"},"schema":{"@context":"https:\/\/schema.org","@graph":[{"@type":"WebPage","@id":"https:\/\/jackpotlotteryonline.com\/cs\/vyherni-cisla\/mega-sena\/","url":"https:\/\/jackpotlotteryonline.com\/cs\/vyherni-cisla\/mega-sena\/","name":"V\u00fdsledky losov\u00e1n\u00ed loterie Mega-Sena a v\u00fdhern\u00ed \u010d\u00edsla","isPartOf":{"@id":"https:\/\/jackpotlotteryonline.com\/#website"},"primaryImageOfPage":{"@id":"https:\/\/jackpotlotteryonline.com\/cs\/vyherni-cisla\/mega-sena\/#primaryimage"},"image":{"@id":"https:\/\/jackpotlotteryonline.com\/cs\/vyherni-cisla\/mega-sena\/#primaryimage"},"thumbnailUrl":"https:\/\/jackpotlotteryonline.com\/wp-content\/uploads\/2022\/11\/read1.jpg","datePublished":"2022-12-08T13:05:29+00:00","dateModified":"2022-12-29T19:32:02+00:00","description":"V\u00fdsledky loterie Mega-Sena v Braz\u00edlii se t\u011b\u017eko hledaj\u00ed - na na\u0161ich webov\u00fdch str\u00e1nk\u00e1ch uv\u00e1d\u00edme dne\u0161n\u00ed a v\u010derej\u0161\u00ed vylosovan\u00e1 \u010d\u00edsla a v\u00fdsledky losov\u00e1n\u00ed.","breadcrumb":{"@id":"https:\/\/jackpotlotteryonline.com\/cs\/vyherni-cisla\/mega-sena\/#breadcrumb"},"inLanguage":"cs","potentialAction":[{"@type":"ReadAction","target":["https:\/\/jackpotlotteryonline.com\/cs\/vyherni-cisla\/mega-sena\/"]}]},{"@type":"ImageObject","inLanguage":"cs","@id":"https:\/\/jackpotlotteryonline.com\/cs\/vyherni-cisla\/mega-sena\/#primaryimage","url":"https:\/\/jackpotlotteryonline.com\/wp-content\/uploads\/2022\/11\/read1.jpg","contentUrl":"https:\/\/jackpotlotteryonline.com\/wp-content\/uploads\/2022\/11\/read1.jpg"},{"@type":"BreadcrumbList","@id":"https:\/\/jackpotlotteryonline.com\/cs\/vyherni-cisla\/mega-sena\/#breadcrumb","itemListElement":[{"@type":"ListItem","position":1,"name":"Home","item":"https:\/\/jackpotlotteryonline.com\/cs\/"},{"@type":"ListItem","position":2,"name":"V\u00fdsledky loterie","item":"https:\/\/jackpotlotteryonline.com\/cs\/vyherni-cisla\/"},{"@type":"ListItem","position":3,"name":"Mega-Sena loterie \u010derp\u00e1n\u00ed v\u00fdsledky"}]},{"@type":"WebSite","@id":"https:\/\/jackpotlotteryonline.com\/#website","url":"https:\/\/jackpotlotteryonline.com\/","name":"Lotto Online - Crack The International Lottery Jackpots","description":"","potentialAction":[{"@type":"SearchAction","target":{"@type":"EntryPoint","urlTemplate":"https:\/\/jackpotlotteryonline.com\/?s={search_term_string}"},"query-input":"required name=search_term_string"}],"inLanguage":"cs"}]}},"_links":{"self":[{"href":"https:\/\/jackpotlotteryonline.com\/cs\/wp-json\/wp\/v2\/pages\/41185","targetHints":{"allow":["GET"]}}],"collection":[{"href":"https:\/\/jackpotlotteryonline.com\/cs\/wp-json\/wp\/v2\/pages"}],"about":[{"href":"https:\/\/jackpotlotteryonline.com\/cs\/wp-json\/wp\/v2\/types\/page"}],"author":[{"embeddable":true,"href":"https:\/\/jackpotlotteryonline.com\/cs\/wp-json\/wp\/v2\/users\/1"}],"replies":[{"embeddable":true,"href":"https:\/\/jackpotlotteryonline.com\/cs\/wp-json\/wp\/v2\/comments?post=41185"}],"version-history":[{"count":0,"href":"https:\/\/jackpotlotteryonline.com\/cs\/wp-json\/wp\/v2\/pages\/41185\/revisions"}],"up":[{"embeddable":true,"href":"https:\/\/jackpotlotteryonline.com\/cs\/wp-json\/wp\/v2\/pages\/35816"}],"wp:attachment":[{"href":"https:\/\/jackpotlotteryonline.com\/cs\/wp-json\/wp\/v2\/media?parent=41185"}],"curies":[{"name":"wp","href":"https:\/\/api.w.org\/{rel}","templated":true}]}}