{"id":41241,"date":"2022-12-08T18:56:52","date_gmt":"2022-12-08T18:56:52","guid":{"rendered":"https:\/\/jackpotlotteryonline.com\/?page_id=41241"},"modified":"2022-12-30T14:47:04","modified_gmt":"2022-12-30T14:47:04","slug":"saturday-lotto","status":"publish","type":"page","link":"https:\/\/jackpotlotteryonline.com\/cs\/vyherni-cisla\/saturday-lotto\/","title":{"rendered":"Sobota Lotto \u010derp\u00e1n\u00ed v\u00fdsledky"},"content":{"rendered":"<p>Saturday Lotto zn\u00e1m\u00e9 tak\u00e9 jako Tatts lotto je jednou z nej\u00fasp\u011b\u0161n\u011bj\u0161\u00edch australsk\u00fdch loteri\u00ed. A nyn\u00ed, kdy\u017e se lotta mohou z\u00fa\u010dastnit hr\u00e1\u010di po cel\u00e9m sv\u011bt\u011b, je d\u016fle\u017eit\u011bj\u0161\u00ed vybrat v\u00fdhern\u00ed \u010d\u00edsla. V\u00fdhra v t\u00e9to australsk\u00e9 loterii znamen\u00e1, \u017ee si dom\u016f odnesete minim\u00e1ln\u011b 5 milion\u016f dolar\u016f. Tato \u010d\u00e1stka se p\u0159eklop\u00ed, pokud po losov\u00e1n\u00ed nen\u00ed \u017e\u00e1dn\u00fd v\u00fdhern\u00ed tiket. Pokud se nav\u00edc z\u00fa\u010dastn\u00edte mega losov\u00e1n\u00ed, kter\u00e9 se kon\u00e1 jednou ro\u010dn\u011b o V\u00e1noc\u00edch, pak si m\u016f\u017eete vyplatit 30 milion\u016f dolar\u016f!<\/p>\n<p>Pokud jste si je\u0161t\u011b nekoupili v\u00fdhern\u00ed los do loterie, p\u0159ejd\u011bte na jackpotlotteryonline.com a<a href=\"https:\/\/jackpotlotteryonline.com\/cs\/koupit-vstupenky\/saturday-lotto\"> po\u0159i\u010fte si sv\u016fj los hned<\/a>. Pak se vra\u0165te pro v\u00fdhern\u00ed \u010d\u00edsla.<\/p>\n<h2>V\u00edt\u011bzstv\u00ed v sobotn\u00edm Lotto<\/h2>\n<p><img loading=\"lazy\" decoding=\"async\" class=\"alignright size-medium wp-image-28157\" src=\"http:\/\/jackpotlotteryonline.com\/wp-content\/uploads\/2022\/11\/1_lotto_money_win-300x150.jpg\" alt=\"Vyhrajte sobotn\u00ed Lotto\" width=\"300\" height=\"150\" srcset=\"https:\/\/jackpotlotteryonline.com\/wp-content\/uploads\/2022\/11\/1_lotto_money_win-300x150.jpg 300w, https:\/\/jackpotlotteryonline.com\/wp-content\/uploads\/2022\/11\/1_lotto_money_win.jpg 320w\" sizes=\"auto, (max-width: 300px) 100vw, 300px\" \/>Tatts lotto je snadn\u00e9 hr\u00e1t, zejm\u00e9na pokud hrajete online. V podstat\u011b hr\u00e1\u010di mus\u00ed vybrat 6 hlavn\u00edch \u010d\u00edsel v rozmez\u00ed 1 a\u017e 45. D\u00e1le pak 2 dopl\u0148kov\u00e1 \u010d\u00edsla od 1 do 6. Dopl\u0148kov\u00e1 \u010d\u00edsla nemaj\u00ed s ur\u010den\u00edm jackpotu mnoho spole\u010dn\u00e9ho. V\u00fdhra jackpotu znamen\u00e1, \u017ee sta\u010d\u00ed, kdy\u017e se shodujete s osmi vylosovan\u00fdmi \u010d\u00edsly.<\/p>\n<p>V\u00fdhra v loterii tedy znamen\u00e1, \u017ee v\u00e1\u0161 tiket odpov\u00edd\u00e1 \u0161esti m\u00ed\u010dk\u016fm, kter\u00e9 jsou n\u00e1hodn\u011b vybr\u00e1ny ze sudu se 45 m\u00ed\u010dky. Pot\u00e9 jsou z dal\u0161\u00edho sudu se \u0161esti m\u00ed\u010dky vybr\u00e1ny dal\u0161\u00ed dva m\u00ed\u010dky. Tyto dopl\u0148kov\u00e9 m\u00ed\u010dky slou\u017e\u00ed k v\u00fdh\u0159e v dal\u0161\u00edch v\u00fdhern\u00edch kategori\u00edch.<\/p>\n<p>Losov\u00e1n\u00ed se kon\u00e1 jednou t\u00fddn\u011b, v\u017edy v sobotu. Pokud tedy chcete z\u00edskat v\u00fdhern\u00ed los, mus\u00edte si vstupenku koupit v\u010das. Losov\u00e1n\u00ed kon\u010d\u00ed v sobotu do 19:25 hodin st\u0159edoevropsk\u00e9ho \u010dasu. Hr\u00e1\u010di, kte\u0159\u00ed cht\u011bj\u00ed b\u00fdt za\u0159azeni do slosov\u00e1n\u00ed v dan\u00e9m t\u00fddnu, si mus\u00ed zakoupit v\u00fdhern\u00ed losy p\u0159ed uz\u00e1v\u011brkou.<\/p>\n<h2>Hran\u00ed online<\/h2>\n<p>Kr\u00e1tce se zm\u00edn\u00edme o v\u00fdh\u0159e v lottu online. Kdy\u017e nav\u0161t\u00edv\u00edte str\u00e1nku sobotn\u00edho lota na jackpotlotteryonline.com, budete vyzv\u00e1ni k v\u00fdb\u011bru v\u00fdhern\u00edch \u010d\u00edsel. Pokud m\u00e1te n\u011bjak\u00e1 speci\u00e1ln\u00ed data, kter\u00e1 v\u00e1m p\u0159inesla \u0161t\u011bst\u00ed, m\u016f\u017eete je pou\u017e\u00edt.<\/p>\n<p>Av\u0161ak ti, kte\u0159\u00ed nemaj\u00ed konkr\u00e9tn\u00ed \u010d\u00edsla na v\u00fdb\u011br, se nemus\u00ed b\u00e1t. M\u00e1me pro v\u00e1s automatick\u00fd v\u00fdb\u011br \u010d\u00edsel, kter\u00fd v\u00e1m vygeneruje n\u00e1hodn\u00e1 v\u00fdhern\u00ed \u010d\u00edsla. Spousta v\u00edt\u011bz\u016f loterie vyhr\u00e1la pomoc\u00ed n\u00e1hodn\u00e9ho tipova\u010de \u010d\u00edsel.<\/p>\n<p>Po v\u00fdb\u011bru v\u00fdhern\u00edch \u010d\u00edsel se p\u0159ihl\u00e1s\u00edte do t\u00fddenn\u00edho slosov\u00e1n\u00ed. P\u0159ed proveden\u00edm platby v\u00e1s po\u017e\u00e1d\u00e1me o registraci. Je to proto, aby byl v\u00e1\u0161 tiket v bezpe\u010d\u00ed a aby v\u00e1m to pomohlo s vypl\u00e1cen\u00edm v\u00fdher. K tomu se brzy dostaneme.<\/p>\n<section class=\"layout\" style=\"border: solid 1px; width: 100%;\">\n<div class=\"img-div\" style=\"margin-top: 5px;\"><img decoding=\"async\" class=\"wp-image-17212 alignleft\" style=\"height: 45px; margin: 8px 8px 0px;\" src=\"http:\/\/jackpotlotteryonline.com\/wp-content\/uploads\/2022\/11\/read1.jpg\" alt=\"P\u0159e\u010dt\u011bte si\" width=\"\" height=\"\" \/><\/div>\n<div style=\"padding-left: 5px;\">\n<div style=\"font-size: 1.1em;\">\n<p><strong>Sledujte, jak se losuj\u00ed \u010d\u00edsla loterie v p\u0159\u00edm\u00e9m p\u0159enosu<\/strong><\/p>\n<p style=\"font-size: 0.85em; margin-top: -1.5em;\">Jak sledovat \u017eiv\u00e9 losov\u00e1n\u00ed va\u0161ich obl\u00edben\u00fdch loteri\u00ed\u00a0<a href=\"https:\/\/jackpotlotteryonline.com\/cs\/sledovat-vylosovana-cisla-loterie-v-primem-prenosu\"> P\u0159e\u010dt\u011bte si v\u00edce<\/a><\/p>\n<\/div>\n<\/div>\n<\/section>\n<h2>Rozd\u011blen\u00ed v\u00fdher<\/h2>\n<p>V\u00fdhra v loterii Tatts nen\u00ed jen o v\u00fdh\u0159e jackpotu. Toto lotto m\u00e1 celkem osm v\u00fdhern\u00edch diviz\u00ed. Kdy\u017e si koup\u00edte los do loterie, m\u00e1te \u0161anci na n\u011bkterou z t\u011bchto v\u00fdhern\u00edch kategori\u00ed. V\u00fdhern\u00ed \u010d\u00edsla pro ka\u017edou divizi jsou uvedena n\u00ed\u017ee.<\/p>\n<p>Divize 1: Shoda 6 (jackpot)<\/p>\n<p>Divize 2: Shoda 5 + 1 dopl\u0148kov\u00e9 \u010d\u00edslo<\/p>\n<p>Divize 3: b\u0159ezen 5<\/p>\n<p>Divize 4: Z\u00e1pas 4<\/p>\n<p>Divize 5: Z\u00e1pas 3 + 1 dopl\u0148kov\u00e9 \u010d\u00edslo<\/p>\n<p>Divize 6: z\u00e1pas 3<\/p>\n<p>Jedn\u00edm z d\u016fvod\u016f, pro\u010d Australan\u00e9 tuto loterii tak miluj\u00ed, je pravd\u011bpodobn\u011b to, jak snadn\u00e9 je v n\u00ed vyhr\u00e1t. Pravd\u011bpodobnost v\u00fdhry je fantastick\u00e1 a s minim\u00e1ln\u00ed v\u00fdhrou 5 milion\u016f australsk\u00fdch dolar\u016f se nen\u00ed \u010demu divit. Pokud jste tak je\u0161t\u011b neu\u010dinili, je pr\u00e1v\u011b te\u010f vhodn\u00e1 doba p\u0159em\u00fd\u0161let o koupi v\u00fdhern\u00edho tiketu.<\/p>\n<h2>Dopl\u0148kov\u00e1 \u010d\u00edsla<\/h2>\n<p>Zm\u00ednili jsme se o dopl\u0148kov\u00fdch \u010d\u00edslech a pravd\u011bpodobn\u011b jste si ji\u017e v\u0161imli, \u017ee je n\u011bkter\u00e9 divize pou\u017e\u00edvaj\u00ed. V\u0161imn\u011bte si, \u017ee jsou n\u00e1hodn\u011b generov\u00e1na b\u011bhem losov\u00e1n\u00ed a pou\u017e\u00edvaj\u00ed se k ur\u010den\u00ed diviz\u00ed 2 a 5. Hr\u00e1\u010di si tato \u010d\u00edsla nevyb\u00edraj\u00ed a nemaj\u00ed nad nimi \u017e\u00e1dnou kontrolu. Proto se nelekejte, pokud se v\u00e1m tato mo\u017enost p\u0159i n\u00e1kupu tiket\u016f nezobraz\u00ed.<\/p>\n<h2>Jak zkontrolovat v\u00fdhern\u00ed v\u00fdsledky<\/h2>\n<p><img loading=\"lazy\" decoding=\"async\" class=\"alignright size-medium wp-image-34997\" src=\"http:\/\/jackpotlotteryonline.com\/wp-content\/uploads\/2022\/11\/2_ticket_saturday_lotto_au-1-166x300.jpg\" alt=\"Online potvrzen\u00ed o p\u0159ijet\u00ed do programu Saturday Lotto\" width=\"166\" height=\"300\" srcset=\"https:\/\/jackpotlotteryonline.com\/wp-content\/uploads\/2022\/11\/2_ticket_saturday_lotto_au-1-166x300.jpg 166w, https:\/\/jackpotlotteryonline.com\/wp-content\/uploads\/2022\/11\/2_ticket_saturday_lotto_au-1.jpg 250w\" sizes=\"auto, (max-width: 166px) 100vw, 166px\" \/>Kdy\u017e u\u017e jste si zakoupili vstupenku, jak zkontrolujete, zda m\u00e1te v\u00fdhern\u00ed tiket? Nejlep\u0161\u00ed zp\u016fsob, jak to ud\u011blat, je vr\u00e1tit se p\u0159\u00edmo sem. Po losov\u00e1n\u00edch zve\u0159ej\u0148ujeme v\u00fdhern\u00ed v\u00fdsledky sobotn\u00edho lota na t\u00e9to str\u00e1nce.<\/p>\n<p>Nezve\u0159ej\u0148ujeme pouze \u010d\u00edsla jackpotu. Zve\u0159ej\u0148ujeme tak\u00e9 v\u00fdhern\u00ed \u010d\u00edsla v\u0161ech ostatn\u00edch diviz\u00ed. Na prvn\u00ed pohled tak m\u016f\u017eete zjistit, jak bl\u00edzko jste byli k v\u00fdh\u0159e v loterii.<\/p>\n<p>Pokud jste se u n\u00e1s zaregistrovali, je to je\u0161t\u011b jednodu\u0161\u0161\u00ed. Nemus\u00edte nikam chodit, abyste zjistili, zda jste vyhr\u00e1li v lottu. Ne, proto\u017ee jakmile vyhrajete, po\u0161leme v\u00e1m ozn\u00e1men\u00ed. P\u0159esn\u011b tak. Dostanete e-mail s upozorn\u011bn\u00edm, \u017ee m\u00e1te v\u00fdhern\u00ed \u010d\u00edsla loterie. D\u011bl\u00e1me v\u0161e pro to, aby bylo hran\u00ed lotta snadn\u00e9 a bez stresu odkudkoli.<\/p>\n<h2>Vyb\u00edr\u00e1n\u00ed v\u00fdher<\/h2>\n<p>Pokud jste vyhr\u00e1li v loterii, dal\u0161\u00edm krokem je z\u00edskat p\u0159\u00edstup k v\u00fdh\u0159e. Nem\u00e1 smysl vyhr\u00e1vat lotto v Austr\u00e1lii, pokud se nem\u016f\u017eete dostat ke sv\u00e9 v\u00fdh\u0159e. A tady to za\u010d\u00edn\u00e1 b\u00fdt opravdu zaj\u00edmav\u00e9.<\/p>\n<p>Pokud jste vyhr\u00e1li v lottu cenu, kter\u00e1 je ni\u017e\u0161\u00ed ne\u017e 2 500 eur, pak je z\u00edsk\u00e1n\u00ed va\u0161\u00ed v\u00fdhry neuv\u011b\u0159iteln\u011b snadn\u00e9. Sta\u010d\u00ed si z na\u0161\u00ed platformy vybrat v\u00fdhru p\u0159\u00edmo do sv\u00e9 banky. M\u00e1me n\u011bkolik metod, kter\u00e9 m\u016f\u017eete pou\u017e\u00edt k pohodln\u00e9mu vyplacen\u00ed sv\u00fdch v\u00fdher.<\/p>\n<p>Pokud je va\u0161e v\u00fdhra vy\u0161\u0161\u00ed ne\u017e 2 500 eur, pak se mo\u017en\u00e1 budete muset obr\u00e1tit na loterijn\u00ed spole\u010dnost, abyste uplatnili reklamaci. K tomu v\u00e1m poskytneme pot\u0159ebnou podporu t\u00edm, \u017ee v\u00e1m za\u0161leme reklama\u010dn\u00ed formul\u00e1\u0159, kter\u00fd vypln\u00edte. Jedn\u00e1 se o jednoduch\u00fd proces s prakticky nulov\u00fdmi pot\u00ed\u017eemi.<\/p>\n<h2>Z\u00e1v\u011br<\/h2>\n<p>V\u00fdhodou n\u00e1kupu los\u016f u n\u00e1s je, \u017ee v\u00edte, \u017ee jste si zakoupili vstup do loterie. U n\u00e1s nes\u00e1z\u00edte na v\u00fdsledek. Ve skute\u010dnosti si kupujete vstup. Pokud tedy vyhrajete, dostanete svou v\u00fdhru.<\/p>\n<p>Hr\u00e1\u010d\u016fm usnad\u0148ujeme hran\u00ed \u0161pi\u010dkov\u00fdch mezin\u00e1rodn\u00edch loteri\u00ed. M\u016f\u017eete si koupit tikety, zkontrolovat v\u00fdhern\u00ed kombinaci a snadno si vyplatit v\u00fdhru. Postarali jsme se o v\u0161echny detaily, tak\u017ee si m\u016f\u017eete odpo\u010dinout a bavit se. Kdy\u017e si <a href=\"http:\/\/jackpotlotteryonline.com\/cs\/jak-hrat\/saturday-lotto\">zahrajete loterii s jackpotlotteryonline.com<\/a>, z\u00edsk\u00e1te situaci, ve kter\u00e9 vyhraj\u00ed v\u0161echny strany. Zaregistrujte se u n\u00e1s je\u0161t\u011b dnes.<\/p>\n","protected":false},"excerpt":{"rendered":"<p>Saturday Lotto zn\u00e1m\u00e9 tak\u00e9 jako Tatts lotto je jednou z nej\u00fasp\u011b\u0161n\u011bj\u0161\u00edch australsk\u00fdch loteri\u00ed. A nyn\u00ed, kdy\u017e se lotta mohou z\u00fa\u010dastnit hr\u00e1\u010di po cel\u00e9m sv\u011bt\u011b, je d\u016fle\u017eit\u011bj\u0161\u00ed vybrat v\u00fdhern\u00ed \u010d\u00edsla. V\u00fdhra v t\u00e9to australsk\u00e9 loterii znamen\u00e1, \u017ee si dom\u016f odnesete minim\u00e1ln\u011b 5 milion\u016f dolar\u016f. Tato \u010d\u00e1stka se p\u0159eklop\u00ed, pokud po losov\u00e1n\u00ed nen\u00ed \u017e\u00e1dn\u00fd v\u00fdhern\u00ed tiket. Pokud [&hellip;]<\/p>\n","protected":false},"author":1,"featured_media":0,"parent":35816,"menu_order":18,"comment_status":"closed","ping_status":"closed","template":"saturday-lotto-results.php","meta":{"_et_pb_use_builder":"","_et_pb_old_content":"","_et_gb_content_width":"","exclude_from_search":false,"footnotes":""},"class_list":["post-41241","page","type-page","status-publish","hentry"],"yoast_head":"<!-- This site is optimized with the Yoast SEO plugin v23.3 - https:\/\/yoast.com\/wordpress\/plugins\/seo\/ -->\n<title>V\u00edt\u011bzn\u00e1 \u010d\u00edsla sobotn\u00edho Lotto a v\u00fdsledky losov\u00e1n\u00ed<\/title>\n<meta name=\"description\" content=\"Porovnejte sv\u016fj los s v\u00fdsledky posledn\u00edho sobotn\u00edho losov\u00e1n\u00ed loterie Lotto - pod\u00edvejte se na vylosovan\u00e1 \u010d\u00edsla zde!\" \/>\n<meta name=\"robots\" content=\"index, follow, max-snippet:-1, max-image-preview:large, max-video-preview:-1\" \/>\n<link rel=\"canonical\" href=\"https:\/\/jackpotlotteryonline.com\/cs\/vyherni-cisla\/saturday-lotto\/\" \/>\n<meta property=\"og:locale\" content=\"cs_CZ\" \/>\n<meta property=\"og:type\" content=\"article\" \/>\n<meta property=\"og:title\" content=\"V\u00edt\u011bzn\u00e1 \u010d\u00edsla sobotn\u00edho Lotto a v\u00fdsledky losov\u00e1n\u00ed\" \/>\n<meta property=\"og:description\" content=\"Porovnejte sv\u016fj los s v\u00fdsledky posledn\u00edho sobotn\u00edho losov\u00e1n\u00ed loterie Lotto - pod\u00edvejte se na vylosovan\u00e1 \u010d\u00edsla zde!\" \/>\n<meta property=\"og:url\" content=\"https:\/\/jackpotlotteryonline.com\/cs\/vyherni-cisla\/saturday-lotto\/\" \/>\n<meta property=\"og:site_name\" content=\"Lotto Online - Crack The International Lottery Jackpots\" \/>\n<meta property=\"article:modified_time\" content=\"2022-12-30T14:47:04+00:00\" \/>\n<meta property=\"og:image\" content=\"http:\/\/jackpotlotteryonline.com\/wp-content\/uploads\/2022\/11\/1_lotto_money_win-300x150.jpg\" \/>\n<meta name=\"twitter:card\" content=\"summary_large_image\" \/>\n<meta name=\"twitter:label1\" content=\"Odhadovan\u00e1 doba \u010dten\u00ed\" \/>\n\t<meta name=\"twitter:data1\" content=\"5 minut\" \/>\n<!-- \/ Yoast SEO plugin. -->","yoast_head_json":{"title":"V\u00edt\u011bzn\u00e1 \u010d\u00edsla sobotn\u00edho Lotto a v\u00fdsledky losov\u00e1n\u00ed","description":"Porovnejte sv\u016fj los s v\u00fdsledky posledn\u00edho sobotn\u00edho losov\u00e1n\u00ed loterie Lotto - pod\u00edvejte se na vylosovan\u00e1 \u010d\u00edsla zde!","robots":{"index":"index","follow":"follow","max-snippet":"max-snippet:-1","max-image-preview":"max-image-preview:large","max-video-preview":"max-video-preview:-1"},"canonical":"https:\/\/jackpotlotteryonline.com\/cs\/vyherni-cisla\/saturday-lotto\/","og_locale":"cs_CZ","og_type":"article","og_title":"V\u00edt\u011bzn\u00e1 \u010d\u00edsla sobotn\u00edho Lotto a v\u00fdsledky losov\u00e1n\u00ed","og_description":"Porovnejte sv\u016fj los s v\u00fdsledky posledn\u00edho sobotn\u00edho losov\u00e1n\u00ed loterie Lotto - pod\u00edvejte se na vylosovan\u00e1 \u010d\u00edsla zde!","og_url":"https:\/\/jackpotlotteryonline.com\/cs\/vyherni-cisla\/saturday-lotto\/","og_site_name":"Lotto Online - Crack The International Lottery Jackpots","article_modified_time":"2022-12-30T14:47:04+00:00","og_image":[{"url":"http:\/\/jackpotlotteryonline.com\/wp-content\/uploads\/2022\/11\/1_lotto_money_win-300x150.jpg"}],"twitter_card":"summary_large_image","twitter_misc":{"Odhadovan\u00e1 doba \u010dten\u00ed":"5 minut"},"schema":{"@context":"https:\/\/schema.org","@graph":[{"@type":"WebPage","@id":"https:\/\/jackpotlotteryonline.com\/cs\/vyherni-cisla\/saturday-lotto\/","url":"https:\/\/jackpotlotteryonline.com\/cs\/vyherni-cisla\/saturday-lotto\/","name":"V\u00edt\u011bzn\u00e1 \u010d\u00edsla sobotn\u00edho Lotto a v\u00fdsledky losov\u00e1n\u00ed","isPartOf":{"@id":"https:\/\/jackpotlotteryonline.com\/#website"},"primaryImageOfPage":{"@id":"https:\/\/jackpotlotteryonline.com\/cs\/vyherni-cisla\/saturday-lotto\/#primaryimage"},"image":{"@id":"https:\/\/jackpotlotteryonline.com\/cs\/vyherni-cisla\/saturday-lotto\/#primaryimage"},"thumbnailUrl":"http:\/\/jackpotlotteryonline.com\/wp-content\/uploads\/2022\/11\/1_lotto_money_win-300x150.jpg","datePublished":"2022-12-08T18:56:52+00:00","dateModified":"2022-12-30T14:47:04+00:00","description":"Porovnejte sv\u016fj los s v\u00fdsledky posledn\u00edho sobotn\u00edho losov\u00e1n\u00ed loterie Lotto - pod\u00edvejte se na vylosovan\u00e1 \u010d\u00edsla zde!","breadcrumb":{"@id":"https:\/\/jackpotlotteryonline.com\/cs\/vyherni-cisla\/saturday-lotto\/#breadcrumb"},"inLanguage":"cs","potentialAction":[{"@type":"ReadAction","target":["https:\/\/jackpotlotteryonline.com\/cs\/vyherni-cisla\/saturday-lotto\/"]}]},{"@type":"ImageObject","inLanguage":"cs","@id":"https:\/\/jackpotlotteryonline.com\/cs\/vyherni-cisla\/saturday-lotto\/#primaryimage","url":"http:\/\/jackpotlotteryonline.com\/wp-content\/uploads\/2022\/11\/1_lotto_money_win-300x150.jpg","contentUrl":"http:\/\/jackpotlotteryonline.com\/wp-content\/uploads\/2022\/11\/1_lotto_money_win-300x150.jpg"},{"@type":"BreadcrumbList","@id":"https:\/\/jackpotlotteryonline.com\/cs\/vyherni-cisla\/saturday-lotto\/#breadcrumb","itemListElement":[{"@type":"ListItem","position":1,"name":"Home","item":"https:\/\/jackpotlotteryonline.com\/cs\/"},{"@type":"ListItem","position":2,"name":"V\u00fdsledky loterie","item":"https:\/\/jackpotlotteryonline.com\/cs\/vyherni-cisla\/"},{"@type":"ListItem","position":3,"name":"Sobota Lotto \u010derp\u00e1n\u00ed v\u00fdsledky"}]},{"@type":"WebSite","@id":"https:\/\/jackpotlotteryonline.com\/#website","url":"https:\/\/jackpotlotteryonline.com\/","name":"Lotto Online - Crack The International Lottery Jackpots","description":"","potentialAction":[{"@type":"SearchAction","target":{"@type":"EntryPoint","urlTemplate":"https:\/\/jackpotlotteryonline.com\/?s={search_term_string}"},"query-input":"required name=search_term_string"}],"inLanguage":"cs"}]}},"_links":{"self":[{"href":"https:\/\/jackpotlotteryonline.com\/cs\/wp-json\/wp\/v2\/pages\/41241","targetHints":{"allow":["GET"]}}],"collection":[{"href":"https:\/\/jackpotlotteryonline.com\/cs\/wp-json\/wp\/v2\/pages"}],"about":[{"href":"https:\/\/jackpotlotteryonline.com\/cs\/wp-json\/wp\/v2\/types\/page"}],"author":[{"embeddable":true,"href":"https:\/\/jackpotlotteryonline.com\/cs\/wp-json\/wp\/v2\/users\/1"}],"replies":[{"embeddable":true,"href":"https:\/\/jackpotlotteryonline.com\/cs\/wp-json\/wp\/v2\/comments?post=41241"}],"version-history":[{"count":0,"href":"https:\/\/jackpotlotteryonline.com\/cs\/wp-json\/wp\/v2\/pages\/41241\/revisions"}],"up":[{"embeddable":true,"href":"https:\/\/jackpotlotteryonline.com\/cs\/wp-json\/wp\/v2\/pages\/35816"}],"wp:attachment":[{"href":"https:\/\/jackpotlotteryonline.com\/cs\/wp-json\/wp\/v2\/media?parent=41241"}],"curies":[{"name":"wp","href":"https:\/\/api.w.org\/{rel}","templated":true}]}}