{"id":41295,"date":"2022-12-09T05:36:21","date_gmt":"2022-12-09T05:36:21","guid":{"rendered":"https:\/\/jackpotlotteryonline.com\/?page_id=41295"},"modified":"2022-12-29T13:01:02","modified_gmt":"2022-12-29T13:01:02","slug":"thunderball","status":"publish","type":"page","link":"https:\/\/jackpotlotteryonline.com\/cs\/vyherni-cisla\/thunderball\/","title":{"rendered":"Thunderball loterie \u010derp\u00e1n\u00ed v\u00fdsledky"},"content":{"rendered":"<p>Thunderball je jednou z nejobl\u00edben\u011bj\u0161\u00edch britsk\u00fdch loteri\u00ed. Za malou \u010d\u00e1stku mohou s\u00e1zej\u00edc\u00ed vyhr\u00e1t p\u016fl milionu liber, co\u017e je fantastick\u00e9. Existuje spousta loteri\u00ed, ale na Thunderball je prost\u011b n\u011bco, co hr\u00e1\u010de p\u0159itahuje. M\u016f\u017ee to b\u00fdt neuv\u011b\u0159iteln\u011b p\u0159\u00edzniv\u00fd kurz nebo skute\u010dnost, \u017ee p\u0159in\u00e1\u0161\u00ed spoustu v\u00fdher. A\u0165 u\u017e je d\u016fvod jak\u00fdkoli, hr\u00e1\u010di po cel\u00e9m sv\u011bt\u011b kupuj\u00ed losy loterie Thunderball tak\u00e9 online.<\/p>\n<p>Pokud <a href=\"https:\/\/jackpotlotteryonline.com\/cs\/jak-hrat\/thunderball\">hrajete loterii online<\/a>, je nezbytn\u00e9 zkontrolovat v\u00fdhern\u00ed \u010d\u00edsla. To proto, abyste v\u011bd\u011bli, zda m\u00e1te tiket, kter\u00fd odpov\u00edd\u00e1 vylosovan\u00fdm \u010d\u00edsl\u016fm. Pokud v\u00e1s zaj\u00edm\u00e1, jak zkontrolovat v\u00fdsledky losov\u00e1n\u00ed, pak jste na spr\u00e1vn\u00e9m m\u00edst\u011b. Pod\u011bl\u00edme se s v\u00e1mi tak\u00e9 o nejlep\u0161\u00ed zp\u016fsob, jak zkontrolovat v\u00fdsledky losov\u00e1n\u00ed<\/p>\n<p>Pokud si <a href=\"https:\/\/jackpotlotteryonline.com\/cs\/koupit-vstupenky\/thunderball\">kupujete tikety na jackpotlotteryonline.com<\/a>, pak \u010dt\u011bte d\u00e1l a dozv\u00edte se, jak si vyzvednout v\u00fdhru.<\/p>\n<h2>V\u00fdb\u011br v\u00fdhern\u00edch \u010d\u00edsel Thunderball<\/h2>\n<p><img loading=\"lazy\" decoding=\"async\" class=\"alignright size-medium wp-image-29480\" src=\"https:\/\/jackpotlotteryonline.com\/wp-content\/uploads\/2022\/11\/1_rain_lottery_money_win-282x300.jpg\" alt=\"V\u00edt\u011bzn\u00e1 \u010d\u00edsla loterie Thunderball\" width=\"282\" height=\"300\" srcset=\"https:\/\/jackpotlotteryonline.com\/wp-content\/uploads\/2022\/11\/1_rain_lottery_money_win-282x300.jpg 282w, https:\/\/jackpotlotteryonline.com\/wp-content\/uploads\/2022\/11\/1_rain_lottery_money_win.jpg 300w\" sizes=\"auto, (max-width: 282px) 100vw, 282px\" \/>Existuj\u00ed dva hlavn\u00ed zp\u016fsoby, kter\u00e9 hr\u00e1\u010di pou\u017e\u00edvaj\u00ed k v\u00fdb\u011bru \u010d\u00edsel, kter\u00e1 cht\u011bj\u00ed hr\u00e1t. U v\u011bt\u0161iny loteri\u00ed si mus\u00edte vybrat z ur\u010dit\u00e9ho rozmez\u00ed. N\u011bkte\u0159\u00ed hr\u00e1\u010di si proto r\u00e1di vyb\u00edraj\u00ed data, kter\u00e1 jsou pro n\u011b v\u00fdjime\u010dn\u00e1; nap\u0159\u00edklad narozeniny nebo v\u00fdro\u010d\u00ed. T\u011bmto dat\u016fm se \u0159\u00edk\u00e1 \u0161\u0165astn\u00e1 data.<\/p>\n<p>V n\u011bkter\u00fdch \u010d\u00e1stech sv\u011bta maj\u00ed n\u011bkte\u0159\u00ed lid\u00e9 \u010d\u00edsla, kter\u00e1 pova\u017euj\u00ed za \u0161\u0165astn\u00e1. N\u011bkte\u0159\u00ed mohou nap\u0159\u00edklad pova\u017eovat \u010d\u00edslo 7 za \u0161\u0165astn\u00e9, zat\u00edmco jin\u00ed pova\u017euj\u00ed \u010d\u00edslo 13 za ne\u0161\u0165astn\u00e9. Opravdu z\u00e1le\u017e\u00ed na tom, co pova\u017eujete za \u0161\u0165astn\u00e9. Tuto metodu up\u0159ednost\u0148uje mnoho hr\u00e1\u010d\u016f po cel\u00e9m sv\u011bt\u011b a mohla by fungovat i pro v\u00e1s.<\/p>\n<p>Druh\u00fdm zp\u016fsobem je pou\u017eit\u00ed na\u0161eho automatick\u00e9ho gener\u00e1toru, kter\u00fd vybere va\u0161e \u010d\u00edsla n\u00e1hodn\u011b. Tento zp\u016fsob u n\u011bkter\u00fdch lid\u00ed funguje jednodu\u0161e proto, \u017ee loterie je hra o \u0161t\u011bst\u00ed. M\u016f\u017eete sice d\u011blat v\u011bci, kter\u00e9 v\u00e1m p\u0159inesou pocit \u0161t\u011bst\u00ed, ale v\u00fdhru v\u00e1m nikdo nezaru\u010d\u00ed.<\/p>\n<h2>Jak hr\u00e1t Thunderball online<\/h2>\n<p>Hra Thunderball ve Velk\u00e9 Brit\u00e1nii je vzru\u0161uj\u00edc\u00ed hra, kterou si m\u016f\u017eete zahr\u00e1t. Jej\u00ed pr\u016fb\u011bh je stejn\u00fd jako u ka\u017ed\u00e9 jin\u00e9 lotto hry. V podstat\u011b je t\u0159eba vybrat 5 \u010d\u00edsel z rozsahu 1 a\u017e 39 a speci\u00e1ln\u00ed \u010d\u00edslo od 1 do 14. V p\u0159\u00edpad\u011b, \u017ee se v\u00e1m to nepoda\u0159\u00ed, m\u016f\u017eete si vybrat z n\u011bkolika \u010d\u00edsel. Zvl\u00e1\u0161tn\u00ed \u010d\u00edslo se naz\u00fdv\u00e1 &#8220;Thunderball&#8221; a slou\u017e\u00ed k ur\u010den\u00ed \u0161esti v\u00fdhern\u00edch kategori\u00ed v\u010detn\u011b jackpotu.<\/p>\n<p>Hra online se od t\u00e9to hry tolik neli\u0161\u00ed, jen m\u016f\u017eete k v\u00fdb\u011bru n\u00e1hodn\u00fdch \u010d\u00edsel pou\u017e\u00edt gener\u00e1tor \u010d\u00edsel. Je to n\u011bco jako &#8220;\u0161\u0165astn\u00fd los&#8221; pro ty, kte\u0159\u00ed jsou zvykl\u00ed na fyzick\u00e9 tikety. M\u016f\u017eete si vybrat n\u011bkolik \u0159ad a v\u00edce tiket\u016f, abyste zv\u00fd\u0161ili sv\u00e9 \u0161ance na v\u00fdhru ve h\u0159e Thunderball.<\/p>\n<p>Dal\u0161\u00edm krokem je p\u0159ihl\u00e1\u0161en\u00ed do slosov\u00e1n\u00ed a to je ta nejlep\u0161\u00ed \u010d\u00e1st. V\u0161imn\u011bte si, \u017ee je naprosto v po\u0159\u00e1dku p\u0159ihl\u00e1sit se do v\u00edce slosov\u00e1n\u00ed. A pokud si u n\u00e1s koup\u00edte tiket, m\u016f\u017eete se do slosov\u00e1n\u00ed p\u0159ihl\u00e1sit i n\u011bkolik t\u00fddn\u016f p\u0159edem. To v\u00e1m d\u00e1v\u00e1 v\u00fdhodu, pokud jde o hran\u00ed t\u00e9to hazardn\u00ed hry.<\/p>\n<section class=\"layout\" style=\"border: solid 1px; width: 100%;\">\n<div class=\"img-div\" style=\"margin-top: 5px;\"><img decoding=\"async\" class=\"wp-image-17212 alignleft\" style=\"height: 45px; margin: 8px 8px 0px;\" src=\"https:\/\/jackpotlotteryonline.com\/wp-content\/uploads\/2022\/11\/read1.jpg\" alt=\"P\u0159e\u010dt\u011bte si\" width=\"\" height=\"\" \/><\/div>\n<div style=\"padding-left: 5px;\">\n<div style=\"font-size: 1.1em;\">\n<p><strong>Loterie, kter\u00e9 maj\u00ed nejv\u011bt\u0161\u00ed \u0161anci na va\u0161i velkou v\u00fdhru<\/strong><\/p>\n<p style=\"font-size: 0.85em; margin-top: -1.5em;\">Kter\u00e1 loterie m\u00e1 nejlep\u0161\u00ed \u0161ance na v\u00fdhru? <a href=\"https:\/\/jackpotlotteryonline.com\/cs\/ktera-loterie-ma-nejvetsi-sance-na-vyhru\">P\u0159e\u010dt\u011bte si v\u00edce<\/a><\/p>\n<\/div>\n<\/div>\n<\/section>\n<h2>Dny losov\u00e1n\u00ed Thunderball<\/h2>\n<p>Slosovac\u00ed dny jsou \u010dty\u0159ikr\u00e1t t\u00fddn\u011b, a to v \u00fater\u00fd, st\u0159edu, p\u00e1tek a sobotu. Tato britsk\u00e1 loterie m\u00e1 ka\u017ed\u00fd t\u00fdden \u010dty\u0159i slosov\u00e1n\u00ed. Pro hr\u00e1\u010de to znamen\u00e1, \u017ee u Thunderball m\u00e1te \u010dty\u0159ikr\u00e1t v\u011bt\u0161\u00ed \u0161anci vyhr\u00e1t jackpot.<\/p>\n<p>M\u016f\u017eete se z\u00fa\u010dastnit jednoho losov\u00e1n\u00ed, ale pravd\u011bpodobn\u011b je lep\u0161\u00ed z\u00fa\u010dastnit se v\u00edce losov\u00e1n\u00ed, abyste m\u011bli mnohem v\u011bt\u0161\u00ed \u0161anci na v\u00fdhru. Nezapome\u0148te, \u017ee s v\u00edce vstupy m\u00e1te vy\u0161\u0161\u00ed pravd\u011bpodobnost v\u00fdhry.<\/p>\n<h2>Jak zkontrolovat v\u00fdsledky losov\u00e1n\u00ed Thunderball<\/h2>\n<p>Nyn\u00ed p\u0159ejd\u011bme k t\u00e9 nejlep\u0161\u00ed \u010d\u00e1sti, kterou je kontrola v\u00fdsledk\u016f losov\u00e1n\u00ed. Jedin\u00fd zp\u016fsob, jak zjistit, zda m\u00e1te spr\u00e1vnou kombinaci, je zkontrolovat v\u00fdsledky losov\u00e1n\u00ed. V\u011bt\u0161ina loteri\u00ed po\u0159\u00e1d\u00e1 \u017eiv\u00e9 losov\u00e1n\u00ed a Thunderball nen\u00ed v\u00fdjimkou. \u017div\u00e9 losov\u00e1n\u00ed tak m\u016f\u017eete sledovat online. Je d\u016fle\u017eit\u00e9 si uv\u011bdomit, \u017ee \u017eiv\u00e1 losov\u00e1n\u00ed prob\u00edhaj\u00ed v ur\u010dit\u00fd \u010das, a pokud vyhrajete, p\u0159ijdete o v\u00fdhru.<\/p>\n<p>Samoz\u0159ejm\u011b m\u016f\u017eete v\u017edy vyhledat informace na internetu a zjistit, zda jste v\u00fdhercem. Bohu\u017eel, zat\u00edmco kombinaci pro jackpot m\u016f\u017eete z\u00edskat, u ostatn\u00edch v\u00fdhern\u00edch kategori\u00ed to tak snadn\u00e9 nen\u00ed. V\u00fdhra druh\u00e9 kategorie Thunderball \u010din\u00ed 5000 liber a tu byste si ur\u010dit\u011b necht\u011bli nechat uj\u00edt.<\/p>\n<p>Nejlep\u0161\u00ed mo\u017enost\u00ed je kontrolovat tuto str\u00e1nku po ka\u017ed\u00e9m losov\u00e1n\u00ed. Zve\u0159ej\u0148ujeme nejnov\u011bj\u0161\u00ed v\u00fdsledky slosov\u00e1n\u00ed ve v\u0161ech kategori\u00edch. Nav\u00edc, pokud jste si u n\u00e1s zakoupili tiket, upozorn\u00edme v\u00e1s, pokud n\u011bjakou cenu vyhrajete.<\/p>\n<h2>Ceny, kter\u00e9 m\u016f\u017eete vyhr\u00e1t<\/h2>\n<p>Jak\u00e9 jsou tedy jednotliv\u00e9 ceny v r\u016fzn\u00fdch kategori\u00edch? S\u00e1zka Thunderball ve Velk\u00e9 Brit\u00e1nii m\u00e1 n\u011bkolik v\u00fdhern\u00edch kategori\u00ed, p\u0159i\u010dem\u017e jedna v\u00fdhra je ur\u010dena pr\u00e1v\u011b za uhodnut\u00ed Thunderballu. Existuje vysok\u00e1 \u0161ance, \u017ee hr\u00e1\u010d m\u016f\u017ee vyhr\u00e1t n\u011bkterou z cen.<\/p>\n<p>Zde je rozpis v\u00fdhern\u00edch kategori\u00ed hry UK Thunderball a tak\u00e9 \u0161ance na v\u00fdhru.<\/p>\n<p>Kategorie 1: Shoda 5 + Thunderball &#8211; 1 ku 8 060 598 &#8211; 500 000 liber.<\/p>\n<p>Kategorie 2: Pouze Match 5 &#8211; 1 ku 620 046 &#8211; 5000 liber.<\/p>\n<p>Kategorie 3: Shoda 4 + Thunderball &#8211; 1 ku 47 416 &#8211; 250 GBP<\/p>\n<p>Kategorie 4: Pouze Match 4 &#8211; 1 z 3 648 &#8211; 100 liber<\/p>\n<p>Kategorie 5: Shoda 3 + Thunderball &#8211; 1 z 1 437 &#8211; 20 GBP<\/p>\n<p>Kategorie 6: Pouze Match 3 &#8211; 1 ze 111 &#8211; 10 GBP<\/p>\n<p>Kategorie 7: Match 2 + Thunderball &#8211; 1 ze 135 &#8211; 10 GBP<\/p>\n<p>Kategorie 8: Match 1 + Thunderball &#8211; 1 z 35 &#8211; 5 GBP<\/p>\n<p>Kategorie 9: Match Thunderball &#8211; 1 z 29 &#8211; 3 GBP<\/p>\n<p>Cenu Thunderball m\u016f\u017ee vyhr\u00e1t ka\u017ed\u00fd, i kdy\u017e \u017eije mimo Spojen\u00e9 kr\u00e1lovstv\u00ed. Sta\u010d\u00ed si koupit tiket online a m\u00e1te \u0161anci na velkou v\u00fdhru.<\/p>\n<h2>V\u00fdplata v\u00fdher<\/h2>\n<p><img loading=\"lazy\" decoding=\"async\" class=\"alignright size-full wp-image-28832\" src=\"https:\/\/jackpotlotteryonline.com\/wp-content\/uploads\/2022\/11\/1_online_win_lottery.jpg\" alt=\"uplatn\u011bn\u00ed n\u00e1roku na v\u00fdhru Thunderball\" width=\"250\" height=\"167\" \/>Zm\u00ednili jsme, \u017ee v\u00e1s o v\u00fdh\u0159e na tiketu budeme informovat e-mailem a prost\u0159ednictv\u00edm va\u0161eho \u00fa\u010dtu. Jak si ale m\u016f\u017eete vybrat v\u00fdhru, kdy\u017e \u017eijete mimo Velkou Brit\u00e1nii? To je ot\u00e1zka, kter\u00e1 tr\u00e1p\u00ed mnoho s\u00e1zej\u00edc\u00edch. Nu\u017ee, jsme tu, abychom v\u00e1s uklidnili ohledn\u011b va\u0161ich v\u00fdher.<\/p>\n<p>Kdy\u017e se u n\u00e1s zaregistrujete a koup\u00edte si u n\u00e1s sv\u00e9 losy, cel\u00fd proces v\u00e1m zjednodu\u0161\u00edme. Jako port\u00e1l concierge jsme vytvo\u0159ili bezprobl\u00e9mov\u00fd proces, d\u00edky kter\u00e9mu si m\u016f\u017eete snadno vybrat sv\u00e9 v\u00fdhry. U v\u00fdher, kter\u00e9 jsou ni\u017e\u0161\u00ed ne\u017e 2 500 eur, sta\u010d\u00ed, kdy\u017e si z na\u0161ich str\u00e1nek vyberete pen\u00edze na sv\u016fj \u00fa\u010det.<\/p>\n<p>Pokud jste vyhr\u00e1li cenu, kter\u00e1 je vy\u0161\u0161\u00ed ne\u017e tato \u010d\u00e1stka, museli byste si o v\u00fdhru po\u017e\u00e1dat p\u0159\u00edmo u loterijn\u00ed spole\u010dnosti. Poskytneme v\u00e1m formul\u00e1\u0159 pro uplatn\u011bn\u00ed n\u00e1roku a provedeme v\u00e1s cel\u00fdm procesem. Nemus\u00edte se tedy b\u00e1t, postar\u00e1me se o to, aby v\u0161e bylo snadn\u00e9 a bez stresu.<\/p>\n<h2>Co byste m\u011bli v\u011bd\u011bt, ne\u017e si vyzvednete svou v\u00fdhru<\/h2>\n<p>Ne\u017e se p\u0159ihl\u00e1s\u00edte o svou v\u00fdhru, je d\u016fle\u017eit\u00e9 v\u011bd\u011bt n\u011bkolik v\u011bc\u00ed o hran\u00ed loterie ve Spojen\u00e9m kr\u00e1lovstv\u00ed. Ji\u017e v\u00edme, \u017ee loterie je otev\u0159ena v\u0161em bez ohledu na st\u00e1tn\u00ed p\u0159\u00edslu\u0161nost, nicm\u00e9n\u011b zde je n\u011bkolik v\u011bc\u00ed, kter\u00e9 je t\u0159eba vz\u00edt na v\u011bdom\u00ed:<\/p>\n<ul>\n<li>Loterie se mohou z\u00fa\u010dastnit hr\u00e1\u010di star\u0161\u00ed 16 let.<\/li>\n<li>V\u00fdhry se vypl\u00e1cej\u00ed jednor\u00e1zov\u011b<\/li>\n<li>V\u00fdhry v loterii nepodl\u00e9haj\u00ed v zemi zdan\u011bn\u00ed. Pokud v\u0161ak hrajete ze zahrani\u010d\u00ed, m\u011bli byste si ov\u011b\u0159it da\u0148ov\u00e9 z\u00e1kony sv\u00e9 zem\u011b.<\/li>\n<li>Na vyzvednut\u00ed v\u00fdhry m\u00e1te 180 dn\u00ed, ne\u017e se vr\u00e1t\u00ed zp\u011bt do fondu.<\/li>\n<\/ul>\n<p>Pokud jste se do loterie p\u0159ihl\u00e1sili prost\u0159ednictv\u00edm fyzick\u00e9ho prodejce, mo\u017en\u00e1 budete muset kontaktovat organiz\u00e1tory loterie, abyste si v\u00fdhru vyzvedli.<\/p>\n<h2>V\u00fdhody hran\u00ed loterie s Jackpotlotteryonline.com<\/h2>\n<ul>\n<li>Z\u00edsk\u00e1te rychl\u00fd a okam\u017eit\u00fd p\u0159\u00edstup k loterii. Nemus\u00edte \u017e\u00edt ve Velk\u00e9 Brit\u00e1nii, abyste mohli hr\u00e1t loterii<\/li>\n<li>Je to velmi pohodln\u00e9, proto\u017ee nemus\u00edte opou\u0161t\u011bt pohodl\u00ed sv\u00e9ho domova. Svou kombinaci si m\u016f\u017eete zkontrolovat z po\u010d\u00edta\u010de nebo mobiln\u00edho za\u0159\u00edzen\u00ed.<\/li>\n<li>Je to tak\u00e9 bezpe\u010dn\u011bj\u0161\u00ed, proto\u017ee v\u00e1\u0161 tiket je ulo\u017een digit\u00e1ln\u011b. To je d\u016fle\u017eit\u00e9, proto\u017ee jen tak si m\u016f\u017eete vyzvednout svou v\u00fdhru.<\/li>\n<li>Nemus\u00edte zme\u0161kat svou v\u00fdhru, proto\u017ee v\u00e1s okam\u017eit\u011b upozorn\u00edme, pokud vyhrajete n\u011bjakou cenu.<\/li>\n<li>Jakoukoli v\u00fdhru si m\u016f\u017eete snadno vybrat online, ani\u017e byste museli kamkoli chodit<\/li>\n<\/ul>\n<p>Pokud jste si je\u0161t\u011b nezakoupili tiket Thunderball, je pr\u00e1v\u011b te\u010f vhodn\u00e1 doba to ud\u011blat, abyste se mohli z\u00fa\u010dastnit dal\u0161\u00edho slosov\u00e1n\u00ed.<\/p>\n<h2>Co je to concierge site?<\/h2>\n<p>Zm\u00ednili jsme, \u017ee jsme concierge site, a mo\u017en\u00e1 v\u00e1s zaj\u00edm\u00e1, co to znamen\u00e1. Inu, jedn\u00edm z probl\u00e9m\u016f, kter\u00e9 hr\u00e1\u010di maj\u00ed p\u0159i n\u00e1kupu tiket\u016f online, je, \u017ee nikdy nev\u011bd\u00ed, zda se do loterie p\u0159ihl\u00e1sili. Mnoh\u00e9 str\u00e1nky umo\u017e\u0148uj\u00ed sv\u00fdm hr\u00e1\u010d\u016fm s\u00e1zet na v\u00fdsledek loterie, co\u017e je n\u011bco \u00fapln\u011b jin\u00e9ho.<\/p>\n<p>Na jackpotlotteryonline.com poskytujeme na\u0161im u\u017eivatel\u016fm p\u0159\u00edstup ke \u0161pi\u010dkov\u00fdm mezin\u00e1rodn\u00edm loteri\u00edm po cel\u00e9m sv\u011bt\u011b. Je to proto, \u017ee provozujeme port\u00e1l concierge, kde m\u00e1me agenty v r\u016fzn\u00fdch \u010d\u00e1stech sv\u011bta. Kdy\u017e si u n\u00e1s koup\u00edte losy, n\u00e1\u0161 agent v dan\u00e9 zemi koup\u00ed fyzick\u00fd los s odpov\u00eddaj\u00edc\u00edmi \u010d\u00edsly. Los je pot\u00e9 naskenov\u00e1n a zasl\u00e1n v\u00e1m.<\/p>\n<p>Kdy\u017e si u n\u00e1s koup\u00edte los Thunderball, m\u00e1te jistotu, \u017ee pokud se shodujete s vylosovan\u00fdmi \u010d\u00edsly, vyhrajete v loterii. Je to tak jednoduch\u00e9, a p\u0159esto je to jedin\u00e1 v\u011bc, kter\u00e1 na\u0161im z\u00e1kazn\u00edk\u016fm d\u00e1v\u00e1 klid na hran\u00ed loterie online.<\/p>\n<h2>Tipy pro v\u00fdhru Thunderball<\/h2>\n<p>P\u0159esto\u017ee je Thunderball hazardn\u00ed hra, existuj\u00ed v\u011bci, kter\u00e9 m\u016f\u017eete ud\u011blat, abyste zv\u00fd\u0161ili pravd\u011bpodobnost sv\u00e9 v\u00fdhry. N\u00ed\u017ee uv\u00e1d\u00edme n\u011bkolik z nich:<\/p>\n<ul>\n<li>Vyberte si \u0161\u0165astn\u00e9 \u010d\u00edslice. P\u0159i h\u0159e Thunderball nem\u016f\u017eete m\u00edt p\u0159\u00edli\u0161 mnoho \u0161t\u011bst\u00ed.<\/li>\n<li>Kupte si v\u00edce tiket\u016f a z\u00fa\u010dastn\u011bte se v\u00edce tah\u016f. \u010c\u00edm v\u00edce vstup\u016f toti\u017e m\u00e1te, t\u00edm vy\u0161\u0161\u00ed je va\u0161e \u0161ance na v\u00fdhru.<\/li>\n<li>P\u0159ipojte se k syndik\u00e1tu nebo jej zalo\u017ete. Jedn\u00e1 se o skupinu lid\u00ed, kte\u0159\u00ed spoj\u00ed sv\u00e9 prost\u0159edky, aby si mohli koupit v\u00edce tiket\u016f.<\/li>\n<li>Pevn\u011b v\u011b\u0159te, \u017ee vyhrajete. Existuje n\u011bco, co v\u00e1m p\u0159i v\u00ed\u0159e z cel\u00e9ho srdce p\u0159it\u00e1hne \u0161t\u011bst\u00ed. N\u011bkolik loterijn\u00edch v\u00fdherc\u016f hovo\u0159ilo o sv\u00e9 v\u00ed\u0159e, \u017ee vyhraj\u00ed.<\/li>\n<\/ul>\n<h2>Zkontrolujte si svou v\u00fdhern\u00ed kombinaci na jackpotlotteryonline.com.<\/h2>\n<p>Hr\u00e1\u010d\u016fm usnad\u0148ujeme p\u0159\u00edstup ke \u0161pi\u010dkov\u00fdm mezin\u00e1rodn\u00edm loteri\u00edm t\u00edm, \u017ee jim poskytujeme tikety online. Krom\u011b toho si na na\u0161ich str\u00e1nk\u00e1ch m\u016f\u017eete tak\u00e9 zkontrolovat v\u00fdsledky losov\u00e1n\u00ed a vyplatit sv\u00e9 v\u00fdhry. Hran\u00ed Thunderball nebylo nikdy tak uvol\u0148uj\u00edc\u00ed a bez stresu. A my jsme tvrd\u011b pracovali na tom, aby to tak z\u016fstalo i nad\u00e1le.<\/p>\n<p>Pokud si chcete vyzkou\u0161et britsk\u00fd Thunderball, nev\u00e1hejte a kupte si sv\u00e9 tikety hned te\u010f. Po ka\u017ed\u00e9m losov\u00e1n\u00ed nav\u0161tivte na\u0161e str\u00e1nky a zjist\u011bte v\u00fdsledky losov\u00e1n\u00ed a snadno si vypla\u0165te sv\u00e9 v\u00fdhry.<\/p>\n","protected":false},"excerpt":{"rendered":"<p>Thunderball je jednou z nejobl\u00edben\u011bj\u0161\u00edch britsk\u00fdch loteri\u00ed. Za malou \u010d\u00e1stku mohou s\u00e1zej\u00edc\u00ed vyhr\u00e1t p\u016fl milionu liber, co\u017e je fantastick\u00e9. Existuje spousta loteri\u00ed, ale na Thunderball je prost\u011b n\u011bco, co hr\u00e1\u010de p\u0159itahuje. M\u016f\u017ee to b\u00fdt neuv\u011b\u0159iteln\u011b p\u0159\u00edzniv\u00fd kurz nebo skute\u010dnost, \u017ee p\u0159in\u00e1\u0161\u00ed spoustu v\u00fdher. A\u0165 u\u017e je d\u016fvod jak\u00fdkoli, hr\u00e1\u010di po cel\u00e9m sv\u011bt\u011b kupuj\u00ed losy loterie [&hellip;]<\/p>\n","protected":false},"author":1,"featured_media":0,"parent":35816,"menu_order":12,"comment_status":"closed","ping_status":"closed","template":"thunderball-results.php","meta":{"_et_pb_use_builder":"","_et_pb_old_content":"","_et_gb_content_width":"","exclude_from_search":false,"footnotes":""},"class_list":["post-41295","page","type-page","status-publish","hentry"],"yoast_head":"<!-- This site is optimized with the Yoast SEO plugin v23.3 - https:\/\/yoast.com\/wordpress\/plugins\/seo\/ -->\n<title>V\u00edt\u011bzn\u00e1 \u010d\u00edsla loterie Thunderball a v\u00fdsledky losov\u00e1n\u00ed<\/title>\n<meta name=\"description\" content=\"Zkontrolujte sv\u016fj tiket podle vylosovan\u00fdch \u010d\u00edsel a v\u00fdsledk\u016f posledn\u00edho losov\u00e1n\u00ed Thunderball nebo si vyhledejte historick\u00e9 v\u00fdsledky losov\u00e1n\u00ed.\" \/>\n<meta name=\"robots\" content=\"index, follow, max-snippet:-1, max-image-preview:large, max-video-preview:-1\" \/>\n<link rel=\"canonical\" href=\"https:\/\/jackpotlotteryonline.com\/cs\/vyherni-cisla\/thunderball\/\" \/>\n<meta property=\"og:locale\" content=\"cs_CZ\" \/>\n<meta property=\"og:type\" content=\"article\" \/>\n<meta property=\"og:title\" content=\"V\u00edt\u011bzn\u00e1 \u010d\u00edsla loterie Thunderball a v\u00fdsledky losov\u00e1n\u00ed\" \/>\n<meta property=\"og:description\" content=\"Zkontrolujte sv\u016fj tiket podle vylosovan\u00fdch \u010d\u00edsel a v\u00fdsledk\u016f posledn\u00edho losov\u00e1n\u00ed Thunderball nebo si vyhledejte historick\u00e9 v\u00fdsledky losov\u00e1n\u00ed.\" \/>\n<meta property=\"og:url\" content=\"https:\/\/jackpotlotteryonline.com\/cs\/vyherni-cisla\/thunderball\/\" \/>\n<meta property=\"og:site_name\" content=\"Lotto Online - Crack The International Lottery Jackpots\" \/>\n<meta property=\"article:modified_time\" content=\"2022-12-29T13:01:02+00:00\" \/>\n<meta property=\"og:image\" content=\"https:\/\/jackpotlotteryonline.com\/wp-content\/uploads\/2022\/11\/1_rain_lottery_money_win-282x300.jpg\" \/>\n<meta name=\"twitter:card\" content=\"summary_large_image\" \/>\n<meta name=\"twitter:label1\" content=\"Odhadovan\u00e1 doba \u010dten\u00ed\" \/>\n\t<meta name=\"twitter:data1\" content=\"8 minut\" \/>\n<!-- \/ Yoast SEO plugin. -->","yoast_head_json":{"title":"V\u00edt\u011bzn\u00e1 \u010d\u00edsla loterie Thunderball a v\u00fdsledky losov\u00e1n\u00ed","description":"Zkontrolujte sv\u016fj tiket podle vylosovan\u00fdch \u010d\u00edsel a v\u00fdsledk\u016f posledn\u00edho losov\u00e1n\u00ed Thunderball nebo si vyhledejte historick\u00e9 v\u00fdsledky losov\u00e1n\u00ed.","robots":{"index":"index","follow":"follow","max-snippet":"max-snippet:-1","max-image-preview":"max-image-preview:large","max-video-preview":"max-video-preview:-1"},"canonical":"https:\/\/jackpotlotteryonline.com\/cs\/vyherni-cisla\/thunderball\/","og_locale":"cs_CZ","og_type":"article","og_title":"V\u00edt\u011bzn\u00e1 \u010d\u00edsla loterie Thunderball a v\u00fdsledky losov\u00e1n\u00ed","og_description":"Zkontrolujte sv\u016fj tiket podle vylosovan\u00fdch \u010d\u00edsel a v\u00fdsledk\u016f posledn\u00edho losov\u00e1n\u00ed Thunderball nebo si vyhledejte historick\u00e9 v\u00fdsledky losov\u00e1n\u00ed.","og_url":"https:\/\/jackpotlotteryonline.com\/cs\/vyherni-cisla\/thunderball\/","og_site_name":"Lotto Online - Crack The International Lottery Jackpots","article_modified_time":"2022-12-29T13:01:02+00:00","og_image":[{"url":"https:\/\/jackpotlotteryonline.com\/wp-content\/uploads\/2022\/11\/1_rain_lottery_money_win-282x300.jpg"}],"twitter_card":"summary_large_image","twitter_misc":{"Odhadovan\u00e1 doba \u010dten\u00ed":"8 minut"},"schema":{"@context":"https:\/\/schema.org","@graph":[{"@type":"WebPage","@id":"https:\/\/jackpotlotteryonline.com\/cs\/vyherni-cisla\/thunderball\/","url":"https:\/\/jackpotlotteryonline.com\/cs\/vyherni-cisla\/thunderball\/","name":"V\u00edt\u011bzn\u00e1 \u010d\u00edsla loterie Thunderball a v\u00fdsledky losov\u00e1n\u00ed","isPartOf":{"@id":"https:\/\/jackpotlotteryonline.com\/#website"},"primaryImageOfPage":{"@id":"https:\/\/jackpotlotteryonline.com\/cs\/vyherni-cisla\/thunderball\/#primaryimage"},"image":{"@id":"https:\/\/jackpotlotteryonline.com\/cs\/vyherni-cisla\/thunderball\/#primaryimage"},"thumbnailUrl":"https:\/\/jackpotlotteryonline.com\/wp-content\/uploads\/2022\/11\/1_rain_lottery_money_win-282x300.jpg","datePublished":"2022-12-09T05:36:21+00:00","dateModified":"2022-12-29T13:01:02+00:00","description":"Zkontrolujte sv\u016fj tiket podle vylosovan\u00fdch \u010d\u00edsel a v\u00fdsledk\u016f posledn\u00edho losov\u00e1n\u00ed Thunderball nebo si vyhledejte historick\u00e9 v\u00fdsledky losov\u00e1n\u00ed.","breadcrumb":{"@id":"https:\/\/jackpotlotteryonline.com\/cs\/vyherni-cisla\/thunderball\/#breadcrumb"},"inLanguage":"cs","potentialAction":[{"@type":"ReadAction","target":["https:\/\/jackpotlotteryonline.com\/cs\/vyherni-cisla\/thunderball\/"]}]},{"@type":"ImageObject","inLanguage":"cs","@id":"https:\/\/jackpotlotteryonline.com\/cs\/vyherni-cisla\/thunderball\/#primaryimage","url":"https:\/\/jackpotlotteryonline.com\/wp-content\/uploads\/2022\/11\/1_rain_lottery_money_win-282x300.jpg","contentUrl":"https:\/\/jackpotlotteryonline.com\/wp-content\/uploads\/2022\/11\/1_rain_lottery_money_win-282x300.jpg"},{"@type":"BreadcrumbList","@id":"https:\/\/jackpotlotteryonline.com\/cs\/vyherni-cisla\/thunderball\/#breadcrumb","itemListElement":[{"@type":"ListItem","position":1,"name":"Home","item":"https:\/\/jackpotlotteryonline.com\/cs\/"},{"@type":"ListItem","position":2,"name":"V\u00fdsledky loterie","item":"https:\/\/jackpotlotteryonline.com\/cs\/vyherni-cisla\/"},{"@type":"ListItem","position":3,"name":"Thunderball loterie \u010derp\u00e1n\u00ed v\u00fdsledky"}]},{"@type":"WebSite","@id":"https:\/\/jackpotlotteryonline.com\/#website","url":"https:\/\/jackpotlotteryonline.com\/","name":"Lotto Online - Crack The International Lottery Jackpots","description":"","potentialAction":[{"@type":"SearchAction","target":{"@type":"EntryPoint","urlTemplate":"https:\/\/jackpotlotteryonline.com\/?s={search_term_string}"},"query-input":"required name=search_term_string"}],"inLanguage":"cs"}]}},"_links":{"self":[{"href":"https:\/\/jackpotlotteryonline.com\/cs\/wp-json\/wp\/v2\/pages\/41295","targetHints":{"allow":["GET"]}}],"collection":[{"href":"https:\/\/jackpotlotteryonline.com\/cs\/wp-json\/wp\/v2\/pages"}],"about":[{"href":"https:\/\/jackpotlotteryonline.com\/cs\/wp-json\/wp\/v2\/types\/page"}],"author":[{"embeddable":true,"href":"https:\/\/jackpotlotteryonline.com\/cs\/wp-json\/wp\/v2\/users\/1"}],"replies":[{"embeddable":true,"href":"https:\/\/jackpotlotteryonline.com\/cs\/wp-json\/wp\/v2\/comments?post=41295"}],"version-history":[{"count":0,"href":"https:\/\/jackpotlotteryonline.com\/cs\/wp-json\/wp\/v2\/pages\/41295\/revisions"}],"up":[{"embeddable":true,"href":"https:\/\/jackpotlotteryonline.com\/cs\/wp-json\/wp\/v2\/pages\/35816"}],"wp:attachment":[{"href":"https:\/\/jackpotlotteryonline.com\/cs\/wp-json\/wp\/v2\/media?parent=41295"}],"curies":[{"name":"wp","href":"https:\/\/api.w.org\/{rel}","templated":true}]}}