{"id":41348,"date":"2022-12-09T07:54:51","date_gmt":"2022-12-09T07:54:51","guid":{"rendered":"https:\/\/jackpotlotteryonline.com\/?page_id=41348"},"modified":"2022-12-30T08:55:39","modified_gmt":"2022-12-30T08:55:39","slug":"new-york-lottery","status":"publish","type":"page","link":"https:\/\/jackpotlotteryonline.com\/cs\/vyherni-cisla\/new-york-lottery\/","title":{"rendered":"New York loterie \u010derp\u00e1n\u00ed v\u00fdsledky"},"content":{"rendered":"<p>Newyorsk\u00e9 lotto b\u00fdvalo jednou z t\u011bch p\u0159ehl\u00ed\u017een\u00fdch loteri\u00ed. Hlavn\u011b proto, \u017ee jste se do loterie mohli p\u0159ihl\u00e1sit pouze jako obyvatel\u00e9 New Yorku. To se nyn\u00ed zm\u011bnilo, proto\u017ee losy si mohou koupit hr\u00e1\u010di z cel\u00e9ho sv\u011bta. Nyn\u00ed si st\u00e1le v\u00edce loterijn\u00edch nad\u0161enc\u016f vyb\u00edr\u00e1 v\u00fdhern\u00ed \u010d\u00edsla hran\u00edm online. Tato newyorsk\u00e1 loterie byla zalo\u017eena za \u00fa\u010delem z\u00edsk\u00e1n\u00ed finan\u010dn\u00edch prost\u0159edk\u016f na vzd\u011bl\u00e1v\u00e1n\u00ed, tak\u017ee m\u00e1 sv\u016fj p\u016fvod v dobr\u00e9 v\u011bci. Poka\u017ed\u00e9, kdy\u017e si koup\u00edte los, p\u0159isp\u00edv\u00e1te na financov\u00e1n\u00ed vzd\u011bl\u00e1v\u00e1n\u00ed.<\/p>\n<p>P\u0159i<a href=\"https:\/\/jackpotlotteryonline.com\/cs\/koupit-vstupenky\/new-york-lottery\"> n\u00e1kupu losu na jackpotlotteryonline.com si<\/a> m\u016f\u017eete vybrat kombinaci New York lotto.<\/p>\n<h2>Jak hr\u00e1t New York lotto online<\/h2>\n<p>Hran\u00ed loterie je z\u00e1bavn\u00e9 a vzru\u0161uj\u00edc\u00ed. Tento z\u00e1\u017eitek se v\u0161ak je\u0161t\u011b umocn\u00ed, kdy\u017e hrajete online. Vstup do loterie online je rychl\u00fd, jednoduch\u00fd a zcela p\u0159\u00edmo\u010dar\u00fd. Pokud hrajete New York lotto, zde jsou n\u00ed\u017ee uveden\u00e9 kroky:<\/p>\n<ul>\n<li>Nav\u0161tivte vybranou str\u00e1nku (nap\u0159\u00edklad jackpotlotteryonline.com) a klikn\u011bte na loterii, kterou chcete hr\u00e1t.<\/li>\n<li>Zvolte si 6 z rozsahu 1 a\u017e 59. Existuje i sedm\u00e9 \u010d\u00edslo, ale to je n\u00e1hodn\u011b vylosov\u00e1no loterijn\u00ed spole\u010dnost\u00ed a nen\u00ed sou\u010d\u00e1st\u00ed va\u0161eho tiketu.<\/li>\n<li>Zadejte losov\u00e1n\u00ed, kter\u00e1 se konaj\u00ed ka\u017ed\u00fd t\u00fdden ve st\u0159edu a v sobotu. M\u016f\u017eete se z\u00fa\u010dastnit jen jednoho losov\u00e1n\u00ed nebo obou.<\/li>\n<li>Dokon\u010dete svou platbu. V\u011bt\u0161ina loterijn\u00edch str\u00e1nek po v\u00e1s bude cht\u00edt, abyste se zaregistrovali, abyste mohli dokon\u010dit platbu. Je to proto, abyste m\u011bli po zakoupen\u00ed tiketu k n\u011bmu snadn\u00fd p\u0159\u00edstup.<\/li>\n<\/ul>\n<p>Hran\u00ed loterie online je opravdu tak jednoduch\u00e9. Neexistuje \u017e\u00e1dn\u00fd jin\u00fd zp\u016fsob, jak z\u00edskat losy mimo New York. Proto poskytujeme nejlep\u0161\u00ed mo\u017enost pro hr\u00e1\u010de, kte\u0159\u00ed \u017eij\u00ed v jin\u00e9 \u010d\u00e1sti sv\u011bta.<\/p>\n<h2>Jak vybrat v\u00fdhern\u00ed \u010d\u00edsla<\/h2>\n<p><img loading=\"lazy\" decoding=\"async\" class=\"alignright size-full wp-image-29534\" src=\"http:\/\/jackpotlotteryonline.com\/wp-content\/uploads\/2022\/11\/1_results_lottery_online5.jpg\" alt=\"Hrajte New York lotto online\" width=\"300\" height=\"200\" \/>Dob\u0159e, existuje opravdu n\u011bjak\u00e1 strategie pro v\u00fdb\u011br v\u00fdhern\u00edch kombinac\u00ed, kter\u00e9 zaru\u010d\u00ed v\u00fdhru v loterii? Mysl\u00edme si, \u017ee neexistuje, a to z jednoduch\u00e9ho d\u016fvodu, \u017ee loterie je hra n\u00e1hody. Je docela obt\u00ed\u017en\u00e9 \u0159\u00edci, kter\u00e1 kombinace v\u00e1m pom\u016f\u017ee vyhr\u00e1t v loterii, zejm\u00e9na proto, \u017ee losov\u00e1n\u00ed je n\u00e1hodn\u00e9.<\/p>\n<p>P\u0159esto m\u016f\u017eete sv\u00e9 \u0161t\u011bst\u00ed pos\u00edlit t\u00edm, \u017ee si vyberete v\u00fdhern\u00ed \u010d\u00edsla, kter\u00e1 v\u00e1m p\u0159inesou pocit \u0161t\u011bst\u00ed. M\u016f\u017eete si tedy vybrat narozeniny, v\u00fdro\u010d\u00ed, \u010d\u00edslice, kter\u00e9 v\u00e1m cel\u00fd \u017eivot p\u0159in\u00e1\u0161ely \u0161t\u011bst\u00ed, atd. Nebo m\u016f\u017eete jednodu\u0161e pou\u017e\u00edt n\u00e1stroj automatick\u00e9ho gener\u00e1toru na na\u0161ich str\u00e1nk\u00e1ch a vybrat n\u00e1hodn\u00e1 \u010d\u00edsla.<\/p>\n<h2>Kategorie v\u00fdher loterie New York<\/h2>\n<p>Toto lotto New York m\u00e1 minim\u00e1ln\u00ed v\u00fd\u0161i jackpotu 2 miliony dolar\u016f. Pokud v\u0161ak jackpot po losov\u00e1n\u00ed nikdo nevyhraje, zv\u00fd\u0161\u00ed se o 300 000 dolar\u016f. Tato v\u00fdhra se d\u00e1le zvy\u0161uje, dokud se neobjev\u00ed v\u00edt\u011bz.<\/p>\n<p>Celkem existuje p\u011bt v\u00fdhern\u00edch kategori\u00ed v\u010detn\u011b jackpotu. A \u0161ance na celkovou v\u00fdhru je 1 ku 92,05. Rozd\u011blen\u00ed v\u00fdher z\u00e1vis\u00ed na celkov\u00e9m prodeji. Pro ka\u017ed\u00e9 loto je tedy 40 % tr\u017eeb p\u0159id\u011bleno jako v\u00fdhra. Jackpot je procentn\u00ed pod\u00edl z t\u00e9to \u010d\u00e1stky a nen\u00ed pevn\u011b stanoven. V\u00fdhern\u00ed kategorie loterie New York jsou uvedeny n\u00ed\u017ee:<\/p>\n<p>Kategorie 1: 6 \u010d\u00edsel &#8211; jackpot (30 %)<\/p>\n<p>Kategorie 2: 5 + bonusov\u00e9 \u010d\u00edslo &#8211; 2,9 % z prodeje.<\/p>\n<p>Kategorie 3: 5 \u010d\u00edsel &#8211; 2,2 % z prodeje.<\/p>\n<p>Kategorie 4: 4 \u010d\u00edsla &#8211; 2,5 % z prodeje<\/p>\n<p>Kategorie 5: 3 \u010d\u00edsla &#8211; 2,4 % z prodeje<\/p>\n<h2>Jak zkontrolovat vylosovan\u00e1 \u010d\u00edsla<\/h2>\n<p><img loading=\"lazy\" decoding=\"async\" class=\"alignright size-medium wp-image-29183\" src=\"http:\/\/jackpotlotteryonline.com\/wp-content\/uploads\/2022\/11\/1_play_lotto-online-300x199.jpg\" alt=\"V\u00edt\u011bzn\u00e1 \u010d\u00edsla loterie New York\" width=\"300\" height=\"199\" srcset=\"https:\/\/jackpotlotteryonline.com\/wp-content\/uploads\/2022\/11\/1_play_lotto-online-300x199.jpg 300w, https:\/\/jackpotlotteryonline.com\/wp-content\/uploads\/2022\/11\/1_play_lotto-online.jpg 350w\" sizes=\"auto, (max-width: 300px) 100vw, 300px\" \/>Jak zjist\u00edte, zda jste vyhr\u00e1li? V z\u00e1sad\u011b plat\u00ed, \u017ee pokud hrajete lotto New York na jackpotlotteryonline.com, pak v\u00e1s budeme informovat, pokud jste vyhr\u00e1li cenu. U\u010din\u00edme tak zasl\u00e1n\u00edm zpr\u00e1vy na v\u00e1\u0161 \u00fa\u010det a na v\u00e1\u0161 e-mail. Pokud jste u n\u00e1s zaregistrov\u00e1ni, opravdu neexistuje zp\u016fsob, jak byste mohli o svou v\u00fdhru p\u0159ij\u00edt.<\/p>\n<p>I kdy\u017e cenu nevyhrajete, m\u016f\u017eete si zkontrolovat v\u00fdhern\u00ed \u010d\u00edsla na t\u00e9to str\u00e1nce. Po ka\u017ed\u00e9m losov\u00e1n\u00ed zde zve\u0159ej\u0148ujeme v\u00fdsledky losov\u00e1n\u00ed. Proto se sem vra\u0165te a pod\u00edvejte se, jak\u00e1 kombinace vyhr\u00e1la jackpot nebo ceny z jin\u00fdch kategori\u00ed.<\/p>\n<h2>Jak si vybrat v\u00fdhru<\/h2>\n<p>Pokud jste vyhr\u00e1li cenu, m\u016f\u017eete se ke sv\u00e9 v\u00fdh\u0159e snadno dostat p\u0159\u00edmo zde na na\u0161ich str\u00e1nk\u00e1ch. V p\u0159\u00edpad\u011b v\u00fdher ni\u017e\u0161\u00edch ne\u017e 2 500 eur si m\u016f\u017eete v\u00fdhru vybrat p\u0159\u00edmo v na\u0161\u00ed platform\u011b. Je to jen ot\u00e1zka n\u011bkolika kliknut\u00ed a svou v\u00fdhru dostanete bez jak\u00fdchkoli pot\u00ed\u017e\u00ed.<\/p>\n<p>Pokud je v\u0161ak va\u0161e v\u00fdhra vy\u0161\u0161\u00ed ne\u017e 2 500 eur, mo\u017en\u00e1 budete muset kontaktovat p\u0159\u00edmo loterijn\u00ed spole\u010dnost. V takov\u00e9m p\u0159\u00edpad\u011b v\u00e1m za\u0161leme formul\u00e1\u0159 pro uplatn\u011bn\u00ed n\u00e1roku, kter\u00fd vypln\u00edte, a pom\u016f\u017eeme v\u00e1m s vy\u0159\u00edzen\u00edm va\u0161\u00ed v\u00fdhry.<\/p>\n<h2>Tipy pro hran\u00ed New York lotto<\/h2>\n<p>Pokud pot\u0159ebujete n\u011bjak\u00e9 tipy pro hran\u00ed loterie, \u010dt\u011bte d\u00e1l. Tyto tipy jsou u\u017eite\u010dn\u00e9, kdy\u017e hrajete jakoukoli \u0161pi\u010dkovou mezin\u00e1rodn\u00ed loterii. Neomezuj\u00ed se tedy pouze na lotto New York.<\/p>\n<ul>\n<li style=\"list-style-type: none;\">\n<ul>\n<li>Pe\u010dliv\u011b si vyb\u00edrejte v\u00fdhern\u00ed \u010d\u00edsla. I kdy\u017e nem\u016f\u017eete p\u0159edpov\u011bd\u011bt v\u00edt\u011bze loterie, v\u017edy je dobr\u00e9 vybrat si kombinaci, kter\u00e1 m\u00e1 pro v\u00e1s v\u00fdznam.<\/li>\n<li>Pro toto lotto New York je d\u016fle\u017eit\u00e9 bonusov\u00e9 \u010d\u00edslo, proto\u017ee ur\u010duje v\u00fdhru ve druh\u00e9 kategorii. Proto ho neignorujte, proto\u017ee m\u016f\u017eete odej\u00edt dom\u016f s p\u011bknou v\u00fdhrou, i kdy\u017e nevyhrajete jackpot.<\/li>\n<li>V\u011bnujte pozornost losovac\u00edm dn\u016fm, proto\u017ee pr\u00e1v\u011b tehdy se dozv\u00edme \u010d\u00edslo, kter\u00e9 vyhr\u00e1v\u00e1. Nav\u00edc pokud se do slosov\u00e1n\u00ed nezapoj\u00edte, nem\u016f\u017eete b\u011bhem n\u011bj vyhr\u00e1t \u017e\u00e1dnou cenu. Slosovac\u00ed dny jsou tedy opravdu d\u016fle\u017eit\u00e9. Do slosov\u00e1n\u00ed se m\u016f\u017eete p\u0159ihl\u00e1sit i n\u011bkolik t\u00fddn\u016f p\u0159edem (pozd\u011bji v\u00e1m uk\u00e1\u017eeme, jak na to).<\/li>\n<\/ul>\n<\/li>\n<\/ul>\n<section class=\"layout\" style=\"border: solid 1px; width: 100%;\">\n<div class=\"img-div\" style=\"margin-top: 5px;\"><img decoding=\"async\" class=\"wp-image-17212 alignleft\" style=\"height: 45px; margin: 8px 8px 0px;\" src=\"http:\/\/jackpotlotteryonline.com\/wp-content\/uploads\/2022\/11\/read1.jpg\" alt=\"P\u0159e\u010dt\u011bte si\" width=\"\" height=\"\" \/><\/div>\n<div style=\"padding-left: 5px;\">\n<div style=\"font-size: 1.1em;\">\n<p><strong>Jak\u00e9 je tajemstv\u00ed \u00fasp\u011bchu v loterii?<\/strong><\/p>\n<p style=\"font-size: 0.85em; margin-top: -1.5em;\">Jak \u00fasp\u011b\u0161n\u011b hr\u00e1t loterii\u00a0 <a href=\"https:\/\/jackpotlotteryonline.com\/cs\/jake-je-tajemstvi-loterijniho-uspechu\"> P\u0159e\u010dt\u011bte si v\u00edce<\/a><\/p>\n<\/div>\n<\/div>\n<\/section>\n<h2>V\u00fdsledky slosov\u00e1n\u00ed si m\u016f\u017eete prohl\u00e9dnout na webu jackpotlotteryonline.com.<\/h2>\n<p>Jsme port\u00e1l, kter\u00fd se star\u00e1 o detaily, aby si na\u0161i z\u00e1kazn\u00edci mohli vychutnat z\u00e1\u017eitek z hran\u00ed loterie. Ch\u00e1peme, \u017ee se nikdo nechce starat o mali\u010dkosti. Tento \u010das byste mohli l\u00e9pe str\u00e1vit zdokonalov\u00e1n\u00edm sv\u00e9 loterijn\u00ed strategie. A pr\u00e1v\u011b proto jsme tu my.<\/p>\n<p>Na\u0161im z\u00e1kazn\u00edk\u016fm d\u00e1v\u00e1me mo\u017enost \u00fa\u010dastnit se loteri\u00ed po cel\u00e9m sv\u011bt\u011b. P\u0159\u00edmo zde tak\u00e9 zve\u0159ej\u0148ujeme v\u00fdsledky loteri\u00ed a poskytujeme bezprobl\u00e9mov\u00fd syst\u00e9m, abyste m\u011bli p\u0159\u00edstup ke sv\u00fdm v\u00fdhr\u00e1m.<\/p>\n<p><a href=\"https:\/\/jackpotlotteryonline.com\/cs\/jak-hrat\/new-york-lottery-2\">Hr\u00e1t s n\u00e1mi loterie New York<\/a> je v\u00fdhra pro v\u0161echny.<\/p>\n","protected":false},"excerpt":{"rendered":"<p>Newyorsk\u00e9 lotto b\u00fdvalo jednou z t\u011bch p\u0159ehl\u00ed\u017een\u00fdch loteri\u00ed. Hlavn\u011b proto, \u017ee jste se do loterie mohli p\u0159ihl\u00e1sit pouze jako obyvatel\u00e9 New Yorku. To se nyn\u00ed zm\u011bnilo, proto\u017ee losy si mohou koupit hr\u00e1\u010di z cel\u00e9ho sv\u011bta. Nyn\u00ed si st\u00e1le v\u00edce loterijn\u00edch nad\u0161enc\u016f vyb\u00edr\u00e1 v\u00fdhern\u00ed \u010d\u00edsla hran\u00edm online. Tato newyorsk\u00e1 loterie byla zalo\u017eena za \u00fa\u010delem z\u00edsk\u00e1n\u00ed finan\u010dn\u00edch [&hellip;]<\/p>\n","protected":false},"author":1,"featured_media":0,"parent":35816,"menu_order":15,"comment_status":"closed","ping_status":"closed","template":"newyork-results.php","meta":{"_et_pb_use_builder":"","_et_pb_old_content":"","_et_gb_content_width":"","exclude_from_search":false,"footnotes":""},"class_list":["post-41348","page","type-page","status-publish","hentry"],"yoast_head":"<!-- This site is optimized with the Yoast SEO plugin v23.3 - https:\/\/yoast.com\/wordpress\/plugins\/seo\/ -->\n<title>New York loterie vylosovan\u00e1 \u010d\u00edsla a v\u00fdsledky losov\u00e1n\u00ed<\/title>\n<meta name=\"description\" content=\"V\u00fdsledky losov\u00e1n\u00ed loterie New York - vylosovan\u00e1 \u010d\u00edsla, vyhran\u00e9 \u010d\u00e1stky pro v\u0161echna minul\u00e1 i sou\u010dasn\u00e1 losov\u00e1n\u00ed.\" \/>\n<meta name=\"robots\" content=\"index, follow, max-snippet:-1, max-image-preview:large, max-video-preview:-1\" \/>\n<link rel=\"canonical\" href=\"https:\/\/jackpotlotteryonline.com\/cs\/vyherni-cisla\/new-york-lottery\/\" \/>\n<meta property=\"og:locale\" content=\"cs_CZ\" \/>\n<meta property=\"og:type\" content=\"article\" \/>\n<meta property=\"og:title\" content=\"New York loterie vylosovan\u00e1 \u010d\u00edsla a v\u00fdsledky losov\u00e1n\u00ed\" \/>\n<meta property=\"og:description\" content=\"V\u00fdsledky losov\u00e1n\u00ed loterie New York - vylosovan\u00e1 \u010d\u00edsla, vyhran\u00e9 \u010d\u00e1stky pro v\u0161echna minul\u00e1 i sou\u010dasn\u00e1 losov\u00e1n\u00ed.\" \/>\n<meta property=\"og:url\" content=\"https:\/\/jackpotlotteryonline.com\/cs\/vyherni-cisla\/new-york-lottery\/\" \/>\n<meta property=\"og:site_name\" content=\"Lotto Online - Crack The International Lottery Jackpots\" \/>\n<meta property=\"article:modified_time\" content=\"2022-12-30T08:55:39+00:00\" \/>\n<meta property=\"og:image\" content=\"http:\/\/jackpotlotteryonline.com\/wp-content\/uploads\/2022\/11\/1_results_lottery_online5.jpg\" \/>\n<meta name=\"twitter:card\" content=\"summary_large_image\" \/>\n<meta name=\"twitter:label1\" content=\"Odhadovan\u00e1 doba \u010dten\u00ed\" \/>\n\t<meta name=\"twitter:data1\" content=\"5 minut\" \/>\n<!-- \/ Yoast SEO plugin. -->","yoast_head_json":{"title":"New York loterie vylosovan\u00e1 \u010d\u00edsla a v\u00fdsledky losov\u00e1n\u00ed","description":"V\u00fdsledky losov\u00e1n\u00ed loterie New York - vylosovan\u00e1 \u010d\u00edsla, vyhran\u00e9 \u010d\u00e1stky pro v\u0161echna minul\u00e1 i sou\u010dasn\u00e1 losov\u00e1n\u00ed.","robots":{"index":"index","follow":"follow","max-snippet":"max-snippet:-1","max-image-preview":"max-image-preview:large","max-video-preview":"max-video-preview:-1"},"canonical":"https:\/\/jackpotlotteryonline.com\/cs\/vyherni-cisla\/new-york-lottery\/","og_locale":"cs_CZ","og_type":"article","og_title":"New York loterie vylosovan\u00e1 \u010d\u00edsla a v\u00fdsledky losov\u00e1n\u00ed","og_description":"V\u00fdsledky losov\u00e1n\u00ed loterie New York - vylosovan\u00e1 \u010d\u00edsla, vyhran\u00e9 \u010d\u00e1stky pro v\u0161echna minul\u00e1 i sou\u010dasn\u00e1 losov\u00e1n\u00ed.","og_url":"https:\/\/jackpotlotteryonline.com\/cs\/vyherni-cisla\/new-york-lottery\/","og_site_name":"Lotto Online - Crack The International Lottery Jackpots","article_modified_time":"2022-12-30T08:55:39+00:00","og_image":[{"url":"http:\/\/jackpotlotteryonline.com\/wp-content\/uploads\/2022\/11\/1_results_lottery_online5.jpg"}],"twitter_card":"summary_large_image","twitter_misc":{"Odhadovan\u00e1 doba \u010dten\u00ed":"5 minut"},"schema":{"@context":"https:\/\/schema.org","@graph":[{"@type":"WebPage","@id":"https:\/\/jackpotlotteryonline.com\/cs\/vyherni-cisla\/new-york-lottery\/","url":"https:\/\/jackpotlotteryonline.com\/cs\/vyherni-cisla\/new-york-lottery\/","name":"New York loterie vylosovan\u00e1 \u010d\u00edsla a v\u00fdsledky losov\u00e1n\u00ed","isPartOf":{"@id":"https:\/\/jackpotlotteryonline.com\/#website"},"primaryImageOfPage":{"@id":"https:\/\/jackpotlotteryonline.com\/cs\/vyherni-cisla\/new-york-lottery\/#primaryimage"},"image":{"@id":"https:\/\/jackpotlotteryonline.com\/cs\/vyherni-cisla\/new-york-lottery\/#primaryimage"},"thumbnailUrl":"http:\/\/jackpotlotteryonline.com\/wp-content\/uploads\/2022\/11\/1_results_lottery_online5.jpg","datePublished":"2022-12-09T07:54:51+00:00","dateModified":"2022-12-30T08:55:39+00:00","description":"V\u00fdsledky losov\u00e1n\u00ed loterie New York - vylosovan\u00e1 \u010d\u00edsla, vyhran\u00e9 \u010d\u00e1stky pro v\u0161echna minul\u00e1 i sou\u010dasn\u00e1 losov\u00e1n\u00ed.","breadcrumb":{"@id":"https:\/\/jackpotlotteryonline.com\/cs\/vyherni-cisla\/new-york-lottery\/#breadcrumb"},"inLanguage":"cs","potentialAction":[{"@type":"ReadAction","target":["https:\/\/jackpotlotteryonline.com\/cs\/vyherni-cisla\/new-york-lottery\/"]}]},{"@type":"ImageObject","inLanguage":"cs","@id":"https:\/\/jackpotlotteryonline.com\/cs\/vyherni-cisla\/new-york-lottery\/#primaryimage","url":"http:\/\/jackpotlotteryonline.com\/wp-content\/uploads\/2022\/11\/1_results_lottery_online5.jpg","contentUrl":"http:\/\/jackpotlotteryonline.com\/wp-content\/uploads\/2022\/11\/1_results_lottery_online5.jpg"},{"@type":"BreadcrumbList","@id":"https:\/\/jackpotlotteryonline.com\/cs\/vyherni-cisla\/new-york-lottery\/#breadcrumb","itemListElement":[{"@type":"ListItem","position":1,"name":"Home","item":"https:\/\/jackpotlotteryonline.com\/cs\/"},{"@type":"ListItem","position":2,"name":"V\u00fdsledky loterie","item":"https:\/\/jackpotlotteryonline.com\/cs\/vyherni-cisla\/"},{"@type":"ListItem","position":3,"name":"New York loterie \u010derp\u00e1n\u00ed v\u00fdsledky"}]},{"@type":"WebSite","@id":"https:\/\/jackpotlotteryonline.com\/#website","url":"https:\/\/jackpotlotteryonline.com\/","name":"Lotto Online - Crack The International Lottery Jackpots","description":"","potentialAction":[{"@type":"SearchAction","target":{"@type":"EntryPoint","urlTemplate":"https:\/\/jackpotlotteryonline.com\/?s={search_term_string}"},"query-input":"required name=search_term_string"}],"inLanguage":"cs"}]}},"_links":{"self":[{"href":"https:\/\/jackpotlotteryonline.com\/cs\/wp-json\/wp\/v2\/pages\/41348","targetHints":{"allow":["GET"]}}],"collection":[{"href":"https:\/\/jackpotlotteryonline.com\/cs\/wp-json\/wp\/v2\/pages"}],"about":[{"href":"https:\/\/jackpotlotteryonline.com\/cs\/wp-json\/wp\/v2\/types\/page"}],"author":[{"embeddable":true,"href":"https:\/\/jackpotlotteryonline.com\/cs\/wp-json\/wp\/v2\/users\/1"}],"replies":[{"embeddable":true,"href":"https:\/\/jackpotlotteryonline.com\/cs\/wp-json\/wp\/v2\/comments?post=41348"}],"version-history":[{"count":0,"href":"https:\/\/jackpotlotteryonline.com\/cs\/wp-json\/wp\/v2\/pages\/41348\/revisions"}],"up":[{"embeddable":true,"href":"https:\/\/jackpotlotteryonline.com\/cs\/wp-json\/wp\/v2\/pages\/35816"}],"wp:attachment":[{"href":"https:\/\/jackpotlotteryonline.com\/cs\/wp-json\/wp\/v2\/media?parent=41348"}],"curies":[{"name":"wp","href":"https:\/\/api.w.org\/{rel}","templated":true}]}}