{"id":41402,"date":"2022-12-09T09:37:22","date_gmt":"2022-12-09T09:37:22","guid":{"rendered":"https:\/\/jackpotlotteryonline.com\/?page_id=41402"},"modified":"2022-12-30T11:35:14","modified_gmt":"2022-12-30T11:35:14","slug":"oz-lotto","status":"publish","type":"page","link":"https:\/\/jackpotlotteryonline.com\/cs\/vyherni-cisla\/oz-lotto\/","title":{"rendered":"Oz Lotto \u010derpat v\u00fdsledky"},"content":{"rendered":"<h2>Oz Lotto \u010derpat v\u00fdsledky Informace<\/h2>\n<p><img loading=\"lazy\" decoding=\"async\" class=\"alignright size-full wp-image-26942\" src=\"https:\/\/jackpotlotteryonline.com\/wp-content\/uploads\/2022\/11\/1_euromillions_results.jpg\" alt=\"Oz lotto v\u00fdsledky losov\u00e1n\u00ed\" width=\"300\" height=\"200\" \/>Zaj\u00edmaj\u00ed v\u00e1s v\u00fdsledky losov\u00e1n\u00ed Oz Lotto nebo co se stane pot\u00e9, co n\u011bkdo vyhraje? Tento \u010dl\u00e1nek v\u00e1m porad\u00ed, jak na tyto ot\u00e1zky odpov\u011bd\u011bt.<\/p>\n<p>Toto australsk\u00e9 Lotto se losuje ka\u017ed\u00e9 \u00fater\u00fd a sobotu v 19:30 na\u0161eho \u010dasu, tak\u017ee po v\u00fdb\u011bru \u010d\u00edsel se m\u016f\u017eete pohodln\u011b usadit a \u010dekat na losov\u00e1n\u00ed. Losov\u00e1n\u00ed prob\u00edh\u00e1 v Sydney prost\u0159ednictv\u00edm po\u010d\u00edta\u010dov\u00e9ho gener\u00e1toru \u010d\u00edsel.<\/p>\n<p>Oz Lotto je pom\u011brn\u011b v\u00fdnosn\u00e1 hra, kter\u00e1 m\u00e1 sedm v\u00fdhern\u00edch diviz\u00ed, kde v p\u0159\u00edpad\u011b, \u017ee nen\u00ed vyhr\u00e1na divize 1 (jackpot), lze vyhr\u00e1t dal\u0161\u00ed ceny, pokud hr\u00e1\u010d uhodne p\u011bt nebo \u010dty\u0159i \u010d\u00edsla. Krom\u011b toho se ud\u011bluje deset v\u00fdher po 2 milionech dolar\u016f, pokud \u017e\u00e1dn\u00fd hr\u00e1\u010d neuhodne v\u0161ech sedm vylosovan\u00fdch \u010d\u00edsel.<\/p>\n<p>V\u00fdsledky losov\u00e1n\u00ed loterie jsou rovn\u011b\u017e zve\u0159ejn\u011bny t\u00fdden po losov\u00e1n\u00ed na internetov\u00fdch str\u00e1nk\u00e1ch viktori\u00e1nsk\u00e9 vl\u00e1dy. \u010cas losov\u00e1n\u00ed je neve\u0159ejn\u00fd, a to z d\u016fvodu ochrany soukrom\u00ed \u00fa\u010dastn\u00edk\u016f.<\/p>\n<h2>Jak mohu vyhr\u00e1t australskou loterii Oz Lotto?<\/h2>\n<p>Chcete-li vyhr\u00e1t jakoukoli cenu v programu Oz Lotto, m\u011bli byste zn\u00e1t n\u00e1sleduj\u00edc\u00ed informace:<\/p>\n<ol>\n<li>Pro<a href=\"https:\/\/jackpotlotteryonline.com\/cs\/jak-hrat\/oz-lotto\"> hru Oz Lotto<\/a> mus\u00ed hr\u00e1\u010d vylosovat deset \u010d\u00edsel z celkov\u00e9ho po\u010dtu 47 \u010d\u00edsel.<\/li>\n<li>Prvn\u00edch sedm vylosovan\u00fdch \u010d\u00edsel se pova\u017euje za v\u00fdhern\u00ed \u010d\u00edsla pro z\u00edsk\u00e1n\u00ed jackpotu.<\/li>\n<li>Zb\u00fdvaj\u00edc\u00ed t\u0159i vylosovan\u00e1 \u010d\u00edsla jsou dopl\u0148kov\u00e1 \u010d\u00edsla, kter\u00e1 se pou\u017e\u00edvaj\u00ed pro ur\u010den\u00ed v\u00fdher v ostatn\u00edch diviz\u00edch.<\/li>\n<li>\u010c\u00edm v\u00edce shodn\u00fdch \u010d\u00edsel hr\u00e1\u010d vylosuje, t\u00edm vy\u0161\u0161\u00ed je v\u00fdhra.<\/li>\n<li>\u00da\u010dast ve h\u0159e Oz Lotto je hra s n\u00e1hodou; m\u016f\u017eete bu\u010f vyhr\u00e1t, nebo prohr\u00e1t.<\/li>\n<\/ol>\n<h2>Jak zjist\u00edm, zda jsem vyhr\u00e1l v konkr\u00e9tn\u00edm losov\u00e1n\u00ed?<\/h2>\n<p><img loading=\"lazy\" decoding=\"async\" class=\"alignright size-full wp-image-26159\" src=\"https:\/\/jackpotlotteryonline.com\/wp-content\/uploads\/2022\/11\/1_buy_lottery_online.jpg\" alt=\"Oz lotto v\u00fdsledky losov\u00e1n\u00ed\" width=\"212\" height=\"142\" \/>Pokud jste <a href=\"https:\/\/jackpotlotteryonline.com\/cs\/koupit-vstupenky\/oz-lotto\">si u n\u00e1s zakoupili tiket<\/a>, zkontrolujte si laskav\u011b v\u00fdsledky losov\u00e1n\u00ed na na\u0161ich webov\u00fdch str\u00e1nk\u00e1ch. Nejjednodu\u0161\u0161\u00ed zp\u016fsob, jak zjistit, zda jste vyhr\u00e1li, je p\u0159ihl\u00e1sit se ke sv\u00e9mu hr\u00e1\u010dsk\u00e9mu \u00fa\u010dtu na na\u0161ich webov\u00fdch str\u00e1nk\u00e1ch. Pot\u00e9 p\u0159ejd\u011bte do sekce &#8220;moje tikety&#8221; a uvid\u00edte sken sv\u00e9ho tiketu s \u010d\u00edsly, se kter\u00fdmi jste hr\u00e1li. Po slosov\u00e1n\u00ed budou v\u0161echny shodn\u00e9 \u010d\u00edslice zv\u00fdrazn\u011bny.<\/p>\n<p>Dal\u0161\u00edm zp\u016fsobem, jak zjistit, zda jste vyhr\u00e1li, je zkontrolovat sv\u016fj e-mail. Ihned po losov\u00e1n\u00ed obdr\u017e\u00edte e-mail, kter\u00fd v\u00e1s o tom informuje. Pomoc\u00ed t\u00e9to informace zjist\u00edte, zda jste v dan\u00e9m losov\u00e1n\u00ed vyhr\u00e1li.<\/p>\n<p>M\u016f\u017eete tak\u00e9 nav\u0161t\u00edvit ofici\u00e1ln\u00ed webov\u00e9 str\u00e1nky australsk\u00e9 loterie Oz Lotto a dozv\u011bd\u011bt se v\u00edce o minul\u00fdch v\u00fdsledc\u00edch a obecn\u00fdch informac\u00edch o t\u00e9to loterii.<\/p>\n<h2>Zp\u016fsoby, jak zv\u00fd\u0161it sv\u00e9 \u0161ance na v\u00fdhru<\/h2>\n<p>Chcete-li zv\u00fd\u0161it sv\u00e9 \u0161ance na z\u00edsk\u00e1n\u00ed jackpotu, m\u016f\u017eete se z\u00fa\u010dastnit v\u00edce tah\u016f zakoupen\u00edm tiket\u016f pro po sob\u011b jdouc\u00ed tahy. To umo\u017e\u0148uje hr\u00e1t stejn\u00fd v\u00fdb\u011br po dobu n\u011bkolika t\u00fddn\u016f. No, hran\u00ed t\u00edmto zp\u016fsobem zv\u00fd\u0161\u00ed n\u00e1klady na va\u0161e p\u0159\u00edkazy, ale umo\u017en\u00ed v\u00e1m hr\u00e1t ve v\u00edce taz\u00edch.<\/p>\n<section class=\"layout\" style=\"border: solid 1px; width: 100%;\">\n<div class=\"img-div\" style=\"margin-top: 5px;\"><img decoding=\"async\" class=\"wp-image-17212 alignleft\" style=\"height: 45px; margin: 8px 8px 0px;\" src=\"https:\/\/jackpotlotteryonline.com\/wp-content\/uploads\/2022\/11\/read1.jpg\" alt=\"P\u0159e\u010dt\u011bte si\" width=\"\" height=\"\" \/><\/div>\n<div style=\"padding-left: 5px;\">\n<div style=\"font-size: 1.1em;\">\n<p><strong>V\u00fdhern\u00ed \u010d\u00edsla loterie m\u016f\u017eete vyb\u00edrat ru\u010dn\u011b nebo pomoc\u00ed RNG.<\/strong><\/p>\n<p style=\"font-size: 0.85em; margin-top: -1.5em;\">Jak vygenerovat v\u00fdhern\u00ed \u010d\u00edsla loterie? <a href=\"https:\/\/jackpotlotteryonline.com\/cs\/jak-vygenerovat-vyherni-cisla-v-loteri\">P\u0159e\u010dt\u011bte si v\u00edce<\/a><\/p>\n<\/div>\n<\/div>\n<\/section>\n<h2>Jak mohu obdr\u017eet svou v\u00fdhru?<\/h2>\n<p>V p\u0159\u00edpad\u011b v\u00fdhry jak\u00e9koli ceny si v\u0161\u00edmejte n\u00e1sleduj\u00edc\u00edch informac\u00ed:<\/p>\n<ul>\n<li>V\u00fdhry ni\u017e\u0161\u00ed ne\u017e 2500 \u20ac budou automaticky p\u0159evedeny na v\u00e1\u0161 hr\u00e1\u010dsk\u00fd \u00fa\u010det. V\u00fdhru si m\u016f\u017eete vybrat nebo za ni pokra\u010dovat v n\u00e1kupu dal\u0161\u00edch tiket\u016f.<\/li>\n<li>V p\u0159\u00edpad\u011b v\u00fdhry vy\u0161\u0161\u00ed ne\u017e 2500 \u20ac bude v\u00fdhra vyplacena p\u0159\u00edmo loterijn\u00ed komis\u00ed a m\u016f\u017eete ji obdr\u017eet bu\u010f bankovn\u00edm p\u0159evodem, nebo \u0161ekem.<\/li>\n<\/ul>\n<p>Ur\u010dit\u011b si nenechte uj\u00edt slosov\u00e1n\u00ed. Abyste m\u011bli jistotu, \u017ee v\u00e1m neunikne \u017e\u00e1dn\u00e1 informace, doporu\u010dujeme hr\u00e1\u010d\u016fm za\u0159adit si web jackpotlotteryonline.com na b\u00edlou listinu d\u016fv\u011bryhodn\u00fdch poskytovatel\u016f e-mailov\u00fdch slu\u017eeb.<\/p>\n<p><strong>Na z\u00e1v\u011br&#8230;<\/strong><\/p>\n<p>Oz Lotto je jednou z nejobl\u00edben\u011bj\u0161\u00edch loterijn\u00edch her v Austr\u00e1lii od roku 1994. Mnoho lid\u00ed se d\u00edky n\u00ed stalo p\u0159es noc milion\u00e1\u0159i. Co v\u00e1s tedy nut\u00ed nehr\u00e1t? Z\u00fa\u010dastn\u011bte se t\u00e9to australsk\u00e9 loterie a m\u00e1te \u0161anci vyhr\u00e1t jednu z mnoha cen, ne-li rovnou jackpot.<\/p>\n<p><strong>Zaregistrujte se je\u0161t\u011b dnes a vyhrajte!<\/strong><\/p>\n","protected":false},"excerpt":{"rendered":"<p>Oz Lotto \u010derpat v\u00fdsledky Informace Zaj\u00edmaj\u00ed v\u00e1s v\u00fdsledky losov\u00e1n\u00ed Oz Lotto nebo co se stane pot\u00e9, co n\u011bkdo vyhraje? Tento \u010dl\u00e1nek v\u00e1m porad\u00ed, jak na tyto ot\u00e1zky odpov\u011bd\u011bt. Toto australsk\u00e9 Lotto se losuje ka\u017ed\u00e9 \u00fater\u00fd a sobotu v 19:30 na\u0161eho \u010dasu, tak\u017ee po v\u00fdb\u011bru \u010d\u00edsel se m\u016f\u017eete pohodln\u011b usadit a \u010dekat na losov\u00e1n\u00ed. Losov\u00e1n\u00ed prob\u00edh\u00e1 [&hellip;]<\/p>\n","protected":false},"author":1,"featured_media":0,"parent":35816,"menu_order":16,"comment_status":"closed","ping_status":"closed","template":"","meta":{"_et_pb_use_builder":"","_et_pb_old_content":"","_et_gb_content_width":"","exclude_from_search":false,"footnotes":""},"class_list":["post-41402","page","type-page","status-publish","hentry"],"yoast_head":"<!-- This site is optimized with the Yoast SEO plugin v23.3 - https:\/\/yoast.com\/wordpress\/plugins\/seo\/ -->\n<title>Oz Lotto vylosovan\u00e1 \u010d\u00edsla a v\u00fdsledky losov\u00e1n\u00ed<\/title>\n<meta name=\"description\" content=\"Pod\u00edvejte se na vylosovan\u00e1 \u010d\u00edsla a minul\u00e9 v\u00fdsledky australsk\u00e9 loterie Oz Lotto na na\u0161\u00ed str\u00e1nce s v\u00fdsledky losov\u00e1n\u00ed. Ujist\u011bte se, \u017ee v\u00e1m nic neunikne!\" \/>\n<meta name=\"robots\" content=\"index, follow, max-snippet:-1, max-image-preview:large, max-video-preview:-1\" \/>\n<link rel=\"canonical\" href=\"https:\/\/jackpotlotteryonline.com\/cs\/vyherni-cisla\/oz-lotto\/\" \/>\n<meta property=\"og:locale\" content=\"cs_CZ\" \/>\n<meta property=\"og:type\" content=\"article\" \/>\n<meta property=\"og:title\" content=\"Oz Lotto vylosovan\u00e1 \u010d\u00edsla a v\u00fdsledky losov\u00e1n\u00ed\" \/>\n<meta property=\"og:description\" content=\"Pod\u00edvejte se na vylosovan\u00e1 \u010d\u00edsla a minul\u00e9 v\u00fdsledky australsk\u00e9 loterie Oz Lotto na na\u0161\u00ed str\u00e1nce s v\u00fdsledky losov\u00e1n\u00ed. Ujist\u011bte se, \u017ee v\u00e1m nic neunikne!\" \/>\n<meta property=\"og:url\" content=\"https:\/\/jackpotlotteryonline.com\/cs\/vyherni-cisla\/oz-lotto\/\" \/>\n<meta property=\"og:site_name\" content=\"Lotto Online - Crack The International Lottery Jackpots\" \/>\n<meta property=\"article:modified_time\" content=\"2022-12-30T11:35:14+00:00\" \/>\n<meta property=\"og:image\" content=\"https:\/\/jackpotlotteryonline.com\/wp-content\/uploads\/2022\/11\/1_euromillions_results.jpg\" \/>\n<meta name=\"twitter:card\" content=\"summary_large_image\" \/>\n<meta name=\"twitter:label1\" content=\"Odhadovan\u00e1 doba \u010dten\u00ed\" \/>\n\t<meta name=\"twitter:data1\" content=\"3 minuty\" \/>\n<!-- \/ Yoast SEO plugin. -->","yoast_head_json":{"title":"Oz Lotto vylosovan\u00e1 \u010d\u00edsla a v\u00fdsledky losov\u00e1n\u00ed","description":"Pod\u00edvejte se na vylosovan\u00e1 \u010d\u00edsla a minul\u00e9 v\u00fdsledky australsk\u00e9 loterie Oz Lotto na na\u0161\u00ed str\u00e1nce s v\u00fdsledky losov\u00e1n\u00ed. Ujist\u011bte se, \u017ee v\u00e1m nic neunikne!","robots":{"index":"index","follow":"follow","max-snippet":"max-snippet:-1","max-image-preview":"max-image-preview:large","max-video-preview":"max-video-preview:-1"},"canonical":"https:\/\/jackpotlotteryonline.com\/cs\/vyherni-cisla\/oz-lotto\/","og_locale":"cs_CZ","og_type":"article","og_title":"Oz Lotto vylosovan\u00e1 \u010d\u00edsla a v\u00fdsledky losov\u00e1n\u00ed","og_description":"Pod\u00edvejte se na vylosovan\u00e1 \u010d\u00edsla a minul\u00e9 v\u00fdsledky australsk\u00e9 loterie Oz Lotto na na\u0161\u00ed str\u00e1nce s v\u00fdsledky losov\u00e1n\u00ed. Ujist\u011bte se, \u017ee v\u00e1m nic neunikne!","og_url":"https:\/\/jackpotlotteryonline.com\/cs\/vyherni-cisla\/oz-lotto\/","og_site_name":"Lotto Online - Crack The International Lottery Jackpots","article_modified_time":"2022-12-30T11:35:14+00:00","og_image":[{"url":"https:\/\/jackpotlotteryonline.com\/wp-content\/uploads\/2022\/11\/1_euromillions_results.jpg"}],"twitter_card":"summary_large_image","twitter_misc":{"Odhadovan\u00e1 doba \u010dten\u00ed":"3 minuty"},"schema":{"@context":"https:\/\/schema.org","@graph":[{"@type":"WebPage","@id":"https:\/\/jackpotlotteryonline.com\/cs\/vyherni-cisla\/oz-lotto\/","url":"https:\/\/jackpotlotteryonline.com\/cs\/vyherni-cisla\/oz-lotto\/","name":"Oz Lotto vylosovan\u00e1 \u010d\u00edsla a v\u00fdsledky losov\u00e1n\u00ed","isPartOf":{"@id":"https:\/\/jackpotlotteryonline.com\/#website"},"primaryImageOfPage":{"@id":"https:\/\/jackpotlotteryonline.com\/cs\/vyherni-cisla\/oz-lotto\/#primaryimage"},"image":{"@id":"https:\/\/jackpotlotteryonline.com\/cs\/vyherni-cisla\/oz-lotto\/#primaryimage"},"thumbnailUrl":"https:\/\/jackpotlotteryonline.com\/wp-content\/uploads\/2022\/11\/1_euromillions_results.jpg","datePublished":"2022-12-09T09:37:22+00:00","dateModified":"2022-12-30T11:35:14+00:00","description":"Pod\u00edvejte se na vylosovan\u00e1 \u010d\u00edsla a minul\u00e9 v\u00fdsledky australsk\u00e9 loterie Oz Lotto na na\u0161\u00ed str\u00e1nce s v\u00fdsledky losov\u00e1n\u00ed. Ujist\u011bte se, \u017ee v\u00e1m nic neunikne!","breadcrumb":{"@id":"https:\/\/jackpotlotteryonline.com\/cs\/vyherni-cisla\/oz-lotto\/#breadcrumb"},"inLanguage":"cs","potentialAction":[{"@type":"ReadAction","target":["https:\/\/jackpotlotteryonline.com\/cs\/vyherni-cisla\/oz-lotto\/"]}]},{"@type":"ImageObject","inLanguage":"cs","@id":"https:\/\/jackpotlotteryonline.com\/cs\/vyherni-cisla\/oz-lotto\/#primaryimage","url":"https:\/\/jackpotlotteryonline.com\/wp-content\/uploads\/2022\/11\/1_euromillions_results.jpg","contentUrl":"https:\/\/jackpotlotteryonline.com\/wp-content\/uploads\/2022\/11\/1_euromillions_results.jpg"},{"@type":"BreadcrumbList","@id":"https:\/\/jackpotlotteryonline.com\/cs\/vyherni-cisla\/oz-lotto\/#breadcrumb","itemListElement":[{"@type":"ListItem","position":1,"name":"Home","item":"https:\/\/jackpotlotteryonline.com\/cs\/"},{"@type":"ListItem","position":2,"name":"V\u00fdsledky loterie","item":"https:\/\/jackpotlotteryonline.com\/cs\/vyherni-cisla\/"},{"@type":"ListItem","position":3,"name":"Oz Lotto \u010derpat v\u00fdsledky"}]},{"@type":"WebSite","@id":"https:\/\/jackpotlotteryonline.com\/#website","url":"https:\/\/jackpotlotteryonline.com\/","name":"Lotto Online - Crack The International Lottery Jackpots","description":"","potentialAction":[{"@type":"SearchAction","target":{"@type":"EntryPoint","urlTemplate":"https:\/\/jackpotlotteryonline.com\/?s={search_term_string}"},"query-input":"required name=search_term_string"}],"inLanguage":"cs"}]}},"_links":{"self":[{"href":"https:\/\/jackpotlotteryonline.com\/cs\/wp-json\/wp\/v2\/pages\/41402","targetHints":{"allow":["GET"]}}],"collection":[{"href":"https:\/\/jackpotlotteryonline.com\/cs\/wp-json\/wp\/v2\/pages"}],"about":[{"href":"https:\/\/jackpotlotteryonline.com\/cs\/wp-json\/wp\/v2\/types\/page"}],"author":[{"embeddable":true,"href":"https:\/\/jackpotlotteryonline.com\/cs\/wp-json\/wp\/v2\/users\/1"}],"replies":[{"embeddable":true,"href":"https:\/\/jackpotlotteryonline.com\/cs\/wp-json\/wp\/v2\/comments?post=41402"}],"version-history":[{"count":0,"href":"https:\/\/jackpotlotteryonline.com\/cs\/wp-json\/wp\/v2\/pages\/41402\/revisions"}],"up":[{"embeddable":true,"href":"https:\/\/jackpotlotteryonline.com\/cs\/wp-json\/wp\/v2\/pages\/35816"}],"wp:attachment":[{"href":"https:\/\/jackpotlotteryonline.com\/cs\/wp-json\/wp\/v2\/media?parent=41402"}],"curies":[{"name":"wp","href":"https:\/\/api.w.org\/{rel}","templated":true}]}}