{"id":41454,"date":"2022-12-09T11:57:04","date_gmt":"2022-12-09T11:57:04","guid":{"rendered":"https:\/\/jackpotlotteryonline.com\/?page_id=41454"},"modified":"2022-12-30T13:08:32","modified_gmt":"2022-12-30T13:08:32","slug":"powerball-australia","status":"publish","type":"page","link":"https:\/\/jackpotlotteryonline.com\/cs\/vyherni-cisla\/powerball-australia\/","title":{"rendered":"V\u00fdsledky losov\u00e1n\u00ed Powerball Austr\u00e1lie"},"content":{"rendered":"<p><a href=\"https:\/\/jackpotlotteryonline.com\/cs\/jak-hrat\/powerball-australia\">Hr\u00e1t australsk\u00fd Powerball<\/a> je snadn\u00e9, kdy\u017e si tikety koup\u00edte online. T\u00edmto zp\u016fsobem z\u00edsk\u00e1te p\u0159\u00edstup k Powerballu odkudkoli na sv\u011bt\u011b. N\u00e1kup tiketu je v\u0161ak pouze \u010d\u00e1st\u00ed hran\u00ed Powerballu. Mus\u00edte tak\u00e9 zkontrolovat v\u00fdsledky losov\u00e1n\u00ed a zjistit vylosovan\u00e1 \u010d\u00edsla. Tak se dozv\u00edte, zda jste v loterii vyhr\u00e1li, nebo ne. Zde v\u00e1m poskytneme tipy a informace o tom, jak m\u016f\u017eete zkontrolovat v\u00fdsledky losov\u00e1n\u00ed a z\u00edskat p\u0159\u00edstup k v\u00fdh\u0159e.<\/p>\n<h2>Jak zkontrolovat v\u00fdhern\u00ed \u010d\u00edsla loterie Powerball Australia<\/h2>\n<p>Chcete-li si zahr\u00e1t Powerball, mus\u00edte si vybrat 7 \u010d\u00edsel z rozmez\u00ed 1 a\u017e 35 a nav\u00edc \u010d\u00edslo Powerball od 1 do 20. V\u00edt\u011bzn\u00e9 \u010d\u00edslo Powerballu je uvedeno v tabulce. B\u011bhem losov\u00e1n\u00ed se n\u00e1hodn\u011b vylosuje 8 \u010d\u00edsel. Kdo se shoduje s vylosovan\u00fdmi \u010d\u00edsly, m\u00e1 v\u00fdhern\u00ed tiket Powerball.<\/p>\n<p>Mo\u017en\u00e1 nem\u00e1te mo\u017enost sledovat losov\u00e1n\u00ed Powerball v p\u0159\u00edm\u00e9m televizn\u00edm p\u0159enosu. M\u016f\u017eete se v\u0161ak pod\u00edvat na internetov\u00e9 zpravodajsk\u00e9 str\u00e1nky, kde najdete v\u00fdhern\u00ed \u010d\u00edsla Powerballu. Tyto str\u00e1nky v\u0161ak v\u011bt\u0161inou zve\u0159ej\u0148uj\u00ed pouze kombinaci, kter\u00e1 vyhr\u00e1v\u00e1 jackpot. A Powerball m\u00e1 n\u011bkolik dal\u0161\u00edch v\u00fdhern\u00edch \u00farovn\u00ed.<\/p>\n<p>Chcete-li tedy zn\u00e1t v\u00fdhern\u00ed \u010d\u00edsla Powerballu pro v\u0161echny v\u00fdhern\u00ed \u00farovn\u011b, m\u016f\u017eete se po ka\u017ed\u00e9m losov\u00e1n\u00ed pod\u00edvat p\u0159\u00edmo sem. V\u00edt\u011bzn\u00e1 \u010d\u00edsla Powerballu zve\u0159ej\u0148ujeme na na\u0161ich str\u00e1nk\u00e1ch. Tak\u00e9 pokud jste si u n\u00e1s zakoupili tiket Powerball, upozorn\u00edme v\u00e1s, pokud m\u00e1te n\u011bkter\u00e9 z v\u00fdhern\u00edch \u010d\u00edsel. Po\u0161leme v\u00e1m e-mail a na v\u00e1\u0161 \u00fa\u010det um\u00edst\u00edme upozorn\u011bn\u00ed. D\u00edky tomu se nemus\u00edte b\u00e1t, \u017ee byste o sv\u00e9 v\u00fdhry p\u0159i\u0161li.<\/p>\n<h2>Jak\u00e9 jsou \u0161ance na v\u00fdhru v loterii Powerball?<\/h2>\n<p><img loading=\"lazy\" decoding=\"async\" class=\"alignright size-full wp-image-31181\" src=\"https:\/\/jackpotlotteryonline.com\/wp-content\/uploads\/2022\/11\/logo_powerball-300x50-1.jpg\" alt=\"V\u00fdhra v loterii Powerball\" width=\"300\" height=\"50\" \/>Vyhr\u00e1t v loterii nen\u00ed snadn\u00e9. V\u011bt\u0161ina lid\u00ed by \u0159ekla, \u017ee \u0161ance jsou neuv\u011b\u0159iteln\u011b vysok\u00e9. P\u0159esto se dozv\u00edd\u00e1me o lidech, kte\u0159\u00ed vyhr\u00e1li \u010d\u00e1stky, je\u017e jim zm\u011bnily \u017eivot. Zejm\u00e9na australsk\u00e1 loterie Powerball m\u00e1 dlouh\u00fd seznam v\u00fdherc\u016f, a to pravd\u011bpodobn\u011b pr\u00e1v\u011b d\u00edky t\u00e9to pravd\u011bpodobnosti.<\/p>\n<p>\u0160ance na v\u00fdhru v loterii Powerball je 1 ku 70 milion\u016fm. To znamen\u00e1, \u017ee v loterii Powerball m\u016f\u017ee vyhr\u00e1t doslova ka\u017ed\u00fd.<\/p>\n<p>Krom\u011b toho m\u00e1 Powerball celkem 9 v\u00fdhern\u00edch kategori\u00ed, co\u017e d\u00e1le zvy\u0161uje \u0161ance na v\u00fdhru v t\u00e9to loterii.<\/p>\n<h2>V\u00fdhry ve h\u0159e Powerball<\/h2>\n<p>Jackpot v loterii Powerball obvykle \u010din\u00ed v pr\u016fm\u011bru 8 milion\u016f australsk\u00fdch dolar\u016f. Existuje v\u0161ak n\u011bkolik dal\u0161\u00edch cen, kter\u00e9 m\u016f\u017eete vyhr\u00e1t, pokud m\u00e1te v\u00fdhern\u00ed \u010d\u00edsla loterie Powerball Australia.<\/p>\n<p>Zde jsou uvedeny kategorie v\u00fdher a jejich v\u00fdplata v jednom z losov\u00e1n\u00ed Powerball. V\u0161imn\u011bte si, \u017ee v\u00fdplata nebude p\u0159i ka\u017ed\u00e9m losov\u00e1n\u00ed stejn\u00e1, proto\u017ee ceny z\u00e1vis\u00ed na loterijn\u00edm fondu. Ale to jen proto, abyste si ud\u011blali p\u0159edstavu o tom, co m\u016f\u017eete o\u010dek\u00e1vat, kdy\u017e z\u00edsk\u00e1te v\u00fdhern\u00ed \u010d\u00edsla Powerball.<\/p>\n<p>Divize 1: shoda 7 + Powerball &#8211; 8 000 000,00 USD (jackpot)<\/p>\n<p>Divize 2: pouze shoda 7 &#8211; 95 726,15 USD<\/p>\n<p>Divize 3: shoda 6 + Powerball &#8211; 5 661,20 USD<\/p>\n<p>Divize 4: pouze z\u00e1pas 6 &#8211; 501,70 USD<\/p>\n<p>Divize 5: z\u00e1pas 5 + Powerball &#8211; 166,75 USD<\/p>\n<p>Divize 6: pouze z\u00e1pas 5 &#8211; 73,10 USD<\/p>\n<p>Divize 7: z\u00e1pas 4 + Powerball &#8211; 41,60 USD<\/p>\n<p>Divize 8: z\u00e1pas 3 + Powerball &#8211; 18,05 USD<\/p>\n<p>Divize 9: z\u00e1pas 2 + Powerball &#8211; 10,95 USD<\/p>\n<h2>Co d\u011blat, kdy\u017e m\u00e1te vylosovan\u00e1 \u010d\u00edsla<\/h2>\n<p>Pokud si zkontrolujete v\u00fdsledky losov\u00e1n\u00ed a zjist\u00edte, \u017ee m\u00e1te v\u00fdhern\u00ed \u010d\u00edsla Powerballu, dal\u0161\u00edm krokem je, jak se dostat ke sv\u00e9 v\u00fdh\u0159e. Vzhledem k tomu, \u017ee hrajete Powerball mimo Oz, pravd\u011bpodobn\u011b hled\u00e1te pohodln\u00fd zp\u016fsob, jak si pen\u00edze vyplatit.<\/p>\n<p>Kdy\u017e si u n\u00e1s <a href=\"https:\/\/jackpotlotteryonline.com\/cs\/koupit-vstupenky\/powerball-australia\">koup\u00edte tiket Powerball<\/a>, m\u016f\u017eete z\u00edskat p\u0159\u00edstup ke sv\u00e9 v\u00fdh\u0159e tak\u00e9 odkudkoli. V p\u0159\u00edpad\u011b v\u00fdher ni\u017e\u0161\u00edch ne\u017e ur\u010dit\u00e1 \u010d\u00e1stka sta\u010d\u00ed, kdy\u017e si v\u00fdhru vyberete z na\u0161\u00ed platformy. M\u016f\u017eete si ji vybrat p\u0159\u00edmo na sv\u016fj bankovn\u00ed \u00fa\u010det.<\/p>\n<p>Pokud je va\u0161e v\u00fdhra vy\u0161\u0161\u00ed ne\u017e uveden\u00e1 \u010d\u00e1stka, poskytneme v\u00e1m k vypln\u011bn\u00ed formul\u00e1\u0159 pro uplatn\u011bn\u00ed n\u00e1roku. T\u00edmto zp\u016fsobem m\u016f\u017eete uplatnit n\u00e1rok na v\u00fdhru p\u0159\u00edmo u loterijn\u00ed spole\u010dnosti Powerball bez jak\u00fdchkoli pot\u00ed\u017e\u00ed.<\/p>\n<section class=\"layout\" style=\"border: solid 1px; width: 100%;\">\n<div class=\"img-div\" style=\"margin-top: 5px;\"><img decoding=\"async\" class=\"wp-image-17212 alignleft\" style=\"height: 45px; margin: 8px 8px 0px;\" src=\"https:\/\/jackpotlotteryonline.com\/wp-content\/uploads\/2022\/11\/read1.jpg\" alt=\"P\u0159e\u010dt\u011bte si\" width=\"\" height=\"\" \/><\/div>\n<div style=\"padding-left: 5px;\">\n<div style=\"font-size: 1.1em;\">\n<p><strong>Jak\u00e9 auto byste si koupili, kdybyste vyhr\u00e1li v loterii?<\/strong><\/p>\n<p style=\"font-size: 0.85em; margin-top: -1.5em;\">Vyhrajte v loterii a z\u00edskejte nov\u00e9 auto\u00a0<a href=\"https:\/\/jackpotlotteryonline.com\/cs\/jake-auto-byste-si-koupili-kdybyste-vyhrali-v-loterii\"> P\u0159e\u010dt\u011bte si v\u00edce<\/a><\/p>\n<\/div>\n<\/div>\n<\/section>\n<h2>V\u00fdhody hran\u00ed Powerball s Jackpotlotteryonline.com<\/h2>\n<ul>\n<li>Z\u00edsk\u00e1te rychl\u00fd a okam\u017eit\u00fd p\u0159\u00edstup k loterii. Nemus\u00edte \u017e\u00edt v Austr\u00e1lii, abyste mohli hr\u00e1t Powerball<\/li>\n<li>Je to mimo\u0159\u00e1dn\u011b pohodln\u00e9, proto\u017ee nemus\u00edte opou\u0161t\u011bt pohodl\u00ed sv\u00e9ho domova. Zkontrolujte si vylosovan\u00e1 \u010d\u00edsla z po\u010d\u00edta\u010de nebo mobiln\u00edho za\u0159\u00edzen\u00ed.<\/li>\n<li>Je to tak\u00e9 bezpe\u010dn\u011bj\u0161\u00ed, proto\u017ee v\u00e1\u0161 tiket je ulo\u017een digit\u00e1ln\u011b. To je d\u016fle\u017eit\u00e9, proto\u017ee jen tak si m\u016f\u017eete vyzvednout v\u00fdhru.<\/li>\n<li>Nemus\u00edte zme\u0161kat svou v\u00fdhru, proto\u017ee v\u00e1s okam\u017eit\u011b upozorn\u00edme, pokud vyhrajete n\u011bjakou cenu.<\/li>\n<li>Jakoukoli v\u00fdhru si m\u016f\u017eete snadno vybrat online, ani\u017e byste museli kamkoli chodit<\/li>\n<\/ul>\n<h2>Zkontrolujte si u n\u00e1s sv\u00e1 v\u00fdhern\u00ed \u010d\u00edsla<\/h2>\n<p>V pr\u016fb\u011bhu \u010dasu jsme v\u011bnovali mnoho prost\u0159edk\u016f a \u00fasil\u00ed tomu, abychom na\u0161im hr\u00e1\u010d\u016fm zajistili co nejlep\u0161\u00ed z\u00e1\u017eitek. Nejen\u017ee v\u00e1m usnad\u0148ujeme n\u00e1kup tiket\u016f do nejlep\u0161\u00edch mezin\u00e1rodn\u00edch loteri\u00ed, ale jdeme je\u0161t\u011b o n\u011bkolik krok\u016f d\u00e1l. \u010cin\u00edme tak t\u00edm, \u017ee poskytujeme aktu\u00e1ln\u00ed v\u00fdsledky losov\u00e1n\u00ed, tak\u017ee si m\u016f\u017eete snadno zkontrolovat vylosovan\u00e1 \u010d\u00edsla.<\/p>\n<p>V neposledn\u00ed \u0159ad\u011b si nemus\u00edte d\u011blat starosti s t\u00edm, jak se v p\u0159\u00edpad\u011b v\u00fdhry dostat ke sv\u00fdm v\u00fdhr\u00e1m. Mysleli jsme na v\u0161echno, abyste se mohli soust\u0159edit na to, co je d\u016fle\u017eit\u00e9. Zaregistrujte se u n\u00e1s je\u0161t\u011b dnes.<\/p>\n","protected":false},"excerpt":{"rendered":"<p>Hr\u00e1t australsk\u00fd Powerball je snadn\u00e9, kdy\u017e si tikety koup\u00edte online. T\u00edmto zp\u016fsobem z\u00edsk\u00e1te p\u0159\u00edstup k Powerballu odkudkoli na sv\u011bt\u011b. N\u00e1kup tiketu je v\u0161ak pouze \u010d\u00e1st\u00ed hran\u00ed Powerballu. Mus\u00edte tak\u00e9 zkontrolovat v\u00fdsledky losov\u00e1n\u00ed a zjistit vylosovan\u00e1 \u010d\u00edsla. Tak se dozv\u00edte, zda jste v loterii vyhr\u00e1li, nebo ne. Zde v\u00e1m poskytneme tipy a informace o tom, jak [&hellip;]<\/p>\n","protected":false},"author":1,"featured_media":0,"parent":35816,"menu_order":17,"comment_status":"closed","ping_status":"closed","template":"powerball-au-results.php","meta":{"_et_pb_use_builder":"","_et_pb_old_content":"","_et_gb_content_width":"","exclude_from_search":false,"footnotes":""},"class_list":["post-41454","page","type-page","status-publish","hentry"],"yoast_head":"<!-- This site is optimized with the Yoast SEO plugin v23.3 - https:\/\/yoast.com\/wordpress\/plugins\/seo\/ -->\n<title>Powerball Austr\u00e1lie vylosovan\u00e1 \u010d\u00edsla a v\u00fdsledky losov\u00e1n\u00ed<\/title>\n<meta name=\"description\" content=\"Hled\u00e1te v\u00edt\u011bzn\u00e1 \u010d\u00edsla hry Powerball Australia? Najd\u011bte v\u00fdsledky losov\u00e1n\u00ed australsk\u00fdch loteri\u00ed na t\u00e9to str\u00e1nce\" \/>\n<meta name=\"robots\" content=\"index, follow, max-snippet:-1, max-image-preview:large, max-video-preview:-1\" \/>\n<link rel=\"canonical\" href=\"https:\/\/jackpotlotteryonline.com\/cs\/vyherni-cisla\/powerball-australia\/\" \/>\n<meta property=\"og:locale\" content=\"cs_CZ\" \/>\n<meta property=\"og:type\" content=\"article\" \/>\n<meta property=\"og:title\" content=\"Powerball Austr\u00e1lie vylosovan\u00e1 \u010d\u00edsla a v\u00fdsledky losov\u00e1n\u00ed\" \/>\n<meta property=\"og:description\" content=\"Hled\u00e1te v\u00edt\u011bzn\u00e1 \u010d\u00edsla hry Powerball Australia? Najd\u011bte v\u00fdsledky losov\u00e1n\u00ed australsk\u00fdch loteri\u00ed na t\u00e9to str\u00e1nce\" \/>\n<meta property=\"og:url\" content=\"https:\/\/jackpotlotteryonline.com\/cs\/vyherni-cisla\/powerball-australia\/\" \/>\n<meta property=\"og:site_name\" content=\"Lotto Online - Crack The International Lottery Jackpots\" \/>\n<meta property=\"article:modified_time\" content=\"2022-12-30T13:08:32+00:00\" \/>\n<meta property=\"og:image\" content=\"https:\/\/jackpotlotteryonline.com\/wp-content\/uploads\/2022\/11\/logo_powerball-300x50-1.jpg\" \/>\n<meta name=\"twitter:card\" content=\"summary_large_image\" \/>\n<meta name=\"twitter:label1\" content=\"Odhadovan\u00e1 doba \u010dten\u00ed\" \/>\n\t<meta name=\"twitter:data1\" content=\"4 minuty\" \/>\n<!-- \/ Yoast SEO plugin. -->","yoast_head_json":{"title":"Powerball Austr\u00e1lie vylosovan\u00e1 \u010d\u00edsla a v\u00fdsledky losov\u00e1n\u00ed","description":"Hled\u00e1te v\u00edt\u011bzn\u00e1 \u010d\u00edsla hry Powerball Australia? Najd\u011bte v\u00fdsledky losov\u00e1n\u00ed australsk\u00fdch loteri\u00ed na t\u00e9to str\u00e1nce","robots":{"index":"index","follow":"follow","max-snippet":"max-snippet:-1","max-image-preview":"max-image-preview:large","max-video-preview":"max-video-preview:-1"},"canonical":"https:\/\/jackpotlotteryonline.com\/cs\/vyherni-cisla\/powerball-australia\/","og_locale":"cs_CZ","og_type":"article","og_title":"Powerball Austr\u00e1lie vylosovan\u00e1 \u010d\u00edsla a v\u00fdsledky losov\u00e1n\u00ed","og_description":"Hled\u00e1te v\u00edt\u011bzn\u00e1 \u010d\u00edsla hry Powerball Australia? Najd\u011bte v\u00fdsledky losov\u00e1n\u00ed australsk\u00fdch loteri\u00ed na t\u00e9to str\u00e1nce","og_url":"https:\/\/jackpotlotteryonline.com\/cs\/vyherni-cisla\/powerball-australia\/","og_site_name":"Lotto Online - Crack The International Lottery Jackpots","article_modified_time":"2022-12-30T13:08:32+00:00","og_image":[{"url":"https:\/\/jackpotlotteryonline.com\/wp-content\/uploads\/2022\/11\/logo_powerball-300x50-1.jpg"}],"twitter_card":"summary_large_image","twitter_misc":{"Odhadovan\u00e1 doba \u010dten\u00ed":"4 minuty"},"schema":{"@context":"https:\/\/schema.org","@graph":[{"@type":"WebPage","@id":"https:\/\/jackpotlotteryonline.com\/cs\/vyherni-cisla\/powerball-australia\/","url":"https:\/\/jackpotlotteryonline.com\/cs\/vyherni-cisla\/powerball-australia\/","name":"Powerball Austr\u00e1lie vylosovan\u00e1 \u010d\u00edsla a v\u00fdsledky losov\u00e1n\u00ed","isPartOf":{"@id":"https:\/\/jackpotlotteryonline.com\/#website"},"primaryImageOfPage":{"@id":"https:\/\/jackpotlotteryonline.com\/cs\/vyherni-cisla\/powerball-australia\/#primaryimage"},"image":{"@id":"https:\/\/jackpotlotteryonline.com\/cs\/vyherni-cisla\/powerball-australia\/#primaryimage"},"thumbnailUrl":"https:\/\/jackpotlotteryonline.com\/wp-content\/uploads\/2022\/11\/logo_powerball-300x50-1.jpg","datePublished":"2022-12-09T11:57:04+00:00","dateModified":"2022-12-30T13:08:32+00:00","description":"Hled\u00e1te v\u00edt\u011bzn\u00e1 \u010d\u00edsla hry Powerball Australia? Najd\u011bte v\u00fdsledky losov\u00e1n\u00ed australsk\u00fdch loteri\u00ed na t\u00e9to str\u00e1nce","breadcrumb":{"@id":"https:\/\/jackpotlotteryonline.com\/cs\/vyherni-cisla\/powerball-australia\/#breadcrumb"},"inLanguage":"cs","potentialAction":[{"@type":"ReadAction","target":["https:\/\/jackpotlotteryonline.com\/cs\/vyherni-cisla\/powerball-australia\/"]}]},{"@type":"ImageObject","inLanguage":"cs","@id":"https:\/\/jackpotlotteryonline.com\/cs\/vyherni-cisla\/powerball-australia\/#primaryimage","url":"https:\/\/jackpotlotteryonline.com\/wp-content\/uploads\/2022\/11\/logo_powerball-300x50-1.jpg","contentUrl":"https:\/\/jackpotlotteryonline.com\/wp-content\/uploads\/2022\/11\/logo_powerball-300x50-1.jpg"},{"@type":"BreadcrumbList","@id":"https:\/\/jackpotlotteryonline.com\/cs\/vyherni-cisla\/powerball-australia\/#breadcrumb","itemListElement":[{"@type":"ListItem","position":1,"name":"Home","item":"https:\/\/jackpotlotteryonline.com\/cs\/"},{"@type":"ListItem","position":2,"name":"V\u00fdsledky loterie","item":"https:\/\/jackpotlotteryonline.com\/cs\/vyherni-cisla\/"},{"@type":"ListItem","position":3,"name":"V\u00fdsledky losov\u00e1n\u00ed Powerball Austr\u00e1lie"}]},{"@type":"WebSite","@id":"https:\/\/jackpotlotteryonline.com\/#website","url":"https:\/\/jackpotlotteryonline.com\/","name":"Lotto Online - Crack The International Lottery Jackpots","description":"","potentialAction":[{"@type":"SearchAction","target":{"@type":"EntryPoint","urlTemplate":"https:\/\/jackpotlotteryonline.com\/?s={search_term_string}"},"query-input":"required name=search_term_string"}],"inLanguage":"cs"}]}},"_links":{"self":[{"href":"https:\/\/jackpotlotteryonline.com\/cs\/wp-json\/wp\/v2\/pages\/41454","targetHints":{"allow":["GET"]}}],"collection":[{"href":"https:\/\/jackpotlotteryonline.com\/cs\/wp-json\/wp\/v2\/pages"}],"about":[{"href":"https:\/\/jackpotlotteryonline.com\/cs\/wp-json\/wp\/v2\/types\/page"}],"author":[{"embeddable":true,"href":"https:\/\/jackpotlotteryonline.com\/cs\/wp-json\/wp\/v2\/users\/1"}],"replies":[{"embeddable":true,"href":"https:\/\/jackpotlotteryonline.com\/cs\/wp-json\/wp\/v2\/comments?post=41454"}],"version-history":[{"count":0,"href":"https:\/\/jackpotlotteryonline.com\/cs\/wp-json\/wp\/v2\/pages\/41454\/revisions"}],"up":[{"embeddable":true,"href":"https:\/\/jackpotlotteryonline.com\/cs\/wp-json\/wp\/v2\/pages\/35816"}],"wp:attachment":[{"href":"https:\/\/jackpotlotteryonline.com\/cs\/wp-json\/wp\/v2\/media?parent=41454"}],"curies":[{"name":"wp","href":"https:\/\/api.w.org\/{rel}","templated":true}]}}