{"id":41507,"date":"2022-12-09T13:33:31","date_gmt":"2022-12-09T13:33:31","guid":{"rendered":"https:\/\/jackpotlotteryonline.com\/?page_id=41507"},"modified":"2022-12-29T18:34:57","modified_gmt":"2022-12-29T18:34:57","slug":"lotto-america","status":"publish","type":"page","link":"https:\/\/jackpotlotteryonline.com\/cs\/vyherni-cisla\/lotto-america\/","title":{"rendered":"Lotto America \u010derp\u00e1n\u00ed v\u00fdsledky"},"content":{"rendered":"<p>Lotto America je loterijn\u00ed hra v USA, kter\u00e1 p\u0159inesla mnoho milion\u00e1\u0159\u016f. Pravd\u011bpodobnost v\u00fdhry v loterii je fantastick\u00e1, co\u017e z n\u00ed \u010din\u00ed atraktivn\u00ed hru pro fanou\u0161ky loterie. Nyn\u00ed si hr\u00e1\u010di po cel\u00e9m sv\u011bt\u011b mohou <a href=\"https:\/\/jackpotlotteryonline.com\/cs\/koupit-vstupenky\/lotto-america\">koupit tikety t\u00e9to americk\u00e9 loterie online<\/a>. A nejen to, mohou si tak\u00e9 zkontrolovat v\u00fdhern\u00ed \u010d\u00edsla a zjistit, zda v loterii vyhr\u00e1li.<\/p>\n<p>L\u00edstky do nejlep\u0161\u00edch mezin\u00e1rodn\u00edch loteri\u00ed si m\u016f\u017eete koupit na jackpotlotteryonline.com a zkontrolovat si zde tak\u00e9 v\u00fdhern\u00ed \u010d\u00edsla. A pokud v\u00e1s zaj\u00edm\u00e1, jak se k v\u00fdhr\u00e1m dostat online, pak \u010dt\u011bte d\u00e1l. Pod\u011bl\u00edme se s v\u00e1mi o v\u0161echny podrobnosti a rychle v\u00e1m bude jasn\u00e9, \u017ee hran\u00ed online je ta spr\u00e1vn\u00e1 cesta.<\/p>\n<h2>Hran\u00ed Lotto America online<\/h2>\n<p><img loading=\"lazy\" decoding=\"async\" class=\"size-full wp-image-32081 alignright\" src=\"https:\/\/jackpotlotteryonline.com\/wp-content\/uploads\/2022\/11\/1_mega_lotto_win-213x300-1.jpg\" alt=\"Hrajte Lotto America online\" width=\"213\" height=\"300\" \/>Zm\u00ednili jsme, \u017ee tuto <a href=\"https:\/\/jackpotlotteryonline.com\/cs\/jak-hrat\/lotto-america-2\">loterii m\u016f\u017eete hr\u00e1t online<\/a>, a nez\u00e1le\u017e\u00ed na tom, kde \u017eijete. Obvykle se losy prod\u00e1vaj\u00ed v USA, ale m\u016f\u017eete si je koupit i zde na jackpotlotteryonline.com.<\/p>\n<p>Existuj\u00ed i jin\u00e9 str\u00e1nky, kter\u00e9 prod\u00e1vaj\u00ed losy do t\u00e9to loterie, ale umo\u017e\u0148uj\u00ed hr\u00e1\u010d\u016fm pouze s\u00e1zet na v\u00fdsledek loterie. To znamen\u00e1, \u017ee koup\u00ed losu na t\u011bchto str\u00e1nk\u00e1ch nez\u00edsk\u00e1te vstup do loterie. Tak\u017ee i kdy\u017e v\u00e1m padnou v\u0161echna vylosovan\u00e1 \u010d\u00edsla, jackpot nevyhrajete. V\u00fdb\u011br webu, kter\u00fd pou\u017e\u00edv\u00e1te, je tedy velmi d\u016fle\u017eit\u00fd.<\/p>\n<h2>Kroky k hran\u00ed loterie online<\/h2>\n<p>Jakmile se rozhodnete pro web, postupujte podle n\u00e1sleduj\u00edc\u00edch krok\u016f:<\/p>\n<ol>\n<li>Nav\u0161tivte str\u00e1nku, kterou chcete pou\u017e\u00edt, a klikn\u011bte na Lotto America.<\/li>\n<li>Vyberte 5 \u010d\u00edsel z rozsahu 1 a\u017e 52 (pokud si nejste jisti, jak\u00e1 \u010d\u00edsla pou\u017e\u00edt, zkuste automatick\u00fd gener\u00e1tor \u010d\u00edsel).<\/li>\n<li>D\u00e1le vyberte bonusov\u00e9 \u010d\u00edslo (Star Ball) od 1 do 10.<\/li>\n<li>Pro vy\u0161\u0161\u00ed \u0161anci na v\u00fdhru si kupte dal\u0161\u00ed \u0159ady \u010d\u00edsel.<\/li>\n<li>P\u0159ihlaste se do slosov\u00e1n\u00ed (m\u016f\u017eete se p\u0159ihl\u00e1sit do v\u00edce ne\u017e jednoho slosov\u00e1n\u00ed).<\/li>\n<li>Zaregistrujte se a zapla\u0165te za sv\u00e9 p\u0159\u00edsp\u011bvky.<\/li>\n<\/ol>\n<p>O registraci v\u00e1s \u017e\u00e1d\u00e1me z n\u011bkolika d\u016fvod\u016f. Zaprv\u00e9 chceme zajistit, aby byl v\u00e1\u0161 digit\u00e1ln\u00ed tiket v bezpe\u010d\u00ed. Za druh\u00e9, v\u00e1\u0161 \u00fa\u010det pou\u017e\u00edv\u00e1me k tomu, abychom v\u00e1s mohli kontaktovat v p\u0159\u00edpad\u011b, \u017ee vyhrajete n\u011bjakou cenu. O tom si pov\u00edme v\u00edce pozd\u011bji.<\/p>\n<h2>Dny losov\u00e1n\u00ed a jackpot loterie Lotto America<\/h2>\n<p>Tato americk\u00e1 loterie m\u00e1 t\u0159i t\u00fddenn\u00ed losov\u00e1n\u00ed, a to v pond\u011bl\u00ed, ve st\u0159edu a v sobotu. B\u011bhem losov\u00e1n\u00ed je vyhl\u00e1\u0161en v\u00fdhern\u00ed tiket. Chcete-li vyhr\u00e1t jackpot, mus\u00ed v\u00e1\u0161 tiket odpov\u00eddat \u0161esti vylosovan\u00fdm \u010d\u00edsl\u016fm.<\/p>\n<p>V\u00fdhry jackpotu Lotto America za\u010d\u00ednaj\u00ed na 2 milionech dolar\u016f a mohou se p\u0159eklopit, pokud po losov\u00e1n\u00ed nen\u00ed \u017e\u00e1dn\u00fd v\u00fdherce. Proto\u017ee se po ka\u017ed\u00e9m losov\u00e1n\u00ed (pokud nen\u00ed \u017e\u00e1dn\u00fd v\u00fdherce) p\u0159eklop\u00ed, m\u016f\u017ee dos\u00e1hnout a\u017e 18 milion\u016f dolar\u016f. To je slu\u0161n\u00e1 \u010d\u00e1stka, kterou m\u016f\u017eete vyhr\u00e1t, \u017ee?<\/p>\n<p>Ve skute\u010dnosti byl rekordn\u00ed jackpot v loterii Lotto America 23 milion\u016f dolar\u016f a vyhr\u00e1la ho rodina v roce 2018.<\/p>\n<section class=\"layout\" style=\"border: solid 1px; width: 100%;\">\n<div class=\"img-div\" style=\"margin-top: 5px;\"><img decoding=\"async\" class=\"wp-image-17212 alignleft\" style=\"height: 45px; margin: 8px 8px 0px;\" src=\"https:\/\/jackpotlotteryonline.com\/wp-content\/uploads\/2022\/11\/read1.jpg\" alt=\"P\u0159e\u010dt\u011bte si\" width=\"\" height=\"\" \/><\/div>\n<div style=\"padding-left: 5px;\">\n<div style=\"font-size: 1.1em;\">\n<p><strong>N\u011bkte\u0159\u00ed v\u00edt\u011bzov\u00e9 loterie se vr\u00e1tili ke komunit\u011b<\/strong><\/p>\n<p style=\"font-size: 0.85em; margin-top: -1.5em;\">N\u011bkolik zaj\u00edmav\u00fdch a h\u0159ejiv\u00fdch p\u0159\u00edb\u011bh\u016f o tom, jak se v\u00fdherci loterie vracej\u00ed zp\u011bt.\u00a0 <a href=\"https:\/\/jackpotlotteryonline.com\/cs\/pribehy-o-tom-jak-vyherci-loterie-vraceji-penize\">P\u0159e\u010dt\u011bte si v\u00edce<\/a><\/p>\n<\/div>\n<\/div>\n<\/section>\n<h2>Kategorie v\u00fdher<\/h2>\n<p>Jackpot je samoz\u0159ejm\u011b hlavn\u00ed cenou loterie. Tato loterie m\u00e1 v\u0161ak 9 r\u016fzn\u00fdch v\u00fdhern\u00edch kategori\u00ed, kter\u00e9 d\u00e1vaj\u00ed hr\u00e1\u010d\u016fm mo\u017enost vyhr\u00e1t zaj\u00edmav\u00e9 ceny.<\/p>\n<p>I kdy\u017e nevyhrajete jackpot, m\u016f\u017eete se dom\u016f vr\u00e1tit s velkou v\u00fdhrou, pokud padnou v\u00fdhern\u00ed \u010d\u00edsla v ostatn\u00edch kategori\u00edch. Zde je rozd\u011blen\u00ed v\u00fdher spolu s pravd\u011bpodobnost\u00ed v\u00fdhry v jednotliv\u00fdch kategori\u00edch.<\/p>\n<p>Divize 1: 5 + Star Ball &#8211; 1 ku 25 989 600 &#8211; Jackpot<\/p>\n<p>Divize 2: 5 &#8211; 1 ku 2 887 733 &#8211; 20 000 dolar\u016f<\/p>\n<p>Divize 3: 4 + Star Ball &#8211; 1 ku 110 594 &#8211; 1 000 USD<\/p>\n<p>Divize 4: 4 &#8211; 1 z 12 288 &#8211; 100 USD<\/p>\n<p>Divize 5: 3 + Star Ball &#8211; 1 z 2 404 &#8211; 20 USD<\/p>\n<p>Divize 6: 3 &#8211; 1 z 267 &#8211; 5 USD<\/p>\n<p>Divize 7: 2 + Star Ball &#8211; 1 ze 160 &#8211; 5 USD<\/p>\n<p>Divize 8: 1 + Star Ball &#8211; 1 z 29 &#8211; 2 USD<\/p>\n<p>Divize 9: 0 + Star Ball &#8211; 1 ze 17 &#8211; 2 USD<\/p>\n<h2>Jak zkontrolovat vylosovan\u00e1 \u010d\u00edsla<\/h2>\n<p>Zda jste vyhr\u00e1li n\u011bkterou z cen, zjist\u00edte jednodu\u0161e tak, \u017ee se po slosov\u00e1n\u00ed vr\u00e1t\u00edte na tuto str\u00e1nku. Po ka\u017ed\u00e9m slosov\u00e1n\u00ed zve\u0159ej\u0148ujeme v\u00fdsledky losov\u00e1n\u00ed pro jednotliv\u00e9 v\u00fdhern\u00ed kategorie. Na\u0161i str\u00e1nku tak m\u016f\u017eete pohodln\u011b zkontrolovat bez stresu.<\/p>\n<p>Nav\u00edc, pokud jste si u n\u00e1s zakoupili tiket, pak jste se u n\u00e1s tak\u00e9 zaregistrovali. To znamen\u00e1, \u017ee pokud vyhrajete cenu, m\u016f\u017eeme v\u00e1s na to upozornit prost\u0159ednictv\u00edm va\u0161eho \u00fa\u010dtu a tak\u00e9 e-mailem.<\/p>\n<p>Kdy\u017e si u n\u00e1s koup\u00edte los, nikdy v\u00e1m \u017e\u00e1dn\u00e1 v\u00fdhra neunikne.<\/p>\n<h2>V\u00fdplata v\u00fdhry<\/h2>\n<p><img loading=\"lazy\" decoding=\"async\" class=\"alignright size-full wp-image-31532\" src=\"https:\/\/jackpotlotteryonline.com\/wp-content\/uploads\/2022\/11\/lottoballs.jpg\" alt=\"V\u00edt\u011bzn\u00e1 \u010d\u00edsla Lotto America\" width=\"245\" height=\"123\" \/>Jednou z ot\u00e1zek, kterou \u010dasto sl\u00fdch\u00e1me od s\u00e1zej\u00edc\u00edch, je, jak se dostat ke sv\u00e9 v\u00fdh\u0159e, kdy\u017e vstoup\u00ed do Lotto America online. Pokud si koup\u00edte losy prost\u0159ednictv\u00edm na\u0161ich str\u00e1nek, nab\u00edz\u00edme jednoduch\u00fd a bezprobl\u00e9mov\u00fd zp\u016fsob, jak si vyzvednout v\u00fdhru.<\/p>\n<p>V\u00fdhry ve v\u00fd\u0161i 2500 \u20ac v\u00e1m budou p\u0159ips\u00e1ny na \u00fa\u010det a pot\u00e9 si je m\u016f\u017eete bez dal\u0161\u00edch n\u00e1klad\u016f vybrat. Zat\u00edmco vy\u0161\u0161\u00ed v\u00fdhry vy\u017eaduj\u00ed trochu jin\u00fd postup. V p\u0159\u00edpad\u011b v\u011bt\u0161\u00edch v\u00fdher byste museli o v\u00fdhru po\u017e\u00e1dat loterijn\u00ed spole\u010dnost. My v\u00e1m v\u0161ak poskytneme formul\u00e1\u0159 pro uplatn\u011bn\u00ed n\u00e1roku, kter\u00fd vypln\u00edte, a jakmile tak u\u010din\u00edte, zpracujeme n\u00e1rok za v\u00e1s.<\/p>\n<p>D\u016fvodem je to, \u017ee se budete muset identifikovat. N\u011bkter\u00e9 loterijn\u00ed spole\u010dnosti tak\u00e9 mohou vy\u017eadovat, abyste se dostavili osobn\u011b k vyzvednut\u00ed v\u011bt\u0161\u00edch \u010d\u00e1stek. Pokud se tak stane, d\u00e1me v\u00e1m ihned v\u011bd\u011bt.<\/p>\n<h2>Kupte si Lotto America vstupenky na jackpotlotteryonline.com<\/h2>\n<p>Existuje mnoho d\u016fvod\u016f, pro\u010d byste si m\u011bli koupit vstupenky Lotto America u n\u00e1s. Za prv\u00e9, jsme port\u00e1l s recepc\u00ed. To znamen\u00e1, \u017ee se m\u016f\u017eete pohodln\u011b usadit a odpo\u010d\u00edvat, zat\u00edmco my za v\u00e1s vy\u0159\u00edd\u00edme ty nejjemn\u011bj\u0161\u00ed detaily. Pom\u016f\u017eeme v\u00e1m tak z\u00edskat p\u0159\u00edstup ke \u0161pi\u010dkov\u00fdm mezin\u00e1rodn\u00edm loteri\u00edm, jako je Lotto America.<\/p>\n<p>T\u00edm v\u0161ak nekon\u010d\u00edme. Poskytujeme tak\u00e9 syst\u00e9m, kter\u00fd v\u00e1m pom\u016f\u017ee spravovat va\u0161e loterijn\u00ed hry. M\u016f\u017eete doslova, zadat v\u00edce loteri\u00ed a losov\u00e1n\u00ed p\u0159\u00edmo z na\u0161ich str\u00e1nek. Nemus\u00edte chodit nikam jinam. Tak\u00e9 v\u00e1m poskytujeme pohodln\u00fd zp\u016fsob, jak zkontrolovat v\u00fdsledky loterie Lotto America, a to na jednom m\u00edst\u011b.<\/p>\n<p>A nakonec si m\u016f\u017eete snadno zkontrolovat vylosovan\u00e1 \u010d\u00edsla a vybrat sv\u00e9 v\u00fdhry z na\u0161\u00ed platformy p\u0159\u00edmo na sv\u016fj \u00fa\u010det. Ka\u017ed\u00fd den tvrd\u011b pracujeme na tom, abychom pro v\u00e1s zdokonalili bezprobl\u00e9mov\u00fd syst\u00e9m. Zbav\u00edme v\u00e1s stresu, abyste se mohli soust\u0159edit na z\u00e1bavu. Zaregistrujte se u n\u00e1s a hrajte loterii je\u0161t\u011b dnes.<\/p>\n","protected":false},"excerpt":{"rendered":"<p>Lotto America je loterijn\u00ed hra v USA, kter\u00e1 p\u0159inesla mnoho milion\u00e1\u0159\u016f. Pravd\u011bpodobnost v\u00fdhry v loterii je fantastick\u00e1, co\u017e z n\u00ed \u010din\u00ed atraktivn\u00ed hru pro fanou\u0161ky loterie. Nyn\u00ed si hr\u00e1\u010di po cel\u00e9m sv\u011bt\u011b mohou koupit tikety t\u00e9to americk\u00e9 loterie online. A nejen to, mohou si tak\u00e9 zkontrolovat v\u00fdhern\u00ed \u010d\u00edsla a zjistit, zda v loterii vyhr\u00e1li. L\u00edstky [&hellip;]<\/p>\n","protected":false},"author":1,"featured_media":0,"parent":35816,"menu_order":13,"comment_status":"closed","ping_status":"closed","template":"lotto-america-results.php","meta":{"_et_pb_use_builder":"","_et_pb_old_content":"","_et_gb_content_width":"","exclude_from_search":false,"footnotes":""},"class_list":["post-41507","page","type-page","status-publish","hentry"],"yoast_head":"<!-- This site is optimized with the Yoast SEO plugin v23.3 - https:\/\/yoast.com\/wordpress\/plugins\/seo\/ -->\n<title>Lotto America vylosovan\u00e1 \u010d\u00edsla a v\u00fdsledky losov\u00e1n\u00ed<\/title>\n<meta name=\"description\" content=\"Hled\u00e1te vylosovan\u00e1 \u010d\u00edsla hry Lotto America? V\u00fdsledky losov\u00e1n\u00ed v\u0161ech velk\u00fdch americk\u00fdch loteri\u00ed najdete na na\u0161ich str\u00e1nk\u00e1ch!\" \/>\n<meta name=\"robots\" content=\"index, follow, max-snippet:-1, max-image-preview:large, max-video-preview:-1\" \/>\n<link rel=\"canonical\" href=\"https:\/\/jackpotlotteryonline.com\/cs\/vyherni-cisla\/lotto-america\/\" \/>\n<meta property=\"og:locale\" content=\"cs_CZ\" \/>\n<meta property=\"og:type\" content=\"article\" \/>\n<meta property=\"og:title\" content=\"Lotto America vylosovan\u00e1 \u010d\u00edsla a v\u00fdsledky losov\u00e1n\u00ed\" \/>\n<meta property=\"og:description\" content=\"Hled\u00e1te vylosovan\u00e1 \u010d\u00edsla hry Lotto America? V\u00fdsledky losov\u00e1n\u00ed v\u0161ech velk\u00fdch americk\u00fdch loteri\u00ed najdete na na\u0161ich str\u00e1nk\u00e1ch!\" \/>\n<meta property=\"og:url\" content=\"https:\/\/jackpotlotteryonline.com\/cs\/vyherni-cisla\/lotto-america\/\" \/>\n<meta property=\"og:site_name\" content=\"Lotto Online - Crack The International Lottery Jackpots\" \/>\n<meta property=\"article:modified_time\" content=\"2022-12-29T18:34:57+00:00\" \/>\n<meta property=\"og:image\" content=\"https:\/\/jackpotlotteryonline.com\/wp-content\/uploads\/2022\/11\/1_mega_lotto_win-213x300-1.jpg\" \/>\n<meta name=\"twitter:card\" content=\"summary_large_image\" \/>\n<meta name=\"twitter:label1\" content=\"Odhadovan\u00e1 doba \u010dten\u00ed\" \/>\n\t<meta name=\"twitter:data1\" content=\"5 minut\" \/>\n<!-- \/ Yoast SEO plugin. -->","yoast_head_json":{"title":"Lotto America vylosovan\u00e1 \u010d\u00edsla a v\u00fdsledky losov\u00e1n\u00ed","description":"Hled\u00e1te vylosovan\u00e1 \u010d\u00edsla hry Lotto America? V\u00fdsledky losov\u00e1n\u00ed v\u0161ech velk\u00fdch americk\u00fdch loteri\u00ed najdete na na\u0161ich str\u00e1nk\u00e1ch!","robots":{"index":"index","follow":"follow","max-snippet":"max-snippet:-1","max-image-preview":"max-image-preview:large","max-video-preview":"max-video-preview:-1"},"canonical":"https:\/\/jackpotlotteryonline.com\/cs\/vyherni-cisla\/lotto-america\/","og_locale":"cs_CZ","og_type":"article","og_title":"Lotto America vylosovan\u00e1 \u010d\u00edsla a v\u00fdsledky losov\u00e1n\u00ed","og_description":"Hled\u00e1te vylosovan\u00e1 \u010d\u00edsla hry Lotto America? V\u00fdsledky losov\u00e1n\u00ed v\u0161ech velk\u00fdch americk\u00fdch loteri\u00ed najdete na na\u0161ich str\u00e1nk\u00e1ch!","og_url":"https:\/\/jackpotlotteryonline.com\/cs\/vyherni-cisla\/lotto-america\/","og_site_name":"Lotto Online - Crack The International Lottery Jackpots","article_modified_time":"2022-12-29T18:34:57+00:00","og_image":[{"url":"https:\/\/jackpotlotteryonline.com\/wp-content\/uploads\/2022\/11\/1_mega_lotto_win-213x300-1.jpg"}],"twitter_card":"summary_large_image","twitter_misc":{"Odhadovan\u00e1 doba \u010dten\u00ed":"5 minut"},"schema":{"@context":"https:\/\/schema.org","@graph":[{"@type":"WebPage","@id":"https:\/\/jackpotlotteryonline.com\/cs\/vyherni-cisla\/lotto-america\/","url":"https:\/\/jackpotlotteryonline.com\/cs\/vyherni-cisla\/lotto-america\/","name":"Lotto America vylosovan\u00e1 \u010d\u00edsla a v\u00fdsledky losov\u00e1n\u00ed","isPartOf":{"@id":"https:\/\/jackpotlotteryonline.com\/#website"},"primaryImageOfPage":{"@id":"https:\/\/jackpotlotteryonline.com\/cs\/vyherni-cisla\/lotto-america\/#primaryimage"},"image":{"@id":"https:\/\/jackpotlotteryonline.com\/cs\/vyherni-cisla\/lotto-america\/#primaryimage"},"thumbnailUrl":"https:\/\/jackpotlotteryonline.com\/wp-content\/uploads\/2022\/11\/1_mega_lotto_win-213x300-1.jpg","datePublished":"2022-12-09T13:33:31+00:00","dateModified":"2022-12-29T18:34:57+00:00","description":"Hled\u00e1te vylosovan\u00e1 \u010d\u00edsla hry Lotto America? V\u00fdsledky losov\u00e1n\u00ed v\u0161ech velk\u00fdch americk\u00fdch loteri\u00ed najdete na na\u0161ich str\u00e1nk\u00e1ch!","breadcrumb":{"@id":"https:\/\/jackpotlotteryonline.com\/cs\/vyherni-cisla\/lotto-america\/#breadcrumb"},"inLanguage":"cs","potentialAction":[{"@type":"ReadAction","target":["https:\/\/jackpotlotteryonline.com\/cs\/vyherni-cisla\/lotto-america\/"]}]},{"@type":"ImageObject","inLanguage":"cs","@id":"https:\/\/jackpotlotteryonline.com\/cs\/vyherni-cisla\/lotto-america\/#primaryimage","url":"https:\/\/jackpotlotteryonline.com\/wp-content\/uploads\/2022\/11\/1_mega_lotto_win-213x300-1.jpg","contentUrl":"https:\/\/jackpotlotteryonline.com\/wp-content\/uploads\/2022\/11\/1_mega_lotto_win-213x300-1.jpg"},{"@type":"BreadcrumbList","@id":"https:\/\/jackpotlotteryonline.com\/cs\/vyherni-cisla\/lotto-america\/#breadcrumb","itemListElement":[{"@type":"ListItem","position":1,"name":"Home","item":"https:\/\/jackpotlotteryonline.com\/cs\/"},{"@type":"ListItem","position":2,"name":"V\u00fdsledky loterie","item":"https:\/\/jackpotlotteryonline.com\/cs\/vyherni-cisla\/"},{"@type":"ListItem","position":3,"name":"Lotto America \u010derp\u00e1n\u00ed v\u00fdsledky"}]},{"@type":"WebSite","@id":"https:\/\/jackpotlotteryonline.com\/#website","url":"https:\/\/jackpotlotteryonline.com\/","name":"Lotto Online - Crack The International Lottery Jackpots","description":"","potentialAction":[{"@type":"SearchAction","target":{"@type":"EntryPoint","urlTemplate":"https:\/\/jackpotlotteryonline.com\/?s={search_term_string}"},"query-input":"required name=search_term_string"}],"inLanguage":"cs"}]}},"_links":{"self":[{"href":"https:\/\/jackpotlotteryonline.com\/cs\/wp-json\/wp\/v2\/pages\/41507","targetHints":{"allow":["GET"]}}],"collection":[{"href":"https:\/\/jackpotlotteryonline.com\/cs\/wp-json\/wp\/v2\/pages"}],"about":[{"href":"https:\/\/jackpotlotteryonline.com\/cs\/wp-json\/wp\/v2\/types\/page"}],"author":[{"embeddable":true,"href":"https:\/\/jackpotlotteryonline.com\/cs\/wp-json\/wp\/v2\/users\/1"}],"replies":[{"embeddable":true,"href":"https:\/\/jackpotlotteryonline.com\/cs\/wp-json\/wp\/v2\/comments?post=41507"}],"version-history":[{"count":0,"href":"https:\/\/jackpotlotteryonline.com\/cs\/wp-json\/wp\/v2\/pages\/41507\/revisions"}],"up":[{"embeddable":true,"href":"https:\/\/jackpotlotteryonline.com\/cs\/wp-json\/wp\/v2\/pages\/35816"}],"wp:attachment":[{"href":"https:\/\/jackpotlotteryonline.com\/cs\/wp-json\/wp\/v2\/media?parent=41507"}],"curies":[{"name":"wp","href":"https:\/\/api.w.org\/{rel}","templated":true}]}}