{"id":72923,"date":"2025-02-02T15:16:04","date_gmt":"2025-02-02T15:16:04","guid":{"rendered":"https:\/\/jackpotlotteryonline.com\/?page_id=72923"},"modified":"2025-02-02T15:17:31","modified_gmt":"2025-02-02T15:17:31","slug":"zasady-ochrany-osobnich-udaju","status":"publish","type":"page","link":"https:\/\/jackpotlotteryonline.com\/cs\/zasady-ochrany-osobnich-udaju\/","title":{"rendered":"Z\u00e1sady ochrany osobn\u00edch \u00fadaj\u016f"},"content":{"rendered":"<div class=\"flex-shrink-0 flex flex-col relative items-end\">\n<div>\n<div class=\"pt-0\">\n<div class=\"gizmo-bot-avatar flex h-8 w-8 items-center justify-center overflow-hidden rounded-full\">\n<div class=\"relative p-1 rounded-sm flex items-center justify-center bg-token-main-surface-primary text-token-text-primary h-8 w-8\"><\/div>\n<\/div>\n<\/div>\n<\/div>\n<\/div>\n<div class=\"group\/conversation-turn relative flex w-full min-w-0 flex-col agent-turn\">\n<div class=\"flex-col gap-1 md:gap-3\">\n<div class=\"flex max-w-full flex-col flex-grow\">\n<div class=\"min-h-8 text-message flex w-full flex-col items-end gap-2 whitespace-normal break-words text-start [.text-message+&amp;]:mt-5\" dir=\"auto\" data-message-author-role=\"assistant\" data-message-id=\"fc002320-7d59-4b1e-9f8a-edba37df6912\" data-message-model-slug=\"gpt-4o\">\n<div class=\"flex w-full flex-col gap-1 empty:hidden first:pt-[3px]\">\n<div class=\"markdown prose w-full break-words dark:prose-invert dark\">\n<p>&nbsp;<\/p>\n<p>Z\u00e1sady ochrany osobn\u00edch \u00fadaj\u016f slu\u017eby Playlottoonline (d\u00e1le jen \u201ez\u00e1sady ochrany osobn\u00edch \u00fadaj\u016f\u201c) se vztahuj\u00ed na webov\u00e9 str\u00e1nky Playlottoonline.net (d\u00e1le jen \u201ewebov\u00e9 str\u00e1nky\u201c), kter\u00e9 provozuje spole\u010dnost <strong>LLL World Marketing Limited<\/strong>, se s\u00eddlem <strong>Peiraios 30, 1st floor, office 1, 2023 Strovolos, Nik\u00f3sie \u2013 Kypr<\/strong>. Pou\u017e\u00edv\u00e1n\u00edm na\u0161ich webov\u00fdch str\u00e1nek vyjad\u0159ujete sv\u016fj souhlas s t\u011bmito z\u00e1sadami ochrany osobn\u00edch \u00fadaj\u016f a na\u0161imi podm\u00ednkami pou\u017e\u00edv\u00e1n\u00ed.<\/p>\n<h3><strong>Jak\u00e9 \u00fadaje shroma\u017e\u010fujeme<\/strong><\/h3>\n<h4><strong>\u00dadaje, kter\u00e9 n\u00e1m poskytnete dobrovoln\u011b<\/strong><\/h4>\n<p>P\u0159i vytv\u00e1\u0159en\u00ed u\u017eivatelsk\u00e9ho \u00fa\u010dtu budete muset zadat svou e-mailovou adresu, kter\u00e1 bude slou\u017eit jako jedine\u010dn\u00fd identifik\u00e1tor va\u0161eho \u00fa\u010dtu a m\u016f\u017ee b\u00fdt vyu\u017eita pro jeho aktivaci. Tato e-mailov\u00e1 adresa se tak\u00e9 pou\u017e\u00edv\u00e1 pro resetov\u00e1n\u00ed hesla.<\/p>\n<p>M\u016f\u017eeme v\u00e1m zas\u00edlat ozn\u00e1men\u00ed souvisej\u00edc\u00ed s funkcemi webov\u00fdch str\u00e1nek (v\u010detn\u011b z\u00e1konn\u00fdch ozn\u00e1men\u00ed), novinky, informace o produktech a slu\u017eb\u00e1ch dostupn\u00fdch na webu a dal\u0161\u00ed marketingov\u00e9 informace (v\u010detn\u011b nab\u00eddek t\u0159et\u00edch stran, o kter\u00e9 byste mohli m\u00edt z\u00e1jem, d\u00e1le jen \u201eozn\u00e1men\u00ed\u201c). Z odb\u011bru marketingov\u00fdch ozn\u00e1men\u00ed se m\u016f\u017eete kdykoli odhl\u00e1sit prost\u0159ednictv\u00edm odkazu v e-mailu nebo n\u00e1s kontaktovat e-mailem, telefonicky \u010di prost\u0159ednictv\u00edm kontaktn\u00edho formul\u00e1\u0159e.<\/p>\n<p>Po vytvo\u0159en\u00ed \u00fa\u010dtu si m\u016f\u017eete doplnit dal\u0161\u00ed \u00fadaje, jako je va\u0161e jm\u00e9no, adresa, datum narozen\u00ed, telefonn\u00ed \u010d\u00edslo a \u010dasov\u00e9 p\u00e1smo. Tyto informace se pou\u017e\u00edvaj\u00ed k usnadn\u011bn\u00ed plateb, vklad\u016f a v\u00fdb\u011br\u016f, personalizaci webov\u00fdch str\u00e1nek (v\u010detn\u011b ozn\u00e1men\u00ed) a ke zpracov\u00e1n\u00ed v\u00fdher p\u0159esahuj\u00edc\u00edch <strong>2 500 USD<\/strong> v souladu s \u010dl\u00e1nkem 3.5 podm\u00ednek pou\u017e\u00edv\u00e1n\u00ed.<\/p>\n<p>D\u00e1le m\u016f\u017eeme uchov\u00e1vat informace, kter\u00e9 n\u00e1m dobrovoln\u011b poskytnete prost\u0159ednictv\u00edm kontaktn\u00edho formul\u00e1\u0159e, telefonicky, po\u0161tou, p\u0159es <strong>Facebook, Twitter<\/strong> nebo jin\u00fdmi komunika\u010dn\u00edmi kan\u00e1ly. Tyto informace mohou zahrnovat va\u0161e jm\u00e9no, e-mailovou adresu, telefonn\u00ed \u010d\u00edslo a po\u0161tovn\u00ed adresu.<\/p>\n<p>Pokud n\u00e1s kontaktujete p\u0159es <strong>Facebook<\/strong> nebo <strong>Twitter<\/strong>, tyto platformy nepova\u017eujeme za ofici\u00e1ln\u00ed komunika\u010dn\u00ed kan\u00e1ly. M\u016f\u017eeme se rozhodnout neodpov\u011bd\u011bt na va\u0161e zpr\u00e1vy, p\u0159esto se budeme sna\u017eit reagovat. Informace o datech, kter\u00e1 tyto platformy shroma\u017e\u010fuj\u00ed, naleznete zde:<\/p>\n<ul>\n<li><strong>Facebook<\/strong> \u2013 z\u00e1sady ochrany osobn\u00edch \u00fadaj\u016f a podm\u00ednky slu\u017eby<\/li>\n<li><strong>Twitter<\/strong> \u2013 z\u00e1sady ochrany osobn\u00edch \u00fadaj\u016f a podm\u00ednky slu\u017eby<\/li>\n<\/ul>\n<p>Pokud prov\u00e1d\u00edte platby, mohou b\u00fdt zpracov\u00e1ny \u00fadaje o va\u0161\u00ed platebn\u00ed kart\u011b (\u010d\u00edslo karty, datum platnosti, jm\u00e9no dr\u017eitele karty a CVV k\u00f3d).<\/p>\n<h4><strong>Automaticky shroma\u017e\u010fovan\u00e9 \u00fadaje<\/strong><\/h4>\n<p>P\u0159i pou\u017e\u00edv\u00e1n\u00ed webov\u00fdch str\u00e1nek shroma\u017e\u010fujeme n\u011bkter\u00e9 informace automaticky. Tyto \u00fadaje pom\u00e1haj\u00ed zaji\u0161\u0165ovat z\u00e1kladn\u00ed funkce webu, personalizaci obsahu (v\u010detn\u011b ozn\u00e1men\u00ed), sledov\u00e1n\u00ed n\u00e1v\u0161t\u011bvnosti a zabezpe\u010den\u00ed. Mezi tyto informace pat\u0159\u00ed:<\/p>\n<ul>\n<li><strong>IP adresa<\/strong><\/li>\n<li><strong>Informace z hlavi\u010dek prohl\u00ed\u017ee\u010de<\/strong> \u2013 nap\u0159\u00edklad typ a verze prohl\u00ed\u017ee\u010de, jazyk, opera\u010dn\u00ed syst\u00e9m a webov\u00e1 str\u00e1nka, kter\u00e1 v\u00e1s na n\u00e1\u0161 web odk\u00e1zala<\/li>\n<li><strong>Syst\u00e9mov\u00fd \u010das<\/strong><\/li>\n<li><strong>HTTP po\u017eadavky<\/strong><\/li>\n<li><strong>Soubory cookie ulo\u017een\u00e9 na Playlottoonline.net a jeho subdom\u00e9n\u00e1ch<\/strong><\/li>\n<\/ul>\n<p>Va\u0161i <strong>IP adresu<\/strong> m\u016f\u017eeme pou\u017e\u00edt k ur\u010den\u00ed va\u0161\u00ed geografick\u00e9 polohy, co\u017e pom\u00e1h\u00e1 p\u0159izp\u016fsobit obsah webov\u00fdch str\u00e1nek (v\u010detn\u011b ozn\u00e1men\u00ed).<\/p>\n<p>\u010c\u00e1st \u00fadaj\u016f automaticky shroma\u017e\u010fovan\u00fdch va\u0161\u00edm prohl\u00ed\u017ee\u010dem je ulo\u017eena v <strong>serverov\u00fdch protokolech<\/strong>, kde se uchov\u00e1vaj\u00ed nap\u0159\u00edklad kompletn\u00ed HTTP po\u017eadavky, \u010dasy p\u0159\u00edstupu, IP adresy a souvisej\u00edc\u00ed URL adresy.<\/p>\n<p>Webov\u00e9 str\u00e1nky vyu\u017e\u00edvaj\u00ed <strong>cache prohl\u00ed\u017ee\u010de<\/strong>, co\u017e umo\u017e\u0148uje rychlej\u0161\u00ed na\u010d\u00edt\u00e1n\u00ed obsahu a zachov\u00e1n\u00ed n\u011bkter\u00fdch dat mezi relacemi, aby bylo zaji\u0161t\u011bno lep\u0161\u00ed u\u017eivatelsk\u00e9 prost\u0159ed\u00ed.<\/p>\n<h3><strong>Slu\u017eby t\u0159et\u00edch stran<\/strong><\/h3>\n<h4><strong>Statistika, reklama a bezpe\u010dnost<\/strong><\/h4>\n<p>Pro anal\u00fdzu provozu, bezpe\u010dnost webov\u00fdch str\u00e1nek a sb\u011br statistick\u00fdch \u00fadaj\u016f vyu\u017e\u00edv\u00e1me n\u00e1sleduj\u00edc\u00ed slu\u017eby t\u0159et\u00edch stran:<\/p>\n<ul>\n<li><strong>Google Analytics<\/strong> \u2013 sleduje n\u00e1v\u0161t\u011bvnost webov\u00fdch str\u00e1nek a poskytuje analytick\u00e1 data<\/li>\n<li><strong>Google reCAPTCHA<\/strong> \u2013 chr\u00e1n\u00ed web p\u0159ed automatick\u00fdmi \u00fatoky<\/li>\n<li><strong>Facebook Pixel<\/strong> \u2013 sleduje n\u00e1v\u0161t\u011bvnost a pom\u00e1h\u00e1 optimalizovat reklamn\u00ed kampan\u011b<\/li>\n<\/ul>\n<p>Tyto slu\u017eby shroma\u017e\u010fuj\u00ed a vyu\u017e\u00edvaj\u00ed data k zaji\u0161t\u011bn\u00ed sv\u00fdch funkc\u00ed. Dal\u0161\u00ed informace o \u00fadaj\u00edch shroma\u017e\u010fovan\u00fdch slu\u017ebami Google a Facebook naleznete v jejich z\u00e1sad\u00e1ch ochrany osobn\u00edch \u00fadaj\u016f.<\/p>\n<h3><strong>Platebn\u00ed \u00fadaje<\/strong><\/h3>\n<p>Neukl\u00e1d\u00e1me podrobnosti o va\u0161\u00ed platebn\u00ed kart\u011b do na\u0161\u00ed datab\u00e1ze. Platebn\u00ed \u00fadaje jsou bezpe\u010dn\u011b ulo\u017eeny u poskytovatel\u016f platebn\u00edch slu\u017eeb, kte\u0159\u00ed spl\u0148uj\u00ed <strong>PCI-DSS<\/strong> (normu bezpe\u010dnosti platebn\u00edch karet).<\/p>\n<p>V na\u0161\u00ed datab\u00e1zi jsou uchov\u00e1v\u00e1ny pouze referen\u010dn\u00ed \u00fadaje, nap\u0159\u00edklad posledn\u00ed \u010dty\u0159i \u010d\u00edslice va\u0161\u00ed karty, datum expirace a jm\u00e9no dr\u017eitele karty. \u00dadaje o platebn\u00ed kart\u011b ukl\u00e1d\u00e1me pouze s va\u0161\u00edm souhlasem a m\u016f\u017eete je kdykoli odstranit.<\/p>\n<p>Ve\u0161ker\u00e9 platebn\u00ed informace jsou p\u0159en\u00e1\u0161eny p\u0159es <strong>\u0161ifrovan\u00e9 SSL p\u0159ipojen\u00ed<\/strong>, aby byla zaji\u0161t\u011bna jejich bezpe\u010dnost.<\/p>\n<h3><strong>Sd\u00edlen\u00ed \u00fadaj\u016f<\/strong><\/h3>\n<p>Va\u0161e \u00fadaje neposkytujeme t\u0159et\u00edm stran\u00e1m, s v\u00fdjimkou n\u00e1sleduj\u00edc\u00edch p\u0159\u00edpad\u016f:<\/p>\n<ol>\n<li><strong>S va\u0161\u00edm souhlasem<\/strong><\/li>\n<li><strong>Pro intern\u00ed zpracov\u00e1n\u00ed<\/strong> \u2013 nap\u0159\u00edklad na\u0161imi partnery za podm\u00ednky zachov\u00e1n\u00ed d\u016fv\u011brnosti<\/li>\n<li><strong>Pro spln\u011bn\u00ed pr\u00e1vn\u00edch povinnost\u00ed<\/strong><\/li>\n<li><strong>Pro anal\u00fdzu bezpe\u010dnosti, prevenci podvod\u016f a \u00fadr\u017ebu webu<\/strong><\/li>\n<li><strong>Anonymn\u00ed \u00fadaje<\/strong> \u2013 nap\u0159\u00edklad informace o nejnov\u011bj\u0161\u00edch v\u00fdhr\u00e1ch nebo celkov\u00e9 n\u00e1v\u0161t\u011bvnosti<\/li>\n<\/ol>\n<h3><strong>Bezpe\u010dnost \u00fadaj\u016f<\/strong><\/h3>\n<p>P\u0159ij\u00edm\u00e1me opat\u0159en\u00ed k ochran\u011b va\u0161ich \u00fadaj\u016f p\u0159ed ztr\u00e1tou, zneu\u017eit\u00edm nebo neopr\u00e1vn\u011bn\u00fdm p\u0159\u00edstupem. Mezi bezpe\u010dnostn\u00ed opat\u0159en\u00ed pat\u0159\u00ed:<\/p>\n<ul>\n<li>Pravideln\u00e9 aktualizace server\u016f<\/li>\n<li>Instalace bezpe\u010dnostn\u00edch oprav<\/li>\n<li>Ochrana proti neopr\u00e1vn\u011bn\u00e9mu p\u0159\u00edstupu<\/li>\n<li>\u0160ifrovan\u00e9 p\u0159enosy dat<\/li>\n<\/ul>\n<h3><strong>Odstran\u011bn\u00ed \u00fadaj\u016f<\/strong><\/h3>\n<p>\u00dadaje o va\u0161em \u00fa\u010dtu mohou b\u00fdt uchov\u00e1v\u00e1ny v z\u00e1loh\u00e1ch po dobu a\u017e jednoho roku. Pokud po\u017e\u00e1d\u00e1te o smaz\u00e1n\u00ed \u00fa\u010dtu, n\u011bkter\u00e9 \u00fadaje mohou b\u00fdt nad\u00e1le uchov\u00e1v\u00e1ny pro \u00fa\u010dely prevence podvod\u016f a pln\u011bn\u00ed pr\u00e1vn\u00edch povinnost\u00ed.<\/p>\n<h3><strong>Zm\u011bny z\u00e1sad ochrany osobn\u00edch \u00fadaj\u016f<\/strong><\/h3>\n<p>Vyhrazujeme si pr\u00e1vo upravit tyto z\u00e1sady ochrany osobn\u00edch \u00fadaj\u016f, abychom zajistili jejich aktu\u00e1lnost a soulad s platn\u00fdmi pr\u00e1vn\u00edmi p\u0159edpisy.<\/p>\n<p>Pokud m\u00e1te jak\u00e9koli dotazy, kontaktujte n\u00e1s:<\/p>\n<p><strong>LLL World Marketing Limited<\/strong><br \/>\nPeiraios 30, 1st floor, office 1, 2023 Strovolos, Nik\u00f3sie \u2013 Kypr<\/p>\n<\/div>\n<\/div>\n<\/div>\n<\/div>\n<\/div>\n<\/div>\n","protected":false},"excerpt":{"rendered":"<p>&nbsp; Z\u00e1sady ochrany osobn\u00edch \u00fadaj\u016f slu\u017eby Playlottoonline (d\u00e1le jen \u201ez\u00e1sady ochrany osobn\u00edch \u00fadaj\u016f\u201c) se vztahuj\u00ed na webov\u00e9 str\u00e1nky Playlottoonline.net (d\u00e1le jen \u201ewebov\u00e9 str\u00e1nky\u201c), kter\u00e9 provozuje spole\u010dnost LLL World Marketing Limited, se s\u00eddlem Peiraios 30, 1st floor, office 1, 2023 Strovolos, Nik\u00f3sie \u2013 Kypr. Pou\u017e\u00edv\u00e1n\u00edm na\u0161ich webov\u00fdch str\u00e1nek vyjad\u0159ujete sv\u016fj souhlas s t\u011bmito z\u00e1sadami ochrany osobn\u00edch [&hellip;]<\/p>\n","protected":false},"author":7,"featured_media":0,"parent":0,"menu_order":0,"comment_status":"closed","ping_status":"closed","template":"","meta":{"_et_pb_use_builder":"","_et_pb_old_content":"","_et_gb_content_width":"","exclude_from_search":false,"footnotes":""},"class_list":["post-72923","page","type-page","status-publish","hentry"],"yoast_head":"<!-- This site is optimized with the Yoast SEO plugin v23.3 - https:\/\/yoast.com\/wordpress\/plugins\/seo\/ -->\n<title>Z\u00e1sady ochrany osobn\u00edch \u00fadaj\u016f - Lotto Online - Crack The International Lottery Jackpots<\/title>\n<meta name=\"robots\" content=\"index, follow, max-snippet:-1, max-image-preview:large, max-video-preview:-1\" \/>\n<link rel=\"canonical\" href=\"https:\/\/jackpotlotteryonline.com\/privacy-policy-2\/\" \/>\n<meta property=\"og:locale\" content=\"cs_CZ\" \/>\n<meta property=\"og:type\" content=\"article\" \/>\n<meta property=\"og:title\" content=\"Z\u00e1sady ochrany osobn\u00edch \u00fadaj\u016f - Lotto Online - Crack The International Lottery Jackpots\" \/>\n<meta property=\"og:description\" content=\"&nbsp; Z\u00e1sady ochrany osobn\u00edch \u00fadaj\u016f slu\u017eby Playlottoonline (d\u00e1le jen \u201ez\u00e1sady ochrany osobn\u00edch \u00fadaj\u016f\u201c) se vztahuj\u00ed na webov\u00e9 str\u00e1nky Playlottoonline.net (d\u00e1le jen \u201ewebov\u00e9 str\u00e1nky\u201c), kter\u00e9 provozuje spole\u010dnost LLL World Marketing Limited, se s\u00eddlem Peiraios 30, 1st floor, office 1, 2023 Strovolos, Nik\u00f3sie \u2013 Kypr. Pou\u017e\u00edv\u00e1n\u00edm na\u0161ich webov\u00fdch str\u00e1nek vyjad\u0159ujete sv\u016fj souhlas s t\u011bmito z\u00e1sadami ochrany osobn\u00edch [&hellip;]\" \/>\n<meta property=\"og:url\" content=\"https:\/\/jackpotlotteryonline.com\/privacy-policy-2\/\" \/>\n<meta property=\"og:site_name\" content=\"Lotto Online - Crack The International Lottery Jackpots\" \/>\n<meta property=\"article:modified_time\" content=\"2025-02-02T15:17:31+00:00\" \/>\n<meta name=\"twitter:card\" content=\"summary_large_image\" \/>\n<meta name=\"twitter:label1\" content=\"Odhadovan\u00e1 doba \u010dten\u00ed\" \/>\n\t<meta name=\"twitter:data1\" content=\"4 minuty\" \/>\n<!-- \/ Yoast SEO plugin. -->","yoast_head_json":{"title":"Z\u00e1sady ochrany osobn\u00edch \u00fadaj\u016f - Lotto Online - Crack The International Lottery Jackpots","robots":{"index":"index","follow":"follow","max-snippet":"max-snippet:-1","max-image-preview":"max-image-preview:large","max-video-preview":"max-video-preview:-1"},"canonical":"https:\/\/jackpotlotteryonline.com\/privacy-policy-2\/","og_locale":"cs_CZ","og_type":"article","og_title":"Z\u00e1sady ochrany osobn\u00edch \u00fadaj\u016f - Lotto Online - Crack The International Lottery Jackpots","og_description":"&nbsp; Z\u00e1sady ochrany osobn\u00edch \u00fadaj\u016f slu\u017eby Playlottoonline (d\u00e1le jen \u201ez\u00e1sady ochrany osobn\u00edch \u00fadaj\u016f\u201c) se vztahuj\u00ed na webov\u00e9 str\u00e1nky Playlottoonline.net (d\u00e1le jen \u201ewebov\u00e9 str\u00e1nky\u201c), kter\u00e9 provozuje spole\u010dnost LLL World Marketing Limited, se s\u00eddlem Peiraios 30, 1st floor, office 1, 2023 Strovolos, Nik\u00f3sie \u2013 Kypr. Pou\u017e\u00edv\u00e1n\u00edm na\u0161ich webov\u00fdch str\u00e1nek vyjad\u0159ujete sv\u016fj souhlas s t\u011bmito z\u00e1sadami ochrany osobn\u00edch [&hellip;]","og_url":"https:\/\/jackpotlotteryonline.com\/privacy-policy-2\/","og_site_name":"Lotto Online - Crack The International Lottery Jackpots","article_modified_time":"2025-02-02T15:17:31+00:00","twitter_card":"summary_large_image","twitter_misc":{"Odhadovan\u00e1 doba \u010dten\u00ed":"4 minuty"},"schema":{"@context":"https:\/\/schema.org","@graph":[{"@type":"WebPage","@id":"https:\/\/jackpotlotteryonline.com\/privacy-policy-2\/","url":"https:\/\/jackpotlotteryonline.com\/privacy-policy-2\/","name":"Z\u00e1sady ochrany osobn\u00edch \u00fadaj\u016f - Lotto Online - Crack The International Lottery Jackpots","isPartOf":{"@id":"https:\/\/jackpotlotteryonline.com\/#website"},"datePublished":"2025-02-02T15:16:04+00:00","dateModified":"2025-02-02T15:17:31+00:00","breadcrumb":{"@id":"https:\/\/jackpotlotteryonline.com\/privacy-policy-2\/#breadcrumb"},"inLanguage":"cs","potentialAction":[{"@type":"ReadAction","target":["https:\/\/jackpotlotteryonline.com\/privacy-policy-2\/"]}]},{"@type":"BreadcrumbList","@id":"https:\/\/jackpotlotteryonline.com\/privacy-policy-2\/#breadcrumb","itemListElement":[{"@type":"ListItem","position":1,"name":"Home","item":"https:\/\/jackpotlotteryonline.com\/cs\/"},{"@type":"ListItem","position":2,"name":"Z\u00e1sady ochrany osobn\u00edch \u00fadaj\u016f"}]},{"@type":"WebSite","@id":"https:\/\/jackpotlotteryonline.com\/#website","url":"https:\/\/jackpotlotteryonline.com\/","name":"Lotto Online - Crack The International Lottery Jackpots","description":"","potentialAction":[{"@type":"SearchAction","target":{"@type":"EntryPoint","urlTemplate":"https:\/\/jackpotlotteryonline.com\/?s={search_term_string}"},"query-input":"required name=search_term_string"}],"inLanguage":"cs"}]}},"_links":{"self":[{"href":"https:\/\/jackpotlotteryonline.com\/cs\/wp-json\/wp\/v2\/pages\/72923","targetHints":{"allow":["GET"]}}],"collection":[{"href":"https:\/\/jackpotlotteryonline.com\/cs\/wp-json\/wp\/v2\/pages"}],"about":[{"href":"https:\/\/jackpotlotteryonline.com\/cs\/wp-json\/wp\/v2\/types\/page"}],"author":[{"embeddable":true,"href":"https:\/\/jackpotlotteryonline.com\/cs\/wp-json\/wp\/v2\/users\/7"}],"replies":[{"embeddable":true,"href":"https:\/\/jackpotlotteryonline.com\/cs\/wp-json\/wp\/v2\/comments?post=72923"}],"version-history":[{"count":0,"href":"https:\/\/jackpotlotteryonline.com\/cs\/wp-json\/wp\/v2\/pages\/72923\/revisions"}],"wp:attachment":[{"href":"https:\/\/jackpotlotteryonline.com\/cs\/wp-json\/wp\/v2\/media?parent=72923"}],"curies":[{"name":"wp","href":"https:\/\/api.w.org\/{rel}","templated":true}]}}