{"id":73140,"date":"2025-02-03T06:06:53","date_gmt":"2025-02-03T06:06:53","guid":{"rendered":"https:\/\/jackpotlotteryonline.com\/?page_id=73140"},"modified":"2025-02-03T06:06:53","modified_gmt":"2025-02-03T06:06:53","slug":"zasady-ochrany-osobnich-udaju-2","status":"publish","type":"page","link":"https:\/\/jackpotlotteryonline.com\/cs\/zasady-ochrany-osobnich-udaju-2\/","title":{"rendered":"Z\u00e1sady ochrany osobn\u00edch \u00fadaj\u016f"},"content":{"rendered":"<div class=\"flex-shrink-0 flex flex-col relative items-end\">\n<div>\n<div class=\"pt-0\">\n<div class=\"gizmo-bot-avatar flex h-8 w-8 items-center justify-center overflow-hidden rounded-full\">\n<div class=\"relative p-1 rounded-sm flex items-center justify-center bg-token-main-surface-primary text-token-text-primary h-8 w-8\"><\/div>\n<\/div>\n<\/div>\n<\/div>\n<\/div>\n<div class=\"group\/conversation-turn relative flex w-full min-w-0 flex-col agent-turn\">\n<div class=\"flex-col gap-1 md:gap-3\">\n<div class=\"flex max-w-full flex-col flex-grow\">\n<div class=\"min-h-8 text-message flex w-full flex-col items-end gap-2 whitespace-normal break-words text-start [.text-message+&amp;]:mt-5\" dir=\"auto\" data-message-author-role=\"assistant\" data-message-id=\"725b58d4-df9f-4cb7-9a48-e7c705631162\" data-message-model-slug=\"gpt-4o\">\n<div class=\"flex w-full flex-col gap-1 empty:hidden first:pt-[3px]\">\n<div class=\"markdown prose w-full break-words dark:prose-invert dark\">\n<p>Ve spole\u010dnosti Jackpotlottery je pro n\u00e1s va\u0161e soukrom\u00ed d\u016fle\u017eit\u00e9. Tyto Z\u00e1sady ochrany osobn\u00edch \u00fadaj\u016f popisuj\u00ed, jak shroma\u017e\u010fujeme, pou\u017e\u00edv\u00e1me a chr\u00e1n\u00edme va\u0161e osobn\u00ed \u00fadaje p\u0159i n\u00e1v\u0161t\u011bv\u011b nebo pou\u017e\u00edv\u00e1n\u00ed na\u0161ich webov\u00fdch str\u00e1nek (jackpotlottery.org).<\/p>\n<p>P\u0159\u00edstupem a pou\u017e\u00edv\u00e1n\u00edm t\u011bchto webov\u00fdch str\u00e1nek souhlas\u00edte s podm\u00ednkami t\u011bchto Z\u00e1sad ochrany osobn\u00edch \u00fadaj\u016f. Pokud nesouhlas\u00edte, okam\u017eit\u011b p\u0159esta\u0148te web pou\u017e\u00edvat.<\/p>\n<h3><strong>Jak\u00e9 \u00fadaje shroma\u017e\u010fujeme<\/strong><\/h3>\n<h4><strong>\u00dadaje, kter\u00e9 n\u00e1m poskytnete<\/strong><\/h4>\n<p>Shroma\u017e\u010fujeme osobn\u00ed \u00fadaje, kter\u00e9 n\u00e1m dobrovoln\u011b poskytnete p\u0159i:<\/p>\n<ul>\n<li>Vytvo\u0159en\u00ed \u00fa\u010dtu na Jackpotlottery.<\/li>\n<li>Prov\u00e1d\u011bn\u00ed n\u00e1kup\u016f nebo \u00fa\u010dasti v loteri\u00edch.<\/li>\n<li>Komunikaci s na\u0161\u00edm z\u00e1kaznick\u00fdm servisem.<\/li>\n<li>Odes\u00edl\u00e1n\u00ed formul\u00e1\u0159\u016f nebo dotaz\u016f prost\u0159ednictv\u00edm webov\u00fdch str\u00e1nek.<\/li>\n<\/ul>\n<p>Tyto \u00fadaje zahrnuj\u00ed mimo jin\u00e9:<\/p>\n<ul>\n<li>Jm\u00e9no<\/li>\n<li>E-mailovou adresu<\/li>\n<li>Telefonn\u00ed \u010d\u00edslo<\/li>\n<li>Platebn\u00ed \u00fadaje<\/li>\n<li>Adresu<\/li>\n<li>Datum narozen\u00ed<\/li>\n<\/ul>\n<h4><strong>Automaticky shroma\u017e\u010fovan\u00e9 \u00fadaje<\/strong><\/h4>\n<p>P\u0159i n\u00e1v\u0161t\u011bv\u011b na\u0161ich webov\u00fdch str\u00e1nek m\u016f\u017eeme automaticky shroma\u017e\u010fovat \u00fadaje, jako jsou:<\/p>\n<ul>\n<li>IP adresa<\/li>\n<li>Typ a verze prohl\u00ed\u017ee\u010de<\/li>\n<li>Nastaven\u00ed \u010dasov\u00e9ho p\u00e1sma<\/li>\n<li>Typy a verze plugin\u016f prohl\u00ed\u017ee\u010de<\/li>\n<li>Opera\u010dn\u00ed syst\u00e9m a platforma<\/li>\n<li>Informace o va\u0161\u00ed n\u00e1v\u0161t\u011bv\u011b, v\u010detn\u011b zobrazen\u00fdch str\u00e1nek, \u010dasu str\u00e1ven\u00e9ho na str\u00e1nk\u00e1ch a interakc\u00ed se str\u00e1nkami (nap\u0159. posouv\u00e1n\u00ed, klik\u00e1n\u00ed).<\/li>\n<\/ul>\n<p>Tyto informace jsou shroma\u017e\u010fov\u00e1ny pomoc\u00ed cookies a podobn\u00fdch sledovac\u00edch technologi\u00ed.<\/p>\n<h3><strong>Jak pou\u017e\u00edv\u00e1me va\u0161e \u00fadaje<\/strong><\/h3>\n<p>Shrom\u00e1\u017ed\u011bn\u00e9 \u00fadaje pou\u017e\u00edv\u00e1me k:<\/p>\n<ul>\n<li>Spr\u00e1v\u011b va\u0161eho \u00fa\u010dtu a poskytov\u00e1n\u00ed slu\u017eeb.<\/li>\n<li>Zpracov\u00e1n\u00ed plateb, v\u00fdb\u011br\u016f a vklad\u016f.<\/li>\n<li>P\u0159izp\u016fsoben\u00ed a zlep\u0161en\u00ed u\u017eivatelsk\u00e9ho z\u00e1\u017eitku.<\/li>\n<li>Komunikaci s v\u00e1mi o slu\u017eb\u00e1ch, aktualizac\u00edch nebo promo akc\u00edch.<\/li>\n<li>Dodr\u017eov\u00e1n\u00ed pr\u00e1vn\u00edch po\u017eadavk\u016f.<\/li>\n<\/ul>\n<h3><strong>Sd\u00edlen\u00ed va\u0161ich \u00fadaj\u016f<\/strong><\/h3>\n<p>Va\u0161e osobn\u00ed \u00fadaje neprod\u00e1v\u00e1me, neobchodujeme s nimi ani je nepronaj\u00edm\u00e1me. M\u016f\u017eeme je sd\u00edlet s t\u0159et\u00edmi stranami pouze v n\u00e1sleduj\u00edc\u00edch p\u0159\u00edpadech:<\/p>\n<ul>\n<li>Pro zpracov\u00e1n\u00ed plateb prost\u0159ednictv\u00edm d\u016fv\u011bryhodn\u00fdch poskytovatel\u016f platebn\u00edch slu\u017eeb.<\/li>\n<li>Za \u00fa\u010delem dodr\u017eov\u00e1n\u00ed z\u00e1konn\u00fdch nebo regula\u010dn\u00edch po\u017eadavk\u016f.<\/li>\n<li>S poskytovateli slu\u017eeb, kte\u0159\u00ed n\u00e1m pom\u00e1haj\u00ed provozovat webov\u00e9 str\u00e1nky nebo poskytovat slu\u017eby (nap\u0159. marketingov\u00ed partne\u0159i nebo IT poskytovatel\u00e9).<\/li>\n<\/ul>\n<p>V\u0161echny t\u0159et\u00ed strany jsou v\u00e1z\u00e1ny dohodami o ml\u010denlivosti a jsou povinny zach\u00e1zet s va\u0161imi \u00fadaji v souladu s platn\u00fdmi z\u00e1kony.<\/p>\n<h3><strong>Va\u0161e pr\u00e1va<\/strong><\/h3>\n<p>Podle platn\u00fdch pr\u00e1vn\u00edch p\u0159edpis\u016f o ochran\u011b osobn\u00edch \u00fadaj\u016f m\u00e1te n\u00e1sleduj\u00edc\u00ed pr\u00e1va:<\/p>\n<ul>\n<li><strong>Pr\u00e1vo na p\u0159\u00edstup<\/strong>: Po\u017e\u00e1dat o podrobnosti o osobn\u00edch \u00fadaj\u00edch, kter\u00e9 o v\u00e1s uchov\u00e1v\u00e1me.<\/li>\n<li><strong>Pr\u00e1vo na opravu<\/strong>: Po\u017e\u00e1dat o opravu nep\u0159esn\u00fdch nebo ne\u00fapln\u00fdch \u00fadaj\u016f.<\/li>\n<li><strong>Pr\u00e1vo na v\u00fdmaz<\/strong>: Po\u017e\u00e1dat o smaz\u00e1n\u00ed va\u0161ich osobn\u00edch \u00fadaj\u016f, pokud to neodporuje z\u00e1konn\u00fdm po\u017eadavk\u016fm na uchov\u00e1v\u00e1n\u00ed dat.<\/li>\n<li><strong>Pr\u00e1vo na omezen\u00ed zpracov\u00e1n\u00ed<\/strong>: Po\u017e\u00e1dat o omezen\u00ed zpracov\u00e1n\u00ed va\u0161ich \u00fadaj\u016f.<\/li>\n<li><strong>Pr\u00e1vo vzn\u00e9st n\u00e1mitku<\/strong>: Vzn\u00e9st n\u00e1mitku proti zpracov\u00e1n\u00ed va\u0161ich \u00fadaj\u016f pro ur\u010dit\u00e9 \u00fa\u010dely (nap\u0159. marketing).<\/li>\n<li><strong>Pr\u00e1vo na p\u0159enositelnost dat<\/strong>: Po\u017e\u00e1dat o p\u0159enos va\u0161ich \u00fadaj\u016f k jin\u00e9mu poskytovateli slu\u017eeb.<\/li>\n<\/ul>\n<p>Pro uplatn\u011bn\u00ed t\u011bchto pr\u00e1v n\u00e1s kontaktujte na <a rel=\"noopener\">support@jackpotlottery.org<\/a>.<\/p>\n<h3><strong>Bezpe\u010dnost \u00fadaj\u016f<\/strong><\/h3>\n<p>Bezpe\u010dnost va\u0161ich \u00fadaj\u016f bereme v\u00e1\u017en\u011b a zav\u00e1d\u00edme technick\u00e1 a organiza\u010dn\u00ed opat\u0159en\u00ed k ochran\u011b va\u0161ich \u00fadaj\u016f p\u0159ed neopr\u00e1vn\u011bn\u00fdm p\u0159\u00edstupem, zm\u011bnou nebo zni\u010den\u00edm. P\u0159esto\u017ee se sna\u017e\u00edme zajistit maxim\u00e1ln\u00ed bezpe\u010dnost, \u017e\u00e1dn\u00fd syst\u00e9m nen\u00ed zcela bezpe\u010dn\u00fd a nem\u016f\u017eeme zaru\u010dit absolutn\u00ed ochranu.<\/p>\n<h3><strong>Doba uchov\u00e1v\u00e1n\u00ed \u00fadaj\u016f<\/strong><\/h3>\n<p>Va\u0161e \u00fadaje uchov\u00e1v\u00e1me pouze po dobu nezbytn\u011b nutnou k:<\/p>\n<ul>\n<li>Poskytov\u00e1n\u00ed na\u0161ich slu\u017eeb.<\/li>\n<li>Dodr\u017eov\u00e1n\u00ed pr\u00e1vn\u00edch a regula\u010dn\u00edch po\u017eadavk\u016f.<\/li>\n<\/ul>\n<h3><strong>Cookies<\/strong><\/h3>\n<p>Jackpotlottery pou\u017e\u00edv\u00e1 cookies ke zlep\u0161en\u00ed va\u0161eho u\u017eivatelsk\u00e9ho z\u00e1\u017eitku a k anal\u00fdze vyu\u017eit\u00ed webov\u00fdch str\u00e1nek. Cookies n\u00e1m pom\u00e1haj\u00ed:<\/p>\n<ul>\n<li>Rozpoznat v\u00e1s p\u0159i n\u00e1vratu na webov\u00e9 str\u00e1nky.<\/li>\n<li>Sledovat a analyzovat v\u00fdkonnost a pou\u017e\u00edv\u00e1n\u00ed webov\u00fdch str\u00e1nek.<\/li>\n<\/ul>\n<p>Nastaven\u00ed cookies m\u016f\u017eete spravovat prost\u0159ednictv\u00edm nastaven\u00ed va\u0161eho prohl\u00ed\u017ee\u010de.<\/p>\n<h3><strong>Zm\u011bny t\u011bchto Z\u00e1sad ochrany osobn\u00edch \u00fadaj\u016f<\/strong><\/h3>\n<p>Tyto Z\u00e1sady ochrany osobn\u00edch \u00fadaj\u016f m\u016f\u017eeme \u010das od \u010dasu aktualizovat, aby odr\u00e1\u017eely zm\u011bny v na\u0161ich postupech, pr\u00e1vn\u00edch po\u017eadavc\u00edch nebo jin\u00fdch faktorech. Jak\u00e9koli zm\u011bny budou zve\u0159ejn\u011bny na t\u00e9to str\u00e1nce s aktualizovan\u00fdm datem revize. Doporu\u010dujeme pravideln\u011b kontrolovat tyto z\u00e1sady, abyste m\u011bli aktu\u00e1ln\u00ed informace.<\/p>\n<h3><strong>Kontaktujte n\u00e1s<\/strong><\/h3>\n<p>Pokud m\u00e1te jak\u00e9koli dotazy t\u00fdkaj\u00edc\u00ed se t\u011bchto Z\u00e1sad ochrany osobn\u00edch \u00fadaj\u016f nebo va\u0161ich osobn\u00edch \u00fadaj\u016f, kontaktujte n\u00e1s:<\/p>\n<ul>\n<li><strong>E-mail<\/strong>: <a rel=\"noopener\">support@jackpotlottery.org<\/a><\/li>\n<li><strong>Po\u0161tovn\u00ed adresa<\/strong>: LLL World Marketing Limited, Peiraios 30, 1st floor, office 1, 2023 Strovolos, Nicosia \u2013 Kypr.<\/li>\n<\/ul>\n<\/div>\n<\/div>\n<\/div>\n<\/div>\n<\/div>\n<\/div>\n","protected":false},"excerpt":{"rendered":"<p>Ve spole\u010dnosti Jackpotlottery je pro n\u00e1s va\u0161e soukrom\u00ed d\u016fle\u017eit\u00e9. Tyto Z\u00e1sady ochrany osobn\u00edch \u00fadaj\u016f popisuj\u00ed, jak shroma\u017e\u010fujeme, pou\u017e\u00edv\u00e1me a chr\u00e1n\u00edme va\u0161e osobn\u00ed \u00fadaje p\u0159i n\u00e1v\u0161t\u011bv\u011b nebo pou\u017e\u00edv\u00e1n\u00ed na\u0161ich webov\u00fdch str\u00e1nek (jackpotlottery.org). P\u0159\u00edstupem a pou\u017e\u00edv\u00e1n\u00edm t\u011bchto webov\u00fdch str\u00e1nek souhlas\u00edte s podm\u00ednkami t\u011bchto Z\u00e1sad ochrany osobn\u00edch \u00fadaj\u016f. Pokud nesouhlas\u00edte, okam\u017eit\u011b p\u0159esta\u0148te web pou\u017e\u00edvat. Jak\u00e9 \u00fadaje shroma\u017e\u010fujeme \u00dadaje, [&hellip;]<\/p>\n","protected":false},"author":7,"featured_media":0,"parent":0,"menu_order":0,"comment_status":"closed","ping_status":"closed","template":"","meta":{"_et_pb_use_builder":"","_et_pb_old_content":"","_et_gb_content_width":"","exclude_from_search":false,"footnotes":""},"class_list":["post-73140","page","type-page","status-publish","hentry"],"yoast_head":"<!-- This site is optimized with the Yoast SEO plugin v23.3 - https:\/\/yoast.com\/wordpress\/plugins\/seo\/ -->\n<title>Z\u00e1sady ochrany osobn\u00edch \u00fadaj\u016f - Lotto Online - Crack The International Lottery Jackpots<\/title>\n<meta name=\"robots\" content=\"index, follow, max-snippet:-1, max-image-preview:large, max-video-preview:-1\" \/>\n<link rel=\"canonical\" href=\"https:\/\/jackpotlotteryonline.com\/cs\/zasady-ochrany-osobnich-udaju-2\/\" \/>\n<meta property=\"og:locale\" content=\"cs_CZ\" \/>\n<meta property=\"og:type\" content=\"article\" \/>\n<meta property=\"og:title\" content=\"Z\u00e1sady ochrany osobn\u00edch \u00fadaj\u016f - Lotto Online - Crack The International Lottery Jackpots\" \/>\n<meta property=\"og:description\" content=\"Ve spole\u010dnosti Jackpotlottery je pro n\u00e1s va\u0161e soukrom\u00ed d\u016fle\u017eit\u00e9. Tyto Z\u00e1sady ochrany osobn\u00edch \u00fadaj\u016f popisuj\u00ed, jak shroma\u017e\u010fujeme, pou\u017e\u00edv\u00e1me a chr\u00e1n\u00edme va\u0161e osobn\u00ed \u00fadaje p\u0159i n\u00e1v\u0161t\u011bv\u011b nebo pou\u017e\u00edv\u00e1n\u00ed na\u0161ich webov\u00fdch str\u00e1nek (jackpotlottery.org). P\u0159\u00edstupem a pou\u017e\u00edv\u00e1n\u00edm t\u011bchto webov\u00fdch str\u00e1nek souhlas\u00edte s podm\u00ednkami t\u011bchto Z\u00e1sad ochrany osobn\u00edch \u00fadaj\u016f. Pokud nesouhlas\u00edte, okam\u017eit\u011b p\u0159esta\u0148te web pou\u017e\u00edvat. Jak\u00e9 \u00fadaje shroma\u017e\u010fujeme \u00dadaje, [&hellip;]\" \/>\n<meta property=\"og:url\" content=\"https:\/\/jackpotlotteryonline.com\/cs\/zasady-ochrany-osobnich-udaju-2\/\" \/>\n<meta property=\"og:site_name\" content=\"Lotto Online - Crack The International Lottery Jackpots\" \/>\n<meta name=\"twitter:card\" content=\"summary_large_image\" \/>\n<meta name=\"twitter:label1\" content=\"Odhadovan\u00e1 doba \u010dten\u00ed\" \/>\n\t<meta name=\"twitter:data1\" content=\"3 minuty\" \/>\n<!-- \/ Yoast SEO plugin. -->","yoast_head_json":{"title":"Z\u00e1sady ochrany osobn\u00edch \u00fadaj\u016f - Lotto Online - Crack The International Lottery Jackpots","robots":{"index":"index","follow":"follow","max-snippet":"max-snippet:-1","max-image-preview":"max-image-preview:large","max-video-preview":"max-video-preview:-1"},"canonical":"https:\/\/jackpotlotteryonline.com\/cs\/zasady-ochrany-osobnich-udaju-2\/","og_locale":"cs_CZ","og_type":"article","og_title":"Z\u00e1sady ochrany osobn\u00edch \u00fadaj\u016f - Lotto Online - Crack The International Lottery Jackpots","og_description":"Ve spole\u010dnosti Jackpotlottery je pro n\u00e1s va\u0161e soukrom\u00ed d\u016fle\u017eit\u00e9. Tyto Z\u00e1sady ochrany osobn\u00edch \u00fadaj\u016f popisuj\u00ed, jak shroma\u017e\u010fujeme, pou\u017e\u00edv\u00e1me a chr\u00e1n\u00edme va\u0161e osobn\u00ed \u00fadaje p\u0159i n\u00e1v\u0161t\u011bv\u011b nebo pou\u017e\u00edv\u00e1n\u00ed na\u0161ich webov\u00fdch str\u00e1nek (jackpotlottery.org). P\u0159\u00edstupem a pou\u017e\u00edv\u00e1n\u00edm t\u011bchto webov\u00fdch str\u00e1nek souhlas\u00edte s podm\u00ednkami t\u011bchto Z\u00e1sad ochrany osobn\u00edch \u00fadaj\u016f. Pokud nesouhlas\u00edte, okam\u017eit\u011b p\u0159esta\u0148te web pou\u017e\u00edvat. Jak\u00e9 \u00fadaje shroma\u017e\u010fujeme \u00dadaje, [&hellip;]","og_url":"https:\/\/jackpotlotteryonline.com\/cs\/zasady-ochrany-osobnich-udaju-2\/","og_site_name":"Lotto Online - Crack The International Lottery Jackpots","twitter_card":"summary_large_image","twitter_misc":{"Odhadovan\u00e1 doba \u010dten\u00ed":"3 minuty"},"schema":{"@context":"https:\/\/schema.org","@graph":[{"@type":"WebPage","@id":"https:\/\/jackpotlotteryonline.com\/cs\/zasady-ochrany-osobnich-udaju-2\/","url":"https:\/\/jackpotlotteryonline.com\/cs\/zasady-ochrany-osobnich-udaju-2\/","name":"Z\u00e1sady ochrany osobn\u00edch \u00fadaj\u016f - Lotto Online - Crack The International Lottery Jackpots","isPartOf":{"@id":"https:\/\/jackpotlotteryonline.com\/#website"},"datePublished":"2025-02-03T06:06:53+00:00","dateModified":"2025-02-03T06:06:53+00:00","breadcrumb":{"@id":"https:\/\/jackpotlotteryonline.com\/cs\/zasady-ochrany-osobnich-udaju-2\/#breadcrumb"},"inLanguage":"cs","potentialAction":[{"@type":"ReadAction","target":["https:\/\/jackpotlotteryonline.com\/cs\/zasady-ochrany-osobnich-udaju-2\/"]}]},{"@type":"BreadcrumbList","@id":"https:\/\/jackpotlotteryonline.com\/cs\/zasady-ochrany-osobnich-udaju-2\/#breadcrumb","itemListElement":[{"@type":"ListItem","position":1,"name":"Home","item":"https:\/\/jackpotlotteryonline.com\/cs\/"},{"@type":"ListItem","position":2,"name":"Z\u00e1sady ochrany osobn\u00edch \u00fadaj\u016f"}]},{"@type":"WebSite","@id":"https:\/\/jackpotlotteryonline.com\/#website","url":"https:\/\/jackpotlotteryonline.com\/","name":"Lotto Online - Crack The International Lottery Jackpots","description":"","potentialAction":[{"@type":"SearchAction","target":{"@type":"EntryPoint","urlTemplate":"https:\/\/jackpotlotteryonline.com\/?s={search_term_string}"},"query-input":"required name=search_term_string"}],"inLanguage":"cs"}]}},"_links":{"self":[{"href":"https:\/\/jackpotlotteryonline.com\/cs\/wp-json\/wp\/v2\/pages\/73140","targetHints":{"allow":["GET"]}}],"collection":[{"href":"https:\/\/jackpotlotteryonline.com\/cs\/wp-json\/wp\/v2\/pages"}],"about":[{"href":"https:\/\/jackpotlotteryonline.com\/cs\/wp-json\/wp\/v2\/types\/page"}],"author":[{"embeddable":true,"href":"https:\/\/jackpotlotteryonline.com\/cs\/wp-json\/wp\/v2\/users\/7"}],"replies":[{"embeddable":true,"href":"https:\/\/jackpotlotteryonline.com\/cs\/wp-json\/wp\/v2\/comments?post=73140"}],"version-history":[{"count":0,"href":"https:\/\/jackpotlotteryonline.com\/cs\/wp-json\/wp\/v2\/pages\/73140\/revisions"}],"wp:attachment":[{"href":"https:\/\/jackpotlotteryonline.com\/cs\/wp-json\/wp\/v2\/media?parent=73140"}],"curies":[{"name":"wp","href":"https:\/\/api.w.org\/{rel}","templated":true}]}}