{"id":77582,"date":"2025-03-21T17:21:27","date_gmt":"2025-03-21T17:21:27","guid":{"rendered":"https:\/\/jackpotlotteryonline.com\/?page_id=77582"},"modified":"2025-03-21T17:21:27","modified_gmt":"2025-03-21T17:21:27","slug":"kde-si-muzete-koupit-listky-do-loterie-v-new-yorku-mimo-usa","status":"publish","type":"page","link":"https:\/\/jackpotlotteryonline.com\/cs\/koupit-vstupenky\/kde-si-muzete-koupit-listky-do-loterie-v-new-yorku-mimo-usa\/","title":{"rendered":"Kde si m\u016f\u017eete koupit l\u00edstky do loterie v New Yorku mimo USA?"},"content":{"rendered":"<p>Ty newyorsk\u00e9 jackpoty jsou naprosto obrovsk\u00e9 \u2013 jsou prakticky legend\u00e1rn\u00ed. Pron\u00e1sleduj\u00ed je lid\u00e9 po cel\u00e9m sv\u011bt\u011b! A co lid\u00e9, kte\u0159\u00ed nejsou v USA? M\u016f\u017eete si koupit l\u00edstky do loterie New York ze zem\u00ed mimo USA Absolutn\u011b! H\u00e1dej co? JackpotLottery v\u00e1m umo\u017en\u00ed z\u00edskat skute\u010dn\u00e9 losy New York Lottery online, nap\u0159\u00edklad odkudkoli na planet\u011b!<\/p>\n<h2>M\u016f\u017eete si koupit l\u00edstky do loterie v New Yorku mimo USA?<\/h2>\n<p>Naprosto! Tak\u017ee, i kdy\u017e nejste v New Yorku nebo dokonce v Americe, st\u00e1le se m\u016f\u017eete dostat do loterie v New Yorku. S JackpotLottery mohou mezin\u00e1rodn\u00ed hr\u00e1\u010di bezpe\u010dn\u011b nakupovat loterijn\u00ed l\u00edstky odkudkoli. T\u00edm se vyrovnaj\u00ed hern\u00ed pole a z\u00edsk\u00e1te stejn\u00e9 \u0161ance na v\u00fdhru, jako kdybyste si kupovali tiket osobn\u011b. V podstat\u011b m\u00e1 JackpotLottery n\u011bkoho, kdo za v\u00e1s koup\u00ed tiket, jako je osobn\u00ed nakupuj\u00edc\u00ed v loterii. Na sv\u016fj \u00fa\u010det obdr\u017e\u00edte naskenovanou kopii ofici\u00e1ln\u00ed vstupenky, kter\u00e1 poskytuje jasn\u00fd d\u016fkaz o n\u00e1kupu a zvy\u0161uje bezpe\u010dnost.<\/p>\n<h3>Jak nakupovat losy do loterie New York online pomoc\u00ed JackpotLottery<img loading=\"lazy\" decoding=\"async\" class=\" wp-image-29318 alignright\" src=\"https:\/\/jackpotlotteryonline.com\/wp-content\/uploads\/2022\/11\/1_play_onlinelottery4-300x200.jpg\" alt=\"Coupit New York Lottery z New Yorku\" alt width=\"262\" height=\"174\" srcset=\"https:\/\/jackpotlotteryonline.com\/wp-content\/uploads\/2022\/11\/1_play_onlinelottery4-300x200.jpg 300w, https:\/\/jackpotlotteryonline.com\/wp-content\/uploads\/2022\/11\/1_play_onlinelottery4.jpg 320w\" sizes=\"auto, (max-width: 262px) 100vw, 262px\" \/><\/h3>\n<p>Hran\u00ed newyorsk\u00e9 loterie na mezin\u00e1rodn\u00ed \u00farovni je velmi dostupn\u00e9 p\u0159i pou\u017e\u00edv\u00e1n\u00ed Jackpotlottery. Tyto jednoduch\u00e9 pokyny v\u00e1s provedou:<\/p>\n<p>1. Za\u010dn\u011bte registrac\u00ed. Za\u010dn\u011bte s JackpotLottery zad\u00e1n\u00edm sv\u00fdch \u00fadaj\u016f a ov\u011b\u0159en\u00edm sv\u00e9 identity nyn\u00ed. T\u00edmto zp\u016fsobem je v\u0161e v bezpe\u010d\u00ed a nebudete m\u00edt \u017e\u00e1dn\u00e9 pot\u00ed\u017ee s z\u00edsk\u00e1n\u00edm v\u00fdher.<br \/>\n2. V \u010d\u00e1sti loterie vyberte New York Lottery. Pokud tou\u017e\u00edte po velk\u00e9m jackpotu, New York Lotto je velmi obl\u00edbenou mo\u017enost\u00ed.<br \/>\n3. Nyn\u00ed vyberte sv\u00e1 \u010d\u00edsla. M\u00e1te mo\u017enost ru\u010dn\u011b vybrat \u0161est \u010d\u00edsel v rozsahu od 1 do 59, nebo m\u016f\u017eete vyu\u017e\u00edt funkci Rychl\u00fd v\u00fdb\u011br, aby v\u00e1m je syst\u00e9m n\u00e1hodn\u011b vygeneroval.<br \/>\n4. Pokra\u010dujte k n\u00e1kupu vstupenky. Vyberte si z na\u0161ich dostupn\u00fdch platebn\u00edch metod a pohodln\u011b si zakupte vstupenku. Po \u00fasp\u011b\u0161n\u00e9m potvrzen\u00ed n\u00e1kupu JackpotLottery p\u0159istoup\u00ed k z\u00edsk\u00e1n\u00ed ofici\u00e1ln\u00edho tiketu na va\u0161e jm\u00e9no.<\/p>\n<p>5. Zjist\u011bte v\u00fdsledky losov\u00e1n\u00ed.<br \/>\nOkam\u017eit\u011b zjist\u011bte, zda jste trefili jackpot.<br \/>\n6. Ov\u011b\u0159en\u00e1 z\u00e1ruka platby<br \/>\nMal\u00e9 v\u00fdhry jdou p\u0159\u00edmo na v\u00e1\u0161 \u00fa\u010det a o ty velk\u00e9 se o v\u0161e postar\u00e1 JackpotLottery.<\/p>\n<p><strong>Zahrajte si New York Lottery dnes<\/strong><br \/>\nNyn\u00ed v\u00edte, jak hr\u00e1t ze zahrani\u010d\u00ed, j\u00edt do toho a pokusit se vyhr\u00e1t v New York Lottery. Pus\u0165te se do akce! Zaregistrujte se do JackpotLottery, vezm\u011bte si tiket a sta\u0148te se sou\u010d\u00e1st\u00ed vzru\u0161uj\u00edc\u00edho slosov\u00e1n\u00ed americk\u00e9 loterie! Od spln\u011bn\u00ed va\u0161ich sn\u016f o jackpotu v\u00e1s d\u011bl\u00ed u\u017e jen jeden tiket.<\/p>\n","protected":false},"excerpt":{"rendered":"<p>Ty newyorsk\u00e9 jackpoty jsou naprosto obrovsk\u00e9 \u2013 jsou prakticky legend\u00e1rn\u00ed. Pron\u00e1sleduj\u00ed je lid\u00e9 po cel\u00e9m sv\u011bt\u011b! A co lid\u00e9, kte\u0159\u00ed nejsou v USA? M\u016f\u017eete si koupit l\u00edstky do loterie New York ze zem\u00ed mimo USA Absolutn\u011b! H\u00e1dej co? JackpotLottery v\u00e1m umo\u017en\u00ed z\u00edskat skute\u010dn\u00e9 losy New York Lottery online, nap\u0159\u00edklad odkudkoli na planet\u011b! M\u016f\u017eete si koupit [&hellip;]<\/p>\n","protected":false},"author":7,"featured_media":0,"parent":35740,"menu_order":0,"comment_status":"closed","ping_status":"closed","template":"","meta":{"_et_pb_use_builder":"","_et_pb_old_content":"","_et_gb_content_width":"","exclude_from_search":false,"footnotes":""},"class_list":["post-77582","page","type-page","status-publish","hentry"],"yoast_head":"<!-- This site is optimized with the Yoast SEO plugin v23.3 - https:\/\/yoast.com\/wordpress\/plugins\/seo\/ -->\n<title>M\u016f\u017eete si koupit l\u00edstky do loterie v New Yorku ze zem\u00ed mimo USA?<\/title>\n<meta name=\"description\" content=\"Zaj\u00edm\u00e1 v\u00e1s, jestli si m\u016f\u017eete koupit l\u00edstky do loterie New York ze zem\u00ed mimo USA? Objevte nejlep\u0161\u00ed zp\u016fsoby hran\u00ed online a z\u00edskejte ceny mezin\u00e1rodn\u011b!\" \/>\n<meta name=\"robots\" content=\"index, follow, max-snippet:-1, max-image-preview:large, max-video-preview:-1\" \/>\n<link rel=\"canonical\" href=\"https:\/\/jackpotlotteryonline.com\/where-can-you-buy-new-york-lottery-tickets-outside-the-usa\/\" \/>\n<meta property=\"og:locale\" content=\"cs_CZ\" \/>\n<meta property=\"og:type\" content=\"article\" \/>\n<meta property=\"og:title\" content=\"M\u016f\u017eete si koupit l\u00edstky do loterie v New Yorku ze zem\u00ed mimo USA?\" \/>\n<meta property=\"og:description\" content=\"Zaj\u00edm\u00e1 v\u00e1s, jestli si m\u016f\u017eete koupit l\u00edstky do loterie New York ze zem\u00ed mimo USA? Objevte nejlep\u0161\u00ed zp\u016fsoby hran\u00ed online a z\u00edskejte ceny mezin\u00e1rodn\u011b!\" \/>\n<meta property=\"og:url\" content=\"https:\/\/jackpotlotteryonline.com\/where-can-you-buy-new-york-lottery-tickets-outside-the-usa\/\" \/>\n<meta property=\"og:site_name\" content=\"Lotto Online - Crack The International Lottery Jackpots\" \/>\n<meta property=\"og:image\" content=\"https:\/\/jackpotlotteryonline.com\/wp-content\/uploads\/2022\/11\/1_play_onlinelottery4-300x200.jpg\" \/>\n<meta name=\"twitter:card\" content=\"summary_large_image\" \/>\n<!-- \/ Yoast SEO plugin. -->","yoast_head_json":{"title":"M\u016f\u017eete si koupit l\u00edstky do loterie v New Yorku ze zem\u00ed mimo USA?","description":"Zaj\u00edm\u00e1 v\u00e1s, jestli si m\u016f\u017eete koupit l\u00edstky do loterie New York ze zem\u00ed mimo USA? Objevte nejlep\u0161\u00ed zp\u016fsoby hran\u00ed online a z\u00edskejte ceny mezin\u00e1rodn\u011b!","robots":{"index":"index","follow":"follow","max-snippet":"max-snippet:-1","max-image-preview":"max-image-preview:large","max-video-preview":"max-video-preview:-1"},"canonical":"https:\/\/jackpotlotteryonline.com\/where-can-you-buy-new-york-lottery-tickets-outside-the-usa\/","og_locale":"cs_CZ","og_type":"article","og_title":"M\u016f\u017eete si koupit l\u00edstky do loterie v New Yorku ze zem\u00ed mimo USA?","og_description":"Zaj\u00edm\u00e1 v\u00e1s, jestli si m\u016f\u017eete koupit l\u00edstky do loterie New York ze zem\u00ed mimo USA? Objevte nejlep\u0161\u00ed zp\u016fsoby hran\u00ed online a z\u00edskejte ceny mezin\u00e1rodn\u011b!","og_url":"https:\/\/jackpotlotteryonline.com\/where-can-you-buy-new-york-lottery-tickets-outside-the-usa\/","og_site_name":"Lotto Online - Crack The International Lottery Jackpots","og_image":[{"url":"https:\/\/jackpotlotteryonline.com\/wp-content\/uploads\/2022\/11\/1_play_onlinelottery4-300x200.jpg"}],"twitter_card":"summary_large_image","schema":{"@context":"https:\/\/schema.org","@graph":[{"@type":"WebPage","@id":"https:\/\/jackpotlotteryonline.com\/where-can-you-buy-new-york-lottery-tickets-outside-the-usa\/","url":"https:\/\/jackpotlotteryonline.com\/where-can-you-buy-new-york-lottery-tickets-outside-the-usa\/","name":"M\u016f\u017eete si koupit l\u00edstky do loterie v New Yorku ze zem\u00ed mimo USA?","isPartOf":{"@id":"https:\/\/jackpotlotteryonline.com\/#website"},"primaryImageOfPage":{"@id":"https:\/\/jackpotlotteryonline.com\/where-can-you-buy-new-york-lottery-tickets-outside-the-usa\/#primaryimage"},"image":{"@id":"https:\/\/jackpotlotteryonline.com\/where-can-you-buy-new-york-lottery-tickets-outside-the-usa\/#primaryimage"},"thumbnailUrl":"https:\/\/jackpotlotteryonline.com\/wp-content\/uploads\/2022\/11\/1_play_onlinelottery4-300x200.jpg","datePublished":"2025-03-21T17:21:27+00:00","dateModified":"2025-03-21T17:21:27+00:00","description":"Zaj\u00edm\u00e1 v\u00e1s, jestli si m\u016f\u017eete koupit l\u00edstky do loterie New York ze zem\u00ed mimo USA? Objevte nejlep\u0161\u00ed zp\u016fsoby hran\u00ed online a z\u00edskejte ceny mezin\u00e1rodn\u011b!","breadcrumb":{"@id":"https:\/\/jackpotlotteryonline.com\/where-can-you-buy-new-york-lottery-tickets-outside-the-usa\/#breadcrumb"},"inLanguage":"cs","potentialAction":[{"@type":"ReadAction","target":["https:\/\/jackpotlotteryonline.com\/where-can-you-buy-new-york-lottery-tickets-outside-the-usa\/"]}]},{"@type":"ImageObject","inLanguage":"cs","@id":"https:\/\/jackpotlotteryonline.com\/where-can-you-buy-new-york-lottery-tickets-outside-the-usa\/#primaryimage","url":"https:\/\/jackpotlotteryonline.com\/wp-content\/uploads\/2022\/11\/1_play_onlinelottery4-300x200.jpg","contentUrl":"https:\/\/jackpotlotteryonline.com\/wp-content\/uploads\/2022\/11\/1_play_onlinelottery4-300x200.jpg"},{"@type":"BreadcrumbList","@id":"https:\/\/jackpotlotteryonline.com\/where-can-you-buy-new-york-lottery-tickets-outside-the-usa\/#breadcrumb","itemListElement":[{"@type":"ListItem","position":1,"name":"Home","item":"https:\/\/jackpotlotteryonline.com\/cs\/"},{"@type":"ListItem","position":2,"name":"Kde si m\u016f\u017eete koupit l\u00edstky do loterie v New Yorku mimo USA?"}]},{"@type":"WebSite","@id":"https:\/\/jackpotlotteryonline.com\/#website","url":"https:\/\/jackpotlotteryonline.com\/","name":"Lotto Online - Crack The International Lottery Jackpots","description":"","potentialAction":[{"@type":"SearchAction","target":{"@type":"EntryPoint","urlTemplate":"https:\/\/jackpotlotteryonline.com\/?s={search_term_string}"},"query-input":"required name=search_term_string"}],"inLanguage":"cs"}]}},"_links":{"self":[{"href":"https:\/\/jackpotlotteryonline.com\/cs\/wp-json\/wp\/v2\/pages\/77582","targetHints":{"allow":["GET"]}}],"collection":[{"href":"https:\/\/jackpotlotteryonline.com\/cs\/wp-json\/wp\/v2\/pages"}],"about":[{"href":"https:\/\/jackpotlotteryonline.com\/cs\/wp-json\/wp\/v2\/types\/page"}],"author":[{"embeddable":true,"href":"https:\/\/jackpotlotteryonline.com\/cs\/wp-json\/wp\/v2\/users\/7"}],"replies":[{"embeddable":true,"href":"https:\/\/jackpotlotteryonline.com\/cs\/wp-json\/wp\/v2\/comments?post=77582"}],"version-history":[{"count":1,"href":"https:\/\/jackpotlotteryonline.com\/cs\/wp-json\/wp\/v2\/pages\/77582\/revisions"}],"predecessor-version":[{"id":77583,"href":"https:\/\/jackpotlotteryonline.com\/cs\/wp-json\/wp\/v2\/pages\/77582\/revisions\/77583"}],"up":[{"embeddable":true,"href":"https:\/\/jackpotlotteryonline.com\/cs\/wp-json\/wp\/v2\/pages\/35740"}],"wp:attachment":[{"href":"https:\/\/jackpotlotteryonline.com\/cs\/wp-json\/wp\/v2\/media?parent=77582"}],"curies":[{"name":"wp","href":"https:\/\/api.w.org\/{rel}","templated":true}]}}