{"id":77660,"date":"2025-03-22T07:29:20","date_gmt":"2025-03-22T07:29:20","guid":{"rendered":"https:\/\/jackpotlotteryonline.com\/?page_id=77660"},"modified":"2025-03-22T07:29:20","modified_gmt":"2025-03-22T07:29:20","slug":"zjistete-dnesni-vysledky-loterie-v-new-yorku","status":"publish","type":"page","link":"https:\/\/jackpotlotteryonline.com\/cs\/vyherni-cisla\/zjistete-dnesni-vysledky-loterie-v-new-yorku\/","title":{"rendered":"Zjist\u011bte dne\u0161n\u00ed v\u00fdsledky loterie v New Yorku"},"content":{"rendered":"<p>Lid\u00e9 jsou v\u017edy nad\u0161en\u00ed z loterie v New Yorku a \u010dekaj\u00ed, a\u017e uvid\u00ed nejnov\u011bj\u0161\u00ed losov\u00e1n\u00ed. Pokud pot\u0159ebujete dne\u0161n\u00ed \u010d\u00edsla loterie v New Yorku, jste p\u0159esn\u011b tam, kde byste m\u011bli b\u00fdt. Kontrola \u010d\u00edsel New York Lotto je rychl\u00e1 a snadn\u00e1, sta\u010d\u00ed p\u00e1r kliknut\u00ed.<\/p>\n<h2>Kde mohu vid\u011bt dne\u0161n\u00ed v\u00fdsledky loterie v New Yorku?<\/h2>\n<p>Zkontrolovat dne\u0161n\u00ed v\u00fdsledky loterie v New Yorku je snadn\u00e9 a pohodln\u00e9. Zde m\u016f\u017eete hledat v\u00fdhern\u00ed \u010d\u00edsla;<br \/>\nSpolehn\u011bte se na JackpotLottery pro aktu\u00e1ln\u00ed v\u00fdsledky loterie a mo\u017enost zakoupit tikety p\u0159\u00edmo online. Ihned po vyhl\u00e1\u0161en\u00ed v\u00fdsledk\u016f jsou obvykle dostupn\u00e9 na t\u00e9to platform\u011b. Nav\u00edc budete v p\u0159\u00edpad\u011b v\u00fdhry okam\u017eit\u011b informov\u00e1ni, aby v\u00e1m va\u0161e v\u00fdhry neunikly.<\/p>\n<p><strong>Kdy se losuj\u00ed loterie v New Yorku?<img loading=\"lazy\" decoding=\"async\" class=\" wp-image-51568 alignright\" src=\"https:\/\/jackpotlotteryonline.com\/wp-content\/uploads\/2023\/09\/8.png\" alt=\"Kde mohu vid\u011bt dne\u0161n\u00ed v\u00fdsledky loterie v New Yorku?\" width=\"233\" height=\"233\" srcset=\"https:\/\/jackpotlotteryonline.com\/wp-content\/uploads\/2023\/09\/8.png 300w, https:\/\/jackpotlotteryonline.com\/wp-content\/uploads\/2023\/09\/8-100x100.png 100w, https:\/\/jackpotlotteryonline.com\/wp-content\/uploads\/2023\/09\/8-150x150.png 150w\" sizes=\"auto, (max-width: 233px) 100vw, 233px\" \/><\/strong><\/p>\n<p>Losov\u00e1n\u00ed New York Lotto m\u016f\u017eete sledovat ka\u017edou st\u0159edu a sobotu ve 23:21 v\u00fdchodn\u00edho \u010dasu. P\u0159i pou\u017e\u00edv\u00e1n\u00ed t\u00e9to platformy budete v\u017edy aktualizov\u00e1ni. Odpo\u010d\u00edt\u00e1v\u00e1n\u00ed do losov\u00e1n\u00ed je v\u017edy zobrazeno vedle loterie.<\/p>\n<h3>Jak zkontrolovat, zda jste vyhr\u00e1li loterii v New Yorku<\/h3>\n<ul>\n<li>Jakmile z\u00edsk\u00e1te dne\u0161n\u00ed v\u00fdsledky loterie v New Yorku, tyto kroky v\u00e1s provedou ov\u011b\u0159en\u00edm tiketu.<\/li>\n<li>Porovnejte sv\u00e1 \u010d\u00edsla: Ov\u011b\u0159te, zda se v\u00e1mi vybran\u00e1 \u010d\u00edsla shoduj\u00ed s \u010d\u00edsly vylosovan\u00fdmi.<\/li>\n<li>Pod\u00edvejte se, zda m\u00e1te dopl\u0148ky: N\u011bkter\u00e9 hry maj\u00ed bonusov\u00e1 \u010d\u00edsla a n\u00e1sobi\u010de.<\/li>\n<li>Chcete-li z\u00edskat v\u00fdhry, dodr\u017eujte n\u00e1\u0161 postup pro uplatn\u011bn\u00ed n\u00e1roku, kter\u00fd se li\u0161\u00ed v z\u00e1vislosti na v\u00fd\u0161i v\u00fdhry a m\u016f\u017ee zahrnovat online \u017e\u00e1dosti o men\u0161\u00ed \u010d\u00e1stky nebo osobn\u00ed ov\u011b\u0159en\u00ed u velk\u00fdch jackpot\u016f.<\/li>\n<\/ul>\n<h2>Pokyny pro v\u00edt\u011bze loterie v New Yorku<\/h2>\n<p>Pokud vyhrajete v loterii, v\u00e1\u0161 \u017eivot se brzy zm\u011bn\u00ed, tak\u017ee mus\u00edte d\u011blat v\u011bci spr\u00e1vn\u00fdm zp\u016fsobem.<\/p>\n<ul>\n<li>Z\u016fsta\u0148te na \u00farovni a ov\u011b\u0159te: P\u0159ed oslavou se ujist\u011bte, \u017ee va\u0161e vstupenka odpov\u00edd\u00e1 ofici\u00e1ln\u00edm \u010d\u00edsl\u016fm.<\/li>\n<li>Rozhodn\u011bte se, jak chcete sv\u00e9 v\u00fdhry: Jackpoty se b\u011b\u017en\u011b vypl\u00e1cej\u00ed jednor\u00e1zov\u011b nebo prost\u0159ednictv\u00edm \u0159ady ro\u010dn\u00edch plateb.<\/li>\n<li>Zajist\u011bte dlouhodobou bezpe\u010dnost: Po\u017e\u00e1dejte o radu finan\u010dn\u00edho poradce, abyste sv\u00e9 v\u00fdhry v loterii \u0159\u00eddili moud\u0159e.<\/li>\n<li>Upozor\u0148ujte na lh\u016fty pro n\u00e1rokov\u00e1n\u00ed: Ujist\u011bte se, \u017ee si v\u00fdhru vyzvednete ve stanoven\u00e9m \u010dase, proto\u017ee ka\u017ed\u00e1 hra m\u00e1 uz\u00e1v\u011brku.<\/li>\n<\/ul>\n<p><strong>Z\u00edskejte okam\u017eit\u011b nejnov\u011bj\u0161\u00ed v\u00fdsledky loterie v New Yorku!<\/strong><\/p>\n<p>Nyn\u00ed, kdy\u017e zn\u00e1te odpov\u011b\u010f na; Kde mohu vid\u011bt v\u00fdsledky loterie v New Yorku pro dne\u0161ek, ujist\u011bte se, \u017ee \u010dasto kontrolujete sv\u00e9 tikety. B\u00fdt informov\u00e1n o nejnov\u011bj\u0161\u00edch losov\u00e1n\u00edch zvy\u0161uje va\u0161e \u0161ance na \u00fasp\u011bch, bez ohledu na to, zda hrajete n\u00e1hodn\u011b nebo o jackpot. Z\u00edskejte v\u0161echny nejnov\u011bj\u0161\u00ed aktualizace z JackpotLottery a zvy\u0161te sv\u00e9 \u0161ance na v\u00fdhru! P\u0159ejeme v\u0161e nejlep\u0161\u00ed.<\/p>\n","protected":false},"excerpt":{"rendered":"<p>Lid\u00e9 jsou v\u017edy nad\u0161en\u00ed z loterie v New Yorku a \u010dekaj\u00ed, a\u017e uvid\u00ed nejnov\u011bj\u0161\u00ed losov\u00e1n\u00ed. Pokud pot\u0159ebujete dne\u0161n\u00ed \u010d\u00edsla loterie v New Yorku, jste p\u0159esn\u011b tam, kde byste m\u011bli b\u00fdt. Kontrola \u010d\u00edsel New York Lotto je rychl\u00e1 a snadn\u00e1, sta\u010d\u00ed p\u00e1r kliknut\u00ed. Kde mohu vid\u011bt dne\u0161n\u00ed v\u00fdsledky loterie v New Yorku? Zkontrolovat dne\u0161n\u00ed v\u00fdsledky loterie [&hellip;]<\/p>\n","protected":false},"author":7,"featured_media":0,"parent":35816,"menu_order":0,"comment_status":"closed","ping_status":"closed","template":"","meta":{"_et_pb_use_builder":"","_et_pb_old_content":"","_et_gb_content_width":"","exclude_from_search":false,"footnotes":""},"class_list":["post-77660","page","type-page","status-publish","hentry"],"yoast_head":"<!-- This site is optimized with the Yoast SEO plugin v23.3 - https:\/\/yoast.com\/wordpress\/plugins\/seo\/ -->\n<title>Kde mohu dnes vid\u011bt v\u00fdsledky loterie v New Yorku?<\/title>\n<meta name=\"description\" content=\"Kde mohu vid\u011bt dne\u0161n\u00ed v\u00fdsledky loterie v New Yorku? Zjist\u011bte, kde m\u016f\u017eete okam\u017eit\u011b zkontrolovat nejnov\u011bj\u0161\u00ed vylosovan\u00e1 \u010d\u00edsla a z\u016fstat v obraze\" \/>\n<meta name=\"robots\" content=\"index, follow, max-snippet:-1, max-image-preview:large, max-video-preview:-1\" \/>\n<link rel=\"canonical\" href=\"https:\/\/jackpotlotteryonline.com\/find-out-todays-results-for-new-york-lottery-2\/\" \/>\n<meta property=\"og:locale\" content=\"cs_CZ\" \/>\n<meta property=\"og:type\" content=\"article\" \/>\n<meta property=\"og:title\" content=\"Kde mohu dnes vid\u011bt v\u00fdsledky loterie v New Yorku?\" \/>\n<meta property=\"og:description\" content=\"Kde mohu vid\u011bt dne\u0161n\u00ed v\u00fdsledky loterie v New Yorku? Zjist\u011bte, kde m\u016f\u017eete okam\u017eit\u011b zkontrolovat nejnov\u011bj\u0161\u00ed vylosovan\u00e1 \u010d\u00edsla a z\u016fstat v obraze\" \/>\n<meta property=\"og:url\" content=\"https:\/\/jackpotlotteryonline.com\/find-out-todays-results-for-new-york-lottery-2\/\" \/>\n<meta property=\"og:site_name\" content=\"Lotto Online - Crack The International Lottery Jackpots\" \/>\n<meta property=\"og:image\" content=\"https:\/\/jackpotlotteryonline.com\/wp-content\/uploads\/2023\/09\/8.png\" \/>\n<meta name=\"twitter:card\" content=\"summary_large_image\" \/>\n<!-- \/ Yoast SEO plugin. -->","yoast_head_json":{"title":"Kde mohu dnes vid\u011bt v\u00fdsledky loterie v New Yorku?","description":"Kde mohu vid\u011bt dne\u0161n\u00ed v\u00fdsledky loterie v New Yorku? Zjist\u011bte, kde m\u016f\u017eete okam\u017eit\u011b zkontrolovat nejnov\u011bj\u0161\u00ed vylosovan\u00e1 \u010d\u00edsla a z\u016fstat v obraze","robots":{"index":"index","follow":"follow","max-snippet":"max-snippet:-1","max-image-preview":"max-image-preview:large","max-video-preview":"max-video-preview:-1"},"canonical":"https:\/\/jackpotlotteryonline.com\/find-out-todays-results-for-new-york-lottery-2\/","og_locale":"cs_CZ","og_type":"article","og_title":"Kde mohu dnes vid\u011bt v\u00fdsledky loterie v New Yorku?","og_description":"Kde mohu vid\u011bt dne\u0161n\u00ed v\u00fdsledky loterie v New Yorku? Zjist\u011bte, kde m\u016f\u017eete okam\u017eit\u011b zkontrolovat nejnov\u011bj\u0161\u00ed vylosovan\u00e1 \u010d\u00edsla a z\u016fstat v obraze","og_url":"https:\/\/jackpotlotteryonline.com\/find-out-todays-results-for-new-york-lottery-2\/","og_site_name":"Lotto Online - Crack The International Lottery Jackpots","og_image":[{"url":"https:\/\/jackpotlotteryonline.com\/wp-content\/uploads\/2023\/09\/8.png"}],"twitter_card":"summary_large_image","schema":{"@context":"https:\/\/schema.org","@graph":[{"@type":"WebPage","@id":"https:\/\/jackpotlotteryonline.com\/find-out-todays-results-for-new-york-lottery-2\/","url":"https:\/\/jackpotlotteryonline.com\/find-out-todays-results-for-new-york-lottery-2\/","name":"Kde mohu dnes vid\u011bt v\u00fdsledky loterie v New Yorku?","isPartOf":{"@id":"https:\/\/jackpotlotteryonline.com\/#website"},"primaryImageOfPage":{"@id":"https:\/\/jackpotlotteryonline.com\/find-out-todays-results-for-new-york-lottery-2\/#primaryimage"},"image":{"@id":"https:\/\/jackpotlotteryonline.com\/find-out-todays-results-for-new-york-lottery-2\/#primaryimage"},"thumbnailUrl":"https:\/\/jackpotlotteryonline.com\/wp-content\/uploads\/2023\/09\/8.png","datePublished":"2025-03-22T07:29:20+00:00","dateModified":"2025-03-22T07:29:20+00:00","description":"Kde mohu vid\u011bt dne\u0161n\u00ed v\u00fdsledky loterie v New Yorku? Zjist\u011bte, kde m\u016f\u017eete okam\u017eit\u011b zkontrolovat nejnov\u011bj\u0161\u00ed vylosovan\u00e1 \u010d\u00edsla a z\u016fstat v obraze","breadcrumb":{"@id":"https:\/\/jackpotlotteryonline.com\/find-out-todays-results-for-new-york-lottery-2\/#breadcrumb"},"inLanguage":"cs","potentialAction":[{"@type":"ReadAction","target":["https:\/\/jackpotlotteryonline.com\/find-out-todays-results-for-new-york-lottery-2\/"]}]},{"@type":"ImageObject","inLanguage":"cs","@id":"https:\/\/jackpotlotteryonline.com\/find-out-todays-results-for-new-york-lottery-2\/#primaryimage","url":"https:\/\/jackpotlotteryonline.com\/wp-content\/uploads\/2023\/09\/8.png","contentUrl":"https:\/\/jackpotlotteryonline.com\/wp-content\/uploads\/2023\/09\/8.png"},{"@type":"BreadcrumbList","@id":"https:\/\/jackpotlotteryonline.com\/find-out-todays-results-for-new-york-lottery-2\/#breadcrumb","itemListElement":[{"@type":"ListItem","position":1,"name":"Home","item":"https:\/\/jackpotlotteryonline.com\/cs\/"},{"@type":"ListItem","position":2,"name":"Zjist\u011bte dne\u0161n\u00ed v\u00fdsledky loterie v New Yorku"}]},{"@type":"WebSite","@id":"https:\/\/jackpotlotteryonline.com\/#website","url":"https:\/\/jackpotlotteryonline.com\/","name":"Lotto Online - Crack The International Lottery Jackpots","description":"","potentialAction":[{"@type":"SearchAction","target":{"@type":"EntryPoint","urlTemplate":"https:\/\/jackpotlotteryonline.com\/?s={search_term_string}"},"query-input":"required name=search_term_string"}],"inLanguage":"cs"}]}},"_links":{"self":[{"href":"https:\/\/jackpotlotteryonline.com\/cs\/wp-json\/wp\/v2\/pages\/77660","targetHints":{"allow":["GET"]}}],"collection":[{"href":"https:\/\/jackpotlotteryonline.com\/cs\/wp-json\/wp\/v2\/pages"}],"about":[{"href":"https:\/\/jackpotlotteryonline.com\/cs\/wp-json\/wp\/v2\/types\/page"}],"author":[{"embeddable":true,"href":"https:\/\/jackpotlotteryonline.com\/cs\/wp-json\/wp\/v2\/users\/7"}],"replies":[{"embeddable":true,"href":"https:\/\/jackpotlotteryonline.com\/cs\/wp-json\/wp\/v2\/comments?post=77660"}],"version-history":[{"count":1,"href":"https:\/\/jackpotlotteryonline.com\/cs\/wp-json\/wp\/v2\/pages\/77660\/revisions"}],"predecessor-version":[{"id":77661,"href":"https:\/\/jackpotlotteryonline.com\/cs\/wp-json\/wp\/v2\/pages\/77660\/revisions\/77661"}],"up":[{"embeddable":true,"href":"https:\/\/jackpotlotteryonline.com\/cs\/wp-json\/wp\/v2\/pages\/35816"}],"wp:attachment":[{"href":"https:\/\/jackpotlotteryonline.com\/cs\/wp-json\/wp\/v2\/media?parent=77660"}],"curies":[{"name":"wp","href":"https:\/\/api.w.org\/{rel}","templated":true}]}}