{"id":77726,"date":"2025-03-22T08:18:34","date_gmt":"2025-03-22T08:18:34","guid":{"rendered":"https:\/\/jackpotlotteryonline.com\/?page_id=77726"},"modified":"2025-03-22T08:18:34","modified_gmt":"2025-03-22T08:18:34","slug":"zjistete-jak-hrat-loterii-v-new-yorku-ze-zemi-mimo-usa","status":"publish","type":"page","link":"https:\/\/jackpotlotteryonline.com\/cs\/zjistete-jak-hrat-loterii-v-new-yorku-ze-zemi-mimo-usa\/","title":{"rendered":"Zjist\u011bte, jak hr\u00e1t loterii v New Yorku ze zem\u00ed mimo USA"},"content":{"rendered":"<p>Tak\u017ee chcete hr\u00e1t New York Lottery, i kdy\u017e jste na p\u016flce zem\u011bkoule? Ty newyorsk\u00e9 jackpoty jsou tak masivn\u00ed. Oni nejsou vtip. Lid\u00e9 z cel\u00e9ho sv\u011bta sn\u00ed o v\u00edt\u011bzstv\u00ed. Dob\u0159e, p\u0159edstavte si tohle: Newyorsk\u00e1 loterie, \u017ee? Velk\u00e9 ceny, \u017eivot m\u011bn\u00edc\u00ed v\u00fdhry. Ale vy se zrovna nepoflakujete na Times Square. \u017d\u00e1dn\u00fd pot! D\u00edky Jackpotlotteryonline; kde si m\u016f\u017eete koupit l\u00edstky do loterie New York Lottery mimo USA, m\u016f\u017eete se do hry \u00fapln\u011b vrhnout, a\u0165 jste kdekoli.<\/p>\n<h2>M\u016f\u017eete hr\u00e1t newyorskou loterii ze zem\u00ed mimo USA? width=&#8221;220&#8243; height=&#8221;156&#8243; \/><\/h2>\n<p>Ano, a nemus\u00edte b\u00fdt v New Yorku nebo dokonce v USA. Na\u0161e platforma v\u00e1m umo\u017en\u00ed z\u00edskat vstupenky a p\u0159ipojit se k z\u00e1bav\u011b, stejn\u011b jako kdy\u017e si n\u011bkdo kupuje vstupenku v obchod\u011b na rohu. M\u00e1te stejnou \u0161anci trefit ten jackpot.<\/p>\n<h3>Jak hr\u00e1t loterii New York ze zem\u00ed mimo Spojen\u00e9 st\u00e1ty<\/h3>\n<p>S Jackpotlotteryonline je to super snadn\u00e9:<\/p>\n<ul>\n<li>Zalo\u017ete si \u00fa\u010det: Zaregistrujte se, zadejte sv\u00e9 \u00fadaje a proka\u017ete, \u017ee jste vy. Uschovejte si vstupenky a hotovost.<\/li>\n<li>Za\u010dn\u011bte vyhled\u00e1n\u00edm sekce Loterie a pot\u00e9 vyberte hru New York Lotto.<\/li>\n<li>Vyberte si sv\u00e1 \u0161\u0165astn\u00e1 \u010d\u00edsla: Vyberte \u0161est \u010d\u00edsel (1\u201359) nebo stiskn\u011bte tla\u010d\u00edtko \u201efunkce rychl\u00e9ho v\u00fdb\u011bru\u201c.<\/li>\n<li>Kupte si vstupenku: Zapla\u0165te \u010d\u00edmkoli, co funguje, a my v\u00e1m za\u0161leme sken va\u0161\u00ed ofici\u00e1ln\u00ed vstupenky.<\/li>\n<li>Po\u010dkejte na losov\u00e1n\u00ed: Losov\u00e1n\u00ed prob\u00edh\u00e1 ve st\u0159edu a v sobotu ve\u010der. Zkontrolujte v\u00fdsledky na t\u00e9to platform\u011b.<\/li>\n<\/ul>\n<h3>Pro\u010d p\u0159esto hr\u00e1t online?<\/h3>\n<ul>\n<li>Snadn\u00e9: Hrajte ze sv\u00e9 pohovky, nen\u00ed t\u0159eba cestovat.<\/li>\n<li>Rychl\u00e9 vstupenky: Kupte je rychle, bez front.<\/li>\n<li>\u017d\u00e1dn\u00e9 ztracen\u00e9 vstupenky: Va\u0161e vstupenky \u017eij\u00ed online, bezpe\u010dn\u011b a v po\u0159\u00e1dku.<\/li>\n<li>Vyhr\u00e1li jste!: Hned v\u00e1m to \u0159ekneme a mal\u00e9 v\u00fdhry jdou p\u0159\u00edmo na v\u00e1\u0161 \u00fa\u010det.<br \/>\nBezpe\u010dn\u00e1 hotovost: Postar\u00e1me se o to, abyste dostali sv\u00e9 v\u00fdhry, \u017e\u00e1dn\u00e1 legrace.<\/li>\n<\/ul>\n<p><strong>Z\u00edsk\u00e1n\u00ed pen\u011bz, kdy\u017e vyhrajete:<\/strong><\/p>\n<ul>\n<li>Mal\u00e9 v\u00fdhry: P\u0159ip\u00ed\u0161eme to p\u0159\u00edmo na v\u00e1\u0161 \u00fa\u010det.<\/li>\n<li>Velk\u00e9 v\u00fdhry: Pom\u016f\u017eeme v\u00e1m je z\u00edskat, mo\u017en\u00e1 i osobn\u011b.<\/li>\n<li>Naprosto bezpe\u010dn\u00e9: Va\u0161e v\u00fdhry dr\u017e\u00edme pod z\u00e1mkem.<\/li>\n<\/ul>\n<p><strong>Jste p\u0159ipraveni zkusit sv\u00e9 \u0161t\u011bst\u00ed?<\/strong><br \/>\nHran\u00ed New York Lottery glob\u00e1ln\u011b je nyn\u00ed neuv\u011b\u0159iteln\u011b snadn\u00e9. Jackpotlotteryonline v\u00e1m p\u0159in\u00e1\u0161\u00ed vzru\u0161en\u00ed z newyorsk\u00e9 loterie, a\u0165 jste kdekoli. V\u00fdb\u011br \u010d\u00edsel je hra\u010dka, a\u0165 u\u017e si je vyberete sami, nebo pou\u017eijete Rychl\u00fd v\u00fdb\u011br, a je to v\u017edy bezpe\u010dn\u00e9 a snadn\u00e9. Nyn\u00ed, kdy\u017e m\u016f\u017eete hr\u00e1t losy New York Lottery mimo USA, zaregistrujte se nebo se p\u0159ihlaste na na\u0161\u00ed platform\u011b, pokud u n\u00e1s ji\u017e m\u00e1te \u00fa\u010det a zapojte se do z\u00e1bavy. Kdo v\u00ed, t\u0159eba pr\u00e1v\u011b vyhrajete velkou v\u00fdhru! V\u00e1\u0161 sen o jackpotu m\u016f\u017ee b\u00fdt vzd\u00e1len jen n\u011bkolik kliknut\u00ed.<\/p>\n","protected":false},"excerpt":{"rendered":"<p>Tak\u017ee chcete hr\u00e1t New York Lottery, i kdy\u017e jste na p\u016flce zem\u011bkoule? Ty newyorsk\u00e9 jackpoty jsou tak masivn\u00ed. Oni nejsou vtip. Lid\u00e9 z cel\u00e9ho sv\u011bta sn\u00ed o v\u00edt\u011bzstv\u00ed. Dob\u0159e, p\u0159edstavte si tohle: Newyorsk\u00e1 loterie, \u017ee? Velk\u00e9 ceny, \u017eivot m\u011bn\u00edc\u00ed v\u00fdhry. Ale vy se zrovna nepoflakujete na Times Square. \u017d\u00e1dn\u00fd pot! D\u00edky Jackpotlotteryonline; kde si m\u016f\u017eete [&hellip;]<\/p>\n","protected":false},"author":7,"featured_media":0,"parent":0,"menu_order":0,"comment_status":"closed","ping_status":"closed","template":"","meta":{"_et_pb_use_builder":"","_et_pb_old_content":"","_et_gb_content_width":"","exclude_from_search":false,"footnotes":""},"class_list":["post-77726","page","type-page","status-publish","hentry"],"yoast_head":"<!-- This site is optimized with the Yoast SEO plugin v23.3 - https:\/\/yoast.com\/wordpress\/plugins\/seo\/ -->\n<title>Jak hr\u00e1t loterii v New Yorku ze zem\u00ed mimo Spojen\u00e9 st\u00e1ty<\/title>\n<meta name=\"description\" content=\"Zjist\u011bte, jak hr\u00e1t newyorskou loterii mimo \u00fazem\u00ed USA. Objevte online mo\u017enosti a jak z\u00edskat ceny odkudkoli\" \/>\n<meta name=\"robots\" content=\"index, follow, max-snippet:-1, max-image-preview:large, max-video-preview:-1\" \/>\n<link rel=\"canonical\" href=\"https:\/\/jackpotlotteryonline.com\/find-out-how-to-play-the-new-york-lottery-from-outside-the-us\/\" \/>\n<meta property=\"og:locale\" content=\"cs_CZ\" \/>\n<meta property=\"og:type\" content=\"article\" \/>\n<meta property=\"og:title\" content=\"Jak hr\u00e1t loterii v New Yorku ze zem\u00ed mimo Spojen\u00e9 st\u00e1ty\" \/>\n<meta property=\"og:description\" content=\"Zjist\u011bte, jak hr\u00e1t newyorskou loterii mimo \u00fazem\u00ed USA. Objevte online mo\u017enosti a jak z\u00edskat ceny odkudkoli\" \/>\n<meta property=\"og:url\" content=\"https:\/\/jackpotlotteryonline.com\/find-out-how-to-play-the-new-york-lottery-from-outside-the-us\/\" \/>\n<meta property=\"og:site_name\" content=\"Lotto Online - Crack The International Lottery Jackpots\" \/>\n<meta name=\"twitter:card\" content=\"summary_large_image\" \/>\n<!-- \/ Yoast SEO plugin. -->","yoast_head_json":{"title":"Jak hr\u00e1t loterii v New Yorku ze zem\u00ed mimo Spojen\u00e9 st\u00e1ty","description":"Zjist\u011bte, jak hr\u00e1t newyorskou loterii mimo \u00fazem\u00ed USA. Objevte online mo\u017enosti a jak z\u00edskat ceny odkudkoli","robots":{"index":"index","follow":"follow","max-snippet":"max-snippet:-1","max-image-preview":"max-image-preview:large","max-video-preview":"max-video-preview:-1"},"canonical":"https:\/\/jackpotlotteryonline.com\/find-out-how-to-play-the-new-york-lottery-from-outside-the-us\/","og_locale":"cs_CZ","og_type":"article","og_title":"Jak hr\u00e1t loterii v New Yorku ze zem\u00ed mimo Spojen\u00e9 st\u00e1ty","og_description":"Zjist\u011bte, jak hr\u00e1t newyorskou loterii mimo \u00fazem\u00ed USA. Objevte online mo\u017enosti a jak z\u00edskat ceny odkudkoli","og_url":"https:\/\/jackpotlotteryonline.com\/find-out-how-to-play-the-new-york-lottery-from-outside-the-us\/","og_site_name":"Lotto Online - Crack The International Lottery Jackpots","twitter_card":"summary_large_image","schema":{"@context":"https:\/\/schema.org","@graph":[{"@type":"WebPage","@id":"https:\/\/jackpotlotteryonline.com\/find-out-how-to-play-the-new-york-lottery-from-outside-the-us\/","url":"https:\/\/jackpotlotteryonline.com\/find-out-how-to-play-the-new-york-lottery-from-outside-the-us\/","name":"Jak hr\u00e1t loterii v New Yorku ze zem\u00ed mimo Spojen\u00e9 st\u00e1ty","isPartOf":{"@id":"https:\/\/jackpotlotteryonline.com\/#website"},"datePublished":"2025-03-22T08:18:34+00:00","dateModified":"2025-03-22T08:18:34+00:00","description":"Zjist\u011bte, jak hr\u00e1t newyorskou loterii mimo \u00fazem\u00ed USA. Objevte online mo\u017enosti a jak z\u00edskat ceny odkudkoli","breadcrumb":{"@id":"https:\/\/jackpotlotteryonline.com\/find-out-how-to-play-the-new-york-lottery-from-outside-the-us\/#breadcrumb"},"inLanguage":"cs","potentialAction":[{"@type":"ReadAction","target":["https:\/\/jackpotlotteryonline.com\/find-out-how-to-play-the-new-york-lottery-from-outside-the-us\/"]}]},{"@type":"BreadcrumbList","@id":"https:\/\/jackpotlotteryonline.com\/find-out-how-to-play-the-new-york-lottery-from-outside-the-us\/#breadcrumb","itemListElement":[{"@type":"ListItem","position":1,"name":"Home","item":"https:\/\/jackpotlotteryonline.com\/cs\/"},{"@type":"ListItem","position":2,"name":"Zjist\u011bte, jak hr\u00e1t loterii v New Yorku ze zem\u00ed mimo USA"}]},{"@type":"WebSite","@id":"https:\/\/jackpotlotteryonline.com\/#website","url":"https:\/\/jackpotlotteryonline.com\/","name":"Lotto Online - Crack The International Lottery Jackpots","description":"","potentialAction":[{"@type":"SearchAction","target":{"@type":"EntryPoint","urlTemplate":"https:\/\/jackpotlotteryonline.com\/?s={search_term_string}"},"query-input":"required name=search_term_string"}],"inLanguage":"cs"}]}},"_links":{"self":[{"href":"https:\/\/jackpotlotteryonline.com\/cs\/wp-json\/wp\/v2\/pages\/77726","targetHints":{"allow":["GET"]}}],"collection":[{"href":"https:\/\/jackpotlotteryonline.com\/cs\/wp-json\/wp\/v2\/pages"}],"about":[{"href":"https:\/\/jackpotlotteryonline.com\/cs\/wp-json\/wp\/v2\/types\/page"}],"author":[{"embeddable":true,"href":"https:\/\/jackpotlotteryonline.com\/cs\/wp-json\/wp\/v2\/users\/7"}],"replies":[{"embeddable":true,"href":"https:\/\/jackpotlotteryonline.com\/cs\/wp-json\/wp\/v2\/comments?post=77726"}],"version-history":[{"count":1,"href":"https:\/\/jackpotlotteryonline.com\/cs\/wp-json\/wp\/v2\/pages\/77726\/revisions"}],"predecessor-version":[{"id":77727,"href":"https:\/\/jackpotlotteryonline.com\/cs\/wp-json\/wp\/v2\/pages\/77726\/revisions\/77727"}],"wp:attachment":[{"href":"https:\/\/jackpotlotteryonline.com\/cs\/wp-json\/wp\/v2\/media?parent=77726"}],"curies":[{"name":"wp","href":"https:\/\/api.w.org\/{rel}","templated":true}]}}