{"id":19637,"date":"2023-01-06T11:09:29","date_gmt":"2023-01-06T11:09:29","guid":{"rendered":"https:\/\/jackpotlotteryonline.com\/?page_id=19637"},"modified":"2023-01-06T11:09:29","modified_gmt":"2023-01-06T11:09:29","slug":"home","status":"publish","type":"page","link":"https:\/\/jackpotlotteryonline.com\/da\/","title":{"rendered":"Home"},"content":{"rendered":"<h2>Spil lotto online og forbedr dine chancer<\/h2>\n<p>Vi viser dig, hvordan du nemt kan <a href=\"https:\/\/jackpotlotteryonline.com\/da\/saadan-spiller-du\">spille lotto online<\/a> &#8211; for ALLE de store jackpots, for lotterier ikke kun i dit eget land, men overalt i verden. Dit nationale lotteri har ikke attraktive lotterier? Ikke noget problem l\u00e6ngere, bare g\u00e5 efter de virkelig store pr\u00e6mier. Spild ikke dine penge p\u00e5 sm\u00e5 pr\u00e6mier &#8211; der findes lotterier derude med enorme jackpots.<\/p>\n<p><strong>Tjek bannerne p\u00e5 vores hjemmeside for at se de st\u00f8rste jackpots, som du kan spille om i \u00f8jeblikket.<\/strong><\/p>\n<p>Alle disse store jackpotlotterier er nu let tilg\u00e6ngelige, uanset hvor du bor. Du skal blot klikke p\u00e5 et af linkene for at spille lotto online og tilmelde dig RedFoxLotto, hvor du kan k\u00f8be en kupon via internettet til hver af disse enorme jackpots! RedFoxLotto giver dig mulighed for at k\u00f8be en kupon til alle verdens st\u00f8rste jackpots, uanset hvor du bor. De vil p\u00e5lideligt k\u00f8be din billet for dig og s\u00f8rge for, at du f\u00e5r din gevinst.<\/p>\n<h2>F\u00e5 adgang til internationale lotterier<\/h2>\n<p><img loading=\"lazy\" decoding=\"async\" class=\"size-full wp-image-18302 alignright\" src=\"http:\/\/jackpotlotteryonline.com\/wp-content\/uploads\/2022\/10\/ticket_balls.jpg\" alt=\"Spil lotto online\" width=\"297\" height=\"101\" \/>P\u00e5 vores hjemmeside giver vi dig detaljerede oplysninger om alle verdens store jackpotlotterier, hvordan du spiller online, hvordan du betaler, hvordan du f\u00e5r din gevinst, og hvad du skal g\u00f8re, hvis du kn\u00e6kker jackpotten. Du skal blot l\u00e6se artiklerne om, hvordan du deltager, og lotteriredeg\u00f8relserne p\u00e5 dette websted (se topmenuen), s\u00e5 kan du nemt v\u00e6lge den rigtige begivenhed for dig selv.<\/p>\n<h2>Det er nemt at spille online<\/h2>\n<p>Uanset om du \u00f8nsker at spille den amerikanske Powerball Jackpot, EuroMillions Jackpot, den spanske El Gordo, Italiens SuperEnaLotto eller et andet lotteri, kan du<a href=\"https:\/\/jackpotlotteryonline.com\/da\/koeb-billetter\"> k\u00f8be alle dine lodder \u00e9t sted<\/a> &#8211; lige her p\u00e5 vores hjemmeside<\/p>\n<p>Med vores hj\u00e6lp er du ikke l\u00e6ngere begr\u00e6nset til dit nationale lotto &#8211; du har nu mulighed for at spille online lotto for enhver begivenhed, du \u00f8nsker, via internettet. P\u00e5 den m\u00e5de kan du v\u00e6lge den jackpot, der er den h\u00f8jeste i \u00f8jeblikket, og dermed \u00f8ge dine chancer for at vinde stort. Eller du kan v\u00e6lge det lotto, der tr\u00e6kkes n\u00e6ste gang &#8211; p\u00e5 den m\u00e5de beh\u00f8ver du ikke at vente evigt p\u00e5 at finde ud af, om du har vundet! Det er s\u00e5 nemt som det kan v\u00e6re, lige fra valg af jackpot i lotto til valg af tal og betaling.<\/p>\n<section class=\"layout\" style=\"border: solid 1px; width: 100%;\">\n<div class=\"img-div\" style=\"margin-top: 5px;\"><img decoding=\"async\" class=\"wp-image-17212 alignleft\" style=\"height: 45px; margin: 8px 8px 0px;\" src=\"http:\/\/jackpotlotteryonline.com\/wp-content\/uploads\/2022\/11\/read1.jpg\" alt=\"l\u00e6s\" width=\"\" height=\"\" \/><\/div>\n<div style=\"padding-left: 5px;\">\n<div style=\"font-size: 1.1em;\">\n<p><strong>Er det lovligt at spille lotterier fra andre lande online?<\/strong><\/p>\n<p style=\"font-size: 0.85em; margin-top: -1.5em;\">Er det lovligt at k\u00f8be en lottokupon online, og f\u00e5r jeg rent faktisk penge?<a href=\"https:\/\/jackpotlotteryonline.com\/da\/er-det-lovligt-at-spille-lotterier-fra-andre-lande-online\"> L\u00e6s mere<\/a><\/p>\n<\/div>\n<\/div>\n<\/section>\n<h2>Online-billetservice<\/h2>\n<p><strong>S\u00e5dan fungerer det:<\/strong> Vi tilbyder en kurertjeneste for internationale lottokuponer. Du v\u00e6lger det lotteri, du \u00f8nsker at spille online, ved at klikke p\u00e5 et af bannerne ovenfor. Derefter v\u00e6lger du dine numre online. Hvis du foretr\u00e6kker at f\u00e5 dine lottotal valgt af en tilf\u00e6ldig talgenerator, kan du ogs\u00e5 g\u00f8re det. N\u00e5r du har valgt dine numre, opretter du en konto og v\u00e6lger en metode til at betale for din lottokupon. Der er flere sikre betalingsmetoder til r\u00e5dighed.<\/p>\n<p>Vores agenter k\u00f8ber derefter billetten for dig og sender dig en bekr\u00e6ftelsesmail som bevis for dit k\u00f8b. En scannet kopi af din lottokupon vil blive vist p\u00e5 din konto kort efter dit k\u00f8b.<\/p>\n<h2>Fordele ved at spille internationale lotterier online<\/h2>\n<ul>\n<li>Flere valgmuligheder &#8211; i stedet for at v\u00e6re tvunget til at spille dit lokale lotteri, uanset hvor stor den aktuelle jackpot er, kan du v\u00e6lge mellem flere lotterier<\/li>\n<li>Bedre v\u00e6rdi for pengene &#8211; i stedet for f.eks. at betale 2 \u20ac for en kupon, der kan give 1 million \u20ac, kan du spille om en Mega-Jackpot p\u00e5 100 millioner \u20ac eller meget mere. Selv om du betaler en h\u00f8jere pris pr. kupon for det st\u00f8rre lotteri, er det matematisk set bedre at bruge dine penge p\u00e5 at spille for den st\u00f8rre gevinst.<\/li>\n<li>Bekvemmelighed &#8211; du beh\u00f8ver ikke l\u00e6ngere at forlade huset for at k\u00f8be en billet. Du kan k\u00f8be din kupon hjemmefra eller bruge din mobiltelefon til at spille lotto.<\/li>\n<li>Sikkerhed &#8211; en online-lottokupon kan ikke g\u00e5 tabt, ligesom en fysisk lottokupon. Dine lottokuponer gemmes sikkert p\u00e5 din onlinekonto.<\/li>\n<\/ul>\n<h2>Hvorn\u00e5r finder tr\u00e6kningerne til alle disse lotterier sted?<\/h2>\n<p>Se billedet nedenfor. Det viser dig en oversigt over ugedagene for tr\u00e6kningerne af de st\u00f8rste lotterier.<img loading=\"lazy\" decoding=\"async\" src=\"http:\/\/jackpotlotteryonline.com\/wp-content\/uploads\/2022\/10\/Lotto-draw-calendar-UTC-300x50.jpg\" alt=\"lottotr\u00e6kningstider\" width=\"684\" height=\"114\" \/><\/p>\n<h2>Hvad sker der, hvis du vinder en lotteripris?<\/h2>\n<p>Hvis du vinder, sender vi dig en e-mail med besked om din gevinst. Du kan aldrig g\u00e5 glip af en gevinst eller miste din kupon. Vi behandler dit krav ved at videresende din udbetalingsanmodning til lotteriselskabet, som derefter udsteder en check til dig eller overf\u00f8rer gevinsten til din bankkonto. Hvis du vinder en stor jackpot, kan du i nogle tilf\u00e6lde blive bedt om at m\u00f8de personligt op i lotteriets hovedkvarter. Det er ikke noget problem, vel?<\/p>\n<p>Mindre gevinster p\u00e5 op til 2.500 \u20ac vil blive sat ind p\u00e5 din spillerkonto med det samme, og du kan enten indl\u00f8se dem eller bruge pengene til at k\u00f8be flere lottokuponer.<\/p>\n<p><strong>Det er s\u00e5dan, det fungerer. Er du klar til at vinde stort? K\u00f8b dine lottokuponer i dag!<\/strong><\/p>\n","protected":false},"excerpt":{"rendered":"<p>Spil lotto online og forbedr dine chancer Vi viser dig, hvordan du nemt kan spille lotto online &#8211; for ALLE de store jackpots, for lotterier ikke kun i dit eget land, men overalt i verden. Dit nationale lotteri har ikke attraktive lotterier? Ikke noget problem l\u00e6ngere, bare g\u00e5 efter de virkelig store pr\u00e6mier. Spild ikke [&hellip;]<\/p>\n","protected":false},"author":1,"featured_media":0,"parent":0,"menu_order":1,"comment_status":"closed","ping_status":"closed","template":"lotto.php","meta":{"_et_pb_use_builder":"","_et_pb_old_content":"","_et_gb_content_width":"","exclude_from_search":false,"footnotes":""},"class_list":["post-19637","page","type-page","status-publish","hentry"],"yoast_head":"<!-- This site is optimized with the Yoast SEO plugin v23.3 - https:\/\/yoast.com\/wordpress\/plugins\/seo\/ -->\n<title>Spil Lotto online - kn\u00e6k de internationale lotto-jackpots!<\/title>\n<meta name=\"description\" content=\"F\u00e5 din billet til lotto-jackpots i hele verden - spil dem alle online og vind Millioner\" \/>\n<meta name=\"robots\" content=\"index, follow, max-snippet:-1, max-image-preview:large, max-video-preview:-1\" \/>\n<link rel=\"canonical\" href=\"https:\/\/jackpotlotteryonline.com\/da\/\" \/>\n<meta property=\"og:locale\" content=\"da_DK\" \/>\n<meta property=\"og:type\" content=\"article\" \/>\n<meta property=\"og:title\" content=\"Spil Lotto online - kn\u00e6k de internationale lotto-jackpots!\" \/>\n<meta property=\"og:description\" content=\"F\u00e5 din billet til lotto-jackpots i hele verden - spil dem alle online og vind Millioner\" \/>\n<meta property=\"og:url\" content=\"https:\/\/jackpotlotteryonline.com\/da\/\" \/>\n<meta property=\"og:site_name\" content=\"Lotto Online - Crack The International Lottery Jackpots\" \/>\n<meta property=\"og:image\" content=\"http:\/\/jackpotlotteryonline.com\/wp-content\/uploads\/2022\/10\/ticket_balls.jpg\" \/>\n<meta name=\"twitter:card\" content=\"summary_large_image\" \/>\n<meta name=\"twitter:label1\" content=\"Estimeret l\u00e6setid\" \/>\n\t<meta name=\"twitter:data1\" content=\"5 minutter\" \/>\n<!-- \/ Yoast SEO plugin. -->","yoast_head_json":{"title":"Spil Lotto online - kn\u00e6k de internationale lotto-jackpots!","description":"F\u00e5 din billet til lotto-jackpots i hele verden - spil dem alle online og vind Millioner","robots":{"index":"index","follow":"follow","max-snippet":"max-snippet:-1","max-image-preview":"max-image-preview:large","max-video-preview":"max-video-preview:-1"},"canonical":"https:\/\/jackpotlotteryonline.com\/da\/","og_locale":"da_DK","og_type":"article","og_title":"Spil Lotto online - kn\u00e6k de internationale lotto-jackpots!","og_description":"F\u00e5 din billet til lotto-jackpots i hele verden - spil dem alle online og vind Millioner","og_url":"https:\/\/jackpotlotteryonline.com\/da\/","og_site_name":"Lotto Online - Crack The International Lottery Jackpots","og_image":[{"url":"http:\/\/jackpotlotteryonline.com\/wp-content\/uploads\/2022\/10\/ticket_balls.jpg"}],"twitter_card":"summary_large_image","twitter_misc":{"Estimeret l\u00e6setid":"5 minutter"},"schema":{"@context":"https:\/\/schema.org","@graph":[{"@type":"WebPage","@id":"https:\/\/jackpotlotteryonline.com\/da\/","url":"https:\/\/jackpotlotteryonline.com\/da\/","name":"Spil Lotto online - kn\u00e6k de internationale lotto-jackpots!","isPartOf":{"@id":"https:\/\/jackpotlotteryonline.com\/#website"},"primaryImageOfPage":{"@id":"https:\/\/jackpotlotteryonline.com\/da\/#primaryimage"},"image":{"@id":"https:\/\/jackpotlotteryonline.com\/da\/#primaryimage"},"thumbnailUrl":"http:\/\/jackpotlotteryonline.com\/wp-content\/uploads\/2022\/10\/ticket_balls.jpg","datePublished":"2023-01-06T11:09:29+00:00","dateModified":"2023-01-06T11:09:29+00:00","description":"F\u00e5 din billet til lotto-jackpots i hele verden - spil dem alle online og vind Millioner","breadcrumb":{"@id":"https:\/\/jackpotlotteryonline.com\/da\/#breadcrumb"},"inLanguage":"da-DK","potentialAction":[{"@type":"ReadAction","target":["https:\/\/jackpotlotteryonline.com\/da\/"]}]},{"@type":"ImageObject","inLanguage":"da-DK","@id":"https:\/\/jackpotlotteryonline.com\/da\/#primaryimage","url":"http:\/\/jackpotlotteryonline.com\/wp-content\/uploads\/2022\/10\/ticket_balls.jpg","contentUrl":"http:\/\/jackpotlotteryonline.com\/wp-content\/uploads\/2022\/10\/ticket_balls.jpg"},{"@type":"BreadcrumbList","@id":"https:\/\/jackpotlotteryonline.com\/da\/#breadcrumb","itemListElement":[{"@type":"ListItem","position":1,"name":"Home","item":"https:\/\/jackpotlotteryonline.com\/da\/"},{"@type":"ListItem","position":2,"name":"Home"}]},{"@type":"WebSite","@id":"https:\/\/jackpotlotteryonline.com\/#website","url":"https:\/\/jackpotlotteryonline.com\/","name":"Lotto Online - Crack The International Lottery Jackpots","description":"","potentialAction":[{"@type":"SearchAction","target":{"@type":"EntryPoint","urlTemplate":"https:\/\/jackpotlotteryonline.com\/?s={search_term_string}"},"query-input":"required name=search_term_string"}],"inLanguage":"da-DK"}]}},"_links":{"self":[{"href":"https:\/\/jackpotlotteryonline.com\/da\/wp-json\/wp\/v2\/pages\/19637","targetHints":{"allow":["GET"]}}],"collection":[{"href":"https:\/\/jackpotlotteryonline.com\/da\/wp-json\/wp\/v2\/pages"}],"about":[{"href":"https:\/\/jackpotlotteryonline.com\/da\/wp-json\/wp\/v2\/types\/page"}],"author":[{"embeddable":true,"href":"https:\/\/jackpotlotteryonline.com\/da\/wp-json\/wp\/v2\/users\/1"}],"replies":[{"embeddable":true,"href":"https:\/\/jackpotlotteryonline.com\/da\/wp-json\/wp\/v2\/comments?post=19637"}],"version-history":[{"count":0,"href":"https:\/\/jackpotlotteryonline.com\/da\/wp-json\/wp\/v2\/pages\/19637\/revisions"}],"wp:attachment":[{"href":"https:\/\/jackpotlotteryonline.com\/da\/wp-json\/wp\/v2\/media?parent=19637"}],"curies":[{"name":"wp","href":"https:\/\/api.w.org\/{rel}","templated":true}]}}