{"id":35676,"date":"2022-11-01T10:18:23","date_gmt":"2022-11-01T10:18:23","guid":{"rendered":"https:\/\/jackpotlotteryonline.com\/?page_id=35676"},"modified":"2022-12-19T06:37:04","modified_gmt":"2022-12-19T06:37:04","slug":"saadan-spiller-du","status":"publish","type":"page","link":"https:\/\/jackpotlotteryonline.com\/da\/saadan-spiller-du\/","title":{"rendered":"S\u00e5dan spiller du"},"content":{"rendered":"<h2>Begivenheder og spil i online-lotterier<\/h2>\n<p>Vil du have chancen for at blive million\u00e6r? Hvis ja, s\u00e5 slut dig til de millioner af mennesker rundt om i verden og begynd at spille lotteri online. Uanset hvor du befinder dig, uanset om det er i USA, Storbritannien, Australien eller New Zealand, er der mange forskellige typer internationale lottospil, som du kan spille online, og som alle har store jackpots, som du kan have en chance for at vinde.<br \/>\n<img loading=\"lazy\" decoding=\"async\" class=\"size-full wp-image-17816 alignright\" src=\"https:\/\/jackpotlotteryonline.com\/wp-content\/uploads\/2022\/10\/lotteryticket.jpg\" alt=\"spille lotteri online\" width=\"212\" height=\"142\" \/><\/p>\n<p>Det er meget enkelt at begynde at spille lotto online. En af de f\u00f8rste ting, du skal g\u00f8re, er at bes\u00f8ge vores hjemmeside og gennemse de forskellige lotterier, der er tilg\u00e6ngelige. Det kan du nemt g\u00f8re ved at v\u00e6lge et eller flere af de listede lotterier, hvoraf nogle af dem omfatter El Gordo Lottery, UK National Lottery, Thunderball Lotto, New York Lottery og mange flere.<\/p>\n<p>Det er inden for hver enkelt lotteritype, at du vil kunne finde ud af alt, hvad du har brug for at vide. Derefter kan du bruge vores service til at <a href=\"https:\/\/jackpotlotteryonline.com\/da\/koeb-billetter\">k\u00f8be en billet online<\/a>.<\/p>\n<p>Fra hver lotteri beskrivelse vil du finde detaljer s\u00e5som hvad jackpotten er i \u00f8jeblikket, hvad den starter p\u00e5 efter at v\u00e6re vundet, samt hvor mange numre du skal matche for at vinde jackpotpr\u00e6mien, og hvad de andre pr\u00e6mie niveauer er. Du vil ogs\u00e5 kunne finde oplysninger som f.eks. hvor gammel du skal v\u00e6re for at kunne spille lotterispil online for hver type, samt hvilke dage og tidspunkter tr\u00e6kkningerne afholdes.<\/p>\n<section class=\"layout\" style=\"border: solid 1px; width: 100%;\">\n<div class=\"img-div\" style=\"margin-top: 5px;\"><img decoding=\"async\" class=\"wp-image-17212 alignleft\" style=\"height: 45px; margin: 8px 8px 0px;\" src=\"https:\/\/jackpotlotteryonline.com\/wp-content\/uploads\/2022\/11\/read1.jpg\" alt=\"hvordan man spiller\" width=\"\" height=\"\" \/><\/div>\n<div style=\"padding-left: 5px;\">\n<div style=\"font-size: 1.1em;\">\n<p><strong>Et par tricks og tips til at v\u00e6lge dine numre<\/strong><\/p>\n<p style=\"font-size: 0.85em; margin-top: -1.5em;\">For\u00f8g dine vinderchancer &#8211; brug en strategi til at v\u00e6lge dine numre<a href=\"https:\/\/jackpotlotteryonline.com\/da\/nekolik-triku-a-tipu-pro-vyber-cisel\"> L\u00e6s mere<\/a><\/p>\n<\/div>\n<\/div>\n<\/section>\n<h2>Internationalt lotto<\/h2>\n<p>For at maksimere dine chancer for at vinde den h\u00f8jest mulige jackpot, kan du finde ud af, hvad de aktuelle jackpots er. Det betyder, at du strategisk v\u00e6lger, hvilke lotterispil du vil spille online, og v\u00e6lger at spille dem med de h\u00f8jeste jackpots, der er tilg\u00e6ngelige.<br \/>\n<img loading=\"lazy\" decoding=\"async\" class=\"alignright size-full wp-image-18329\" src=\"https:\/\/jackpotlotteryonline.com\/wp-content\/uploads\/2022\/10\/ticket_numbers_pick.jpg\" alt=\"online lotto billet\" width=\"212\" height=\"142\" \/><\/p>\n<p>Du vil ogs\u00e5 v\u00e6re i stand til at spille flere lotterispil online. Det betyder, at du ikke kun beh\u00f8ver at l\u00e6gge en kupon p\u00e5 kun \u00e9n type lotteri, men at du kan spille forskellige typer, hvis du \u00f8nsker det p\u00e5 samme tid. For eksempel kan du spille et amerikansk og et britisk baseret lotteri p\u00e5 samme tid, hvis du vil, hvilket vil \u00f8ge dine chancer for at vinde en kontantpr\u00e6mie betydeligt.<\/p>\n<p>Ud over at du kan spille internationale lotterispil online, uanset hvor du befinder dig, kan du ogs\u00e5 tjekke resultaterne af lotterispil. Alle <a href=\"https:\/\/jackpotlotteryonline.com\/da\/winning-numbers\">resultater for hvert lotteri<\/a> spil, uanset hvilket det er, vil have resultaterne opdateret online i realtid. Det betyder, at s\u00e5 snart lodtr\u00e6kningen for det spil, du har valgt at spille, er blevet gennemf\u00f8rt, vil resultaterne v\u00e6re tilg\u00e6ngelige for dig meget hurtigt derefter.<\/p>\n<p>Du vil ogs\u00e5 finde oplysninger om pr\u00e6cis, hvordan du spiller hvert enkelt lotterispil online. Du m\u00e5 f.eks. aldrig v\u00e6lge for f\u00e5 eller for mange numre &#8211; vores billetsystem vil vise dig en besked, n\u00e5r du beg\u00e5r en s\u00e5dan fejl, og vise dig, hvordan du retter den.<\/p>\n<p>Selv hvis du aldrig har spillet et bestemt lands lotteri tidligere, vil du derfor have alle detaljerne til r\u00e5dighed, s\u00e5 du kan spille som en professionel!<\/p>\n","protected":false},"excerpt":{"rendered":"<p>Begivenheder og spil i online-lotterier Vil du have chancen for at blive million\u00e6r? Hvis ja, s\u00e5 slut dig til de millioner af mennesker rundt om i verden og begynd at spille lotteri online. Uanset hvor du befinder dig, uanset om det er i USA, Storbritannien, Australien eller New Zealand, er der mange forskellige typer internationale [&hellip;]<\/p>\n","protected":false},"author":1,"featured_media":0,"parent":0,"menu_order":2,"comment_status":"closed","ping_status":"closed","template":"Play-all.php","meta":{"_et_pb_use_builder":"","_et_pb_old_content":"","_et_gb_content_width":"","exclude_from_search":false,"footnotes":""},"class_list":["post-35676","page","type-page","status-publish","hentry"],"yoast_head":"<!-- This site is optimized with the Yoast SEO plugin v23.3 - https:\/\/yoast.com\/wordpress\/plugins\/seo\/ -->\n<title>Kan jeg deltage i internationale lotteriarrangementer online?<\/title>\n<meta name=\"description\" content=\"Du beh\u00f8ver ikke at v\u00e6re bosiddende for at deltage i alle landes lotterijackpots\" \/>\n<meta name=\"robots\" content=\"index, follow, max-snippet:-1, max-image-preview:large, max-video-preview:-1\" \/>\n<link rel=\"canonical\" href=\"https:\/\/jackpotlotteryonline.com\/da\/saadan-spiller-du\/\" \/>\n<meta property=\"og:locale\" content=\"da_DK\" \/>\n<meta property=\"og:type\" content=\"article\" \/>\n<meta property=\"og:title\" content=\"Kan jeg deltage i internationale lotteriarrangementer online?\" \/>\n<meta property=\"og:description\" content=\"Du beh\u00f8ver ikke at v\u00e6re bosiddende for at deltage i alle landes lotterijackpots\" \/>\n<meta property=\"og:url\" content=\"https:\/\/jackpotlotteryonline.com\/da\/saadan-spiller-du\/\" \/>\n<meta property=\"og:site_name\" content=\"Lotto Online - Crack The International Lottery Jackpots\" \/>\n<meta property=\"article:modified_time\" content=\"2022-12-19T06:37:04+00:00\" \/>\n<meta property=\"og:image\" content=\"https:\/\/jackpotlotteryonline.com\/wp-content\/uploads\/2022\/10\/lotteryticket.jpg\" \/>\n<meta name=\"twitter:card\" content=\"summary_large_image\" \/>\n<meta name=\"twitter:label1\" content=\"Estimeret l\u00e6setid\" \/>\n\t<meta name=\"twitter:data1\" content=\"3 minutter\" \/>\n<!-- \/ Yoast SEO plugin. -->","yoast_head_json":{"title":"Kan jeg deltage i internationale lotteriarrangementer online?","description":"Du beh\u00f8ver ikke at v\u00e6re bosiddende for at deltage i alle landes lotterijackpots","robots":{"index":"index","follow":"follow","max-snippet":"max-snippet:-1","max-image-preview":"max-image-preview:large","max-video-preview":"max-video-preview:-1"},"canonical":"https:\/\/jackpotlotteryonline.com\/da\/saadan-spiller-du\/","og_locale":"da_DK","og_type":"article","og_title":"Kan jeg deltage i internationale lotteriarrangementer online?","og_description":"Du beh\u00f8ver ikke at v\u00e6re bosiddende for at deltage i alle landes lotterijackpots","og_url":"https:\/\/jackpotlotteryonline.com\/da\/saadan-spiller-du\/","og_site_name":"Lotto Online - Crack The International Lottery Jackpots","article_modified_time":"2022-12-19T06:37:04+00:00","og_image":[{"url":"https:\/\/jackpotlotteryonline.com\/wp-content\/uploads\/2022\/10\/lotteryticket.jpg"}],"twitter_card":"summary_large_image","twitter_misc":{"Estimeret l\u00e6setid":"3 minutter"},"schema":{"@context":"https:\/\/schema.org","@graph":[{"@type":"WebPage","@id":"https:\/\/jackpotlotteryonline.com\/da\/saadan-spiller-du\/","url":"https:\/\/jackpotlotteryonline.com\/da\/saadan-spiller-du\/","name":"Kan jeg deltage i internationale lotteriarrangementer online?","isPartOf":{"@id":"https:\/\/jackpotlotteryonline.com\/#website"},"primaryImageOfPage":{"@id":"https:\/\/jackpotlotteryonline.com\/da\/saadan-spiller-du\/#primaryimage"},"image":{"@id":"https:\/\/jackpotlotteryonline.com\/da\/saadan-spiller-du\/#primaryimage"},"thumbnailUrl":"https:\/\/jackpotlotteryonline.com\/wp-content\/uploads\/2022\/10\/lotteryticket.jpg","datePublished":"2022-11-01T10:18:23+00:00","dateModified":"2022-12-19T06:37:04+00:00","description":"Du beh\u00f8ver ikke at v\u00e6re bosiddende for at deltage i alle landes lotterijackpots","breadcrumb":{"@id":"https:\/\/jackpotlotteryonline.com\/da\/saadan-spiller-du\/#breadcrumb"},"inLanguage":"da-DK","potentialAction":[{"@type":"ReadAction","target":["https:\/\/jackpotlotteryonline.com\/da\/saadan-spiller-du\/"]}]},{"@type":"ImageObject","inLanguage":"da-DK","@id":"https:\/\/jackpotlotteryonline.com\/da\/saadan-spiller-du\/#primaryimage","url":"https:\/\/jackpotlotteryonline.com\/wp-content\/uploads\/2022\/10\/lotteryticket.jpg","contentUrl":"https:\/\/jackpotlotteryonline.com\/wp-content\/uploads\/2022\/10\/lotteryticket.jpg"},{"@type":"BreadcrumbList","@id":"https:\/\/jackpotlotteryonline.com\/da\/saadan-spiller-du\/#breadcrumb","itemListElement":[{"@type":"ListItem","position":1,"name":"Home","item":"https:\/\/jackpotlotteryonline.com\/da\/"},{"@type":"ListItem","position":2,"name":"S\u00e5dan spiller du"}]},{"@type":"WebSite","@id":"https:\/\/jackpotlotteryonline.com\/#website","url":"https:\/\/jackpotlotteryonline.com\/","name":"Lotto Online - Crack The International Lottery Jackpots","description":"","potentialAction":[{"@type":"SearchAction","target":{"@type":"EntryPoint","urlTemplate":"https:\/\/jackpotlotteryonline.com\/?s={search_term_string}"},"query-input":"required name=search_term_string"}],"inLanguage":"da-DK"}]}},"_links":{"self":[{"href":"https:\/\/jackpotlotteryonline.com\/da\/wp-json\/wp\/v2\/pages\/35676","targetHints":{"allow":["GET"]}}],"collection":[{"href":"https:\/\/jackpotlotteryonline.com\/da\/wp-json\/wp\/v2\/pages"}],"about":[{"href":"https:\/\/jackpotlotteryonline.com\/da\/wp-json\/wp\/v2\/types\/page"}],"author":[{"embeddable":true,"href":"https:\/\/jackpotlotteryonline.com\/da\/wp-json\/wp\/v2\/users\/1"}],"replies":[{"embeddable":true,"href":"https:\/\/jackpotlotteryonline.com\/da\/wp-json\/wp\/v2\/comments?post=35676"}],"version-history":[{"count":0,"href":"https:\/\/jackpotlotteryonline.com\/da\/wp-json\/wp\/v2\/pages\/35676\/revisions"}],"wp:attachment":[{"href":"https:\/\/jackpotlotteryonline.com\/da\/wp-json\/wp\/v2\/media?parent=35676"}],"curies":[{"name":"wp","href":"https:\/\/api.w.org\/{rel}","templated":true}]}}