{"id":35742,"date":"2022-11-01T12:37:21","date_gmt":"2022-11-01T12:37:21","guid":{"rendered":"https:\/\/jackpotlotteryonline.com\/?page_id=35742"},"modified":"2022-12-19T10:14:20","modified_gmt":"2022-12-19T10:14:20","slug":"koeb-billetter","status":"publish","type":"page","link":"https:\/\/jackpotlotteryonline.com\/da\/koeb-billetter\/","title":{"rendered":"S\u00e5dan k\u00f8ber du lotteri billetter online"},"content":{"rendered":"<p>At k\u00f8be lotterisedler online er blevet ekstremt popul\u00e6rt nu. Lottofans fra hele verden bruger vores online lottokupon service. Og det er der mange gode grunde til.<\/p>\n<p>For nogle lottospillere er det den eneste m\u00e5de at k\u00f8be lottokuponer p\u00e5 overhovedet, fordi der ikke er noget lotteri tilg\u00e6ngeligt i deres bop\u00e6lsland. S\u00e5 de leder efter m\u00e5der at have en chance for at vinde store bel\u00f8b p\u00e5, og til det form\u00e5l kigger de p\u00e5 lotterier i andre lande. Og p\u00e5 vores hjemmeside er der mange lotteri jackpots at v\u00e6lge imellem.<\/p>\n<p>Andre lottofans har lotterier i deres egne lande, men disse lotterier er m\u00e5ske ikke lige s\u00e5 attraktive for dem. Ofte har disse lokale lotterier mindre toppr\u00e6mier og jackpots, eller de spilles kun en gang om ugen. S\u00e5 spillerne vil s\u00f8ge efter andre, <a href=\"https:\/\/jackpotlotteryonline.com\/da\/saadan-spiller-du\">mere lukrative muligheder.<\/a><\/p>\n<h2>H\u00f8jere udbetalinger, der tilbydes af lotterier i andre lande<\/h2>\n<p><img loading=\"lazy\" decoding=\"async\" class=\"alignright wp-image-17212\" src=\"https:\/\/jackpotlotteryonline.com\/wp-content\/uploads\/2022\/10\/1_buy_ticket_online.jpg\" alt=\"k\u00f8be lotteri online\" width=\"272\" height=\"204\" \/><\/p>\n<p>Det er et velkendt princip, at det giver mere mening at investere penge i en lottokupon, n\u00e5r jackpots er meget h\u00f8je. N\u00e5r alt kommer til alt, vil man jo have mest mulig v\u00e6rdi for pengene, n\u00e5r man k\u00f8ber sin kupon. Det betyder, at hvis billetprisen er den samme, giver en potentielt h\u00f8jere gevinst dig mere v\u00e6rdi for pengene, hvis billetprisen er den samme.<\/p>\n<p>Men selv hvis en onlinebillet til det lotteri, du \u00f8nsker at spille, er dobbelt s\u00e5 dyr som en billet til dit lokale lotteri, vil det for det meste stadig give mening at k\u00f8be den dyrere onlinebillet. Hvis den mulige jackpot er mere end dobbelt s\u00e5 stor som din lokale jackpot, s\u00e5 er dine matematiske vinderchancer h\u00f8jere med det lotteri, som du skal k\u00f8be en onlinebillet til.<\/p>\n<h2>Der er altid en stor jackpot et sted i verden<\/h2>\n<p>Og det er hoved\u00e5rsagen til at k\u00f8be lottokuponer online. Med s\u00e5 mange lotterier tilg\u00e6ngelige for dig via en online billetservice vil du altid finde en stor jackpot, som er v\u00e6rd at investere i. Faktisk f\u00f8lger en stor del af vores kunder en simpel strategi: Det er det lotteri, der i \u00f8jeblikket har den st\u00f8rste jackpot, som de k\u00f8ber deres billet til. Det giver god mening, ikke sandt?<\/p>\n<section class=\"layout\" style=\"border: solid 1px; width: 100%;\">\n<div class=\"img-div\" style=\"margin-top: 5px;\"><img decoding=\"async\" class=\"wp-image-17212 alignleft\" style=\"height: 45px; margin: 8px 8px 0px;\" src=\"https:\/\/jackpotlotteryonline.com\/wp-content\/uploads\/2022\/11\/read1.jpg\" alt=\"pas p\u00e5 med fuplotterier\" width=\"\" height=\"\" \/><\/div>\n<div style=\"padding-left: 5px;\">\n<div style=\"font-size: 1.1em;\">\n<p><strong>Lottosvindel, som du b\u00f8r v\u00e6re opm\u00e6rksom p\u00e5<\/strong><\/p>\n<p style=\"font-size: 0.85em; margin-top: -1.5em;\">Fald ikke i lotterif\u00e6lder <a href=\"https:\/\/jackpotlotteryonline.com\/da\/pozor-na-online-loterijni-podvody\">L\u00e6s mere<\/a><\/p>\n<\/div>\n<\/div>\n<\/section>\n<h2>Er det lovligt at k\u00f8be en billet online til et af disse lotterier?<\/h2>\n<p>Ja, det er det. Forestil dig, at du tilf\u00e6ldigvis befinder dig i USA, og at det lokale Powerball-lotteri har en enorm jackpot. Du k\u00f8ber en kupon, og kuponen vinder. Selvf\u00f8lgelig skal lotteriet betale dig, selv om du ikke l\u00e6ngere er i landet p\u00e5 det tidspunkt, hvor <a href=\"https:\/\/jackpotlotteryonline.com\/da\/vindernumre\">lodtr\u00e6kningen finder sted.<\/a> Du har lovligt k\u00f8bt en kupon. Det er ligegyldigt, om du bor i USA eller ej. Og det fungerer p\u00e5 samme m\u00e5de med alle de andre verdensomsp\u00e6ndende lotterier.<br \/>\n<img loading=\"lazy\" decoding=\"async\" class=\"alignright size-medium wp-image-25854\" src=\"https:\/\/jackpotlotteryonline.com\/wp-content\/uploads\/2022\/10\/1_results_tickets_lotto-300x212.jpg\" alt=\"lotteri billet\" width=\"300\" height=\"212\" srcset=\"https:\/\/jackpotlotteryonline.com\/wp-content\/uploads\/2022\/10\/1_results_tickets_lotto-300x212.jpg 300w, https:\/\/jackpotlotteryonline.com\/wp-content\/uploads\/2022\/10\/1_results_tickets_lotto.jpg 320w\" sizes=\"auto, (max-width: 300px) 100vw, 300px\" \/><\/p>\n<p>Den online forskel i vores online service er, at vi k\u00f8ber selve loddet p\u00e5 dine vegne. Du bestiller den online, og en af vores lokale agenter k\u00f8ber en fysisk billet for dig. De scanner ogs\u00e5 din billet, og den bliver uploadet til din spillerkonto, s\u00e5 du kan se, at vi har k\u00f8bt en faktisk billet for dig.<\/p>\n<p>Hvis du vinder stort, er det op til dig, om du vil rejse til det land, hvor lotteriet afholdes. Hvis du \u00f8nsker det, kan du hente din kupon hos os og fremvise den vindende kupon personligt for lotterikommissionen. Hvordan vil de vide, hvem der har k\u00f8bt den?<\/p>\n<p>Men faktisk beh\u00f8ver du ikke at g\u00f8re det p\u00e5 den m\u00e5de. For en del af vores online lotteriseddelsservice er, at vi ogs\u00e5 kan h\u00e5ndtere udbetalingen for dig. Vi behandler din gevinst, og lotterikommissionen sender dig enten en check, eller de overf\u00f8rer gevinsten til din bankkonto.<\/p>\n<p>Og vidste du, at alle mindre gevinster (under \u20ac 2500,00) straks vil blive krediteret din spillerkonto p\u00e5 vores hjemmeside? Du beh\u00f8ver ikke at g\u00f8re noget for at f\u00e5 disse mindre gevinster. Og du kan til enhver tid bede om en udbetaling, og vi vil udbetale disse midler til din bankkonto, dit kreditkort eller til din kryptovalutapung (hvis du har en).<\/p>\n<h2>Andre fordele ved at k\u00f8be dine lottokuponer online<\/h2>\n<p>Vores billetservice har nogle andre, ret indlysende fordele, som er:<\/p>\n<ul>\n<li>Du beh\u00f8ver ikke at forlade huset for at hente din billet<\/li>\n<li>Ingen k\u00f8er hos lotteriagenten eller i butikken (vigtigt, is\u00e6r n\u00e5r jackpots er store!)<\/li>\n<li>Din billet kan ikke g\u00e5 tabt, da den er blevet scannet og opbevares i vores sikre bokse<\/li>\n<\/ul>\n<p>S\u00e5 hvad venter du p\u00e5? V\u00e6lg et lotteri og k\u00f8b dine online-lodder i dag &#8211; med lidt held kan du v\u00e6re morgendagens jackpot-vinder!<\/p>\n","protected":false},"excerpt":{"rendered":"<p>At k\u00f8be lotterisedler online er blevet ekstremt popul\u00e6rt nu. Lottofans fra hele verden bruger vores online lottokupon service. Og det er der mange gode grunde til. For nogle lottospillere er det den eneste m\u00e5de at k\u00f8be lottokuponer p\u00e5 overhovedet, fordi der ikke er noget lotteri tilg\u00e6ngeligt i deres bop\u00e6lsland. S\u00e5 de leder efter m\u00e5der at [&hellip;]<\/p>\n","protected":false},"author":1,"featured_media":0,"parent":0,"menu_order":3,"comment_status":"closed","ping_status":"closed","template":"Information.php","meta":{"_et_pb_use_builder":"","_et_pb_old_content":"","_et_gb_content_width":"","exclude_from_search":false,"footnotes":""},"class_list":["post-35742","page","type-page","status-publish","hentry"],"yoast_head":"<!-- This site is optimized with the Yoast SEO plugin v23.3 - https:\/\/yoast.com\/wordpress\/plugins\/seo\/ -->\n<title>S\u00e5dan k\u00f8ber du billetter online til verdensomsp\u00e6ndende lotterier<\/title>\n<meta name=\"description\" content=\"Hvad du skal v\u00e6re opm\u00e6rksom p\u00e5, n\u00e5r du k\u00f8ber dine lodder til internationale lotterier online. Nogle online billettjenester er mindre anbefalelsesv\u00e6rdige, find ud af hvilke\" \/>\n<meta name=\"robots\" content=\"index, follow, max-snippet:-1, max-image-preview:large, max-video-preview:-1\" \/>\n<link rel=\"canonical\" href=\"https:\/\/jackpotlotteryonline.com\/da\/koeb-billetter\/\" \/>\n<meta property=\"og:locale\" content=\"da_DK\" \/>\n<meta property=\"og:type\" content=\"article\" \/>\n<meta property=\"og:title\" content=\"S\u00e5dan k\u00f8ber du billetter online til verdensomsp\u00e6ndende lotterier\" \/>\n<meta property=\"og:description\" content=\"Hvad du skal v\u00e6re opm\u00e6rksom p\u00e5, n\u00e5r du k\u00f8ber dine lodder til internationale lotterier online. Nogle online billettjenester er mindre anbefalelsesv\u00e6rdige, find ud af hvilke\" \/>\n<meta property=\"og:url\" content=\"https:\/\/jackpotlotteryonline.com\/da\/koeb-billetter\/\" \/>\n<meta property=\"og:site_name\" content=\"Lotto Online - Crack The International Lottery Jackpots\" \/>\n<meta property=\"article:modified_time\" content=\"2022-12-19T10:14:20+00:00\" \/>\n<meta property=\"og:image\" content=\"https:\/\/jackpotlotteryonline.com\/wp-content\/uploads\/2022\/10\/1_buy_ticket_online.jpg\" \/>\n<meta name=\"twitter:card\" content=\"summary_large_image\" \/>\n<meta name=\"twitter:label1\" content=\"Estimeret l\u00e6setid\" \/>\n\t<meta name=\"twitter:data1\" content=\"4 minutter\" \/>\n<!-- \/ Yoast SEO plugin. -->","yoast_head_json":{"title":"S\u00e5dan k\u00f8ber du billetter online til verdensomsp\u00e6ndende lotterier","description":"Hvad du skal v\u00e6re opm\u00e6rksom p\u00e5, n\u00e5r du k\u00f8ber dine lodder til internationale lotterier online. Nogle online billettjenester er mindre anbefalelsesv\u00e6rdige, find ud af hvilke","robots":{"index":"index","follow":"follow","max-snippet":"max-snippet:-1","max-image-preview":"max-image-preview:large","max-video-preview":"max-video-preview:-1"},"canonical":"https:\/\/jackpotlotteryonline.com\/da\/koeb-billetter\/","og_locale":"da_DK","og_type":"article","og_title":"S\u00e5dan k\u00f8ber du billetter online til verdensomsp\u00e6ndende lotterier","og_description":"Hvad du skal v\u00e6re opm\u00e6rksom p\u00e5, n\u00e5r du k\u00f8ber dine lodder til internationale lotterier online. Nogle online billettjenester er mindre anbefalelsesv\u00e6rdige, find ud af hvilke","og_url":"https:\/\/jackpotlotteryonline.com\/da\/koeb-billetter\/","og_site_name":"Lotto Online - Crack The International Lottery Jackpots","article_modified_time":"2022-12-19T10:14:20+00:00","og_image":[{"url":"https:\/\/jackpotlotteryonline.com\/wp-content\/uploads\/2022\/10\/1_buy_ticket_online.jpg"}],"twitter_card":"summary_large_image","twitter_misc":{"Estimeret l\u00e6setid":"4 minutter"},"schema":{"@context":"https:\/\/schema.org","@graph":[{"@type":"WebPage","@id":"https:\/\/jackpotlotteryonline.com\/da\/koeb-billetter\/","url":"https:\/\/jackpotlotteryonline.com\/da\/koeb-billetter\/","name":"S\u00e5dan k\u00f8ber du billetter online til verdensomsp\u00e6ndende lotterier","isPartOf":{"@id":"https:\/\/jackpotlotteryonline.com\/#website"},"primaryImageOfPage":{"@id":"https:\/\/jackpotlotteryonline.com\/da\/koeb-billetter\/#primaryimage"},"image":{"@id":"https:\/\/jackpotlotteryonline.com\/da\/koeb-billetter\/#primaryimage"},"thumbnailUrl":"https:\/\/jackpotlotteryonline.com\/wp-content\/uploads\/2022\/10\/1_buy_ticket_online.jpg","datePublished":"2022-11-01T12:37:21+00:00","dateModified":"2022-12-19T10:14:20+00:00","description":"Hvad du skal v\u00e6re opm\u00e6rksom p\u00e5, n\u00e5r du k\u00f8ber dine lodder til internationale lotterier online. Nogle online billettjenester er mindre anbefalelsesv\u00e6rdige, find ud af hvilke","breadcrumb":{"@id":"https:\/\/jackpotlotteryonline.com\/da\/koeb-billetter\/#breadcrumb"},"inLanguage":"da-DK","potentialAction":[{"@type":"ReadAction","target":["https:\/\/jackpotlotteryonline.com\/da\/koeb-billetter\/"]}]},{"@type":"ImageObject","inLanguage":"da-DK","@id":"https:\/\/jackpotlotteryonline.com\/da\/koeb-billetter\/#primaryimage","url":"https:\/\/jackpotlotteryonline.com\/wp-content\/uploads\/2022\/10\/1_buy_ticket_online.jpg","contentUrl":"https:\/\/jackpotlotteryonline.com\/wp-content\/uploads\/2022\/10\/1_buy_ticket_online.jpg"},{"@type":"BreadcrumbList","@id":"https:\/\/jackpotlotteryonline.com\/da\/koeb-billetter\/#breadcrumb","itemListElement":[{"@type":"ListItem","position":1,"name":"Home","item":"https:\/\/jackpotlotteryonline.com\/da\/"},{"@type":"ListItem","position":2,"name":"S\u00e5dan k\u00f8ber du lotteri billetter online"}]},{"@type":"WebSite","@id":"https:\/\/jackpotlotteryonline.com\/#website","url":"https:\/\/jackpotlotteryonline.com\/","name":"Lotto Online - Crack The International Lottery Jackpots","description":"","potentialAction":[{"@type":"SearchAction","target":{"@type":"EntryPoint","urlTemplate":"https:\/\/jackpotlotteryonline.com\/?s={search_term_string}"},"query-input":"required name=search_term_string"}],"inLanguage":"da-DK"}]}},"_links":{"self":[{"href":"https:\/\/jackpotlotteryonline.com\/da\/wp-json\/wp\/v2\/pages\/35742","targetHints":{"allow":["GET"]}}],"collection":[{"href":"https:\/\/jackpotlotteryonline.com\/da\/wp-json\/wp\/v2\/pages"}],"about":[{"href":"https:\/\/jackpotlotteryonline.com\/da\/wp-json\/wp\/v2\/types\/page"}],"author":[{"embeddable":true,"href":"https:\/\/jackpotlotteryonline.com\/da\/wp-json\/wp\/v2\/users\/1"}],"replies":[{"embeddable":true,"href":"https:\/\/jackpotlotteryonline.com\/da\/wp-json\/wp\/v2\/comments?post=35742"}],"version-history":[{"count":0,"href":"https:\/\/jackpotlotteryonline.com\/da\/wp-json\/wp\/v2\/pages\/35742\/revisions"}],"wp:attachment":[{"href":"https:\/\/jackpotlotteryonline.com\/da\/wp-json\/wp\/v2\/media?parent=35742"}],"curies":[{"name":"wp","href":"https:\/\/api.w.org\/{rel}","templated":true}]}}