{"id":35818,"date":"2022-11-02T06:38:47","date_gmt":"2022-11-02T06:38:47","guid":{"rendered":"https:\/\/jackpotlotteryonline.com\/?page_id=35818"},"modified":"2022-12-26T07:38:56","modified_gmt":"2022-12-26T07:38:56","slug":"vindernumre","status":"publish","type":"page","link":"https:\/\/jackpotlotteryonline.com\/da\/vindernumre\/","title":{"rendered":"Resultater af lotteriet"},"content":{"rendered":"<h2>Lotteri resultater online<\/h2>\n<p>Med et s\u00e5 stort udvalg af lotterier, som du kan spille, og den nemme adgang, vi alle har til internettet i dag, foretr\u00e6kker mange mennesker at tjekke deres lotteriresultater hurtigt online. Hvis du har k\u00f8bt en lottokupon, vil du v\u00e6re ivrig efter at finde ud af, hvilke vindertal der er for den p\u00e5g\u00e6ldende tr\u00e6kning. <strong>Nu kan du nemt tjekke resultaterne af internationale lottojackpots online p\u00e5 f\u00e5 sekunder.<\/strong><\/p>\n<p>Denne tjeneste er tilg\u00e6ngelig i hele verden, s\u00e5 uanset hvor du er, uanset om du er p\u00e5 ferie, p\u00e5 forretningsrejse i udlandet eller blot p\u00e5 arbejde eller ude med venner, beh\u00f8ver du ikke l\u00e6ngere at rode rundt i den lokale avis eller vente i et par dage for at finde ud af, om du har vundet en jackpot. Du kan nu blot bes\u00f8ge vores websted og v\u00e6lge resultaterne for det lotteri, du har satset p\u00e5, og hurtigt finde ud af, om du har matchet nogle numre.<\/p>\n<section class=\"layout\" style=\"border: solid 1px; width: 100%;\">\n<div class=\"img-div\" style=\"margin-top: 5px;\"><img decoding=\"async\" class=\"wp-image-17212 alignleft\" style=\"height: 45px; margin: 8px 8px 0px;\" src=\"https:\/\/jackpotlotteryonline.com\/wp-content\/uploads\/2022\/11\/read1.jpg\" alt=\"l\u00e6s\" width=\"\" height=\"\" \/><\/div>\n<div style=\"padding-left: 5px;\">\n<div style=\"font-size: 1.1em;\">\n<p><strong>Se dine lottotal blive trukket live<\/strong><\/p>\n<p style=\"font-size: 0.85em; margin-top: -1.5em;\">S\u00e5dan ser du live-tr\u00e6kningerne af dine yndlingslotterier\u00a0<a href=\"https:\/\/jackpotlotteryonline.com\/da\/se-dine-lodtraekningsnumre-blive-trukket-live\"> L\u00e6s mere<\/a><\/p>\n<\/div>\n<\/div>\n<\/section>\n<h2>Internationale jackpot-vindende lottotal<\/h2>\n<p>Tjek ugens vindende lottotal for de st\u00f8rste internationale lotto-jackpots, der opdateres dagligt p\u00e5 vores websted. Vi viser de bedste og st\u00f8rste lottotal p\u00e5 planeten, herunder El Gordo, Euromillions, Mega Millions, Powerball, SuperEnaLotto og mange flere.<br \/>\n<img loading=\"lazy\" decoding=\"async\" class=\"alignright size-medium wp-image-19277\" src=\"https:\/\/jackpotlotteryonline.com\/wp-content\/uploads\/2022\/10\/2_ticket_powerball_au2-163x300.jpg\" alt=\"lotteri billet scanning\" width=\"163\" height=\"300\" srcset=\"https:\/\/jackpotlotteryonline.com\/wp-content\/uploads\/2022\/10\/2_ticket_powerball_au2-163x300.jpg 163w, https:\/\/jackpotlotteryonline.com\/wp-content\/uploads\/2022\/10\/2_ticket_powerball_au2.jpg 250w\" sizes=\"auto, (max-width: 163px) 100vw, 163px\" \/><\/p>\n<p><strong>Du tror m\u00e5ske, at de fleste af disse lotterier er utilg\u00e6ngelige for dig at spille, men det er ikke sandt!<\/strong> I dag er det nemt at <a href=\"https:\/\/jackpotlotteryonline.com\/da\/koeb-billetter\">k\u00f8be billetter online<\/a> til n\u00e6sten alle lotterier. Det betyder, at du ikke beh\u00f8ver at bo i det land, hvor lotteriet afholdes.<\/p>\n<p><strong>Dette er muligt takket v\u00e6re en service, som vi tilbyder.<\/strong><\/p>\n<p>Du skal blot klikke p\u00e5 en af <a href=\"https:\/\/jackpotlotteryonline.com\/da\/saadan-spiller-du\">knapperne &#8220;Spil&#8221;<\/a> ovenfor, og du vil blive f\u00f8rt til siden med nummerv\u00e6lgeren for det p\u00e5g\u00e6ldende lotteri. V\u00e6lg dine numre, registrer dig og betal online &#8211; s\u00e5 enkelt er det! Du f\u00e5r en bekr\u00e6ftelse af din personlige billet umiddelbart efter k\u00f8bet er gennemf\u00f8rt og en scanning af din billet lidt senere. Vi s\u00f8rger ogs\u00e5 for, at du f\u00e5r udbetalt det, du vinder. Disse verdensomsp\u00e6ndende jackpots kan ofte v\u00e6re 100 gange st\u00f8rre end dit lokale lotteri, s\u00e5 hvad venter du p\u00e5? Tag dit valg!<\/p>\n<h2>Se, om du har vundet &#8211; sammenlign din kupon med de vindende numre<\/h2>\n<p>Du kan ikke kun tjekke lotteriresultater online fra din b\u00e6rbare computer, station\u00e6re pc eller endda din iPhone hjemme eller p\u00e5 kontoret, men du kan ogs\u00e5 tjekke resultater for s\u00e5 mange lotterier med det samme p\u00e5 \u00e9n side.<\/p>\n<p>N\u00e5r hver lottotr\u00e6kning har fundet sted, opdateres resultaterne for hver enkelt i realtid. Det betyder, at resultaterne af internationale jackpots online er tilg\u00e6ngelige eller du kan f\u00e5 adgang til dem inden for f\u00e5 \u00f8jeblikke efter, at tr\u00e6kningen har fundet sted.<br \/>\n<img loading=\"lazy\" decoding=\"async\" class=\"alignright wp-image-19599\" src=\"https:\/\/jackpotlotteryonline.com\/wp-content\/uploads\/2022\/10\/1_balls_draw_lotto_numbers-200x300.jpg\" alt=\"lotteri vindernumre\" width=\"154\" height=\"231\" srcset=\"https:\/\/jackpotlotteryonline.com\/wp-content\/uploads\/2022\/10\/1_balls_draw_lotto_numbers-200x300.jpg 200w, https:\/\/jackpotlotteryonline.com\/wp-content\/uploads\/2022\/10\/1_balls_draw_lotto_numbers.jpg 320w\" sizes=\"auto, (max-width: 154px) 100vw, 154px\" \/><\/p>\n<p>Hvis du har valgt at k\u00f8be en lottokupon online, uanset hvilken type lotto det er, er det endnu nemmere at tjekke dine lottoresultater online her p\u00e5 vores side. Det skyldes, at du p\u00e5 det tidspunkt, hvor du placerer din lottokupon online, skal indtaste din e-mailadresse. Det er ikke kun n\u00f8dvendigt for at du kan \u00e5bne en konto for at spille, men det er ogs\u00e5 n\u00f8dvendigt for at kunne give dig besked om en gevinst.<\/p>\n<p>N\u00e5r lottotr\u00e6kningen har fundet sted, f\u00e5r du automatisk besked pr. e-mail, hvis du har fundet et nummer, der kan have givet dig en kontant gevinst. Du skal blot tjekke din e-mailindbakke.<\/p>\n<p>Hvis du har k\u00f8bt din lottokupon online her, kan du ogs\u00e5 logge ind p\u00e5 din kundekonto, og resultaterne vil blive vist lige ved siden af din kupon, s\u00e5 du kan sammenligne dem. De numre p\u00e5 din kupon, der passer til lodtr\u00e6kningen, vil blive fremh\u00e6vet. Det er s\u00e5 bekvemt som menneskeligt muligt!<\/p>\n<p>Med s\u00e5 mange gode fordele og praktiske funktioner som f.eks. at kunne tjekke dine lotteriresultater online hurtigt,<strong> v\u00e6lger mange mennesker nu at k\u00f8be lottokuponer online i stedet for i butikkerne.<\/strong><\/p>\n","protected":false},"excerpt":{"rendered":"<p>Lotteri resultater online Med et s\u00e5 stort udvalg af lotterier, som du kan spille, og den nemme adgang, vi alle har til internettet i dag, foretr\u00e6kker mange mennesker at tjekke deres lotteriresultater hurtigt online. Hvis du har k\u00f8bt en lottokupon, vil du v\u00e6re ivrig efter at finde ud af, hvilke vindertal der er for den [&hellip;]<\/p>\n","protected":false},"author":1,"featured_media":0,"parent":0,"menu_order":4,"comment_status":"closed","ping_status":"closed","template":"Results.php","meta":{"_et_pb_use_builder":"","_et_pb_old_content":"","_et_gb_content_width":"","exclude_from_search":false,"footnotes":""},"class_list":["post-35818","page","type-page","status-publish","hentry"],"yoast_head":"<!-- This site is optimized with the Yoast SEO plugin v23.3 - https:\/\/yoast.com\/wordpress\/plugins\/seo\/ -->\n<title>Vindernumre og resultater for internationale lotto jackpots<\/title>\n<meta name=\"description\" content=\"Denne side viser resultater og vindernumre for de fleste internationale jackpot-lotterier online\" \/>\n<meta name=\"robots\" content=\"index, follow, max-snippet:-1, max-image-preview:large, max-video-preview:-1\" \/>\n<link rel=\"canonical\" href=\"https:\/\/jackpotlotteryonline.com\/winning-numbers\/\" \/>\n<meta property=\"og:locale\" content=\"da_DK\" \/>\n<meta property=\"og:type\" content=\"article\" \/>\n<meta property=\"og:title\" content=\"Vindernumre og resultater for internationale lotto jackpots\" \/>\n<meta property=\"og:description\" content=\"Denne side viser resultater og vindernumre for de fleste internationale jackpot-lotterier online\" \/>\n<meta property=\"og:url\" content=\"https:\/\/jackpotlotteryonline.com\/winning-numbers\/\" \/>\n<meta property=\"og:site_name\" content=\"Lotto Online - Crack The International Lottery Jackpots\" \/>\n<meta property=\"article:modified_time\" content=\"2022-12-26T07:38:56+00:00\" \/>\n<meta property=\"og:image\" content=\"https:\/\/jackpotlotteryonline.com\/wp-content\/uploads\/2022\/11\/read1.jpg\" \/>\n<meta name=\"twitter:card\" content=\"summary_large_image\" \/>\n<meta name=\"twitter:label1\" content=\"Estimeret l\u00e6setid\" \/>\n\t<meta name=\"twitter:data1\" content=\"4 minutter\" \/>\n<!-- \/ Yoast SEO plugin. -->","yoast_head_json":{"title":"Vindernumre og resultater for internationale lotto jackpots","description":"Denne side viser resultater og vindernumre for de fleste internationale jackpot-lotterier online","robots":{"index":"index","follow":"follow","max-snippet":"max-snippet:-1","max-image-preview":"max-image-preview:large","max-video-preview":"max-video-preview:-1"},"canonical":"https:\/\/jackpotlotteryonline.com\/winning-numbers\/","og_locale":"da_DK","og_type":"article","og_title":"Vindernumre og resultater for internationale lotto jackpots","og_description":"Denne side viser resultater og vindernumre for de fleste internationale jackpot-lotterier online","og_url":"https:\/\/jackpotlotteryonline.com\/winning-numbers\/","og_site_name":"Lotto Online - Crack The International Lottery Jackpots","article_modified_time":"2022-12-26T07:38:56+00:00","og_image":[{"url":"https:\/\/jackpotlotteryonline.com\/wp-content\/uploads\/2022\/11\/read1.jpg"}],"twitter_card":"summary_large_image","twitter_misc":{"Estimeret l\u00e6setid":"4 minutter"},"schema":{"@context":"https:\/\/schema.org","@graph":[{"@type":"WebPage","@id":"https:\/\/jackpotlotteryonline.com\/winning-numbers\/","url":"https:\/\/jackpotlotteryonline.com\/winning-numbers\/","name":"Vindernumre og resultater for internationale lotto jackpots","isPartOf":{"@id":"https:\/\/jackpotlotteryonline.com\/#website"},"primaryImageOfPage":{"@id":"https:\/\/jackpotlotteryonline.com\/winning-numbers\/#primaryimage"},"image":{"@id":"https:\/\/jackpotlotteryonline.com\/winning-numbers\/#primaryimage"},"thumbnailUrl":"https:\/\/jackpotlotteryonline.com\/wp-content\/uploads\/2022\/11\/read1.jpg","datePublished":"2022-11-02T06:38:47+00:00","dateModified":"2022-12-26T07:38:56+00:00","description":"Denne side viser resultater og vindernumre for de fleste internationale jackpot-lotterier online","breadcrumb":{"@id":"https:\/\/jackpotlotteryonline.com\/winning-numbers\/#breadcrumb"},"inLanguage":"da-DK","potentialAction":[{"@type":"ReadAction","target":["https:\/\/jackpotlotteryonline.com\/winning-numbers\/"]}]},{"@type":"ImageObject","inLanguage":"da-DK","@id":"https:\/\/jackpotlotteryonline.com\/winning-numbers\/#primaryimage","url":"https:\/\/jackpotlotteryonline.com\/wp-content\/uploads\/2022\/11\/read1.jpg","contentUrl":"https:\/\/jackpotlotteryonline.com\/wp-content\/uploads\/2022\/11\/read1.jpg"},{"@type":"BreadcrumbList","@id":"https:\/\/jackpotlotteryonline.com\/winning-numbers\/#breadcrumb","itemListElement":[{"@type":"ListItem","position":1,"name":"Home","item":"https:\/\/jackpotlotteryonline.com\/da\/"},{"@type":"ListItem","position":2,"name":"Resultater af lotteriet"}]},{"@type":"WebSite","@id":"https:\/\/jackpotlotteryonline.com\/#website","url":"https:\/\/jackpotlotteryonline.com\/","name":"Lotto Online - Crack The International Lottery Jackpots","description":"","potentialAction":[{"@type":"SearchAction","target":{"@type":"EntryPoint","urlTemplate":"https:\/\/jackpotlotteryonline.com\/?s={search_term_string}"},"query-input":"required name=search_term_string"}],"inLanguage":"da-DK"}]}},"_links":{"self":[{"href":"https:\/\/jackpotlotteryonline.com\/da\/wp-json\/wp\/v2\/pages\/35818","targetHints":{"allow":["GET"]}}],"collection":[{"href":"https:\/\/jackpotlotteryonline.com\/da\/wp-json\/wp\/v2\/pages"}],"about":[{"href":"https:\/\/jackpotlotteryonline.com\/da\/wp-json\/wp\/v2\/types\/page"}],"author":[{"embeddable":true,"href":"https:\/\/jackpotlotteryonline.com\/da\/wp-json\/wp\/v2\/users\/1"}],"replies":[{"embeddable":true,"href":"https:\/\/jackpotlotteryonline.com\/da\/wp-json\/wp\/v2\/comments?post=35818"}],"version-history":[{"count":0,"href":"https:\/\/jackpotlotteryonline.com\/da\/wp-json\/wp\/v2\/pages\/35818\/revisions"}],"wp:attachment":[{"href":"https:\/\/jackpotlotteryonline.com\/da\/wp-json\/wp\/v2\/media?parent=35818"}],"curies":[{"name":"wp","href":"https:\/\/api.w.org\/{rel}","templated":true}]}}