{"id":35870,"date":"2022-11-02T08:40:27","date_gmt":"2022-11-02T08:40:27","guid":{"rendered":"https:\/\/jackpotlotteryonline.com\/?page_id=35870"},"modified":"2022-12-19T08:42:25","modified_gmt":"2022-12-19T08:42:25","slug":"powerball","status":"publish","type":"page","link":"https:\/\/jackpotlotteryonline.com\/da\/saadan-spiller-du\/powerball\/","title":{"rendered":"Powerball USA"},"content":{"rendered":"<h2>Powerball Lottery Jackpot online<\/h2>\n<p><img loading=\"lazy\" decoding=\"async\" class=\"alignright size-full wp-image-19358\" src=\"https:\/\/jackpotlotteryonline.com\/wp-content\/uploads\/2022\/10\/2_ticket_powerball3.jpg\" alt=\"powerball-billet\" width=\"180\" height=\"194\" \/><\/p>\n<p>Du kigger p\u00e5 et af de \u00e6ldste og st\u00f8rste amerikanske lotterier. Powerball Lottery Jackpot udbydes af en lotterikommission best\u00e5ende af 41 amerikanske delstater. Det afvikles i alle stater (inklusive Jomfru\u00f8erne og Columbia-distriktet) i USA bortset fra 8 stater (Nevada, Californien, Utah, Mississippi, Wyoming, Alabama, Hawaii og Alaska).<\/p>\n<p>Powerball-lotteriets jackpot online er flere gange g\u00e5et over 300 millioner dollars i jackpotbel\u00f8b, og den h\u00f8jeste jackpot nogensinde har v\u00e6ret p\u00e5 1500 millioner dollars. Normalt starter jackpots p\u00e5 20 millioner dollars og stiger med mindst 5 millioner dollars hver gang jackpotten ikke blev ramt.<\/p>\n<section class=\"layout\" style=\"border: solid 1px; width: 100%;\">\n<div class=\"img-div\" style=\"margin-top: 5px;\"><img decoding=\"async\" class=\"wp-image-17212 alignleft\" style=\"height: 45px; margin: 8px 8px 0px;\" src=\"https:\/\/jackpotlotteryonline.com\/wp-content\/uploads\/2022\/11\/read1.jpg\" alt=\"st\u00f8rste lotto jackpot\" width=\"\" height=\"\" \/><\/div>\n<div style=\"padding-left: 5px;\">\n<div style=\"font-size: 1.1em;\">\n<p><strong>Historiske, rekordstore jackpots i lotteriet<\/strong><\/p>\n<p style=\"font-size: 0.85em; margin-top: -1.5em;\">De st\u00f8rste lottojackpots i historien vil f\u00e5 dig til at g\u00e5 i sp\u00e5ner <a href=\"https:\/\/jackpotlotteryonline.com\/da\/nejvetsi-lotto-jackpoty-v-historii\"> L\u00e6s mere<\/a><\/p>\n<\/div>\n<\/div>\n<\/section>\n<h2>S\u00e5dan spiller du Powerball-lotteriet<\/h2>\n<p>Du kan nemt <strong><a href=\"https:\/\/jackpotlotteryonline.com\/da\/koeb-billetter\/powerball\">f\u00e5 din lottokupon online<\/a> via vores hjemmeside. For at spille og vinde Powerball-lotteriets jackpot<\/strong> beh\u00f8ver du ikke at v\u00e6re amerikansk statsborger &#8211; du kan bo uden for USA, men du skal v\u00e6re mindst 18 \u00e5r gammel. Det eneste du skal g\u00f8re er at klikke p\u00e5 et af lotteribannerne, registrere dig og bekr\u00e6fte dig selv og foretage betalingen. Vi klarer resten, n\u00e5r du afgiver en ordre. K\u00f8b af billetter, levering og hj\u00e6lp til logistik af penge er de omr\u00e5der, som du kan f\u00e5 hj\u00e6lp til.<br \/>\n<img loading=\"lazy\" decoding=\"async\" class=\"alignright size-full wp-image-18167\" src=\"https:\/\/jackpotlotteryonline.com\/wp-content\/uploads\/2022\/10\/powerball_globe_logo.png\" alt=\"spille powerball online\" width=\"200\" height=\"212\" \/><\/p>\n<p>For at ramme Powerball Lottery Jackpot skal du f\u00e5 fem ud af 59 rigtige tal plus Powerball-tallet mellem 1 og 39. Der er ni m\u00e5der at vinde p\u00e5, og du f\u00e5r allerede en pris, hvis du rammer Powerball-tallet.<\/p>\n<p><a href=\"https:\/\/jackpotlotteryonline.com\/da\/koeb-billetter\/powerball\">Powerball-lotteriet jackpot<\/a> online er et traditionelt lotteri med to trommer. Den ene tromle kommer med 59 hvide kugler den anden tromle kommer med 39 r\u00f8de kugler. Du skal v\u00e6lge 5 hvide kugler og en r\u00f8d kugle. Kuglerne kan v\u00e6lges tilf\u00e6ldigt, og r\u00e6kkef\u00f8lgen af udv\u00e6lgelsen har ingen betydning for resultatet.<\/p>\n<p>Det er helt sikkert at spille Powerball lotteriet jackpot online har sine egne fordele, og p\u00e5 grund af de fantastiske vinderchancer er der en stor eftersp\u00f8rgsel efter dette lotteri.<\/p>\n<h2>Det er p\u00e5 tide at pr\u00f8ve lykken p\u00e5 Powerball<\/h2>\n<p>Hvis du er en person, der kan lide at pr\u00f8ve lykken ved hasardspil, er Powerball-lotteriet helt sikkert det rette sted at begynde. Der findes mange flere oplysninger p\u00e5 vores hjemmeside, som kan hj\u00e6lpe dig med at beslutte, hvilke numre du skal v\u00e6lge og spille.<\/p>\n<p>Mange mennesker har en tendens til at tro, at lotteriet er et tilf\u00e6ldigt spil. Men de kan v\u00e6re tilb\u00f8jelige til at t\u00e6nke lidt anderledes, n\u00e5r de f\u00f8rst forst\u00e5r, hvordan Powerball-lotteriet fungerer. <strong>Der er mange, der allerede har vundet ved Powerball, og der er ingen grund til, at du ikke kan blive en af dem. Begynd nu&#8230;!<\/strong><\/p>\n","protected":false},"excerpt":{"rendered":"<p>Powerball Lottery Jackpot online Du kigger p\u00e5 et af de \u00e6ldste og st\u00f8rste amerikanske lotterier. Powerball Lottery Jackpot udbydes af en lotterikommission best\u00e5ende af 41 amerikanske delstater. Det afvikles i alle stater (inklusive Jomfru\u00f8erne og Columbia-distriktet) i USA bortset fra 8 stater (Nevada, Californien, Utah, Mississippi, Wyoming, Alabama, Hawaii og Alaska). Powerball-lotteriets jackpot online er [&hellip;]<\/p>\n","protected":false},"author":1,"featured_media":0,"parent":35676,"menu_order":1,"comment_status":"closed","ping_status":"closed","template":"powerball-usa.php","meta":{"_et_pb_use_builder":"","_et_pb_old_content":"","_et_gb_content_width":"","exclude_from_search":false,"footnotes":""},"class_list":["post-35870","page","type-page","status-publish","hentry"],"yoast_head":"<!-- This site is optimized with the Yoast SEO plugin v23.3 - https:\/\/yoast.com\/wordpress\/plugins\/seo\/ -->\n<title>Spil Powerball Lottery Online, fra uden for USA<\/title>\n<meta name=\"description\" content=\"Powerball lotteriet er et af de \u00e6ldste lotterier i USA - l\u00e6s dette for at finde ud af, hvordan du kan spille online og fra et land uden for USA i dag!\" \/>\n<meta name=\"robots\" content=\"index, follow, max-snippet:-1, max-image-preview:large, max-video-preview:-1\" \/>\n<link rel=\"canonical\" href=\"https:\/\/jackpotlotteryonline.com\/play-online\/powerball\/\" \/>\n<meta property=\"og:locale\" content=\"da_DK\" \/>\n<meta property=\"og:type\" content=\"article\" \/>\n<meta property=\"og:title\" content=\"Spil Powerball Lottery Online, fra uden for USA\" \/>\n<meta property=\"og:description\" content=\"Powerball lotteriet er et af de \u00e6ldste lotterier i USA - l\u00e6s dette for at finde ud af, hvordan du kan spille online og fra et land uden for USA i dag!\" \/>\n<meta property=\"og:url\" content=\"https:\/\/jackpotlotteryonline.com\/play-online\/powerball\/\" \/>\n<meta property=\"og:site_name\" content=\"Lotto Online - Crack The International Lottery Jackpots\" \/>\n<meta property=\"article:modified_time\" content=\"2022-12-19T08:42:25+00:00\" \/>\n<meta property=\"og:image\" content=\"https:\/\/jackpotlotteryonline.com\/wp-content\/uploads\/2022\/10\/2_ticket_powerball3.jpg\" \/>\n<meta name=\"twitter:card\" content=\"summary_large_image\" \/>\n<meta name=\"twitter:label1\" content=\"Estimeret l\u00e6setid\" \/>\n\t<meta name=\"twitter:data1\" content=\"3 minutter\" \/>\n<!-- \/ Yoast SEO plugin. -->","yoast_head_json":{"title":"Spil Powerball Lottery Online, fra uden for USA","description":"Powerball lotteriet er et af de \u00e6ldste lotterier i USA - l\u00e6s dette for at finde ud af, hvordan du kan spille online og fra et land uden for USA i dag!","robots":{"index":"index","follow":"follow","max-snippet":"max-snippet:-1","max-image-preview":"max-image-preview:large","max-video-preview":"max-video-preview:-1"},"canonical":"https:\/\/jackpotlotteryonline.com\/play-online\/powerball\/","og_locale":"da_DK","og_type":"article","og_title":"Spil Powerball Lottery Online, fra uden for USA","og_description":"Powerball lotteriet er et af de \u00e6ldste lotterier i USA - l\u00e6s dette for at finde ud af, hvordan du kan spille online og fra et land uden for USA i dag!","og_url":"https:\/\/jackpotlotteryonline.com\/play-online\/powerball\/","og_site_name":"Lotto Online - Crack The International Lottery Jackpots","article_modified_time":"2022-12-19T08:42:25+00:00","og_image":[{"url":"https:\/\/jackpotlotteryonline.com\/wp-content\/uploads\/2022\/10\/2_ticket_powerball3.jpg"}],"twitter_card":"summary_large_image","twitter_misc":{"Estimeret l\u00e6setid":"3 minutter"},"schema":{"@context":"https:\/\/schema.org","@graph":[{"@type":"WebPage","@id":"https:\/\/jackpotlotteryonline.com\/play-online\/powerball\/","url":"https:\/\/jackpotlotteryonline.com\/play-online\/powerball\/","name":"Spil Powerball Lottery Online, fra uden for USA","isPartOf":{"@id":"https:\/\/jackpotlotteryonline.com\/#website"},"primaryImageOfPage":{"@id":"https:\/\/jackpotlotteryonline.com\/play-online\/powerball\/#primaryimage"},"image":{"@id":"https:\/\/jackpotlotteryonline.com\/play-online\/powerball\/#primaryimage"},"thumbnailUrl":"https:\/\/jackpotlotteryonline.com\/wp-content\/uploads\/2022\/10\/2_ticket_powerball3.jpg","datePublished":"2022-11-02T08:40:27+00:00","dateModified":"2022-12-19T08:42:25+00:00","description":"Powerball lotteriet er et af de \u00e6ldste lotterier i USA - l\u00e6s dette for at finde ud af, hvordan du kan spille online og fra et land uden for USA i dag!","breadcrumb":{"@id":"https:\/\/jackpotlotteryonline.com\/play-online\/powerball\/#breadcrumb"},"inLanguage":"da-DK","potentialAction":[{"@type":"ReadAction","target":["https:\/\/jackpotlotteryonline.com\/play-online\/powerball\/"]}]},{"@type":"ImageObject","inLanguage":"da-DK","@id":"https:\/\/jackpotlotteryonline.com\/play-online\/powerball\/#primaryimage","url":"https:\/\/jackpotlotteryonline.com\/wp-content\/uploads\/2022\/10\/2_ticket_powerball3.jpg","contentUrl":"https:\/\/jackpotlotteryonline.com\/wp-content\/uploads\/2022\/10\/2_ticket_powerball3.jpg"},{"@type":"BreadcrumbList","@id":"https:\/\/jackpotlotteryonline.com\/play-online\/powerball\/#breadcrumb","itemListElement":[{"@type":"ListItem","position":1,"name":"Home","item":"https:\/\/jackpotlotteryonline.com\/da\/"},{"@type":"ListItem","position":2,"name":"S\u00e5dan spiller du","item":"https:\/\/jackpotlotteryonline.com\/da\/saadan-spiller-du\/"},{"@type":"ListItem","position":3,"name":"Powerball USA"}]},{"@type":"WebSite","@id":"https:\/\/jackpotlotteryonline.com\/#website","url":"https:\/\/jackpotlotteryonline.com\/","name":"Lotto Online - Crack The International Lottery Jackpots","description":"","potentialAction":[{"@type":"SearchAction","target":{"@type":"EntryPoint","urlTemplate":"https:\/\/jackpotlotteryonline.com\/?s={search_term_string}"},"query-input":"required name=search_term_string"}],"inLanguage":"da-DK"}]}},"_links":{"self":[{"href":"https:\/\/jackpotlotteryonline.com\/da\/wp-json\/wp\/v2\/pages\/35870","targetHints":{"allow":["GET"]}}],"collection":[{"href":"https:\/\/jackpotlotteryonline.com\/da\/wp-json\/wp\/v2\/pages"}],"about":[{"href":"https:\/\/jackpotlotteryonline.com\/da\/wp-json\/wp\/v2\/types\/page"}],"author":[{"embeddable":true,"href":"https:\/\/jackpotlotteryonline.com\/da\/wp-json\/wp\/v2\/users\/1"}],"replies":[{"embeddable":true,"href":"https:\/\/jackpotlotteryonline.com\/da\/wp-json\/wp\/v2\/comments?post=35870"}],"version-history":[{"count":0,"href":"https:\/\/jackpotlotteryonline.com\/da\/wp-json\/wp\/v2\/pages\/35870\/revisions"}],"up":[{"embeddable":true,"href":"https:\/\/jackpotlotteryonline.com\/da\/wp-json\/wp\/v2\/pages\/35676"}],"wp:attachment":[{"href":"https:\/\/jackpotlotteryonline.com\/da\/wp-json\/wp\/v2\/media?parent=35870"}],"curies":[{"name":"wp","href":"https:\/\/api.w.org\/{rel}","templated":true}]}}