{"id":35931,"date":"2022-11-02T10:24:22","date_gmt":"2022-11-02T10:24:22","guid":{"rendered":"https:\/\/jackpotlotteryonline.com\/?page_id=35931"},"modified":"2022-12-30T18:59:10","modified_gmt":"2022-12-30T18:59:10","slug":"mega-millions","status":"publish","type":"page","link":"https:\/\/jackpotlotteryonline.com\/da\/saadan-spiller-du\/mega-millions\/","title":{"rendered":"Mega Millions USA"},"content":{"rendered":"<h2>Mega Millions Online Lotto Jackpot<\/h2>\n<p>Mega Millions Jackpot Lotto ligger i Michigan USA og spilles i 12 delstater i USA. Med tr\u00e6kninger hver tirsdag og fredag aften kl. 20.00 kan hyppigheden af gevinster v\u00e6re ret h\u00f8j for en heldig spiller. En Mega Millions-billet er relativt billig, og den st\u00f8rste jackpot, der nogensinde er udbetalt, var p\u00e5 mere end 1 500 millioner dollars.<br \/>\n<img loading=\"lazy\" decoding=\"async\" class=\"alignright size-full wp-image-17546\" src=\"https:\/\/jackpotlotteryonline.com\/wp-content\/uploads\/2022\/10\/logo_Mega_Millions_233x110.png\" alt=\"spille mega millions online\" width=\"232\" height=\"110\" \/><\/p>\n<p>Hvis du overvejer at spille Mega Millions, og det endda p\u00e5 regelm\u00e6ssig basis, kan du forestille dig den tid og energi, der er forbundet med at l\u00f8be til et lotteri to gange om ugen. Den bedste m\u00e5de at fjerne komplikationerne og spare tid ville v\u00e6re at spille online. Det har aldrig v\u00e6ret s\u00e5 nemt at <a href=\"https:\/\/jackpotlotteryonline.com\/da\/vindernumre\/mega-millions\">k\u00f8be en billet<\/a> med dine yndlingsnumre og f\u00e5 den leveret til din d\u00f8r. Med vores hj\u00e6lp kan Mega Millions Lotto Jackpotten vindes online af alle i hele verden!<\/p>\n<h2>S\u00e5dan spiller du Mega Millions online<\/h2>\n<p>Mega Millions-lotteriet starter med et bel\u00f8b p\u00e5 20 millioner dollars og skrev historie, da det n\u00e5ede op p\u00e5 1,5 milliarder dollars, den h\u00f8jeste lotterijackpot i USA&#8217;s historie! Spillerne kan v\u00e6lge fem numre mellem 1 og 56 (hvid kugle) plus et s\u00e5kaldt Mega-nummer mellem 1 og 46 (gylden kugle).<br \/>\n<img loading=\"lazy\" decoding=\"async\" class=\"alignright size-full wp-image-19115\" src=\"https:\/\/jackpotlotteryonline.com\/wp-content\/uploads\/2022\/10\/2_ticket_mega_millions3.jpg\" alt=\"mega millions billet scanning\" width=\"180\" height=\"193\" \/><\/p>\n<p>For at kn\u00e6kke denne jackpot skal du f\u00e5 alle fem numre og mega-nummeret rigtigt. Men selv hvis du ikke kn\u00e6kker jackpotten, har du en god chance for at vinde, da 1 ud af 40 lodder vinder. Alle vil v\u00e6re enige i, at det er meget gode chancer for at vinde i et lotteri.<\/p>\n<p>Jackpotten udbetales i 26 \u00e5rlige udbetalinger ogs\u00e5 kaldet annuitetsmuligheden, eller du kan v\u00e6lge en afvikling helt kontant, hvor du f\u00e5r udbetalt den nuv\u00e6rende v\u00e6rdi af annuiteten. <a href=\"https:\/\/jackpotlotteryonline.com\/da\/vindernumre\/mega-millions\">Tr\u00e6kningerne<\/a> finder normalt sted i Idaho (Georgia), men n\u00e5r jackpotten n\u00e5r op over 200 millioner dollars, finder tr\u00e6kningen sted p\u00e5 Times Square (New York).<\/p>\n<p>Du skal v\u00e6re mindst 18 \u00e5r for at spille dette lotteri, men du beh\u00f8ver ikke at v\u00e6re statsborger eller bosiddende i USA. Med vores hj\u00e6lp kan du spille fra uden for USA, fra hvor som helst i verden faktisk. Vi vil faktisk ogs\u00e5 hj\u00e6lpe dig med at f\u00e5 de vundne pr\u00e6miepenge sikkert og uden problemer til dig.<\/p>\n<h2>Ekstraudstyr<\/h2>\n<p>I n\u00e6sten alle jurisdiktioner (42 ud af 43, undtagen Californien) for Mega Millions har spillerne mulighed for at aktivere et ekstra element kaldet Megaplier. Megapuljen fordobler indsatsen i spillet, og spillerne kan gange ikke-jackpotpr\u00e6mierne med 2,3 eller 4. Det er selvf\u00f8lgelig ikke n\u00f8dvendigt at n\u00e6vne, at oddsene g\u00e5r ned her.<\/p>\n<p>S\u00e5 med s\u00e5 meget p\u00e5 spil er det p\u00e5 tide at du overvejer at spille Mega Millions, det kan f\u00e5 dig til at realisere dine dr\u00f8mme. F\u00e5 dig selv registreret p\u00e5 vores hjemmeside og f\u00e5 en chance i det st\u00f8rste amerikanske lotteri nogensinde.<\/p>\n<section class=\"layout\" style=\"border: solid 1px; width: 100%;\">\n<div class=\"img-div\" style=\"margin-top: 5px;\"><img decoding=\"async\" class=\"wp-image-17212 alignleft\" style=\"height: 45px; margin: 8px 8px 0px;\" src=\"https:\/\/jackpotlotteryonline.com\/wp-content\/uploads\/2022\/11\/read1.jpg\" alt=\"l\u00e6s\" width=\"\" height=\"\" \/><\/div>\n<div style=\"padding-left: 5px;\">\n<div style=\"font-size: 1.1em;\">\n<p><strong>Dit nationale lotteri i international sammenligning<\/strong><\/p>\n<p style=\"font-size: 0.85em; margin-top: -1.5em;\">Dit lokale lotteri kan v\u00e6re din d\u00e5rligste mulighed &#8211; hvorfor det giver mere mening at betale mere, men g\u00e5 efter st\u00f8rre jackpots\u00a0<a href=\"https:\/\/jackpotlotteryonline.com\/da\/dit-nationale-lotteri-i-international-sammenligning\"> L\u00e6s mere<\/a><\/p>\n<\/div>\n<\/div>\n<\/section>\n","protected":false},"excerpt":{"rendered":"<p>Mega Millions Online Lotto Jackpot Mega Millions Jackpot Lotto ligger i Michigan USA og spilles i 12 delstater i USA. Med tr\u00e6kninger hver tirsdag og fredag aften kl. 20.00 kan hyppigheden af gevinster v\u00e6re ret h\u00f8j for en heldig spiller. En Mega Millions-billet er relativt billig, og den st\u00f8rste jackpot, der nogensinde er udbetalt, var [&hellip;]<\/p>\n","protected":false},"author":1,"featured_media":0,"parent":35676,"menu_order":2,"comment_status":"closed","ping_status":"closed","template":"megamillion.php","meta":{"_et_pb_use_builder":"","_et_pb_old_content":"","_et_gb_content_width":"","exclude_from_search":false,"footnotes":""},"class_list":["post-35931","page","type-page","status-publish","hentry"],"yoast_head":"<!-- This site is optimized with the Yoast SEO plugin v23.3 - https:\/\/yoast.com\/wordpress\/plugins\/seo\/ -->\n<title>Spil Mega Millions online fra uden for USA<\/title>\n<meta name=\"description\" content=\"Den amerikanske Mega Millions-lottojackpot er moderen af alle lotterier, og du kan spille online nu, selv om du bor uden for USA\" \/>\n<meta name=\"robots\" content=\"index, follow, max-snippet:-1, max-image-preview:large, max-video-preview:-1\" \/>\n<link rel=\"canonical\" href=\"https:\/\/jackpotlotteryonline.com\/play-online\/mega-millions\/\" \/>\n<meta property=\"og:locale\" content=\"da_DK\" \/>\n<meta property=\"og:type\" content=\"article\" \/>\n<meta property=\"og:title\" content=\"Spil Mega Millions online fra uden for USA\" \/>\n<meta property=\"og:description\" content=\"Den amerikanske Mega Millions-lottojackpot er moderen af alle lotterier, og du kan spille online nu, selv om du bor uden for USA\" \/>\n<meta property=\"og:url\" content=\"https:\/\/jackpotlotteryonline.com\/play-online\/mega-millions\/\" \/>\n<meta property=\"og:site_name\" content=\"Lotto Online - Crack The International Lottery Jackpots\" \/>\n<meta property=\"article:modified_time\" content=\"2022-12-30T18:59:10+00:00\" \/>\n<meta property=\"og:image\" content=\"https:\/\/jackpotlotteryonline.com\/wp-content\/uploads\/2022\/10\/logo_Mega_Millions_233x110.png\" \/>\n<meta name=\"twitter:card\" content=\"summary_large_image\" \/>\n<meta name=\"twitter:label1\" content=\"Estimeret l\u00e6setid\" \/>\n\t<meta name=\"twitter:data1\" content=\"3 minutter\" \/>\n<!-- \/ Yoast SEO plugin. -->","yoast_head_json":{"title":"Spil Mega Millions online fra uden for USA","description":"Den amerikanske Mega Millions-lottojackpot er moderen af alle lotterier, og du kan spille online nu, selv om du bor uden for USA","robots":{"index":"index","follow":"follow","max-snippet":"max-snippet:-1","max-image-preview":"max-image-preview:large","max-video-preview":"max-video-preview:-1"},"canonical":"https:\/\/jackpotlotteryonline.com\/play-online\/mega-millions\/","og_locale":"da_DK","og_type":"article","og_title":"Spil Mega Millions online fra uden for USA","og_description":"Den amerikanske Mega Millions-lottojackpot er moderen af alle lotterier, og du kan spille online nu, selv om du bor uden for USA","og_url":"https:\/\/jackpotlotteryonline.com\/play-online\/mega-millions\/","og_site_name":"Lotto Online - Crack The International Lottery Jackpots","article_modified_time":"2022-12-30T18:59:10+00:00","og_image":[{"url":"https:\/\/jackpotlotteryonline.com\/wp-content\/uploads\/2022\/10\/logo_Mega_Millions_233x110.png"}],"twitter_card":"summary_large_image","twitter_misc":{"Estimeret l\u00e6setid":"3 minutter"},"schema":{"@context":"https:\/\/schema.org","@graph":[{"@type":"WebPage","@id":"https:\/\/jackpotlotteryonline.com\/play-online\/mega-millions\/","url":"https:\/\/jackpotlotteryonline.com\/play-online\/mega-millions\/","name":"Spil Mega Millions online fra uden for USA","isPartOf":{"@id":"https:\/\/jackpotlotteryonline.com\/#website"},"primaryImageOfPage":{"@id":"https:\/\/jackpotlotteryonline.com\/play-online\/mega-millions\/#primaryimage"},"image":{"@id":"https:\/\/jackpotlotteryonline.com\/play-online\/mega-millions\/#primaryimage"},"thumbnailUrl":"https:\/\/jackpotlotteryonline.com\/wp-content\/uploads\/2022\/10\/logo_Mega_Millions_233x110.png","datePublished":"2022-11-02T10:24:22+00:00","dateModified":"2022-12-30T18:59:10+00:00","description":"Den amerikanske Mega Millions-lottojackpot er moderen af alle lotterier, og du kan spille online nu, selv om du bor uden for USA","breadcrumb":{"@id":"https:\/\/jackpotlotteryonline.com\/play-online\/mega-millions\/#breadcrumb"},"inLanguage":"da-DK","potentialAction":[{"@type":"ReadAction","target":["https:\/\/jackpotlotteryonline.com\/play-online\/mega-millions\/"]}]},{"@type":"ImageObject","inLanguage":"da-DK","@id":"https:\/\/jackpotlotteryonline.com\/play-online\/mega-millions\/#primaryimage","url":"https:\/\/jackpotlotteryonline.com\/wp-content\/uploads\/2022\/10\/logo_Mega_Millions_233x110.png","contentUrl":"https:\/\/jackpotlotteryonline.com\/wp-content\/uploads\/2022\/10\/logo_Mega_Millions_233x110.png"},{"@type":"BreadcrumbList","@id":"https:\/\/jackpotlotteryonline.com\/play-online\/mega-millions\/#breadcrumb","itemListElement":[{"@type":"ListItem","position":1,"name":"Home","item":"https:\/\/jackpotlotteryonline.com\/da\/"},{"@type":"ListItem","position":2,"name":"S\u00e5dan spiller du","item":"https:\/\/jackpotlotteryonline.com\/da\/saadan-spiller-du\/"},{"@type":"ListItem","position":3,"name":"Mega Millions USA"}]},{"@type":"WebSite","@id":"https:\/\/jackpotlotteryonline.com\/#website","url":"https:\/\/jackpotlotteryonline.com\/","name":"Lotto Online - Crack The International Lottery Jackpots","description":"","potentialAction":[{"@type":"SearchAction","target":{"@type":"EntryPoint","urlTemplate":"https:\/\/jackpotlotteryonline.com\/?s={search_term_string}"},"query-input":"required name=search_term_string"}],"inLanguage":"da-DK"}]}},"_links":{"self":[{"href":"https:\/\/jackpotlotteryonline.com\/da\/wp-json\/wp\/v2\/pages\/35931","targetHints":{"allow":["GET"]}}],"collection":[{"href":"https:\/\/jackpotlotteryonline.com\/da\/wp-json\/wp\/v2\/pages"}],"about":[{"href":"https:\/\/jackpotlotteryonline.com\/da\/wp-json\/wp\/v2\/types\/page"}],"author":[{"embeddable":true,"href":"https:\/\/jackpotlotteryonline.com\/da\/wp-json\/wp\/v2\/users\/1"}],"replies":[{"embeddable":true,"href":"https:\/\/jackpotlotteryonline.com\/da\/wp-json\/wp\/v2\/comments?post=35931"}],"version-history":[{"count":0,"href":"https:\/\/jackpotlotteryonline.com\/da\/wp-json\/wp\/v2\/pages\/35931\/revisions"}],"up":[{"embeddable":true,"href":"https:\/\/jackpotlotteryonline.com\/da\/wp-json\/wp\/v2\/pages\/35676"}],"wp:attachment":[{"href":"https:\/\/jackpotlotteryonline.com\/da\/wp-json\/wp\/v2\/media?parent=35931"}],"curies":[{"name":"wp","href":"https:\/\/api.w.org\/{rel}","templated":true}]}}