{"id":36003,"date":"2022-11-03T07:44:07","date_gmt":"2022-11-03T07:44:07","guid":{"rendered":"https:\/\/jackpotlotteryonline.com\/?page_id=36003"},"modified":"2022-12-30T19:53:57","modified_gmt":"2022-12-30T19:53:57","slug":"euromillions","status":"publish","type":"page","link":"https:\/\/jackpotlotteryonline.com\/da\/saadan-spiller-du\/euromillions\/","title":{"rendered":"Spil Euro Millions"},"content":{"rendered":"<h2>F\u00e5 en billet til Euromillions online<\/h2>\n<p><img loading=\"lazy\" decoding=\"async\" class=\"alignright wp-image-18926\" src=\"http:\/\/jackpotlotteryonline.com\/wp-content\/uploads\/2022\/10\/2_ticket_euromillions3-111x300.jpg\" alt=\"euromillions-lodseddel\" width=\"83\" height=\"224\" srcset=\"https:\/\/jackpotlotteryonline.com\/wp-content\/uploads\/2022\/10\/2_ticket_euromillions3-111x300.jpg 111w, https:\/\/jackpotlotteryonline.com\/wp-content\/uploads\/2022\/10\/2_ticket_euromillions3.jpg 180w\" sizes=\"auto, (max-width: 83px) 100vw, 83px\" \/><\/p>\n<p>Euromillions er et lotteri, der afholdes i flere europ\u00e6iske lande som Frankrig, Storbritannien, Spanien, Irland, Belgien, Luxembourg og Schweiz. Euromillions online lotteri jackpot starter med et bel\u00f8b p\u00e5 15 millioner euro og rekordjackpotten ligger p\u00e5 190 millioner euro.<\/p>\n<p>For at spille Euromillions jackpotlotteriet skal du v\u00e6re mindst 18 \u00e5r, men du kan spille det fra alle lande i verden ved hj\u00e6lp af den service, vi tilbyder p\u00e5 denne hjemmeside. Det, vi tilbyder, er ret unikt i den forstand, at det giver alle i hele verden, herunder lande som Tyskland, Holland, Italien, og selv uden for Europa og mere, en mulighed for at spille og vinde jackpotten online. Ved at tilbyde en mulighed for heldig valgmulighed er det lettere at v\u00e6lge tilf\u00e6ldige tal i stedet for at l\u00e6gge pres p\u00e5 dine egne gr\u00e5 celler.<\/p>\n<h2>S\u00e5dan k\u00f8ber du din billet til Euromillions-jackpotten fra lande uden for Europa<\/h2>\n<p>Det kan g\u00f8res mindre besv\u00e6rligt at<a href=\"https:\/\/jackpotlotteryonline.com\/da\/koeb-billetter\/euromillions\"> k\u00f8be billetter til Euromillions online lotteri jackpotten<\/a> gennem os. N\u00e5r du har registreret dig p\u00e5 vores hjemmeside og er blevet bekr\u00e6ftet, skal du blot v\u00e6lge dit lotteri og foretage den n\u00f8dvendige betaling. N\u00e5r dette er gjort, k\u00f8bes en lottokupon p\u00e5 dine vegne, og en scanning uploades til din konto, n\u00e5r du har betalt via dit valgte betalingsmiddel.<\/p>\n<p>Hvis du desuden er interesseret i at blive ved med at spille Euromillions online jackpot i et stykke tid, kan du v\u00e6lge dine numre eller tilf\u00e6ldige dem, og du kan deltage i flere tr\u00e6kninger, men du beh\u00f8ver kun at betale en gang med f\u00e5 ugers mellemrum.<\/p>\n<h2>S\u00e5dan fungerer Euromillions-lotteriet online jackpot<\/h2>\n<p><img loading=\"lazy\" decoding=\"async\" class=\"alignright wp-image-17411\" src=\"http:\/\/jackpotlotteryonline.com\/wp-content\/uploads\/2022\/10\/euromillions.png\" alt=\"spille euromillions online\" width=\"143\" height=\"152\" \/><\/p>\n<p>Du skal v\u00e6lge fem tal mellem 1 og 50 plus 2 ekstra Lucky Star-numre (mellem 1 og 9) for at vinde jackpotten.<a href=\"http:\/\/jackpotlotteryonline.com\/da\/vindernumre\/euromillions\"> Tr\u00e6kningen af jackpotten i Euromillions<\/a> finder sted hver fredag aften, og ud over jackpotten er der 11 niveauer af pr\u00e6mier. Oddsene for at vinde mindst en pr\u00e6mie er en ud af 24.<\/p>\n<h2>Kontrol af resultaterne<\/h2>\n<p>Du kan tjekke resultaterne online n\u00e5r som helst, n\u00e5r tr\u00e6kningen er slut. Du kan faktisk bruge din iPad, iPhone eller en anden lignende enhed til at holde dig opdateret. N\u00e5r du er heldig at vinde en pr\u00e6mie eller Euromillions-lotteriets online jackpot, hj\u00e6lper vi dig ogs\u00e5 med at kr\u00e6ve pr\u00e6mien og s\u00f8rge for, at den bliver leveret til dig.<\/p>\n<section class=\"layout\" style=\"border: solid 1px; width: 100%;\">\n<div class=\"img-div\" style=\"margin-top: 5px;\"><img decoding=\"async\" class=\"wp-image-17212 alignleft\" style=\"height: 45px; margin: 8px 8px 0px;\" src=\"http:\/\/jackpotlotteryonline.com\/wp-content\/uploads\/2022\/11\/read1.jpg\" alt=\"l\u00e6s\" width=\"\" height=\"\" \/><\/div>\n<div style=\"padding-left: 5px;\">\n<div style=\"font-size: 1.1em;\">\n<p><strong>De lotterier, der har de bedste odds for, at du kan vinde stort<\/strong><\/p>\n<p style=\"font-size: 0.85em; margin-top: -1.5em;\">Hvilket lotteri har de bedste vinderchancer? <a href=\"https:\/\/jackpotlotteryonline.com\/da\/hvilket-lotteri-har-de-bedste-vinderchancer\">L\u00e6s mere<\/a><\/p>\n<\/div>\n<\/div>\n<\/section>\n<h2>Euromillions-lotteriet online jackpot<\/h2>\n<p>Euromillions jackpotten blev oprindeligt lanceret den 7. februar 2004 og afholdt sin f\u00f8rste tr\u00e6kning i Paris den 13. februar 2004. Den mest bem\u00e6rkelsesv\u00e6rdige jackpotgevinst blev vundet i en af de seneste tr\u00e6kninger (12. juli 2011), og Colin og Chris Weir fra Glasgow (UK) vandt 185.000.000 \u20ac.<\/p>\n<p>Euromillions Lottery online jackpotten har ikke v\u00e6ret uden sin egen andel af skandaler &#8211; prim\u00e6rt den, der viste sig i Belgien i 2009. De har dog v\u00e6ret uden nogen vedvarende begrundelse og er siden blevet aflivet. S\u00e5 det er p\u00e5 tide, at du pr\u00f8ver lykken p\u00e5 en af de st\u00f8rste pengegaver nogensinde.<\/p>\n","protected":false},"excerpt":{"rendered":"<p>F\u00e5 en billet til Euromillions online Euromillions er et lotteri, der afholdes i flere europ\u00e6iske lande som Frankrig, Storbritannien, Spanien, Irland, Belgien, Luxembourg og Schweiz. Euromillions online lotteri jackpot starter med et bel\u00f8b p\u00e5 15 millioner euro og rekordjackpotten ligger p\u00e5 190 millioner euro. For at spille Euromillions jackpotlotteriet skal du v\u00e6re mindst 18 \u00e5r, [&hellip;]<\/p>\n","protected":false},"author":1,"featured_media":0,"parent":35676,"menu_order":3,"comment_status":"closed","ping_status":"closed","template":"euromillions.php","meta":{"_et_pb_use_builder":"","_et_pb_old_content":"","_et_gb_content_width":"","exclude_from_search":false,"footnotes":""},"class_list":["post-36003","page","type-page","status-publish","hentry"],"yoast_head":"<!-- This site is optimized with the Yoast SEO plugin v23.3 - https:\/\/yoast.com\/wordpress\/plugins\/seo\/ -->\n<title>Spil Euromillions online fra hvor som helst, selv uden for Europa<\/title>\n<meta name=\"description\" content=\"Euromillions Lotteriet er et af de mest eftertragtede lotterier. Du kan spille nu med en onlinebillet, selv om du befinder dig uden for Europa\" \/>\n<meta name=\"robots\" content=\"index, follow, max-snippet:-1, max-image-preview:large, max-video-preview:-1\" \/>\n<link rel=\"canonical\" href=\"https:\/\/jackpotlotteryonline.com\/play-online\/euromillions\/\" \/>\n<meta property=\"og:locale\" content=\"da_DK\" \/>\n<meta property=\"og:type\" content=\"article\" \/>\n<meta property=\"og:title\" content=\"Spil Euromillions online fra hvor som helst, selv uden for Europa\" \/>\n<meta property=\"og:description\" content=\"Euromillions Lotteriet er et af de mest eftertragtede lotterier. Du kan spille nu med en onlinebillet, selv om du befinder dig uden for Europa\" \/>\n<meta property=\"og:url\" content=\"https:\/\/jackpotlotteryonline.com\/play-online\/euromillions\/\" \/>\n<meta property=\"og:site_name\" content=\"Lotto Online - Crack The International Lottery Jackpots\" \/>\n<meta property=\"article:modified_time\" content=\"2022-12-30T19:53:57+00:00\" \/>\n<meta property=\"og:image\" content=\"http:\/\/jackpotlotteryonline.com\/wp-content\/uploads\/2022\/10\/2_ticket_euromillions3-111x300.jpg\" \/>\n<meta name=\"twitter:card\" content=\"summary_large_image\" \/>\n<meta name=\"twitter:label1\" content=\"Estimeret l\u00e6setid\" \/>\n\t<meta name=\"twitter:data1\" content=\"3 minutter\" \/>\n<!-- \/ Yoast SEO plugin. -->","yoast_head_json":{"title":"Spil Euromillions online fra hvor som helst, selv uden for Europa","description":"Euromillions Lotteriet er et af de mest eftertragtede lotterier. Du kan spille nu med en onlinebillet, selv om du befinder dig uden for Europa","robots":{"index":"index","follow":"follow","max-snippet":"max-snippet:-1","max-image-preview":"max-image-preview:large","max-video-preview":"max-video-preview:-1"},"canonical":"https:\/\/jackpotlotteryonline.com\/play-online\/euromillions\/","og_locale":"da_DK","og_type":"article","og_title":"Spil Euromillions online fra hvor som helst, selv uden for Europa","og_description":"Euromillions Lotteriet er et af de mest eftertragtede lotterier. Du kan spille nu med en onlinebillet, selv om du befinder dig uden for Europa","og_url":"https:\/\/jackpotlotteryonline.com\/play-online\/euromillions\/","og_site_name":"Lotto Online - Crack The International Lottery Jackpots","article_modified_time":"2022-12-30T19:53:57+00:00","og_image":[{"url":"http:\/\/jackpotlotteryonline.com\/wp-content\/uploads\/2022\/10\/2_ticket_euromillions3-111x300.jpg"}],"twitter_card":"summary_large_image","twitter_misc":{"Estimeret l\u00e6setid":"3 minutter"},"schema":{"@context":"https:\/\/schema.org","@graph":[{"@type":"WebPage","@id":"https:\/\/jackpotlotteryonline.com\/play-online\/euromillions\/","url":"https:\/\/jackpotlotteryonline.com\/play-online\/euromillions\/","name":"Spil Euromillions online fra hvor som helst, selv uden for Europa","isPartOf":{"@id":"https:\/\/jackpotlotteryonline.com\/#website"},"primaryImageOfPage":{"@id":"https:\/\/jackpotlotteryonline.com\/play-online\/euromillions\/#primaryimage"},"image":{"@id":"https:\/\/jackpotlotteryonline.com\/play-online\/euromillions\/#primaryimage"},"thumbnailUrl":"http:\/\/jackpotlotteryonline.com\/wp-content\/uploads\/2022\/10\/2_ticket_euromillions3-111x300.jpg","datePublished":"2022-11-03T07:44:07+00:00","dateModified":"2022-12-30T19:53:57+00:00","description":"Euromillions Lotteriet er et af de mest eftertragtede lotterier. Du kan spille nu med en onlinebillet, selv om du befinder dig uden for Europa","breadcrumb":{"@id":"https:\/\/jackpotlotteryonline.com\/play-online\/euromillions\/#breadcrumb"},"inLanguage":"da-DK","potentialAction":[{"@type":"ReadAction","target":["https:\/\/jackpotlotteryonline.com\/play-online\/euromillions\/"]}]},{"@type":"ImageObject","inLanguage":"da-DK","@id":"https:\/\/jackpotlotteryonline.com\/play-online\/euromillions\/#primaryimage","url":"http:\/\/jackpotlotteryonline.com\/wp-content\/uploads\/2022\/10\/2_ticket_euromillions3-111x300.jpg","contentUrl":"http:\/\/jackpotlotteryonline.com\/wp-content\/uploads\/2022\/10\/2_ticket_euromillions3-111x300.jpg"},{"@type":"BreadcrumbList","@id":"https:\/\/jackpotlotteryonline.com\/play-online\/euromillions\/#breadcrumb","itemListElement":[{"@type":"ListItem","position":1,"name":"Home","item":"https:\/\/jackpotlotteryonline.com\/da\/"},{"@type":"ListItem","position":2,"name":"S\u00e5dan spiller du","item":"https:\/\/jackpotlotteryonline.com\/da\/saadan-spiller-du\/"},{"@type":"ListItem","position":3,"name":"Spil Euro Millions"}]},{"@type":"WebSite","@id":"https:\/\/jackpotlotteryonline.com\/#website","url":"https:\/\/jackpotlotteryonline.com\/","name":"Lotto Online - Crack The International Lottery Jackpots","description":"","potentialAction":[{"@type":"SearchAction","target":{"@type":"EntryPoint","urlTemplate":"https:\/\/jackpotlotteryonline.com\/?s={search_term_string}"},"query-input":"required name=search_term_string"}],"inLanguage":"da-DK"}]}},"_links":{"self":[{"href":"https:\/\/jackpotlotteryonline.com\/da\/wp-json\/wp\/v2\/pages\/36003","targetHints":{"allow":["GET"]}}],"collection":[{"href":"https:\/\/jackpotlotteryonline.com\/da\/wp-json\/wp\/v2\/pages"}],"about":[{"href":"https:\/\/jackpotlotteryonline.com\/da\/wp-json\/wp\/v2\/types\/page"}],"author":[{"embeddable":true,"href":"https:\/\/jackpotlotteryonline.com\/da\/wp-json\/wp\/v2\/users\/1"}],"replies":[{"embeddable":true,"href":"https:\/\/jackpotlotteryonline.com\/da\/wp-json\/wp\/v2\/comments?post=36003"}],"version-history":[{"count":0,"href":"https:\/\/jackpotlotteryonline.com\/da\/wp-json\/wp\/v2\/pages\/36003\/revisions"}],"up":[{"embeddable":true,"href":"https:\/\/jackpotlotteryonline.com\/da\/wp-json\/wp\/v2\/pages\/35676"}],"wp:attachment":[{"href":"https:\/\/jackpotlotteryonline.com\/da\/wp-json\/wp\/v2\/media?parent=36003"}],"curies":[{"name":"wp","href":"https:\/\/api.w.org\/{rel}","templated":true}]}}