{"id":36056,"date":"2022-11-03T09:23:11","date_gmt":"2022-11-03T09:23:11","guid":{"rendered":"https:\/\/jackpotlotteryonline.com\/?page_id=36056"},"modified":"2022-12-30T20:38:47","modified_gmt":"2022-12-30T20:38:47","slug":"eurojackpot","status":"publish","type":"page","link":"https:\/\/jackpotlotteryonline.com\/da\/saadan-spiller-du\/eurojackpot\/","title":{"rendered":"EuroJackpot"},"content":{"rendered":"<h2>S\u00e5dan deltager du i Eurojackpot fra et hvilket som helst land<\/h2>\n<p><strong>Eurojackpot<\/strong> er sammen med Euromillions et af de st\u00f8rste og mest popul\u00e6re lotterier i hele Europa og spilles af millioner af mennesker rundt om i verden hver uge. Eurojackpot blev f\u00f8rst oprettet i 1994, men med flere \u00e6ndringer af reglerne og formatet blev det forsinket i nogle \u00e5r, indtil det endelig blev lanceret og klar til at blive spillet i Europa i 2004.<br \/>\n<img loading=\"lazy\" decoding=\"async\" class=\"alignright wp-image-18574\" src=\"https:\/\/jackpotlotteryonline.com\/wp-content\/uploads\/2022\/10\/1_online_ticket_eurojackpot2.jpg\" alt=\"spille eurojackpot online\" width=\"260\" height=\"173\" \/><\/p>\n<p>Lige siden den f\u00f8rste tr\u00e6kning blev afholdt i 2004, har millioner af mennesker spillet dette fantastiske hasardspil, og der har v\u00e6ret mange jackpotvindere, hvoraf nogle har v\u00e6ret s\u00e5 heldige at vinde jackpotgevinster p\u00e5 over 180 millioner euro!<\/p>\n<p>Med en standardjackpotpr\u00e6mie p\u00e5 15 millioner euro, der kan forandre livet, er det ikke underligt, at EuroJackpot ogs\u00e5 spilles online af millioner af mennesker hver eneste uge. Reglerne er meget enkle &#8211; for at spille og vinde jackpotten skal du v\u00e6lge 5 rigtige numre fra 1 til 50, og du skal desuden v\u00e6lge 2 andre rigtige numre, der hedder &#8220;heldige stjerner&#8221;, mellem 1 og 11.<\/p>\n<p><a href=\"https:\/\/jackpotlotteryonline.com\/da\/koeb-billetter\/euromillions\">F\u00e5 din onlinebillet nu<\/a> via vores service &#8211; alle kan deltage og vinde!<\/p>\n<section class=\"layout\" style=\"border: solid 1px; width: 100%;\">\n<div class=\"img-div\" style=\"margin-top: 5px;\"><img decoding=\"async\" class=\"wp-image-17212 alignleft\" style=\"height: 45px; margin: 8px 8px 0px;\" src=\"https:\/\/jackpotlotteryonline.com\/wp-content\/uploads\/2022\/11\/read1.jpg\" alt=\"l\u00e6s\" width=\"\" height=\"\" \/><\/div>\n<div style=\"padding-left: 5px;\">\n<div style=\"font-size: 1.1em;\">\n<p><strong>Hvilket internationalt lotteri er det bedste?<\/strong><\/p>\n<p style=\"font-size: 0.85em; margin-top: -1.5em;\">Hvilket af de internationale lotterier har de bedste odds for at vinde\u00a0 <a href=\"https:\/\/jackpotlotteryonline.com\/da\/hvilket-internationalt-lotteri-er-det-bedste\"> L\u00e6s mere<\/a><\/p>\n<\/div>\n<\/div>\n<\/section>\n<h2>K\u00f8b en billet til EuroJackpot online<\/h2>\n<p><strong>Det gode ved at spille EuroJackpot online<\/strong> er, at der er mange pr\u00e6mier at vinde, s\u00e5 hvis du ikke vinder jackpotten, skal du ikke bekymre dig, da du meget vel stadig kan have en chance for at vinde store kontantpr\u00e6mier. Ud over den store jackpotpr\u00e6mie, som du kan vinde, n\u00e5r du k\u00f8ber en billet til EuroJackpot online, er der 13 forskellige pr\u00e6mier, som du kan vinde.<br \/>\n<img loading=\"lazy\" decoding=\"async\" class=\"alignright size-medium wp-image-18736\" src=\"https:\/\/jackpotlotteryonline.com\/wp-content\/uploads\/2022\/10\/2_ticket_eurojackpot-141x300.jpg\" alt=\"eurojackpot billet\" width=\"141\" height=\"300\" srcset=\"https:\/\/jackpotlotteryonline.com\/wp-content\/uploads\/2022\/10\/2_ticket_eurojackpot-141x300.jpg 141w, https:\/\/jackpotlotteryonline.com\/wp-content\/uploads\/2022\/10\/2_ticket_eurojackpot.jpg 150w\" sizes=\"auto, (max-width: 141px) 100vw, 141px\" \/><\/p>\n<p>Hvis der ikke er nogen vinder af den store jackpot-pr\u00e6mie, ruller Eurojackpot over til en anden uge. Det er derfor, at der tidligere har v\u00e6ret store jackpots p\u00e5 100 millioner euro eller mere. Lotteriet spilles normalt af indbyggere i europ\u00e6iske lande, s\u00e5 hver uge k\u00f8ber deltagere i steder som Storbritannien, Frankrig, Tyskland og Schweiz billetter til EuroJackpot online.<\/p>\n<p>At k\u00f8be en lottokupon online er hurtigt ved at blive den mest popul\u00e6re m\u00e5de at spille Eurojackpot-lotteriet p\u00e5. Reglerne er de samme, men hele processen med at spille er meget hurtigere og nemmere med hensyn til at k\u00f8be din billet. I stedet for at tage ud til din lokale butik for at k\u00f8be en fysisk billet kan du f.eks. blot logge ind p\u00e5 spillesiden og v\u00e6lge dine egne numre fra dit eget hjem eller endda dit kontor i l\u00f8bet af f\u00e5 sekunder.<\/p>\n<p>N\u00e5r du har valgt dine heldige numre, eller endda flere s\u00e6t numre, hvis du virkelig \u00f8nsker at \u00f8ge dine chancer for at vinde, kan du sikkert og trygt betale for din billet online. Efter hver <a href=\"https:\/\/jackpotlotteryonline.com\/da\/vindernumre\/euromillions\">Eurojackpot-lotteridragning<\/a> vil resultaterne blive opdateret online inden for et \u00f8jeblik efter at det sidste nummer er blevet afsl\u00f8ret hver uge. Det betyder, at du blot kan logge ind p\u00e5 din konto igen og se de vindende numre p\u00e5 f\u00e5 sekunder, s\u00e5 du ikke beh\u00f8ver at g\u00e5 p\u00e5 jagt efter resultaterne i aviserne.<\/p>\n<p>Hvad mere er, n\u00e5r du spiller EuroJackpot online hos os, f\u00e5r du ogs\u00e5 automatisk en e-mail, hvis du har matchet nogle numre.<\/p>\n","protected":false},"excerpt":{"rendered":"<p>S\u00e5dan deltager du i Eurojackpot fra et hvilket som helst land Eurojackpot er sammen med Euromillions et af de st\u00f8rste og mest popul\u00e6re lotterier i hele Europa og spilles af millioner af mennesker rundt om i verden hver uge. Eurojackpot blev f\u00f8rst oprettet i 1994, men med flere \u00e6ndringer af reglerne og formatet blev det [&hellip;]<\/p>\n","protected":false},"author":1,"featured_media":0,"parent":35676,"menu_order":4,"comment_status":"closed","ping_status":"closed","template":"eurojackpot.php","meta":{"_et_pb_use_builder":"","_et_pb_old_content":"","_et_gb_content_width":"","exclude_from_search":false,"footnotes":""},"class_list":["post-36056","page","type-page","status-publish","hentry"],"yoast_head":"<!-- This site is optimized with the Yoast SEO plugin v23.3 - https:\/\/yoast.com\/wordpress\/plugins\/seo\/ -->\n<title>Spil Eurojackpot online, selv fra lande uden for Europa<\/title>\n<meta name=\"description\" content=\"At spille Eurojackpot online bringer dig t\u00e6ttere p\u00e5 at blive million\u00e6r!\" \/>\n<meta name=\"robots\" content=\"index, follow, max-snippet:-1, max-image-preview:large, max-video-preview:-1\" \/>\n<link rel=\"canonical\" href=\"https:\/\/jackpotlotteryonline.com\/play-online\/eurojackpot\/\" \/>\n<meta property=\"og:locale\" content=\"da_DK\" \/>\n<meta property=\"og:type\" content=\"article\" \/>\n<meta property=\"og:title\" content=\"Spil Eurojackpot online, selv fra lande uden for Europa\" \/>\n<meta property=\"og:description\" content=\"At spille Eurojackpot online bringer dig t\u00e6ttere p\u00e5 at blive million\u00e6r!\" \/>\n<meta property=\"og:url\" content=\"https:\/\/jackpotlotteryonline.com\/play-online\/eurojackpot\/\" \/>\n<meta property=\"og:site_name\" content=\"Lotto Online - Crack The International Lottery Jackpots\" \/>\n<meta property=\"article:modified_time\" content=\"2022-12-30T20:38:47+00:00\" \/>\n<meta property=\"og:image\" content=\"https:\/\/jackpotlotteryonline.com\/wp-content\/uploads\/2022\/10\/1_online_ticket_eurojackpot2.jpg\" \/>\n<meta name=\"twitter:card\" content=\"summary_large_image\" \/>\n<meta name=\"twitter:label1\" content=\"Estimeret l\u00e6setid\" \/>\n\t<meta name=\"twitter:data1\" content=\"3 minutter\" \/>\n<!-- \/ Yoast SEO plugin. -->","yoast_head_json":{"title":"Spil Eurojackpot online, selv fra lande uden for Europa","description":"At spille Eurojackpot online bringer dig t\u00e6ttere p\u00e5 at blive million\u00e6r!","robots":{"index":"index","follow":"follow","max-snippet":"max-snippet:-1","max-image-preview":"max-image-preview:large","max-video-preview":"max-video-preview:-1"},"canonical":"https:\/\/jackpotlotteryonline.com\/play-online\/eurojackpot\/","og_locale":"da_DK","og_type":"article","og_title":"Spil Eurojackpot online, selv fra lande uden for Europa","og_description":"At spille Eurojackpot online bringer dig t\u00e6ttere p\u00e5 at blive million\u00e6r!","og_url":"https:\/\/jackpotlotteryonline.com\/play-online\/eurojackpot\/","og_site_name":"Lotto Online - Crack The International Lottery Jackpots","article_modified_time":"2022-12-30T20:38:47+00:00","og_image":[{"url":"https:\/\/jackpotlotteryonline.com\/wp-content\/uploads\/2022\/10\/1_online_ticket_eurojackpot2.jpg"}],"twitter_card":"summary_large_image","twitter_misc":{"Estimeret l\u00e6setid":"3 minutter"},"schema":{"@context":"https:\/\/schema.org","@graph":[{"@type":"WebPage","@id":"https:\/\/jackpotlotteryonline.com\/play-online\/eurojackpot\/","url":"https:\/\/jackpotlotteryonline.com\/play-online\/eurojackpot\/","name":"Spil Eurojackpot online, selv fra lande uden for Europa","isPartOf":{"@id":"https:\/\/jackpotlotteryonline.com\/#website"},"primaryImageOfPage":{"@id":"https:\/\/jackpotlotteryonline.com\/play-online\/eurojackpot\/#primaryimage"},"image":{"@id":"https:\/\/jackpotlotteryonline.com\/play-online\/eurojackpot\/#primaryimage"},"thumbnailUrl":"https:\/\/jackpotlotteryonline.com\/wp-content\/uploads\/2022\/10\/1_online_ticket_eurojackpot2.jpg","datePublished":"2022-11-03T09:23:11+00:00","dateModified":"2022-12-30T20:38:47+00:00","description":"At spille Eurojackpot online bringer dig t\u00e6ttere p\u00e5 at blive million\u00e6r!","breadcrumb":{"@id":"https:\/\/jackpotlotteryonline.com\/play-online\/eurojackpot\/#breadcrumb"},"inLanguage":"da-DK","potentialAction":[{"@type":"ReadAction","target":["https:\/\/jackpotlotteryonline.com\/play-online\/eurojackpot\/"]}]},{"@type":"ImageObject","inLanguage":"da-DK","@id":"https:\/\/jackpotlotteryonline.com\/play-online\/eurojackpot\/#primaryimage","url":"https:\/\/jackpotlotteryonline.com\/wp-content\/uploads\/2022\/10\/1_online_ticket_eurojackpot2.jpg","contentUrl":"https:\/\/jackpotlotteryonline.com\/wp-content\/uploads\/2022\/10\/1_online_ticket_eurojackpot2.jpg"},{"@type":"BreadcrumbList","@id":"https:\/\/jackpotlotteryonline.com\/play-online\/eurojackpot\/#breadcrumb","itemListElement":[{"@type":"ListItem","position":1,"name":"Home","item":"https:\/\/jackpotlotteryonline.com\/da\/"},{"@type":"ListItem","position":2,"name":"S\u00e5dan spiller du","item":"https:\/\/jackpotlotteryonline.com\/da\/saadan-spiller-du\/"},{"@type":"ListItem","position":3,"name":"EuroJackpot"}]},{"@type":"WebSite","@id":"https:\/\/jackpotlotteryonline.com\/#website","url":"https:\/\/jackpotlotteryonline.com\/","name":"Lotto Online - Crack The International Lottery Jackpots","description":"","potentialAction":[{"@type":"SearchAction","target":{"@type":"EntryPoint","urlTemplate":"https:\/\/jackpotlotteryonline.com\/?s={search_term_string}"},"query-input":"required name=search_term_string"}],"inLanguage":"da-DK"}]}},"_links":{"self":[{"href":"https:\/\/jackpotlotteryonline.com\/da\/wp-json\/wp\/v2\/pages\/36056","targetHints":{"allow":["GET"]}}],"collection":[{"href":"https:\/\/jackpotlotteryonline.com\/da\/wp-json\/wp\/v2\/pages"}],"about":[{"href":"https:\/\/jackpotlotteryonline.com\/da\/wp-json\/wp\/v2\/types\/page"}],"author":[{"embeddable":true,"href":"https:\/\/jackpotlotteryonline.com\/da\/wp-json\/wp\/v2\/users\/1"}],"replies":[{"embeddable":true,"href":"https:\/\/jackpotlotteryonline.com\/da\/wp-json\/wp\/v2\/comments?post=36056"}],"version-history":[{"count":0,"href":"https:\/\/jackpotlotteryonline.com\/da\/wp-json\/wp\/v2\/pages\/36056\/revisions"}],"up":[{"embeddable":true,"href":"https:\/\/jackpotlotteryonline.com\/da\/wp-json\/wp\/v2\/pages\/35676"}],"wp:attachment":[{"href":"https:\/\/jackpotlotteryonline.com\/da\/wp-json\/wp\/v2\/media?parent=36056"}],"curies":[{"name":"wp","href":"https:\/\/api.w.org\/{rel}","templated":true}]}}