{"id":36109,"date":"2022-11-03T10:54:25","date_gmt":"2022-11-03T10:54:25","guid":{"rendered":"https:\/\/jackpotlotteryonline.com\/?page_id=36109"},"modified":"2022-12-31T07:05:16","modified_gmt":"2022-12-31T07:05:16","slug":"superenalotto","status":"publish","type":"page","link":"https:\/\/jackpotlotteryonline.com\/da\/saadan-spiller-du\/superenalotto\/","title":{"rendered":"SuperEnaLotto Italien"},"content":{"rendered":"<h2>Superenalotto Italia<\/h2>\n<p>Dette er det italienske jackpotlotteri, som blev trukket f\u00f8rste gang den 3. december 1997, og <strong>Superenalotto online jackpotten<\/strong> n\u00e5r meget ofte astronomiske bel\u00f8b. Den tr\u00e6kkes hver tirsdag, torsdag og l\u00f8rdag pr\u00e6cis kl. 20.00. Med de st\u00f8rste jackpotbel\u00f8b involveret, er oddsene for at vinde dette lotteri blandt de laveste. <strong>Superenalotto Italia<\/strong> er kendt for at n\u00e5 jackpotbel\u00f8b p\u00e5 over 250 millioner euro.<\/p>\n<section class=\"layout\" style=\"border: solid 1px; width: 100%;\">\n<div class=\"img-div\" style=\"margin-top: 5px;\"><img decoding=\"async\" class=\"wp-image-17212 alignleft\" style=\"height: 45px; margin: 8px 8px 0px;\" src=\"http:\/\/jackpotlotteryonline.com\/wp-content\/uploads\/2022\/11\/read1.jpg\" alt=\"l\u00e6s\" width=\"\" height=\"\" \/><\/div>\n<div style=\"padding-left: 5px;\">\n<div style=\"font-size: 1.1em;\">\n<p><strong>Europ\u00e6iske Lotterier<\/strong><\/p>\n<p style=\"font-size: 0.85em; margin-top: -1.5em;\">Hvilke europ\u00e6iske lotterier er de bedste?\u00a0<a href=\"https:\/\/jackpotlotteryonline.com\/da\/hvilke-europaeiske-lotterier-er-de-bedste\"> L\u00e6s mere<\/a><\/p>\n<\/div>\n<\/div>\n<\/section>\n<h2>S\u00e5dan fungerer Superenalotto<\/h2>\n<p><img loading=\"lazy\" decoding=\"async\" class=\"alignright wp-image-17735\" src=\"http:\/\/jackpotlotteryonline.com\/wp-content\/uploads\/2022\/10\/logo_superenalotto.png\" alt=\"spil superenalotto online\" width=\"168\" height=\"178\" \/><\/p>\n<p><strong>Superenalotto<\/strong> indeb\u00e6rer, at man skal matche 6 ud af 90 tal. <a href=\"http:\/\/jackpotlotteryonline.com\/da\/vindernumre\/superenalotto\">Hovedtr\u00e6kningen<\/a> omfatter lodtr\u00e6kningen for alle 6 numre, der omfatter Jolly-nummeret, og derefter finder der en anden og uafh\u00e6ngig lodtr\u00e6kning sted for Superstar-nummeret. For at have en chance for at vinde noget ved <strong>Superenalotto Italia<\/strong> skal man have mindst 3 rigtige tal, og oddsene for at opn\u00e5 dette er 1 ud af 327. For at vinde jackpotten er oddsene 1 ud af 622 millioner.<\/p>\n<p>Superstar-nummeret koster ekstra at spille, men hvis du er spillet og heldig nok til at ramme det, kan det \u00f8ge pr\u00e6miepengene 100 gange. Hvis du matcher Superstar-nummeret og ikke matcher de seks grundtal, kan du faktisk ogs\u00e5 g\u00e5 derfra med et fast bel\u00f8b i pr\u00e6miepenge.<\/p>\n<h2>Hvad kan du vinde med Superenalotto Jackpot?<\/h2>\n<p>I \u00e5r 2022 er der i \u00f8jeblikket den st\u00f8rste jackpot nogensinde ved <strong>Superenalotto Italia, som i \u00f8jeblikket er p\u00e5<\/strong> 295 millioner euro. Det er langt den st\u00f8rste jackpot, der er vundet i Italiens lottohistorie, og p\u00e5 det tidspunkt, hvor denne side opdateres, er der endnu ikke fundet nogen vinder!<br \/>\n<img loading=\"lazy\" decoding=\"async\" class=\"alignright size-medium wp-image-19493\" src=\"http:\/\/jackpotlotteryonline.com\/wp-content\/uploads\/2022\/10\/2_ticket_superenalotto4-211x300.jpg\" alt=\"superenalotto billet\" width=\"211\" height=\"300\" srcset=\"https:\/\/jackpotlotteryonline.com\/wp-content\/uploads\/2022\/10\/2_ticket_superenalotto4-211x300.jpg 211w, https:\/\/jackpotlotteryonline.com\/wp-content\/uploads\/2022\/10\/2_ticket_superenalotto4.jpg 300w\" sizes=\"auto, (max-width: 211px) 100vw, 211px\" \/><\/p>\n<p>Der er dog ingen grund til at lade sig nedsl\u00e5. Faktisk er det s\u00e5dan, at jo h\u00f8jere oddsene er, jo h\u00f8jere er den jackpot, der kan vindes, og jo bedre er adrenalinsuset. Lotteriet har altid v\u00e6ret et tilf\u00e6ldigt spil, og der er gode chancer for, at du er den n\u00e6ste heldige.<\/p>\n<p>Det bedste aspekt af <strong>Superena lotteriet online jackpot<\/strong> er, at alle fra hele verden kan deltage i det, selv fra lande uden for Italien, og det eneste grundlag for deltagelse er, at man skal v\u00e6re 18+ \u00e5r gammel. <strong>Vores hjemmesid<\/strong>e giver dig den <a href=\"https:\/\/jackpotlotteryonline.com\/da\/koeb-billetter\/superenalotto\">bedste chance for at vinde<strong> Superenalotto Italia<\/strong>,<\/a> og hvis du ikke har spillet det endnu, s\u00e5 presser du dit held det forkerte sted hen.<\/p>\n<p>N\u00e5r du er tilmeldt p\u00e5 vores hjemmeside, og du har bekr\u00e6ftet dine legitimationsoplysninger, er det eneste, du skal g\u00f8re, at v\u00e6lge dine numre og foretage betalingen for at sikre dig, at du har booket din plads i bussen til millioner. Vores lokale repr\u00e6sentant vil k\u00f8be din billet lokalt med de numre, du har angivet, og vil s\u00f8rge for, at du kan se en scanning af billetten kort tid efter.<\/p>\n<p>Mens det er et sp\u00f8rgsm\u00e5l om ugunstige odds at vinde <strong>Superenalotto Italia<\/strong>, kan du ogs\u00e5 tjekke de andre lotterier i hele verden, som du kan spille online med hj\u00e6lp fra vores service.<\/p>\n<p>V\u00e6lg dine yndlingsspil og f\u00e5 dine gevinstprocenter op ved at deltage i f\u00e6llesskabet af vores brugere i dag. Det er p\u00e5 tide, at du s\u00e6tter dit held p\u00e5 den ultimative pr\u00f8ve.<\/p>\n","protected":false},"excerpt":{"rendered":"<p>Superenalotto Italia Dette er det italienske jackpotlotteri, som blev trukket f\u00f8rste gang den 3. december 1997, og Superenalotto online jackpotten n\u00e5r meget ofte astronomiske bel\u00f8b. Den tr\u00e6kkes hver tirsdag, torsdag og l\u00f8rdag pr\u00e6cis kl. 20.00. Med de st\u00f8rste jackpotbel\u00f8b involveret, er oddsene for at vinde dette lotteri blandt de laveste. Superenalotto Italia er kendt for [&hellip;]<\/p>\n","protected":false},"author":1,"featured_media":0,"parent":35676,"menu_order":5,"comment_status":"closed","ping_status":"closed","template":"superenalotto.php","meta":{"_et_pb_use_builder":"","_et_pb_old_content":"","_et_gb_content_width":"","exclude_from_search":false,"footnotes":""},"class_list":["post-36109","page","type-page","status-publish","hentry"],"yoast_head":"<!-- This site is optimized with the Yoast SEO plugin v23.3 - https:\/\/yoast.com\/wordpress\/plugins\/seo\/ -->\n<title>Spil SuperEnaLotto online fra uden for Italien<\/title>\n<meta name=\"description\" content=\"Superenalotto kan synes at v\u00e6re en h\u00e5rd n\u00f8d at kn\u00e6kke, men hvis du rammer jackpotten, vinder du stort. Spil Superenalotto fra uden for Italien her!\" \/>\n<meta name=\"robots\" content=\"index, follow, max-snippet:-1, max-image-preview:large, max-video-preview:-1\" \/>\n<link rel=\"canonical\" href=\"https:\/\/jackpotlotteryonline.com\/play-online\/superenalotto\/\" \/>\n<meta property=\"og:locale\" content=\"da_DK\" \/>\n<meta property=\"og:type\" content=\"article\" \/>\n<meta property=\"og:title\" content=\"Spil SuperEnaLotto online fra uden for Italien\" \/>\n<meta property=\"og:description\" content=\"Superenalotto kan synes at v\u00e6re en h\u00e5rd n\u00f8d at kn\u00e6kke, men hvis du rammer jackpotten, vinder du stort. Spil Superenalotto fra uden for Italien her!\" \/>\n<meta property=\"og:url\" content=\"https:\/\/jackpotlotteryonline.com\/play-online\/superenalotto\/\" \/>\n<meta property=\"og:site_name\" content=\"Lotto Online - Crack The International Lottery Jackpots\" \/>\n<meta property=\"article:modified_time\" content=\"2022-12-31T07:05:16+00:00\" \/>\n<meta property=\"og:image\" content=\"http:\/\/jackpotlotteryonline.com\/wp-content\/uploads\/2022\/11\/read1.jpg\" \/>\n<meta name=\"twitter:card\" content=\"summary_large_image\" \/>\n<meta name=\"twitter:label1\" content=\"Estimeret l\u00e6setid\" \/>\n\t<meta name=\"twitter:data1\" content=\"3 minutter\" \/>\n<!-- \/ Yoast SEO plugin. -->","yoast_head_json":{"title":"Spil SuperEnaLotto online fra uden for Italien","description":"Superenalotto kan synes at v\u00e6re en h\u00e5rd n\u00f8d at kn\u00e6kke, men hvis du rammer jackpotten, vinder du stort. Spil Superenalotto fra uden for Italien her!","robots":{"index":"index","follow":"follow","max-snippet":"max-snippet:-1","max-image-preview":"max-image-preview:large","max-video-preview":"max-video-preview:-1"},"canonical":"https:\/\/jackpotlotteryonline.com\/play-online\/superenalotto\/","og_locale":"da_DK","og_type":"article","og_title":"Spil SuperEnaLotto online fra uden for Italien","og_description":"Superenalotto kan synes at v\u00e6re en h\u00e5rd n\u00f8d at kn\u00e6kke, men hvis du rammer jackpotten, vinder du stort. Spil Superenalotto fra uden for Italien her!","og_url":"https:\/\/jackpotlotteryonline.com\/play-online\/superenalotto\/","og_site_name":"Lotto Online - Crack The International Lottery Jackpots","article_modified_time":"2022-12-31T07:05:16+00:00","og_image":[{"url":"http:\/\/jackpotlotteryonline.com\/wp-content\/uploads\/2022\/11\/read1.jpg"}],"twitter_card":"summary_large_image","twitter_misc":{"Estimeret l\u00e6setid":"3 minutter"},"schema":{"@context":"https:\/\/schema.org","@graph":[{"@type":"WebPage","@id":"https:\/\/jackpotlotteryonline.com\/play-online\/superenalotto\/","url":"https:\/\/jackpotlotteryonline.com\/play-online\/superenalotto\/","name":"Spil SuperEnaLotto online fra uden for Italien","isPartOf":{"@id":"https:\/\/jackpotlotteryonline.com\/#website"},"primaryImageOfPage":{"@id":"https:\/\/jackpotlotteryonline.com\/play-online\/superenalotto\/#primaryimage"},"image":{"@id":"https:\/\/jackpotlotteryonline.com\/play-online\/superenalotto\/#primaryimage"},"thumbnailUrl":"http:\/\/jackpotlotteryonline.com\/wp-content\/uploads\/2022\/11\/read1.jpg","datePublished":"2022-11-03T10:54:25+00:00","dateModified":"2022-12-31T07:05:16+00:00","description":"Superenalotto kan synes at v\u00e6re en h\u00e5rd n\u00f8d at kn\u00e6kke, men hvis du rammer jackpotten, vinder du stort. Spil Superenalotto fra uden for Italien her!","breadcrumb":{"@id":"https:\/\/jackpotlotteryonline.com\/play-online\/superenalotto\/#breadcrumb"},"inLanguage":"da-DK","potentialAction":[{"@type":"ReadAction","target":["https:\/\/jackpotlotteryonline.com\/play-online\/superenalotto\/"]}]},{"@type":"ImageObject","inLanguage":"da-DK","@id":"https:\/\/jackpotlotteryonline.com\/play-online\/superenalotto\/#primaryimage","url":"http:\/\/jackpotlotteryonline.com\/wp-content\/uploads\/2022\/11\/read1.jpg","contentUrl":"http:\/\/jackpotlotteryonline.com\/wp-content\/uploads\/2022\/11\/read1.jpg"},{"@type":"BreadcrumbList","@id":"https:\/\/jackpotlotteryonline.com\/play-online\/superenalotto\/#breadcrumb","itemListElement":[{"@type":"ListItem","position":1,"name":"Home","item":"https:\/\/jackpotlotteryonline.com\/da\/"},{"@type":"ListItem","position":2,"name":"S\u00e5dan spiller du","item":"https:\/\/jackpotlotteryonline.com\/da\/saadan-spiller-du\/"},{"@type":"ListItem","position":3,"name":"SuperEnaLotto Italien"}]},{"@type":"WebSite","@id":"https:\/\/jackpotlotteryonline.com\/#website","url":"https:\/\/jackpotlotteryonline.com\/","name":"Lotto Online - Crack The International Lottery Jackpots","description":"","potentialAction":[{"@type":"SearchAction","target":{"@type":"EntryPoint","urlTemplate":"https:\/\/jackpotlotteryonline.com\/?s={search_term_string}"},"query-input":"required name=search_term_string"}],"inLanguage":"da-DK"}]}},"_links":{"self":[{"href":"https:\/\/jackpotlotteryonline.com\/da\/wp-json\/wp\/v2\/pages\/36109","targetHints":{"allow":["GET"]}}],"collection":[{"href":"https:\/\/jackpotlotteryonline.com\/da\/wp-json\/wp\/v2\/pages"}],"about":[{"href":"https:\/\/jackpotlotteryonline.com\/da\/wp-json\/wp\/v2\/types\/page"}],"author":[{"embeddable":true,"href":"https:\/\/jackpotlotteryonline.com\/da\/wp-json\/wp\/v2\/users\/1"}],"replies":[{"embeddable":true,"href":"https:\/\/jackpotlotteryonline.com\/da\/wp-json\/wp\/v2\/comments?post=36109"}],"version-history":[{"count":0,"href":"https:\/\/jackpotlotteryonline.com\/da\/wp-json\/wp\/v2\/pages\/36109\/revisions"}],"up":[{"embeddable":true,"href":"https:\/\/jackpotlotteryonline.com\/da\/wp-json\/wp\/v2\/pages\/35676"}],"wp:attachment":[{"href":"https:\/\/jackpotlotteryonline.com\/da\/wp-json\/wp\/v2\/media?parent=36109"}],"curies":[{"name":"wp","href":"https:\/\/api.w.org\/{rel}","templated":true}]}}