{"id":36163,"date":"2022-11-03T14:18:59","date_gmt":"2022-11-03T14:18:59","guid":{"rendered":"https:\/\/jackpotlotteryonline.com\/?page_id=36163"},"modified":"2023-01-03T08:19:36","modified_gmt":"2023-01-03T08:19:36","slug":"spil-el-gordo-lotto-spanien","status":"publish","type":"page","link":"https:\/\/jackpotlotteryonline.com\/da\/saadan-spiller-du\/spil-el-gordo-lotto-spanien\/","title":{"rendered":"Spil El Gordo Lotto Spanien"},"content":{"rendered":"<h2>El Gordo Online Lotto Jackpot<\/h2>\n<p><img loading=\"lazy\" decoding=\"async\" class=\"alignright wp-image-18709\" src=\"https:\/\/jackpotlotteryonline.com\/wp-content\/uploads\/2022\/10\/2_ticket_el_gordo3-218x300.jpg\" alt=\"el gordo billet\" width=\"174\" height=\"239\" srcset=\"https:\/\/jackpotlotteryonline.com\/wp-content\/uploads\/2022\/10\/2_ticket_el_gordo3-218x300.jpg 218w, https:\/\/jackpotlotteryonline.com\/wp-content\/uploads\/2022\/10\/2_ticket_el_gordo3.jpg 570w\" sizes=\"auto, (max-width: 174px) 100vw, 174px\" \/><\/p>\n<p>Den gennemsnitlige spanier brugte et fantastisk bel\u00f8b p\u00e5 60 euro p\u00e5 El Gordo lotto jackpotten i 2009. Tja, tallet \u20ac60 virker m\u00e5ske ikke som noget s\u00e6rligt, men hvis du ganger det med den spanske befolkning, kan du blive lamsl\u00e5et. El Gordo-lotteriet er bedst kendt for Spaniens julelotterieudgave, men det er ogs\u00e5 en ugentlig begivenhed.<\/p>\n<p>Det er et lotteri med<a href=\"https:\/\/jackpotlotteryonline.com\/da\/vindernumre\/el-gordo-draw-results\"> \u00e9n tr\u00e6kning om ugen (hver s\u00f8ndag),<\/a> og du skal v\u00e6lge 5 numre ud af en r\u00e6kke p\u00e5 54 numre. Navnet El Gordo er i \u00f8vrigt spansk og betyder &#8220;Den store&#8221;.<\/p>\n<h2>El Gordo-juletr\u00e6kningen<\/h2>\n<p>El Gordo Navidad, der spilles en gang om \u00e5ret ved juletid, adskiller sig meget fra de andre sammenlignelige lotterier i verden, da der kun er 85000 lottotal til r\u00e5dighed (fra 00000 til 84999), og lodtr\u00e6kningen er en meget speciel begivenhed, der tager lang tid at s\u00e6tte op og gennemf\u00f8re.<\/p>\n<section class=\"layout\" style=\"border: solid 1px; width: 100%;\">\n<div class=\"img-div\" style=\"margin-top: 5px;\"><img decoding=\"async\" class=\"wp-image-17212 alignleft\" style=\"height: 45px; margin: 8px 8px 0px;\" src=\"https:\/\/jackpotlotteryonline.com\/wp-content\/uploads\/2022\/11\/read1.jpg\" alt=\"l\u00e6s\" width=\"\" height=\"\" \/><\/div>\n<div style=\"padding-left: 5px;\">\n<div style=\"font-size: 1.1em;\">\n<p><strong>G\u00e5 ikke glip af tidspunkterne for tr\u00e6kning af verdens st\u00f8rste jackpots i lotteriet<\/strong><\/p>\n<p style=\"font-size: 0.85em; margin-top: -1.5em;\">En liste over tr\u00e6kningstider for de internationale lotterier <a href=\"https:\/\/jackpotlotteryonline.com\/da\/hvornaar-er-der-traekningstidspunkter-for-de-internationale-lotterier\">L\u00e6s mere<\/a><\/p>\n<\/div>\n<\/div>\n<\/section>\n<h2>Hvorfor er jule-El Gordo enest\u00e5ende?<\/h2>\n<p><img loading=\"lazy\" decoding=\"async\" class=\"alignright size-full wp-image-17870\" src=\"https:\/\/jackpotlotteryonline.com\/wp-content\/uploads\/2022\/10\/lotto_euros.jpg\" alt=\"vinde jul El Gordo\" width=\"225\" height=\"134\" \/><\/p>\n<p>Selve lodtr\u00e6kningen er meget unik og anderledes. Der er n\u00e6ppe nogen maskiner eller teknologi involveret. En stor kugle er fyldt med tr\u00e6kugler, som hver is\u00e6r har et af de femcifrede tal p\u00e5 sig. En anden kugle indeholder kuglerne med pr\u00e6mierne. Tr\u00e6kningen foretages af to b\u00f8rn, der tager en kugle fra hver kugle, som definerer det vindende nummer og den pr\u00e6mie, som dette nummer har vundet.<\/p>\n<p>El Gordo Online-lottojackpotten, der udelukkende tr\u00e6kkes af menneskeh\u00e6nder, er meget unik og en af de mest eftertragtede p\u00e5 det europ\u00e6iske fastland. Der er tre toppr\u00e6mier og over 1000 mindre pr\u00e6mier, og numre, der delvist matcher de tre \u00f8verste pr\u00e6mietal, vinder ogs\u00e5 noget. S\u00e5 det \u00f8ger chancerne for at vinde en hel del.<\/p>\n<p>El Gordo er en af de st\u00f8rste lotterijackpots i verden med en samlet pr\u00e6mie p\u00e5 over 3 milliarder euro hvert \u00e5r (fra nu af, og det er st\u00f8t stigende). Du beh\u00f8ver ikke at v\u00e6re spansk eller europ\u00e6isk statsborger, alle over 18 \u00e5r kan spille El Gordo Lotto.<\/p>\n<h2>Hvordan og hvorfor skal du spille El Gordo Online?<\/h2>\n<p>Tilmeld dig p\u00e5 vores hjemmeside i dag for at sikre dig, at du booker din plads til rigdom. Vi vil hj\u00e6lpe spillere fra lande uden for Spanien med at deltage i El Gordo Lotteriet. Alt du skal g\u00f8re er at oprette din konto, v\u00e6lge dine numre og gennemf\u00f8re betalingen. Derefter s\u00f8rger vi for, at der bliver <a href=\"https:\/\/jackpotlotteryonline.com\/da\/koeb-billetter\/el-gordo\">k\u00f8bt en billet p\u00e5 dine vegne til El Gordo lotto jackpotten<\/a>. Lodden med dine valgte numre bliver scannet for dig, og hvis du vinder en formue, hj\u00e6lper vi ogs\u00e5 med at s\u00f8rge for, at pengene kommer til dig s\u00e5 hurtigt som muligt. Det anbefales, at du bestiller din billet med dine yndlingsnumre i dag.<\/p>\n","protected":false},"excerpt":{"rendered":"<p>El Gordo Online Lotto Jackpot Den gennemsnitlige spanier brugte et fantastisk bel\u00f8b p\u00e5 60 euro p\u00e5 El Gordo lotto jackpotten i 2009. Tja, tallet \u20ac60 virker m\u00e5ske ikke som noget s\u00e6rligt, men hvis du ganger det med den spanske befolkning, kan du blive lamsl\u00e5et. El Gordo-lotteriet er bedst kendt for Spaniens julelotterieudgave, men det er [&hellip;]<\/p>\n","protected":false},"author":1,"featured_media":0,"parent":35676,"menu_order":6,"comment_status":"closed","ping_status":"closed","template":"el-gordo.php","meta":{"_et_pb_use_builder":"","_et_pb_old_content":"","_et_gb_content_width":"","exclude_from_search":false,"footnotes":""},"class_list":["post-36163","page","type-page","status-publish","hentry"],"yoast_head":"<!-- This site is optimized with the Yoast SEO plugin v23.3 - https:\/\/yoast.com\/wordpress\/plugins\/seo\/ -->\n<title>Spil Spaniens El Gordo Lotto online - ogs\u00e5 fra lande uden for Spanien<\/title>\n<meta name=\"description\" content=\"El Gordo Online Lotto Jackpot er en af de st\u00f8rste jackpots i verden og kan spilles online fra lande uden for Spanien.\" \/>\n<meta name=\"robots\" content=\"index, follow, max-snippet:-1, max-image-preview:large, max-video-preview:-1\" \/>\n<link rel=\"canonical\" href=\"https:\/\/jackpotlotteryonline.com\/play-online\/el-gordo\/\" \/>\n<meta property=\"og:locale\" content=\"da_DK\" \/>\n<meta property=\"og:type\" content=\"article\" \/>\n<meta property=\"og:title\" content=\"Spil Spaniens El Gordo Lotto online - ogs\u00e5 fra lande uden for Spanien\" \/>\n<meta property=\"og:description\" content=\"El Gordo Online Lotto Jackpot er en af de st\u00f8rste jackpots i verden og kan spilles online fra lande uden for Spanien.\" \/>\n<meta property=\"og:url\" content=\"https:\/\/jackpotlotteryonline.com\/play-online\/el-gordo\/\" \/>\n<meta property=\"og:site_name\" content=\"Lotto Online - Crack The International Lottery Jackpots\" \/>\n<meta property=\"article:modified_time\" content=\"2023-01-03T08:19:36+00:00\" \/>\n<meta property=\"og:image\" content=\"https:\/\/jackpotlotteryonline.com\/wp-content\/uploads\/2022\/10\/2_ticket_el_gordo3-218x300.jpg\" \/>\n<meta name=\"twitter:card\" content=\"summary_large_image\" \/>\n<meta name=\"twitter:label1\" content=\"Estimeret l\u00e6setid\" \/>\n\t<meta name=\"twitter:data1\" content=\"3 minutter\" \/>\n<!-- \/ Yoast SEO plugin. -->","yoast_head_json":{"title":"Spil Spaniens El Gordo Lotto online - ogs\u00e5 fra lande uden for Spanien","description":"El Gordo Online Lotto Jackpot er en af de st\u00f8rste jackpots i verden og kan spilles online fra lande uden for Spanien.","robots":{"index":"index","follow":"follow","max-snippet":"max-snippet:-1","max-image-preview":"max-image-preview:large","max-video-preview":"max-video-preview:-1"},"canonical":"https:\/\/jackpotlotteryonline.com\/play-online\/el-gordo\/","og_locale":"da_DK","og_type":"article","og_title":"Spil Spaniens El Gordo Lotto online - ogs\u00e5 fra lande uden for Spanien","og_description":"El Gordo Online Lotto Jackpot er en af de st\u00f8rste jackpots i verden og kan spilles online fra lande uden for Spanien.","og_url":"https:\/\/jackpotlotteryonline.com\/play-online\/el-gordo\/","og_site_name":"Lotto Online - Crack The International Lottery Jackpots","article_modified_time":"2023-01-03T08:19:36+00:00","og_image":[{"url":"https:\/\/jackpotlotteryonline.com\/wp-content\/uploads\/2022\/10\/2_ticket_el_gordo3-218x300.jpg"}],"twitter_card":"summary_large_image","twitter_misc":{"Estimeret l\u00e6setid":"3 minutter"},"schema":{"@context":"https:\/\/schema.org","@graph":[{"@type":"WebPage","@id":"https:\/\/jackpotlotteryonline.com\/play-online\/el-gordo\/","url":"https:\/\/jackpotlotteryonline.com\/play-online\/el-gordo\/","name":"Spil Spaniens El Gordo Lotto online - ogs\u00e5 fra lande uden for Spanien","isPartOf":{"@id":"https:\/\/jackpotlotteryonline.com\/#website"},"primaryImageOfPage":{"@id":"https:\/\/jackpotlotteryonline.com\/play-online\/el-gordo\/#primaryimage"},"image":{"@id":"https:\/\/jackpotlotteryonline.com\/play-online\/el-gordo\/#primaryimage"},"thumbnailUrl":"https:\/\/jackpotlotteryonline.com\/wp-content\/uploads\/2022\/10\/2_ticket_el_gordo3-218x300.jpg","datePublished":"2022-11-03T14:18:59+00:00","dateModified":"2023-01-03T08:19:36+00:00","description":"El Gordo Online Lotto Jackpot er en af de st\u00f8rste jackpots i verden og kan spilles online fra lande uden for Spanien.","breadcrumb":{"@id":"https:\/\/jackpotlotteryonline.com\/play-online\/el-gordo\/#breadcrumb"},"inLanguage":"da-DK","potentialAction":[{"@type":"ReadAction","target":["https:\/\/jackpotlotteryonline.com\/play-online\/el-gordo\/"]}]},{"@type":"ImageObject","inLanguage":"da-DK","@id":"https:\/\/jackpotlotteryonline.com\/play-online\/el-gordo\/#primaryimage","url":"https:\/\/jackpotlotteryonline.com\/wp-content\/uploads\/2022\/10\/2_ticket_el_gordo3-218x300.jpg","contentUrl":"https:\/\/jackpotlotteryonline.com\/wp-content\/uploads\/2022\/10\/2_ticket_el_gordo3-218x300.jpg"},{"@type":"BreadcrumbList","@id":"https:\/\/jackpotlotteryonline.com\/play-online\/el-gordo\/#breadcrumb","itemListElement":[{"@type":"ListItem","position":1,"name":"Home","item":"https:\/\/jackpotlotteryonline.com\/da\/"},{"@type":"ListItem","position":2,"name":"S\u00e5dan spiller du","item":"https:\/\/jackpotlotteryonline.com\/da\/saadan-spiller-du\/"},{"@type":"ListItem","position":3,"name":"Spil El Gordo Lotto Spanien"}]},{"@type":"WebSite","@id":"https:\/\/jackpotlotteryonline.com\/#website","url":"https:\/\/jackpotlotteryonline.com\/","name":"Lotto Online - Crack The International Lottery Jackpots","description":"","potentialAction":[{"@type":"SearchAction","target":{"@type":"EntryPoint","urlTemplate":"https:\/\/jackpotlotteryonline.com\/?s={search_term_string}"},"query-input":"required name=search_term_string"}],"inLanguage":"da-DK"}]}},"_links":{"self":[{"href":"https:\/\/jackpotlotteryonline.com\/da\/wp-json\/wp\/v2\/pages\/36163","targetHints":{"allow":["GET"]}}],"collection":[{"href":"https:\/\/jackpotlotteryonline.com\/da\/wp-json\/wp\/v2\/pages"}],"about":[{"href":"https:\/\/jackpotlotteryonline.com\/da\/wp-json\/wp\/v2\/types\/page"}],"author":[{"embeddable":true,"href":"https:\/\/jackpotlotteryonline.com\/da\/wp-json\/wp\/v2\/users\/1"}],"replies":[{"embeddable":true,"href":"https:\/\/jackpotlotteryonline.com\/da\/wp-json\/wp\/v2\/comments?post=36163"}],"version-history":[{"count":0,"href":"https:\/\/jackpotlotteryonline.com\/da\/wp-json\/wp\/v2\/pages\/36163\/revisions"}],"up":[{"embeddable":true,"href":"https:\/\/jackpotlotteryonline.com\/da\/wp-json\/wp\/v2\/pages\/35676"}],"wp:attachment":[{"href":"https:\/\/jackpotlotteryonline.com\/da\/wp-json\/wp\/v2\/media?parent=36163"}],"curies":[{"name":"wp","href":"https:\/\/api.w.org\/{rel}","templated":true}]}}