{"id":36226,"date":"2022-11-04T07:47:18","date_gmt":"2022-11-04T07:47:18","guid":{"rendered":"https:\/\/jackpotlotteryonline.com\/?page_id=36226"},"modified":"2022-12-31T10:28:21","modified_gmt":"2022-12-31T10:28:21","slug":"france-lotto","status":"publish","type":"page","link":"https:\/\/jackpotlotteryonline.com\/da\/saadan-spiller-du\/france-lotto\/","title":{"rendered":"Spil p\u00e5 det franske lotteri"},"content":{"rendered":"<h2>Frankrig Lotto online<\/h2>\n<p><img loading=\"lazy\" decoding=\"async\" class=\"alignright size-full wp-image-18410\" src=\"http:\/\/jackpotlotteryonline.com\/wp-content\/uploads\/2022\/10\/win_big.jpg\" alt=\"Deltag i France Lotto online\" width=\"224\" height=\"134\" \/><\/p>\n<p>France Lotto er et af de \u00e6ldste organiserede europ\u00e6iske lotterier og organiseres og forvaltes af Francaise des Jeux Group. Det er meget popul\u00e6rt i Frankrig og andre dele af Europa. Da franskm\u00e6ndene er meget passionerede fans af hasardspil, tr\u00e6kkes <a href=\"https:\/\/jackpotlotteryonline.com\/da\/vindernumre\/france-lotto-2\">France Lotto online tre gange om ugen (mandage, onsdage og l\u00f8rdage)<\/a> i mods\u00e6tning til de fleste andre europ\u00e6iske lotterier, som kun tr\u00e6kkes to gange om ugen. De samlede pr\u00e6mier, der uddeles af French Lotto, ansl\u00e5s til over 4,4 milliarder om \u00e5ret, og det kommer med en stor jackpot.<\/p>\n<p>Du beh\u00f8ver ikke at v\u00e6re bosiddende i Frankrig &#8211; <strong>det er muligt at spille det franske lotto fra udlandet online med vores hj\u00e6lp.<\/strong><\/p>\n<p>Sammenlignet med andre europ\u00e6iske lotterier oplever det franske lotto online en stor stigning i de jackpots, som det tilbyder, da jackpotten stiger med en million euro. Med tre ugentlige tr\u00e6kninger akkumuleres den og stiger ret hurtigt, indtil den vindes. Det faktum, at jackpotten ikke t\u00e6ller som den h\u00f8jeste blandt lotterier, beviser, at jackpotten vindes mere end i andre lotterier.<\/p>\n<p>France Lotto online siges at have skabt flere million\u00e6rer end de fleste andre sammenlignelige lotterier i Europa. Du b\u00f8r tage dine chancer og<a href=\"https:\/\/jackpotlotteryonline.com\/da\/koeb-billetter\/lotto-france\"> k\u00f8be en billet online til France Lotto<\/a> og blive den n\u00e6ste million\u00e6r.<\/p>\n<p>Vi er her for at hj\u00e6lpe dig med at spille Frankrig Lotto online. At spille dette spil er lige s\u00e5 simpelt som ABC, og de vil hj\u00e6lpe dig hele vejen igennem.<\/p>\n<section class=\"layout\" style=\"border: solid 1px; width: 100%;\">\n<div class=\"img-div\" style=\"margin-top: 5px;\"><img decoding=\"async\" class=\"wp-image-17212 alignleft\" style=\"height: 45px; margin: 8px 8px 0px;\" src=\"http:\/\/jackpotlotteryonline.com\/wp-content\/uploads\/2022\/11\/read1.jpg\" alt=\"l\u00e6s\" width=\"\" height=\"\" \/><\/div>\n<div style=\"padding-left: 5px;\">\n<div style=\"font-size: 1.1em;\">\n<p><strong>Se dine lottotal blive trukket live<\/strong><\/p>\n<p style=\"font-size: 0.85em; margin-top: -1.5em;\">S\u00e5dan ser du live-tr\u00e6kningerne af dine yndlingslotterier\u00a0 <a href=\"https:\/\/jackpotlotteryonline.com\/da\/se-dine-lodtraekningsnumre-blive-trukket-live\">L\u00e6s mere<\/a><\/p>\n<\/div>\n<\/div>\n<\/section>\n<h2>Hvordan spiller man France Lotto online?<\/h2>\n<p><img loading=\"lazy\" decoding=\"async\" class=\"alignright wp-image-27131\" src=\"http:\/\/jackpotlotteryonline.com\/wp-content\/uploads\/2022\/11\/1_jckpot_win_online.jpg\" alt=\"fransk lotteri jackpot\" width=\"159\" height=\"159\" srcset=\"https:\/\/jackpotlotteryonline.com\/wp-content\/uploads\/2022\/11\/1_jckpot_win_online.jpg 300w, https:\/\/jackpotlotteryonline.com\/wp-content\/uploads\/2022\/11\/1_jckpot_win_online-100x100.jpg 100w, https:\/\/jackpotlotteryonline.com\/wp-content\/uploads\/2022\/11\/1_jckpot_win_online-150x150.jpg 150w\" sizes=\"auto, (max-width: 159px) 100vw, 159px\" \/><\/p>\n<p>Som ethvert andet lotteri indeb\u00e6rer Frankrig lotto at v\u00e6lge 5 numre fra 49 og et enkelt nummer fra en anden gruppe p\u00e5 10 numre. Det er nemt at k\u00f8be en billet, n\u00e5r du bestiller gennem os, vil vi k\u00f8be en billet p\u00e5 dine vegne. Lige efter k\u00f8bet kan du se de numre, du har valgt, p\u00e5 din konto, og lidt senere vil en scanning af din post ogs\u00e5 v\u00e6re synlig p\u00e5 din konto.<\/p>\n<p>Hvis du er skeptisk over for at v\u00e6lge tallene, har vi ogs\u00e5 en lottotalgenerator, og Quick Pick-muligheden i France Lotto online giver mulighed for at spille tilf\u00e6ldige tal.<\/p>\n<p>Du skal v\u00e6re over 18 \u00e5r for at k\u00f8be en France Lotto online billet, og f\u00f8r du g\u00f8r det gennem os, kan du lave lidt research p\u00e5 tidligere resultater, for at hj\u00e6lpe dig med at v\u00e6lge dine helt egne heldige tal.<\/p>\n<h2>Afhentning af dine pr\u00e6mier fra France lotto online<\/h2>\n<p>Udover jackpotten tilbyder France Lotto online ogs\u00e5 andre pr\u00e6mier for matchende numre. I mods\u00e6tning til amerikanske lotterier udbetales pr\u00e6mierne fuldt ud og kontant. Du skal g\u00f8re dine krav g\u00e6ldende inden for 2 m\u00e5neder fra datoen for tr\u00e6kningen, hvilket vi vil hj\u00e6lpe dig med. Pr\u00e6miepenge under 2500 euro vil blive krediteret din konto p\u00e5 vores websted. Pr\u00e6miepenge over dette bel\u00f8b skal henvises til Francaise des Jeux betalingscenter.<\/p>\n<p>Hvis du spiller gennem os, hj\u00e6lper vi dig ogs\u00e5 med at hente dine pr\u00e6mier ved at g\u00f8re krav p\u00e5 dine vegne og s\u00f8rge for, at pr\u00e6mien leveres til dig s\u00e5 hurtigt som muligt. Kom og registrer dig gratis i dag og g\u00f8r krav p\u00e5 uforudsete fordele&#8230;!<\/p>\n<p>Alle gevinster vundet hos France Lotto udbetales skattefrit!<\/p>\n","protected":false},"excerpt":{"rendered":"<p>Frankrig Lotto online France Lotto er et af de \u00e6ldste organiserede europ\u00e6iske lotterier og organiseres og forvaltes af Francaise des Jeux Group. Det er meget popul\u00e6rt i Frankrig og andre dele af Europa. Da franskm\u00e6ndene er meget passionerede fans af hasardspil, tr\u00e6kkes France Lotto online tre gange om ugen (mandage, onsdage og l\u00f8rdage) i mods\u00e6tning [&hellip;]<\/p>\n","protected":false},"author":1,"featured_media":0,"parent":35676,"menu_order":9,"comment_status":"closed","ping_status":"closed","template":"lotto-fr.php","meta":{"_et_pb_use_builder":"","_et_pb_old_content":"","_et_gb_content_width":"","exclude_from_search":false,"footnotes":""},"class_list":["post-36226","page","type-page","status-publish","hentry"],"yoast_head":"<!-- This site is optimized with the Yoast SEO plugin v23.3 - https:\/\/yoast.com\/wordpress\/plugins\/seo\/ -->\n<title>Deltag i France Lotto online, fra uden for Frankrig<\/title>\n<meta name=\"description\" content=\"K\u00f8b billet til Frankrig lotto her - vi g\u00f8r det muligt for lottofans uden for Frankrig at f\u00e5 en billet til dette popul\u00e6re lotteri\" \/>\n<meta name=\"robots\" content=\"index, follow, max-snippet:-1, max-image-preview:large, max-video-preview:-1\" \/>\n<link rel=\"canonical\" href=\"https:\/\/jackpotlotteryonline.com\/play-online\/france-lotto\/\" \/>\n<meta property=\"og:locale\" content=\"da_DK\" \/>\n<meta property=\"og:type\" content=\"article\" \/>\n<meta property=\"og:title\" content=\"Deltag i France Lotto online, fra uden for Frankrig\" \/>\n<meta property=\"og:description\" content=\"K\u00f8b billet til Frankrig lotto her - vi g\u00f8r det muligt for lottofans uden for Frankrig at f\u00e5 en billet til dette popul\u00e6re lotteri\" \/>\n<meta property=\"og:url\" content=\"https:\/\/jackpotlotteryonline.com\/play-online\/france-lotto\/\" \/>\n<meta property=\"og:site_name\" content=\"Lotto Online - Crack The International Lottery Jackpots\" \/>\n<meta property=\"article:modified_time\" content=\"2022-12-31T10:28:21+00:00\" \/>\n<meta property=\"og:image\" content=\"http:\/\/jackpotlotteryonline.com\/wp-content\/uploads\/2022\/10\/win_big.jpg\" \/>\n<meta name=\"twitter:card\" content=\"summary_large_image\" \/>\n<meta name=\"twitter:label1\" content=\"Estimeret l\u00e6setid\" \/>\n\t<meta name=\"twitter:data1\" content=\"3 minutter\" \/>\n<!-- \/ Yoast SEO plugin. -->","yoast_head_json":{"title":"Deltag i France Lotto online, fra uden for Frankrig","description":"K\u00f8b billet til Frankrig lotto her - vi g\u00f8r det muligt for lottofans uden for Frankrig at f\u00e5 en billet til dette popul\u00e6re lotteri","robots":{"index":"index","follow":"follow","max-snippet":"max-snippet:-1","max-image-preview":"max-image-preview:large","max-video-preview":"max-video-preview:-1"},"canonical":"https:\/\/jackpotlotteryonline.com\/play-online\/france-lotto\/","og_locale":"da_DK","og_type":"article","og_title":"Deltag i France Lotto online, fra uden for Frankrig","og_description":"K\u00f8b billet til Frankrig lotto her - vi g\u00f8r det muligt for lottofans uden for Frankrig at f\u00e5 en billet til dette popul\u00e6re lotteri","og_url":"https:\/\/jackpotlotteryonline.com\/play-online\/france-lotto\/","og_site_name":"Lotto Online - Crack The International Lottery Jackpots","article_modified_time":"2022-12-31T10:28:21+00:00","og_image":[{"url":"http:\/\/jackpotlotteryonline.com\/wp-content\/uploads\/2022\/10\/win_big.jpg"}],"twitter_card":"summary_large_image","twitter_misc":{"Estimeret l\u00e6setid":"3 minutter"},"schema":{"@context":"https:\/\/schema.org","@graph":[{"@type":"WebPage","@id":"https:\/\/jackpotlotteryonline.com\/play-online\/france-lotto\/","url":"https:\/\/jackpotlotteryonline.com\/play-online\/france-lotto\/","name":"Deltag i France Lotto online, fra uden for Frankrig","isPartOf":{"@id":"https:\/\/jackpotlotteryonline.com\/#website"},"primaryImageOfPage":{"@id":"https:\/\/jackpotlotteryonline.com\/play-online\/france-lotto\/#primaryimage"},"image":{"@id":"https:\/\/jackpotlotteryonline.com\/play-online\/france-lotto\/#primaryimage"},"thumbnailUrl":"http:\/\/jackpotlotteryonline.com\/wp-content\/uploads\/2022\/10\/win_big.jpg","datePublished":"2022-11-04T07:47:18+00:00","dateModified":"2022-12-31T10:28:21+00:00","description":"K\u00f8b billet til Frankrig lotto her - vi g\u00f8r det muligt for lottofans uden for Frankrig at f\u00e5 en billet til dette popul\u00e6re lotteri","breadcrumb":{"@id":"https:\/\/jackpotlotteryonline.com\/play-online\/france-lotto\/#breadcrumb"},"inLanguage":"da-DK","potentialAction":[{"@type":"ReadAction","target":["https:\/\/jackpotlotteryonline.com\/play-online\/france-lotto\/"]}]},{"@type":"ImageObject","inLanguage":"da-DK","@id":"https:\/\/jackpotlotteryonline.com\/play-online\/france-lotto\/#primaryimage","url":"http:\/\/jackpotlotteryonline.com\/wp-content\/uploads\/2022\/10\/win_big.jpg","contentUrl":"http:\/\/jackpotlotteryonline.com\/wp-content\/uploads\/2022\/10\/win_big.jpg"},{"@type":"BreadcrumbList","@id":"https:\/\/jackpotlotteryonline.com\/play-online\/france-lotto\/#breadcrumb","itemListElement":[{"@type":"ListItem","position":1,"name":"Home","item":"https:\/\/jackpotlotteryonline.com\/da\/"},{"@type":"ListItem","position":2,"name":"S\u00e5dan spiller du","item":"https:\/\/jackpotlotteryonline.com\/da\/saadan-spiller-du\/"},{"@type":"ListItem","position":3,"name":"Spil p\u00e5 det franske lotteri"}]},{"@type":"WebSite","@id":"https:\/\/jackpotlotteryonline.com\/#website","url":"https:\/\/jackpotlotteryonline.com\/","name":"Lotto Online - Crack The International Lottery Jackpots","description":"","potentialAction":[{"@type":"SearchAction","target":{"@type":"EntryPoint","urlTemplate":"https:\/\/jackpotlotteryonline.com\/?s={search_term_string}"},"query-input":"required name=search_term_string"}],"inLanguage":"da-DK"}]}},"_links":{"self":[{"href":"https:\/\/jackpotlotteryonline.com\/da\/wp-json\/wp\/v2\/pages\/36226","targetHints":{"allow":["GET"]}}],"collection":[{"href":"https:\/\/jackpotlotteryonline.com\/da\/wp-json\/wp\/v2\/pages"}],"about":[{"href":"https:\/\/jackpotlotteryonline.com\/da\/wp-json\/wp\/v2\/types\/page"}],"author":[{"embeddable":true,"href":"https:\/\/jackpotlotteryonline.com\/da\/wp-json\/wp\/v2\/users\/1"}],"replies":[{"embeddable":true,"href":"https:\/\/jackpotlotteryonline.com\/da\/wp-json\/wp\/v2\/comments?post=36226"}],"version-history":[{"count":0,"href":"https:\/\/jackpotlotteryonline.com\/da\/wp-json\/wp\/v2\/pages\/36226\/revisions"}],"up":[{"embeddable":true,"href":"https:\/\/jackpotlotteryonline.com\/da\/wp-json\/wp\/v2\/pages\/35676"}],"wp:attachment":[{"href":"https:\/\/jackpotlotteryonline.com\/da\/wp-json\/wp\/v2\/media?parent=36226"}],"curies":[{"name":"wp","href":"https:\/\/api.w.org\/{rel}","templated":true}]}}