{"id":36278,"date":"2022-11-04T09:18:16","date_gmt":"2022-11-04T09:18:16","guid":{"rendered":"https:\/\/jackpotlotteryonline.com\/?page_id=36278"},"modified":"2022-12-31T09:42:23","modified_gmt":"2022-12-31T09:42:23","slug":"german-lotto","status":"publish","type":"page","link":"https:\/\/jackpotlotteryonline.com\/da\/saadan-spiller-du\/german-lotto\/","title":{"rendered":"Tysk Lotto"},"content":{"rendered":"<h2>Tysk Lotto er nu tilg\u00e6ngelig online<\/h2>\n<p><img loading=\"lazy\" decoding=\"async\" class=\"alignright wp-image-18464 size-full\" src=\"https:\/\/jackpotlotteryonline.com\/wp-content\/uploads\/2022\/10\/win_lottery_online.jpg\" alt=\"spil tysk lotto online\" width=\"231\" height=\"130\" \/><\/p>\n<p>Lotto i Tyskland er over 5 \u00e5rtier gammelt, og det tyske lotto online organiseres og forvaltes af Deutscher Lotto og Toto Block. <a href=\"https:\/\/jackpotlotteryonline.com\/da\/vindernumre\/german-lotto\">Med en tr\u00e6kning to gange om ugen<\/a> onsdag og l\u00f8rdag kommer det tyske lotto online med en af de st\u00f8rste europ\u00e6iske jackpots, som oftest. S\u00e5 der er al mulig grund til at spille tysk lotto med en online lottokupon, hvis du bor uden for Tyskland.<\/p>\n<p>Hvis du ikke bor i Tyskland, s\u00e5 er din eneste mulighed for at spille tysk lotto online hos os. N\u00e5r du er tilmeldt p\u00e5 vores hjemmeside, kan du f\u00e5 alle relevante oplysninger om tysk lotto online. Det omfatter gamle resultater, en lottotalgenerator og det omr\u00e5de, hvor du kan k\u00f8be billetten. De vil endda hj\u00e6lpe dig med at g\u00f8re krav p\u00e5 og f\u00e5 udleveret gevinsten.<\/p>\n<h2>S\u00e5dan fungerer det tyske lotto online<\/h2>\n<p>Det eneste du skal g\u00f8re er at <a href=\"https:\/\/jackpotlotteryonline.com\/da\/koeb-billetter\/lotto-germany\">k\u00f8be en billet til det tyske lotto online<\/a> ved at v\u00e6lge 6 tal fra en gruppe p\u00e5 49. Du har ogs\u00e5 mulighed for at v\u00e6lge et supertal mellem 1 og 10. Hovedtr\u00e6kningen er for grundtallene, og efterf\u00f8lgende foretages der en tr\u00e6kning for supertallet. N\u00e5r de 6 grundtal stemmer overens, vinder du den f\u00f8rste bel\u00f8nningspr\u00e6mie. Den egentlige jackpot udbetales, n\u00e5r dine 6 grundtal og supertallet matcher i lodtr\u00e6kningen.<\/p>\n<p>Folk fra lande uden for Tyskland kan ogs\u00e5 spille tysk lotto online. P\u00e5 vores hjemmeside kan du g\u00f8re brug af denne mulighed for at pr\u00f8ve lykken og overlade resten af logistikken til os. Du skal v\u00e6re over 18 \u00e5r for at kunne spille tysk lotto med en online-lodseddel.<\/p>\n<section class=\"layout\" style=\"border: solid 1px; width: 100%;\">\n<div class=\"img-div\" style=\"margin-top: 5px;\"><img decoding=\"async\" class=\"wp-image-17212 alignleft\" style=\"height: 45px; margin: 8px 8px 0px;\" src=\"https:\/\/jackpotlotteryonline.com\/wp-content\/uploads\/2022\/11\/read1.jpg\" alt=\"l\u00e6s\" width=\"\" height=\"\" \/><\/div>\n<div style=\"padding-left: 5px;\">\n<div style=\"font-size: 1.1em;\">\n<p><strong>Hvilken bil ville du k\u00f8be, hvis du vandt i lotto?<\/strong><\/p>\n<p style=\"font-size: 0.85em; margin-top: -1.5em;\">Vind i lotteriet og f\u00e5 en ny bil\u00a0<a href=\"https:\/\/jackpotlotteryonline.com\/da\/hvilken-bil-ville-du-koebe-hvis-du-vandt-i-lotto\"> L\u00e6s mere<\/a><\/p>\n<\/div>\n<\/div>\n<\/section>\n<h2>At vinde det tyske lotto online<\/h2>\n<p><img loading=\"lazy\" decoding=\"async\" class=\"alignright size-medium wp-image-33350\" src=\"https:\/\/jackpotlotteryonline.com\/wp-content\/uploads\/2022\/11\/2_ticket_euromillions3-1-111x300.jpg\" alt=\"tysk lotto billet\" width=\"111\" height=\"300\" srcset=\"https:\/\/jackpotlotteryonline.com\/wp-content\/uploads\/2022\/11\/2_ticket_euromillions3-1-111x300.jpg 111w, https:\/\/jackpotlotteryonline.com\/wp-content\/uploads\/2022\/11\/2_ticket_euromillions3-1.jpg 180w\" sizes=\"auto, (max-width: 111px) 100vw, 111px\" \/><\/p>\n<p>At vinde det tyske lotto online er et sp\u00f8rgsm\u00e5l om tilf\u00e6ldigheder, men det er det ogs\u00e5 med alle andre lotterier. Vi vil \u00f8ge dine chancer for at vinde det tyske lotto online ved hj\u00e6lp af vores lottotalgenerator og ved at give dig oplysninger om tidligere resultater, s\u00e5 du kan v\u00e6lge dine heldige tal. Alle relevante oplysninger om det tyske lotto online er tilg\u00e6ngelige der, og du kan bruge dem fuldt ud for at forbedre dine chancer.<\/p>\n<p>Det tyske lotto online er ikke kun en af de st\u00f8rste jackpots i Europa, men det er ogs\u00e5 det mest organiserede lotteri i verden, og det drives meget professionelt. N\u00e5r du spiller det tyske lotto online, og hvis du vinder, hj\u00e6lper vi dig med at kr\u00e6ve din gevinst uden problemer og s\u00f8rger for, at gevinstbel\u00f8bet leveres til dig uden problemer.<\/p>\n<p>Selv om det tyske lotto online er et af de \u00e6ldste lotterier i Europa, er det ikke s\u00e5 popul\u00e6rt som de andre. Grunden er, at det ikke bliver offentliggjort s\u00e5 meget uden for Tyskland. <strong>Det er dog ikke nogen grund til ikke at spille tysk lotto online. Pr\u00f8v dit held p\u00e5 lotto i Tyskland i dag.<\/strong><\/p>\n","protected":false},"excerpt":{"rendered":"<p>Tysk Lotto er nu tilg\u00e6ngelig online Lotto i Tyskland er over 5 \u00e5rtier gammelt, og det tyske lotto online organiseres og forvaltes af Deutscher Lotto og Toto Block. Med en tr\u00e6kning to gange om ugen onsdag og l\u00f8rdag kommer det tyske lotto online med en af de st\u00f8rste europ\u00e6iske jackpots, som oftest. S\u00e5 der er [&hellip;]<\/p>\n","protected":false},"author":1,"featured_media":0,"parent":35676,"menu_order":8,"comment_status":"closed","ping_status":"closed","template":"lotto-german.php","meta":{"_et_pb_use_builder":"","_et_pb_old_content":"","_et_gb_content_width":"","exclude_from_search":false,"footnotes":""},"class_list":["post-36278","page","type-page","status-publish","hentry"],"yoast_head":"<!-- This site is optimized with the Yoast SEO plugin v23.3 - https:\/\/yoast.com\/wordpress\/plugins\/seo\/ -->\n<title>Spil p\u00e5 det tyske lotto fra et sted uden for Tyskland med en online-lodseddel<\/title>\n<meta name=\"description\" content=\"Bor du uden for Tyskland? Ikke noget problem - spil det tyske lotto med en online kupon fra os.\" \/>\n<meta name=\"robots\" content=\"index, follow, max-snippet:-1, max-image-preview:large, max-video-preview:-1\" \/>\n<link rel=\"canonical\" href=\"https:\/\/jackpotlotteryonline.com\/play-online\/german-lotto\/\" \/>\n<meta property=\"og:locale\" content=\"da_DK\" \/>\n<meta property=\"og:type\" content=\"article\" \/>\n<meta property=\"og:title\" content=\"Spil p\u00e5 det tyske lotto fra et sted uden for Tyskland med en online-lodseddel\" \/>\n<meta property=\"og:description\" content=\"Bor du uden for Tyskland? Ikke noget problem - spil det tyske lotto med en online kupon fra os.\" \/>\n<meta property=\"og:url\" content=\"https:\/\/jackpotlotteryonline.com\/play-online\/german-lotto\/\" \/>\n<meta property=\"og:site_name\" content=\"Lotto Online - Crack The International Lottery Jackpots\" \/>\n<meta property=\"article:modified_time\" content=\"2022-12-31T09:42:23+00:00\" \/>\n<meta property=\"og:image\" content=\"https:\/\/jackpotlotteryonline.com\/wp-content\/uploads\/2022\/10\/win_lottery_online.jpg\" \/>\n<meta name=\"twitter:card\" content=\"summary_large_image\" \/>\n<meta name=\"twitter:label1\" content=\"Estimeret l\u00e6setid\" \/>\n\t<meta name=\"twitter:data1\" content=\"3 minutter\" \/>\n<!-- \/ Yoast SEO plugin. -->","yoast_head_json":{"title":"Spil p\u00e5 det tyske lotto fra et sted uden for Tyskland med en online-lodseddel","description":"Bor du uden for Tyskland? Ikke noget problem - spil det tyske lotto med en online kupon fra os.","robots":{"index":"index","follow":"follow","max-snippet":"max-snippet:-1","max-image-preview":"max-image-preview:large","max-video-preview":"max-video-preview:-1"},"canonical":"https:\/\/jackpotlotteryonline.com\/play-online\/german-lotto\/","og_locale":"da_DK","og_type":"article","og_title":"Spil p\u00e5 det tyske lotto fra et sted uden for Tyskland med en online-lodseddel","og_description":"Bor du uden for Tyskland? Ikke noget problem - spil det tyske lotto med en online kupon fra os.","og_url":"https:\/\/jackpotlotteryonline.com\/play-online\/german-lotto\/","og_site_name":"Lotto Online - Crack The International Lottery Jackpots","article_modified_time":"2022-12-31T09:42:23+00:00","og_image":[{"url":"https:\/\/jackpotlotteryonline.com\/wp-content\/uploads\/2022\/10\/win_lottery_online.jpg"}],"twitter_card":"summary_large_image","twitter_misc":{"Estimeret l\u00e6setid":"3 minutter"},"schema":{"@context":"https:\/\/schema.org","@graph":[{"@type":"WebPage","@id":"https:\/\/jackpotlotteryonline.com\/play-online\/german-lotto\/","url":"https:\/\/jackpotlotteryonline.com\/play-online\/german-lotto\/","name":"Spil p\u00e5 det tyske lotto fra et sted uden for Tyskland med en online-lodseddel","isPartOf":{"@id":"https:\/\/jackpotlotteryonline.com\/#website"},"primaryImageOfPage":{"@id":"https:\/\/jackpotlotteryonline.com\/play-online\/german-lotto\/#primaryimage"},"image":{"@id":"https:\/\/jackpotlotteryonline.com\/play-online\/german-lotto\/#primaryimage"},"thumbnailUrl":"https:\/\/jackpotlotteryonline.com\/wp-content\/uploads\/2022\/10\/win_lottery_online.jpg","datePublished":"2022-11-04T09:18:16+00:00","dateModified":"2022-12-31T09:42:23+00:00","description":"Bor du uden for Tyskland? Ikke noget problem - spil det tyske lotto med en online kupon fra os.","breadcrumb":{"@id":"https:\/\/jackpotlotteryonline.com\/play-online\/german-lotto\/#breadcrumb"},"inLanguage":"da-DK","potentialAction":[{"@type":"ReadAction","target":["https:\/\/jackpotlotteryonline.com\/play-online\/german-lotto\/"]}]},{"@type":"ImageObject","inLanguage":"da-DK","@id":"https:\/\/jackpotlotteryonline.com\/play-online\/german-lotto\/#primaryimage","url":"https:\/\/jackpotlotteryonline.com\/wp-content\/uploads\/2022\/10\/win_lottery_online.jpg","contentUrl":"https:\/\/jackpotlotteryonline.com\/wp-content\/uploads\/2022\/10\/win_lottery_online.jpg"},{"@type":"BreadcrumbList","@id":"https:\/\/jackpotlotteryonline.com\/play-online\/german-lotto\/#breadcrumb","itemListElement":[{"@type":"ListItem","position":1,"name":"Home","item":"https:\/\/jackpotlotteryonline.com\/da\/"},{"@type":"ListItem","position":2,"name":"S\u00e5dan spiller du","item":"https:\/\/jackpotlotteryonline.com\/da\/saadan-spiller-du\/"},{"@type":"ListItem","position":3,"name":"Tysk Lotto"}]},{"@type":"WebSite","@id":"https:\/\/jackpotlotteryonline.com\/#website","url":"https:\/\/jackpotlotteryonline.com\/","name":"Lotto Online - Crack The International Lottery Jackpots","description":"","potentialAction":[{"@type":"SearchAction","target":{"@type":"EntryPoint","urlTemplate":"https:\/\/jackpotlotteryonline.com\/?s={search_term_string}"},"query-input":"required name=search_term_string"}],"inLanguage":"da-DK"}]}},"_links":{"self":[{"href":"https:\/\/jackpotlotteryonline.com\/da\/wp-json\/wp\/v2\/pages\/36278","targetHints":{"allow":["GET"]}}],"collection":[{"href":"https:\/\/jackpotlotteryonline.com\/da\/wp-json\/wp\/v2\/pages"}],"about":[{"href":"https:\/\/jackpotlotteryonline.com\/da\/wp-json\/wp\/v2\/types\/page"}],"author":[{"embeddable":true,"href":"https:\/\/jackpotlotteryonline.com\/da\/wp-json\/wp\/v2\/users\/1"}],"replies":[{"embeddable":true,"href":"https:\/\/jackpotlotteryonline.com\/da\/wp-json\/wp\/v2\/comments?post=36278"}],"version-history":[{"count":0,"href":"https:\/\/jackpotlotteryonline.com\/da\/wp-json\/wp\/v2\/pages\/36278\/revisions"}],"up":[{"embeddable":true,"href":"https:\/\/jackpotlotteryonline.com\/da\/wp-json\/wp\/v2\/pages\/35676"}],"wp:attachment":[{"href":"https:\/\/jackpotlotteryonline.com\/da\/wp-json\/wp\/v2\/media?parent=36278"}],"curies":[{"name":"wp","href":"https:\/\/api.w.org\/{rel}","templated":true}]}}