{"id":36388,"date":"2022-11-04T12:25:23","date_gmt":"2022-11-04T12:25:23","guid":{"rendered":"https:\/\/jackpotlotteryonline.com\/?page_id=36388"},"modified":"2022-12-19T15:39:13","modified_gmt":"2022-12-19T15:39:13","slug":"powerball","status":"publish","type":"page","link":"https:\/\/jackpotlotteryonline.com\/da\/koeb-billetter\/powerball\/","title":{"rendered":"Det amerikanske Powerball-lotteri"},"content":{"rendered":"<h2>S\u00e5dan f\u00e5r du Powerball-lodder fra lande uden for USA<\/h2>\n<p>Der findes et lotteri i n\u00e6sten alle lande p\u00e5 jorden, men ikke alle lotterier er som Powerball og Mega Millions, som er de store amerikanske lotterier. Lotto-jackpots i USA har n\u00e5et bel\u00f8b s\u00e5 h\u00f8je som 1,5 milliarder dollars (i 2016). Lotto-jackpots i andre lande har aldrig n\u00e5et et s\u00e5dant bel\u00f8b, s\u00e5 hver gang lottofans l\u00e6ser om endnu en rekordstor lottojackpot i USA, stiller de sig selv \u00e9t sp\u00f8rgsm\u00e5l: <strong>Kan jeg <a href=\"https:\/\/jackpotlotteryonline.com\/da\/saadan-spiller-du\/powerball\">spille Powerball fra et sted uden for USA<\/a>, m\u00e5ske online?<\/strong><\/p>\n<p><strong>Det enkle svar er ja &#8211; selv hvis du bor uden for USA<\/strong>, kan du stadig spille Powerball. Vi er en velrenommeret service, der giver dig mulighed for at k\u00f8be billetter til disse store lotterier eller en r\u00e6kke andre internationale lotterier. Det er s\u00e5 enkelt som det kan v\u00e6re &#8211; du v\u00e6lger dine numre online, og vi sender vores agenter i USA ud for at k\u00f8be billetter for dig. Disse lottokuponer tilh\u00f8rer dig, s\u00e5 du har et legitimt krav mod selve lotterikommissionen. Hvis du vinder, vil vi ogs\u00e5 hj\u00e6lpe dig med at f\u00e5 dine penge.<\/p>\n<p>Det vigtige er, at du f\u00e5r en original lottokupon her, og ikke deltager i en form for lotto svindel!<\/p>\n<h2>Processen for k\u00f8b af din lottokupon online<\/h2>\n<p><img loading=\"lazy\" decoding=\"async\" class=\"alignright size-full wp-image-34943\" src=\"http:\/\/jackpotlotteryonline.com\/wp-content\/uploads\/2022\/11\/2_ticket_powerball3-1.jpg\" alt=\"powerball-billet\" width=\"180\" height=\"194\" \/><\/p>\n<p><strong>F\u00f8rst kigger du \u00f8verst p\u00e5 vores hjemmeside<\/strong>, hvor du klikker p\u00e5 et af bannerne og v\u00e6lger det lotteri, som du \u00f8nsker at deltage i. Vores hjemmeside er tilg\u00e6ngelig p\u00e5 mere end 20 forskellige sprog. De fleste kunder k\u00f8ber lodder til de amerikanske lotterier Powerball og\/eller Mega Millions, men meget ofte har andre internationale lotterier ogs\u00e5 enorme jackpots. Du kan sortere dem efter jackpottens st\u00f8rrelse og blot spille p\u00e5 det lotto, der i \u00f8jeblikket har det h\u00f8jeste bel\u00f8b. Hvis du \u00f8nsker at spille p\u00e5 flere lotterier, er det ogs\u00e5 nemt &#8211; du kan f.eks. k\u00f8be en kupon til Powerball og en anden til det spanske El Gordo.<\/p>\n<p>Dern\u00e6st v\u00e6lger du dine numre &#8211; det er nemt, da vores websted viser dig, hvor mange numre du skal v\u00e6lge. Der er en quick pick-funktion, som genererer numre tilf\u00e6ldigt, hvis du foretr\u00e6kker det. Derefter v\u00e6lger du, hvor mange billetter du vil k\u00f8be, og <a href=\"https:\/\/jackpotlotteryonline.com\/da\/vindernumre\/powerball\">hvor mange tr\u00e6kninger (uger)<\/a> du \u00f8nsker, at din billet skal v\u00e6re gyldig i. Afh\u00e6ngigt af hvor mange uger din billet skal deltage, f\u00e5r du en rabat p\u00e5 den pris, du betaler for billetten.<\/p>\n<p>N\u00e5r du har valgt alle dine muligheder, kan du se den samlede pris, og det n\u00e6ste skridt er at registrere en kundekonto. Det er ogs\u00e5 nemt at betale for dine lottokuponer &#8211; de fleste kunder v\u00e6lger betalingsmuligheden med kreditkort, men der er ogs\u00e5 andre muligheder s\u00e5som (afh\u00e6ngigt af hvilket land du kommer fra) \u00f8jeblikkelig bankoverf\u00f8rsel eller kryptovalutaer.<\/p>\n<p>Til dine betalinger vil de nyeste og mest sikre protokoller blive brugt, s\u00e5 du ikke beh\u00f8ver at frygte for kreditkortsvindel. Hvis du \u00f8nsker det, kan du v\u00e6lge muligheden for at f\u00e5 en billet til flere tr\u00e6kninger, dine numre vil deltage i Powerball eller hvilket lotteri du v\u00e6lger, i 2, 4, 6 eller endda 8 tr\u00e6kninger i tr\u00e6k i tr\u00e6k.\u00a0 Dette er dog kun en mulighed &#8211; hvis du ikke markerer dette felt, bliver du kun opkr\u00e6vet for \u00e9n tr\u00e6kning!<\/p>\n<p>De fleste mennesker uden for USA spiller kun deres lokale lotto uden at v\u00e6re opm\u00e6rksomme p\u00e5 denne mulighed for at spille internationalt lotto online. Men nu hvor du er informeret, hvad afholder dig s\u00e5 fra at spille om jackpots, der ofte er 100 gange s\u00e5 h\u00f8je som dem, du kan vinde i dit bop\u00e6lsland? M\u00e5ske bliver du den n\u00e6ste vinder af Powerball jackpotten!<\/p>\n<section class=\"layout\" style=\"border: solid 1px; width: 100%;\">\n<div class=\"img-div\" style=\"margin-top: 5px;\"><img decoding=\"async\" class=\"wp-image-17212 alignleft\" style=\"height: 45px; margin: 8px 8px 0px;\" src=\"http:\/\/jackpotlotteryonline.com\/wp-content\/uploads\/2022\/11\/read1.jpg\" alt=\"spille powerball fra et sted uden for USA\" width=\"\" height=\"\" \/><\/div>\n<div style=\"padding-left: 5px;\">\n<div style=\"font-size: 1.1em;\">\n<p><strong>Er det lovligt at spille lotterier fra andre lande online?<\/strong><\/p>\n<p style=\"font-size: 0.85em; margin-top: -1.5em;\">Er det lovligt at k\u00f8be en lottokupon online, og f\u00e5r jeg rent faktisk penge? \u00a0\u00a0<a href=\"https:\/\/jackpotlotteryonline.com\/da\/er-det-lovligt-at-spille-lotterier-fra-andre-lande-online\">L\u00e6s mere<\/a><\/p>\n<\/div>\n<\/div>\n<\/section>\n<h2>Lotto USA Online Oversigt<\/h2>\n<p>I USA er der 43 stater plus District of Columbia, US Virgin Islands og Puerto Rico, der har lotterier. Der er statslotterier i hvert af disse omr\u00e5der, som falder ind under <strong>kategorien Lotto USA<\/strong>. Nogle af de st\u00f8rste Lotto USA-lotterier, der afvikles, er Mega Millions og Powerball. Disse er massive lotterier, som er tilg\u00e6ngelige for indbyggere fra hele USA, og nu kan spillere fra udlandet deltage online via vores service.<\/p>\n<h2>Powerball Lotto USA<\/h2>\n<p><img loading=\"lazy\" decoding=\"async\" class=\"alignright size-full wp-image-31721\" src=\"http:\/\/jackpotlotteryonline.com\/wp-content\/uploads\/2022\/11\/powerball_globe_logo.png\" alt=\"k\u00f8be powerball online\" width=\"200\" height=\"212\" \/><\/p>\n<p>Det mest popul\u00e6re Lotto USA-spil er Powerball. Powerball tr\u00e6kkes i Universal Studios i Florida, USA, men det har et krav om ikke-bop\u00e6l, hvilket betyder, at indbyggere i stater uden for Powerball og endda spillere uden for USA kan deltage i dette Lotto USA-spil.<\/p>\n<p>For at v\u00e6re berettiget til at spille Powerball skal spillerne v\u00e6re mindst 18 \u00e5r gamle. Spillerne skal v\u00e6lge seks tal &#8211; fem tal mellem 1 og 59 og et PowerBall-tal mellem 1 og 39. Spillere kan g\u00f8re brug af Quick Pick-funktionen, som tilf\u00e6ldigt v\u00e6lger 6 tal for dig.<\/p>\n<p>Powerball-jackpots er typisk i titusindvis af millioner af dollars, selv om de tidligere ofte er g\u00e5et over 200 millioner dollars.<\/p>\n<h2>Mega Millions Lotto USA<\/h2>\n<p>Mega Millions er et andet <strong>Lotto USA-lotteri<\/strong>, der afvikles i USA, og som faktisk tr\u00e6kkes i Atlanta, Georgia. P\u00e5 trods af dette har Mega Millions ikke noget krav om bop\u00e6l, hvilket betyder, at indbyggere i stater uden for Mega Millions og endda indbyggere uden for USA kan deltage i og vinde Mega Millions Lotto USA.<\/p>\n<p>For at kunne spille Mega Million Lotto USA skal du v\u00e6re 18 \u00e5r eller derover. Du skal v\u00e6lge 6 tal &#8211; fem tal mellem 1 og 56 og et Mega Ball-tal mellem 1 og 46. Du kan g\u00f8re brug af Quick Pick-muligheden, som tilf\u00e6ldigt v\u00e6lger tallene for dig.<\/p>\n<p>Mega Million Lotto USA-spillet tilbyder kontantpr\u00e6mier samt en jackpotpr\u00e6mie. Den livs\u00e6ndrende jackpot er kendt for at g\u00e5 op i hundreder af millioner af dollars, hvilket g\u00f8r det meget popul\u00e6rt.<\/p>\n<h2>NASPL &#8211; USA Lotto Association<\/h2>\n<p>Den nordamerikanske sammenslutning af stats- og provinslotterier (NASPL) repr\u00e6senterer alle de amerikanske statslotterier og provinslotterier samt canadiske lotterier. Lotto USA drives mere effektivt gennem NASPL. Den fungerer som gr\u00e6nseflade for Lotto USA, leverer oplysninger, gennemf\u00f8rer forskning og udvikling, s\u00f8rger for sikkerhed og uddanner Lotto USA&#8217;s personale. Alle de store amerikanske lotterier er medlemmer af NASPL.<\/p>\n","protected":false},"excerpt":{"rendered":"<p>S\u00e5dan f\u00e5r du Powerball-lodder fra lande uden for USA Der findes et lotteri i n\u00e6sten alle lande p\u00e5 jorden, men ikke alle lotterier er som Powerball og Mega Millions, som er de store amerikanske lotterier. Lotto-jackpots i USA har n\u00e5et bel\u00f8b s\u00e5 h\u00f8je som 1,5 milliarder dollars (i 2016). Lotto-jackpots i andre lande har aldrig [&hellip;]<\/p>\n","protected":false},"author":1,"featured_media":0,"parent":35742,"menu_order":1,"comment_status":"closed","ping_status":"closed","template":"powerball-usa-info.php","meta":{"_et_pb_use_builder":"","_et_pb_old_content":"","_et_gb_content_width":"","exclude_from_search":false,"footnotes":""},"class_list":["post-36388","page","type-page","status-publish","hentry"],"yoast_head":"<!-- This site is optimized with the Yoast SEO plugin v23.3 - https:\/\/yoast.com\/wordpress\/plugins\/seo\/ -->\n<title>K\u00f8b Powerball-billetter online fra et andet land uden for USA<\/title>\n<meta name=\"description\" content=\"Find ud af, hvordan indbyggere i andre lande kan spille om de store Powerball-lotteriets jackpots online - du kan v\u00e6re uden for USA og stadig spille\" \/>\n<meta name=\"robots\" content=\"index, follow, max-snippet:-1, max-image-preview:large, max-video-preview:-1\" \/>\n<link rel=\"canonical\" href=\"https:\/\/jackpotlotteryonline.com\/buy-tickets\/powerball\/\" \/>\n<meta property=\"og:locale\" content=\"da_DK\" \/>\n<meta property=\"og:type\" content=\"article\" \/>\n<meta property=\"og:title\" content=\"K\u00f8b Powerball-billetter online fra et andet land uden for USA\" \/>\n<meta property=\"og:description\" content=\"Find ud af, hvordan indbyggere i andre lande kan spille om de store Powerball-lotteriets jackpots online - du kan v\u00e6re uden for USA og stadig spille\" \/>\n<meta property=\"og:url\" content=\"https:\/\/jackpotlotteryonline.com\/buy-tickets\/powerball\/\" \/>\n<meta property=\"og:site_name\" content=\"Lotto Online - Crack The International Lottery Jackpots\" \/>\n<meta property=\"article:modified_time\" content=\"2022-12-19T15:39:13+00:00\" \/>\n<meta property=\"og:image\" content=\"http:\/\/jackpotlotteryonline.com\/wp-content\/uploads\/2022\/11\/2_ticket_powerball3-1.jpg\" \/>\n<meta name=\"twitter:card\" content=\"summary_large_image\" \/>\n<meta name=\"twitter:label1\" content=\"Estimeret l\u00e6setid\" \/>\n\t<meta name=\"twitter:data1\" content=\"5 minutter\" \/>\n<!-- \/ Yoast SEO plugin. -->","yoast_head_json":{"title":"K\u00f8b Powerball-billetter online fra et andet land uden for USA","description":"Find ud af, hvordan indbyggere i andre lande kan spille om de store Powerball-lotteriets jackpots online - du kan v\u00e6re uden for USA og stadig spille","robots":{"index":"index","follow":"follow","max-snippet":"max-snippet:-1","max-image-preview":"max-image-preview:large","max-video-preview":"max-video-preview:-1"},"canonical":"https:\/\/jackpotlotteryonline.com\/buy-tickets\/powerball\/","og_locale":"da_DK","og_type":"article","og_title":"K\u00f8b Powerball-billetter online fra et andet land uden for USA","og_description":"Find ud af, hvordan indbyggere i andre lande kan spille om de store Powerball-lotteriets jackpots online - du kan v\u00e6re uden for USA og stadig spille","og_url":"https:\/\/jackpotlotteryonline.com\/buy-tickets\/powerball\/","og_site_name":"Lotto Online - Crack The International Lottery Jackpots","article_modified_time":"2022-12-19T15:39:13+00:00","og_image":[{"url":"http:\/\/jackpotlotteryonline.com\/wp-content\/uploads\/2022\/11\/2_ticket_powerball3-1.jpg"}],"twitter_card":"summary_large_image","twitter_misc":{"Estimeret l\u00e6setid":"5 minutter"},"schema":{"@context":"https:\/\/schema.org","@graph":[{"@type":"WebPage","@id":"https:\/\/jackpotlotteryonline.com\/buy-tickets\/powerball\/","url":"https:\/\/jackpotlotteryonline.com\/buy-tickets\/powerball\/","name":"K\u00f8b Powerball-billetter online fra et andet land uden for USA","isPartOf":{"@id":"https:\/\/jackpotlotteryonline.com\/#website"},"primaryImageOfPage":{"@id":"https:\/\/jackpotlotteryonline.com\/buy-tickets\/powerball\/#primaryimage"},"image":{"@id":"https:\/\/jackpotlotteryonline.com\/buy-tickets\/powerball\/#primaryimage"},"thumbnailUrl":"http:\/\/jackpotlotteryonline.com\/wp-content\/uploads\/2022\/11\/2_ticket_powerball3-1.jpg","datePublished":"2022-11-04T12:25:23+00:00","dateModified":"2022-12-19T15:39:13+00:00","description":"Find ud af, hvordan indbyggere i andre lande kan spille om de store Powerball-lotteriets jackpots online - du kan v\u00e6re uden for USA og stadig spille","breadcrumb":{"@id":"https:\/\/jackpotlotteryonline.com\/buy-tickets\/powerball\/#breadcrumb"},"inLanguage":"da-DK","potentialAction":[{"@type":"ReadAction","target":["https:\/\/jackpotlotteryonline.com\/buy-tickets\/powerball\/"]}]},{"@type":"ImageObject","inLanguage":"da-DK","@id":"https:\/\/jackpotlotteryonline.com\/buy-tickets\/powerball\/#primaryimage","url":"http:\/\/jackpotlotteryonline.com\/wp-content\/uploads\/2022\/11\/2_ticket_powerball3-1.jpg","contentUrl":"http:\/\/jackpotlotteryonline.com\/wp-content\/uploads\/2022\/11\/2_ticket_powerball3-1.jpg"},{"@type":"BreadcrumbList","@id":"https:\/\/jackpotlotteryonline.com\/buy-tickets\/powerball\/#breadcrumb","itemListElement":[{"@type":"ListItem","position":1,"name":"Home","item":"https:\/\/jackpotlotteryonline.com\/da\/"},{"@type":"ListItem","position":2,"name":"S\u00e5dan k\u00f8ber du lotteri billetter online","item":"https:\/\/jackpotlotteryonline.com\/da\/koeb-billetter\/"},{"@type":"ListItem","position":3,"name":"Det amerikanske Powerball-lotteri"}]},{"@type":"WebSite","@id":"https:\/\/jackpotlotteryonline.com\/#website","url":"https:\/\/jackpotlotteryonline.com\/","name":"Lotto Online - Crack The International Lottery Jackpots","description":"","potentialAction":[{"@type":"SearchAction","target":{"@type":"EntryPoint","urlTemplate":"https:\/\/jackpotlotteryonline.com\/?s={search_term_string}"},"query-input":"required name=search_term_string"}],"inLanguage":"da-DK"}]}},"_links":{"self":[{"href":"https:\/\/jackpotlotteryonline.com\/da\/wp-json\/wp\/v2\/pages\/36388","targetHints":{"allow":["GET"]}}],"collection":[{"href":"https:\/\/jackpotlotteryonline.com\/da\/wp-json\/wp\/v2\/pages"}],"about":[{"href":"https:\/\/jackpotlotteryonline.com\/da\/wp-json\/wp\/v2\/types\/page"}],"author":[{"embeddable":true,"href":"https:\/\/jackpotlotteryonline.com\/da\/wp-json\/wp\/v2\/users\/1"}],"replies":[{"embeddable":true,"href":"https:\/\/jackpotlotteryonline.com\/da\/wp-json\/wp\/v2\/comments?post=36388"}],"version-history":[{"count":0,"href":"https:\/\/jackpotlotteryonline.com\/da\/wp-json\/wp\/v2\/pages\/36388\/revisions"}],"up":[{"embeddable":true,"href":"https:\/\/jackpotlotteryonline.com\/da\/wp-json\/wp\/v2\/pages\/35742"}],"wp:attachment":[{"href":"https:\/\/jackpotlotteryonline.com\/da\/wp-json\/wp\/v2\/media?parent=36388"}],"curies":[{"name":"wp","href":"https:\/\/api.w.org\/{rel}","templated":true}]}}