{"id":36447,"date":"2022-11-07T08:07:05","date_gmt":"2022-11-07T08:07:05","guid":{"rendered":"https:\/\/jackpotlotteryonline.com\/?page_id=36447"},"modified":"2022-12-19T18:34:04","modified_gmt":"2022-12-19T18:34:04","slug":"euromillions","status":"publish","type":"page","link":"https:\/\/jackpotlotteryonline.com\/da\/koeb-billetter\/euromillions\/","title":{"rendered":"Kan jeg f\u00e5 en billet til Euromillions fra et land uden for Europa?"},"content":{"rendered":"<h2>Europas st\u00f8rste lotteri er Euromillions<\/h2>\n<p><img loading=\"lazy\" decoding=\"async\" class=\"alignright wp-image-17411 size-full\" src=\"https:\/\/jackpotlotteryonline.com\/wp-content\/uploads\/2022\/10\/euromillions.png\" alt=\"k\u00f8b euromillions online\" width=\"200\" height=\"212\" \/><\/p>\n<p><a href=\"https:\/\/jackpotlotteryonline.com\/da\/saadan-spiller-du\/euromillions\">Euromillions<\/a> er et lotteri, der udbydes i forskellige europ\u00e6iske lande. Det blev designet til at tilbyde v\u00e6sentligt st\u00f8rre jackpots end de nationale lotterier i de enkelte lande. Det blev opn\u00e5et ved at opstille en lotteristruktur med en lavere sandsynlighed, hvilket betyder flere mulige talkombinationer. Det faktum, at s\u00e5danne jackpots normalt tager l\u00e6ngere tid om at blive kn\u00e6kket, kombineret med en st\u00f8rre startjackpot p\u00e5 10 millioner euro, har f\u00f8rt til jackpots p\u00e5 over 100 millioner euro p\u00e5 regelm\u00e6ssig basis.<\/p>\n<h2>Hvorfor har du brug for en online billetservice for at spille?<\/h2>\n<p>Tja, hvis du bor i et af de deltagende europ\u00e6iske lande, har du ikke brug for en service som vores. Men hvis du ikke g\u00f8r det, eller hvis du endda bor uden for Europa, s\u00e5 er den eneste m\u00e5de for dig at f\u00e5 en billet til Euromillions p\u00e5 online. Alt du skal g\u00f8re er at <strong>klikke<\/strong> <strong>p\u00e5 Euromillions-banneret \u00f8verst<\/strong> og bestille dine billetter, s\u00e5 er din deltagelse sikret. Vi k\u00f8ber i \u00f8vrigt de faktiske Euromillions-billetter via en officiel billetudbyder i Europa.<\/p>\n<section class=\"layout\" style=\"border: solid 1px; width: 100%;\">\n<div class=\"img-div\" style=\"margin-top: 5px;\"><img decoding=\"async\" class=\"wp-image-17212 alignleft\" style=\"height: 45px; margin: 8px 8px 0px;\" src=\"https:\/\/jackpotlotteryonline.com\/wp-content\/uploads\/2022\/11\/read1.jpg\" alt=\"spille Euromillions\" width=\"\" height=\"\" \/><\/div>\n<div style=\"padding-left: 5px;\">\n<div style=\"font-size: 1.1em;\">\n<p><strong>De lotterier, der har de bedste odds for, at du kan vinde stort<\/strong><\/p>\n<p style=\"font-size: 0.85em; margin-top: -1.5em;\">Hvilket lotteri har de bedste vinderchancer? \u00a0<a href=\"https:\/\/jackpotlotteryonline.com\/da\/hvilket-lotteri-har-de-bedste-vinderchancer\">L\u00e6s mere<\/a><\/p>\n<\/div>\n<\/div>\n<\/section>\n<h2>Om Euromillions<\/h2>\n<p><a href=\"https:\/\/jackpotlotteryonline.com\/da\/vindernumre\/euromillions\">Dette lotteri har to ugentlige tr\u00e6kninger<\/a> tirsdag og fredag. Det er opbygget p\u00e5 samme m\u00e5de som Eurojackpot, bortset fra at der ikke er noget loft over jackpotten, og at du skal v\u00e6lge to ekstra tal mellem 1 og 12. Der er ogs\u00e5 13 gevinstniveauer.<\/p>\n<h2>Billetk\u00f8bstjeneste for internationale lotterier<\/h2>\n<p><img loading=\"lazy\" decoding=\"async\" class=\"alignright size-full wp-image-33431\" src=\"https:\/\/jackpotlotteryonline.com\/wp-content\/uploads\/2022\/11\/2_ticket_euromillions-112x300-1.jpg\" alt=\"euromillions billet\" width=\"112\" height=\"300\" \/><\/p>\n<p>Ud over at give dig online billetter til Euromillions og Eurojackpot har vi i alt mere end 20 lotterier at v\u00e6lge imellem. Selv om du m\u00e5ske altid vil g\u00e5 efter det med de st\u00f8rste jackpots, er nogle af de &#8220;mindre&#8221; lotterier ogs\u00e5 v\u00e6rd at overveje. De kan tilbyde mere fordelagtige vinderchancer eller lavere billetpriser.<\/p>\n<p>Du beh\u00f8ver heller ikke at bekymre dig om betalings- og datasikkerhed. Vi bruger ekstremt sikre protokoller til betalingsbehandling. Vi accepterer betaling med kreditkort, kryptovalutaer, bankoverf\u00f8rsel og en r\u00e6kke andre muligheder.<\/p>\n","protected":false},"excerpt":{"rendered":"<p>Europas st\u00f8rste lotteri er Euromillions Euromillions er et lotteri, der udbydes i forskellige europ\u00e6iske lande. Det blev designet til at tilbyde v\u00e6sentligt st\u00f8rre jackpots end de nationale lotterier i de enkelte lande. Det blev opn\u00e5et ved at opstille en lotteristruktur med en lavere sandsynlighed, hvilket betyder flere mulige talkombinationer. Det faktum, at s\u00e5danne jackpots normalt [&hellip;]<\/p>\n","protected":false},"author":1,"featured_media":0,"parent":35742,"menu_order":3,"comment_status":"closed","ping_status":"closed","template":"euromillions-info.php","meta":{"_et_pb_use_builder":"","_et_pb_old_content":"","_et_gb_content_width":"","exclude_from_search":false,"footnotes":""},"class_list":["post-36447","page","type-page","status-publish","hentry"],"yoast_head":"<!-- This site is optimized with the Yoast SEO plugin v23.3 - https:\/\/yoast.com\/wordpress\/plugins\/seo\/ -->\n<title>F\u00e5 en billet til Euromillions fra uden for Europa<\/title>\n<meta name=\"description\" content=\"S\u00e5dan deltager du i Euromillions online fra lande uden for Europa - du skal blot k\u00f8be din billet online p\u00e5 vores hjemmeside\" \/>\n<meta name=\"robots\" content=\"index, follow, max-snippet:-1, max-image-preview:large, max-video-preview:-1\" \/>\n<link rel=\"canonical\" href=\"https:\/\/jackpotlotteryonline.com\/buy-tickets\/euromillions\/\" \/>\n<meta property=\"og:locale\" content=\"da_DK\" \/>\n<meta property=\"og:type\" content=\"article\" \/>\n<meta property=\"og:title\" content=\"F\u00e5 en billet til Euromillions fra uden for Europa\" \/>\n<meta property=\"og:description\" content=\"S\u00e5dan deltager du i Euromillions online fra lande uden for Europa - du skal blot k\u00f8be din billet online p\u00e5 vores hjemmeside\" \/>\n<meta property=\"og:url\" content=\"https:\/\/jackpotlotteryonline.com\/buy-tickets\/euromillions\/\" \/>\n<meta property=\"og:site_name\" content=\"Lotto Online - Crack The International Lottery Jackpots\" \/>\n<meta property=\"article:modified_time\" content=\"2022-12-19T18:34:04+00:00\" \/>\n<meta property=\"og:image\" content=\"https:\/\/jackpotlotteryonline.com\/wp-content\/uploads\/2022\/10\/euromillions.png\" \/>\n<meta name=\"twitter:card\" content=\"summary_large_image\" \/>\n<meta name=\"twitter:label1\" content=\"Estimeret l\u00e6setid\" \/>\n\t<meta name=\"twitter:data1\" content=\"2 minutter\" \/>\n<!-- \/ Yoast SEO plugin. -->","yoast_head_json":{"title":"F\u00e5 en billet til Euromillions fra uden for Europa","description":"S\u00e5dan deltager du i Euromillions online fra lande uden for Europa - du skal blot k\u00f8be din billet online p\u00e5 vores hjemmeside","robots":{"index":"index","follow":"follow","max-snippet":"max-snippet:-1","max-image-preview":"max-image-preview:large","max-video-preview":"max-video-preview:-1"},"canonical":"https:\/\/jackpotlotteryonline.com\/buy-tickets\/euromillions\/","og_locale":"da_DK","og_type":"article","og_title":"F\u00e5 en billet til Euromillions fra uden for Europa","og_description":"S\u00e5dan deltager du i Euromillions online fra lande uden for Europa - du skal blot k\u00f8be din billet online p\u00e5 vores hjemmeside","og_url":"https:\/\/jackpotlotteryonline.com\/buy-tickets\/euromillions\/","og_site_name":"Lotto Online - Crack The International Lottery Jackpots","article_modified_time":"2022-12-19T18:34:04+00:00","og_image":[{"url":"https:\/\/jackpotlotteryonline.com\/wp-content\/uploads\/2022\/10\/euromillions.png"}],"twitter_card":"summary_large_image","twitter_misc":{"Estimeret l\u00e6setid":"2 minutter"},"schema":{"@context":"https:\/\/schema.org","@graph":[{"@type":"WebPage","@id":"https:\/\/jackpotlotteryonline.com\/buy-tickets\/euromillions\/","url":"https:\/\/jackpotlotteryonline.com\/buy-tickets\/euromillions\/","name":"F\u00e5 en billet til Euromillions fra uden for Europa","isPartOf":{"@id":"https:\/\/jackpotlotteryonline.com\/#website"},"primaryImageOfPage":{"@id":"https:\/\/jackpotlotteryonline.com\/buy-tickets\/euromillions\/#primaryimage"},"image":{"@id":"https:\/\/jackpotlotteryonline.com\/buy-tickets\/euromillions\/#primaryimage"},"thumbnailUrl":"https:\/\/jackpotlotteryonline.com\/wp-content\/uploads\/2022\/10\/euromillions.png","datePublished":"2022-11-07T08:07:05+00:00","dateModified":"2022-12-19T18:34:04+00:00","description":"S\u00e5dan deltager du i Euromillions online fra lande uden for Europa - du skal blot k\u00f8be din billet online p\u00e5 vores hjemmeside","breadcrumb":{"@id":"https:\/\/jackpotlotteryonline.com\/buy-tickets\/euromillions\/#breadcrumb"},"inLanguage":"da-DK","potentialAction":[{"@type":"ReadAction","target":["https:\/\/jackpotlotteryonline.com\/buy-tickets\/euromillions\/"]}]},{"@type":"ImageObject","inLanguage":"da-DK","@id":"https:\/\/jackpotlotteryonline.com\/buy-tickets\/euromillions\/#primaryimage","url":"https:\/\/jackpotlotteryonline.com\/wp-content\/uploads\/2022\/10\/euromillions.png","contentUrl":"https:\/\/jackpotlotteryonline.com\/wp-content\/uploads\/2022\/10\/euromillions.png"},{"@type":"BreadcrumbList","@id":"https:\/\/jackpotlotteryonline.com\/buy-tickets\/euromillions\/#breadcrumb","itemListElement":[{"@type":"ListItem","position":1,"name":"Home","item":"https:\/\/jackpotlotteryonline.com\/da\/"},{"@type":"ListItem","position":2,"name":"S\u00e5dan k\u00f8ber du lotteri billetter online","item":"https:\/\/jackpotlotteryonline.com\/da\/koeb-billetter\/"},{"@type":"ListItem","position":3,"name":"Kan jeg f\u00e5 en billet til Euromillions fra et land uden for Europa?"}]},{"@type":"WebSite","@id":"https:\/\/jackpotlotteryonline.com\/#website","url":"https:\/\/jackpotlotteryonline.com\/","name":"Lotto Online - Crack The International Lottery Jackpots","description":"","potentialAction":[{"@type":"SearchAction","target":{"@type":"EntryPoint","urlTemplate":"https:\/\/jackpotlotteryonline.com\/?s={search_term_string}"},"query-input":"required name=search_term_string"}],"inLanguage":"da-DK"}]}},"_links":{"self":[{"href":"https:\/\/jackpotlotteryonline.com\/da\/wp-json\/wp\/v2\/pages\/36447","targetHints":{"allow":["GET"]}}],"collection":[{"href":"https:\/\/jackpotlotteryonline.com\/da\/wp-json\/wp\/v2\/pages"}],"about":[{"href":"https:\/\/jackpotlotteryonline.com\/da\/wp-json\/wp\/v2\/types\/page"}],"author":[{"embeddable":true,"href":"https:\/\/jackpotlotteryonline.com\/da\/wp-json\/wp\/v2\/users\/1"}],"replies":[{"embeddable":true,"href":"https:\/\/jackpotlotteryonline.com\/da\/wp-json\/wp\/v2\/comments?post=36447"}],"version-history":[{"count":0,"href":"https:\/\/jackpotlotteryonline.com\/da\/wp-json\/wp\/v2\/pages\/36447\/revisions"}],"up":[{"embeddable":true,"href":"https:\/\/jackpotlotteryonline.com\/da\/wp-json\/wp\/v2\/pages\/35742"}],"wp:attachment":[{"href":"https:\/\/jackpotlotteryonline.com\/da\/wp-json\/wp\/v2\/media?parent=36447"}],"curies":[{"name":"wp","href":"https:\/\/api.w.org\/{rel}","templated":true}]}}