{"id":36501,"date":"2022-11-07T09:31:22","date_gmt":"2022-11-07T09:31:22","guid":{"rendered":"https:\/\/jackpotlotteryonline.com\/?page_id=36501"},"modified":"2023-01-03T19:49:49","modified_gmt":"2023-01-03T19:49:49","slug":"eurojackpot","status":"publish","type":"page","link":"https:\/\/jackpotlotteryonline.com\/da\/koeb-billetter\/eurojackpot\/","title":{"rendered":"K\u00f8b billetter til Eurojackpot fra lande uden for de deltagende lande"},"content":{"rendered":"<h2>Om EuroJackpot<\/h2>\n<p><a href=\"https:\/\/jackpotlotteryonline.com\/da\/saadan-spiller-du\/eurojackpot\">Eurojackpot<\/a> har en sp\u00e6ndende egenskab, som du b\u00f8r kende: N\u00e5r jackpotten n\u00e5r op p\u00e5 90 millioner, er der en gr\u00e6nse for den jackpot, du kan vinde. Det betyder, at alle midler fra billetsalg, der overstiger 90 millioner euro, vil blive lagt til andenprisen. Denne andenr\u00e6kkepris vil s\u00e5 v\u00e6re betydeligt h\u00f8jere. I betragtning af at du har 10 gange s\u00e5 stor sandsynlighed for at vinde denne pr\u00e6mie, sammenlignet med jackpotten, er det altid en god strategi at fokusere p\u00e5 dette lotteri, n\u00e5r det har n\u00e5et t\u00e6rsklen p\u00e5 90 mio. euro.<\/p>\n<p>Der er kun \u00e9n <a href=\"https:\/\/jackpotlotteryonline.com\/da\/vindernumre\/eurojackpot\">ugentlig tr\u00e6kningsdag for Eurojackpot<\/a>, og det er fredag. V\u00e6lg 5 ud af 50 tal plus to ekstra tal mellem 1 og 10, og du er p\u00e5 vej til at vinde en pr\u00e6mie fra i alt 12 niveauer.<\/p>\n<h2>S\u00e5dan k\u00f8ber du Eurojackpot-billetter<\/h2>\n<p><img loading=\"lazy\" decoding=\"async\" class=\"wp-image-26077 size-medium alignright\" src=\"https:\/\/jackpotlotteryonline.com\/wp-content\/uploads\/2022\/11\/1_buy_eurojackpot_ticket-300x99.jpg\" alt=\"k\u00f8be eurojackpot-billetter online\" width=\"300\" height=\"99\" srcset=\"https:\/\/jackpotlotteryonline.com\/wp-content\/uploads\/2022\/11\/1_buy_eurojackpot_ticket-300x99.jpg 300w, https:\/\/jackpotlotteryonline.com\/wp-content\/uploads\/2022\/11\/1_buy_eurojackpot_ticket.jpg 350w\" sizes=\"auto, (max-width: 300px) 100vw, 300px\" \/><\/p>\n<p>Eurojackpot er et europ\u00e6isk lotteri, og lodder s\u00e6lges for det meste i Eurojackpot-landene. Der er 18 lande, der deltager i Eurojackpot-lotteriet, og alle, der bor i disse lande, kan deltage i lotteriet. Eurojackpot-landene er Danmark, Estland, Finland, Island, Italien, Kroatien, Letland, Litauen, Nederlandene, Norge, Norge, Slovenien, Spanien, Sverige, Kroatien, Tyskland og Letland.<\/p>\n<p>Selv om Eurojackpot har 18 medlemslande, s\u00e6lges der lotterisedler i nogle lande p\u00e5 kontinentet, der ikke deltager i Eurojackpot. Spillere i et af disse lande kan g\u00e5 ind hos en hvilken som helst lotteriudbyder og k\u00f8be lottosedler. Dette er ikke tilf\u00e6ldet for de spillere uden for Europa, som \u00f8nsker at deltage i Eurojackpot.<\/p>\n<h2>Hvad skal man g\u00f8re, hvis man bor uden for Europa<\/h2>\n<p>Hvis du bor uden for kontinentet, og du \u00f8nsker at deltage i Eurojackpot, er den bedste mulighed at g\u00e5 online. Det kan du g\u00f8re enten via internettet eller p\u00e5 en mobilenhed. Det, du skal g\u00f8re, er at finde et lotterisite, k\u00f8be din kupon og deltage i lodtr\u00e6kningen. Derefter venter du p\u00e5 at se, om du har vundet. Det er en enkel proces, men der er et par ting, du skal v\u00e6re opm\u00e6rksom p\u00e5.<\/p>\n<p>Deltagere til Eurojackpot s\u00e6lges p\u00e5 flere steder p\u00e5 internettet, men det er vigtigt at lede efter en legitim online s\u00e6lger. Internettet giver dig adgang til fantastiske internationale lotterier, ikke kun Eurojackpot alene. Du skal dog v\u00e6re sikker p\u00e5, at du har tilmeldt dig Eurojackpot i mods\u00e6tning til at satse mod resultatet af lotteriet. Ja, der er en forskel.<\/p>\n<section class=\"layout\" style=\"border: solid 1px; width: 100%;\">\n<div class=\"img-div\" style=\"margin-top: 5px;\"><img decoding=\"async\" class=\"wp-image-17212 alignleft\" style=\"height: 45px; margin: 8px 8px 0px;\" src=\"https:\/\/jackpotlotteryonline.com\/wp-content\/uploads\/2022\/11\/read1.jpg\" alt=\"L\u00e6s\" width=\"\" height=\"\" \/><\/div>\n<div style=\"padding-left: 5px;\">\n<div style=\"font-size: 1.1em;\">\n<p><strong>Hvilket internationalt lotteri er det bedste?<\/strong><\/p>\n<p style=\"font-size: 0.85em; margin-top: -1.5em;\">Hvilket af de internationale lotterier har de bedste odds for at vinde\u00a0<a href=\"https:\/\/jackpotlotteryonline.com\/da\/hvilket-internationalt-lotteri-er-det-bedste\"> L\u00e6s mere<\/a><\/p>\n<\/div>\n<\/div>\n<\/section>\n<h2>Hvor du kan f\u00e5 Eurojackpot-billetter<\/h2>\n<p>N\u00e5r du g\u00e5r online for at s\u00f8ge efter en Eurojackpot-leverand\u00f8r, skal du ikke have travlt med at k\u00f8be en Eurojackpot-billet, medmindre du ved, at det er en concierge-side. Sider som denne giver spillerne adgang til de bedste internationale lotterier som Eurojackpot ved at give lottosedler.<\/p>\n<p>Det er muligt at k\u00f8be en Eurojackpot-seddel via internettet og alligevel ikke at blive tilmeldt lotteriet. Det skyldes, at disse websteder kun lader spillerne spille p\u00e5 resultatet af lotteriet. Hos jackpotlotteryonline.com s\u00f8rger vi for, at du deltager i Eurojackpot-lotteriet, uanset hvor du befinder dig.<\/p>\n<p>N\u00e5r du k\u00f8ber en deltagelse hos os, g\u00e5r vores agenter p\u00e5 indholdet ud og k\u00f8ber en fysisk Eurojackpot-seddel med de tilsvarende numre. P\u00e5 den m\u00e5de er du stadig tilmeldt Eurojackpot, selvom du ikke er fysisk til stede i landet, selvom du ikke er fysisk til stede i landet. Hvis din kupon svarer til de udtrukne numre, vinder du pr\u00e6mien. Du beh\u00f8ver heller ikke at bekymre dig om at kr\u00e6ve din Eurojackpot-pr\u00e6mie, for det klarer vi for dig. Det eneste, du skal g\u00f8re, er at h\u00e6ve din gevinst fra vores platform til din onlinekonto.<\/p>\n<h2>Fordele ved at registrere dig hos jackpotlotteryonline.com<\/h2>\n<p><img loading=\"lazy\" decoding=\"async\" class=\"alignright size-medium wp-image-28886\" src=\"https:\/\/jackpotlotteryonline.com\/wp-content\/uploads\/2022\/11\/1_pick_for_eurojackpot-300x100.jpg\" alt=\"eurojackpot billet\" width=\"300\" height=\"100\" srcset=\"https:\/\/jackpotlotteryonline.com\/wp-content\/uploads\/2022\/11\/1_pick_for_eurojackpot-300x100.jpg 300w, https:\/\/jackpotlotteryonline.com\/wp-content\/uploads\/2022\/11\/1_pick_for_eurojackpot-600x200.jpg 600w, https:\/\/jackpotlotteryonline.com\/wp-content\/uploads\/2022\/11\/1_pick_for_eurojackpot.jpg 734w\" sizes=\"auto, (max-width: 300px) 100vw, 300px\" \/><\/p>\n<p>Jackpotlotteryonline.com er et concierge site, og derfor g\u00f8r vi det muligt for vores kunder at deltage i lotterier fra hele verden. Vi mener, at Eurojackpot b\u00f8r v\u00e6re tilg\u00e6ngeligt for alle, der er myndige og har kapacitet, og vi har bragt denne passion ind i vores levering af service. N\u00e5r du registrerer dig hos os, er det her, hvad du f\u00e5r:<\/p>\n<ul>\n<li>Adgang til over to dusin internationale lotterier, herunder Eurojackpot<\/li>\n<li>En problemfri m\u00e5de at spille lotteri p\u00e5<\/li>\n<li>Du kan spille flere lotterier og deltage i flere tr\u00e6kninger alt sammen p\u00e5 \u00e9t sted<\/li>\n<li>Du beh\u00f8ver ikke at holde styr p\u00e5 alle dine Eurojackpot-lotterisedler, det g\u00f8r vi for dig<\/li>\n<li>Vi holder ogs\u00e5 styr p\u00e5 dine gevinster og advarer dig, s\u00e5 du ikke g\u00e5r glip af at g\u00f8re krav p\u00e5 din gevinst<\/li>\n<li>Du kan nemt udbetale dine gevinster fra vores platform til din onlinekonto<\/li>\n<\/ul>\n<p>Vores fokus er p\u00e5 at sikre, at du har en forn\u00f8jelig oplevelse, n\u00e5r du spiller p\u00e5 lotteriet. Vi har finjusteret vores tjenester og forts\u00e6tter med at forfine processen, s\u00e5 den er mere intuitiv for vores spillere.<\/p>\n<h2>F\u00f8lg disse trin for at deltage i Eurojackpot<\/h2>\n<p><strong>Trin 1<\/strong>: Bes\u00f8g jackpotlotteryonline.com og g\u00e5 til det lotteri, du \u00f8nsker at deltage i, i dette tilf\u00e6lde Eurojackpot. Klik p\u00e5 det.<\/p>\n<p><strong>Trin 2<\/strong>: V\u00e6lg 5 hovedtal og 2 ekstra tal. Du kan v\u00e6lge flere linjer for at \u00f8ge dine chancer for at vinde Eurojackpot. Hvis du ikke har et bestemt nummer, kan du bruge &#8220;Quick Pick All&#8221; for at g\u00f8re valgprocessen hurtigere.<\/p>\n<p><strong>Trin 3<\/strong>: V\u00e6lg den type billet, du vil k\u00f8be. Du kan enten f\u00e5 en enkelt eller k\u00f8be multi-lodder, som giver dig mulighed for at deltage i flere lodtr\u00e6kninger. Igen giver det dig en st\u00f8rre chance for at vinde Eurojackpotten, hvis du deltager i flere tr\u00e6kninger.<\/p>\n<p><strong>Trin 4:<\/strong> G\u00e5 til betalingssiden. P\u00e5 betalingssiden vil du blive bedt om at tilmelde dig eller registrere dig. Grunden til dette er tredobbelt:<\/p>\n<ol>\n<li>For at sikre, at du altid har adgang til din Eurojackpot-seddel, da det er den eneste m\u00e5de, hvorp\u00e5 du kan g\u00f8re krav p\u00e5 en pr\u00e6mie<\/li>\n<li>For at vi kan advare dig, hvis du vinder Eurojackpot eller en af pr\u00e6mierne i de andre niveauer. Det g\u00f8r vi via platformen og ogs\u00e5 via din e-mail<\/li>\n<li>For at g\u00f8re det nemt for dig at g\u00f8re krav p\u00e5 og udbetale din pr\u00e6mie<\/li>\n<\/ol>\n<p>Det er det hele. Det er lige s\u00e5 enkelt at deltage i Eurojackpot, uanset hvor du er, som at f\u00f8lge disse tre trin. Nu kan du nyde sikker og problemfri v\u00e6ddem\u00e5l fra din computer eller mobilenhed.<\/p>\n<p>Hvorfor ikke registrere dig hos os i dag for at k\u00f8be Eurojackpot-billetter fra lande uden for Europa? Det er sp\u00e6ndende at spille lotto, og du ved aldrig, hvorn\u00e5r du er heldig. Hvis du gerne vil have chancen for at blive million\u00e6r, s\u00e5 g\u00e5 online og deltag i Eurojackpot i dag.<\/p>\n","protected":false},"excerpt":{"rendered":"<p>Om EuroJackpot Eurojackpot har en sp\u00e6ndende egenskab, som du b\u00f8r kende: N\u00e5r jackpotten n\u00e5r op p\u00e5 90 millioner, er der en gr\u00e6nse for den jackpot, du kan vinde. Det betyder, at alle midler fra billetsalg, der overstiger 90 millioner euro, vil blive lagt til andenprisen. Denne andenr\u00e6kkepris vil s\u00e5 v\u00e6re betydeligt h\u00f8jere. I betragtning af [&hellip;]<\/p>\n","protected":false},"author":1,"featured_media":0,"parent":35742,"menu_order":4,"comment_status":"closed","ping_status":"closed","template":"eurojackpot-info.php","meta":{"_et_pb_use_builder":"","_et_pb_old_content":"","_et_gb_content_width":"","exclude_from_search":false,"footnotes":""},"class_list":["post-36501","page","type-page","status-publish","hentry"],"yoast_head":"<!-- This site is optimized with the Yoast SEO plugin v23.3 - https:\/\/yoast.com\/wordpress\/plugins\/seo\/ -->\n<title>K\u00f8b Eurojackpot-billetter fra lande uden for Europa | K\u00f8b billetter online<\/title>\n<meta name=\"description\" content=\"I nogle europ\u00e6iske lande kan du k\u00f8be Eurojackpot-billetter i butikken. Men her kan du f\u00e5 billetter ogs\u00e5 fra lande uden for Europa\" \/>\n<meta name=\"robots\" content=\"index, follow, max-snippet:-1, max-image-preview:large, max-video-preview:-1\" \/>\n<link rel=\"canonical\" href=\"https:\/\/jackpotlotteryonline.com\/buy-tickets\/eurojackpot\/\" \/>\n<meta property=\"og:locale\" content=\"da_DK\" \/>\n<meta property=\"og:type\" content=\"article\" \/>\n<meta property=\"og:title\" content=\"K\u00f8b Eurojackpot-billetter fra lande uden for Europa | K\u00f8b billetter online\" \/>\n<meta property=\"og:description\" content=\"I nogle europ\u00e6iske lande kan du k\u00f8be Eurojackpot-billetter i butikken. Men her kan du f\u00e5 billetter ogs\u00e5 fra lande uden for Europa\" \/>\n<meta property=\"og:url\" content=\"https:\/\/jackpotlotteryonline.com\/buy-tickets\/eurojackpot\/\" \/>\n<meta property=\"og:site_name\" content=\"Lotto Online - Crack The International Lottery Jackpots\" \/>\n<meta property=\"article:modified_time\" content=\"2023-01-03T19:49:49+00:00\" \/>\n<meta property=\"og:image\" content=\"https:\/\/jackpotlotteryonline.com\/wp-content\/uploads\/2022\/11\/1_buy_eurojackpot_ticket-300x99.jpg\" \/>\n<meta name=\"twitter:card\" content=\"summary_large_image\" \/>\n<meta name=\"twitter:label1\" content=\"Estimeret l\u00e6setid\" \/>\n\t<meta name=\"twitter:data1\" content=\"6 minutter\" \/>\n<!-- \/ Yoast SEO plugin. -->","yoast_head_json":{"title":"K\u00f8b Eurojackpot-billetter fra lande uden for Europa | K\u00f8b billetter online","description":"I nogle europ\u00e6iske lande kan du k\u00f8be Eurojackpot-billetter i butikken. Men her kan du f\u00e5 billetter ogs\u00e5 fra lande uden for Europa","robots":{"index":"index","follow":"follow","max-snippet":"max-snippet:-1","max-image-preview":"max-image-preview:large","max-video-preview":"max-video-preview:-1"},"canonical":"https:\/\/jackpotlotteryonline.com\/buy-tickets\/eurojackpot\/","og_locale":"da_DK","og_type":"article","og_title":"K\u00f8b Eurojackpot-billetter fra lande uden for Europa | K\u00f8b billetter online","og_description":"I nogle europ\u00e6iske lande kan du k\u00f8be Eurojackpot-billetter i butikken. Men her kan du f\u00e5 billetter ogs\u00e5 fra lande uden for Europa","og_url":"https:\/\/jackpotlotteryonline.com\/buy-tickets\/eurojackpot\/","og_site_name":"Lotto Online - Crack The International Lottery Jackpots","article_modified_time":"2023-01-03T19:49:49+00:00","og_image":[{"url":"https:\/\/jackpotlotteryonline.com\/wp-content\/uploads\/2022\/11\/1_buy_eurojackpot_ticket-300x99.jpg"}],"twitter_card":"summary_large_image","twitter_misc":{"Estimeret l\u00e6setid":"6 minutter"},"schema":{"@context":"https:\/\/schema.org","@graph":[{"@type":"WebPage","@id":"https:\/\/jackpotlotteryonline.com\/buy-tickets\/eurojackpot\/","url":"https:\/\/jackpotlotteryonline.com\/buy-tickets\/eurojackpot\/","name":"K\u00f8b Eurojackpot-billetter fra lande uden for Europa | K\u00f8b billetter online","isPartOf":{"@id":"https:\/\/jackpotlotteryonline.com\/#website"},"primaryImageOfPage":{"@id":"https:\/\/jackpotlotteryonline.com\/buy-tickets\/eurojackpot\/#primaryimage"},"image":{"@id":"https:\/\/jackpotlotteryonline.com\/buy-tickets\/eurojackpot\/#primaryimage"},"thumbnailUrl":"https:\/\/jackpotlotteryonline.com\/wp-content\/uploads\/2022\/11\/1_buy_eurojackpot_ticket-300x99.jpg","datePublished":"2022-11-07T09:31:22+00:00","dateModified":"2023-01-03T19:49:49+00:00","description":"I nogle europ\u00e6iske lande kan du k\u00f8be Eurojackpot-billetter i butikken. Men her kan du f\u00e5 billetter ogs\u00e5 fra lande uden for Europa","breadcrumb":{"@id":"https:\/\/jackpotlotteryonline.com\/buy-tickets\/eurojackpot\/#breadcrumb"},"inLanguage":"da-DK","potentialAction":[{"@type":"ReadAction","target":["https:\/\/jackpotlotteryonline.com\/buy-tickets\/eurojackpot\/"]}]},{"@type":"ImageObject","inLanguage":"da-DK","@id":"https:\/\/jackpotlotteryonline.com\/buy-tickets\/eurojackpot\/#primaryimage","url":"https:\/\/jackpotlotteryonline.com\/wp-content\/uploads\/2022\/11\/1_buy_eurojackpot_ticket-300x99.jpg","contentUrl":"https:\/\/jackpotlotteryonline.com\/wp-content\/uploads\/2022\/11\/1_buy_eurojackpot_ticket-300x99.jpg"},{"@type":"BreadcrumbList","@id":"https:\/\/jackpotlotteryonline.com\/buy-tickets\/eurojackpot\/#breadcrumb","itemListElement":[{"@type":"ListItem","position":1,"name":"Home","item":"https:\/\/jackpotlotteryonline.com\/da\/"},{"@type":"ListItem","position":2,"name":"S\u00e5dan k\u00f8ber du lotteri billetter online","item":"https:\/\/jackpotlotteryonline.com\/da\/koeb-billetter\/"},{"@type":"ListItem","position":3,"name":"K\u00f8b billetter til Eurojackpot fra lande uden for de deltagende lande"}]},{"@type":"WebSite","@id":"https:\/\/jackpotlotteryonline.com\/#website","url":"https:\/\/jackpotlotteryonline.com\/","name":"Lotto Online - Crack The International Lottery Jackpots","description":"","potentialAction":[{"@type":"SearchAction","target":{"@type":"EntryPoint","urlTemplate":"https:\/\/jackpotlotteryonline.com\/?s={search_term_string}"},"query-input":"required name=search_term_string"}],"inLanguage":"da-DK"}]}},"_links":{"self":[{"href":"https:\/\/jackpotlotteryonline.com\/da\/wp-json\/wp\/v2\/pages\/36501","targetHints":{"allow":["GET"]}}],"collection":[{"href":"https:\/\/jackpotlotteryonline.com\/da\/wp-json\/wp\/v2\/pages"}],"about":[{"href":"https:\/\/jackpotlotteryonline.com\/da\/wp-json\/wp\/v2\/types\/page"}],"author":[{"embeddable":true,"href":"https:\/\/jackpotlotteryonline.com\/da\/wp-json\/wp\/v2\/users\/1"}],"replies":[{"embeddable":true,"href":"https:\/\/jackpotlotteryonline.com\/da\/wp-json\/wp\/v2\/comments?post=36501"}],"version-history":[{"count":0,"href":"https:\/\/jackpotlotteryonline.com\/da\/wp-json\/wp\/v2\/pages\/36501\/revisions"}],"up":[{"embeddable":true,"href":"https:\/\/jackpotlotteryonline.com\/da\/wp-json\/wp\/v2\/pages\/35742"}],"wp:attachment":[{"href":"https:\/\/jackpotlotteryonline.com\/da\/wp-json\/wp\/v2\/media?parent=36501"}],"curies":[{"name":"wp","href":"https:\/\/api.w.org\/{rel}","templated":true}]}}