{"id":36555,"date":"2022-11-07T12:47:19","date_gmt":"2022-11-07T12:47:19","guid":{"rendered":"https:\/\/jackpotlotteryonline.com\/?page_id=36555"},"modified":"2023-01-03T20:22:13","modified_gmt":"2023-01-03T20:22:13","slug":"superenalotto","status":"publish","type":"page","link":"https:\/\/jackpotlotteryonline.com\/da\/koeb-billetter\/superenalotto\/","title":{"rendered":"K\u00f8b Superenalotto billetter"},"content":{"rendered":"<h2>Hvorfor Superenalotto?<\/h2>\n<p>Har du undret dig over, hvordan du kan k\u00f8be Superenalotto billetter fra uden for Italien? Superenalotto er et af de mere popul\u00e6re lotterier p\u00e5 det europ\u00e6iske kontinent. Det er ikke overraskende, at spillere rundt om i verden regelm\u00e6ssigt spiller p\u00e5 lotteriet.<\/p>\n<p>Hos jackpotlotteryonline.com giver vi spillerne adgang til de bedste internationale lotterier som Superenalotto. Vi g\u00f8r det muligt for dig at k\u00f8be lodder, tjekke tr\u00e6kningsresultater og f\u00e5 adgang til dine gevinster.<\/p>\n<p>Med udbredelsen af globale lotterier, hvorfor skulle en spiller s\u00e5 v\u00e6lge at satse p\u00e5 Superenalotto? Vi vil ber\u00f8re nogle af grundene til, at Superenalotto hurtigt er ved at blive det foretrukne lotteri blandt spillerne. Hvis du har travlt med at placere dit v\u00e6ddem\u00e5l, kan du bes\u00f8ge os nu for at f\u00e5 chancen for at vinde stort p\u00e5 Superenalotto.<\/p>\n<h2>Superenalotto har fantastiske jackpots<\/h2>\n<p>Den vigtigste grund til, at spillerne elsker Italiens Superenalotto, er nok p\u00e5 grund af den fantastiske jackpot-pr\u00e6mie. Interessant nok starter jackpotten ved et minimumsbel\u00f8b p\u00e5 2 millioner euro. Det virker ikke som et imponerende tal, n\u00e5r man t\u00e6nker p\u00e5, at mange lotterier tilbyder det bel\u00f8b.<\/p>\n<p>Salgsargumentet er dog, at der ikke er noget loft over Superenalotto-jackpotten. Hvis der ikke er nogen vinder efter en tr\u00e6kning, ruller den videre og bliver ved med at rulle videre efter hver tr\u00e6kning, indtil der kommer en vinder frem. For at understrege dette yderligere har Superenalotto-lotteriet <a href=\"https:\/\/jackpotlotteryonline.com\/da\/vindernumre\/superenalotto\">tre tr\u00e6kninger om ugen<\/a>. Der er n\u00e6sten ingen gr\u00e6nse for, hvor mange gange jackpotten kan rulle over.<\/p>\n<p>Faktisk rullede jackpotten over s\u00e5 mange gange for et par \u00e5r siden, at rekordjackpotten var p\u00e5 209,1 mio. euro i 2019.<\/p>\n<h2>Fik vi n\u00e6vnt tre tr\u00e6kninger om ugen?<\/h2>\n<p>N\u00e5r du spiller Superenalotto, har du tre chancer for at vinde stort hver uge. Det skyldes, at Superenalotto lotteriet holder sine tr\u00e6kninger tre gange om ugen tirsdag, torsdag og l\u00f8rdag.<\/p>\n<p>Det betyder, at hvis der ikke er nogen vinder, vokser jackpotbel\u00f8bet hurtigere, hvis der ikke er nogen vinder. Superenalotto-jackpotten kunne v\u00e6re tredoblet i st\u00f8rrelse p\u00e5 bare \u00e9n kort uge. Det er nok til at f\u00e5 spillerne til at skynde sig at placere deres v\u00e6ddem\u00e5l.<\/p>\n<p>Vil du ikke tabe ved den n\u00e6ste tr\u00e6kning? Hvorfor ikke g\u00e5 over til jackpotlotteryonline.com og placere dit v\u00e6ddem\u00e5l p\u00e5 Superenalotto nu? Man ved aldrig, hvorn\u00e5r lady luck vil v\u00e6re dig gunstig.<\/p>\n<h2>Top 5 Superenalotto vindere<\/h2>\n<p><img loading=\"lazy\" decoding=\"async\" class=\"alignright size-full wp-image-31316\" src=\"https:\/\/jackpotlotteryonline.com\/wp-content\/uploads\/2022\/11\/logo_superenalotto.png\" alt=\"Superenalotto lotteri bold\" width=\"200\" height=\"212\" \/><\/p>\n<p>Er du stadig ikke sikker p\u00e5, om du \u00f8nsker at placere et v\u00e6ddem\u00e5l p\u00e5 Superenalotto lotteriet? Det er ikke noget problem. Du vil blive ansporet, n\u00e5r du l\u00e6ser om de mundvandsdrivende bel\u00f8b, som tidligere vindere har taget hjem.<\/p>\n<p>Den st\u00f8rste jackpot blev vundet i 2019 af et lotterisyndikat, og bel\u00f8bet var p\u00e5 209,1 mio. euro. Det har vi allerede n\u00e6vnt kort, men der er noget andet, som vi ikke har n\u00e6vnt. Den jackpot blev vundet af en enkelt lodsejer. Kan du forestille dig at g\u00e5 hjem med over to hundrede millioner euro?<\/p>\n<p>Den n\u00e6stst\u00f8rste jackpot blev vundet af et lotterisyndikat i 2010, og bel\u00f8bet var p\u00e5 177,7 mio. euro. Derefter f\u00f8lger en jackpot p\u00e5 163,5 millioner euro, som blev vundet af en enkelt billet i 2016. Den n\u00e6stst\u00f8rste jackpot blev vundet af en anden enkelt lodsejer i 2009, og bel\u00f8bet var 147,8 mio. Endelig delte to lodder jackpotten p\u00e5 139 mio. EUR i 2010.<\/p>\n<h2>Hvordan man spiller Superenalotto<\/h2>\n<p><a href=\"https:\/\/jackpotlotteryonline.com\/da\/saadan-spiller-du\/superenalotto\">For at spille Superenalotto<\/a> skal du v\u00e6lge seks hovedtal mellem 1 og 90. Du kan v\u00e6lge flere nummerr\u00e6kker for at \u00f8ge dine chancer for at vinde i lotteriet. V\u00e6lg derefter det antal tr\u00e6kninger, du \u00f8nsker at deltage i. Du kan beslutte at deltage i hver tr\u00e6kning hver uge i de n\u00e6ste 5 uger, hvis du \u00f8nsker det. Jo flere tr\u00e6kninger du deltager i, jo st\u00f8rre er dine chancer for at vinde en pr\u00e6mie.<\/p>\n<p>Der er ogs\u00e5 det, der er kendt som SuperStar, som er en mulighed, der er med til at forbedre dine vinderchancer. Du kan ogs\u00e5 k\u00f8be &#8220;Jolly-nummeret&#8221;, som v\u00e6lges fra 1 til 90. Jolly-nummeret p\u00e5virker ikke jackpotten, men bruges til at afg\u00f8re vinderen af den anden pr\u00e6miekategori.<\/p>\n<p>N\u00e5r du har valgt dine numre, skal du betale for din kupon og vente p\u00e5 tr\u00e6kningerne. N\u00e5r du registrerer dig hos os, automatiserer vi processen for at give dig en mere problemfri oplevelse. Vi tager stressen ud af operationen, s\u00e5 du kan nyde det sjove uden besv\u00e6ret.<\/p>\n<section class=\"layout\" style=\"border: solid 1px; width: 100%;\">\n<div class=\"img-div\" style=\"margin-top: 5px;\"><img decoding=\"async\" class=\"wp-image-17212 alignleft\" style=\"height: 45px; margin: 8px 8px 0px;\" src=\"https:\/\/jackpotlotteryonline.com\/wp-content\/uploads\/2022\/11\/read1.jpg\" alt=\"l\u00e6s\" width=\"\" height=\"\" \/><\/div>\n<div style=\"padding-left: 5px;\">\n<div style=\"font-size: 1.1em;\">\n<p><strong>V\u00e6lg de vindende lottotal manuelt eller ved hj\u00e6lp af en RNG<\/strong><\/p>\n<p style=\"font-size: 0.85em; margin-top: -1.5em;\">Hvordan genererer man vindende lottotal? \u00a0<a href=\"https:\/\/jackpotlotteryonline.com\/da\/hvordan-man-genererer-vindende-lotto-numre\">L\u00e6s mere<\/a><\/p>\n<\/div>\n<\/div>\n<\/section>\n<h2>Hvad er oddsene for at vinde Superenalotto?<\/h2>\n<p>Generelt er lotteriet ikke kendt for at have store odds for spillerne. Sandheden er, at oddsene for at vinde ikke er s\u00e6rlig h\u00f8je. Interessant nok g\u00f8r det det meget mere sp\u00e6ndende at spille lotto. Fordi det at vinde, n\u00e5r det ser ud som om oddsene ikke er til din fordel, giver spillerne en h\u00f8j. Det er ogs\u00e5 en vidunderlig m\u00e5de at vide, at man har heldet p\u00e5 sin side.<\/p>\n<p>Oddsene for at vinde Superenalotto-jackpotten er 1 ud af 622.614.630. Men der er 6 pr\u00e6miekategorier og en Instant win-kategori p\u00e5 25 \u20ac. N\u00e5r du tager disse i betragtning, s\u00e5 er oddsene for at vinde en pr\u00e6mie 1 til 16.<\/p>\n<p>Enhver spiller vil v\u00e6re enig i, at det er utrolige odds, der favoriserer spilleren.<\/p>\n<h2>Superenalotto-priskategorier<\/h2>\n<p><img loading=\"lazy\" decoding=\"async\" class=\"size-medium wp-image-35376 alignright\" src=\"https:\/\/jackpotlotteryonline.com\/wp-content\/uploads\/2022\/11\/2_ticket_superenalotto4-1-211x300.jpg\" alt=\"Superenalotto pr\u00e6mieseddel\" width=\"211\" height=\"300\" srcset=\"https:\/\/jackpotlotteryonline.com\/wp-content\/uploads\/2022\/11\/2_ticket_superenalotto4-1-211x300.jpg 211w, https:\/\/jackpotlotteryonline.com\/wp-content\/uploads\/2022\/11\/2_ticket_superenalotto4-1.jpg 300w\" sizes=\"auto, (max-width: 211px) 100vw, 211px\" \/><\/p>\n<p>Under tr\u00e6kningerne v\u00e6lges seks numre tilf\u00e6ldigt fra en tromle med kugler med numrene 1 til 90. Enhver billet, der matcher de trukne numre, vinder jackpotten.<\/p>\n<p>Superenalotto-jackpotpr\u00e6mien starter p\u00e5 2 mio. EUR, men den ender normalt meget h\u00f8jere end det, fordi den ruller over. De andre pr\u00e6miekategorier bestemmes i henhold til den procentdel af de disponible midler. S\u00e5 det er ikke muligt, hvor meget der ville blive fordelt ved hver tr\u00e6kning.<\/p>\n<p>6 numre &#8211; jackpot (17,4 % af de samlede midler)<br \/>\n5 + Jolly-nummer &#8211; 13 %<br \/>\n5 numre &#8211; 4,2 %.<br \/>\n4 numre &#8211; 4,2 %<br \/>\n3 numre &#8211; 12,8%<br \/>\n2 numre &#8211; 40%<\/p>\n<p><strong>For at f\u00e5 et bedre perspektiv er det gennemsnitlige bel\u00f8b pr. tr\u00e6kning her.<\/strong><\/p>\n<p>6 numre &#8211; 92 056 091,66 \u20ac<br \/>\n5 + Jolly-nummer &#8211; 594 951,95 EUR<br \/>\n5 numre &#8211; 49 736,38 EUR<br \/>\n4 numre &#8211; 354,83 EUR<br \/>\n3 numre &#8211; 27,15 EUR<br \/>\n2 numre &#8211; 5,48 EUR<\/p>\n<h2>Spil Superenalotto p\u00e5 internettet<\/h2>\n<p>Superenalotto er et italiensk lotteri, og der s\u00e6lges kun spil i Italien. Hvis du bor uden for Italien, er den eneste m\u00e5de at f\u00e5 adgang til Superenalotto p\u00e5, at du skal k\u00f8be en post online. Det kan du g\u00f8re hos en internet-lotterivirksomhed som jackpotlotteryonline.com<\/p>\n<h2>Fordele ved at k\u00f8be Superenalotto-tilmeldinger online<\/h2>\n<ul>\n<li>Du f\u00e5r hurtig og \u00f8jeblikkelig adgang til lotteriet<\/li>\n<li>Det er super praktisk, da du ikke beh\u00f8ver at forlade dit hjem<\/li>\n<li>Det er ogs\u00e5 mere sikkert, fordi din kupon gemmes digitalt. Det er vigtigt, fordi det er den eneste m\u00e5de at g\u00f8re krav p\u00e5 din gevinst p\u00e5.<\/li>\n<li>Du beh\u00f8ver ikke g\u00e5 glip af din gevinst, fordi vi giver dig besked med det samme, hvis du vinder en gevinst<\/li>\n<li>Du kan nemt udbetale enhver gevinst online uden at g\u00e5 nogen steder hen<\/li>\n<\/ul>\n<h2>Tilmeld dig hos os for at spille Superenalotto<\/h2>\n<p>Hvis du bor uden for Italien, og du \u00f8nsker at k\u00f8be adgang til Superenalotto lotteriet, kan du g\u00f8re det ved at tilmelde dig hos os. Vi tilbyder en concierge service, der giver dig \u00f8jeblikkelig adgang til de bedste internationale lotterier, herunder Superenalotto.<\/p>\n<p>Vores m\u00e5l er at g\u00f8re lotterioplevelsen til en behagelig oplevelse for vores kunder. Vi tager stressen ud af de enkle ting, s\u00e5 du kan nyde at placere dine spil. K\u00f8b dine lottokuponer hos os nu for at f\u00e5 chancen for at vinde stort p\u00e5 Superenalotto.<\/p>\n","protected":false},"excerpt":{"rendered":"<p>Hvorfor Superenalotto? Har du undret dig over, hvordan du kan k\u00f8be Superenalotto billetter fra uden for Italien? Superenalotto er et af de mere popul\u00e6re lotterier p\u00e5 det europ\u00e6iske kontinent. Det er ikke overraskende, at spillere rundt om i verden regelm\u00e6ssigt spiller p\u00e5 lotteriet. Hos jackpotlotteryonline.com giver vi spillerne adgang til de bedste internationale lotterier som [&hellip;]<\/p>\n","protected":false},"author":1,"featured_media":0,"parent":35742,"menu_order":5,"comment_status":"closed","ping_status":"closed","template":"superenalotto.php","meta":{"_et_pb_use_builder":"","_et_pb_old_content":"","_et_gb_content_width":"","exclude_from_search":false,"footnotes":""},"class_list":["post-36555","page","type-page","status-publish","hentry"],"yoast_head":"<!-- This site is optimized with the Yoast SEO plugin v23.3 - https:\/\/yoast.com\/wordpress\/plugins\/seo\/ -->\n<title>K\u00f8b Superenalotto billetter fra uden for Italien | F\u00e5 billetter online<\/title>\n<meta name=\"description\" content=\"Bor du ikke i Italien, men \u00f8nsker at deltage i Superenalotto? F\u00e5 din online billet til Superenalotto gennem os\" \/>\n<meta name=\"robots\" content=\"index, follow, max-snippet:-1, max-image-preview:large, max-video-preview:-1\" \/>\n<link rel=\"canonical\" href=\"https:\/\/jackpotlotteryonline.com\/buy-tickets\/superenalotto\/\" \/>\n<meta property=\"og:locale\" content=\"da_DK\" \/>\n<meta property=\"og:type\" content=\"article\" \/>\n<meta property=\"og:title\" content=\"K\u00f8b Superenalotto billetter fra uden for Italien | F\u00e5 billetter online\" \/>\n<meta property=\"og:description\" content=\"Bor du ikke i Italien, men \u00f8nsker at deltage i Superenalotto? F\u00e5 din online billet til Superenalotto gennem os\" \/>\n<meta property=\"og:url\" content=\"https:\/\/jackpotlotteryonline.com\/buy-tickets\/superenalotto\/\" \/>\n<meta property=\"og:site_name\" content=\"Lotto Online - Crack The International Lottery Jackpots\" \/>\n<meta property=\"article:modified_time\" content=\"2023-01-03T20:22:13+00:00\" \/>\n<meta property=\"og:image\" content=\"https:\/\/jackpotlotteryonline.com\/wp-content\/uploads\/2022\/11\/logo_superenalotto.png\" \/>\n<meta name=\"twitter:card\" content=\"summary_large_image\" \/>\n<meta name=\"twitter:label1\" content=\"Estimeret l\u00e6setid\" \/>\n\t<meta name=\"twitter:data1\" content=\"6 minutter\" \/>\n<!-- \/ Yoast SEO plugin. -->","yoast_head_json":{"title":"K\u00f8b Superenalotto billetter fra uden for Italien | F\u00e5 billetter online","description":"Bor du ikke i Italien, men \u00f8nsker at deltage i Superenalotto? F\u00e5 din online billet til Superenalotto gennem os","robots":{"index":"index","follow":"follow","max-snippet":"max-snippet:-1","max-image-preview":"max-image-preview:large","max-video-preview":"max-video-preview:-1"},"canonical":"https:\/\/jackpotlotteryonline.com\/buy-tickets\/superenalotto\/","og_locale":"da_DK","og_type":"article","og_title":"K\u00f8b Superenalotto billetter fra uden for Italien | F\u00e5 billetter online","og_description":"Bor du ikke i Italien, men \u00f8nsker at deltage i Superenalotto? F\u00e5 din online billet til Superenalotto gennem os","og_url":"https:\/\/jackpotlotteryonline.com\/buy-tickets\/superenalotto\/","og_site_name":"Lotto Online - Crack The International Lottery Jackpots","article_modified_time":"2023-01-03T20:22:13+00:00","og_image":[{"url":"https:\/\/jackpotlotteryonline.com\/wp-content\/uploads\/2022\/11\/logo_superenalotto.png"}],"twitter_card":"summary_large_image","twitter_misc":{"Estimeret l\u00e6setid":"6 minutter"},"schema":{"@context":"https:\/\/schema.org","@graph":[{"@type":"WebPage","@id":"https:\/\/jackpotlotteryonline.com\/buy-tickets\/superenalotto\/","url":"https:\/\/jackpotlotteryonline.com\/buy-tickets\/superenalotto\/","name":"K\u00f8b Superenalotto billetter fra uden for Italien | F\u00e5 billetter online","isPartOf":{"@id":"https:\/\/jackpotlotteryonline.com\/#website"},"primaryImageOfPage":{"@id":"https:\/\/jackpotlotteryonline.com\/buy-tickets\/superenalotto\/#primaryimage"},"image":{"@id":"https:\/\/jackpotlotteryonline.com\/buy-tickets\/superenalotto\/#primaryimage"},"thumbnailUrl":"https:\/\/jackpotlotteryonline.com\/wp-content\/uploads\/2022\/11\/logo_superenalotto.png","datePublished":"2022-11-07T12:47:19+00:00","dateModified":"2023-01-03T20:22:13+00:00","description":"Bor du ikke i Italien, men \u00f8nsker at deltage i Superenalotto? F\u00e5 din online billet til Superenalotto gennem os","breadcrumb":{"@id":"https:\/\/jackpotlotteryonline.com\/buy-tickets\/superenalotto\/#breadcrumb"},"inLanguage":"da-DK","potentialAction":[{"@type":"ReadAction","target":["https:\/\/jackpotlotteryonline.com\/buy-tickets\/superenalotto\/"]}]},{"@type":"ImageObject","inLanguage":"da-DK","@id":"https:\/\/jackpotlotteryonline.com\/buy-tickets\/superenalotto\/#primaryimage","url":"https:\/\/jackpotlotteryonline.com\/wp-content\/uploads\/2022\/11\/logo_superenalotto.png","contentUrl":"https:\/\/jackpotlotteryonline.com\/wp-content\/uploads\/2022\/11\/logo_superenalotto.png"},{"@type":"BreadcrumbList","@id":"https:\/\/jackpotlotteryonline.com\/buy-tickets\/superenalotto\/#breadcrumb","itemListElement":[{"@type":"ListItem","position":1,"name":"Home","item":"https:\/\/jackpotlotteryonline.com\/da\/"},{"@type":"ListItem","position":2,"name":"S\u00e5dan k\u00f8ber du lotteri billetter online","item":"https:\/\/jackpotlotteryonline.com\/da\/koeb-billetter\/"},{"@type":"ListItem","position":3,"name":"K\u00f8b Superenalotto billetter"}]},{"@type":"WebSite","@id":"https:\/\/jackpotlotteryonline.com\/#website","url":"https:\/\/jackpotlotteryonline.com\/","name":"Lotto Online - Crack The International Lottery Jackpots","description":"","potentialAction":[{"@type":"SearchAction","target":{"@type":"EntryPoint","urlTemplate":"https:\/\/jackpotlotteryonline.com\/?s={search_term_string}"},"query-input":"required name=search_term_string"}],"inLanguage":"da-DK"}]}},"_links":{"self":[{"href":"https:\/\/jackpotlotteryonline.com\/da\/wp-json\/wp\/v2\/pages\/36555","targetHints":{"allow":["GET"]}}],"collection":[{"href":"https:\/\/jackpotlotteryonline.com\/da\/wp-json\/wp\/v2\/pages"}],"about":[{"href":"https:\/\/jackpotlotteryonline.com\/da\/wp-json\/wp\/v2\/types\/page"}],"author":[{"embeddable":true,"href":"https:\/\/jackpotlotteryonline.com\/da\/wp-json\/wp\/v2\/users\/1"}],"replies":[{"embeddable":true,"href":"https:\/\/jackpotlotteryonline.com\/da\/wp-json\/wp\/v2\/comments?post=36555"}],"version-history":[{"count":0,"href":"https:\/\/jackpotlotteryonline.com\/da\/wp-json\/wp\/v2\/pages\/36555\/revisions"}],"up":[{"embeddable":true,"href":"https:\/\/jackpotlotteryonline.com\/da\/wp-json\/wp\/v2\/pages\/35742"}],"wp:attachment":[{"href":"https:\/\/jackpotlotteryonline.com\/da\/wp-json\/wp\/v2\/media?parent=36555"}],"curies":[{"name":"wp","href":"https:\/\/api.w.org\/{rel}","templated":true}]}}