{"id":36609,"date":"2022-11-08T07:31:45","date_gmt":"2022-11-08T07:31:45","guid":{"rendered":"https:\/\/jackpotlotteryonline.com\/?page_id=36609"},"modified":"2023-01-03T20:38:58","modified_gmt":"2023-01-03T20:38:58","slug":"el-gordo","status":"publish","type":"page","link":"https:\/\/jackpotlotteryonline.com\/da\/koeb-billetter\/el-gordo\/","title":{"rendered":"K\u00f8b El Gordo billetter"},"content":{"rendered":"<h2>Det fantastiske spanske lotteri<\/h2>\n<p>El Gordo er rundt om hj\u00f8rnet, og det er ikke alle, der er heldige nok til at bo i eller rejse til Spanien. Alligevel er spillere overalt begejstrede ved tanken om at deltage i de sjove og festlige begivenheder, der f\u00f8lger med dette lotteri. Spillere, der bor uden for landet, kan ogs\u00e5 deltage i dette lotteri, og vi vil vise dig, hvordan du g\u00f8r det.<\/p>\n<p>Hvis du er <a href=\"https:\/\/jackpotlotteryonline.com\/da\/saadan-spiller-du\/spil-el-gordo-lotto-spanien\">nybegynder i lotteriet<\/a>, vil du m\u00e5ske v\u00e6re interesseret i at vide, at dette er et spansk lotteri. Det kaldes El Gordo, som betyder &#8220;den fede&#8221; p\u00e5 grund af den store jackpot. Det siges at v\u00e6re den st\u00f8rste jackpot i verden.<\/p>\n<p>S\u00e5 hvordan kan du f\u00e5 en del af gevinsten, selv om du ikke bor i Spanien? Forts\u00e6t med at l\u00e6se, s\u00e5 fort\u00e6ller vi dig alt om det.<\/p>\n<h2>S\u00e5dan k\u00f8ber du El Gordo-billetter fra lande uden for Spanien<\/h2>\n<p><img loading=\"lazy\" decoding=\"async\" class=\"size-full wp-image-17870 alignright\" src=\"http:\/\/jackpotlotteryonline.com\/wp-content\/uploads\/2022\/10\/lotto_euros.jpg\" alt=\"K\u00f8b El Gordo billet online\" width=\"225\" height=\"134\" \/><\/p>\n<p>Den nemmeste m\u00e5de at k\u00f8be billetter til El Gordo-lotteriet p\u00e5 er via internettet fra en online lotteriudbyder som jackpotlotteryonline.com. Vi leverer en problemfri service, der g\u00f8r det til en ubesv\u00e6ret oplevelse at spille de bedste internationale lotterier. N\u00e5r du registrerer dig hos os, f\u00e5r du en skr\u00e6ddersyet platform, der er skr\u00e6ddersyet til dine behov.<\/p>\n<p>Vi \u00f8nsker at sikre, at vores kunder oplever den forn\u00f8jelse, der f\u00f8lger med at spille lotteri. N\u00e5r du deltager i El Gordo, bliver du en del af historien og traditionen. Dette spanske lotteri er ogs\u00e5 kendt som julelotteriet, og s\u00e6sonen er ikke den samme uden det.<\/p>\n<p>At deltage i det spanske julelotteri kan v\u00e6re lidt forvirrende, hvis det er f\u00f8rste gang du deltager. I mods\u00e6tning til andre lotterier f\u00e5r du ikke mulighed for at v\u00e6lge dine numre. Hver seddel har allerede numre trykt p\u00e5 den. For at \u00f8ge forvirringen er der 100.000 numre i El Gordo-lotteriet. P\u00e5 jackpotlotteryonline.com guider vi dig gennem hvert trin.<\/p>\n<h2>Hvorfor du b\u00f8r deltage i El Gordo<\/h2>\n<p><img loading=\"lazy\" decoding=\"async\" class=\"alignright size-full wp-image-32459\" src=\"http:\/\/jackpotlotteryonline.com\/wp-content\/uploads\/2022\/11\/2_ticket_el_gordo-1.jpg\" alt=\"El Gordo lotteri billet\" width=\"213\" height=\"300\" \/><\/p>\n<p>Der er flere grunde til, at spillere over hele verden elsker El Gordo. Vi n\u00e6vnte det faktum, at det er gennemsyret af historie og traditioner. Lotteriet afholdt sin f\u00f8rste tr\u00e6kning i 1812; det betyder, at det er over 200 \u00e5r gammelt. El Gordo er det n\u00e6st\u00e6ldste l\u00f8bende lotteri i verden, og det er blevet en del af kulturen i Spanien.<\/p>\n<p><a href=\"https:\/\/jackpotlotteryonline.com\/da\/vindernumre\/el-gordo-draw-results\">Tr\u00e6kningen<\/a> finder sted den 22. december hvert \u00e5r, s\u00e5 det er en fantastisk m\u00e5de at s\u00e6tte kul\u00f8r p\u00e5 h\u00f8jtiden. Selve lodtr\u00e6kningen er en anden stor begivenhed, da resultaterne af lodtr\u00e6kningen synges af eleverne fra San Ildefonso skolen. Fik vi n\u00e6vnt, at El Gordo er fyldt med traditioner? Det er helt sikkert noget, som gamle og nye spillere ser frem til hvert \u00e5r.<\/p>\n<p>Derudover er El Gordo et lotteri, der fremmer og fejrer f\u00e6llesskabet. Lodderne er opdelt i flere underafdelinger, og det er ret almindeligt at finde kvarterer, der abonnerer p\u00e5 en underafdeling. S\u00e5 hvorfor ikke g\u00f8re noget s\u00e6rligt for din familie og dine venner ved at deltage i El Gordo sammen? Det er en vidunderlig m\u00e5de at fejre julen p\u00e5.<\/p>\n<h2>Hvordan man spiller El Gordo<\/h2>\n<p>N\u00e5r du deltager i det spanske julelotteri, kan din kupon have numre fra 00000 til 99999. Hver kupon er opdelt i ti dele, som er yderligere underopdelt. S\u00e5 uanset dit budget har du r\u00e5d til at k\u00f8be en kupon.<\/p>\n<p>Lige s\u00e5 interessant er det, at El Gordo-spillere har en meget stor chance for at vinde. Den samlede jackpot er p\u00e5 milliarder af euro, og oddsene er utrolige. S\u00e5 spillerne kan g\u00e5 hjem med tusindvis af euro, selv hvis de ikke vinder f\u00f8rstepr\u00e6mien.<\/p>\n<p>N\u00e5r du har k\u00f8bt din billet, er det eneste, du skal g\u00f8re, at vente p\u00e5 tr\u00e6kningen den 22. december. P\u00e5 vores hjemmeside beder vi vores kunder om at registrere sig, s\u00e5 vi kan give dem besked, s\u00e5 snart de har vundet en pr\u00e6mie. Det er ogs\u00e5 nemt at udbetale dine gevinster, da du kan g\u00f8re det fra vores platform.<\/p>\n<section class=\"layout\" style=\"border: solid 1px; width: 100%;\">\n<div class=\"img-div\" style=\"margin-top: 5px;\"><img decoding=\"async\" class=\"wp-image-17212 alignleft\" style=\"height: 45px; margin: 8px 8px 0px;\" src=\"http:\/\/jackpotlotteryonline.com\/wp-content\/uploads\/2022\/11\/read1.jpg\" alt=\"l\u00e6s\" width=\"\" height=\"\" \/><\/div>\n<div style=\"padding-left: 5px;\">\n<div style=\"font-size: 1.1em;\">\n<p><strong>G\u00e5 ikke glip af tidspunkterne for tr\u00e6kning af verdens st\u00f8rste jackpots i lotteriet<\/strong><\/p>\n<p style=\"font-size: 0.85em; margin-top: -1.5em;\">En liste over tr\u00e6kningstider for de internationale lotterier\u00a0\u00a0<a href=\"https:\/\/jackpotlotteryonline.com\/da\/hvornaar-er-der-traekningstidspunkter-for-de-internationale-lotterier\"> L\u00e6s mere<\/a><\/p>\n<\/div>\n<\/div>\n<\/section>\n<h2>Trin for at spille El Gordo online<\/h2>\n<ol>\n<li>Nu hvor du er lige s\u00e5 begejstret som vi er for det spanske julelotteri, s\u00e5 lad os tage dig gennem trinene.<\/li>\n<li>K\u00f8b din El Gordo-billet p\u00e5 vores hjemmeside<\/li>\n<li>Registrer dig, s\u00e5 vi kan kontakte dig, hvis du vinder<\/li>\n<li>Vent p\u00e5 lodtr\u00e6kningen<\/li>\n<\/ol>\n<h2>Udbetal din gevinst, hvis du vinder<\/h2>\n<p>S\u00e5 enkelt er det, n\u00e5r du registrerer dig hos os. Vi fjerner alle komplikationer, s\u00e5 du kan koncentrere dig om det sjove ved spillet. Hvis du leder efter et lotterispil med gode odds, som du kan nyde, s\u00e5 beh\u00f8ver du ikke lede l\u00e6ngere.<\/p>\n<p>Vi b\u00f8r n\u00e6vne, at selv om El Gordo har gode odds, er det et spil med tilf\u00e6ldigheder. Der er ingen m\u00e5de at garantere, at du vil vinde, og der er heller ikke noget, der siger, at du ikke vil vinde. Men den eneste m\u00e5de, hvorp\u00e5 du kan f\u00e5 en chance for at vinde en pr\u00e6mie, er, hvis du tilmelder dig lotteriet i f\u00f8rste omgang. S\u00e5 tilmeld dig hos os nu for at k\u00f8be de spanske julelotterisedler.<\/p>\n","protected":false},"excerpt":{"rendered":"<p>Det fantastiske spanske lotteri El Gordo er rundt om hj\u00f8rnet, og det er ikke alle, der er heldige nok til at bo i eller rejse til Spanien. Alligevel er spillere overalt begejstrede ved tanken om at deltage i de sjove og festlige begivenheder, der f\u00f8lger med dette lotteri. Spillere, der bor uden for landet, kan [&hellip;]<\/p>\n","protected":false},"author":1,"featured_media":0,"parent":35742,"menu_order":6,"comment_status":"closed","ping_status":"closed","template":"el-gordo-info.php","meta":{"_et_pb_use_builder":"","_et_pb_old_content":"","_et_gb_content_width":"","exclude_from_search":false,"footnotes":""},"class_list":["post-36609","page","type-page","status-publish","hentry"],"yoast_head":"<!-- This site is optimized with the Yoast SEO plugin v23.3 - https:\/\/yoast.com\/wordpress\/plugins\/seo\/ -->\n<title>K\u00f8b El Gordo billetter fra uden for Spanien | El Gordo billetter online<\/title>\n<meta name=\"description\" content=\"Du kan k\u00f8be El Gordo billetter online, hvis du bor uden for Spanien - lige her via denne online billetservice\" \/>\n<meta name=\"robots\" content=\"index, follow, max-snippet:-1, max-image-preview:large, max-video-preview:-1\" \/>\n<link rel=\"canonical\" href=\"https:\/\/jackpotlotteryonline.com\/buy-tickets\/el-gordo\/\" \/>\n<meta property=\"og:locale\" content=\"da_DK\" \/>\n<meta property=\"og:type\" content=\"article\" \/>\n<meta property=\"og:title\" content=\"K\u00f8b El Gordo billetter fra uden for Spanien | El Gordo billetter online\" \/>\n<meta property=\"og:description\" content=\"Du kan k\u00f8be El Gordo billetter online, hvis du bor uden for Spanien - lige her via denne online billetservice\" \/>\n<meta property=\"og:url\" content=\"https:\/\/jackpotlotteryonline.com\/buy-tickets\/el-gordo\/\" \/>\n<meta property=\"og:site_name\" content=\"Lotto Online - Crack The International Lottery Jackpots\" \/>\n<meta property=\"article:modified_time\" content=\"2023-01-03T20:38:58+00:00\" \/>\n<meta property=\"og:image\" content=\"http:\/\/jackpotlotteryonline.com\/wp-content\/uploads\/2022\/10\/lotto_euros.jpg\" \/>\n<meta name=\"twitter:card\" content=\"summary_large_image\" \/>\n<meta name=\"twitter:label1\" content=\"Estimeret l\u00e6setid\" \/>\n\t<meta name=\"twitter:data1\" content=\"5 minutter\" \/>\n<!-- \/ Yoast SEO plugin. -->","yoast_head_json":{"title":"K\u00f8b El Gordo billetter fra uden for Spanien | El Gordo billetter online","description":"Du kan k\u00f8be El Gordo billetter online, hvis du bor uden for Spanien - lige her via denne online billetservice","robots":{"index":"index","follow":"follow","max-snippet":"max-snippet:-1","max-image-preview":"max-image-preview:large","max-video-preview":"max-video-preview:-1"},"canonical":"https:\/\/jackpotlotteryonline.com\/buy-tickets\/el-gordo\/","og_locale":"da_DK","og_type":"article","og_title":"K\u00f8b El Gordo billetter fra uden for Spanien | El Gordo billetter online","og_description":"Du kan k\u00f8be El Gordo billetter online, hvis du bor uden for Spanien - lige her via denne online billetservice","og_url":"https:\/\/jackpotlotteryonline.com\/buy-tickets\/el-gordo\/","og_site_name":"Lotto Online - Crack The International Lottery Jackpots","article_modified_time":"2023-01-03T20:38:58+00:00","og_image":[{"url":"http:\/\/jackpotlotteryonline.com\/wp-content\/uploads\/2022\/10\/lotto_euros.jpg"}],"twitter_card":"summary_large_image","twitter_misc":{"Estimeret l\u00e6setid":"5 minutter"},"schema":{"@context":"https:\/\/schema.org","@graph":[{"@type":"WebPage","@id":"https:\/\/jackpotlotteryonline.com\/buy-tickets\/el-gordo\/","url":"https:\/\/jackpotlotteryonline.com\/buy-tickets\/el-gordo\/","name":"K\u00f8b El Gordo billetter fra uden for Spanien | El Gordo billetter online","isPartOf":{"@id":"https:\/\/jackpotlotteryonline.com\/#website"},"primaryImageOfPage":{"@id":"https:\/\/jackpotlotteryonline.com\/buy-tickets\/el-gordo\/#primaryimage"},"image":{"@id":"https:\/\/jackpotlotteryonline.com\/buy-tickets\/el-gordo\/#primaryimage"},"thumbnailUrl":"http:\/\/jackpotlotteryonline.com\/wp-content\/uploads\/2022\/10\/lotto_euros.jpg","datePublished":"2022-11-08T07:31:45+00:00","dateModified":"2023-01-03T20:38:58+00:00","description":"Du kan k\u00f8be El Gordo billetter online, hvis du bor uden for Spanien - lige her via denne online billetservice","breadcrumb":{"@id":"https:\/\/jackpotlotteryonline.com\/buy-tickets\/el-gordo\/#breadcrumb"},"inLanguage":"da-DK","potentialAction":[{"@type":"ReadAction","target":["https:\/\/jackpotlotteryonline.com\/buy-tickets\/el-gordo\/"]}]},{"@type":"ImageObject","inLanguage":"da-DK","@id":"https:\/\/jackpotlotteryonline.com\/buy-tickets\/el-gordo\/#primaryimage","url":"http:\/\/jackpotlotteryonline.com\/wp-content\/uploads\/2022\/10\/lotto_euros.jpg","contentUrl":"http:\/\/jackpotlotteryonline.com\/wp-content\/uploads\/2022\/10\/lotto_euros.jpg"},{"@type":"BreadcrumbList","@id":"https:\/\/jackpotlotteryonline.com\/buy-tickets\/el-gordo\/#breadcrumb","itemListElement":[{"@type":"ListItem","position":1,"name":"Home","item":"https:\/\/jackpotlotteryonline.com\/da\/"},{"@type":"ListItem","position":2,"name":"S\u00e5dan k\u00f8ber du lotteri billetter online","item":"https:\/\/jackpotlotteryonline.com\/da\/koeb-billetter\/"},{"@type":"ListItem","position":3,"name":"K\u00f8b El Gordo billetter"}]},{"@type":"WebSite","@id":"https:\/\/jackpotlotteryonline.com\/#website","url":"https:\/\/jackpotlotteryonline.com\/","name":"Lotto Online - Crack The International Lottery Jackpots","description":"","potentialAction":[{"@type":"SearchAction","target":{"@type":"EntryPoint","urlTemplate":"https:\/\/jackpotlotteryonline.com\/?s={search_term_string}"},"query-input":"required name=search_term_string"}],"inLanguage":"da-DK"}]}},"_links":{"self":[{"href":"https:\/\/jackpotlotteryonline.com\/da\/wp-json\/wp\/v2\/pages\/36609","targetHints":{"allow":["GET"]}}],"collection":[{"href":"https:\/\/jackpotlotteryonline.com\/da\/wp-json\/wp\/v2\/pages"}],"about":[{"href":"https:\/\/jackpotlotteryonline.com\/da\/wp-json\/wp\/v2\/types\/page"}],"author":[{"embeddable":true,"href":"https:\/\/jackpotlotteryonline.com\/da\/wp-json\/wp\/v2\/users\/1"}],"replies":[{"embeddable":true,"href":"https:\/\/jackpotlotteryonline.com\/da\/wp-json\/wp\/v2\/comments?post=36609"}],"version-history":[{"count":0,"href":"https:\/\/jackpotlotteryonline.com\/da\/wp-json\/wp\/v2\/pages\/36609\/revisions"}],"up":[{"embeddable":true,"href":"https:\/\/jackpotlotteryonline.com\/da\/wp-json\/wp\/v2\/pages\/35742"}],"wp:attachment":[{"href":"https:\/\/jackpotlotteryonline.com\/da\/wp-json\/wp\/v2\/media?parent=36609"}],"curies":[{"name":"wp","href":"https:\/\/api.w.org\/{rel}","templated":true}]}}