{"id":36661,"date":"2022-11-08T09:16:08","date_gmt":"2022-11-08T09:16:08","guid":{"rendered":"https:\/\/jackpotlotteryonline.com\/?page_id=36661"},"modified":"2023-01-03T20:55:15","modified_gmt":"2023-01-03T20:55:15","slug":"lotto-germany","status":"publish","type":"page","link":"https:\/\/jackpotlotteryonline.com\/da\/koeb-billetter\/lotto-germany\/","title":{"rendered":"K\u00f8b billetter til Lotto Germany"},"content":{"rendered":"<p>Spillere, der bor uden for Tyskland, kan m\u00e5ske finde det lidt sv\u00e6rt at k\u00f8be billetter til det tyske lotto, men s\u00e5dan beh\u00f8ver det ikke at v\u00e6re. Det tyske Lotto er ogs\u00e5 kendt som 6 aus 49 og er et af Europas l\u00e6ngstl\u00f8bende lotterier. Det blev etableret i 1955 og er hurtigt blevet det f\u00f8rende lottospil i landet.<\/p>\n<p>Deltagerne i dette lotteri kan f\u00e5s hos akkrediterede leverand\u00f8rer i Tyskland. Men hvis du bor i en anden del af verden, er du n\u00f8dt til at stole p\u00e5 et trov\u00e6rdigt online-lotterisite som jackpotlotteryoneline.com.<\/p>\n<p><a href=\"https:\/\/jackpotlotteryonline.com\/da\/saadan-spiller-du\/german-lotto\">At spille lotteriet online<\/a> er simpelt, og n\u00e5r du bruger vores side, bliver det en problemfri og behagelig oplevelse.<\/p>\n<h2>S\u00e5dan spiller du det tyske Lotto p\u00e5 vores side<\/h2>\n<p><img loading=\"lazy\" decoding=\"async\" class=\"alignright size-medium wp-image-33350\" src=\"http:\/\/jackpotlotteryonline.com\/wp-content\/uploads\/2022\/11\/2_ticket_euromillions3-1-111x300.jpg\" alt=\"tysk lotto billet\" width=\"111\" height=\"300\" srcset=\"https:\/\/jackpotlotteryonline.com\/wp-content\/uploads\/2022\/11\/2_ticket_euromillions3-1-111x300.jpg 111w, https:\/\/jackpotlotteryonline.com\/wp-content\/uploads\/2022\/11\/2_ticket_euromillions3-1.jpg 180w\" sizes=\"auto, (max-width: 111px) 100vw, 111px\" \/><\/p>\n<p>Den bogstavelige overs\u00e6ttelse af 6 aus 49 er seks ud af 49. For at spille det tyske lotto skal du v\u00e6lge seks tal mellem 1 og 49 og et bonustal fra 0 til 9. Dette er det samme, uanset om du spiller offline eller via internettet.<\/p>\n<p>N\u00e5r du k\u00f8ber en post til det tyske lotteri p\u00e5 vores websted, kan du v\u00e6lge 6 tal ud af 49. Du kan v\u00e6lge mere end \u00e9n r\u00e6kke af tal, da hvert tal t\u00e6ller for en post, hvilket giver dig h\u00f8jere odds. Dern\u00e6st kan du v\u00e6lge, om du vil deltage i en enkelt eller flere tr\u00e6kninger.<\/p>\n<p><a href=\"https:\/\/jackpotlotteryonline.com\/da\/vindernumre\/german-lotto\">Det tyske lotteri har to tr\u00e6kninger om ugen<\/a>, onsdag og l\u00f8rdag, og du kan v\u00e6lge at deltage i en enkelt eller flere tr\u00e6kninger. N\u00e5r du har truffet dit valg, er det n\u00e6ste skridt at betale for dit k\u00f8b. Vi vil bede dig om at registrere dig hos os p\u00e5 dette tidspunkt. Dette er n\u00f8dvendigt af flere \u00e5rsager:<\/p>\n<ul>\n<li>Ved at registrere dig kan du opbevare dine deltagelsessedler sikkert, da du skal bruge dem for at g\u00f8re krav p\u00e5 eventuelle gevinster<\/li>\n<li>Du kan nemt tjekke resultaterne af lodtr\u00e6kningen, selv om vi giver dig besked via dit instrumentbr\u00e6t og via e-mail, hvis du vinder en pr\u00e6mie.<\/li>\n<li>Du kan ogs\u00e5 udbetale eventuelle gevinster, du har vundet, direkte p\u00e5 vores platform<\/li>\n<\/ul>\n<h2>S\u00e5dan vinder du i lotteriet<\/h2>\n<p>Under tr\u00e6kningerne tr\u00e6kkes seks numre fra 1 &#8211; 49. Bonusnummeret, som er kendt som Superzahl, tr\u00e6kkes fra en anden maskine. Hvis dine tal stemmer overens med de trukne tal, s\u00e5 vinder du jackpotten.<\/p>\n<p>Det er vigtigt at n\u00e6vne, at jackpotten ikke er den eneste gevinst, som spillerne kan vinde, n\u00e5r de spiller i det tyske lotteri. Dette europ\u00e6iske lotteri har 10 forskellige pr\u00e6miekategorier, og der er en pr\u00e6mie for at matche to tal og bonusnummeret.<\/p>\n<p>Som vi n\u00e6vnte f\u00f8r, er oddsene for at vinde dette lotteri ret gode. Oddsene for at vinde jackpotten er 1 ud af 139.838.160, og de samlede odds for at vinde en pr\u00e6mie er 1 ud af 31. Hvis du aldrig har spillet det tyske 6 aus 49, er det et godt tidspunkt at overveje at placere en indsats. Det kan du g\u00f8re ved at k\u00f8be en adgang til lotteriet p\u00e5 jackpotlotteryoneline.com.<\/p>\n<section class=\"layout\" style=\"border: solid 1px; width: 100%;\">\n<div class=\"img-div\" style=\"margin-top: 5px;\"><img decoding=\"async\" class=\"wp-image-17212 alignleft\" style=\"height: 45px; margin: 8px 8px 0px;\" src=\"http:\/\/jackpotlotteryonline.com\/wp-content\/uploads\/2022\/11\/read1.jpg\" alt=\"l\u00e6s\" width=\"\" height=\"\" \/><\/div>\n<div style=\"padding-left: 5px;\">\n<div style=\"font-size: 1.1em;\">\n<p><strong>Hvilken bil ville du k\u00f8be, hvis du vandt i lotto?<\/strong><\/p>\n<p style=\"font-size: 0.85em; margin-top: -1.5em;\">Vind i lotteriet og f\u00e5 en ny bil \u00a0<a href=\"https:\/\/jackpotlotteryonline.com\/da\/hvilken-bil-ville-du-koebe-hvis-du-vandt-i-lotto\">L\u00e6s mere<\/a><\/p>\n<\/div>\n<\/div>\n<\/section>\n<h2>Hvordan ved jeg, at jeg har en rigtig kupon?<\/h2>\n<p><img loading=\"lazy\" decoding=\"async\" class=\"size-medium wp-image-27698 alignright\" src=\"http:\/\/jackpotlotteryonline.com\/wp-content\/uploads\/2022\/11\/1_lottery_results-300x150.jpg\" alt=\"tysk-lotteriekugler\" width=\"300\" height=\"150\" srcset=\"https:\/\/jackpotlotteryonline.com\/wp-content\/uploads\/2022\/11\/1_lottery_results-300x150.jpg 300w, https:\/\/jackpotlotteryonline.com\/wp-content\/uploads\/2022\/11\/1_lottery_results.jpg 350w\" sizes=\"auto, (max-width: 300px) 100vw, 300px\" \/><\/p>\n<p>Dette er et meget vigtigt sp\u00f8rgsm\u00e5l, is\u00e6r n\u00e5r du k\u00f8ber tyske lottosedler online. Det er muligt at k\u00f8be det, som du tror er en lottokupon, og alligevel ikke v\u00e6re med i lotteriet.<\/p>\n<p>Lotto har serienumre p\u00e5trykt p\u00e5 hver kupon, og de er vigtige for at afg\u00f8re, om en kupon er \u00e6gte. Hos jackpotlotteryonline.com driver vi en concierge-service for vores kunder. Det vi mener er, at n\u00e5r du k\u00f8ber dine online lottosedler hos os, vil dine sedler have de serienumre, der kommer fra det tyske lotteri.<\/p>\n<p>Med andre ord f\u00e5r du med vores service adgang til lotteriet med andre ord. Hvis du matcher de udtrukne numre, vil du vinde jackpotten.<\/p>\n<h2>Hvordan kan jeg kr\u00e6ve min gevinst?<\/h2>\n<p>Fordelen ved at spille lotto hos os er, at du ikke beh\u00f8ver at bekymre dig om at kr\u00e6ve din gevinst. F\u00f8rst og fremmest er din kupon sikker p\u00e5 din konto, og du er ikke bange for at miste den. Da du skal bruge kuponen for at kr\u00e6ve din gevinst, er det en god ting. I 2021 gik en jackpotgevinst p\u00e5 11,3 mio. euro tilbage til puljen, fordi den ikke blev kr\u00e6vet ind i 3 \u00e5r. Vi \u00f8nsker ikke, at det skal ske for dig.<\/p>\n<p>For det andet, hvis du vinder noget, giver vi dig besked med det samme, og n\u00e6ste gang du logger ind p\u00e5 din konto, vil dine penge v\u00e6re lige der og vente p\u00e5 dig. Du skal blot h\u00e6ve pengene til din bankkonto, og s\u00e5 er du klar til at nyde din gevinst.<\/p>\n<p>Vi ved, at n\u00e5r du spiller lotto, er du optaget af at have det sjovt. Det skal jo trods alt v\u00e6re et sjovt spil. S\u00e5 vi arbejder utr\u00e6tteligt p\u00e5 at nedskalere processen, s\u00e5 den er problemfri og uden besv\u00e6r, s\u00e5 du kan nyde spillet.<\/p>\n<h2>6 aus 49 gevinstniveauer<\/h2>\n<p>Vil du vide, hvad du kan vinde, n\u00e5r du spiller p\u00e5 det tyske lotto? Her er de forskellige gevinstniveauer og den procentdel af pr\u00e6miefonden, der tildeles hvert niveau.<\/p>\n<p>Match 6 + Superzahl &#8211; 12,80 % (Jackpot)<br \/>\nMatch 6 alene &#8211; 10 %.<br \/>\nMatch 5 + Superzahl &#8211; 5 % (5 %)<br \/>\nKun match 5 &#8211; 15 %.<br \/>\nMatch 4 + Superzahl &#8211; 5 % (5 %)<br \/>\nMatch 4 alene &#8211; 10 %<br \/>\nMatch 3 + Superzahl &#8211; 10 %.<br \/>\nKun match 3 &#8211; 45%<br \/>\nMatch 2 + Superzahl &#8211; 6 EUR<\/p>\n<p>Bem\u00e6rk, at de andre pr\u00e6mier fasts\u00e6ttes, efter at jackpotten er blevet taget ud af pr\u00e6miepuljen.<\/p>\n<h2>Hvor stor er jackpotten?<\/h2>\n<p>Jackpotpr\u00e6mien i det tyske lotteri starter p\u00e5 2 mio. \u20ac og forts\u00e6tter efter hver tr\u00e6kning, hvis der ikke er nogen vinder. Som f\u00f8lge heraf bliver jackpotten st\u00f8rre, indtil den n\u00e5r op p\u00e5 et mundvandsdrivende bel\u00f8b.<\/p>\n<p>I oktober 2020 vandt en enkelt lodsejer f.eks. i oktober 2020 en jackpotgevinst p\u00e5 42 583 626 EUR. Denne gevinst var den st\u00f8rste jackpot i det tyske lottos historie. T\u00e6t i h\u00e6lene p\u00e5 den var jackpotpr\u00e6mien p\u00e5 33 832 008 EUR, som ogs\u00e5 blev vundet af en lottospiller.<\/p>\n<p>Flere andre tyske lottospillere har vundet jackpotpr\u00e6mier til en v\u00e6rdi af millioner af euro. Det er derfor ikke overraskende, at spillere i hele verden skynder sig at deltage i de ugentlige tr\u00e6kninger.<\/p>\n<h2>Registrer dig hos os for at spille lotto online<\/h2>\n<p>Du beh\u00f8ver ikke at bo i Tyskland for at deltage i det tyske lotteri. N\u00e5r du registrerer dig hos os, f\u00e5r du adgang til de bedste internationale lotterier. Det \u00e5bner virkelig op for en verden af muligheder. Bem\u00e6rk ogs\u00e5, at midler fra lotteriet ikke er skattepligtige i Tyskland. Vi anbefaler dog, at du tjekker skattelovgivningen der, hvor du bor.<\/p>\n<p>S\u00e5, hvad venter du p\u00e5? Registrer dig hos os for at k\u00f8be dine tyske lottokuponer online og spring ind i den sp\u00e6ndende verden af internationale lotterispil.<\/p>\n","protected":false},"excerpt":{"rendered":"<p>Spillere, der bor uden for Tyskland, kan m\u00e5ske finde det lidt sv\u00e6rt at k\u00f8be billetter til det tyske lotto, men s\u00e5dan beh\u00f8ver det ikke at v\u00e6re. Det tyske Lotto er ogs\u00e5 kendt som 6 aus 49 og er et af Europas l\u00e6ngstl\u00f8bende lotterier. Det blev etableret i 1955 og er hurtigt blevet det f\u00f8rende lottospil [&hellip;]<\/p>\n","protected":false},"author":1,"featured_media":0,"parent":35742,"menu_order":8,"comment_status":"closed","ping_status":"closed","template":"lotto-german-info.php","meta":{"_et_pb_use_builder":"","_et_pb_old_content":"","_et_gb_content_width":"","exclude_from_search":false,"footnotes":""},"class_list":["post-36661","page","type-page","status-publish","hentry"],"yoast_head":"<!-- This site is optimized with the Yoast SEO plugin v23.3 - https:\/\/yoast.com\/wordpress\/plugins\/seo\/ -->\n<title>K\u00f8b billetter til tysk lotto uden for Tyskland | Tyskland Lotto online<\/title>\n<meta name=\"description\" content=\"Billetter til det tyske Lotto 6\/49 tilg\u00e6ngelige her, du kan trygt k\u00f8be dem online her, fra uden for Tyskland\" \/>\n<meta name=\"robots\" content=\"index, follow, max-snippet:-1, max-image-preview:large, max-video-preview:-1\" \/>\n<link rel=\"canonical\" href=\"https:\/\/jackpotlotteryonline.com\/buy-tickets\/lotto-germany\/\" \/>\n<meta property=\"og:locale\" content=\"da_DK\" \/>\n<meta property=\"og:type\" content=\"article\" \/>\n<meta property=\"og:title\" content=\"K\u00f8b billetter til tysk lotto uden for Tyskland | Tyskland Lotto online\" \/>\n<meta property=\"og:description\" content=\"Billetter til det tyske Lotto 6\/49 tilg\u00e6ngelige her, du kan trygt k\u00f8be dem online her, fra uden for Tyskland\" \/>\n<meta property=\"og:url\" content=\"https:\/\/jackpotlotteryonline.com\/buy-tickets\/lotto-germany\/\" \/>\n<meta property=\"og:site_name\" content=\"Lotto Online - Crack The International Lottery Jackpots\" \/>\n<meta property=\"article:modified_time\" content=\"2023-01-03T20:55:15+00:00\" \/>\n<meta property=\"og:image\" content=\"http:\/\/jackpotlotteryonline.com\/wp-content\/uploads\/2022\/11\/2_ticket_euromillions3-1-111x300.jpg\" \/>\n<meta name=\"twitter:card\" content=\"summary_large_image\" \/>\n<meta name=\"twitter:label1\" content=\"Estimeret l\u00e6setid\" \/>\n\t<meta name=\"twitter:data1\" content=\"6 minutter\" \/>\n<!-- \/ Yoast SEO plugin. -->","yoast_head_json":{"title":"K\u00f8b billetter til tysk lotto uden for Tyskland | Tyskland Lotto online","description":"Billetter til det tyske Lotto 6\/49 tilg\u00e6ngelige her, du kan trygt k\u00f8be dem online her, fra uden for Tyskland","robots":{"index":"index","follow":"follow","max-snippet":"max-snippet:-1","max-image-preview":"max-image-preview:large","max-video-preview":"max-video-preview:-1"},"canonical":"https:\/\/jackpotlotteryonline.com\/buy-tickets\/lotto-germany\/","og_locale":"da_DK","og_type":"article","og_title":"K\u00f8b billetter til tysk lotto uden for Tyskland | Tyskland Lotto online","og_description":"Billetter til det tyske Lotto 6\/49 tilg\u00e6ngelige her, du kan trygt k\u00f8be dem online her, fra uden for Tyskland","og_url":"https:\/\/jackpotlotteryonline.com\/buy-tickets\/lotto-germany\/","og_site_name":"Lotto Online - Crack The International Lottery Jackpots","article_modified_time":"2023-01-03T20:55:15+00:00","og_image":[{"url":"http:\/\/jackpotlotteryonline.com\/wp-content\/uploads\/2022\/11\/2_ticket_euromillions3-1-111x300.jpg"}],"twitter_card":"summary_large_image","twitter_misc":{"Estimeret l\u00e6setid":"6 minutter"},"schema":{"@context":"https:\/\/schema.org","@graph":[{"@type":"WebPage","@id":"https:\/\/jackpotlotteryonline.com\/buy-tickets\/lotto-germany\/","url":"https:\/\/jackpotlotteryonline.com\/buy-tickets\/lotto-germany\/","name":"K\u00f8b billetter til tysk lotto uden for Tyskland | Tyskland Lotto online","isPartOf":{"@id":"https:\/\/jackpotlotteryonline.com\/#website"},"primaryImageOfPage":{"@id":"https:\/\/jackpotlotteryonline.com\/buy-tickets\/lotto-germany\/#primaryimage"},"image":{"@id":"https:\/\/jackpotlotteryonline.com\/buy-tickets\/lotto-germany\/#primaryimage"},"thumbnailUrl":"http:\/\/jackpotlotteryonline.com\/wp-content\/uploads\/2022\/11\/2_ticket_euromillions3-1-111x300.jpg","datePublished":"2022-11-08T09:16:08+00:00","dateModified":"2023-01-03T20:55:15+00:00","description":"Billetter til det tyske Lotto 6\/49 tilg\u00e6ngelige her, du kan trygt k\u00f8be dem online her, fra uden for Tyskland","breadcrumb":{"@id":"https:\/\/jackpotlotteryonline.com\/buy-tickets\/lotto-germany\/#breadcrumb"},"inLanguage":"da-DK","potentialAction":[{"@type":"ReadAction","target":["https:\/\/jackpotlotteryonline.com\/buy-tickets\/lotto-germany\/"]}]},{"@type":"ImageObject","inLanguage":"da-DK","@id":"https:\/\/jackpotlotteryonline.com\/buy-tickets\/lotto-germany\/#primaryimage","url":"http:\/\/jackpotlotteryonline.com\/wp-content\/uploads\/2022\/11\/2_ticket_euromillions3-1-111x300.jpg","contentUrl":"http:\/\/jackpotlotteryonline.com\/wp-content\/uploads\/2022\/11\/2_ticket_euromillions3-1-111x300.jpg"},{"@type":"BreadcrumbList","@id":"https:\/\/jackpotlotteryonline.com\/buy-tickets\/lotto-germany\/#breadcrumb","itemListElement":[{"@type":"ListItem","position":1,"name":"Home","item":"https:\/\/jackpotlotteryonline.com\/da\/"},{"@type":"ListItem","position":2,"name":"S\u00e5dan k\u00f8ber du lotteri billetter online","item":"https:\/\/jackpotlotteryonline.com\/da\/koeb-billetter\/"},{"@type":"ListItem","position":3,"name":"K\u00f8b billetter til Lotto Germany"}]},{"@type":"WebSite","@id":"https:\/\/jackpotlotteryonline.com\/#website","url":"https:\/\/jackpotlotteryonline.com\/","name":"Lotto Online - Crack The International Lottery Jackpots","description":"","potentialAction":[{"@type":"SearchAction","target":{"@type":"EntryPoint","urlTemplate":"https:\/\/jackpotlotteryonline.com\/?s={search_term_string}"},"query-input":"required name=search_term_string"}],"inLanguage":"da-DK"}]}},"_links":{"self":[{"href":"https:\/\/jackpotlotteryonline.com\/da\/wp-json\/wp\/v2\/pages\/36661","targetHints":{"allow":["GET"]}}],"collection":[{"href":"https:\/\/jackpotlotteryonline.com\/da\/wp-json\/wp\/v2\/pages"}],"about":[{"href":"https:\/\/jackpotlotteryonline.com\/da\/wp-json\/wp\/v2\/types\/page"}],"author":[{"embeddable":true,"href":"https:\/\/jackpotlotteryonline.com\/da\/wp-json\/wp\/v2\/users\/1"}],"replies":[{"embeddable":true,"href":"https:\/\/jackpotlotteryonline.com\/da\/wp-json\/wp\/v2\/comments?post=36661"}],"version-history":[{"count":0,"href":"https:\/\/jackpotlotteryonline.com\/da\/wp-json\/wp\/v2\/pages\/36661\/revisions"}],"up":[{"embeddable":true,"href":"https:\/\/jackpotlotteryonline.com\/da\/wp-json\/wp\/v2\/pages\/35742"}],"wp:attachment":[{"href":"https:\/\/jackpotlotteryonline.com\/da\/wp-json\/wp\/v2\/media?parent=36661"}],"curies":[{"name":"wp","href":"https:\/\/api.w.org\/{rel}","templated":true}]}}