{"id":36715,"date":"2022-11-08T11:19:30","date_gmt":"2022-11-08T11:19:30","guid":{"rendered":"https:\/\/jackpotlotteryonline.com\/?page_id=36715"},"modified":"2022-12-21T14:26:43","modified_gmt":"2022-12-21T14:26:43","slug":"la-primitiva","status":"publish","type":"page","link":"https:\/\/jackpotlotteryonline.com\/da\/koeb-billetter\/la-primitiva\/","title":{"rendered":"K\u00f8b La Primitiva billetter"},"content":{"rendered":"<h2>La Primitiva Online<\/h2>\n<p>Spanske lotterier har altid fanget manges fantasi, og La Primitiva er ingen undtagelse. Og nu kan du <strong>k\u00f8be en billet til La Primitiva online fra lande uden for Spanien.<\/strong> Tidligere var La Primitiva kun begr\u00e6nset til spanske statsborgere, men med udbredelsen af kommunikation er det g\u00e5et videre til den n\u00e6ste generation og tilbydes til alle over 18 \u00e5r.<\/p>\n<p>Via vores hjemmeside kan La Primitiva Lotto nu spilles online. Det er et af de st\u00f8rste europ\u00e6iske lotterier og kommer med massive pr\u00e6mier.<\/p>\n<p>Hvis du \u00f8nsker at k\u00f8be en kupon til La Primitiva-lotto online, og du bor uden for Spanien, er den eneste mulighed du har, at k\u00f8be den hos os. Med mange kunder fra hele verden leverer vi de bedste tjenester til dig, som omfatter k\u00f8b af billetten til La Primitiva p\u00e5 dine vegne, hj\u00e6lp med at v\u00e6lge tallene og s\u00f8rge for, at pr\u00e6miepengene leveres sikkert til dig.<\/p>\n<section class=\"layout\" style=\"border: solid 1px; width: 100%;\">\n<div class=\"img-div\" style=\"margin-top: 5px;\"><img decoding=\"async\" class=\"wp-image-17212 alignleft\" style=\"height: 45px; margin: 8px 8px 0px;\" src=\"https:\/\/jackpotlotteryonline.com\/wp-content\/uploads\/2022\/11\/read1.jpg\" alt=\"l\u00e6s \" width=\"\" height=\"\" \/><\/div>\n<div style=\"padding-left: 5px;\">\n<div style=\"font-size: 1.1em;\">\n<p><strong>Hvad er hemmeligheden bag succes i lotteriet?<\/strong><\/p>\n<p style=\"font-size: 0.85em; margin-top: -1.5em;\">S\u00e5dan spiller du succesfuldt i lotteriet\u00a0<a href=\"https:\/\/jackpotlotteryonline.com\/da\/hvad-er-hemmeligheden-bag-succes-med-lotteri\"> L\u00e6s mere<\/a><\/p>\n<\/div>\n<\/div>\n<\/section>\n<h2>Hvorfor spille La Primitiva online<\/h2>\n<p><a href=\"https:\/\/jackpotlotteryonline.com\/da\/vindernumre\/la-primitiva\">La Primitiva Online tr\u00e6kker<\/a> tre gange om ugen. Det giver tid til, at jackpots hurtigt kan stige. Samtidig er chancerne for at vinde ret gode, selv for de \u00f8verste pr\u00e6mier\u00e6kker. Hver lottofan, der deltager i La Primitiva Online, har 1 til 6 chancer for at vinde en kontantpr\u00e6mie.<\/p>\n<h2>La Primitiva vs El Gordo vs Det spanske julelotteri<\/h2>\n<p>La Primitiva er langt et af de st\u00f8rste lotterier med hensyn til de tilbudte gevinster og er et af de mest eftertragtede blandt de mange lottojackpots, du kan <a href=\"https:\/\/jackpotlotteryonline.com\/da\/saadan-spiller-du\/la-primitiva-2\">spille p\u00e5 vores side<\/a>. Der er ingen grund til at miste h\u00e5bet eller muligheden, selv hvis du ikke bor i Spanien. Du kan spille fra hvor som helst i verden, hvis du er over 18 \u00e5r gammel.<\/p>\n<p>El Gordo er et helt andet lotteri, men du kan ogs\u00e5 spille det p\u00e5 vores side. El Gordo tr\u00e6kker kun \u00e9n gang om ugen, nemlig om s\u00f8ndagen.<\/p>\n<p>Ud over de regelm\u00e6ssige ugentlige tr\u00e6kninger af La Primitiva og El Gordo er der juleudgaven af El Gordo, som kun tr\u00e6kkes \u00e9n gang om \u00e5ret, nemlig den 22. december.<\/p>\n","protected":false},"excerpt":{"rendered":"<p>La Primitiva Online Spanske lotterier har altid fanget manges fantasi, og La Primitiva er ingen undtagelse. Og nu kan du k\u00f8be en billet til La Primitiva online fra lande uden for Spanien. Tidligere var La Primitiva kun begr\u00e6nset til spanske statsborgere, men med udbredelsen af kommunikation er det g\u00e5et videre til den n\u00e6ste generation og [&hellip;]<\/p>\n","protected":false},"author":1,"featured_media":0,"parent":35742,"menu_order":7,"comment_status":"closed","ping_status":"closed","template":"la-primitiva-info.php","meta":{"_et_pb_use_builder":"","_et_pb_old_content":"","_et_gb_content_width":"","exclude_from_search":false,"footnotes":""},"class_list":["post-36715","page","type-page","status-publish","hentry"],"yoast_head":"<!-- This site is optimized with the Yoast SEO plugin v23.3 - https:\/\/yoast.com\/wordpress\/plugins\/seo\/ -->\n<title>K\u00f8b billet til La Primitiva Lotto online og fra lande uden for Spanien<\/title>\n<meta name=\"description\" content=\"K\u00f8b billetter til La Primitiva Lotto fra uden for Spanien, kryds fingre, vent og g\u00f8r det store kup!\" \/>\n<meta name=\"robots\" content=\"index, follow, max-snippet:-1, max-image-preview:large, max-video-preview:-1\" \/>\n<link rel=\"canonical\" href=\"https:\/\/jackpotlotteryonline.com\/buy-tickets\/la-primitiva\/\" \/>\n<meta property=\"og:locale\" content=\"da_DK\" \/>\n<meta property=\"og:type\" content=\"article\" \/>\n<meta property=\"og:title\" content=\"K\u00f8b billet til La Primitiva Lotto online og fra lande uden for Spanien\" \/>\n<meta property=\"og:description\" content=\"K\u00f8b billetter til La Primitiva Lotto fra uden for Spanien, kryds fingre, vent og g\u00f8r det store kup!\" \/>\n<meta property=\"og:url\" content=\"https:\/\/jackpotlotteryonline.com\/buy-tickets\/la-primitiva\/\" \/>\n<meta property=\"og:site_name\" content=\"Lotto Online - Crack The International Lottery Jackpots\" \/>\n<meta property=\"article:modified_time\" content=\"2022-12-21T14:26:43+00:00\" \/>\n<meta property=\"og:image\" content=\"https:\/\/jackpotlotteryonline.com\/wp-content\/uploads\/2022\/11\/read1.jpg\" \/>\n<meta name=\"twitter:card\" content=\"summary_large_image\" \/>\n<meta name=\"twitter:label1\" content=\"Estimeret l\u00e6setid\" \/>\n\t<meta name=\"twitter:data1\" content=\"2 minutter\" \/>\n<!-- \/ Yoast SEO plugin. -->","yoast_head_json":{"title":"K\u00f8b billet til La Primitiva Lotto online og fra lande uden for Spanien","description":"K\u00f8b billetter til La Primitiva Lotto fra uden for Spanien, kryds fingre, vent og g\u00f8r det store kup!","robots":{"index":"index","follow":"follow","max-snippet":"max-snippet:-1","max-image-preview":"max-image-preview:large","max-video-preview":"max-video-preview:-1"},"canonical":"https:\/\/jackpotlotteryonline.com\/buy-tickets\/la-primitiva\/","og_locale":"da_DK","og_type":"article","og_title":"K\u00f8b billet til La Primitiva Lotto online og fra lande uden for Spanien","og_description":"K\u00f8b billetter til La Primitiva Lotto fra uden for Spanien, kryds fingre, vent og g\u00f8r det store kup!","og_url":"https:\/\/jackpotlotteryonline.com\/buy-tickets\/la-primitiva\/","og_site_name":"Lotto Online - Crack The International Lottery Jackpots","article_modified_time":"2022-12-21T14:26:43+00:00","og_image":[{"url":"https:\/\/jackpotlotteryonline.com\/wp-content\/uploads\/2022\/11\/read1.jpg"}],"twitter_card":"summary_large_image","twitter_misc":{"Estimeret l\u00e6setid":"2 minutter"},"schema":{"@context":"https:\/\/schema.org","@graph":[{"@type":"WebPage","@id":"https:\/\/jackpotlotteryonline.com\/buy-tickets\/la-primitiva\/","url":"https:\/\/jackpotlotteryonline.com\/buy-tickets\/la-primitiva\/","name":"K\u00f8b billet til La Primitiva Lotto online og fra lande uden for Spanien","isPartOf":{"@id":"https:\/\/jackpotlotteryonline.com\/#website"},"primaryImageOfPage":{"@id":"https:\/\/jackpotlotteryonline.com\/buy-tickets\/la-primitiva\/#primaryimage"},"image":{"@id":"https:\/\/jackpotlotteryonline.com\/buy-tickets\/la-primitiva\/#primaryimage"},"thumbnailUrl":"https:\/\/jackpotlotteryonline.com\/wp-content\/uploads\/2022\/11\/read1.jpg","datePublished":"2022-11-08T11:19:30+00:00","dateModified":"2022-12-21T14:26:43+00:00","description":"K\u00f8b billetter til La Primitiva Lotto fra uden for Spanien, kryds fingre, vent og g\u00f8r det store kup!","breadcrumb":{"@id":"https:\/\/jackpotlotteryonline.com\/buy-tickets\/la-primitiva\/#breadcrumb"},"inLanguage":"da-DK","potentialAction":[{"@type":"ReadAction","target":["https:\/\/jackpotlotteryonline.com\/buy-tickets\/la-primitiva\/"]}]},{"@type":"ImageObject","inLanguage":"da-DK","@id":"https:\/\/jackpotlotteryonline.com\/buy-tickets\/la-primitiva\/#primaryimage","url":"https:\/\/jackpotlotteryonline.com\/wp-content\/uploads\/2022\/11\/read1.jpg","contentUrl":"https:\/\/jackpotlotteryonline.com\/wp-content\/uploads\/2022\/11\/read1.jpg"},{"@type":"BreadcrumbList","@id":"https:\/\/jackpotlotteryonline.com\/buy-tickets\/la-primitiva\/#breadcrumb","itemListElement":[{"@type":"ListItem","position":1,"name":"Home","item":"https:\/\/jackpotlotteryonline.com\/da\/"},{"@type":"ListItem","position":2,"name":"S\u00e5dan k\u00f8ber du lotteri billetter online","item":"https:\/\/jackpotlotteryonline.com\/da\/koeb-billetter\/"},{"@type":"ListItem","position":3,"name":"K\u00f8b La Primitiva billetter"}]},{"@type":"WebSite","@id":"https:\/\/jackpotlotteryonline.com\/#website","url":"https:\/\/jackpotlotteryonline.com\/","name":"Lotto Online - Crack The International Lottery Jackpots","description":"","potentialAction":[{"@type":"SearchAction","target":{"@type":"EntryPoint","urlTemplate":"https:\/\/jackpotlotteryonline.com\/?s={search_term_string}"},"query-input":"required name=search_term_string"}],"inLanguage":"da-DK"}]}},"_links":{"self":[{"href":"https:\/\/jackpotlotteryonline.com\/da\/wp-json\/wp\/v2\/pages\/36715","targetHints":{"allow":["GET"]}}],"collection":[{"href":"https:\/\/jackpotlotteryonline.com\/da\/wp-json\/wp\/v2\/pages"}],"about":[{"href":"https:\/\/jackpotlotteryonline.com\/da\/wp-json\/wp\/v2\/types\/page"}],"author":[{"embeddable":true,"href":"https:\/\/jackpotlotteryonline.com\/da\/wp-json\/wp\/v2\/users\/1"}],"replies":[{"embeddable":true,"href":"https:\/\/jackpotlotteryonline.com\/da\/wp-json\/wp\/v2\/comments?post=36715"}],"version-history":[{"count":0,"href":"https:\/\/jackpotlotteryonline.com\/da\/wp-json\/wp\/v2\/pages\/36715\/revisions"}],"up":[{"embeddable":true,"href":"https:\/\/jackpotlotteryonline.com\/da\/wp-json\/wp\/v2\/pages\/35742"}],"wp:attachment":[{"href":"https:\/\/jackpotlotteryonline.com\/da\/wp-json\/wp\/v2\/media?parent=36715"}],"curies":[{"name":"wp","href":"https:\/\/api.w.org\/{rel}","templated":true}]}}