{"id":36770,"date":"2022-11-09T06:17:13","date_gmt":"2022-11-09T06:17:13","guid":{"rendered":"https:\/\/jackpotlotteryonline.com\/?page_id=36770"},"modified":"2023-01-03T21:29:17","modified_gmt":"2023-01-03T21:29:17","slug":"lotto-france","status":"publish","type":"page","link":"https:\/\/jackpotlotteryonline.com\/da\/koeb-billetter\/lotto-france\/","title":{"rendered":"K\u00f8b Lotto France billetter"},"content":{"rendered":"<p>Kan du k\u00f8be billetter til det franske Lotto fra et sted uden for det europ\u00e6iske land? M\u00e5ske er du en erfaren spiller eller en nybegynder, og du undrer dig over, hvorfor du er interesseret i dette s\u00e6rlige lotteri. Vi vil dele med dig et par grunde til, hvorfor vi mener, at det franske nationale lotteri er et fantastisk spil at spille. Hvis du er en spiller fra en anden del af verden, vil du opdage, hvordan du ogs\u00e5 kan k\u00f8be indskud til dette lotteri.<\/p>\n<p>Lotteriet er et spil med tilf\u00e6ldigheder, og nogle gange skal du m\u00e5ske sprede dit net for at fange st\u00f8rre fisk. Det betyder grundl\u00e6ggende set, at du skal udforske andre lotterier, s\u00e5 du kan \u00f8ge dine chancer for at vinde. Det franske lotteri er et godt lotteri at pr\u00f8ve af mange grunde, og vi vil komme ind p\u00e5 dem i denne artikel.<\/p>\n<h2>Fantastiske jackpotbel\u00f8b<\/h2>\n<p>Det franske lotto, ogs\u00e5 kaldet France Lotto eller bare Loto forkortet, har meget attraktive jackpots, som tiltr\u00e6kker spillere fra hele verden. Med et startbel\u00f8b p\u00e5 2 millioner euro har jackpotten potentiale til at vokse meget st\u00f8rre, hvis den ikke bliver vundet efter hver tr\u00e6kning.<\/p>\n<p>Den franske lotterijackpot ruller over, n\u00e5r der ikke er nogen vinder, og bliver ved med at stige, indtil den n\u00e5r op p\u00e5 et betydeligt bel\u00f8b. N\u00e5r du spiller dette europ\u00e6iske lotteri, kan du v\u00e6re vinderen af en jackpot p\u00e5 11 millioner euro eller mere.<\/p>\n<p>Jackpotten stiger med 1 mio. EUR efter hver tr\u00e6kning og kan stige 34 gange i tr\u00e6k, f\u00f8r den holder op med at rulle over. Pr\u00f8v at forestille dig, hvor meget det hele kan l\u00f8be op i penge, og det endda ret hurtigt.<\/p>\n<h2>Flere tr\u00e6kninger om ugen<\/h2>\n<p>Grunden til, at jackpotpr\u00e6mien vokser s\u00e5 hurtigt, er det antal tr\u00e6kninger, den har. <a href=\"https:\/\/jackpotlotteryonline.com\/da\/vindernumre\/france-lotto-2\">Det franske lotteri har tre tr\u00e6kninger p\u00e5 en uge<\/a>, hvilket giver spillerne flere chancer for at vinde stort. Tr\u00e6kningerne finder sted mandag, onsdag og l\u00f8rdag.<\/p>\n<p>Hvis du beslutter dig for at deltage i dette lotteri, anbefaler vi, at du deltager i flere tr\u00e6kninger, da dette er en god m\u00e5de at \u00f8ge dine chancer for at vinde p\u00e5.<\/p>\n<h2>10 forskellige pr\u00e6miekategorier<\/h2>\n<p><img loading=\"lazy\" decoding=\"async\" class=\"alignright size-full wp-image-30344\" src=\"http:\/\/jackpotlotteryonline.com\/wp-content\/uploads\/2022\/11\/1_winning_numbers_euromillions.jpg\" alt=\"Frankrig lotteri pr\u00e6miekategori\" width=\"300\" height=\"300\" srcset=\"https:\/\/jackpotlotteryonline.com\/wp-content\/uploads\/2022\/11\/1_winning_numbers_euromillions.jpg 300w, https:\/\/jackpotlotteryonline.com\/wp-content\/uploads\/2022\/11\/1_winning_numbers_euromillions-100x100.jpg 100w, https:\/\/jackpotlotteryonline.com\/wp-content\/uploads\/2022\/11\/1_winning_numbers_euromillions-150x150.jpg 150w\" sizes=\"auto, (max-width: 300px) 100vw, 300px\" \/><\/p>\n<p>Jackpotpr\u00e6mien er attraktiv, men det er ikke det eneste, du kan vinde, n\u00e5r du <a href=\"https:\/\/jackpotlotteryonline.com\/da\/saadan-spiller-du\/france-lotto\">spiller p\u00e5 det franske lotto<\/a>. Dette lotteri, som blev oprettet i 1978, har ti forskellige pr\u00e6miekategorier. Der er endda en pr\u00e6mie for at matche tilf\u00e6ldighedsnummeret.<\/p>\n<p>Priskategorierne er anf\u00f8rt nedenfor.<\/p>\n<p>Match 5 numre + tilf\u00e6ldigt nummer &#8211; Jackpot<br \/>\nKun 5 rigtige tal &#8211; 8,44 % af pr\u00e6miebel\u00f8bet<br \/>\nMatch 4 numre + tilf\u00e6ldigt nummer &#8211; 2,06 % af pr\u00e6miefonden<br \/>\nMatch 4 numre kun &#8211; 7,43 % af pr\u00e6miefonden<br \/>\nMatch 3 numre + Chance-nummer &#8211; 4,44 % af pr\u00e6miesummen<br \/>\nMatch 3 numre alene &#8211; 15,98 % af pr\u00e6miesummen<br \/>\nMatch 2 numre + Chance-nummer &#8211; 12,43 % af pr\u00e6miesummen<br \/>\nMatch 2 numre alene &#8211; 49,22 % af pr\u00e6miefonden<br \/>\nMatch 1 nummer + chance nummer &#8211; 2,20 \u20ac<br \/>\nKun tilf\u00e6ldigt nummer &#8211; 2,20 EUR<\/p>\n<h2>Let at spille offline og online<\/h2>\n<p>En anden grund til at overveje at spille i det franske lotteri er, at det er ret nemt at deltage i lotteriet. Hvis du bor i Frankrig, er det lige s\u00e5 enkelt at deltage i lotteriet som at g\u00e5 til en registreret lotterivirksomhed for at k\u00f8be en lottokupon. P\u00e5 kuponen kan du v\u00e6lge 5 hovedtal og et tilf\u00e6ldigt tal. Du kan v\u00e6lge mere end \u00e9n r\u00e6kke af tal for at \u00f8ge dine chancer for at vinde i lotteriet.<\/p>\n<p>Hvis du bor uden for Frankrig, er det dog mindre ligetil at deltage i lotteriet. Du kan ikke g\u00e5 ind i en butik for at k\u00f8be lodder til dette lotteri, s\u00e5 muligheden er at k\u00f8be lodder online. Hvis du deltager i lotteriet via internettet, g\u00e6lder det samme princip. Det vil sige, at du skal v\u00e6lge 5 hovedtal og et tilf\u00e6ldigt tal.<\/p>\n<p>Uanset om du spiller lotteriet offline eller online, skal du v\u00e6lge det antal tr\u00e6kninger, du \u00f8nsker at deltage i. I slutningen af tr\u00e6kningerne vinder den kupon, der matcher de udtrukne numre, lotteriet.<\/p>\n<section class=\"layout\" style=\"border: solid 1px; width: 100%;\">\n<div class=\"img-div\" style=\"margin-top: 5px;\"><img decoding=\"async\" class=\"wp-image-17212 alignleft\" style=\"height: 45px; margin: 8px 8px 0px;\" src=\"http:\/\/jackpotlotteryonline.com\/wp-content\/uploads\/2022\/11\/read1.jpg\" alt=\"l\u00e6s\" width=\"\" height=\"\" \/><\/div>\n<div style=\"padding-left: 5px;\">\n<div style=\"font-size: 1.1em;\">\n<p><strong>Se dine lottotal blive trukket live<\/strong><\/p>\n<p style=\"font-size: 0.85em; margin-top: -1.5em;\">S\u00e5dan ser du live-tr\u00e6kningerne af dine yndlingslotterier\u00a0 <a href=\"https:\/\/jackpotlotteryonline.com\/da\/se-dine-lodtraekningsnumre-blive-trukket-live\">L\u00e6s mere<\/a><\/p>\n<\/div>\n<\/div>\n<\/section>\n<h2>Spil det franske lotto med jackpotlotteryonline.com<\/h2>\n<p>Hvis du er ny til at spille lotto via internettet, kan tingene blive meget forvirrende meget hurtigt. Hvordan sorterer du blandt alle de forskellige sider, der h\u00e6vder at s\u00e6lge lottokuponer, til autentiske s\u00e6lgere? Det er ganske enkelt. S\u00f8g efter et websted, der tilbyder concierge-tjenester.<\/p>\n<p>Hos jackpotlotteryoneline.com tilbyder vi concierge-tjenester til vores kunder for at sikre, at de f\u00e5r adgang til de lotterier, de \u00f8nsker. N\u00e5r du k\u00f8ber en post p\u00e5 vores side, k\u00f8ber vores agenter i Frankrig fysiske sedler med dit valgte nummer.<\/p>\n<p>Grunden til dette er for at sikre, at du ikke bare satser p\u00e5 resultatet af lotteriet, men at du rent faktisk deltager i lodtr\u00e6kningerne for at f\u00e5 en chance for at vinde jackpotten.<\/p>\n<h2>Tips til at \u00f8ge dine chancer for at vinde<\/h2>\n<p><img loading=\"lazy\" decoding=\"async\" class=\"alignright size-full wp-image-35051\" src=\"http:\/\/jackpotlotteryonline.com\/wp-content\/uploads\/2022\/11\/2_ticket_saturday_lotto_au-1-166x300-1.jpg\" alt=\"Frankrig lotteri billet\" width=\"166\" height=\"300\" \/><\/p>\n<p>Lotteriet er et spil med tal. Jo mere du spiller, jo st\u00f8rre er dine chancer for at vinde. En stor procentdel af vinderne i lotteriet afsl\u00f8rede, at de havde spillet i flere \u00e5r, f\u00f8r de vandt. S\u00e5 her er nogle m\u00e5der, hvorp\u00e5 du kan \u00f8ge dine chancer for at vinde i lotteriet.<\/p>\n<ul>\n<li>K\u00f8b flere lodder til lotteriet. Dette virker s\u00e5 indlysende, men der er folk, der k\u00f8ber en enkelt post til en enkelt tr\u00e6kning og derefter f\u00f8ler sig skuffede, fordi de ikke vandt. Hvis du \u00f8nsker at \u00f8ge dine chancer for at vinde, skal du k\u00f8be flere lodder.<\/li>\n<li>Deltag ogs\u00e5 i flere lodtr\u00e6kninger. Logikken er den samme for lodtr\u00e6kningerne. Jo flere lodtr\u00e6kninger du deltager i, jo st\u00f8rre er dine chancer for at vinde stort.<\/li>\n<li>Pr\u00f8v at deltage i et lotterisyndikat. Dette er en gruppe af mennesker, der g\u00e5r sammen for at samle deres ressourcer, s\u00e5 de kan spille lotto. Med f\u00e6lles ressourcer kan de k\u00f8be flere lodder og deltage i flere tr\u00e6kninger. Interessant nok har mange lotterisyndikater vundet utrolige jackpots i \u00e5renes l\u00f8b, s\u00e5 det er en god mulighed at pr\u00f8ve.<\/li>\n<li>Tro p\u00e5, at du vil vinde. Loven om tiltr\u00e6kning er en ting, og masser af lotterivindere vil fort\u00e6lle dig, at de troede p\u00e5, at de ville vinde i lotteriet. Hvis du skal bruge noget tid p\u00e5 at spille i lotteriet, er det en god id\u00e9 at have en st\u00e6rk tro p\u00e5, at du vil vinde.<\/li>\n<li>Du m\u00e5 ikke give op. Det er fristende at give op, n\u00e5r du spiller et par gange uden at vinde. Men hvis du virkelig \u00f8nsker at vinde stort, skal du v\u00e6re konsekvent. Sats kun det, du har r\u00e5d til.<\/li>\n<li>Husk at have det sjovt, n\u00e5r du spiller i lotteriet. N\u00e5r alt kommer til alt, er det stadig et spil, og s\u00e5 l\u00e6nge du nyder oplevelsen, er det det hele v\u00e6rd.<\/li>\n<\/ul>\n<h2>K\u00f8b dine franske lottokuponer nu<\/h2>\n<p>Hvis du er lige s\u00e5 begejstret for det franske lotteri som vi er, s\u00e5 er det p\u00e5 tide at k\u00f8be din deltagelse i lotteriet. Heldigvis er det ikke l\u00e6ngere vigtigt, hvor du bor, da du kan k\u00f8be dine billetter online.<\/p>\n<p>N\u00e5r du registrerer dig hos os, beh\u00f8ver du ikke at bekymre dig om at miste dine lodder eller glemme at tjekke resultaterne. Vi klarer alt det for dig og giver dig besked om eventuelle gevinster. Du kan ogs\u00e5 nemt udbetale dine gevinster via vores platform.<\/p>\n<p>At spille lotteri er en problemfri og stressfri oplevelse, n\u00e5r du spiller p\u00e5 vores side. Du ved aldrig, om det er dagen, hvor heldet er p\u00e5 din side. S\u00e5 hvorfor ikke registrere dig hos os i dag for at k\u00f8be lodder til det franske lotto?<\/p>\n","protected":false},"excerpt":{"rendered":"<p>Kan du k\u00f8be billetter til det franske Lotto fra et sted uden for det europ\u00e6iske land? M\u00e5ske er du en erfaren spiller eller en nybegynder, og du undrer dig over, hvorfor du er interesseret i dette s\u00e6rlige lotteri. Vi vil dele med dig et par grunde til, hvorfor vi mener, at det franske nationale lotteri [&hellip;]<\/p>\n","protected":false},"author":1,"featured_media":0,"parent":35742,"menu_order":9,"comment_status":"closed","ping_status":"closed","template":"lotto-fr-info.php","meta":{"_et_pb_use_builder":"","_et_pb_old_content":"","_et_gb_content_width":"","exclude_from_search":false,"footnotes":""},"class_list":["post-36770","page","type-page","status-publish","hentry"],"yoast_head":"<!-- This site is optimized with the Yoast SEO plugin v23.3 - https:\/\/yoast.com\/wordpress\/plugins\/seo\/ -->\n<title>K\u00f8b billetter til fransk lotto fra uden for Frankrig | F\u00e5 billetter til fransk lotto online<\/title>\n<meta name=\"description\" content=\"For at k\u00f8be billetter til France Lotto beh\u00f8ver du ikke at v\u00e6re i Frankrig for at k\u00f8be billetter. F\u00e5 dine billetter til det franske lotteri online her!\" \/>\n<meta name=\"robots\" content=\"index, follow, max-snippet:-1, max-image-preview:large, max-video-preview:-1\" \/>\n<link rel=\"canonical\" href=\"https:\/\/jackpotlotteryonline.com\/buy-tickets\/lotto-france\/\" \/>\n<meta property=\"og:locale\" content=\"da_DK\" \/>\n<meta property=\"og:type\" content=\"article\" \/>\n<meta property=\"og:title\" content=\"K\u00f8b billetter til fransk lotto fra uden for Frankrig | F\u00e5 billetter til fransk lotto online\" \/>\n<meta property=\"og:description\" content=\"For at k\u00f8be billetter til France Lotto beh\u00f8ver du ikke at v\u00e6re i Frankrig for at k\u00f8be billetter. F\u00e5 dine billetter til det franske lotteri online her!\" \/>\n<meta property=\"og:url\" content=\"https:\/\/jackpotlotteryonline.com\/buy-tickets\/lotto-france\/\" \/>\n<meta property=\"og:site_name\" content=\"Lotto Online - Crack The International Lottery Jackpots\" \/>\n<meta property=\"article:modified_time\" content=\"2023-01-03T21:29:17+00:00\" \/>\n<meta property=\"og:image\" content=\"http:\/\/jackpotlotteryonline.com\/wp-content\/uploads\/2022\/11\/1_winning_numbers_euromillions.jpg\" \/>\n<meta name=\"twitter:card\" content=\"summary_large_image\" \/>\n<meta name=\"twitter:label1\" content=\"Estimeret l\u00e6setid\" \/>\n\t<meta name=\"twitter:data1\" content=\"7 minutter\" \/>\n<!-- \/ Yoast SEO plugin. -->","yoast_head_json":{"title":"K\u00f8b billetter til fransk lotto fra uden for Frankrig | F\u00e5 billetter til fransk lotto online","description":"For at k\u00f8be billetter til France Lotto beh\u00f8ver du ikke at v\u00e6re i Frankrig for at k\u00f8be billetter. F\u00e5 dine billetter til det franske lotteri online her!","robots":{"index":"index","follow":"follow","max-snippet":"max-snippet:-1","max-image-preview":"max-image-preview:large","max-video-preview":"max-video-preview:-1"},"canonical":"https:\/\/jackpotlotteryonline.com\/buy-tickets\/lotto-france\/","og_locale":"da_DK","og_type":"article","og_title":"K\u00f8b billetter til fransk lotto fra uden for Frankrig | F\u00e5 billetter til fransk lotto online","og_description":"For at k\u00f8be billetter til France Lotto beh\u00f8ver du ikke at v\u00e6re i Frankrig for at k\u00f8be billetter. F\u00e5 dine billetter til det franske lotteri online her!","og_url":"https:\/\/jackpotlotteryonline.com\/buy-tickets\/lotto-france\/","og_site_name":"Lotto Online - Crack The International Lottery Jackpots","article_modified_time":"2023-01-03T21:29:17+00:00","og_image":[{"url":"http:\/\/jackpotlotteryonline.com\/wp-content\/uploads\/2022\/11\/1_winning_numbers_euromillions.jpg"}],"twitter_card":"summary_large_image","twitter_misc":{"Estimeret l\u00e6setid":"7 minutter"},"schema":{"@context":"https:\/\/schema.org","@graph":[{"@type":"WebPage","@id":"https:\/\/jackpotlotteryonline.com\/buy-tickets\/lotto-france\/","url":"https:\/\/jackpotlotteryonline.com\/buy-tickets\/lotto-france\/","name":"K\u00f8b billetter til fransk lotto fra uden for Frankrig | F\u00e5 billetter til fransk lotto online","isPartOf":{"@id":"https:\/\/jackpotlotteryonline.com\/#website"},"primaryImageOfPage":{"@id":"https:\/\/jackpotlotteryonline.com\/buy-tickets\/lotto-france\/#primaryimage"},"image":{"@id":"https:\/\/jackpotlotteryonline.com\/buy-tickets\/lotto-france\/#primaryimage"},"thumbnailUrl":"http:\/\/jackpotlotteryonline.com\/wp-content\/uploads\/2022\/11\/1_winning_numbers_euromillions.jpg","datePublished":"2022-11-09T06:17:13+00:00","dateModified":"2023-01-03T21:29:17+00:00","description":"For at k\u00f8be billetter til France Lotto beh\u00f8ver du ikke at v\u00e6re i Frankrig for at k\u00f8be billetter. F\u00e5 dine billetter til det franske lotteri online her!","breadcrumb":{"@id":"https:\/\/jackpotlotteryonline.com\/buy-tickets\/lotto-france\/#breadcrumb"},"inLanguage":"da-DK","potentialAction":[{"@type":"ReadAction","target":["https:\/\/jackpotlotteryonline.com\/buy-tickets\/lotto-france\/"]}]},{"@type":"ImageObject","inLanguage":"da-DK","@id":"https:\/\/jackpotlotteryonline.com\/buy-tickets\/lotto-france\/#primaryimage","url":"http:\/\/jackpotlotteryonline.com\/wp-content\/uploads\/2022\/11\/1_winning_numbers_euromillions.jpg","contentUrl":"http:\/\/jackpotlotteryonline.com\/wp-content\/uploads\/2022\/11\/1_winning_numbers_euromillions.jpg"},{"@type":"BreadcrumbList","@id":"https:\/\/jackpotlotteryonline.com\/buy-tickets\/lotto-france\/#breadcrumb","itemListElement":[{"@type":"ListItem","position":1,"name":"Home","item":"https:\/\/jackpotlotteryonline.com\/da\/"},{"@type":"ListItem","position":2,"name":"S\u00e5dan k\u00f8ber du lotteri billetter online","item":"https:\/\/jackpotlotteryonline.com\/da\/koeb-billetter\/"},{"@type":"ListItem","position":3,"name":"K\u00f8b Lotto France billetter"}]},{"@type":"WebSite","@id":"https:\/\/jackpotlotteryonline.com\/#website","url":"https:\/\/jackpotlotteryonline.com\/","name":"Lotto Online - Crack The International Lottery Jackpots","description":"","potentialAction":[{"@type":"SearchAction","target":{"@type":"EntryPoint","urlTemplate":"https:\/\/jackpotlotteryonline.com\/?s={search_term_string}"},"query-input":"required name=search_term_string"}],"inLanguage":"da-DK"}]}},"_links":{"self":[{"href":"https:\/\/jackpotlotteryonline.com\/da\/wp-json\/wp\/v2\/pages\/36770","targetHints":{"allow":["GET"]}}],"collection":[{"href":"https:\/\/jackpotlotteryonline.com\/da\/wp-json\/wp\/v2\/pages"}],"about":[{"href":"https:\/\/jackpotlotteryonline.com\/da\/wp-json\/wp\/v2\/types\/page"}],"author":[{"embeddable":true,"href":"https:\/\/jackpotlotteryonline.com\/da\/wp-json\/wp\/v2\/users\/1"}],"replies":[{"embeddable":true,"href":"https:\/\/jackpotlotteryonline.com\/da\/wp-json\/wp\/v2\/comments?post=36770"}],"version-history":[{"count":0,"href":"https:\/\/jackpotlotteryonline.com\/da\/wp-json\/wp\/v2\/pages\/36770\/revisions"}],"up":[{"embeddable":true,"href":"https:\/\/jackpotlotteryonline.com\/da\/wp-json\/wp\/v2\/pages\/35742"}],"wp:attachment":[{"href":"https:\/\/jackpotlotteryonline.com\/da\/wp-json\/wp\/v2\/media?parent=36770"}],"curies":[{"name":"wp","href":"https:\/\/api.w.org\/{rel}","templated":true}]}}