{"id":36822,"date":"2022-11-09T08:12:44","date_gmt":"2022-11-09T08:12:44","guid":{"rendered":"https:\/\/jackpotlotteryonline.com\/?page_id=36822"},"modified":"2023-01-04T09:02:09","modified_gmt":"2023-01-04T09:02:09","slug":"lotto-america","status":"publish","type":"page","link":"https:\/\/jackpotlotteryonline.com\/da\/koeb-billetter\/lotto-america\/","title":{"rendered":"Lotto America billetter online"},"content":{"rendered":"<p>I marts 2018 vandt en familie lotto America jackpotten p\u00e5 23 millioner dollars. Det er den h\u00f8jeste pr\u00e6mie, som nogen spiller har vundet indtil nu, men det har dog skabt opm\u00e6rksomhed om dette lotteri. Oprettet i 1988 af syv amerikanske stater, har flere andre stater sluttet sig til lotteriet. I l\u00f8bet af \u00e5rene har det produceret adskillige million\u00e6rer.<\/p>\n<p>Du kan k\u00f8be lodder til dette lotteri i alle de deltagende stater. Interessant nok er dette ikke det eneste lotteri i USA, men det har konsekvent tiltrukket spillere fra alle steder. Hvis du er en spiller uden for Nordamerika, spekulerer du m\u00e5ske p\u00e5, hvordan du kan k\u00f8be billetter til dette lotteri.<\/p>\n<p>Vi vil guide dig gennem <a href=\"https:\/\/jackpotlotteryonline.com\/da\/saadan-spiller-du\/lotto-america-2\">succesfuldt at spille dette lotteri fra uden for USA<\/a>. Vi vil ogs\u00e5 g\u00f8re vores bedste for at besvare alle de sp\u00f8rgsm\u00e5l, du m\u00e5tte have om Lotto America, og hvordan man deltager i lotteriet.<\/p>\n<h2>Hvordan fungerer lotteriet?<\/h2>\n<p><img loading=\"lazy\" decoding=\"async\" class=\"size-full wp-image-29993 alignright\" src=\"https:\/\/jackpotlotteryonline.com\/wp-content\/uploads\/2022\/11\/1_win_lottery_usa_online.jpg\" alt=\"Lotto America billetter online\" width=\"300\" height=\"200\" \/><\/p>\n<p>Som de fleste lotterispil er dette et spil med tal p\u00e5 flere m\u00e5der. Det er et spil med tal, idet spillerne ikke har h\u00f8je vinderchancer. Men s\u00e5dan er lotteriet, og det er ikke til at sige, hvorn\u00e5r heldet vil v\u00e6re en spiller gunstigt stemt. Det er ogs\u00e5 et spil med tal p\u00e5 den m\u00e5de, som spillet spilles p\u00e5.<\/p>\n<p>I dette amerikanske lotteri skal spillerne v\u00e6lge fem hovedtal mellem 1 og 52. Du skal ogs\u00e5 v\u00e6lge et Star Ball-nummer mellem 1 og 10. Det er i alt 6 numre. Hvis du ikke er sikker p\u00e5, hvilke numre du skal v\u00e6lge, kan du bruge en auto picker for at g\u00f8re det hurtigere. Du kan ogs\u00e5 v\u00e6lge flere linjer med numre for at \u00f8ge dine vinderchancer.<\/p>\n<p>Derefter v\u00e6lger du, hvor mange tr\u00e6kninger du vil deltage i. Dette amerikanske lotteri afholder tre tr\u00e6kninger om ugen mandag, onsdag og l\u00f8rdag. Du kan deltage i flere tr\u00e6kninger.<\/p>\n<h2>Spille All Star Bonus<\/h2>\n<p>All Star Bonus er en m\u00e5de at gange din gevinst p\u00e5. N\u00e5r du v\u00e6lger dine numre, kan du inkludere All Star-bonussen mod et ekstra gebyr. Dette er is\u00e6r nyttigt for dem, der vinder pr\u00e6mier i de andre kategorier, da det kan \u00f8ge det, de tager hjem, betydeligt.<\/p>\n<p>All Star-bonussen v\u00e6lges tilf\u00e6ldigt og annonceres<a href=\"https:\/\/jackpotlotteryonline.com\/da\/vindernumre\/lotto-america\"> p\u00e5 tr\u00e6kningsdagen<\/a>. Bem\u00e6rk, at du ikke kan inkludere denne, efter at du allerede har foretaget dit k\u00f8b. Den skal medtages sammen med billetk\u00f8bet.<\/p>\n<section class=\"layout\" style=\"border: solid 1px; width: 100%;\">\n<div class=\"img-div\" style=\"margin-top: 5px;\"><img decoding=\"async\" class=\"wp-image-17212 alignleft\" style=\"height: 45px; margin: 8px 8px 0px;\" src=\"https:\/\/jackpotlotteryonline.com\/wp-content\/uploads\/2022\/11\/read1.jpg\" alt=\"l\u00e6s\" width=\"\" height=\"\" \/><\/div>\n<div style=\"padding-left: 5px;\">\n<div style=\"font-size: 1.1em;\">\n<p><strong>Nogle lottovindere gav noget tilbage til samfundet<\/strong><\/p>\n<p style=\"font-size: 0.85em; margin-top: -1.5em;\">Nogle interessante og hjertevarmende historier om lottovindere, der giver noget tilbage\u00a0<a href=\"https:\/\/jackpotlotteryonline.com\/da\/historier-om-lotterivindere-der-giver-noget-tilbage\"> L\u00e6s mere<\/a><\/p>\n<\/div>\n<\/div>\n<\/section>\n<h2>At vinde jackpotten<\/h2>\n<p>Jackpotten begynder ved 2 millioner dollars. Hvis der ikke er nogen vinder efter en tr\u00e6kning, ruller den over til den n\u00e6ste tr\u00e6kning. Den forts\u00e6tter med at rulle over, indtil den n\u00e5r op p\u00e5 10 millioner dollars. Som vi n\u00e6vnte i begyndelsen, kan den komme langt over 10 millioner dollars.<\/p>\n<p>Det er nyttigt at bem\u00e6rke, at jackpotten ikke er den eneste pr\u00e6mie, som en spiller kan vinde, n\u00e5r han spiller dette amerikanske lotteri. Det har otte andre pr\u00e6mieniveauer, herunder en pr\u00e6mie blot for at matche Star Ball. N\u00e5r det er parret med All Star Bonus, kan en spiller, der vinder en subsidi\u00e6r pr\u00e6mie, g\u00e5 hjem meget rigere.<\/p>\n<h2>N\u00e5r du vinder<\/h2>\n<p>If\u00f8lge Lotto America-webstedet kan du kun g\u00f8re krav p\u00e5 en pr\u00e6mie i den stat, hvor du har vundet. S\u00e5 hvis du f.eks. har k\u00f8bt din kupon i Maine, skal du tage til denne stat for at f\u00e5 din gevinst. Men hvis du bor uden for USA, er tingene lidt anderledes.<\/p>\n<h2>S\u00e5dan k\u00f8ber du lotto America-lodder fra lande uden for USA<\/h2>\n<p><img loading=\"lazy\" decoding=\"async\" class=\"alignright size-medium wp-image-34079\" src=\"https:\/\/jackpotlotteryonline.com\/wp-content\/uploads\/2022\/11\/2_ticket_mon_wed_lotto_au-176x300.jpg\" alt=\"Lotto America billetter fra uden for USA\" width=\"176\" height=\"300\" srcset=\"https:\/\/jackpotlotteryonline.com\/wp-content\/uploads\/2022\/11\/2_ticket_mon_wed_lotto_au-176x300.jpg 176w, https:\/\/jackpotlotteryonline.com\/wp-content\/uploads\/2022\/11\/2_ticket_mon_wed_lotto_au.jpg 250w\" sizes=\"auto, (max-width: 176px) 100vw, 176px\" \/><\/p>\n<p>Der er kun to m\u00e5der at deltage i dette lotteri p\u00e5. Den f\u00f8rste er at k\u00f8be en billet fra en s\u00e6lger i en af de stater, hvor der s\u00e6lges lodder. Mens den anden mulighed er at f\u00e5 adgang til lotteriet via internettet. Flere spillere deltager i internationale lotterier online.<\/p>\n<p>Der findes lotterisider, som giver spillerne legitim adgang til lotterier i hele verden. Inden du benytter dig af et af disse websteder, er det vigtigt f\u00f8rst og fremmest at finde ud af, om det er et concierge-websted. Det er for at undg\u00e5, at du ender med at satse p\u00e5 lotteriresultaterne i stedet for at deltage i lotteriet.<\/p>\n<p>N\u00e5r du k\u00f8ber din lottokupon hos os, f\u00e5r du adgang til det lotteri, som du selv v\u00e6lger. Vi driver en concierge-service med agenter over hele verden. N\u00e5r du k\u00f8ber din kupon online, f\u00e5r vores agenter i det p\u00e5g\u00e6ldende land ogs\u00e5 en fysisk kupon med de tilsvarende numre. Uanset hvor du befinder dig, kan du v\u00e6re sikker p\u00e5, at du har en chance for at vinde stort.<\/p>\n","protected":false},"excerpt":{"rendered":"<p>I marts 2018 vandt en familie lotto America jackpotten p\u00e5 23 millioner dollars. Det er den h\u00f8jeste pr\u00e6mie, som nogen spiller har vundet indtil nu, men det har dog skabt opm\u00e6rksomhed om dette lotteri. Oprettet i 1988 af syv amerikanske stater, har flere andre stater sluttet sig til lotteriet. I l\u00f8bet af \u00e5rene har det [&hellip;]<\/p>\n","protected":false},"author":1,"featured_media":0,"parent":35742,"menu_order":13,"comment_status":"closed","ping_status":"closed","template":"lotto-america-info.php","meta":{"_et_pb_use_builder":"","_et_pb_old_content":"","_et_gb_content_width":"","exclude_from_search":false,"footnotes":""},"class_list":["post-36822","page","type-page","status-publish","hentry"],"yoast_head":"<!-- This site is optimized with the Yoast SEO plugin v23.3 - https:\/\/yoast.com\/wordpress\/plugins\/seo\/ -->\n<title>K\u00f8b Lotto America billetter fra uden for USA | Lotto America online<\/title>\n<meta name=\"description\" content=\"Lotto America kan spilles fra uden for USA - du skal blot k\u00f8be din Lotto America billet gennem vores online billetservice\" \/>\n<meta name=\"robots\" content=\"index, follow, max-snippet:-1, max-image-preview:large, max-video-preview:-1\" \/>\n<link rel=\"canonical\" href=\"https:\/\/jackpotlotteryonline.com\/buy-tickets\/lotto-america\/\" \/>\n<meta property=\"og:locale\" content=\"da_DK\" \/>\n<meta property=\"og:type\" content=\"article\" \/>\n<meta property=\"og:title\" content=\"K\u00f8b Lotto America billetter fra uden for USA | Lotto America online\" \/>\n<meta property=\"og:description\" content=\"Lotto America kan spilles fra uden for USA - du skal blot k\u00f8be din Lotto America billet gennem vores online billetservice\" \/>\n<meta property=\"og:url\" content=\"https:\/\/jackpotlotteryonline.com\/buy-tickets\/lotto-america\/\" \/>\n<meta property=\"og:site_name\" content=\"Lotto Online - Crack The International Lottery Jackpots\" \/>\n<meta property=\"article:modified_time\" content=\"2023-01-04T09:02:09+00:00\" \/>\n<meta property=\"og:image\" content=\"https:\/\/jackpotlotteryonline.com\/wp-content\/uploads\/2022\/11\/1_win_lottery_usa_online.jpg\" \/>\n<meta name=\"twitter:card\" content=\"summary_large_image\" \/>\n<meta name=\"twitter:label1\" content=\"Estimeret l\u00e6setid\" \/>\n\t<meta name=\"twitter:data1\" content=\"4 minutter\" \/>\n<!-- \/ Yoast SEO plugin. -->","yoast_head_json":{"title":"K\u00f8b Lotto America billetter fra uden for USA | Lotto America online","description":"Lotto America kan spilles fra uden for USA - du skal blot k\u00f8be din Lotto America billet gennem vores online billetservice","robots":{"index":"index","follow":"follow","max-snippet":"max-snippet:-1","max-image-preview":"max-image-preview:large","max-video-preview":"max-video-preview:-1"},"canonical":"https:\/\/jackpotlotteryonline.com\/buy-tickets\/lotto-america\/","og_locale":"da_DK","og_type":"article","og_title":"K\u00f8b Lotto America billetter fra uden for USA | Lotto America online","og_description":"Lotto America kan spilles fra uden for USA - du skal blot k\u00f8be din Lotto America billet gennem vores online billetservice","og_url":"https:\/\/jackpotlotteryonline.com\/buy-tickets\/lotto-america\/","og_site_name":"Lotto Online - Crack The International Lottery Jackpots","article_modified_time":"2023-01-04T09:02:09+00:00","og_image":[{"url":"https:\/\/jackpotlotteryonline.com\/wp-content\/uploads\/2022\/11\/1_win_lottery_usa_online.jpg"}],"twitter_card":"summary_large_image","twitter_misc":{"Estimeret l\u00e6setid":"4 minutter"},"schema":{"@context":"https:\/\/schema.org","@graph":[{"@type":"WebPage","@id":"https:\/\/jackpotlotteryonline.com\/buy-tickets\/lotto-america\/","url":"https:\/\/jackpotlotteryonline.com\/buy-tickets\/lotto-america\/","name":"K\u00f8b Lotto America billetter fra uden for USA | Lotto America online","isPartOf":{"@id":"https:\/\/jackpotlotteryonline.com\/#website"},"primaryImageOfPage":{"@id":"https:\/\/jackpotlotteryonline.com\/buy-tickets\/lotto-america\/#primaryimage"},"image":{"@id":"https:\/\/jackpotlotteryonline.com\/buy-tickets\/lotto-america\/#primaryimage"},"thumbnailUrl":"https:\/\/jackpotlotteryonline.com\/wp-content\/uploads\/2022\/11\/1_win_lottery_usa_online.jpg","datePublished":"2022-11-09T08:12:44+00:00","dateModified":"2023-01-04T09:02:09+00:00","description":"Lotto America kan spilles fra uden for USA - du skal blot k\u00f8be din Lotto America billet gennem vores online billetservice","breadcrumb":{"@id":"https:\/\/jackpotlotteryonline.com\/buy-tickets\/lotto-america\/#breadcrumb"},"inLanguage":"da-DK","potentialAction":[{"@type":"ReadAction","target":["https:\/\/jackpotlotteryonline.com\/buy-tickets\/lotto-america\/"]}]},{"@type":"ImageObject","inLanguage":"da-DK","@id":"https:\/\/jackpotlotteryonline.com\/buy-tickets\/lotto-america\/#primaryimage","url":"https:\/\/jackpotlotteryonline.com\/wp-content\/uploads\/2022\/11\/1_win_lottery_usa_online.jpg","contentUrl":"https:\/\/jackpotlotteryonline.com\/wp-content\/uploads\/2022\/11\/1_win_lottery_usa_online.jpg"},{"@type":"BreadcrumbList","@id":"https:\/\/jackpotlotteryonline.com\/buy-tickets\/lotto-america\/#breadcrumb","itemListElement":[{"@type":"ListItem","position":1,"name":"Home","item":"https:\/\/jackpotlotteryonline.com\/da\/"},{"@type":"ListItem","position":2,"name":"S\u00e5dan k\u00f8ber du lotteri billetter online","item":"https:\/\/jackpotlotteryonline.com\/da\/koeb-billetter\/"},{"@type":"ListItem","position":3,"name":"Lotto America billetter online"}]},{"@type":"WebSite","@id":"https:\/\/jackpotlotteryonline.com\/#website","url":"https:\/\/jackpotlotteryonline.com\/","name":"Lotto Online - Crack The International Lottery Jackpots","description":"","potentialAction":[{"@type":"SearchAction","target":{"@type":"EntryPoint","urlTemplate":"https:\/\/jackpotlotteryonline.com\/?s={search_term_string}"},"query-input":"required name=search_term_string"}],"inLanguage":"da-DK"}]}},"_links":{"self":[{"href":"https:\/\/jackpotlotteryonline.com\/da\/wp-json\/wp\/v2\/pages\/36822","targetHints":{"allow":["GET"]}}],"collection":[{"href":"https:\/\/jackpotlotteryonline.com\/da\/wp-json\/wp\/v2\/pages"}],"about":[{"href":"https:\/\/jackpotlotteryonline.com\/da\/wp-json\/wp\/v2\/types\/page"}],"author":[{"embeddable":true,"href":"https:\/\/jackpotlotteryonline.com\/da\/wp-json\/wp\/v2\/users\/1"}],"replies":[{"embeddable":true,"href":"https:\/\/jackpotlotteryonline.com\/da\/wp-json\/wp\/v2\/comments?post=36822"}],"version-history":[{"count":0,"href":"https:\/\/jackpotlotteryonline.com\/da\/wp-json\/wp\/v2\/pages\/36822\/revisions"}],"up":[{"embeddable":true,"href":"https:\/\/jackpotlotteryonline.com\/da\/wp-json\/wp\/v2\/pages\/35742"}],"wp:attachment":[{"href":"https:\/\/jackpotlotteryonline.com\/da\/wp-json\/wp\/v2\/media?parent=36822"}],"curies":[{"name":"wp","href":"https:\/\/api.w.org\/{rel}","templated":true}]}}