{"id":36875,"date":"2022-11-09T09:39:41","date_gmt":"2022-11-09T09:39:41","guid":{"rendered":"https:\/\/jackpotlotteryonline.com\/?page_id=36875"},"modified":"2022-12-22T11:46:12","modified_gmt":"2022-12-22T11:46:12","slug":"uk-lottery","status":"publish","type":"page","link":"https:\/\/jackpotlotteryonline.com\/da\/koeb-billetter\/uk-lottery\/","title":{"rendered":"Britisk lotteri"},"content":{"rendered":"<h2>Oversigt over Lottery UK Online<\/h2>\n<p>Det britiske lotteri er et popul\u00e6rt spil for sin evne til at g\u00f8re million\u00e6rer. Det kan ogs\u00e5 spilles online. <a href=\"https:\/\/jackpotlotteryonline.com\/da\/vindernumre\/uk-lottery\">Spillet tr\u00e6kkes to gange om ugen<\/a> p\u00e5 onsdage og l\u00f8rdage.<\/p>\n<h2>S\u00e5dan fungerer det britiske lotteri<\/h2>\n<p>Hver spiller skal v\u00e6lge 6 numre p\u00e5 sin kupon fra et udvalg af tallene 1-49. N\u00e5r tr\u00e6kningen finder sted, v\u00e6lges seks numre sammen med et bonustal. P\u00e5 grund af den relativt lave udbetalingsprocent anbefaler vi ikke dette lotteri. Der er masser af andre internationale lotterispil tilg\u00e6ngelige online med bedre udbetalinger og h\u00f8jere jackpots.<\/p>\n<section class=\"layout\" style=\"border: solid 1px; width: 100%;\">\n<div class=\"img-div\" style=\"margin-top: 5px;\"><img decoding=\"async\" class=\"wp-image-17212 alignleft\" style=\"height: 45px; margin: 8px 8px 0px;\" src=\"https:\/\/jackpotlotteryonline.com\/wp-content\/uploads\/2022\/11\/read1.jpg\" alt=\"l\u00e6s\" width=\"\" height=\"\" \/><\/div>\n<div style=\"padding-left: 5px;\">\n<div style=\"font-size: 1.1em;\">\n<p><strong>Europ\u00e6iske Lotterier<\/strong><\/p>\n<p style=\"font-size: 0.85em; margin-top: -1.5em;\">Hvilke europ\u00e6iske lotterier er de bedste?\u00a0 <a href=\"https:\/\/jackpotlotteryonline.com\/da\/hvilke-europaeiske-lotterier-er-de-bedste\"> L\u00e6s mere<\/a><\/p>\n<\/div>\n<\/div>\n<\/section>\n<h2>At vinde i det britiske lotteri<\/h2>\n<p><img loading=\"lazy\" decoding=\"async\" class=\"alignright size-medium wp-image-19520\" src=\"https:\/\/jackpotlotteryonline.com\/wp-content\/uploads\/2022\/10\/2_ticket_uk_lottery-192x300.jpg\" alt=\"k\u00f8be billet til britisk lotteri\" width=\"192\" height=\"300\" srcset=\"https:\/\/jackpotlotteryonline.com\/wp-content\/uploads\/2022\/10\/2_ticket_uk_lottery-192x300.jpg 192w, https:\/\/jackpotlotteryonline.com\/wp-content\/uploads\/2022\/10\/2_ticket_uk_lottery.jpg 250w\" sizes=\"auto, (max-width: 192px) 100vw, 192px\" \/><\/p>\n<p>Du skal matche mindst tre numre med hovednumrene, der er trukket, for at vinde en pr\u00e6mie. Bonusnummeret er kun relevant, hvis du matcher mindst fem af hovedtallene i lodtr\u00e6kningen.<\/p>\n<p>Det er nemt at kr\u00e6ve din gevinst. Hvis du vinder op til 2.500 \u20ac, vil du blive betalt direkte til din lotterispillerkonto her p\u00e5 vores hjemmeside. For gevinster p\u00e5 over 2.500 \u20ac vil vores kundeserviceafdeling kontakte dig og arrangere en direkte udbetaling fra lotteriselskabet.<\/p>\n<p>Ca. 45% af alle britiske lotto-midler g\u00e5r til pr\u00e6miepenge. Hvis du matcher seks af hovedtallene, f\u00e5r du 52 % af puljens midler udbetalt; hvis du matcher fem hovedtal plus bonustallet, f\u00e5r du 16 % af den resterende pulje; hvis du matcher fem hovedtal, f\u00e5r du 10 % af den resterende pulje; hvis du matcher fire hovedtal, f\u00e5r du 22 % af den resterende pulje, og hvis du matcher tre hovedtal, f\u00e5r du som regel 10 \u00a3 udbetalt. Det britiske Lotto tilbyder ogs\u00e5 online instant win-spil.<\/p>\n<h2>Spil p\u00e5 det britiske lotteri online<\/h2>\n<p>Du kan <a href=\"https:\/\/jackpotlotteryonline.com\/da\/saadan-spiller-du\/uk-lottery\">spille UK Lotto online<\/a>, hvilket g\u00f8r det mere tilg\u00e6ngeligt og bekvemt. Du beh\u00f8ver ikke l\u00e6ngere at g\u00e5 ud for at k\u00f8be en britisk lottokupon hos en forhandler; du kan nu k\u00f8be kuponer hjemme fra dit eget hjem, og det er ikke afh\u00e6ngigt af, om du bor i Storbritannien.<\/p>\n<p>For at spille britisk lotto online og fra et sted uden for Storbritannien skal du klikke p\u00e5 ovenst\u00e5ende banner for det britiske lotteri. Du skal blot registrere dig og derefter gennemf\u00f8re en online betaling.<\/p>\n<h2>Hvorfor de fleste internationale lotto-jackpots er mere attraktive end det britiske lotteri<\/h2>\n<ul>\n<li>Jackpots er meget h\u00f8jere med de internationale lotterier (tjek bel\u00f8bene i banneret \u00f8verst)<\/li>\n<li>UK Lotto uddeler kun 45% af pengene som gevinster<\/li>\n<li>P\u00e5 vores hjemmeside har du et udvalg af megalotterier og enorme jackpots at v\u00e6lge imellem!<\/li>\n<\/ul>\n","protected":false},"excerpt":{"rendered":"<p>Oversigt over Lottery UK Online Det britiske lotteri er et popul\u00e6rt spil for sin evne til at g\u00f8re million\u00e6rer. Det kan ogs\u00e5 spilles online. Spillet tr\u00e6kkes to gange om ugen p\u00e5 onsdage og l\u00f8rdage. S\u00e5dan fungerer det britiske lotteri Hver spiller skal v\u00e6lge 6 numre p\u00e5 sin kupon fra et udvalg af tallene 1-49. N\u00e5r [&hellip;]<\/p>\n","protected":false},"author":1,"featured_media":0,"parent":35742,"menu_order":10,"comment_status":"closed","ping_status":"closed","template":"lotto-uk-info.php","meta":{"_et_pb_use_builder":"","_et_pb_old_content":"","_et_gb_content_width":"","exclude_from_search":false,"footnotes":""},"class_list":["post-36875","page","type-page","status-publish","hentry"],"yoast_head":"<!-- This site is optimized with the Yoast SEO plugin v23.3 - https:\/\/yoast.com\/wordpress\/plugins\/seo\/ -->\n<title>K\u00f8b billetter online til det britiske lotteri fra uden for Storbritannien<\/title>\n<meta name=\"description\" content=\"S\u00e5dan fungerer det britiske lotteri, og hvordan du k\u00f8ber en billet og vinder online fra et sted uden for Storbritannien\" \/>\n<meta name=\"robots\" content=\"index, follow, max-snippet:-1, max-image-preview:large, max-video-preview:-1\" \/>\n<link rel=\"canonical\" href=\"https:\/\/jackpotlotteryonline.com\/buy-tickets\/uk-lottery\/\" \/>\n<meta property=\"og:locale\" content=\"da_DK\" \/>\n<meta property=\"og:type\" content=\"article\" \/>\n<meta property=\"og:title\" content=\"K\u00f8b billetter online til det britiske lotteri fra uden for Storbritannien\" \/>\n<meta property=\"og:description\" content=\"S\u00e5dan fungerer det britiske lotteri, og hvordan du k\u00f8ber en billet og vinder online fra et sted uden for Storbritannien\" \/>\n<meta property=\"og:url\" content=\"https:\/\/jackpotlotteryonline.com\/buy-tickets\/uk-lottery\/\" \/>\n<meta property=\"og:site_name\" content=\"Lotto Online - Crack The International Lottery Jackpots\" \/>\n<meta property=\"article:modified_time\" content=\"2022-12-22T11:46:12+00:00\" \/>\n<meta property=\"og:image\" content=\"https:\/\/jackpotlotteryonline.com\/wp-content\/uploads\/2022\/11\/read1.jpg\" \/>\n<meta name=\"twitter:card\" content=\"summary_large_image\" \/>\n<meta name=\"twitter:label1\" content=\"Estimeret l\u00e6setid\" \/>\n\t<meta name=\"twitter:data1\" content=\"3 minutter\" \/>\n<!-- \/ Yoast SEO plugin. -->","yoast_head_json":{"title":"K\u00f8b billetter online til det britiske lotteri fra uden for Storbritannien","description":"S\u00e5dan fungerer det britiske lotteri, og hvordan du k\u00f8ber en billet og vinder online fra et sted uden for Storbritannien","robots":{"index":"index","follow":"follow","max-snippet":"max-snippet:-1","max-image-preview":"max-image-preview:large","max-video-preview":"max-video-preview:-1"},"canonical":"https:\/\/jackpotlotteryonline.com\/buy-tickets\/uk-lottery\/","og_locale":"da_DK","og_type":"article","og_title":"K\u00f8b billetter online til det britiske lotteri fra uden for Storbritannien","og_description":"S\u00e5dan fungerer det britiske lotteri, og hvordan du k\u00f8ber en billet og vinder online fra et sted uden for Storbritannien","og_url":"https:\/\/jackpotlotteryonline.com\/buy-tickets\/uk-lottery\/","og_site_name":"Lotto Online - Crack The International Lottery Jackpots","article_modified_time":"2022-12-22T11:46:12+00:00","og_image":[{"url":"https:\/\/jackpotlotteryonline.com\/wp-content\/uploads\/2022\/11\/read1.jpg"}],"twitter_card":"summary_large_image","twitter_misc":{"Estimeret l\u00e6setid":"3 minutter"},"schema":{"@context":"https:\/\/schema.org","@graph":[{"@type":"WebPage","@id":"https:\/\/jackpotlotteryonline.com\/buy-tickets\/uk-lottery\/","url":"https:\/\/jackpotlotteryonline.com\/buy-tickets\/uk-lottery\/","name":"K\u00f8b billetter online til det britiske lotteri fra uden for Storbritannien","isPartOf":{"@id":"https:\/\/jackpotlotteryonline.com\/#website"},"primaryImageOfPage":{"@id":"https:\/\/jackpotlotteryonline.com\/buy-tickets\/uk-lottery\/#primaryimage"},"image":{"@id":"https:\/\/jackpotlotteryonline.com\/buy-tickets\/uk-lottery\/#primaryimage"},"thumbnailUrl":"https:\/\/jackpotlotteryonline.com\/wp-content\/uploads\/2022\/11\/read1.jpg","datePublished":"2022-11-09T09:39:41+00:00","dateModified":"2022-12-22T11:46:12+00:00","description":"S\u00e5dan fungerer det britiske lotteri, og hvordan du k\u00f8ber en billet og vinder online fra et sted uden for Storbritannien","breadcrumb":{"@id":"https:\/\/jackpotlotteryonline.com\/buy-tickets\/uk-lottery\/#breadcrumb"},"inLanguage":"da-DK","potentialAction":[{"@type":"ReadAction","target":["https:\/\/jackpotlotteryonline.com\/buy-tickets\/uk-lottery\/"]}]},{"@type":"ImageObject","inLanguage":"da-DK","@id":"https:\/\/jackpotlotteryonline.com\/buy-tickets\/uk-lottery\/#primaryimage","url":"https:\/\/jackpotlotteryonline.com\/wp-content\/uploads\/2022\/11\/read1.jpg","contentUrl":"https:\/\/jackpotlotteryonline.com\/wp-content\/uploads\/2022\/11\/read1.jpg"},{"@type":"BreadcrumbList","@id":"https:\/\/jackpotlotteryonline.com\/buy-tickets\/uk-lottery\/#breadcrumb","itemListElement":[{"@type":"ListItem","position":1,"name":"Home","item":"https:\/\/jackpotlotteryonline.com\/da\/"},{"@type":"ListItem","position":2,"name":"S\u00e5dan k\u00f8ber du lotteri billetter online","item":"https:\/\/jackpotlotteryonline.com\/da\/koeb-billetter\/"},{"@type":"ListItem","position":3,"name":"Britisk lotteri"}]},{"@type":"WebSite","@id":"https:\/\/jackpotlotteryonline.com\/#website","url":"https:\/\/jackpotlotteryonline.com\/","name":"Lotto Online - Crack The International Lottery Jackpots","description":"","potentialAction":[{"@type":"SearchAction","target":{"@type":"EntryPoint","urlTemplate":"https:\/\/jackpotlotteryonline.com\/?s={search_term_string}"},"query-input":"required name=search_term_string"}],"inLanguage":"da-DK"}]}},"_links":{"self":[{"href":"https:\/\/jackpotlotteryonline.com\/da\/wp-json\/wp\/v2\/pages\/36875","targetHints":{"allow":["GET"]}}],"collection":[{"href":"https:\/\/jackpotlotteryonline.com\/da\/wp-json\/wp\/v2\/pages"}],"about":[{"href":"https:\/\/jackpotlotteryonline.com\/da\/wp-json\/wp\/v2\/types\/page"}],"author":[{"embeddable":true,"href":"https:\/\/jackpotlotteryonline.com\/da\/wp-json\/wp\/v2\/users\/1"}],"replies":[{"embeddable":true,"href":"https:\/\/jackpotlotteryonline.com\/da\/wp-json\/wp\/v2\/comments?post=36875"}],"version-history":[{"count":0,"href":"https:\/\/jackpotlotteryonline.com\/da\/wp-json\/wp\/v2\/pages\/36875\/revisions"}],"up":[{"embeddable":true,"href":"https:\/\/jackpotlotteryonline.com\/da\/wp-json\/wp\/v2\/pages\/35742"}],"wp:attachment":[{"href":"https:\/\/jackpotlotteryonline.com\/da\/wp-json\/wp\/v2\/media?parent=36875"}],"curies":[{"name":"wp","href":"https:\/\/api.w.org\/{rel}","templated":true}]}}