{"id":36928,"date":"2022-11-09T10:48:14","date_gmt":"2022-11-09T10:48:14","guid":{"rendered":"https:\/\/jackpotlotteryonline.com\/?page_id=36928"},"modified":"2023-01-04T08:05:02","modified_gmt":"2023-01-04T08:05:02","slug":"set-for-life","status":"publish","type":"page","link":"https:\/\/jackpotlotteryonline.com\/da\/koeb-billetter\/set-for-life\/","title":{"rendered":"K\u00f8b Set for Life billetter"},"content":{"rendered":"<p>Er du klar til en chance for at blive sat for livet? Der er intet bedre tidspunkt end nutiden til at tage en chance for at vinde 10.000 pund hver m\u00e5ned i de n\u00e6ste 30 \u00e5r, og det hele begynder ved <a href=\"https:\/\/jackpotlotteryonline.com\/da\/saadan-spiller-du\/set-for-life\">at spille i det britiske lotteri.<\/a><img loading=\"lazy\" decoding=\"async\" class=\"alignright size-medium wp-image-35457\" src=\"https:\/\/jackpotlotteryonline.com\/wp-content\/uploads\/2022\/11\/2_ticket_uk_lottery-192x300.jpg\" alt=\"Set for Life billetter\" width=\"192\" height=\"300\" srcset=\"https:\/\/jackpotlotteryonline.com\/wp-content\/uploads\/2022\/11\/2_ticket_uk_lottery-192x300.jpg 192w, https:\/\/jackpotlotteryonline.com\/wp-content\/uploads\/2022\/11\/2_ticket_uk_lottery.jpg 250w\" sizes=\"auto, (max-width: 192px) 100vw, 192px\" \/><\/p>\n<p>Dette lotteri drives af det britiske National Lottery og havde sin f\u00f8rste tr\u00e6kning i 1999. Siden da har det v\u00e6ret en favorit blandt de britiske lottospillere, da det n\u00e6sten er for sv\u00e6rt for dem at modst\u00e5 at vinde 10.000 \u00a3 om m\u00e5neden i 30 \u00e5r. Det b\u00f8r du heller ikke, hvis du for den sags skyld. At vinde dette lotteri er n\u00e6sten som at f\u00e5 julemanden hjem til dig hver m\u00e5ned.<\/p>\n<p>Lodder til dette britiske lotteri s\u00e6lges blandt et bredt netv\u00e6rk af s\u00e6lgere i landet. Hvis du bor uden for Storbritannien er der dog ingen grund til, at du heller ikke kan k\u00f8be lodder til lotteriet. Jackpotlotteryonline.com giver lottoentusiaster adgang til de bedste internationale lotterier fra deres computere eller mobile enheder.<\/p>\n<p>Registrer dig hos os for at begynde at spille lotterier i Storbritannien og resten af verden.<\/p>\n<h2>S\u00e5dan spiller du Set for Life online<\/h2>\n<p>Dette er forskelligt fra andre lotterier, fordi det er et annuitetslotteri, s\u00e5 vinderne vil ikke g\u00e5 hjem med millioner af euro eller pund. Den eneste forskel er dog i den m\u00e5de, hvorp\u00e5 pr\u00e6mien gives. Ligesom i andre lotterier skal spilleren v\u00e6lge hovedtal ud af et bestemt interval og et s\u00e6rligt tal.<\/p>\n<p>For at f\u00e5 Set for Life-billetter online skal du bes\u00f8ge det websted, du \u00f8nsker, og derefter v\u00e6lge fem hovedtal mellem 1 og 47. V\u00e6lg et ekstra bonusnummer kaldet &#8220;Life Ball-nummer&#8221; fra et interval fra 1 til 10. Du kan enten bruge dine heldige tal eller bruge auto-pick-v\u00e6rkt\u00f8jet til at v\u00e6lge en tilf\u00e6ldig r\u00e6kke af tal. Du kan ogs\u00e5 v\u00e6lge flere talr\u00e6kker for at \u00f8ge dine chancer for at vinde.<\/p>\n<p>For at vinde i lotteriet skal du matche alle 6 udtrukne numre. Hvis du registrerer dig hos os, kan du <a href=\"https:\/\/jackpotlotteryonline.com\/da\/vindernumre\/set-for-life\">deltage i tr\u00e6kninger flere uger i forvejen<\/a>.<\/p>\n<h2>Pr\u00e6mier<\/h2>\n<p><img loading=\"lazy\" decoding=\"async\" class=\"size-medium wp-image-30128 alignright\" src=\"https:\/\/jackpotlotteryonline.com\/wp-content\/uploads\/2022\/11\/1_win_online_lottery_jackpot-300x182.jpg\" alt=\"Britisk lotteri pr\u00e6mie\" width=\"300\" height=\"182\" srcset=\"https:\/\/jackpotlotteryonline.com\/wp-content\/uploads\/2022\/11\/1_win_online_lottery_jackpot-300x182.jpg 300w, https:\/\/jackpotlotteryonline.com\/wp-content\/uploads\/2022\/11\/1_win_online_lottery_jackpot.jpg 320w\" sizes=\"auto, (max-width: 300px) 100vw, 300px\" \/><\/p>\n<p>Vi har alts\u00e5 talt om jackpotten, som er p\u00e5 10.000 \u00a3 hver m\u00e5ned i 30 \u00e5r. Men det er ikke den eneste pr\u00e6mie for spillere i dette lotteri. Hvis du f.eks. kun matcher de 5 hovedtal, f\u00e5r du 10.000 \u00a3 hver m\u00e5ned i et \u00e5r. Ikke d\u00e5rligt, vel?<\/p>\n<p>Lad os tage et kig p\u00e5 pr\u00e6miefordelingen, og hvad spillerne kan forvente at vinde, n\u00e5r de k\u00f8ber lodder til dette britiske lotteri.<\/p>\n<p>Match 5 hovedtal + Life Ball &#8211; 10.000 \u00a3 hver m\u00e5ned i 30 \u00e5r<br \/>\nMatch 5 hovednumre alene &#8211; 10 000 \u00a3 hver m\u00e5ned i 1 \u00e5r<br \/>\nMatch 4 hovedtal + Life Ball &#8211; 250 \u00a3<br \/>\nMatch 4 hovedtal kun &#8211; 50 \u00a3<br \/>\nMatch 3 hovedtal + Life Ball &#8211; 30 \u00a3<br \/>\nMatch 3 hovednumre alene &#8211; 20 \u00a3<br \/>\nMatch 2 hovednumre + Life Ball &#8211; 10 \u00a3<br \/>\nMatch 2 hovednumre alene &#8211; 5 \u00a3<\/p>\n<h2>Hent din pr\u00e6mie<\/h2>\n<p>Du har 180 dage til at g\u00f8re krav p\u00e5 din pr\u00e6mie, ellers kan du ikke g\u00f8re krav p\u00e5 den l\u00e6ngere. Lotteripr\u00e6mier i Storbritannien er skattefrie, s\u00e5 du kan nyde alle dine gevinster, som du vil. Men for dem, der spiller fra et andet land, er det en god id\u00e9 at finde ud af, hvordan skattelovgivningen er i det land, hvor du bor.<\/p>\n<section class=\"layout\" style=\"border: solid 1px; width: 100%;\">\n<div class=\"img-div\" style=\"margin-top: 5px;\"><img decoding=\"async\" class=\"wp-image-17212 alignleft\" style=\"height: 45px; margin: 8px 8px 0px;\" src=\"https:\/\/jackpotlotteryonline.com\/wp-content\/uploads\/2022\/11\/read1.jpg\" alt=\"l\u00e6s\" width=\"\" height=\"\" \/><\/div>\n<div style=\"padding-left: 5px;\">\n<div style=\"font-size: 1.1em;\">\n<p><strong>Skatter p\u00e5 gevinster fra lotterier<\/strong><\/p>\n<p style=\"font-size: 0.85em; margin-top: -1.5em;\">Skal jeg betale skat af lotterigevinster?\u00a0 <a href=\"https:\/\/jackpotlotteryonline.com\/da\/skal-jeg-betale-skat-af-lottogevinster\"> L\u00e6s mere<\/a><\/p>\n<\/div>\n<\/div>\n<\/section>\n<h2>En fantastisk mulighed for hele livet<\/h2>\n<p>Chancen for at vinde Set for Life er en mulighed for livet. Det betyder, at du aldrig mere beh\u00f8ver at bekymre dig om din \u00f8konomi igen, hvis du vinder. Der er historier om lottovindere, der har brugt hele deres formue og nu er g\u00e5et konkurs. Med dette lotteri beh\u00f8ver det ikke at ske for dig. Selv hvis du bruger det hele den f\u00f8rste m\u00e5ned, ved du, at du kan bruge det bedre den n\u00e6ste m\u00e5ned.<\/p>\n<p>T\u00e6nk p\u00e5, hvad det ville betyde at modtage den slags bel\u00f8b hver eneste m\u00e5ned i 30 \u00e5r.<\/p>\n<h2>Registrer dig hos os for at spille Set for Life<\/h2>\n<p>Det har aldrig v\u00e6ret nemmere at f\u00e5 en billet til det britiske annuitetslotteri fra hvor som helst. N\u00e5r du registrerer dig hos os, g\u00f8r vi det nemt for dig at spille toplotterier i hele verden p\u00e5 en problemfri og problemfri m\u00e5de. Vi g\u00e5r op i at skabe mindev\u00e6rdige oplevelser for vores kunder. S\u00e5 registrer dig hos os i dag for at k\u00f8be Set for Life-lodder fra hvor som helst i verden.<\/p>\n","protected":false},"excerpt":{"rendered":"<p>Er du klar til en chance for at blive sat for livet? Der er intet bedre tidspunkt end nutiden til at tage en chance for at vinde 10.000 pund hver m\u00e5ned i de n\u00e6ste 30 \u00e5r, og det hele begynder ved at spille i det britiske lotteri. Dette lotteri drives af det britiske National Lottery [&hellip;]<\/p>\n","protected":false},"author":1,"featured_media":0,"parent":35742,"menu_order":11,"comment_status":"closed","ping_status":"closed","template":"set-for-life-info.php","meta":{"_et_pb_use_builder":"","_et_pb_old_content":"","_et_gb_content_width":"","exclude_from_search":false,"footnotes":""},"class_list":["post-36928","page","type-page","status-publish","hentry"],"yoast_head":"<!-- This site is optimized with the Yoast SEO plugin v23.3 - https:\/\/yoast.com\/wordpress\/plugins\/seo\/ -->\n<title>K\u00f8b Set for life billetter uden for Storbritannien | F\u00e5 Set for life billetter online<\/title>\n<meta name=\"description\" content=\"Set for Life er et meget specielt lotteri, men for at deltage fra lande uden for Storbritannien, skal du k\u00f8be en billet online her\" \/>\n<meta name=\"robots\" content=\"index, follow, max-snippet:-1, max-image-preview:large, max-video-preview:-1\" \/>\n<link rel=\"canonical\" href=\"https:\/\/jackpotlotteryonline.com\/da\/koeb-billetter\/set-for-life\/\" \/>\n<meta property=\"og:locale\" content=\"da_DK\" \/>\n<meta property=\"og:type\" content=\"article\" \/>\n<meta property=\"og:title\" content=\"K\u00f8b Set for life billetter uden for Storbritannien | F\u00e5 Set for life billetter online\" \/>\n<meta property=\"og:description\" content=\"Set for Life er et meget specielt lotteri, men for at deltage fra lande uden for Storbritannien, skal du k\u00f8be en billet online her\" \/>\n<meta property=\"og:url\" content=\"https:\/\/jackpotlotteryonline.com\/da\/koeb-billetter\/set-for-life\/\" \/>\n<meta property=\"og:site_name\" content=\"Lotto Online - Crack The International Lottery Jackpots\" \/>\n<meta property=\"article:modified_time\" content=\"2023-01-04T08:05:02+00:00\" \/>\n<meta property=\"og:image\" content=\"https:\/\/jackpotlotteryonline.com\/wp-content\/uploads\/2022\/11\/2_ticket_uk_lottery-192x300.jpg\" \/>\n<meta name=\"twitter:card\" content=\"summary_large_image\" \/>\n<meta name=\"twitter:label1\" content=\"Estimeret l\u00e6setid\" \/>\n\t<meta name=\"twitter:data1\" content=\"4 minutter\" \/>\n<!-- \/ Yoast SEO plugin. -->","yoast_head_json":{"title":"K\u00f8b Set for life billetter uden for Storbritannien | F\u00e5 Set for life billetter online","description":"Set for Life er et meget specielt lotteri, men for at deltage fra lande uden for Storbritannien, skal du k\u00f8be en billet online her","robots":{"index":"index","follow":"follow","max-snippet":"max-snippet:-1","max-image-preview":"max-image-preview:large","max-video-preview":"max-video-preview:-1"},"canonical":"https:\/\/jackpotlotteryonline.com\/da\/koeb-billetter\/set-for-life\/","og_locale":"da_DK","og_type":"article","og_title":"K\u00f8b Set for life billetter uden for Storbritannien | F\u00e5 Set for life billetter online","og_description":"Set for Life er et meget specielt lotteri, men for at deltage fra lande uden for Storbritannien, skal du k\u00f8be en billet online her","og_url":"https:\/\/jackpotlotteryonline.com\/da\/koeb-billetter\/set-for-life\/","og_site_name":"Lotto Online - Crack The International Lottery Jackpots","article_modified_time":"2023-01-04T08:05:02+00:00","og_image":[{"url":"https:\/\/jackpotlotteryonline.com\/wp-content\/uploads\/2022\/11\/2_ticket_uk_lottery-192x300.jpg"}],"twitter_card":"summary_large_image","twitter_misc":{"Estimeret l\u00e6setid":"4 minutter"},"schema":{"@context":"https:\/\/schema.org","@graph":[{"@type":"WebPage","@id":"https:\/\/jackpotlotteryonline.com\/da\/koeb-billetter\/set-for-life\/","url":"https:\/\/jackpotlotteryonline.com\/da\/koeb-billetter\/set-for-life\/","name":"K\u00f8b Set for life billetter uden for Storbritannien | F\u00e5 Set for life billetter online","isPartOf":{"@id":"https:\/\/jackpotlotteryonline.com\/#website"},"primaryImageOfPage":{"@id":"https:\/\/jackpotlotteryonline.com\/da\/koeb-billetter\/set-for-life\/#primaryimage"},"image":{"@id":"https:\/\/jackpotlotteryonline.com\/da\/koeb-billetter\/set-for-life\/#primaryimage"},"thumbnailUrl":"https:\/\/jackpotlotteryonline.com\/wp-content\/uploads\/2022\/11\/2_ticket_uk_lottery-192x300.jpg","datePublished":"2022-11-09T10:48:14+00:00","dateModified":"2023-01-04T08:05:02+00:00","description":"Set for Life er et meget specielt lotteri, men for at deltage fra lande uden for Storbritannien, skal du k\u00f8be en billet online her","breadcrumb":{"@id":"https:\/\/jackpotlotteryonline.com\/da\/koeb-billetter\/set-for-life\/#breadcrumb"},"inLanguage":"da-DK","potentialAction":[{"@type":"ReadAction","target":["https:\/\/jackpotlotteryonline.com\/da\/koeb-billetter\/set-for-life\/"]}]},{"@type":"ImageObject","inLanguage":"da-DK","@id":"https:\/\/jackpotlotteryonline.com\/da\/koeb-billetter\/set-for-life\/#primaryimage","url":"https:\/\/jackpotlotteryonline.com\/wp-content\/uploads\/2022\/11\/2_ticket_uk_lottery-192x300.jpg","contentUrl":"https:\/\/jackpotlotteryonline.com\/wp-content\/uploads\/2022\/11\/2_ticket_uk_lottery-192x300.jpg"},{"@type":"BreadcrumbList","@id":"https:\/\/jackpotlotteryonline.com\/da\/koeb-billetter\/set-for-life\/#breadcrumb","itemListElement":[{"@type":"ListItem","position":1,"name":"Home","item":"https:\/\/jackpotlotteryonline.com\/da\/"},{"@type":"ListItem","position":2,"name":"S\u00e5dan k\u00f8ber du lotteri billetter online","item":"https:\/\/jackpotlotteryonline.com\/da\/koeb-billetter\/"},{"@type":"ListItem","position":3,"name":"K\u00f8b Set for Life billetter"}]},{"@type":"WebSite","@id":"https:\/\/jackpotlotteryonline.com\/#website","url":"https:\/\/jackpotlotteryonline.com\/","name":"Lotto Online - Crack The International Lottery Jackpots","description":"","potentialAction":[{"@type":"SearchAction","target":{"@type":"EntryPoint","urlTemplate":"https:\/\/jackpotlotteryonline.com\/?s={search_term_string}"},"query-input":"required name=search_term_string"}],"inLanguage":"da-DK"}]}},"_links":{"self":[{"href":"https:\/\/jackpotlotteryonline.com\/da\/wp-json\/wp\/v2\/pages\/36928","targetHints":{"allow":["GET"]}}],"collection":[{"href":"https:\/\/jackpotlotteryonline.com\/da\/wp-json\/wp\/v2\/pages"}],"about":[{"href":"https:\/\/jackpotlotteryonline.com\/da\/wp-json\/wp\/v2\/types\/page"}],"author":[{"embeddable":true,"href":"https:\/\/jackpotlotteryonline.com\/da\/wp-json\/wp\/v2\/users\/1"}],"replies":[{"embeddable":true,"href":"https:\/\/jackpotlotteryonline.com\/da\/wp-json\/wp\/v2\/comments?post=36928"}],"version-history":[{"count":0,"href":"https:\/\/jackpotlotteryonline.com\/da\/wp-json\/wp\/v2\/pages\/36928\/revisions"}],"up":[{"embeddable":true,"href":"https:\/\/jackpotlotteryonline.com\/da\/wp-json\/wp\/v2\/pages\/35742"}],"wp:attachment":[{"href":"https:\/\/jackpotlotteryonline.com\/da\/wp-json\/wp\/v2\/media?parent=36928"}],"curies":[{"name":"wp","href":"https:\/\/api.w.org\/{rel}","templated":true}]}}