{"id":36981,"date":"2022-11-09T12:28:45","date_gmt":"2022-11-09T12:28:45","guid":{"rendered":"https:\/\/jackpotlotteryonline.com\/?page_id=36981"},"modified":"2022-12-24T08:12:42","modified_gmt":"2022-12-24T08:12:42","slug":"mega-sena","status":"publish","type":"page","link":"https:\/\/jackpotlotteryonline.com\/da\/koeb-billetter\/mega-sena\/","title":{"rendered":"K\u00f8b Mega Sena billetter"},"content":{"rendered":"<p>Mega Sena er det st\u00f8rste lotteri i Brasilien med en af de st\u00f8rste jackpots i verden. Det er ikke underligt, at spillere overalt er ivrige efter at f\u00e5 en chance for at vinde jackpotten. Interessant nok er Mega Sena ogs\u00e5 et let lotteri at spille, nemmere end mange andre internationale lotterier. Den nemme m\u00e5de at spille lotteriet p\u00e5, den store jackpot og de gunstige odds er alt sammen med til at g\u00f8re dette lotteri enormt attraktivt for spillere overalt.<\/p>\n<p>At<a href=\"https:\/\/jackpotlotteryonline.com\/da\/saadan-spiller-du\/mega-sena-2\"> spille Mega Sena-lotteriet<\/a> er lige s\u00e5 enkelt som at matche de seks udtrukne tal. Der er ingen s\u00e6rlige eller bonusnumre, n\u00e5r du spiller dette lotteri. Du skal blot v\u00e6lge 6 tal fra 1 til 60 og <a href=\"https:\/\/jackpotlotteryonline.com\/da\/vindernumre\/mega-sena\">deltage i lodtr\u00e6kningen.<\/a><\/p>\n<p>Selv om du skal v\u00e6lge seks tal for at deltage i lodtr\u00e6kningen, er der ingen gr\u00e6nse for antallet af linjer, du kan v\u00e6lge. Du kan s\u00e5ledes v\u00e6lge ti linjer med seks tal for at \u00f8ge dine chancer for at vinde lotteriet.<\/p>\n<h2>Hvor kan du k\u00f8be Mega Sena-billetter?<\/h2>\n<p><img loading=\"lazy\" decoding=\"async\" class=\"alignright size-full wp-image-28778\" src=\"https:\/\/jackpotlotteryonline.com\/wp-content\/uploads\/2022\/11\/1_online_ticket_eurojackpot2.jpg\" alt=\"k\u00f8be Mega Sena billetter\" width=\"300\" height=\"200\" \/><\/p>\n<p>Hvis du bor i Brasilien, er det lige s\u00e5 enkelt at deltage i dette lotteri som at g\u00e5 hen til en lotteriforhandler for at k\u00f8be dine lodder. Dette kan dog udg\u00f8re en smule af en udfordring for spillere, der bor uden for landet. Hvis du bor uden for denne jurisdiktion, er der en mulighed for dig. Du skal k\u00f8be dine lodder online.<\/p>\n<h2>K\u00f8b af Mega Sena-billetter online<\/h2>\n<p>Det er ganske enkelt at spille lotto online, og det giver spillerne mulighed for at deltage i lotterier fra hele verden. Normalt vil spillere, der ikke bor i et bestemt land, ikke kunne spille i lotteriet fra det p\u00e5g\u00e6ldende land. Internettet har demokratiseret deltagelsen i lotterier ved at give spillere, der tidligere har v\u00e6ret afsk\u00e5ret fra at deltage p\u00e5 grund af geografiske gr\u00e6nser, mulighed for at deltage i lotterier.<\/p>\n<p>Nu er det lige s\u00e5 enkelt at spille Mega Sena-lotteriet som at bes\u00f8ge et online-lotterisite som jackpotlotteryonline.com. Der kan du k\u00f8be din billet ved at v\u00e6lge dine numre og derefter beslutte, hvor mange tr\u00e6kninger du vil deltage i. N\u00e5r det er gjort, er det eneste, du skal g\u00f8re, at vente p\u00e5 resultaterne af lodtr\u00e6kningen.<\/p>\n<h2>Hvad er jackpotten for dette lotteri?<\/h2>\n<p>Fik vi n\u00e6vnt, at Mega Sena er et af de st\u00f8rste lotterier i verden? Det kan virke sv\u00e6rt at tro, n\u00e5r man t\u00e6nker p\u00e5 startjackpotpr\u00e6mien p\u00e5 450,00 $, is\u00e6r n\u00e5r den placeres ved siden af nogle andre lotterier med st\u00f8rre startjackpots.<\/p>\n<p>Men det smukke ved Mega Sena er, at jackpots kan rulle over til utroligt store bel\u00f8b. Nogle af de st\u00f8rste jackpots, som Mega Sena-spillere har vundet, l\u00f8b op i millioner af amerikanske dollars. Den st\u00f8rste jackpot var lidt over 73 millioner dollars.<\/p>\n<p>N\u00e5r du overvejer dette, s\u00e5 er det klart, at det kan v\u00e6re en rigtig god mulighed at spille Mega Sena-lotteriet, n\u00e5r du s\u00f8ger efter lotterier at deltage i.<\/p>\n<section class=\"layout\" style=\"border: solid 1px; width: 100%;\">\n<div class=\"img-div\" style=\"margin-top: 5px;\"><img decoding=\"async\" class=\"wp-image-17212 alignleft\" style=\"height: 45px; margin: 8px 8px 0px;\" src=\"https:\/\/jackpotlotteryonline.com\/wp-content\/uploads\/2022\/11\/read1.jpg\" alt=\"l\u00e6s\" width=\"\" height=\"\" \/><\/div>\n<div style=\"padding-left: 5px;\">\n<div style=\"font-size: 1.1em;\">\n<p><strong>Et par tricks og tips til at v\u00e6lge dine numre<\/strong><\/p>\n<p style=\"font-size: 0.85em; margin-top: -1.5em;\">For\u00f8g dine vinderchancer &#8211; brug en strategi til at v\u00e6lge dine numre\u00a0 <a href=\"https:\/\/jackpotlotteryonline.com\/da\/nekolik-triku-a-tipu-pro-vyber-cisel\">L\u00e6s mere<\/a><\/p>\n<\/div>\n<\/div>\n<\/section>\n<h2>Hvad sker der, hvis du vinder i lotteriet?<\/h2>\n<p>Dette er et sp\u00f8rgsm\u00e5l, som vi st\u00f8der p\u00e5 meget, is\u00e6r fra dem, der k\u00f8ber Mega Sena-lotterisedler fra lande uden for det sydamerikanske land. Du spekulerer m\u00e5ske p\u00e5, om du skal flyve hele vejen til det sydamerikanske land for at f\u00e5 din gevinst. Men det er slet ikke n\u00f8dvendigt, selv om du har lyst til et bes\u00f8g for at nyde stederne, s\u00e5 book endelig et fly.<\/p>\n<p>Men hvis du s\u00f8ger en problemfri m\u00e5de at spille lotto p\u00e5 og f\u00e5 din gevinst uden stress, s\u00e5 er det en god m\u00e5de at spille online p\u00e5.<\/p>\n<p>N\u00e5r du registrerer dig hos os, tager vi det et skridt videre ved at sikre, at du kan deltage i internationale lotterier efter eget valg, herunder Mega Sena-lotteriet. Ikke bare det, men du kan ogs\u00e5 nemt udbetale dine gevinster fra vores side til din konto. Det har aldrig v\u00e6ret nemmere at spille lotteri.<\/p>\n<h2>Hvad med Mega da Virada?<\/h2>\n<p><img loading=\"lazy\" decoding=\"async\" class=\"alignright size-full wp-image-35593\" src=\"https:\/\/jackpotlotteryonline.com\/wp-content\/uploads\/2022\/11\/2_ticket_uk_lottery2-1-190x300-1.jpg\" alt=\"Mega Sena lotteri billet\" width=\"190\" height=\"300\" \/><\/p>\n<p>Vi er s\u00e6rligt glade for, at du spurgte om det, fordi det er en af de st\u00f8rste jackpots derude. Faktisk er det \u00e5rets st\u00f8rste jackpot i Brasilien, og bel\u00f8bet kan komme op p\u00e5 60 millioner dollars.<\/p>\n<p>Mega da Virada er en s\u00e6rlig jackpot i Mega Sena-lotteriet, som finder sted en gang om \u00e5ret. Mega Virada-tr\u00e6kningen finder sted den 31. oktober hvert \u00e5r og giver spillerne mulighed for at vinde stort.<\/p>\n<p>Mega da Virada-lodden kan heller ikke rulles over, s\u00e5 den gevinst skal vindes, ellers er den v\u00e6k for \u00e5ret.<\/p>\n<h2>Regelm\u00e6ssige Mega Sena-tr\u00e6kningsdage<\/h2>\n<p>N\u00e5r du k\u00f8ber Mega Sena-billetter, har du mulighed for at deltage i tr\u00e6kningen onsdag eller l\u00f8rdag. Du kan naturligvis deltage i begge dele, hvilket vi anbefaler, da det \u00f8ger dine chancer for at vinde en pr\u00e6mie.<\/p>\n<p>Hvis du virkelig er opsat p\u00e5 at \u00f8ge dine chancer for at vinde jackpotten, b\u00f8r du overveje at melde dig ind i et lotterisyndikat. Fordelen er, at du vil have adgang til en pulje, s\u00e5 du kan deltage i flere tr\u00e6kninger uden at bruge alle dine midler.<\/p>\n<h2>Pr\u00e6mier p\u00e5 tre niveauer<\/h2>\n<p>Mega Sena-lotteriet har tre gevinstniveauer, som omfatter jackpotten. Det betyder, at ud over jackpotpr\u00e6mien har spillerne ogs\u00e5 mulighed for at vinde pr\u00e6mier i to andre kategorier. Vi vil liste dem nedenfor og vise, hvordan du kan vinde i disse niveauer.<\/p>\n<p>Match 6 numre &#8211; Jackpot &#8211; 35 % af pr\u00e6miepuljepengene<br \/>\nMatch 5 numre &#8211; Tier 2 &#8211; 19 % af pr\u00e6miepuljen<br \/>\nMatch 4 numre &#8211; Tier 3 &#8211; 19 % af pr\u00e6miepuljepengene<\/p>\n<p><strong>Interessant kendsgerning: Oddset for at vinde en pr\u00e6mie, n\u00e5r du spiller p\u00e5 en enkelt billet med 6 numre, er 1 ud af 2 298.<\/strong><\/p>\n<h2>Registrer dig hos os for at deltage i Mega Sena-lotteriet<\/h2>\n<p>Lad ikke det faktum, at du ikke bor i Sydamerika, stoppe dig fra at nyde Mega Sena-lotteriet. Oddsene for at vinde er store, og pr\u00e6mierne er fristende. S\u00e5 hvis du bor uden for Brasilien, kan du k\u00f8be Mega Sena-lodder p\u00e5 vores side ved at registrere dig hos os.<\/p>\n<p>Vi tilbyder en one-stop-l\u00f8sning, der forenkler hele processen med at spille lotteri. Du kan nu slappe af og placere dit spil med lethed, fordi vi h\u00e5ndterer den stressende del for dig. Hvorfor ikke k\u00f8be dine Mega Sena-billetter nu for at f\u00e5 chancen for at vinde stort?<\/p>\n","protected":false},"excerpt":{"rendered":"<p>Mega Sena er det st\u00f8rste lotteri i Brasilien med en af de st\u00f8rste jackpots i verden. Det er ikke underligt, at spillere overalt er ivrige efter at f\u00e5 en chance for at vinde jackpotten. Interessant nok er Mega Sena ogs\u00e5 et let lotteri at spille, nemmere end mange andre internationale lotterier. Den nemme m\u00e5de at [&hellip;]<\/p>\n","protected":false},"author":1,"featured_media":0,"parent":35742,"menu_order":15,"comment_status":"closed","ping_status":"closed","template":"megasena-info.php","meta":{"_et_pb_use_builder":"","_et_pb_old_content":"","_et_gb_content_width":"","exclude_from_search":false,"footnotes":""},"class_list":["post-36981","page","type-page","status-publish","hentry"],"yoast_head":"<!-- This site is optimized with the Yoast SEO plugin v23.3 - https:\/\/yoast.com\/wordpress\/plugins\/seo\/ -->\n<title>K\u00f8b Mega Sena billetter fra uden for Brasilien | F\u00e5 Mega Sena billetter online<\/title>\n<meta name=\"description\" content=\"Du beh\u00f8ver ikke at v\u00e6re i Brasilien for at deltage i Mega Sena, k\u00f8b din Mega Sena billet online p\u00e5 vores hjemmeside\" \/>\n<meta name=\"robots\" content=\"index, follow, max-snippet:-1, max-image-preview:large, max-video-preview:-1\" \/>\n<link rel=\"canonical\" href=\"https:\/\/jackpotlotteryonline.com\/da\/koeb-billetter\/mega-sena\/\" \/>\n<meta property=\"og:locale\" content=\"da_DK\" \/>\n<meta property=\"og:type\" content=\"article\" \/>\n<meta property=\"og:title\" content=\"K\u00f8b Mega Sena billetter fra uden for Brasilien | F\u00e5 Mega Sena billetter online\" \/>\n<meta property=\"og:description\" content=\"Du beh\u00f8ver ikke at v\u00e6re i Brasilien for at deltage i Mega Sena, k\u00f8b din Mega Sena billet online p\u00e5 vores hjemmeside\" \/>\n<meta property=\"og:url\" content=\"https:\/\/jackpotlotteryonline.com\/da\/koeb-billetter\/mega-sena\/\" \/>\n<meta property=\"og:site_name\" content=\"Lotto Online - Crack The International Lottery Jackpots\" \/>\n<meta property=\"article:modified_time\" content=\"2022-12-24T08:12:42+00:00\" \/>\n<meta property=\"og:image\" content=\"https:\/\/jackpotlotteryonline.com\/wp-content\/uploads\/2022\/11\/1_online_ticket_eurojackpot2.jpg\" \/>\n<meta name=\"twitter:card\" content=\"summary_large_image\" \/>\n<meta name=\"twitter:label1\" content=\"Estimeret l\u00e6setid\" \/>\n\t<meta name=\"twitter:data1\" content=\"5 minutter\" \/>\n<!-- \/ Yoast SEO plugin. -->","yoast_head_json":{"title":"K\u00f8b Mega Sena billetter fra uden for Brasilien | F\u00e5 Mega Sena billetter online","description":"Du beh\u00f8ver ikke at v\u00e6re i Brasilien for at deltage i Mega Sena, k\u00f8b din Mega Sena billet online p\u00e5 vores hjemmeside","robots":{"index":"index","follow":"follow","max-snippet":"max-snippet:-1","max-image-preview":"max-image-preview:large","max-video-preview":"max-video-preview:-1"},"canonical":"https:\/\/jackpotlotteryonline.com\/da\/koeb-billetter\/mega-sena\/","og_locale":"da_DK","og_type":"article","og_title":"K\u00f8b Mega Sena billetter fra uden for Brasilien | F\u00e5 Mega Sena billetter online","og_description":"Du beh\u00f8ver ikke at v\u00e6re i Brasilien for at deltage i Mega Sena, k\u00f8b din Mega Sena billet online p\u00e5 vores hjemmeside","og_url":"https:\/\/jackpotlotteryonline.com\/da\/koeb-billetter\/mega-sena\/","og_site_name":"Lotto Online - Crack The International Lottery Jackpots","article_modified_time":"2022-12-24T08:12:42+00:00","og_image":[{"url":"https:\/\/jackpotlotteryonline.com\/wp-content\/uploads\/2022\/11\/1_online_ticket_eurojackpot2.jpg"}],"twitter_card":"summary_large_image","twitter_misc":{"Estimeret l\u00e6setid":"5 minutter"},"schema":{"@context":"https:\/\/schema.org","@graph":[{"@type":"WebPage","@id":"https:\/\/jackpotlotteryonline.com\/da\/koeb-billetter\/mega-sena\/","url":"https:\/\/jackpotlotteryonline.com\/da\/koeb-billetter\/mega-sena\/","name":"K\u00f8b Mega Sena billetter fra uden for Brasilien | F\u00e5 Mega Sena billetter online","isPartOf":{"@id":"https:\/\/jackpotlotteryonline.com\/#website"},"primaryImageOfPage":{"@id":"https:\/\/jackpotlotteryonline.com\/da\/koeb-billetter\/mega-sena\/#primaryimage"},"image":{"@id":"https:\/\/jackpotlotteryonline.com\/da\/koeb-billetter\/mega-sena\/#primaryimage"},"thumbnailUrl":"https:\/\/jackpotlotteryonline.com\/wp-content\/uploads\/2022\/11\/1_online_ticket_eurojackpot2.jpg","datePublished":"2022-11-09T12:28:45+00:00","dateModified":"2022-12-24T08:12:42+00:00","description":"Du beh\u00f8ver ikke at v\u00e6re i Brasilien for at deltage i Mega Sena, k\u00f8b din Mega Sena billet online p\u00e5 vores hjemmeside","breadcrumb":{"@id":"https:\/\/jackpotlotteryonline.com\/da\/koeb-billetter\/mega-sena\/#breadcrumb"},"inLanguage":"da-DK","potentialAction":[{"@type":"ReadAction","target":["https:\/\/jackpotlotteryonline.com\/da\/koeb-billetter\/mega-sena\/"]}]},{"@type":"ImageObject","inLanguage":"da-DK","@id":"https:\/\/jackpotlotteryonline.com\/da\/koeb-billetter\/mega-sena\/#primaryimage","url":"https:\/\/jackpotlotteryonline.com\/wp-content\/uploads\/2022\/11\/1_online_ticket_eurojackpot2.jpg","contentUrl":"https:\/\/jackpotlotteryonline.com\/wp-content\/uploads\/2022\/11\/1_online_ticket_eurojackpot2.jpg"},{"@type":"BreadcrumbList","@id":"https:\/\/jackpotlotteryonline.com\/da\/koeb-billetter\/mega-sena\/#breadcrumb","itemListElement":[{"@type":"ListItem","position":1,"name":"Home","item":"https:\/\/jackpotlotteryonline.com\/da\/"},{"@type":"ListItem","position":2,"name":"S\u00e5dan k\u00f8ber du lotteri billetter online","item":"https:\/\/jackpotlotteryonline.com\/da\/koeb-billetter\/"},{"@type":"ListItem","position":3,"name":"K\u00f8b Mega Sena billetter"}]},{"@type":"WebSite","@id":"https:\/\/jackpotlotteryonline.com\/#website","url":"https:\/\/jackpotlotteryonline.com\/","name":"Lotto Online - Crack The International Lottery Jackpots","description":"","potentialAction":[{"@type":"SearchAction","target":{"@type":"EntryPoint","urlTemplate":"https:\/\/jackpotlotteryonline.com\/?s={search_term_string}"},"query-input":"required name=search_term_string"}],"inLanguage":"da-DK"}]}},"_links":{"self":[{"href":"https:\/\/jackpotlotteryonline.com\/da\/wp-json\/wp\/v2\/pages\/36981","targetHints":{"allow":["GET"]}}],"collection":[{"href":"https:\/\/jackpotlotteryonline.com\/da\/wp-json\/wp\/v2\/pages"}],"about":[{"href":"https:\/\/jackpotlotteryonline.com\/da\/wp-json\/wp\/v2\/types\/page"}],"author":[{"embeddable":true,"href":"https:\/\/jackpotlotteryonline.com\/da\/wp-json\/wp\/v2\/users\/1"}],"replies":[{"embeddable":true,"href":"https:\/\/jackpotlotteryonline.com\/da\/wp-json\/wp\/v2\/comments?post=36981"}],"version-history":[{"count":0,"href":"https:\/\/jackpotlotteryonline.com\/da\/wp-json\/wp\/v2\/pages\/36981\/revisions"}],"up":[{"embeddable":true,"href":"https:\/\/jackpotlotteryonline.com\/da\/wp-json\/wp\/v2\/pages\/35742"}],"wp:attachment":[{"href":"https:\/\/jackpotlotteryonline.com\/da\/wp-json\/wp\/v2\/media?parent=36981"}],"curies":[{"name":"wp","href":"https:\/\/api.w.org\/{rel}","templated":true}]}}