{"id":37035,"date":"2022-11-10T06:22:41","date_gmt":"2022-11-10T06:22:41","guid":{"rendered":"https:\/\/jackpotlotteryonline.com\/?page_id=37035"},"modified":"2023-01-06T09:33:39","modified_gmt":"2023-01-06T09:33:39","slug":"new-york-lottery","status":"publish","type":"page","link":"https:\/\/jackpotlotteryonline.com\/da\/koeb-billetter\/new-york-lottery\/","title":{"rendered":"Billetter til New York Lottery"},"content":{"rendered":"<p>Hvis du leder efter et lotteri, der har en farverig historie, s\u00e5 er New York Lotto dit bedste bud. Dette er et lotteri, der er gennemsyret af historie og skandaler, men som ogs\u00e5 blev grundlagt for et godt form\u00e5l.<a href=\"https:\/\/jackpotlotteryonline.com\/da\/saadan-spiller-du\/new-york-lottery-2\"> At spille i lotteriet<\/a> er en god m\u00e5de at have det sjovt p\u00e5, og det giver dig ogs\u00e5 noget at se frem til.<\/p>\n<p>For spillere uden for USA, som \u00f8nsker at k\u00f8be lodder til dette lotteri, kan du g\u00f8re det ved at bes\u00f8ge jackpotlotteryonline.com. Vi giver spillerne adgang til de bedste internationale lotterier, uanset hvor de befinder sig i verden.<\/p>\n<h2>En kort historie om New York Lotto<\/h2>\n<p>Dette er et lotteri, der drives af staten New Yorks regering i USA. Det blev grundlagt i 1967 som en m\u00e5de at hj\u00e6lpe med at finansiere uddannelse i staten. Borgerne i staten stemte ved en folkeafstemning for at f\u00e5 \u00e6ndret forfatningen for at tillade et statsdrevet lotteri. Interessant nok var lotteriets f\u00f8rste slogan &#8220;Your chance of a lifetime to help education&#8221;.<\/p>\n<p>S\u00e5 hvis du har brug for at have det godt med at spille lotto, s\u00e5 er dette lotteri en god mulighed for dig. Ikke alene f\u00e5r du chancen for at vinde stort, men du ved ogs\u00e5, at du g\u00f8r noget godt i processen.<\/p>\n<p>En anden interessant kendsgerning er, at dette lotteri tidligt blev ramt af en skandale, ikke \u00e9n gang, men to gange. I 1975-6 blev salget suspenderet, fordi det blev opdaget, at usolgte lodder blev erkl\u00e6ret vindere. I 1980&#8217;erne manipulerede statsansatte derefter resultaterne til fordel for familie og venner. Disse dage er for l\u00e6ngst forbi, og det er blevet et af de mere p\u00e5lidelige lotterier i landet.<\/p>\n<h2>S\u00e5dan k\u00f8ber du lottokuponer fra lande uden for USA<\/h2>\n<p><img loading=\"lazy\" decoding=\"async\" class=\"alignright size-full wp-image-26402\" src=\"https:\/\/jackpotlotteryonline.com\/wp-content\/uploads\/2022\/11\/1_buy_online_ticket_powerball.jpg\" alt=\"New York Lottery pr\u00e6mie\" width=\"300\" height=\"194\" \/><\/p>\n<p>Hvis du bor uden for USA, er der kun \u00e9n lovlig m\u00e5de at k\u00f8be lottokuponer p\u00e5. Det er ved at k\u00f8be dem via internettet fra en online lotteriudbyder som jackpotlotteryonline.com.<\/p>\n<p>For at k\u00f8be billetterne skal du blot bes\u00f8ge webstedet og klikke p\u00e5 det lotteri, du \u00f8nsker. Derefter skal du v\u00e6lge seks tal mellem 1 og 59. Du er velkommen til at k\u00f8be flere linjer for at \u00f8ge dine vinderchancer. N\u00e5r du har valgt dine numre, skal du g\u00e5 ind i den \u00f8nskede lodtr\u00e6kning og foretage betalingen.<\/p>\n<p>Det er lovligt og legitimt at spille lotteri fra et sted uden for USA via internettet. Det \u00e5bner ogs\u00e5 en verden af muligheder for spillere over hele kloden. Du beh\u00f8ver ikke l\u00e6ngere at v\u00e6re begr\u00e6nset af geografi, da du nemt kan satse uden gr\u00e6nser.<\/p>\n<h2>Bonusnummeret<\/h2>\n<p>Ja, der findes et bonustal, og det er det syvende tal, der tr\u00e6kkes. Bonusnummeret bruges dog ikke til at bestemme jackpotpr\u00e6mien, men bruges til andenpr\u00e6mien. For at vinde andenpr\u00e6miekategorien skal spilleren matche de seks udtrukne tal og bonusnummeret.<\/p>\n<section class=\"layout\" style=\"border: solid 1px; width: 100%;\">\n<div class=\"img-div\" style=\"margin-top: 5px;\"><img decoding=\"async\" class=\"wp-image-17212 alignleft\" style=\"height: 45px; margin: 8px 8px 0px;\" src=\"https:\/\/jackpotlotteryonline.com\/wp-content\/uploads\/2022\/11\/read1.jpg\" alt=\"l\u00e6s\" width=\"\" height=\"\" \/><\/div>\n<div style=\"padding-left: 5px;\">\n<div style=\"font-size: 1.1em;\">\n<p><strong>Tips om lotteri<\/strong><\/p>\n<p style=\"font-size: 0.85em; margin-top: -1.5em;\">Tips, der hj\u00e6lper dig med at vinde i lotteriet\u00a0 <a href=\"https:\/\/jackpotlotteryonline.com\/da\/tips-der-hjaelper-dig-med-at-vinde-i-lotteriet\"> L\u00e6s mere<\/a><\/p>\n<\/div>\n<\/div>\n<\/section>\n<h2>Priskategorierne<\/h2>\n<p>Oddsene for at vinde en pr\u00e6mie i alt er 1 til 92,05. Fordelingen af pr\u00e6mierne afh\u00e6nger af det samlede salg. For hvert lotto fordeles s\u00e5ledes 40 % af salget som pr\u00e6miepenge. Jackpotten er en procentdel af dette og er ikke et fast bel\u00f8b. Priskategorierne er beskrevet nedenfor:<\/p>\n<p>Kategori 1: 6 numre &#8211; jackpot (30 %)<br \/>\nKategori 2: 5 + bonusnummer &#8211; 2,9 % af salget<br \/>\nKategori 3: 5 numre &#8211; 2,2 % af oms\u00e6tningen<br \/>\nKategori 4: 4 numre &#8211; 2,5 % af oms\u00e6tningen<br \/>\nKategori 5: 3 numre &#8211; 2,4 % af salget<\/p>\n<h2>Tr\u00e6kningsdage i New York Lotto<\/h2>\n<p><a href=\"https:\/\/jackpotlotteryonline.com\/da\/vindernumre\/new-york-lottery\">New York-lotteriet (som det nogle gange kaldes) har to tr\u00e6kningsdage hver uge<\/a>. Disse er p\u00e5 onsdage og l\u00f8rdage. S\u00e5 du kan tilmelde dig til flere tr\u00e6kningsdage flere uger i forvejen.<\/p>\n<p>For at finde ud af, om du har vundet en pr\u00e6mie, kan du se tr\u00e6kningerne i tv eller tjekke i nyhederne efter tr\u00e6kningsresultater. Dette kan dog let blive tr\u00e6ttende, is\u00e6r hvis du har travlt p\u00e5 det tidspunkt. Et enklere alternativ er at registrere dig hos os, og s\u00e5 giver vi dig straks besked, hvis du vinder.<\/p>\n<h2>Hvorfor skal du spille New York-lotteriet?<\/h2>\n<p>N\u00e5r du t\u00e6nker p\u00e5, at pr\u00e6miepengene bestemmes af salget, kan du m\u00e5ske blive modl\u00f8s. Hvad sker der, hvis salget ikke er godt? Det betyder, at jackpotpr\u00e6mien kan blive v\u00e6sentligt reduceret. Det er en reel frygt, som spillerne st\u00e5r over for, n\u00e5r de spiller dette lotteri.<\/p>\n<p>Men der er flere ting, der taler til fordel for det lotteri, der drives af staten New Yorks regering. Den f\u00f8rste er, at der er stor interesse for dette lotteri, s\u00e5 salget er stadig ret godt. Jackpotten er ikke s\u00e5 stor som nogle andre internationale lotterier, men spillerne kan vinde op til 10 millioner dollars.<\/p>\n<p>Desuden er oddsene for at vinde en pr\u00e6mie meget h\u00f8jere end i andre lotterier med st\u00f8rre jackpots. Mens nogle spillere m\u00e5ske ikke betragter dette som v\u00e6ddem\u00e5l med store indsatser, er de gunstige odds helt sikkert en god forretning. Desuden er jackpotpr\u00e6mien slet ikke d\u00e5rlig og kan stadig g\u00f8re vinderne til million\u00e6rer.<\/p>\n<h2>Tilmeld dig hos os for at f\u00e5 en stressfri oplevelse<\/h2>\n<p><img loading=\"lazy\" decoding=\"async\" class=\"size-full wp-image-35321 alignright\" src=\"https:\/\/jackpotlotteryonline.com\/wp-content\/uploads\/2022\/11\/2_ticket_superenalotto-1.jpg\" alt=\"New York Lotto billet\" width=\"228\" height=\"300\" \/><\/p>\n<p>Det er nemt og problemfrit at spille p\u00e5 New York Lotto, n\u00e5r du registrerer dig hos os. N\u00e5r du bes\u00f8ger vores websted, finder du et stort udvalg af internationale lotterier, som du kan deltage i. F\u00e5 en kupon og spil p\u00e5 det lotteri, du \u00f8nsker, og v\u00e6lg flere deltagere, hvis du vil. Hvis du ikke er sikker p\u00e5, hvilke numre du skal v\u00e6lge, vil vores auto-picker-v\u00e6rkt\u00f8j hj\u00e6lpe dig med det.<\/p>\n<p>N\u00e5r du har valgt dine numre, skal du g\u00e5 ind i lodtr\u00e6kningerne og g\u00e5 til betalingsomr\u00e5det. P\u00e5 det tidspunkt vil vi bede dig om at registrere dig. Det er af f\u00f8lgende \u00e5rsager:<\/p>\n<ul>\n<li>N\u00e5r du registrerer dig, kan du sikre dig, at dine lodder opbevares sikkert, s\u00e5 du nemt kan g\u00f8re krav p\u00e5 eventuelle pr\u00e6mier, som du vinder<\/li>\n<li>Hvis du vinder en pr\u00e6mie, vil du f\u00e5 en advarsel p\u00e5 dit instrumentbr\u00e6t og via e-mail<\/li>\n<li>Det har aldrig v\u00e6ret nemmere at h\u00e6ve din pr\u00e6mie, da du kan g\u00f8re det lige der p\u00e5 vores platform<\/li>\n<\/ul>\n<h2>Hvordan ved du, at du deltager i lotteriet?<\/h2>\n<p>Dette er et legitimt sp\u00f8rgsm\u00e5l, da der er flere tjenester derude, der s\u00e6lger lotterisedler, men som ikke giver dig adgang til lotteriet. Det, de g\u00f8r, er, at de giver dig mulighed for at spille mod jackpotten. S\u00e5 selv hvis du vinder, kan du kun f\u00e5 en br\u00f8kdel af jackpotbel\u00f8bet. Det g\u00f8r vi ikke.<\/p>\n<p>Vi driver en concierge-tjeneste, der sikrer, at vores kunder f\u00e5r realtidsadgang til de lotterier, de \u00f8nsker. N\u00e5r du k\u00f8ber en post, vil vores agenter i New York ogs\u00e5 k\u00f8be en fysisk billet med dine foretrukne numre. Det betyder, at hvis dine numre passer til de udtrukne numre, har du vundet jackpotten.<\/p>\n<p>Dette synes at v\u00e6re et godt tidspunkt til at n\u00e6vne, at lotteriet er et tilf\u00e6ldigt spil. Derfor er der ingen m\u00e5de at afg\u00f8re, hvem der vinder. Det, vi ved, er, at den eneste m\u00e5de at have en chance for at vinde p\u00e5, er ved at placere en indsats. Derfor g\u00f8r vi en ekstra indsats for at sikre, at vores kunder har den mulighed.<\/p>\n<h2>Spil New York Lotto online i dag<\/h2>\n<p>Det er p\u00e5 tide at holde op med at t\u00e6nke p\u00e5 at f\u00e5 en lottokupon og f\u00e5 en. Dette kan v\u00e6re starten p\u00e5 et eventyr for livet. S\u00e5 hvorfor ikke bes\u00f8ge os i dag p\u00e5 jackpotlotteryonline.com for at placere et spil fra hvor som helst i verden? Du ved aldrig, hvorn\u00e5r du vinder i lotteriet.<\/p>\n","protected":false},"excerpt":{"rendered":"<p>Hvis du leder efter et lotteri, der har en farverig historie, s\u00e5 er New York Lotto dit bedste bud. Dette er et lotteri, der er gennemsyret af historie og skandaler, men som ogs\u00e5 blev grundlagt for et godt form\u00e5l. At spille i lotteriet er en god m\u00e5de at have det sjovt p\u00e5, og det giver [&hellip;]<\/p>\n","protected":false},"author":1,"featured_media":0,"parent":35742,"menu_order":14,"comment_status":"closed","ping_status":"closed","template":"newyork-info.php","meta":{"_et_pb_use_builder":"","_et_pb_old_content":"","_et_gb_content_width":"","exclude_from_search":false,"footnotes":""},"class_list":["post-37035","page","type-page","status-publish","hentry"],"yoast_head":"<!-- This site is optimized with the Yoast SEO plugin v23.3 - https:\/\/yoast.com\/wordpress\/plugins\/seo\/ -->\n<title>K\u00f8b billetter til New York Lottery fra uden for USA | F\u00e5 New York Lotery billetter online<\/title>\n<meta name=\"description\" content=\"\u00d8nsker du at k\u00f8be en billet til New York Lottery, men bor uden for USA? F\u00e5 dine lottokuponer online her\" \/>\n<meta name=\"robots\" content=\"index, follow, max-snippet:-1, max-image-preview:large, max-video-preview:-1\" \/>\n<link rel=\"canonical\" href=\"https:\/\/jackpotlotteryonline.com\/da\/koeb-billetter\/new-york-lottery\/\" \/>\n<meta property=\"og:locale\" content=\"da_DK\" \/>\n<meta property=\"og:type\" content=\"article\" \/>\n<meta property=\"og:title\" content=\"K\u00f8b billetter til New York Lottery fra uden for USA | F\u00e5 New York Lotery billetter online\" \/>\n<meta property=\"og:description\" content=\"\u00d8nsker du at k\u00f8be en billet til New York Lottery, men bor uden for USA? F\u00e5 dine lottokuponer online her\" \/>\n<meta property=\"og:url\" content=\"https:\/\/jackpotlotteryonline.com\/da\/koeb-billetter\/new-york-lottery\/\" \/>\n<meta property=\"og:site_name\" content=\"Lotto Online - Crack The International Lottery Jackpots\" \/>\n<meta property=\"article:modified_time\" content=\"2023-01-06T09:33:39+00:00\" \/>\n<meta property=\"og:image\" content=\"https:\/\/jackpotlotteryonline.com\/wp-content\/uploads\/2022\/11\/1_buy_online_ticket_powerball.jpg\" \/>\n<meta name=\"twitter:card\" content=\"summary_large_image\" \/>\n<meta name=\"twitter:label1\" content=\"Estimeret l\u00e6setid\" \/>\n\t<meta name=\"twitter:data1\" content=\"6 minutter\" \/>\n<!-- \/ Yoast SEO plugin. -->","yoast_head_json":{"title":"K\u00f8b billetter til New York Lottery fra uden for USA | F\u00e5 New York Lotery billetter online","description":"\u00d8nsker du at k\u00f8be en billet til New York Lottery, men bor uden for USA? F\u00e5 dine lottokuponer online her","robots":{"index":"index","follow":"follow","max-snippet":"max-snippet:-1","max-image-preview":"max-image-preview:large","max-video-preview":"max-video-preview:-1"},"canonical":"https:\/\/jackpotlotteryonline.com\/da\/koeb-billetter\/new-york-lottery\/","og_locale":"da_DK","og_type":"article","og_title":"K\u00f8b billetter til New York Lottery fra uden for USA | F\u00e5 New York Lotery billetter online","og_description":"\u00d8nsker du at k\u00f8be en billet til New York Lottery, men bor uden for USA? F\u00e5 dine lottokuponer online her","og_url":"https:\/\/jackpotlotteryonline.com\/da\/koeb-billetter\/new-york-lottery\/","og_site_name":"Lotto Online - Crack The International Lottery Jackpots","article_modified_time":"2023-01-06T09:33:39+00:00","og_image":[{"url":"https:\/\/jackpotlotteryonline.com\/wp-content\/uploads\/2022\/11\/1_buy_online_ticket_powerball.jpg"}],"twitter_card":"summary_large_image","twitter_misc":{"Estimeret l\u00e6setid":"6 minutter"},"schema":{"@context":"https:\/\/schema.org","@graph":[{"@type":"WebPage","@id":"https:\/\/jackpotlotteryonline.com\/da\/koeb-billetter\/new-york-lottery\/","url":"https:\/\/jackpotlotteryonline.com\/da\/koeb-billetter\/new-york-lottery\/","name":"K\u00f8b billetter til New York Lottery fra uden for USA | F\u00e5 New York Lotery billetter online","isPartOf":{"@id":"https:\/\/jackpotlotteryonline.com\/#website"},"primaryImageOfPage":{"@id":"https:\/\/jackpotlotteryonline.com\/da\/koeb-billetter\/new-york-lottery\/#primaryimage"},"image":{"@id":"https:\/\/jackpotlotteryonline.com\/da\/koeb-billetter\/new-york-lottery\/#primaryimage"},"thumbnailUrl":"https:\/\/jackpotlotteryonline.com\/wp-content\/uploads\/2022\/11\/1_buy_online_ticket_powerball.jpg","datePublished":"2022-11-10T06:22:41+00:00","dateModified":"2023-01-06T09:33:39+00:00","description":"\u00d8nsker du at k\u00f8be en billet til New York Lottery, men bor uden for USA? F\u00e5 dine lottokuponer online her","breadcrumb":{"@id":"https:\/\/jackpotlotteryonline.com\/da\/koeb-billetter\/new-york-lottery\/#breadcrumb"},"inLanguage":"da-DK","potentialAction":[{"@type":"ReadAction","target":["https:\/\/jackpotlotteryonline.com\/da\/koeb-billetter\/new-york-lottery\/"]}]},{"@type":"ImageObject","inLanguage":"da-DK","@id":"https:\/\/jackpotlotteryonline.com\/da\/koeb-billetter\/new-york-lottery\/#primaryimage","url":"https:\/\/jackpotlotteryonline.com\/wp-content\/uploads\/2022\/11\/1_buy_online_ticket_powerball.jpg","contentUrl":"https:\/\/jackpotlotteryonline.com\/wp-content\/uploads\/2022\/11\/1_buy_online_ticket_powerball.jpg"},{"@type":"BreadcrumbList","@id":"https:\/\/jackpotlotteryonline.com\/da\/koeb-billetter\/new-york-lottery\/#breadcrumb","itemListElement":[{"@type":"ListItem","position":1,"name":"Home","item":"https:\/\/jackpotlotteryonline.com\/da\/"},{"@type":"ListItem","position":2,"name":"S\u00e5dan k\u00f8ber du lotteri billetter online","item":"https:\/\/jackpotlotteryonline.com\/da\/koeb-billetter\/"},{"@type":"ListItem","position":3,"name":"Billetter til New York Lottery"}]},{"@type":"WebSite","@id":"https:\/\/jackpotlotteryonline.com\/#website","url":"https:\/\/jackpotlotteryonline.com\/","name":"Lotto Online - Crack The International Lottery Jackpots","description":"","potentialAction":[{"@type":"SearchAction","target":{"@type":"EntryPoint","urlTemplate":"https:\/\/jackpotlotteryonline.com\/?s={search_term_string}"},"query-input":"required name=search_term_string"}],"inLanguage":"da-DK"}]}},"_links":{"self":[{"href":"https:\/\/jackpotlotteryonline.com\/da\/wp-json\/wp\/v2\/pages\/37035","targetHints":{"allow":["GET"]}}],"collection":[{"href":"https:\/\/jackpotlotteryonline.com\/da\/wp-json\/wp\/v2\/pages"}],"about":[{"href":"https:\/\/jackpotlotteryonline.com\/da\/wp-json\/wp\/v2\/types\/page"}],"author":[{"embeddable":true,"href":"https:\/\/jackpotlotteryonline.com\/da\/wp-json\/wp\/v2\/users\/1"}],"replies":[{"embeddable":true,"href":"https:\/\/jackpotlotteryonline.com\/da\/wp-json\/wp\/v2\/comments?post=37035"}],"version-history":[{"count":0,"href":"https:\/\/jackpotlotteryonline.com\/da\/wp-json\/wp\/v2\/pages\/37035\/revisions"}],"up":[{"embeddable":true,"href":"https:\/\/jackpotlotteryonline.com\/da\/wp-json\/wp\/v2\/pages\/35742"}],"wp:attachment":[{"href":"https:\/\/jackpotlotteryonline.com\/da\/wp-json\/wp\/v2\/media?parent=37035"}],"curies":[{"name":"wp","href":"https:\/\/api.w.org\/{rel}","templated":true}]}}