{"id":37087,"date":"2022-11-10T08:38:08","date_gmt":"2022-11-10T08:38:08","guid":{"rendered":"https:\/\/jackpotlotteryonline.com\/?page_id=37087"},"modified":"2023-01-04T08:35:01","modified_gmt":"2023-01-04T08:35:01","slug":"thunderball","status":"publish","type":"page","link":"https:\/\/jackpotlotteryonline.com\/da\/koeb-billetter\/thunderball\/","title":{"rendered":"K\u00f8b Thunderball-billetter"},"content":{"rendered":"<p>Der er ingen mangel p\u00e5 lotterier for spillere i Storbritannien at spille. Fra lotto spil til annuitets spil, der er noget for alle og n\u00e6sten hver dag ogs\u00e5. Men et af de foretrukne spil for spillerne er Thunderball. Det er interessant, fordi dette er et lotteri, der ikke tilbyder en jackpot p\u00e5 millioner af pund. Faktisk kan vi garantere, at selv hvis du vinder jackpotten, vil du ikke blive million\u00e6r. Hvorfor synes spillerne s\u00e5 at elske dette lotteri?<\/p>\n<p>\u00c5rsagen er enkel; oddsene er meget bedre end i andre spil med st\u00f8rre jackpots. Med fire ugentlige tr\u00e6kninger og et p\u00e6nt jackpotbel\u00f8b er det ikke underligt, at lottoentusiaster str\u00f8mmer til dette lotteri hver uge.<\/p>\n<p>Hvis du bor uden for Storbritannien, kan du ogs\u00e5 deltage i alle tr\u00e6kningerne. Bes\u00f8g jackpotlotteryonline.com for en effektiv og stressfri m\u00e5de at k\u00f8be lottokuponer p\u00e5, uanset hvor du befinder dig.<\/p>\n<h2>Hvordan fungerer Thunderball?<\/h2>\n<p><img loading=\"lazy\" decoding=\"async\" class=\"alignright size-medium wp-image-30425\" src=\"http:\/\/jackpotlotteryonline.com\/wp-content\/uploads\/2022\/11\/1_you_win_jackpot-300x300.jpg\" alt=\"S\u00e5dan spiller du thunderball\" width=\"300\" height=\"300\" srcset=\"https:\/\/jackpotlotteryonline.com\/wp-content\/uploads\/2022\/11\/1_you_win_jackpot-300x300.jpg 300w, https:\/\/jackpotlotteryonline.com\/wp-content\/uploads\/2022\/11\/1_you_win_jackpot-100x100.jpg 100w, https:\/\/jackpotlotteryonline.com\/wp-content\/uploads\/2022\/11\/1_you_win_jackpot-150x150.jpg 150w, https:\/\/jackpotlotteryonline.com\/wp-content\/uploads\/2022\/11\/1_you_win_jackpot.jpg 320w\" sizes=\"auto, (max-width: 300px) 100vw, 300px\" \/><\/p>\n<p>Dette britiske lotteri er ligetil og nemt at spille, og erfarne lottospillere b\u00f8r ikke have problemer med dette britiske lotteri.<\/p>\n<p>For at <a href=\"https:\/\/jackpotlotteryonline.com\/da\/saadan-spiller-du\/thunderball\">spille dette britiske lotteri<\/a> skal spillerne v\u00e6lge fem hovedtal mellem 1 og 39 og et s\u00e6rligt tal mellem 1 og 14. Det s\u00e6rlige nummer kaldes Thunderball.<\/p>\n<p>N\u00e5r du har valgt dine numre, er det n\u00e6ste skridt at <a href=\"https:\/\/jackpotlotteryonline.com\/da\/vindernumre\/thunderball\">deltage i tr\u00e6kningerne<\/a> og vente p\u00e5 resultaterne. Vi har allerede n\u00e6vnt, at det tilbyder fire ugentlige tr\u00e6kninger. Det er fire muligheder for at vinde jackpotten! Tr\u00e6kningerne finder sted tirsdag, onsdag, torsdag og l\u00f8rdag.<\/p>\n<h2>Er det lovligt at k\u00f8be en britisk lottokupon online?<\/h2>\n<p>Sp\u00f8rgsm\u00e5let om, hvorvidt du kan deltage i lotteriet via internettet eller ej, er en berettiget bekymring. Det er sandt, at der findes svindelnumre derude, og det ville v\u00e6re dumt at ignorere det. Der findes dog legitime lotterisider, der s\u00e6lger lodder til lotterier i hele verden, og det er helt lovligt.<\/p>\n<p>For det f\u00f8rste er dette britiske lotteri ikke begr\u00e6nset til borgere i Det Forenede Kongerige. Den eneste begr\u00e6nsning er geografisk, idet fysiske sedler s\u00e6lges af s\u00e6lgere i landet. At k\u00f8be dine lodder online er den eneste m\u00e5de at spille lotteriet p\u00e5 fra et sted uden for landet.<\/p>\n<p>F\u00f8r du k\u00f8ber en lotteriseddeltagelse, skal du sikre dig, at du bruger en lovlig lotteriudbyder, is\u00e6r en, der har et godt omd\u00f8mme. En god m\u00e5de at kontrollere det p\u00e5 er at se, om de har en historik med udbetaling af gevinster, s\u00e5 du ikke mister din gevinst.<\/p>\n<section class=\"layout\" style=\"border: solid 1px; width: 100%;\">\n<div class=\"img-div\" style=\"margin-top: 5px;\"><img decoding=\"async\" class=\"wp-image-17212 alignleft\" style=\"height: 45px; margin: 8px 8px 0px;\" src=\"http:\/\/jackpotlotteryonline.com\/wp-content\/uploads\/2022\/11\/read1.jpg\" alt=\"l\u00e6s\" width=\"\" height=\"\" \/><\/div>\n<div style=\"padding-left: 5px;\">\n<div style=\"font-size: 1.1em;\">\n<p><strong>Dit nationale lotteri i international sammenligning<\/strong><\/p>\n<p style=\"font-size: 0.85em; margin-top: -1.5em;\">Dit lokale lotteri kan v\u00e6re din d\u00e5rligste mulighed &#8211; hvorfor det giver mere mening at betale mere, men g\u00e5 efter st\u00f8rre jackpots\u00a0 <a href=\"https:\/\/jackpotlotteryonline.com\/da\/dit-nationale-lotteri-i-international-sammenligning\"> L\u00e6s mere<\/a><\/p>\n<\/div>\n<\/div>\n<\/section>\n<h2>Jackpot og pr\u00e6mier<\/h2>\n<p>S\u00e5 hvad er jackpotpr\u00e6mien for dette britiske lotteri helt pr\u00e6cist? Jackpotpr\u00e6mien er p\u00e5 fem hundrede tusinde pund, og den er garanteret for hver tr\u00e6kning. Enhver kupon, der matcher de fem udtrukne numre og det s\u00e6rlige nummer, vinder jackpotten.<\/p>\n<p>Jackpotten er ikke den eneste pr\u00e6mie, som spillerne kan vinde med dette lotteri, da der er andre pr\u00e6mieklasser. Andenpr\u00e6mien er ogs\u00e5 et fast bel\u00f8b p\u00e5 fem tusinde pund, hvilket er virkelig godt. Der er i alt ni pr\u00e6mieretninger, og der er en pr\u00e6mie kun for at matche det s\u00e6rlige nummer.<\/p>\n<p>Igen er oddsene for dette lotteri utroligt gode, og det er derfor, at det har givet s\u00e5 mange vindere siden den f\u00f8rste tr\u00e6kning i 1999. P\u00e5 grund af den store eftersp\u00f8rgsel efter lotteriet gik det fra at have kun \u00e9n ugentlig tr\u00e6kning til fire ugentlige tr\u00e6kninger. S\u00e5 hvis du spiller p\u00e5 dette britiske lotteri, er oddsene for at vinde jackpotten 1 til 8 060 598, mens oddsene for at vinde en hvilken som helst pr\u00e6mie er 1 til 13.<br \/>\n<img loading=\"lazy\" decoding=\"async\" class=\"alignright size-medium wp-image-35457\" src=\"http:\/\/jackpotlotteryonline.com\/wp-content\/uploads\/2022\/11\/2_ticket_uk_lottery-192x300.jpg\" alt=\"thunderball ticket\" width=\"192\" height=\"300\" srcset=\"https:\/\/jackpotlotteryonline.com\/wp-content\/uploads\/2022\/11\/2_ticket_uk_lottery-192x300.jpg 192w, https:\/\/jackpotlotteryonline.com\/wp-content\/uploads\/2022\/11\/2_ticket_uk_lottery.jpg 250w\" sizes=\"auto, (max-width: 192px) 100vw, 192px\" \/><strong>N\u00e5r du spiller dette lotteri, er her, hvad du kan forvente at vinde:<\/strong><\/p>\n<p>Match 5 numre + s\u00e6rligt nummer &#8211; 500.000 \u00a3 (jackpot)<br \/>\nMatch 5 numre alene &#8211; 5.000 \u00a3<br \/>\nMatch 4 numre + s\u00e6rligt nummer &#8211; 250 \u00a3<br \/>\nMatch 4 numre kun &#8211; 100 \u00a3<br \/>\nMatch 3 numre + s\u00e6rligt nummer &#8211; 20 \u00a3<br \/>\nMatch 3 numre kun &#8211; 10 \u00a3<br \/>\nMatch 2 numre + s\u00e6rligt nummer &#8211; 10 \u00a3<br \/>\nMatch 1 nummer + s\u00e6rligt nummer &#8211; 5 \u00a3<br \/>\nMatch 0 nummer + s\u00e6rligt nummer &#8211; \u00a33<\/p>\n<h2>S\u00e5dan f\u00e5r du din pr\u00e6mie<\/h2>\n<p>Hvordan du kr\u00e6ver din gevinst afh\u00e6nger af, hvordan du har k\u00f8bt din lottokupon. Hvis du har deltaget i lotteriet via vores websted, kan du kr\u00e6ve din gevinst ved at logge ind p\u00e5 din konto og h\u00e6ve din gevinst fra vores platform.<\/p>\n<p>F\u00f8r du kr\u00e6ver din gevinst, er det vigtigt at vide et par ting om at spille lotteri i Storbritannien. Vi ved allerede, at lotteriet er \u00e5bent for alle uanset nationalitet, men her er dog et par ting, som du skal v\u00e6re opm\u00e6rksom p\u00e5:<\/p>\n<ul>\n<li>Lotteriet er \u00e5bent for spillere over 16 \u00e5r<\/li>\n<li>Pr\u00e6mierne udbetales som et engangsbel\u00f8b<\/li>\n<li>Lotterigevinster er ikke skattepligtige i landet. Hvis du spiller fra et andet land, b\u00f8r du dog tjekke skattelovgivningen i dit land<\/li>\n<li>Du har 180 dage til at g\u00f8re krav p\u00e5 en gevinst, f\u00f8r den g\u00e5r tilbage i puljen<\/li>\n<li>Hvis du har deltaget i lotteriet via en fysisk s\u00e6lger, skal du muligvis kontakte lotteriets arrang\u00f8rer for at g\u00f8re krav p\u00e5 din gevinst.<\/li>\n<\/ul>\n<h2>Hvorfor du b\u00f8r spille lotteri med os<\/h2>\n<p>Vi er en skr\u00e6ddersyet concierge-tjeneste, der giver adgang til de bedste internationale lotterier til spillere over hele verden. Vi har brugt \u00e5r p\u00e5 at forfine processen for at sikre, at vores kunder f\u00e5r en sp\u00e6ndende oplevelse, der er behagelig og stressfri.<\/p>\n<p>N\u00e5r du registrerer dig hos os, kan du deltage i flere lotterier bekvemt fra en enkelt online platform. Vi giver dig den ekstra sikkerhed, at din deltagelsesblanket er sikker, s\u00e5 du ikke beh\u00f8ver at bekymre dig om at miste den. Du kan ogs\u00e5 slappe af i visheden om, at du ikke g\u00e5r glip af nogen gevinst, fordi vi giver dig besked, s\u00e5 snart du vinder en pr\u00e6mie.<\/p>\n<p>I bund og grund fjerner vi alle de skruer og knirkerier, der f\u00f8lger med at spille lotto, s\u00e5 du kan g\u00f8re det, du nyder mest: at have det sjovt. Det er ligegyldigt, hvor du befinder dig i verden, s\u00e5 snart du har en internetforbindelse, kan du deltage i internationale toplotterier.<\/p>\n<p>Med jackpotlotteryonline.com f\u00e5r du flere muligheder. Du kan spille et eller flere lotterier, deltage i en eller flere tr\u00e6kninger og endda oprette et abonnement, s\u00e5 dine indtastninger k\u00f8rer p\u00e5 autopilot. Hvorfor ikke bes\u00f8ge os i dag for at k\u00f8be Thunderball-lodder fra lande uden for Storbritannien?<\/p>\n","protected":false},"excerpt":{"rendered":"<p>Der er ingen mangel p\u00e5 lotterier for spillere i Storbritannien at spille. Fra lotto spil til annuitets spil, der er noget for alle og n\u00e6sten hver dag ogs\u00e5. Men et af de foretrukne spil for spillerne er Thunderball. Det er interessant, fordi dette er et lotteri, der ikke tilbyder en jackpot p\u00e5 millioner af pund. [&hellip;]<\/p>\n","protected":false},"author":1,"featured_media":0,"parent":35742,"menu_order":12,"comment_status":"closed","ping_status":"closed","template":"thunderball-info.php","meta":{"_et_pb_use_builder":"","_et_pb_old_content":"","_et_gb_content_width":"","exclude_from_search":false,"footnotes":""},"class_list":["post-37087","page","type-page","status-publish","hentry"],"yoast_head":"<!-- This site is optimized with the Yoast SEO plugin v23.3 - https:\/\/yoast.com\/wordpress\/plugins\/seo\/ -->\n<title>K\u00f8b Thunderball-billetter fra lande uden for Storbritannien | Thunderball Lottery online<\/title>\n<meta name=\"description\" content=\"F\u00e5 en Thunderball-billet fra lande uden for Storbritannien ved at k\u00f8be den online her! F\u00e5 din scannede Thunderball-billet gennem vores juridiske service\" \/>\n<meta name=\"robots\" content=\"index, follow, max-snippet:-1, max-image-preview:large, max-video-preview:-1\" \/>\n<link rel=\"canonical\" href=\"https:\/\/jackpotlotteryonline.com\/da\/koeb-billetter\/thunderball\/\" \/>\n<meta property=\"og:locale\" content=\"da_DK\" \/>\n<meta property=\"og:type\" content=\"article\" \/>\n<meta property=\"og:title\" content=\"K\u00f8b Thunderball-billetter fra lande uden for Storbritannien | Thunderball Lottery online\" \/>\n<meta property=\"og:description\" content=\"F\u00e5 en Thunderball-billet fra lande uden for Storbritannien ved at k\u00f8be den online her! F\u00e5 din scannede Thunderball-billet gennem vores juridiske service\" \/>\n<meta property=\"og:url\" content=\"https:\/\/jackpotlotteryonline.com\/da\/koeb-billetter\/thunderball\/\" \/>\n<meta property=\"og:site_name\" content=\"Lotto Online - Crack The International Lottery Jackpots\" \/>\n<meta property=\"article:modified_time\" content=\"2023-01-04T08:35:01+00:00\" \/>\n<meta property=\"og:image\" content=\"http:\/\/jackpotlotteryonline.com\/wp-content\/uploads\/2022\/11\/1_you_win_jackpot-300x300.jpg\" \/>\n<meta name=\"twitter:card\" content=\"summary_large_image\" \/>\n<meta name=\"twitter:label1\" content=\"Estimeret l\u00e6setid\" \/>\n\t<meta name=\"twitter:data1\" content=\"6 minutter\" \/>\n<!-- \/ Yoast SEO plugin. -->","yoast_head_json":{"title":"K\u00f8b Thunderball-billetter fra lande uden for Storbritannien | Thunderball Lottery online","description":"F\u00e5 en Thunderball-billet fra lande uden for Storbritannien ved at k\u00f8be den online her! F\u00e5 din scannede Thunderball-billet gennem vores juridiske service","robots":{"index":"index","follow":"follow","max-snippet":"max-snippet:-1","max-image-preview":"max-image-preview:large","max-video-preview":"max-video-preview:-1"},"canonical":"https:\/\/jackpotlotteryonline.com\/da\/koeb-billetter\/thunderball\/","og_locale":"da_DK","og_type":"article","og_title":"K\u00f8b Thunderball-billetter fra lande uden for Storbritannien | Thunderball Lottery online","og_description":"F\u00e5 en Thunderball-billet fra lande uden for Storbritannien ved at k\u00f8be den online her! F\u00e5 din scannede Thunderball-billet gennem vores juridiske service","og_url":"https:\/\/jackpotlotteryonline.com\/da\/koeb-billetter\/thunderball\/","og_site_name":"Lotto Online - Crack The International Lottery Jackpots","article_modified_time":"2023-01-04T08:35:01+00:00","og_image":[{"url":"http:\/\/jackpotlotteryonline.com\/wp-content\/uploads\/2022\/11\/1_you_win_jackpot-300x300.jpg"}],"twitter_card":"summary_large_image","twitter_misc":{"Estimeret l\u00e6setid":"6 minutter"},"schema":{"@context":"https:\/\/schema.org","@graph":[{"@type":"WebPage","@id":"https:\/\/jackpotlotteryonline.com\/da\/koeb-billetter\/thunderball\/","url":"https:\/\/jackpotlotteryonline.com\/da\/koeb-billetter\/thunderball\/","name":"K\u00f8b Thunderball-billetter fra lande uden for Storbritannien | Thunderball Lottery online","isPartOf":{"@id":"https:\/\/jackpotlotteryonline.com\/#website"},"primaryImageOfPage":{"@id":"https:\/\/jackpotlotteryonline.com\/da\/koeb-billetter\/thunderball\/#primaryimage"},"image":{"@id":"https:\/\/jackpotlotteryonline.com\/da\/koeb-billetter\/thunderball\/#primaryimage"},"thumbnailUrl":"http:\/\/jackpotlotteryonline.com\/wp-content\/uploads\/2022\/11\/1_you_win_jackpot-300x300.jpg","datePublished":"2022-11-10T08:38:08+00:00","dateModified":"2023-01-04T08:35:01+00:00","description":"F\u00e5 en Thunderball-billet fra lande uden for Storbritannien ved at k\u00f8be den online her! F\u00e5 din scannede Thunderball-billet gennem vores juridiske service","breadcrumb":{"@id":"https:\/\/jackpotlotteryonline.com\/da\/koeb-billetter\/thunderball\/#breadcrumb"},"inLanguage":"da-DK","potentialAction":[{"@type":"ReadAction","target":["https:\/\/jackpotlotteryonline.com\/da\/koeb-billetter\/thunderball\/"]}]},{"@type":"ImageObject","inLanguage":"da-DK","@id":"https:\/\/jackpotlotteryonline.com\/da\/koeb-billetter\/thunderball\/#primaryimage","url":"http:\/\/jackpotlotteryonline.com\/wp-content\/uploads\/2022\/11\/1_you_win_jackpot-300x300.jpg","contentUrl":"http:\/\/jackpotlotteryonline.com\/wp-content\/uploads\/2022\/11\/1_you_win_jackpot-300x300.jpg"},{"@type":"BreadcrumbList","@id":"https:\/\/jackpotlotteryonline.com\/da\/koeb-billetter\/thunderball\/#breadcrumb","itemListElement":[{"@type":"ListItem","position":1,"name":"Home","item":"https:\/\/jackpotlotteryonline.com\/da\/"},{"@type":"ListItem","position":2,"name":"S\u00e5dan k\u00f8ber du lotteri billetter online","item":"https:\/\/jackpotlotteryonline.com\/da\/koeb-billetter\/"},{"@type":"ListItem","position":3,"name":"K\u00f8b Thunderball-billetter"}]},{"@type":"WebSite","@id":"https:\/\/jackpotlotteryonline.com\/#website","url":"https:\/\/jackpotlotteryonline.com\/","name":"Lotto Online - Crack The International Lottery Jackpots","description":"","potentialAction":[{"@type":"SearchAction","target":{"@type":"EntryPoint","urlTemplate":"https:\/\/jackpotlotteryonline.com\/?s={search_term_string}"},"query-input":"required name=search_term_string"}],"inLanguage":"da-DK"}]}},"_links":{"self":[{"href":"https:\/\/jackpotlotteryonline.com\/da\/wp-json\/wp\/v2\/pages\/37087","targetHints":{"allow":["GET"]}}],"collection":[{"href":"https:\/\/jackpotlotteryonline.com\/da\/wp-json\/wp\/v2\/pages"}],"about":[{"href":"https:\/\/jackpotlotteryonline.com\/da\/wp-json\/wp\/v2\/types\/page"}],"author":[{"embeddable":true,"href":"https:\/\/jackpotlotteryonline.com\/da\/wp-json\/wp\/v2\/users\/1"}],"replies":[{"embeddable":true,"href":"https:\/\/jackpotlotteryonline.com\/da\/wp-json\/wp\/v2\/comments?post=37087"}],"version-history":[{"count":0,"href":"https:\/\/jackpotlotteryonline.com\/da\/wp-json\/wp\/v2\/pages\/37087\/revisions"}],"up":[{"embeddable":true,"href":"https:\/\/jackpotlotteryonline.com\/da\/wp-json\/wp\/v2\/pages\/35742"}],"wp:attachment":[{"href":"https:\/\/jackpotlotteryonline.com\/da\/wp-json\/wp\/v2\/media?parent=37087"}],"curies":[{"name":"wp","href":"https:\/\/api.w.org\/{rel}","templated":true}]}}