{"id":37140,"date":"2022-11-10T11:19:30","date_gmt":"2022-11-10T11:19:30","guid":{"rendered":"https:\/\/jackpotlotteryonline.com\/?page_id=37140"},"modified":"2022-12-24T14:29:08","modified_gmt":"2022-12-24T14:29:08","slug":"powerball-australia","status":"publish","type":"page","link":"https:\/\/jackpotlotteryonline.com\/da\/koeb-billetter\/powerball-australia\/","title":{"rendered":"K\u00f8b Powerball Australien billetter"},"content":{"rendered":"<p>N\u00e5r man t\u00e6nker p\u00e5 dette lotteri, er det f\u00f8rste man t\u00e6nker p\u00e5 det amerikanske lotteri og ikke den australske version. Dette fantastiske lotteri er elsket af australske lottoentusiaster. Powerball Australia er hurtigt ved at blive et af de popul\u00e6re internationale lotterier, da spillere rundt om i verden erkender dets potentiale.<\/p>\n<p>Med en garanteret minimumsjackpot p\u00e5 3 millioner dollars ruller bel\u00f8bet over, hvis der ikke er nogen vinder efter en tr\u00e6kning. Den kan rulle over flere gange, indtil den bliver ret stor. Det rekordstore jackpotbel\u00f8b p\u00e5 160 millioner dollars blev vundet i oktober 2022 med en enkelt kupon.<\/p>\n<p>Hvis du \u00f8nsker at udvide din r\u00e6kkevidde som lotterispiller, b\u00f8r du overveje Powerball Australia. Det er sjovt, fuld af gejst og giver spillerne mulighed for at vinde stort uden de vanvittige odds fra den amerikanske version. Desuden er det ligegyldigt, hvor du bor, da du kan <a href=\"https:\/\/jackpotlotteryonline.com\/da\/saadan-spiller-du\/powerball-australia\">spille online p\u00e5 jackpotlotteryonline.com.<\/a><\/p>\n<h2>Hvordan fungerer Powerball Australia?<\/h2>\n<p><img loading=\"lazy\" decoding=\"async\" class=\"size-full wp-image-31181 alignright\" src=\"https:\/\/jackpotlotteryonline.com\/wp-content\/uploads\/2022\/11\/logo_powerball-300x50-1.jpg\" alt=\"Powerball Australien\" width=\"300\" height=\"50\" \/><\/p>\n<p>Dette lotteri har kugler med to s\u00e6t numre i to forskellige t\u00f8nder. Kuglerne tr\u00e6kkes tilf\u00e6ldigt fra hver t\u00f8nde, og ethvert bidrag, der matcher de trukne numre, vinder. Den f\u00f8rste t\u00f8nde har 35 kugler, og spillerne skal v\u00e6lge 7 numre inden for dette omr\u00e5de. Den anden t\u00f8nde har 20 numre, og spillerne skal v\u00e6lge ET nummer inden for dette omr\u00e5de.<\/p>\n<p>En linje har 8 numre, og en billet kan have mere end \u00e9n linje. Faktisk anbefales det at indtaste flere linjer for at \u00f8ge vinderchancerne. Oddsene for at vinde jackpotten er 1 til 1:134 490 400.<\/p>\n<p>Ja, oddsene er ret h\u00f8je, men det er s\u00e5dan, lotteriet fungerer. Det er et spil med tal, og meget har med held at g\u00f8re. Det er ikke til at sige, hvorn\u00e5r heldet beslutter sig for at favorisere en spiller. Desuden er det en sjov hobby, s\u00e5 l\u00e6nge man holder sig til det, man har r\u00e5d til.<\/p>\n<h2>Kan du \u00f8ge dine chancer for at vinde?<\/h2>\n<p>Interessant nok kan du \u00f8ge dine chancer for at vinde jackpotten. Der er ingen garanteret metode, selv om de fleste vindere indr\u00f8mmer, at de spillede flere gange, f\u00f8r de vandt noget. Deri ligger hemmeligheden.<\/p>\n<p>S\u00e5 vidt vi ved, er m\u00e5den at vippe vinderchancerne til din fordel p\u00e5, at du k\u00f8ber flere spilforslag. Det betyder flere r\u00e6kker af adgangslinjer og flere tr\u00e6kninger. Lotteriet tr\u00e6kker lod en gang om ugen om torsdagen. Hvis du k\u00f8ber dine lodder p\u00e5 vores websted, kan du deltage i tr\u00e6kningerne flere uger i forvejen.<\/p>\n<p>En anden mulighed er at deltage i et lotterisyndikat. Fordelen ved at deltage i et syndikat er, at dine penge r\u00e6kker meget l\u00e6ngere, end hvis du spiller alene. Hvis et lod vinder, deler alle medlemmer af syndikatet naturligvis gevinsten.<\/p>\n<section class=\"layout\" style=\"border: solid 1px; width: 100%;\">\n<div class=\"img-div\" style=\"margin-top: 5px;\"><img decoding=\"async\" class=\"wp-image-17212 alignleft\" style=\"height: 45px; margin: 8px 8px 0px;\" src=\"https:\/\/jackpotlotteryonline.com\/wp-content\/uploads\/2022\/11\/read1.jpg\" alt=\"l\u00e6s\" width=\"\" height=\"\" \/><\/div>\n<div style=\"padding-left: 5px;\">\n<div style=\"font-size: 1.1em;\">\n<p><strong>V\u00e6lg de vindende lottotal manuelt eller ved hj\u00e6lp af en RNG<\/strong><\/p>\n<p style=\"font-size: 0.85em; margin-top: -1.5em;\">Hvordan genererer man vindende lottotal?\u00a0 <a href=\"https:\/\/jackpotlotteryonline.com\/da\/hvordan-man-genererer-vindende-lotto-numre\">L\u00e6s mere<\/a><\/p>\n<\/div>\n<\/div>\n<\/section>\n<h2>S\u00e5dan spiller du Aussie-lotteriet online<\/h2>\n<p><img loading=\"lazy\" decoding=\"async\" class=\"alignright size-medium wp-image-34538\" src=\"https:\/\/jackpotlotteryonline.com\/wp-content\/uploads\/2022\/11\/2_ticket_powerball_au-157x300.jpg\" alt=\"Aussie lotteriseddel\" width=\"157\" height=\"300\" srcset=\"https:\/\/jackpotlotteryonline.com\/wp-content\/uploads\/2022\/11\/2_ticket_powerball_au-157x300.jpg 157w, https:\/\/jackpotlotteryonline.com\/wp-content\/uploads\/2022\/11\/2_ticket_powerball_au.jpg 250w\" sizes=\"auto, (max-width: 157px) 100vw, 157px\" \/><\/p>\n<p>Det er nemt at spille lotto online, og du kan g\u00f8re det, uanset hvor du er. N\u00e5r du bes\u00f8ger os p\u00e5 jackpotlotteryonline.com kan du nemt k\u00f8be indgange til de bedste internationale lotterier, herunder Aussie-lotterier. For at k\u00f8be dine lodder skal du blot v\u00e6lge dine numre og deltage i lodtr\u00e6kningen. Hvis du ikke er sikker p\u00e5, hvilke numre du skal bruge, kan du bruge vores v\u00e6rkt\u00f8j til hurtig udv\u00e6lgelse til at generere tilf\u00e6ldige numre.<\/p>\n<p>N\u00e5r du kommer til betalingssiden, vil vi bede dig om at registrere dig. Det er for at sikre, at din kupon forbliver sikker p\u00e5 din konto. Du kan ogs\u00e5 indstille dine lotterispil p\u00e5 autopilot, s\u00e5 du automatisk deltager i de tr\u00e6kninger, du v\u00e6lger. Hvis du vinder en pr\u00e6mie, giver vi dig besked omg\u00e5ende, og du kan derefter h\u00e6ve pr\u00e6mien fra vores platform.<\/p>\n<p>Vi arbejder h\u00e5rdt for at forenkle lotteri-oplevelsen for dig, s\u00e5 du kan slappe af og fokusere p\u00e5 at have det sjovt.<\/p>\n<h2>Pr\u00e6mieinddelinger<\/h2>\n<p>Dette Aussie-lotteri har 9 pr\u00e6mieafdelinger, og spillerne beh\u00f8ver ikke at matche alle 8 trukne tal for at vinde en pr\u00e6mie. Selv om jackpotpr\u00e6mien starter p\u00e5 3 millioner dollars, kan den rulle over flere gange, indtil den er en meget st\u00f8rre pr\u00e6mie.<\/p>\n<p>Bem\u00e6rk, at der ikke er nogen gr\u00e6nse for jackpottens st\u00f8rrelse, men den kan dog kun rulle over 25 gange, f\u00f8r den vender tilbage til 3 millioner dollars.<\/p>\n<p>Pr\u00e6mierne i de lavere divisioner er en procentdel af pr\u00e6miepuljen. Vi vil dele den gennemsnitlige udbetaling for at give dig en id\u00e9. Dette er ikke den garanterede udbetaling for hver tr\u00e6kning, da bel\u00f8bene kan variere.<\/p>\n<p>Match 7 hovedtal + s\u00e6rligt tal &#8211; 23 043 155,47 $ (gennemsnitlig udbetaling)<br \/>\nMatch 7 numre kun &#8211; $126.484,05<br \/>\nMatch 6 numre + s\u00e6rligt nummer &#8211; 5 326,97 $.<br \/>\nMatch 6 numre kun &#8211; $454,35<br \/>\nMatch 5 numre + s\u00e6rligt nummer &#8211; $158,34<br \/>\nMatch 4 numre + s\u00e6rligt nummer &#8211; 70,85 $.<br \/>\nMatch 5 numre kun &#8211; 42,23 $.<br \/>\nMatch 3 numre + s\u00e6rligt nummer &#8211; 17,57 $.<br \/>\nMatch 2 numre + s\u00e6rligt nummer &#8211; 10,71 $.<\/p>\n<h2>S\u00e5dan tjekker du resultaterne<\/h2>\n<p>Resultaterne offentligg\u00f8res p\u00e5 vores websted efter hver tr\u00e6kning. Tr\u00e6kningerne finder sted hver torsdag kl. 19:25 PM AEST.<\/p>\n<p>Vi forst\u00e5r, at livet nogle gange sker, og at du m\u00e5ske ikke er i stand til at<a href=\"https:\/\/jackpotlotteryonline.com\/da\/vindernumre\/powerball-australia\"> tjekke tr\u00e6kningsresultaterne med det samme<\/a>. S\u00e5 hvis du vinder en pr\u00e6mie, giver vi dig ikke kun besked via din konto, men vi sender dig ogs\u00e5 en e-mail. P\u00e5 den m\u00e5de beh\u00f8ver du ikke at g\u00e5 glip af at g\u00f8re krav p\u00e5 din pr\u00e6mie.<\/p>\n<h2>Registrer dig hos os for at k\u00f8be Powerball Australia-billetter online<\/h2>\n<p>Er du sp\u00e6ndt p\u00e5 udsigten til at spille dette lotteri? Det er vi ogs\u00e5, og vi er glade for at bringe det til en mobilenhed i n\u00e6rheden af dig. N\u00e5r du har en internetforbindelse, kan du k\u00f8be en billet til det australske lotteri.<\/p>\n<p>Lotteriet er et sjovt spil, og der er historier om lotterivindere overalt. Du kan v\u00e6re den n\u00e6ste vinder, men du vil ikke vide det, medmindre du deltager i lodtr\u00e6kningerne. Vi har forenklet processen for at g\u00f8re det til en stressfri oplevelse for dig. Du beh\u00f8ver ikke at forlade vores side for at udf\u00f8re nogen af dine lotterirelaterede opgaver. S\u00e5 enkelt er det.<\/p>\n<p>Uanset hvor du er i verden, kan du k\u00f8be en adgang til det st\u00f8rste Aussie-lotteri lige her p\u00e5 vores side. Registrer dig hos os i dag.<\/p>\n","protected":false},"excerpt":{"rendered":"<p>N\u00e5r man t\u00e6nker p\u00e5 dette lotteri, er det f\u00f8rste man t\u00e6nker p\u00e5 det amerikanske lotteri og ikke den australske version. Dette fantastiske lotteri er elsket af australske lottoentusiaster. Powerball Australia er hurtigt ved at blive et af de popul\u00e6re internationale lotterier, da spillere rundt om i verden erkender dets potentiale. Med en garanteret minimumsjackpot p\u00e5 [&hellip;]<\/p>\n","protected":false},"author":1,"featured_media":0,"parent":35742,"menu_order":17,"comment_status":"closed","ping_status":"closed","template":"powerball-au-info.php","meta":{"_et_pb_use_builder":"","_et_pb_old_content":"","_et_gb_content_width":"","exclude_from_search":false,"footnotes":""},"class_list":["post-37140","page","type-page","status-publish","hentry"],"yoast_head":"<!-- This site is optimized with the Yoast SEO plugin v23.3 - https:\/\/yoast.com\/wordpress\/plugins\/seo\/ -->\n<title>K\u00f8b Powerball Australia billetter fra uden for Australien<\/title>\n<meta name=\"description\" content=\"Den australske version af Powerball-lotteriet - du kan deltage, hvis du blot k\u00f8ber en billet online lige her p\u00e5 vores hjemmeside\" \/>\n<meta name=\"robots\" content=\"index, follow, max-snippet:-1, max-image-preview:large, max-video-preview:-1\" \/>\n<link rel=\"canonical\" href=\"https:\/\/jackpotlotteryonline.com\/da\/koeb-billetter\/powerball-australia\/\" \/>\n<meta property=\"og:locale\" content=\"da_DK\" \/>\n<meta property=\"og:type\" content=\"article\" \/>\n<meta property=\"og:title\" content=\"K\u00f8b Powerball Australia billetter fra uden for Australien\" \/>\n<meta property=\"og:description\" content=\"Den australske version af Powerball-lotteriet - du kan deltage, hvis du blot k\u00f8ber en billet online lige her p\u00e5 vores hjemmeside\" \/>\n<meta property=\"og:url\" content=\"https:\/\/jackpotlotteryonline.com\/da\/koeb-billetter\/powerball-australia\/\" \/>\n<meta property=\"og:site_name\" content=\"Lotto Online - Crack The International Lottery Jackpots\" \/>\n<meta property=\"article:modified_time\" content=\"2022-12-24T14:29:08+00:00\" \/>\n<meta property=\"og:image\" content=\"https:\/\/jackpotlotteryonline.com\/wp-content\/uploads\/2022\/11\/logo_powerball-300x50-1.jpg\" \/>\n<meta name=\"twitter:card\" content=\"summary_large_image\" \/>\n<meta name=\"twitter:label1\" content=\"Estimeret l\u00e6setid\" \/>\n\t<meta name=\"twitter:data1\" content=\"5 minutter\" \/>\n<!-- \/ Yoast SEO plugin. -->","yoast_head_json":{"title":"K\u00f8b Powerball Australia billetter fra uden for Australien","description":"Den australske version af Powerball-lotteriet - du kan deltage, hvis du blot k\u00f8ber en billet online lige her p\u00e5 vores hjemmeside","robots":{"index":"index","follow":"follow","max-snippet":"max-snippet:-1","max-image-preview":"max-image-preview:large","max-video-preview":"max-video-preview:-1"},"canonical":"https:\/\/jackpotlotteryonline.com\/da\/koeb-billetter\/powerball-australia\/","og_locale":"da_DK","og_type":"article","og_title":"K\u00f8b Powerball Australia billetter fra uden for Australien","og_description":"Den australske version af Powerball-lotteriet - du kan deltage, hvis du blot k\u00f8ber en billet online lige her p\u00e5 vores hjemmeside","og_url":"https:\/\/jackpotlotteryonline.com\/da\/koeb-billetter\/powerball-australia\/","og_site_name":"Lotto Online - Crack The International Lottery Jackpots","article_modified_time":"2022-12-24T14:29:08+00:00","og_image":[{"url":"https:\/\/jackpotlotteryonline.com\/wp-content\/uploads\/2022\/11\/logo_powerball-300x50-1.jpg"}],"twitter_card":"summary_large_image","twitter_misc":{"Estimeret l\u00e6setid":"5 minutter"},"schema":{"@context":"https:\/\/schema.org","@graph":[{"@type":"WebPage","@id":"https:\/\/jackpotlotteryonline.com\/da\/koeb-billetter\/powerball-australia\/","url":"https:\/\/jackpotlotteryonline.com\/da\/koeb-billetter\/powerball-australia\/","name":"K\u00f8b Powerball Australia billetter fra uden for Australien","isPartOf":{"@id":"https:\/\/jackpotlotteryonline.com\/#website"},"primaryImageOfPage":{"@id":"https:\/\/jackpotlotteryonline.com\/da\/koeb-billetter\/powerball-australia\/#primaryimage"},"image":{"@id":"https:\/\/jackpotlotteryonline.com\/da\/koeb-billetter\/powerball-australia\/#primaryimage"},"thumbnailUrl":"https:\/\/jackpotlotteryonline.com\/wp-content\/uploads\/2022\/11\/logo_powerball-300x50-1.jpg","datePublished":"2022-11-10T11:19:30+00:00","dateModified":"2022-12-24T14:29:08+00:00","description":"Den australske version af Powerball-lotteriet - du kan deltage, hvis du blot k\u00f8ber en billet online lige her p\u00e5 vores hjemmeside","breadcrumb":{"@id":"https:\/\/jackpotlotteryonline.com\/da\/koeb-billetter\/powerball-australia\/#breadcrumb"},"inLanguage":"da-DK","potentialAction":[{"@type":"ReadAction","target":["https:\/\/jackpotlotteryonline.com\/da\/koeb-billetter\/powerball-australia\/"]}]},{"@type":"ImageObject","inLanguage":"da-DK","@id":"https:\/\/jackpotlotteryonline.com\/da\/koeb-billetter\/powerball-australia\/#primaryimage","url":"https:\/\/jackpotlotteryonline.com\/wp-content\/uploads\/2022\/11\/logo_powerball-300x50-1.jpg","contentUrl":"https:\/\/jackpotlotteryonline.com\/wp-content\/uploads\/2022\/11\/logo_powerball-300x50-1.jpg"},{"@type":"BreadcrumbList","@id":"https:\/\/jackpotlotteryonline.com\/da\/koeb-billetter\/powerball-australia\/#breadcrumb","itemListElement":[{"@type":"ListItem","position":1,"name":"Home","item":"https:\/\/jackpotlotteryonline.com\/da\/"},{"@type":"ListItem","position":2,"name":"S\u00e5dan k\u00f8ber du lotteri billetter online","item":"https:\/\/jackpotlotteryonline.com\/da\/koeb-billetter\/"},{"@type":"ListItem","position":3,"name":"K\u00f8b Powerball Australien billetter"}]},{"@type":"WebSite","@id":"https:\/\/jackpotlotteryonline.com\/#website","url":"https:\/\/jackpotlotteryonline.com\/","name":"Lotto Online - Crack The International Lottery Jackpots","description":"","potentialAction":[{"@type":"SearchAction","target":{"@type":"EntryPoint","urlTemplate":"https:\/\/jackpotlotteryonline.com\/?s={search_term_string}"},"query-input":"required name=search_term_string"}],"inLanguage":"da-DK"}]}},"_links":{"self":[{"href":"https:\/\/jackpotlotteryonline.com\/da\/wp-json\/wp\/v2\/pages\/37140","targetHints":{"allow":["GET"]}}],"collection":[{"href":"https:\/\/jackpotlotteryonline.com\/da\/wp-json\/wp\/v2\/pages"}],"about":[{"href":"https:\/\/jackpotlotteryonline.com\/da\/wp-json\/wp\/v2\/types\/page"}],"author":[{"embeddable":true,"href":"https:\/\/jackpotlotteryonline.com\/da\/wp-json\/wp\/v2\/users\/1"}],"replies":[{"embeddable":true,"href":"https:\/\/jackpotlotteryonline.com\/da\/wp-json\/wp\/v2\/comments?post=37140"}],"version-history":[{"count":0,"href":"https:\/\/jackpotlotteryonline.com\/da\/wp-json\/wp\/v2\/pages\/37140\/revisions"}],"up":[{"embeddable":true,"href":"https:\/\/jackpotlotteryonline.com\/da\/wp-json\/wp\/v2\/pages\/35742"}],"wp:attachment":[{"href":"https:\/\/jackpotlotteryonline.com\/da\/wp-json\/wp\/v2\/media?parent=37140"}],"curies":[{"name":"wp","href":"https:\/\/api.w.org\/{rel}","templated":true}]}}