{"id":37195,"date":"2022-11-11T06:02:00","date_gmt":"2022-11-11T06:02:00","guid":{"rendered":"https:\/\/jackpotlotteryonline.com\/?page_id=37195"},"modified":"2022-12-24T10:02:36","modified_gmt":"2022-12-24T10:02:36","slug":"oz-lotto","status":"publish","type":"page","link":"https:\/\/jackpotlotteryonline.com\/da\/koeb-billetter\/oz-lotto\/","title":{"rendered":"K\u00f8b Oz Lotto billetter"},"content":{"rendered":"<p>Oz Lotto er det f\u00f8rste australske nationale lotteri. Det begyndte i 1994 og er blevet popul\u00e6rt blandt spillere overalt p\u00e5 grund af den gener\u00f8se jackpot-pr\u00e6mie. Der er mere, der appellerer til spillerne end blot den store jackpot.<\/p>\n<p>Forskellige lotterier har deres regler og metoder, men en f\u00e6lles ting er, at oddsene ikke altid er gunstige. Dette er dog ikke tilf\u00e6ldet med dette australske lotteri. Hvis du leder efter et lotteri, der har utrolige odds, s\u00e5 spil dette Oz-lotteri.<\/p>\n<p>Generelt set er lotterier \u00e5bne for indbyggere i de lande, hvor lotteriet er baseret. S\u00e5ledes er dette lotto \u00e5bent for dem, der bor i Australien. Du beh\u00f8ver ikke at v\u00e6re statsborger for at deltage i lotteriet. Hvis du bor uden for landet, skal du dog k\u00f8be dine lottokuponer online.<\/p>\n<h2>S\u00e5dan k\u00f8ber du Oz Lotto billetter rundt om i verden<\/h2>\n<p><img loading=\"lazy\" decoding=\"async\" class=\"alignright size-full wp-image-31532\" src=\"http:\/\/jackpotlotteryonline.com\/wp-content\/uploads\/2022\/11\/lottoballs.jpg\" alt=\"Oz Lotteri\" width=\"245\" height=\"123\" \/><\/p>\n<p>Den mest bekvemme og ligetil m\u00e5de at f\u00e5 adgang til Oz Lottery fra lande uden for Australien er via internettet. Der findes online lotteriudbydere, der giver spillerne adgang til de bedste internationale lotterier. Disse websteder giver en legitim m\u00e5de for spillere i hele verden at fors\u00f8ge at vinde millioner af kroner p\u00e5.<\/p>\n<p>Internettet giver en verden af n\u00e6sten uendelige muligheder, og ikke alle er positive. At s\u00f8ge efter et tilf\u00e6ldigt lotterisite kan resultere i ubehagelige oplevelser. Derfor er det altid en god id\u00e9 at s\u00f8ge efter p\u00e5lidelige sider, der har en track record med spillere. Nedenfor deler vi tips til at hj\u00e6lpe dig med at v\u00e6lge den rigtige lotterivirksomhed p\u00e5 internettet.<\/p>\n<h2>Tips til at bruge den rigtige lotteriside<\/h2>\n<p>Brug kun udbydere, der er registreret i henhold til loven. En lovlig lotteriudbyder vil have en driftstilladelse og et registreret kontor. Disse oplysninger b\u00f8r vises p\u00e5 hjemmesiden for at sikre \u00e6gthed.<\/p>\n<p>S\u00f8rg for, at de har et bredt udvalg af internationale lotterier. Det nytter ikke noget at registrere sig hos et websted, der kun viser en h\u00e5ndfuld lotterier. Hovedkernen i at <a href=\"https:\/\/jackpotlotteryonline.com\/da\/saadan-spiller-du\/oz-lotto\">spille lotteri p\u00e5 internettet<\/a> er tilg\u00e6ngelighed og bekvemmelighed. Hvad er mere bekvemt end muligheden for at deltage i flere internationale lotterier, alt sammen fra et enkelt online sted?<\/p>\n<p>Hvis du \u00f8nsker at deltage i lotteriet, skal du bruge et concierge-site. Dette sidste tip er meget vigtigt, fordi du kan aflevere dine penge uden at deltage i lotteriet. Det skyldes, at nogle lotterisider giver spillerne mulighed for at satse p\u00e5 resultatet. S\u00e5 selv hvis dine numre passer, vil du kun v\u00e6re berettiget til en br\u00f8kdel af jackpotten, fordi du ikke har deltaget i lotteriet.<\/p>\n<section class=\"layout\" style=\"border: solid 1px; width: 100%;\">\n<div class=\"img-div\" style=\"margin-top: 5px;\"><img decoding=\"async\" class=\"wp-image-17212 alignleft\" style=\"height: 45px; margin: 8px 8px 0px;\" src=\"http:\/\/jackpotlotteryonline.com\/wp-content\/uploads\/2022\/11\/read1.jpg\" alt=\"l\u00e6s\" width=\"\" height=\"\" \/><\/div>\n<div style=\"padding-left: 5px;\">\n<div style=\"font-size: 1.1em;\">\n<p><strong>Lottosvindel, som du b\u00f8r v\u00e6re opm\u00e6rksom p\u00e5<\/strong><\/p>\n<p style=\"font-size: 0.85em; margin-top: -1.5em;\">Fald ikke i lotterif\u00e6lder\u00a0<a href=\"https:\/\/jackpotlotteryonline.com\/da\/pozor-na-online-loterijni-podvody\"> L\u00e6s mere<\/a><\/p>\n<\/div>\n<\/div>\n<\/section>\n<h2>Tilmeld dig hos os for at deltage i lotteriet online<\/h2>\n<p><img loading=\"lazy\" decoding=\"async\" class=\"size-medium wp-image-34403 alignright\" src=\"http:\/\/jackpotlotteryonline.com\/wp-content\/uploads\/2022\/11\/2_ticket_oz_lotto2-179x300.jpg\" alt=\"Oz Lotto billetter\" width=\"179\" height=\"300\" srcset=\"https:\/\/jackpotlotteryonline.com\/wp-content\/uploads\/2022\/11\/2_ticket_oz_lotto2-179x300.jpg 179w, https:\/\/jackpotlotteryonline.com\/wp-content\/uploads\/2022\/11\/2_ticket_oz_lotto2.jpg 250w\" sizes=\"auto, (max-width: 179px) 100vw, 179px\" \/><\/p>\n<p>Det er nemt og problemfrit at k\u00f8be lottokuponer via internettet eller via en mobilapp. N\u00e5r du har fundet frem til den udbyder, du vil bruge, skal du bes\u00f8ge deres websted og v\u00e6lge det \u00f8nskede lotteri. Det n\u00e6ste skridt er at v\u00e6lge dine numre. For Oz Lotto skal du v\u00e6lge ti tal fra 1 til 47.<\/p>\n<p><a href=\"https:\/\/jackpotlotteryonline.com\/da\/vindernumre\/oz-lotto\">G\u00e5 ind i lodtr\u00e6kningen, og foretage betalingen<\/a>. Tr\u00e6kningen finder sted en gang om ugen tirsdag. Det interessante ved at spille online er, at du kan k\u00f8be flere lodder og deltage i flere tr\u00e6kninger i forvejen. Hvis du heller ikke er sikker p\u00e5, hvilket nummer du skal v\u00e6lge, kan du nemt bruge en automatisk nummerv\u00e6lger.<\/p>\n<p>Som sagt er det at spille lotto via internettet en bekvem og stressfri m\u00e5de at f\u00e5 en dejlig oplevelse p\u00e5. Uanset om du er en erfaren spiller eller en nybegynder, kan du f\u00e5 en vidunderlig rejse lige her. Vores concierge-tjenester giver spillerne en legitim m\u00e5de at deltage i lotteriet p\u00e5. N\u00e5r du k\u00f8ber en Oz-lottoseddel hos os, f\u00e5r du den \u00e6gte vare.<\/p>\n","protected":false},"excerpt":{"rendered":"<p>Oz Lotto er det f\u00f8rste australske nationale lotteri. Det begyndte i 1994 og er blevet popul\u00e6rt blandt spillere overalt p\u00e5 grund af den gener\u00f8se jackpot-pr\u00e6mie. Der er mere, der appellerer til spillerne end blot den store jackpot. Forskellige lotterier har deres regler og metoder, men en f\u00e6lles ting er, at oddsene ikke altid er gunstige. [&hellip;]<\/p>\n","protected":false},"author":1,"featured_media":0,"parent":35742,"menu_order":16,"comment_status":"closed","ping_status":"closed","template":"","meta":{"_et_pb_use_builder":"","_et_pb_old_content":"","_et_gb_content_width":"","exclude_from_search":false,"footnotes":""},"class_list":["post-37195","page","type-page","status-publish","hentry"],"yoast_head":"<!-- This site is optimized with the Yoast SEO plugin v23.3 - https:\/\/yoast.com\/wordpress\/plugins\/seo\/ -->\n<title>K\u00f8b Oz Lotto billetter fra uden for Australien | Oz Lotto billetter online<\/title>\n<meta name=\"description\" content=\"OZ Lotto er spilbar for dig, hvis du ikke bor i Australien, kan vi skaffe dig en lovlig billet til dette Aussie lotteri online\" \/>\n<meta name=\"robots\" content=\"index, follow, max-snippet:-1, max-image-preview:large, max-video-preview:-1\" \/>\n<link rel=\"canonical\" href=\"https:\/\/jackpotlotteryonline.com\/da\/koeb-billetter\/oz-lotto\/\" \/>\n<meta property=\"og:locale\" content=\"da_DK\" \/>\n<meta property=\"og:type\" content=\"article\" \/>\n<meta property=\"og:title\" content=\"K\u00f8b Oz Lotto billetter fra uden for Australien | Oz Lotto billetter online\" \/>\n<meta property=\"og:description\" content=\"OZ Lotto er spilbar for dig, hvis du ikke bor i Australien, kan vi skaffe dig en lovlig billet til dette Aussie lotteri online\" \/>\n<meta property=\"og:url\" content=\"https:\/\/jackpotlotteryonline.com\/da\/koeb-billetter\/oz-lotto\/\" \/>\n<meta property=\"og:site_name\" content=\"Lotto Online - Crack The International Lottery Jackpots\" \/>\n<meta property=\"article:modified_time\" content=\"2022-12-24T10:02:36+00:00\" \/>\n<meta property=\"og:image\" content=\"http:\/\/jackpotlotteryonline.com\/wp-content\/uploads\/2022\/11\/lottoballs.jpg\" \/>\n<meta name=\"twitter:card\" content=\"summary_large_image\" \/>\n<meta name=\"twitter:label1\" content=\"Estimeret l\u00e6setid\" \/>\n\t<meta name=\"twitter:data1\" content=\"3 minutter\" \/>\n<!-- \/ Yoast SEO plugin. -->","yoast_head_json":{"title":"K\u00f8b Oz Lotto billetter fra uden for Australien | Oz Lotto billetter online","description":"OZ Lotto er spilbar for dig, hvis du ikke bor i Australien, kan vi skaffe dig en lovlig billet til dette Aussie lotteri online","robots":{"index":"index","follow":"follow","max-snippet":"max-snippet:-1","max-image-preview":"max-image-preview:large","max-video-preview":"max-video-preview:-1"},"canonical":"https:\/\/jackpotlotteryonline.com\/da\/koeb-billetter\/oz-lotto\/","og_locale":"da_DK","og_type":"article","og_title":"K\u00f8b Oz Lotto billetter fra uden for Australien | Oz Lotto billetter online","og_description":"OZ Lotto er spilbar for dig, hvis du ikke bor i Australien, kan vi skaffe dig en lovlig billet til dette Aussie lotteri online","og_url":"https:\/\/jackpotlotteryonline.com\/da\/koeb-billetter\/oz-lotto\/","og_site_name":"Lotto Online - Crack The International Lottery Jackpots","article_modified_time":"2022-12-24T10:02:36+00:00","og_image":[{"url":"http:\/\/jackpotlotteryonline.com\/wp-content\/uploads\/2022\/11\/lottoballs.jpg"}],"twitter_card":"summary_large_image","twitter_misc":{"Estimeret l\u00e6setid":"3 minutter"},"schema":{"@context":"https:\/\/schema.org","@graph":[{"@type":"WebPage","@id":"https:\/\/jackpotlotteryonline.com\/da\/koeb-billetter\/oz-lotto\/","url":"https:\/\/jackpotlotteryonline.com\/da\/koeb-billetter\/oz-lotto\/","name":"K\u00f8b Oz Lotto billetter fra uden for Australien | Oz Lotto billetter online","isPartOf":{"@id":"https:\/\/jackpotlotteryonline.com\/#website"},"primaryImageOfPage":{"@id":"https:\/\/jackpotlotteryonline.com\/da\/koeb-billetter\/oz-lotto\/#primaryimage"},"image":{"@id":"https:\/\/jackpotlotteryonline.com\/da\/koeb-billetter\/oz-lotto\/#primaryimage"},"thumbnailUrl":"http:\/\/jackpotlotteryonline.com\/wp-content\/uploads\/2022\/11\/lottoballs.jpg","datePublished":"2022-11-11T06:02:00+00:00","dateModified":"2022-12-24T10:02:36+00:00","description":"OZ Lotto er spilbar for dig, hvis du ikke bor i Australien, kan vi skaffe dig en lovlig billet til dette Aussie lotteri online","breadcrumb":{"@id":"https:\/\/jackpotlotteryonline.com\/da\/koeb-billetter\/oz-lotto\/#breadcrumb"},"inLanguage":"da-DK","potentialAction":[{"@type":"ReadAction","target":["https:\/\/jackpotlotteryonline.com\/da\/koeb-billetter\/oz-lotto\/"]}]},{"@type":"ImageObject","inLanguage":"da-DK","@id":"https:\/\/jackpotlotteryonline.com\/da\/koeb-billetter\/oz-lotto\/#primaryimage","url":"http:\/\/jackpotlotteryonline.com\/wp-content\/uploads\/2022\/11\/lottoballs.jpg","contentUrl":"http:\/\/jackpotlotteryonline.com\/wp-content\/uploads\/2022\/11\/lottoballs.jpg"},{"@type":"BreadcrumbList","@id":"https:\/\/jackpotlotteryonline.com\/da\/koeb-billetter\/oz-lotto\/#breadcrumb","itemListElement":[{"@type":"ListItem","position":1,"name":"Home","item":"https:\/\/jackpotlotteryonline.com\/da\/"},{"@type":"ListItem","position":2,"name":"S\u00e5dan k\u00f8ber du lotteri billetter online","item":"https:\/\/jackpotlotteryonline.com\/da\/koeb-billetter\/"},{"@type":"ListItem","position":3,"name":"K\u00f8b Oz Lotto billetter"}]},{"@type":"WebSite","@id":"https:\/\/jackpotlotteryonline.com\/#website","url":"https:\/\/jackpotlotteryonline.com\/","name":"Lotto Online - Crack The International Lottery Jackpots","description":"","potentialAction":[{"@type":"SearchAction","target":{"@type":"EntryPoint","urlTemplate":"https:\/\/jackpotlotteryonline.com\/?s={search_term_string}"},"query-input":"required name=search_term_string"}],"inLanguage":"da-DK"}]}},"_links":{"self":[{"href":"https:\/\/jackpotlotteryonline.com\/da\/wp-json\/wp\/v2\/pages\/37195","targetHints":{"allow":["GET"]}}],"collection":[{"href":"https:\/\/jackpotlotteryonline.com\/da\/wp-json\/wp\/v2\/pages"}],"about":[{"href":"https:\/\/jackpotlotteryonline.com\/da\/wp-json\/wp\/v2\/types\/page"}],"author":[{"embeddable":true,"href":"https:\/\/jackpotlotteryonline.com\/da\/wp-json\/wp\/v2\/users\/1"}],"replies":[{"embeddable":true,"href":"https:\/\/jackpotlotteryonline.com\/da\/wp-json\/wp\/v2\/comments?post=37195"}],"version-history":[{"count":0,"href":"https:\/\/jackpotlotteryonline.com\/da\/wp-json\/wp\/v2\/pages\/37195\/revisions"}],"up":[{"embeddable":true,"href":"https:\/\/jackpotlotteryonline.com\/da\/wp-json\/wp\/v2\/pages\/35742"}],"wp:attachment":[{"href":"https:\/\/jackpotlotteryonline.com\/da\/wp-json\/wp\/v2\/media?parent=37195"}],"curies":[{"name":"wp","href":"https:\/\/api.w.org\/{rel}","templated":true}]}}