{"id":37252,"date":"2022-11-11T07:46:34","date_gmt":"2022-11-11T07:46:34","guid":{"rendered":"https:\/\/jackpotlotteryonline.com\/?page_id=37252"},"modified":"2022-12-24T19:40:47","modified_gmt":"2022-12-24T19:40:47","slug":"saturday-lotto","status":"publish","type":"page","link":"https:\/\/jackpotlotteryonline.com\/da\/koeb-billetter\/saturday-lotto\/","title":{"rendered":"K\u00f8b billetter til l\u00f8rdag Lotto Australia"},"content":{"rendered":"<p>Australien har en masse lotterier som onsdagslotto, Powerball og l\u00f8rdagslotto Australien. L\u00f8rdagslotteriet er popul\u00e6rt blandt spillere og giver folk noget at se frem til hver uge. Da dette lotteri f\u00f8rst startede, kunne kun spillere i Oz deltage i det. Heldigvis kan spillere i hele verden nu deltage i l\u00f8rdagslotteriet.<\/p>\n<p>S\u00e5 hvordan k\u00f8ber man billetter til l\u00f8rdagslotteriet fra udlandet? Hvorfor ikke l\u00e6se videre for at finde ud af det? Vi vil tage dig gennem processen og besvare alle dine sp\u00f8rgsm\u00e5l. For dem, der ikke er bekendt med dette lotteri, vil vi ogs\u00e5 tage os lidt tid til at fort\u00e6lle om det. Forh\u00e5bentlig vil du, n\u00e5r du er f\u00e6rdig med at l\u00e6se, v\u00e6re ivrig efter at k\u00f8be lodder til dette lotteri.<\/p>\n<h2>Hvad er l\u00f8rdagslotto Australien<\/h2>\n<p>Dette er et lotteri, der blev introduceret i landet i 1972 og er nu blevet et af de foretrukne lotterier for spillere. Det er kendt som Tatts lotto, X lotto og Gold lotto i nogle dele af landet og drives af Tatts lotterigruppe.<\/p>\n<p>Dette lotteri har seks pr\u00e6mieafdelinger, og vi vil tale om dem om lidt senere. L\u00f8rdagslotteriet har en startjackpot p\u00e5 5 mio. AUD$. Det fantastiske er, at oddsene for at vinde jackpotten er rigtig gode. I mods\u00e6tning til andre lotterier beh\u00f8ver en spiller kun at matche hovednumrene for at vinde jackpotten.<\/p>\n<p>Der er supplerende numre, men de bruges til at bestemme vinderne af de andre pr\u00e6mieinddelinger. Det siger meget, at selv om der er et lotteri n\u00e6sten hver dag i ugen, er australierne tiltrukket af dette lotteri. Nedenfor vil vi tale om, hvordan man spiller dette lotteri og de forskellige pr\u00e6mieinddelinger.<\/p>\n<h2>S\u00e5dan spiller du l\u00f8rdagslotteriet<\/h2>\n<p><img loading=\"lazy\" decoding=\"async\" class=\"alignright size-full wp-image-35132\" src=\"http:\/\/jackpotlotteryonline.com\/wp-content\/uploads\/2022\/11\/2_ticket_saturday_lotto_au2-1-180x300-1.jpg\" alt=\"L\u00f8rdag lotto billet\" width=\"180\" height=\"300\" \/><\/p>\n<p>For at <a href=\"https:\/\/jackpotlotteryonline.com\/da\/saadan-spiller-du\/saturday-lotto\">spille dette lotteri<\/a> skal en spiller v\u00e6lge 6 hovedtal mellem 1 og 45. Derefter 2 supplerende numre fra 1 til 6. De supplerende numre bruges ikke til at bestemme jackpotten. Det eneste, spilleren skal g\u00f8re, er at matche de otte trukne tal for at vinde jackpotten.<\/p>\n<p>Under tr\u00e6kket bliver seks kugler plukket tilf\u00e6ldigt ud af en t\u00f8nde, der har 45 kugler. Tallene p\u00e5 disse kugler er vindertallene, og enhver kupon, der matcher dem, er vinderkuponen. Derefter bliver der plukket to andre kugler fra en anden t\u00f8nde med seks kugler. Disse er de supplerende numre, der bruges til at bestemme de andre pr\u00e6miekategorier.<\/p>\n<p>Som navnet antyder, finder lodtr\u00e6kningerne sted l\u00f8rdag hver uge. Tr\u00e6kningerne lukker l\u00f8rdag kl. 19.25 AEST. Spillere, der \u00f8nsker at deltage i den ugentlige tr\u00e6kning, skal k\u00f8be deres lodder inden lukketidspunktet.<\/p>\n<h2>Pr\u00e6mieafdelinger<\/h2>\n<p>Tatts-lotto har otte pr\u00e6mieafdelinger. N\u00e5r du k\u00f8ber en kupon til dette lotteri, har du mulighed for at vinde en af disse pr\u00e6miekategorier. Den vindende kombination for hver division er angivet nedenfor.<\/p>\n<p>Division 1 (Jackpot) &#8211; Match 6 hovedtal<br \/>\nDivision 2 &#8211; Match 5 hovedtal + 1 supplerende tal<br \/>\nDivision 3 &#8211; Marcher 5 vilk\u00e5rlige hovedtal<br \/>\nDivision 4 &#8211; Match 4 hovedtal<br \/>\nAfdeling 5 &#8211; Match 3 hovedtal + 1 supplerende tal<br \/>\nAfsnit 6 &#8211; Match 3 hovedtal<\/p>\n<p>Arrang\u00f8rerne har gjort det muligt for spillerne at vinde dette lotteri. Oddsene er gode, og med en jackpot p\u00e5 5 mio. AUD er det ikke underligt, at spillerne elsker l\u00f8rdagslotteriet. Hvis du ikke har gjort det endnu, er det et godt tidspunkt at overveje at k\u00f8be en kupon.<\/p>\n<h2>Tidligere vindere<\/h2>\n<p>F\u00f8r vi deler med dig hvordan du k\u00f8ber billetter til dette lotteri uden for Oz, kan det v\u00e6re en god id\u00e9 at tale om tidligere vindere. Gennem \u00e5rene har der v\u00e6ret mange vindere, s\u00e5 vi vil blot v\u00e6lge nogle nyere vindere og h\u00e5ber, at du vil blive inspireret.<\/p>\n<p>Den f\u00f8rste p\u00e5 vores liste er en australsk mor, som har valgt at forblive anonym. Hun vandt l\u00f8rdagens jackpot sammen med en anden vinder. If\u00f8lge rapporterne tog det hende to uger, f\u00f8r hun opdagede, at hun havde vundet jackpotten. Hvis hun havde ventet meget l\u00e6ngere, ville hun ikke have kunnet g\u00f8re krav p\u00e5 sin gevinst. Heldigvis gik hun tilbage for at tjekke og opdagede, at hun havde vundet.<\/p>\n<p>En anden vinder er en mand, som havde spillet l\u00f8rdagslotteriet i flere \u00e5r med de samme numre. Hans vedholdenhed gav pote, og han vandt jackpotten. Mange lotterivindere fort\u00e6ller, at de havde spillet i \u00e5revis, f\u00f8r de vandt i lotteriet. Nogle gange kr\u00e6ver det tro og konsekvens at f\u00e5 de resultater, man \u00f8nsker.<\/p>\n<section class=\"layout\" style=\"border: solid 1px; width: 100%;\">\n<div class=\"img-div\" style=\"margin-top: 5px;\"><img decoding=\"async\" class=\"wp-image-17212 alignleft\" style=\"height: 45px; margin: 8px 8px 0px;\" src=\"http:\/\/jackpotlotteryonline.com\/wp-content\/uploads\/2022\/11\/read1.jpg\" alt=\"l\u00e6s\" width=\"\" height=\"\" \/><\/div>\n<div style=\"padding-left: 5px;\">\n<div style=\"font-size: 1.1em;\">\n<p><strong>Nogle lottovindere gav noget tilbage til samfundet<\/strong><\/p>\n<p style=\"font-size: 0.85em; margin-top: -1.5em;\">Nogle interessante og hjertevarmende historier om lottovindere, der giver noget tilbage\u00a0 <a href=\"https:\/\/jackpotlotteryonline.com\/da\/historier-om-lotterivindere-der-giver-noget-tilbage\"> L\u00e6s mere<\/a><\/p>\n<\/div>\n<\/div>\n<\/section>\n<h2>K\u00f8b billetter fra lande uden for Australien<\/h2>\n<p>S\u00e5 hvis du ikke bor i det smukke land Oz, hvordan kan du s\u00e5 k\u00f8be lottokuponer til l\u00f8rdagslotto? F\u00f8r internettet ville det have v\u00e6ret umuligt eller i det mindste meget vanskeligt. Men takket v\u00e6re internettet kan du k\u00f8be dine lottokuponer til Tatts-lotto online.<\/p>\n<p>Der findes online-lotteriv\u00e6rks\u00e6ttere, der lader spillere k\u00f8be billetter til de bedste internationale lotterier. Disse s\u00e6lgere driver en s\u00e5kaldt concierge-service, som hj\u00e6lper spillerne med at k\u00f8be lotterisedler i alle lande. N\u00e5r du tilmelder dig p\u00e5 disse websteder, kan du nemt deltage i l\u00f8rdagslotteriet og g\u00f8re krav p\u00e5 eventuelle gevinster.<\/p>\n<p>Hos jackpotlotteryonline.com k\u00f8rer vi en concierge-service, der giver en problemfri oplevelse for vores brugere. N\u00e5r du tilmelder dig hos os, kan du nemt k\u00f8be din billet til l\u00f8rdagslotteriet og mange andre internationale lotterier. Er du bekymret for, hvordan du kan kr\u00e6ve din gevinst, hvis du vinder? Du skal blot udbetale din gevinst fra vores platform uden besv\u00e6r.<\/p>\n<h2>Ofte stillede sp\u00f8rgsm\u00e5l<\/h2>\n<p><img loading=\"lazy\" decoding=\"async\" class=\"wp-image-29264 alignright\" src=\"http:\/\/jackpotlotteryonline.com\/wp-content\/uploads\/2022\/11\/1_play_online_lotto-300x300.jpg\" alt=\"Online l\u00f8rdagslotto Australien\" width=\"235\" height=\"235\" srcset=\"https:\/\/jackpotlotteryonline.com\/wp-content\/uploads\/2022\/11\/1_play_online_lotto-300x300.jpg 300w, https:\/\/jackpotlotteryonline.com\/wp-content\/uploads\/2022\/11\/1_play_online_lotto-100x100.jpg 100w, https:\/\/jackpotlotteryonline.com\/wp-content\/uploads\/2022\/11\/1_play_online_lotto-150x150.jpg 150w, https:\/\/jackpotlotteryonline.com\/wp-content\/uploads\/2022\/11\/1_play_online_lotto.jpg 480w\" sizes=\"auto, (max-width: 235px) 100vw, 235px\" \/><\/p>\n<p>Vi ved, at der sikkert er flere sp\u00f8rgsm\u00e5l, der g\u00e5r dig i hovedet. Det er okay, vi er her for at besvare dine sp\u00f8rgsm\u00e5l. Vi vil fors\u00f8ge at d\u00e6kke alt her, men hvis du stadig har nogle sp\u00f8rgsm\u00e5l, er du velkommen til at kontakte os. Vi er altid glade for at h\u00f8re fra dig. Vi vil g\u00f8re alt, hvad vi med rimelighed kan g\u00f8re for at hj\u00e6lpe dig p\u00e5 din rejse til at blive en lotterivinder.<\/p>\n<h2>Kan jeg k\u00f8be lottokuponer online?<\/h2>\n<p>Ja, du kan k\u00f8be lottokuponer online, og det er helt lovligt. S\u00f8rg for at bruge en p\u00e5lidelig lotteriudbyder for at sikre, at du deltager i lotteriet. Mange lotterigrupper har hjemmesider. Men hvis du \u00f8nsker at spille mere end \u00e9t lotteri, er det bedre at registrere dig hos en lotteriudbyder. N\u00e6rmere bestemt en, der giver adgang til flere andre lotterier.<\/p>\n<h2>Hvordan k\u00f8ber jeg en billet?<\/h2>\n<p>Det er nemt at k\u00f8be en lottokupon, n\u00e5r du er registreret hos os. Du skal blot v\u00e6lge dine numre og deltage i lodtr\u00e6kningen. Du kan k\u00f8be flere lodder for at \u00f8ge dine chancer for at vinde en pr\u00e6mie. Det er helt op til dig. Hvis du ikke er sikker p\u00e5, hvilket nummer du skal v\u00e6lge, kan den automatiske valgmaskine g\u00f8re arbejdet for dig. Vi arbejder h\u00e5rdt for at sikre, at processen er nem og intuitiv for spillerne.<\/p>\n<h2>Hvad er en concierge-tjeneste helt pr\u00e6cist?<\/h2>\n<p>Vi er glade for, at du sp\u00f8rger. N\u00e5r vi siger, at vi driver en concierge-service, betyder det, at vi har agenter i forskellige lande, herunder Australien. N\u00e5r du k\u00f8ber din lottokupon hos os, g\u00e5r vores agenter ud og k\u00f8ber en fysisk kupon med de tilsvarende numre. Det betyder, at uanset hvor du befinder dig, er du med i lotteriet.<\/p>\n<h2>Hvordan kan jeg vinde?<\/h2>\n<p>For at vinde dette Aussie-lotteri skal du blot matche de seks vigtigste trukne numre, s\u00e5 bliver du vinder af jackpotten. Du beh\u00f8ver ikke at matche de supplerende tal, da de bruges til at bestemme pr\u00e6mierne i afdeling 2 og 5.<\/p>\n<h2>Hvordan kan jeg kontrollere resultaterne?<\/h2>\n<p>Efter hver tr\u00e6kning offentligg\u00f8r vi resultaterne lige her p\u00e5 jackpotlotteryonline.com. For l\u00f8rdagslotteriet skal du blot bes\u00f8ge siden med <a href=\"https:\/\/jackpotlotteryonline.com\/da\/vindernumre\/saturday-lotto\">l\u00f8rdagslotteriets lodtr\u00e6kning<\/a> efter l\u00f8rdagens lodtr\u00e6kning for at finde resultaterne.<\/p>\n<h2>Hvad sker der, hvis jeg glemmer at tjekke resultaterne?<\/h2>\n<p>Dette er den bedste del. N\u00e5r du k\u00f8ber hos os, er det ligegyldigt, hvis du glemmer at tjekke lotto resultaterne, fordi vi har din ryg. Hvis du vinder en pr\u00e6mie, sender vi dig en besked p\u00e5 dit instrumentbr\u00e6t samt en e-mail for at advare dig. N\u00e5r du k\u00f8ber en lottoseddel hos os, ved du, at du er d\u00e6kket ind.<\/p>\n<h2>Jeg har vundet, hvad nu?<\/h2>\n<p>Tja, hvis du har vundet i lotteriet, skal du f\u00f8rst og fremmest lyk\u00f8nske os! Vi er glade p\u00e5 dine vegne. Hvis du har registreret dig hos os, er det n\u00e6ste skridt enkelt. G\u00e5 til dit instrumentbr\u00e6t og h\u00e6ve dine penge via de tilg\u00e6ngelige metoder. Det er s\u00e5 nemt som det.<\/p>\n<h2>Registrer dig hos os i dag!<\/h2>\n<p>At spille i lotteriet er sjovt, og, det giver spillerne noget at se frem til hver uge. L\u00f8rdagslotteriet har en flot jackpotgevinst og gunstige odds, hvilket g\u00f8r det ideelt for b\u00e5de nye og gamle spillere. Nu er det ikke l\u00e6ngere begr\u00e6nset til australierne, da folk overalt nu kan k\u00f8be indgange til lotteriet.<\/p>\n<p>Hvis du leder efter et interessant spil at spille, hvorfor s\u00e5 ikke pr\u00f8ve Tatts-lotteriet? Uanset hvor du er, kan du k\u00f8be en kupon til dette lotteri ved at registrere dig hos os. k\u00f8b flere kuponer og deltag nemt i flere tr\u00e6kninger p\u00e5 forh\u00e5nd. Vores opgave er at g\u00f8re det muligt for dig at spille de lotterier, du \u00f8nsker, med minimal stress.<\/p>\n<p>Slap af og hav det sjovt, mens du spiller, du ved aldrig, om det skulle v\u00e6re dagen, hvor du vinder stort. Hvorfor ikke k\u00f8be adgang til lotteriet ved at registrere dig hos os i dag?<\/p>\n","protected":false},"excerpt":{"rendered":"<p>Australien har en masse lotterier som onsdagslotto, Powerball og l\u00f8rdagslotto Australien. L\u00f8rdagslotteriet er popul\u00e6rt blandt spillere og giver folk noget at se frem til hver uge. Da dette lotteri f\u00f8rst startede, kunne kun spillere i Oz deltage i det. Heldigvis kan spillere i hele verden nu deltage i l\u00f8rdagslotteriet. S\u00e5 hvordan k\u00f8ber man billetter til [&hellip;]<\/p>\n","protected":false},"author":1,"featured_media":0,"parent":35742,"menu_order":18,"comment_status":"closed","ping_status":"closed","template":"saturday-lotto-info.php","meta":{"_et_pb_use_builder":"","_et_pb_old_content":"","_et_gb_content_width":"","exclude_from_search":false,"footnotes":""},"class_list":["post-37252","page","type-page","status-publish","hentry"],"yoast_head":"<!-- This site is optimized with the Yoast SEO plugin v23.3 - https:\/\/yoast.com\/wordpress\/plugins\/seo\/ -->\n<title>K\u00f8b billetter til l\u00f8rdag Lotto Australien fra uden for Australien<\/title>\n<meta name=\"description\" content=\"Det popul\u00e6re australske l\u00f8rdagslotteri i Australien har store jackpots. Spillere fra alle steder kan nu k\u00f8be en billet til l\u00f8rdagslotto online\" \/>\n<meta name=\"robots\" content=\"index, follow, max-snippet:-1, max-image-preview:large, max-video-preview:-1\" \/>\n<link rel=\"canonical\" href=\"https:\/\/jackpotlotteryonline.com\/buy-tickets\/saturday-lotto\/\" \/>\n<meta property=\"og:locale\" content=\"da_DK\" \/>\n<meta property=\"og:type\" content=\"article\" \/>\n<meta property=\"og:title\" content=\"K\u00f8b billetter til l\u00f8rdag Lotto Australien fra uden for Australien\" \/>\n<meta property=\"og:description\" content=\"Det popul\u00e6re australske l\u00f8rdagslotteri i Australien har store jackpots. Spillere fra alle steder kan nu k\u00f8be en billet til l\u00f8rdagslotto online\" \/>\n<meta property=\"og:url\" content=\"https:\/\/jackpotlotteryonline.com\/buy-tickets\/saturday-lotto\/\" \/>\n<meta property=\"og:site_name\" content=\"Lotto Online - Crack The International Lottery Jackpots\" \/>\n<meta property=\"article:modified_time\" content=\"2022-12-24T19:40:47+00:00\" \/>\n<meta property=\"og:image\" content=\"http:\/\/jackpotlotteryonline.com\/wp-content\/uploads\/2022\/11\/2_ticket_saturday_lotto_au2-1-180x300-1.jpg\" \/>\n<meta name=\"twitter:card\" content=\"summary_large_image\" \/>\n<meta name=\"twitter:label1\" content=\"Estimeret l\u00e6setid\" \/>\n\t<meta name=\"twitter:data1\" content=\"7 minutter\" \/>\n<!-- \/ Yoast SEO plugin. -->","yoast_head_json":{"title":"K\u00f8b billetter til l\u00f8rdag Lotto Australien fra uden for Australien","description":"Det popul\u00e6re australske l\u00f8rdagslotteri i Australien har store jackpots. Spillere fra alle steder kan nu k\u00f8be en billet til l\u00f8rdagslotto online","robots":{"index":"index","follow":"follow","max-snippet":"max-snippet:-1","max-image-preview":"max-image-preview:large","max-video-preview":"max-video-preview:-1"},"canonical":"https:\/\/jackpotlotteryonline.com\/buy-tickets\/saturday-lotto\/","og_locale":"da_DK","og_type":"article","og_title":"K\u00f8b billetter til l\u00f8rdag Lotto Australien fra uden for Australien","og_description":"Det popul\u00e6re australske l\u00f8rdagslotteri i Australien har store jackpots. Spillere fra alle steder kan nu k\u00f8be en billet til l\u00f8rdagslotto online","og_url":"https:\/\/jackpotlotteryonline.com\/buy-tickets\/saturday-lotto\/","og_site_name":"Lotto Online - Crack The International Lottery Jackpots","article_modified_time":"2022-12-24T19:40:47+00:00","og_image":[{"url":"http:\/\/jackpotlotteryonline.com\/wp-content\/uploads\/2022\/11\/2_ticket_saturday_lotto_au2-1-180x300-1.jpg"}],"twitter_card":"summary_large_image","twitter_misc":{"Estimeret l\u00e6setid":"7 minutter"},"schema":{"@context":"https:\/\/schema.org","@graph":[{"@type":"WebPage","@id":"https:\/\/jackpotlotteryonline.com\/buy-tickets\/saturday-lotto\/","url":"https:\/\/jackpotlotteryonline.com\/buy-tickets\/saturday-lotto\/","name":"K\u00f8b billetter til l\u00f8rdag Lotto Australien fra uden for Australien","isPartOf":{"@id":"https:\/\/jackpotlotteryonline.com\/#website"},"primaryImageOfPage":{"@id":"https:\/\/jackpotlotteryonline.com\/buy-tickets\/saturday-lotto\/#primaryimage"},"image":{"@id":"https:\/\/jackpotlotteryonline.com\/buy-tickets\/saturday-lotto\/#primaryimage"},"thumbnailUrl":"http:\/\/jackpotlotteryonline.com\/wp-content\/uploads\/2022\/11\/2_ticket_saturday_lotto_au2-1-180x300-1.jpg","datePublished":"2022-11-11T07:46:34+00:00","dateModified":"2022-12-24T19:40:47+00:00","description":"Det popul\u00e6re australske l\u00f8rdagslotteri i Australien har store jackpots. Spillere fra alle steder kan nu k\u00f8be en billet til l\u00f8rdagslotto online","breadcrumb":{"@id":"https:\/\/jackpotlotteryonline.com\/buy-tickets\/saturday-lotto\/#breadcrumb"},"inLanguage":"da-DK","potentialAction":[{"@type":"ReadAction","target":["https:\/\/jackpotlotteryonline.com\/buy-tickets\/saturday-lotto\/"]}]},{"@type":"ImageObject","inLanguage":"da-DK","@id":"https:\/\/jackpotlotteryonline.com\/buy-tickets\/saturday-lotto\/#primaryimage","url":"http:\/\/jackpotlotteryonline.com\/wp-content\/uploads\/2022\/11\/2_ticket_saturday_lotto_au2-1-180x300-1.jpg","contentUrl":"http:\/\/jackpotlotteryonline.com\/wp-content\/uploads\/2022\/11\/2_ticket_saturday_lotto_au2-1-180x300-1.jpg"},{"@type":"BreadcrumbList","@id":"https:\/\/jackpotlotteryonline.com\/buy-tickets\/saturday-lotto\/#breadcrumb","itemListElement":[{"@type":"ListItem","position":1,"name":"Home","item":"https:\/\/jackpotlotteryonline.com\/da\/"},{"@type":"ListItem","position":2,"name":"S\u00e5dan k\u00f8ber du lotteri billetter online","item":"https:\/\/jackpotlotteryonline.com\/da\/koeb-billetter\/"},{"@type":"ListItem","position":3,"name":"K\u00f8b billetter til l\u00f8rdag Lotto Australia"}]},{"@type":"WebSite","@id":"https:\/\/jackpotlotteryonline.com\/#website","url":"https:\/\/jackpotlotteryonline.com\/","name":"Lotto Online - Crack The International Lottery Jackpots","description":"","potentialAction":[{"@type":"SearchAction","target":{"@type":"EntryPoint","urlTemplate":"https:\/\/jackpotlotteryonline.com\/?s={search_term_string}"},"query-input":"required name=search_term_string"}],"inLanguage":"da-DK"}]}},"_links":{"self":[{"href":"https:\/\/jackpotlotteryonline.com\/da\/wp-json\/wp\/v2\/pages\/37252","targetHints":{"allow":["GET"]}}],"collection":[{"href":"https:\/\/jackpotlotteryonline.com\/da\/wp-json\/wp\/v2\/pages"}],"about":[{"href":"https:\/\/jackpotlotteryonline.com\/da\/wp-json\/wp\/v2\/types\/page"}],"author":[{"embeddable":true,"href":"https:\/\/jackpotlotteryonline.com\/da\/wp-json\/wp\/v2\/users\/1"}],"replies":[{"embeddable":true,"href":"https:\/\/jackpotlotteryonline.com\/da\/wp-json\/wp\/v2\/comments?post=37252"}],"version-history":[{"count":0,"href":"https:\/\/jackpotlotteryonline.com\/da\/wp-json\/wp\/v2\/pages\/37252\/revisions"}],"up":[{"embeddable":true,"href":"https:\/\/jackpotlotteryonline.com\/da\/wp-json\/wp\/v2\/pages\/35742"}],"wp:attachment":[{"href":"https:\/\/jackpotlotteryonline.com\/da\/wp-json\/wp\/v2\/media?parent=37252"}],"curies":[{"name":"wp","href":"https:\/\/api.w.org\/{rel}","templated":true}]}}