{"id":37746,"date":"2022-11-15T08:03:18","date_gmt":"2022-11-15T08:03:18","guid":{"rendered":"https:\/\/jackpotlotteryonline.com\/?page_id=37746"},"modified":"2022-11-15T08:03:18","modified_gmt":"2022-11-15T08:03:18","slug":"faq","status":"publish","type":"page","link":"https:\/\/jackpotlotteryonline.com\/da\/faq\/","title":{"rendered":"FAQ"},"content":{"rendered":"<h2>Ofte stillede sp\u00f8rgsm\u00e5l om online-lotterier<\/h2>\n<p>Her giver vi svar p\u00e5 de mest stillede sp\u00f8rgsm\u00e5l om online-lotteriet og online-lottojackpots. At spille lotterier online er den mest bekvemme og nemmeste m\u00e5de at f\u00e5 fingrene i de store internationale Lotto-jackpots p\u00e5.<\/p>\n<h2>Hvordan fungerer det?<\/h2>\n<p>Vi fungerer som en budtjeneste mellem dig og de forskellige lotterier. Vi k\u00f8ber billetten i dit navn og p\u00e5 dine vegne, scanner din nye billet og uploader scanningen til din kundekonto, sender dig en besked, n\u00e5r du vinder, og hj\u00e6lper dig ogs\u00e5 med at f\u00e5 dine penge, n\u00e5r du vinder.<\/p>\n<h2>Hvad er fordelene ved at spille gennem os?<\/h2>\n<ul>\n<li>der er ingen grund til at g\u00e5 til en lotteri butik. Du kan nemt spille hjemmefra eller fra dit kontor<\/li>\n<li>du kan betale online, f.eks. med kreditkort eller p\u00e5 anden vis<\/li>\n<li>dine lottogevinster p\u00e5 op til 2 500 \u20ac bliver krediteret din konto<\/li>\n<li>hvis du vinder mere end 2 500 EUR, hj\u00e6lper vi dig med at f\u00e5 dine penge gratis<\/li>\n<li>der er ingen yderligere omkostninger, hvis du vinder penge.<\/li>\n<\/ul>\n<p><strong>Hvem kan spille p\u00e5 lotterierne?<\/strong><\/p>\n<p>Alle over 18 \u00e5r kan spille i lotteriet.<\/p>\n<p><strong>Kan jeg spille et lotteri fra et fremmed land?<\/strong><\/p>\n<p>Ja, det kan du. Det er ligegyldigt, i hvilket land du bor, du kan spille alle lotterier og lottojackpotter i et hvilket som helst land efter eget valg.<\/p>\n<p><strong>Kan jeg selv v\u00e6lge mine lottotal?<\/strong><\/p>\n<p>Ja. Du kan v\u00e6lge de numre, du \u00f8nsker, eller du kan bekvemt f\u00e5 computeren til at v\u00e6lge dine numre tilf\u00e6ldigt for dig.<\/p>\n<p><strong>Hvordan f\u00e5r jeg min lottokupon?<\/strong><\/p>\n<p>N\u00e5r din betaling er blevet behandlet, sender vi dig en bekr\u00e6ftelse p\u00e5 dit k\u00f8b pr. e-mail. De numre, du har valgt, kan du se p\u00e5 din konto. Kort tid efter kan du ogs\u00e5 se den scannede lod p\u00e5 din konto.<\/p>\n<p><strong>Hvordan kan jeg betale for mit lotto eller min lottokupon?<\/strong><\/p>\n<p>Der er en r\u00e6kke betalingsmuligheder til r\u00e5dighed for dig, blandt disse er betaling med kreditkort, bankoverf\u00f8rsel, forskellige kryptovalutaer og meget mere.<\/p>\n<p><strong>Tager I en andel af min gevinst?<\/strong><\/p>\n<p>Nej. Alle lotterigevinster udbetales fuldt ud til dig uden fradrag af gebyrer.<\/p>\n<p><strong>Hvorn\u00e5r kan jeg bestille en lottokupon?<\/strong><\/p>\n<p>For at kunne deltage i et lotteri skal du bestille din kupon mindst 2 timer f\u00f8r lodtr\u00e6kningen. Dette giver os mulighed for at behandle din lottobestilling.<\/p>\n<p><strong>Hvordan ved jeg, om jeg har vundet?<\/strong><\/p>\n<p>Hvis du vinder, sender vi dig en e-mail, hvor vi informerer dig om din gevinst. Desuden vil vindernumrene for alle lotterierne blive offentliggjort p\u00e5 vores websted.<\/p>\n<p><strong>Hvordan f\u00e5r jeg mine penge, hvis jeg vinder?<\/strong><\/p>\n<p>Hvis du vinder et bel\u00f8b p\u00e5 under 2 500 EUR, vil pengene blive krediteret din spillerkonto. Hvis du vinder et bel\u00f8b p\u00e5 over 2.500 \u20ac, sender vi dig en kravformular, som du skal udfylde. Du skal identificere dig selv, og derefter behandler vi dit krav til lotteriselskabet. Lotteriselskabet udsteder derefter en check til dig. Bem\u00e6rk venligst, at nogle lotteriselskaber kr\u00e6ver, at du skal kr\u00e6ve din gevinst personligt, hvis du vinder en jackpotgevinst.<\/p>\n<p><strong>Er dette en lovlig tjeneste?<\/strong><\/p>\n<p>Ja, det er det. Da vores kun er en budtjeneste, er det helt lovligt.<\/p>\n<p><strong>Hvordan ved jeg, at der bliver k\u00f8bt en lottokupon p\u00e5 mine vegne?<\/strong><\/p>\n<p>N\u00e5r du har betalt for din lottokupon, modtager du en betalingsbekr\u00e6ftelse. S\u00e5 l\u00e6nge din lottokupon er aktiv, f\u00e5r du en e-mailmeddelelse, og efter at du har logget ind, kan du se dine kuponer i dit kundeomr\u00e5de p\u00e5 vores websted.<\/p>\n","protected":false},"excerpt":{"rendered":"<p>Ofte stillede sp\u00f8rgsm\u00e5l om online-lotterier Her giver vi svar p\u00e5 de mest stillede sp\u00f8rgsm\u00e5l om online-lotteriet og online-lottojackpots. At spille lotterier online er den mest bekvemme og nemmeste m\u00e5de at f\u00e5 fingrene i de store internationale Lotto-jackpots p\u00e5. Hvordan fungerer det? Vi fungerer som en budtjeneste mellem dig og de forskellige lotterier. Vi k\u00f8ber billetten [&hellip;]<\/p>\n","protected":false},"author":1,"featured_media":0,"parent":0,"menu_order":6,"comment_status":"closed","ping_status":"closed","template":"","meta":{"_et_pb_use_builder":"","_et_pb_old_content":"","_et_gb_content_width":"","exclude_from_search":false,"footnotes":""},"class_list":["post-37746","page","type-page","status-publish","hentry"],"yoast_head":"<!-- This site is optimized with the Yoast SEO plugin v23.3 - https:\/\/yoast.com\/wordpress\/plugins\/seo\/ -->\n<title>Ofte stillede sp\u00f8rgsm\u00e5l om lotteri | Ofte stillede sp\u00f8rgsm\u00e5l om Lotto online<\/title>\n<meta name=\"description\" content=\"Find svar p\u00e5 de hyppigste sp\u00f8rgsm\u00e5l om online lotteri her, samt de bedste tjenester\" \/>\n<meta name=\"robots\" content=\"index, follow, max-snippet:-1, max-image-preview:large, max-video-preview:-1\" \/>\n<link rel=\"canonical\" href=\"https:\/\/jackpotlotteryonline.com\/da\/faq\/\" \/>\n<meta property=\"og:locale\" content=\"da_DK\" \/>\n<meta property=\"og:type\" content=\"article\" \/>\n<meta property=\"og:title\" content=\"Ofte stillede sp\u00f8rgsm\u00e5l om lotteri | Ofte stillede sp\u00f8rgsm\u00e5l om Lotto online\" \/>\n<meta property=\"og:description\" content=\"Find svar p\u00e5 de hyppigste sp\u00f8rgsm\u00e5l om online lotteri her, samt de bedste tjenester\" \/>\n<meta property=\"og:url\" content=\"https:\/\/jackpotlotteryonline.com\/da\/faq\/\" \/>\n<meta property=\"og:site_name\" content=\"Lotto Online - Crack The International Lottery Jackpots\" \/>\n<meta name=\"twitter:card\" content=\"summary_large_image\" \/>\n<meta name=\"twitter:label1\" content=\"Estimeret l\u00e6setid\" \/>\n\t<meta name=\"twitter:data1\" content=\"3 minutter\" \/>\n<!-- \/ Yoast SEO plugin. -->","yoast_head_json":{"title":"Ofte stillede sp\u00f8rgsm\u00e5l om lotteri | Ofte stillede sp\u00f8rgsm\u00e5l om Lotto online","description":"Find svar p\u00e5 de hyppigste sp\u00f8rgsm\u00e5l om online lotteri her, samt de bedste tjenester","robots":{"index":"index","follow":"follow","max-snippet":"max-snippet:-1","max-image-preview":"max-image-preview:large","max-video-preview":"max-video-preview:-1"},"canonical":"https:\/\/jackpotlotteryonline.com\/da\/faq\/","og_locale":"da_DK","og_type":"article","og_title":"Ofte stillede sp\u00f8rgsm\u00e5l om lotteri | Ofte stillede sp\u00f8rgsm\u00e5l om Lotto online","og_description":"Find svar p\u00e5 de hyppigste sp\u00f8rgsm\u00e5l om online lotteri her, samt de bedste tjenester","og_url":"https:\/\/jackpotlotteryonline.com\/da\/faq\/","og_site_name":"Lotto Online - Crack The International Lottery Jackpots","twitter_card":"summary_large_image","twitter_misc":{"Estimeret l\u00e6setid":"3 minutter"},"schema":{"@context":"https:\/\/schema.org","@graph":[{"@type":"WebPage","@id":"https:\/\/jackpotlotteryonline.com\/da\/faq\/","url":"https:\/\/jackpotlotteryonline.com\/da\/faq\/","name":"Ofte stillede sp\u00f8rgsm\u00e5l om lotteri | Ofte stillede sp\u00f8rgsm\u00e5l om Lotto online","isPartOf":{"@id":"https:\/\/jackpotlotteryonline.com\/#website"},"datePublished":"2022-11-15T08:03:18+00:00","dateModified":"2022-11-15T08:03:18+00:00","description":"Find svar p\u00e5 de hyppigste sp\u00f8rgsm\u00e5l om online lotteri her, samt de bedste tjenester","breadcrumb":{"@id":"https:\/\/jackpotlotteryonline.com\/da\/faq\/#breadcrumb"},"inLanguage":"da-DK","potentialAction":[{"@type":"ReadAction","target":["https:\/\/jackpotlotteryonline.com\/da\/faq\/"]}]},{"@type":"BreadcrumbList","@id":"https:\/\/jackpotlotteryonline.com\/da\/faq\/#breadcrumb","itemListElement":[{"@type":"ListItem","position":1,"name":"Home","item":"https:\/\/jackpotlotteryonline.com\/da\/"},{"@type":"ListItem","position":2,"name":"FAQ"}]},{"@type":"WebSite","@id":"https:\/\/jackpotlotteryonline.com\/#website","url":"https:\/\/jackpotlotteryonline.com\/","name":"Lotto Online - Crack The International Lottery Jackpots","description":"","potentialAction":[{"@type":"SearchAction","target":{"@type":"EntryPoint","urlTemplate":"https:\/\/jackpotlotteryonline.com\/?s={search_term_string}"},"query-input":"required name=search_term_string"}],"inLanguage":"da-DK"}]}},"_links":{"self":[{"href":"https:\/\/jackpotlotteryonline.com\/da\/wp-json\/wp\/v2\/pages\/37746","targetHints":{"allow":["GET"]}}],"collection":[{"href":"https:\/\/jackpotlotteryonline.com\/da\/wp-json\/wp\/v2\/pages"}],"about":[{"href":"https:\/\/jackpotlotteryonline.com\/da\/wp-json\/wp\/v2\/types\/page"}],"author":[{"embeddable":true,"href":"https:\/\/jackpotlotteryonline.com\/da\/wp-json\/wp\/v2\/users\/1"}],"replies":[{"embeddable":true,"href":"https:\/\/jackpotlotteryonline.com\/da\/wp-json\/wp\/v2\/comments?post=37746"}],"version-history":[{"count":0,"href":"https:\/\/jackpotlotteryonline.com\/da\/wp-json\/wp\/v2\/pages\/37746\/revisions"}],"wp:attachment":[{"href":"https:\/\/jackpotlotteryonline.com\/da\/wp-json\/wp\/v2\/media?parent=37746"}],"curies":[{"name":"wp","href":"https:\/\/api.w.org\/{rel}","templated":true}]}}