{"id":39184,"date":"2022-11-22T07:31:38","date_gmt":"2022-11-22T07:31:38","guid":{"rendered":"https:\/\/jackpotlotteryonline.com\/?page_id=39184"},"modified":"2023-01-03T08:49:01","modified_gmt":"2023-01-03T08:49:01","slug":"la-primitiva-2","status":"publish","type":"page","link":"https:\/\/jackpotlotteryonline.com\/da\/saadan-spiller-du\/la-primitiva-2\/","title":{"rendered":"spille La Primitiva online"},"content":{"rendered":"<p>Det spanske lotteri er et af Europas mest popul\u00e6re lotterier, og det tiltr\u00e6kker lottofans i hele landet. La Primitiva er ogs\u00e5 et af de \u00e6ldste lotterier i verden. Det blev oprettet i 1763 og har gjort lotterifans i landet glade i n\u00e6sten 260 \u00e5r. Tidligere var det kun begr\u00e6nset til spillere, der boede inden for det geografiske omr\u00e5de, men takket v\u00e6re internettet kan spillere i hele verden nu deltage i dette lotteri. Lottospil afh\u00e6nger i h\u00f8j grad af held, og dette er ingen undtagelse. Derfor er der mange deltagere ved hver tr\u00e6kning, og spillerne fors\u00f8ger at f\u00e5 en chance for at vinde stort.<\/p>\n<p>Hvis du \u00f8nsker at f\u00e5 <a href=\"https:\/\/jackpotlotteryonline.com\/da\/koeb-billetter\/la-primitiva\">billetter til de bedste internationale lotterier<\/a>, herunder La Primitiva, s\u00e5 bes\u00f8g jackptlotteryonline.com nu for at komme i gang.<\/p>\n<h2>S\u00e5dan spiller du La Primitiva<\/h2>\n<p><img loading=\"lazy\" decoding=\"async\" class=\"alignright size-medium wp-image-28103\" src=\"https:\/\/jackpotlotteryonline.com\/wp-content\/uploads\/2022\/11\/1_lotto_jackpot_online-257x300.jpg\" alt=\"Spil La Primitiva\" width=\"257\" height=\"300\" srcset=\"https:\/\/jackpotlotteryonline.com\/wp-content\/uploads\/2022\/11\/1_lotto_jackpot_online-257x300.jpg 257w, https:\/\/jackpotlotteryonline.com\/wp-content\/uploads\/2022\/11\/1_lotto_jackpot_online.jpg 321w\" sizes=\"auto, (max-width: 257px) 100vw, 257px\" \/><\/p>\n<p>Lige s\u00e5 sjovt som det spanske lotteri er at spille, kan det v\u00e6re lidt forvirrende for dem, der er nye i lotteriet. Der synes at v\u00e6re lidt flere numre, end nogle spillere m\u00e5ske er vant til, og der er nogle andre begreber, som kan v\u00e6re sv\u00e6re at forst\u00e5. Men n\u00e5r du f\u00f8rst har forst\u00e5et, hvordan man spiller La Primitiva, bliver det virkelig simpelt.<\/p>\n<p>Den f\u00f8rste ting man skal forst\u00e5 ved at spille dette lotteri er <strong>Reintegro<\/strong> og <strong>Complementario<\/strong>. Reintegro og Complementarior er afg\u00f8rende for at bestemme jackpotvinderen. Hvis du har planer om at vinde jackpotten, er det vigtigt at vide, hvad de handler om, og hvordan de fungerer.<\/p>\n<p>Grundl\u00e6ggende er Reintegro (oversat restitution p\u00e5 engelsk) et af de bonusnumre, der bruges til at udv\u00e6lge pr\u00e6mievindere. Complementario (oversat som Complementary p\u00e5 engelsk) er det andet bonusnummer.<\/p>\n<p><strong>For at spille La Primitiva skal en spiller v\u00e6lge fem hovedtal fra 1 til 49 og Reintegro fra 0 til 9<\/strong>. Alle med en kupon, der matcher de udtrukne numre, vinder jackpotten.<\/p>\n<h2>Men der er mere til Reintegro<\/h2>\n<p>Reintegro bruges til at udv\u00e6lge jackpotvinderen. Du skal s\u00e5ledes matche de fem hovedtal og Reintegro-tallet for at vinde jackpotten.<\/p>\n<p>Reintegro bruges ogs\u00e5 til at bestemme en anden pr\u00e6miekategori. Spillere, der kun matcher Reintegro-nummeret, vinder prisen for deres billet tilbage. Det er derfor, det kaldes &#8220;refusionen&#8221;.<\/p>\n<section class=\"layout\" style=\"border: solid 1px; width: 100%;\">\n<div class=\"img-div\" style=\"margin-top: 5px;\"><img decoding=\"async\" class=\"wp-image-17212 alignleft\" style=\"height: 45px; margin: 8px 8px 0px;\" src=\"https:\/\/jackpotlotteryonline.com\/wp-content\/uploads\/2022\/11\/read1.jpg\" alt=\"l\u00e6s\" width=\"\" height=\"\" \/><\/div>\n<div style=\"padding-left: 5px;\">\n<div style=\"font-size: 1.1em;\">\n<p><strong>Hvad er hemmeligheden bag succes i lotteriet?<\/strong><\/p>\n<p style=\"font-size: 0.85em; margin-top: -1.5em;\">S\u00e5dan spiller du succesfuldt i lotteriet\u00a0<a href=\"https:\/\/jackpotlotteryonline.com\/da\/hvad-er-hemmeligheden-bag-succes-med-lotteri\"> L\u00e6s mere<\/a><\/p>\n<\/div>\n<\/div>\n<\/section>\n<h2>Hvad med Complementario?<\/h2>\n<p>Det andet bonusnummer er ikke relevant for at vinde jackpotten, men det bruges til at bestemme pr\u00e6miekategorien i Division 2. S\u00e5 en spiller, der matcher de fem hovedtal og Complementario-tallet, vil vinde en pr\u00e6mie.<\/p>\n<h2>Forst\u00e5else af, hvordan Jokeren fungerer<\/h2>\n<p>Jokeren er et andet mysterium, hvis du k\u00f8ber La Primitiva-billetter for f\u00f8rste gang, fordi den synes at skabe en helt anden kategori af pr\u00e6mier. Faktisk skaber det en anden kategori af pr\u00e6mier. Det er dog valgfrit, og n\u00e5r du k\u00f8ber din lottokupon, kan du v\u00e6lge at inkludere en Joker for en ekstra omkostning.<\/p>\n<p>Jokeren minder mere om en tombola end om et lotteri, fordi spillerne ikke selv kan v\u00e6lge deres tal. Syv tilf\u00e6ldige tal er knyttet til din kupon, hvis du v\u00e6lger Jokeren. Det oph\u00e6ver ikke din lottokupon, det er blot en tilf\u00f8jelse. Jokeren giver spillerne chancen for at vinde op til 1 million \u20ac. Det har syv pr\u00e6miekategorier. Find dem nedenfor:<\/p>\n<p>1. pr\u00e6mie &#8211; 1.000.000 \u20ac<\/p>\n<p>2. pr\u00e6mie &#8211; 10 000 \u20ac<\/p>\n<p>3. pr\u00e6mie &#8211; 1.000 \u20ac<\/p>\n<p>4. pr\u00e6mie &#8211; 300 EUR<\/p>\n<p>5. pr\u00e6mie &#8211; 50 EUR<\/p>\n<p>6. pr\u00e6mie &#8211; 5 \u20ac<\/p>\n<p>7. pr\u00e6mie &#8211; 5 EUR<\/p>\n<h2>Vinder af Jokeren<\/h2>\n<p>Hvis du vinder b\u00e5de lotteriet og Jokeren, skal du v\u00e6lge en af dem, da spillere ikke kan f\u00e5 begge pr\u00e6mier i en enkelt tr\u00e6kning for en enkelt kupon. Der vil dog blive udbetalt en h\u00f8jere gevinst.<\/p>\n<h2>Trin for at spille lotteri online<\/h2>\n<p><img loading=\"lazy\" decoding=\"async\" class=\"alignright size-medium wp-image-33512\" src=\"https:\/\/jackpotlotteryonline.com\/wp-content\/uploads\/2022\/11\/2_ticket_la_primitiva2-210x300.jpg\" alt=\"La Primitiva online billet\" width=\"210\" height=\"300\" srcset=\"https:\/\/jackpotlotteryonline.com\/wp-content\/uploads\/2022\/11\/2_ticket_la_primitiva2-210x300.jpg 210w, https:\/\/jackpotlotteryonline.com\/wp-content\/uploads\/2022\/11\/2_ticket_la_primitiva2.jpg 250w\" sizes=\"auto, (max-width: 210px) 100vw, 210px\" \/><\/p>\n<p>At f\u00e5 lodder til lotteriet online er en af livets enkle forn\u00f8jelser, mest p\u00e5 grund af hvor praktisk og handy alting er. Du kan f\u00e5 din billet med blot et par swipes eller tryk. Her er en trin-for-trin-guide til at g\u00f8re dette p\u00e5 dette websted.<\/p>\n<p><strong>Trin 1:<\/strong> Bes\u00f8g det websted, du har valgt, og s\u00f8g efter det lotteri, du \u00f8nsker at spille. Vi giver lotterifans adgang til et stort udvalg af internationale lotterier, herunder La Primitiva.<\/p>\n<p><strong>Trin 2:<\/strong> V\u00e6lg de fem hovedtal og de to bonustal. Hvis du ikke er sikker p\u00e5, hvilke numre du vil bruge, kan du bruge den tilf\u00e6ldige nummergenerator p\u00e5 siden. Du kan ogs\u00e5 v\u00e6lge mere end \u00e9n r\u00e6kke af tal for at \u00f8ge dine vinderchancer.<\/p>\n<p><strong>Trin 3:<\/strong> <a href=\"https:\/\/jackpotlotteryonline.com\/da\/vindernumre\/la-primitiva\">Indtast tr\u00e6kningerne<\/a>. Bem\u00e6rk, at hvis du deltager i en enkelt tr\u00e6kning, kan du kun g\u00f8re det om mandagen. De andre lodtr\u00e6kninger er ugentlige lodtr\u00e6kninger, og du kan deltage i dem alle, hvis du \u00f8nsker det.<\/p>\n<p><strong>Trin 4:<\/strong> Tilmeld dig og betal. N\u00e5r du kommer til betalingssiden, bliver du bedt om at tilmelde dig. Det er for at du nemt kan f\u00e5 adgang til din billet fra din konto, og ogs\u00e5 for at vi kan give dig besked, hvis du vinder pr\u00e6mier. Du beh\u00f8ver kun at tilmelde dig \u00e9n gang, og efterf\u00f8lgende gange skal du blot logge ind p\u00e5 din konto.<\/p>\n<p>Det er alt, hvad der skal til for at f\u00e5 adgang til de bedste internationale lotterier fra din computer eller mobilenhed!<\/p>\n<h2>La Primitiva lodtr\u00e6kningsresultater<\/h2>\n<p>Tr\u00e6kningsdage er fyldt med sp\u00e6nding, og mange lottospillere ser frem til dem. Det er nemlig s\u00e5, at de, der har deltaget i lodtr\u00e6kningen, f\u00e5r at vide, om de har vundet jackpotten. Der er andre pr\u00e6mier, som spillerne<\/p>\n<h2>Pr\u00e6mietrin<\/h2>\n<p>Jackpot &#8211; Match 6 hovedtal + Reintegro<\/p>\n<p>Division 1 &#8211; 6 ens hovedtal<\/p>\n<p>Division 2 &#8211; 5 hovedtal + et gratis nummer<\/p>\n<p>Division 3 &#8211; Match 5 hovednumre<\/p>\n<p>Afsnit 4 &#8211; 4 hovednumre<\/p>\n<p>Afsnit 5 &#8211; 3 hovednumre<\/p>\n<p>Reintegro &#8211; kun Reintegro-nummeret skal matches<\/p>\n<h2>S\u00e5dan udbetaler du dine gevinster<\/h2>\n<p>Spillere undrer sig ofte over, hvordan de kan f\u00e5 adgang til deres gevinster, hvis de spiller p\u00e5 internettet. Svaret p\u00e5 det afh\u00e6nger af det lotterisite, som du bruger. Nogle lotterisider er ikke s\u00e6rlig gode til at udbetale vindere, men det er undtagelsen snarere end reglen. Ikke desto mindre er det altid en god id\u00e9 at forblive sikker og blive hos en betroet lotteriudbyder.<\/p>\n<p>Hvis du spiller lotteri hos os, kan du nemt udbetale dine gevinster. Vi har designet vores system til at levere maksimal brugervenlighed og nul stress. Med flere udbetalingsmuligheder giver vi dig en sikker metode til at f\u00e5 fat i dine gevinster.<\/p>\n<p>Hvis din gevinst er over et bestemt bel\u00f8b (f.eks. hvis du vinder jackpotten), skal du identificere dig over for lotteriselskabet. Men bare rolig, vi vil give dig en formular, som du skal udfylde, og n\u00e5r du har gjort det, behandler vi kravene for dig.<\/p>\n<h2>Spil med os for at f\u00e5 chancen for at vinde stort<\/h2>\n<p>Hvor du k\u00f8ber dine lodder betyder meget, og p\u00e5 vores side har vi gjort vores bedste for at skabe et sikkert sted for spillere over hele verden. Med et bredt udvalg af internationale lotterier kan du v\u00e6lge mellem alle spil, herunder La Primitiva. Jackpotpr\u00e6mierne er store, men husk, at de fleste lotterispil har flere pr\u00e6mieniveauer med nogle meget gener\u00f8se bel\u00f8b.<\/p>\n<p>Hvis du er klar til en chance for at vinde stort med La Primitiva, s\u00e5 bes\u00f8g os nu og f\u00e5 dine lodder. Med tre ugentlige tr\u00e6kninger giver det spanske lotteri spillerne flere chancer for at vinde jackpotten hver uge. P\u00e5 jackpotlotteryonline.com er der altid en tr\u00e6kning, som du kan deltage i, og du ved aldrig, om det er i dag, at du vinder stort.<\/p>\n","protected":false},"excerpt":{"rendered":"<p>Det spanske lotteri er et af Europas mest popul\u00e6re lotterier, og det tiltr\u00e6kker lottofans i hele landet. La Primitiva er ogs\u00e5 et af de \u00e6ldste lotterier i verden. Det blev oprettet i 1763 og har gjort lotterifans i landet glade i n\u00e6sten 260 \u00e5r. Tidligere var det kun begr\u00e6nset til spillere, der boede inden for [&hellip;]<\/p>\n","protected":false},"author":1,"featured_media":0,"parent":35676,"menu_order":7,"comment_status":"closed","ping_status":"closed","template":"la-primitiva.php","meta":{"_et_pb_use_builder":"","_et_pb_old_content":"","_et_gb_content_width":"","exclude_from_search":false,"footnotes":""},"class_list":["post-39184","page","type-page","status-publish","hentry"],"yoast_head":"<!-- This site is optimized with the Yoast SEO plugin v23.3 - https:\/\/yoast.com\/wordpress\/plugins\/seo\/ -->\n<title>Spil spansk La Primitiva online lotteri fra ethvert land<\/title>\n<meta name=\"description\" content=\"S\u00e5dan spiller du La Primitiva og vinder stort fra enhver del af verden. L\u00e6r trinene for at spille lotteriet online og de pr\u00e6mier, der kan vindes.\" \/>\n<meta name=\"robots\" content=\"index, follow, max-snippet:-1, max-image-preview:large, max-video-preview:-1\" \/>\n<link rel=\"canonical\" href=\"https:\/\/jackpotlotteryonline.com\/da\/saadan-spiller-du\/la-primitiva-2\/\" \/>\n<meta property=\"og:locale\" content=\"da_DK\" \/>\n<meta property=\"og:type\" content=\"article\" \/>\n<meta property=\"og:title\" content=\"Spil spansk La Primitiva online lotteri fra ethvert land\" \/>\n<meta property=\"og:description\" content=\"S\u00e5dan spiller du La Primitiva og vinder stort fra enhver del af verden. L\u00e6r trinene for at spille lotteriet online og de pr\u00e6mier, der kan vindes.\" \/>\n<meta property=\"og:url\" content=\"https:\/\/jackpotlotteryonline.com\/da\/saadan-spiller-du\/la-primitiva-2\/\" \/>\n<meta property=\"og:site_name\" content=\"Lotto Online - Crack The International Lottery Jackpots\" \/>\n<meta property=\"article:modified_time\" content=\"2023-01-03T08:49:01+00:00\" \/>\n<meta property=\"og:image\" content=\"https:\/\/jackpotlotteryonline.com\/wp-content\/uploads\/2022\/11\/1_lotto_jackpot_online-257x300.jpg\" \/>\n<meta name=\"twitter:card\" content=\"summary_large_image\" \/>\n<meta name=\"twitter:label1\" content=\"Estimeret l\u00e6setid\" \/>\n\t<meta name=\"twitter:data1\" content=\"6 minutter\" \/>\n<!-- \/ Yoast SEO plugin. -->","yoast_head_json":{"title":"Spil spansk La Primitiva online lotteri fra ethvert land","description":"S\u00e5dan spiller du La Primitiva og vinder stort fra enhver del af verden. L\u00e6r trinene for at spille lotteriet online og de pr\u00e6mier, der kan vindes.","robots":{"index":"index","follow":"follow","max-snippet":"max-snippet:-1","max-image-preview":"max-image-preview:large","max-video-preview":"max-video-preview:-1"},"canonical":"https:\/\/jackpotlotteryonline.com\/da\/saadan-spiller-du\/la-primitiva-2\/","og_locale":"da_DK","og_type":"article","og_title":"Spil spansk La Primitiva online lotteri fra ethvert land","og_description":"S\u00e5dan spiller du La Primitiva og vinder stort fra enhver del af verden. L\u00e6r trinene for at spille lotteriet online og de pr\u00e6mier, der kan vindes.","og_url":"https:\/\/jackpotlotteryonline.com\/da\/saadan-spiller-du\/la-primitiva-2\/","og_site_name":"Lotto Online - Crack The International Lottery Jackpots","article_modified_time":"2023-01-03T08:49:01+00:00","og_image":[{"url":"https:\/\/jackpotlotteryonline.com\/wp-content\/uploads\/2022\/11\/1_lotto_jackpot_online-257x300.jpg"}],"twitter_card":"summary_large_image","twitter_misc":{"Estimeret l\u00e6setid":"6 minutter"},"schema":{"@context":"https:\/\/schema.org","@graph":[{"@type":"WebPage","@id":"https:\/\/jackpotlotteryonline.com\/da\/saadan-spiller-du\/la-primitiva-2\/","url":"https:\/\/jackpotlotteryonline.com\/da\/saadan-spiller-du\/la-primitiva-2\/","name":"Spil spansk La Primitiva online lotteri fra ethvert land","isPartOf":{"@id":"https:\/\/jackpotlotteryonline.com\/#website"},"primaryImageOfPage":{"@id":"https:\/\/jackpotlotteryonline.com\/da\/saadan-spiller-du\/la-primitiva-2\/#primaryimage"},"image":{"@id":"https:\/\/jackpotlotteryonline.com\/da\/saadan-spiller-du\/la-primitiva-2\/#primaryimage"},"thumbnailUrl":"https:\/\/jackpotlotteryonline.com\/wp-content\/uploads\/2022\/11\/1_lotto_jackpot_online-257x300.jpg","datePublished":"2022-11-22T07:31:38+00:00","dateModified":"2023-01-03T08:49:01+00:00","description":"S\u00e5dan spiller du La Primitiva og vinder stort fra enhver del af verden. L\u00e6r trinene for at spille lotteriet online og de pr\u00e6mier, der kan vindes.","breadcrumb":{"@id":"https:\/\/jackpotlotteryonline.com\/da\/saadan-spiller-du\/la-primitiva-2\/#breadcrumb"},"inLanguage":"da-DK","potentialAction":[{"@type":"ReadAction","target":["https:\/\/jackpotlotteryonline.com\/da\/saadan-spiller-du\/la-primitiva-2\/"]}]},{"@type":"ImageObject","inLanguage":"da-DK","@id":"https:\/\/jackpotlotteryonline.com\/da\/saadan-spiller-du\/la-primitiva-2\/#primaryimage","url":"https:\/\/jackpotlotteryonline.com\/wp-content\/uploads\/2022\/11\/1_lotto_jackpot_online-257x300.jpg","contentUrl":"https:\/\/jackpotlotteryonline.com\/wp-content\/uploads\/2022\/11\/1_lotto_jackpot_online-257x300.jpg"},{"@type":"BreadcrumbList","@id":"https:\/\/jackpotlotteryonline.com\/da\/saadan-spiller-du\/la-primitiva-2\/#breadcrumb","itemListElement":[{"@type":"ListItem","position":1,"name":"Home","item":"https:\/\/jackpotlotteryonline.com\/da\/"},{"@type":"ListItem","position":2,"name":"S\u00e5dan spiller du","item":"https:\/\/jackpotlotteryonline.com\/da\/saadan-spiller-du\/"},{"@type":"ListItem","position":3,"name":"spille La Primitiva online"}]},{"@type":"WebSite","@id":"https:\/\/jackpotlotteryonline.com\/#website","url":"https:\/\/jackpotlotteryonline.com\/","name":"Lotto Online - Crack The International Lottery Jackpots","description":"","potentialAction":[{"@type":"SearchAction","target":{"@type":"EntryPoint","urlTemplate":"https:\/\/jackpotlotteryonline.com\/?s={search_term_string}"},"query-input":"required name=search_term_string"}],"inLanguage":"da-DK"}]}},"_links":{"self":[{"href":"https:\/\/jackpotlotteryonline.com\/da\/wp-json\/wp\/v2\/pages\/39184","targetHints":{"allow":["GET"]}}],"collection":[{"href":"https:\/\/jackpotlotteryonline.com\/da\/wp-json\/wp\/v2\/pages"}],"about":[{"href":"https:\/\/jackpotlotteryonline.com\/da\/wp-json\/wp\/v2\/types\/page"}],"author":[{"embeddable":true,"href":"https:\/\/jackpotlotteryonline.com\/da\/wp-json\/wp\/v2\/users\/1"}],"replies":[{"embeddable":true,"href":"https:\/\/jackpotlotteryonline.com\/da\/wp-json\/wp\/v2\/comments?post=39184"}],"version-history":[{"count":0,"href":"https:\/\/jackpotlotteryonline.com\/da\/wp-json\/wp\/v2\/pages\/39184\/revisions"}],"up":[{"embeddable":true,"href":"https:\/\/jackpotlotteryonline.com\/da\/wp-json\/wp\/v2\/pages\/35676"}],"wp:attachment":[{"href":"https:\/\/jackpotlotteryonline.com\/da\/wp-json\/wp\/v2\/media?parent=39184"}],"curies":[{"name":"wp","href":"https:\/\/api.w.org\/{rel}","templated":true}]}}