{"id":39268,"date":"2022-11-23T07:25:42","date_gmt":"2022-11-23T07:25:42","guid":{"rendered":"https:\/\/jackpotlotteryonline.com\/?page_id=39268"},"modified":"2023-01-03T09:43:14","modified_gmt":"2023-01-03T09:43:14","slug":"lotto-america-2","status":"publish","type":"page","link":"https:\/\/jackpotlotteryonline.com\/da\/saadan-spiller-du\/lotto-america-2\/","title":{"rendered":"Spil Lotto America online"},"content":{"rendered":"<p>\u00d8nsker du at l\u00e6re at spille p\u00e5 Lotto America fra hvor som helst i verden? USA har nogle af de st\u00f8rste lotterier i verden, som Lotto America. Interessant nok er det ogs\u00e5 et lotto, som ofte overses til fordel for sine meget st\u00f8rre f\u00e6tre, Powerball og Mega Millions. Der er dog nogle erfarne spillere, der ved, hvor utrolig jackpotten er, plus at oddsene for at vinde jackpotten er meget lavere end f.eks. i US Powerball. S\u00e5 hvis du leder efter et amerikansk lotto, der giver dig en st\u00f8rre chance for at vinde jackpotten end andre lotterier, s\u00e5 b\u00f8r du tjekke Lotto America ud.<\/p>\n<p>Det er rigtigt, at Lotto America er et amerikansk baseret lotto, og derfor s\u00e6lges billetterne i USA. Spillere kan dog k\u00f8be deres lodder p\u00e5 dette lotteri ved at bruge en side som jackpotlotteryonline.com. Vi vil dele nogle detaljer om det og vil ogs\u00e5 g\u00f8re vores bedste for at besvare hyppige sp\u00f8rgsm\u00e5l, der er blevet stillet om Lotto America.<\/p>\n<p>L\u00e6s videre for at l\u00e6re mere om Lotto America, og hvordan du navigerer dig gennem processen med at k\u00f8be lodder og indsamle dine gevinster.<\/p>\n<section class=\"layout\" style=\"border: solid 1px; width: 100%;\">\n<div class=\"img-div\" style=\"margin-top: 5px;\"><img decoding=\"async\" class=\"wp-image-17212 alignleft\" style=\"height: 45px; margin: 8px 8px 0px;\" src=\"https:\/\/jackpotlotteryonline.com\/wp-content\/uploads\/2022\/11\/read1.jpg\" alt=\"L\u00e6s \" width=\"\" height=\"\" \/><\/div>\n<div style=\"padding-left: 5px;\">\n<div style=\"font-size: 1.1em;\">\n<p><strong>V\u00e6lg de vindende lottotal manuelt eller ved hj\u00e6lp af en RNG<\/strong><\/p>\n<p style=\"font-size: 0.85em; margin-top: -1.5em;\">Hvordan genererer man vindende lottotal?\u00a0 <a href=\"https:\/\/jackpotlotteryonline.com\/da\/hvordan-man-genererer-vindende-lotto-numre\"> L\u00e6s mere<\/a><\/p>\n<\/div>\n<\/div>\n<\/section>\n<h2>Lidt om Lotto America<\/h2>\n<p><img loading=\"lazy\" decoding=\"async\" class=\"alignright size-full wp-image-29534\" src=\"https:\/\/jackpotlotteryonline.com\/wp-content\/uploads\/2022\/11\/1_results_lottery_online5.jpg\" alt=\"spille lotto America online \" width=\"300\" height=\"200\" \/><\/p>\n<p>Sammenlignet med andre lotterier rundt om i verden er Lotto America relativt nyt. Det blev etableret i 2017 og har kun k\u00f8rt i 5 \u00e5r og blev oprettet for at erstatte Hot Lotto, som var gennemsyret af en masse skandaler. Vi vil ikke kede dig med detaljerne, det er nok at vide, at Lotto America i sine 5 \u00e5r har v\u00e6ret skandalefri i l\u00f8bet af de 5 \u00e5r, det har v\u00e6ret i drift.<\/p>\n<p>Lotto America er et multi-state-lotteri, hvilket betyder at det tilbydes af flere stater i Amerika. Beboere i disse stater kan nemt k\u00f8be billetter til Lotto America ved at g\u00e5 ind i enhver lotterivirksomhed i staten. Men hvad sker der, n\u00e5r du bor uden for USA?<\/p>\n<p>For de spillere, der bor uden for USA, og som \u00f8nsker at deltage i Lotto America, er der en enkel l\u00f8sning. Internettet har gjort det muligt for spillere i hele verden at deltage i de bedste internationale lotterier ved at placere deres spil gennem en online-lotterivogn. Nedenfor vil vi dele tips om, hvordan man spiller Lotto America online.<\/p>\n<h2>Spille Lotto America online<\/h2>\n<p>Det f\u00f8rste skridt til at spille Lotto America online er at identificere et websted, hvor du kan <a href=\"https:\/\/jackpotlotteryonline.com\/da\/koeb-billetter\/lotto-america\">k\u00f8be lodder.<\/a> Dette virker lidt indlysende, men du vil se om et \u00f8jeblik, at det ikke er s\u00e5 ligetil, som det ser ud.<\/p>\n<p>Sandheden er, at der er flere websteder, der h\u00e6vder at tilbyde spillere en mulighed for at deltage i Lotto America. Men de tilbyder kun muligheder for at satse p\u00e5 resultatet af lotto. Hvis du k\u00f8ber billetter p\u00e5 det p\u00e5g\u00e6ldende websted, har du faktisk ikke deltaget i Lotto America, og selv hvis du matcher alle de udtrukne tal, vinder du ikke jackpotten. S\u00e5 det er meget vigtigt at v\u00e6lge det websted, du bruger.<\/p>\n<p><strong>N\u00e5r du har besluttet dig for et websted, skal du f\u00f8lge nedenst\u00e5ende trin:<\/strong><\/p>\n<ol>\n<li>Bes\u00f8g det websted, du \u00f8nsker at bruge, og klik p\u00e5 Lotto America<\/li>\n<li>V\u00e6lg 5 numre fra 1 til 52 (hvis du ikke er sikker p\u00e5, hvilke numre du skal bruge, kan du pr\u00f8ve den automatiske nummergenerator)<\/li>\n<li>V\u00e6lg derefter et bonusnummer (Star Ball) fra 1 til 10<\/li>\n<li>K\u00f8b yderligere nummerr\u00e6kker for at f\u00e5 en st\u00f8rre chance for at vinde<\/li>\n<li><a href=\"https:\/\/jackpotlotteryonline.com\/da\/vindernumre\/lotto-america\">Deltag i tr\u00e6kningerne<\/a> (du kan deltage i mere end \u00e9n tr\u00e6kning)<\/li>\n<li>Registrer og betal for dine deltagelser.<\/li>\n<\/ol>\n<h2>Hvad handler abonnementstjenesten om?<\/h2>\n<p>Hvis du bruger et websted som vores, er der det, vi kalder en abonnementsservice, der giver mulighed for problemfri og stressfri v\u00e6ddem\u00e5l. Selv om det er helt i orden at v\u00e6re en engangsspiller (hvis det er det, du foretr\u00e6kker), spiller de fleste spillere ofte. Den bedste m\u00e5de at vinde Lotto America p\u00e5 er at satse regelm\u00e6ssigt, og det er det, som denne tjeneste handler om.<\/p>\n<p>Du kan indstille den, s\u00e5 du automatisk bliver tilmeldt fremtidige tr\u00e6kninger. Lotto America har 3 tr\u00e6kningsdage hver uge: Mandage, onsdage og l\u00f8rdage. Lad os v\u00e6re \u00e6rlige, det kan blive lidt tr\u00e6ttende at fors\u00f8ge at huske at k\u00f8be billetterne til hver tr\u00e6kning, men det er derfor, vi er her.<\/p>\n<p>N\u00e5r du har oprettet abonnementstjenesten, kan du slappe af og vide, at du ikke beh\u00f8ver at g\u00e5 glip af nogen tr\u00e6kninger for Lotto America.<\/p>\n<h2>Om vores concierge-tjenester<\/h2>\n<p>Vi n\u00e6vnte farerne ved at bruge et hvilket som helst websted p\u00e5 internettet til at spille Lotto America. Men hvordan ved du, at du kommer ind p\u00e5 Lotto America, n\u00e5r du spiller p\u00e5 vores side? Tja, det er enkelt. Vi tilbyder en service, der hj\u00e6lper dig med at k\u00f8be din billet i det land, hvor lotteriet spilles. Vi letter ogs\u00e5 dine krav, n\u00e5r du vinder. Dybest set kan du t\u00e6nke p\u00e5 os som en concierge-service for lottospillere.<\/p>\n<p>N\u00e5r du spiller Lotto America p\u00e5 vores hjemmeside, sker der f\u00f8lgende. N\u00e5r du har valgt dine numre og foretaget betalingen, k\u00f8ber vores agent i USA en fysisk billet med dine numre. Det vil naturligvis v\u00e6re til den tr\u00e6kning, du har valgt. Denne billet bliver derefter scannet og uploadet til din konto.<\/p>\n<p>Dette er en helt lovlig m\u00e5de at spille Lotto America p\u00e5 fra en hvilken som helst del af verden. Desuden sikrer det, at du virkelig deltager i det lotteri, du har valgt.<\/p>\n<h2>Kontrol af tegningerne<\/h2>\n<p><img loading=\"lazy\" decoding=\"async\" class=\"alignright size-full wp-image-30506\" src=\"https:\/\/jackpotlotteryonline.com\/wp-content\/uploads\/2022\/11\/3_screen_buy_lotto_tickets_online.jpg\" alt=\"Lotto America tegninger\" width=\"300\" height=\"217\" \/><\/p>\n<p>Lotto America har tre tr\u00e6kningsdage om ugen, mandag, onsdag og l\u00f8rdag. Under tr\u00e6kningerne annonceres den vindende kupon. For at vinde jackpotten skal din kupon stemme overens med de seks trukne tal for at vinde jackpotten. Lotto America-jackpotpr\u00e6mierne starter ved 2 millioner dollars og kan rulle over, hvis der ikke er nogen vinder efter en tr\u00e6kning.<\/p>\n<p>Da den ruller videre efter hver tr\u00e6kning (hvis der ikke er nogen vinder), kan den blive helt op til 18 millioner dollars. Det er et p\u00e6nt bel\u00f8b at vinde, ikke sandt?<\/p>\n<p>Efter hver tr\u00e6kning kan du tjekke tilbage p\u00e5 vores websted for at finde ud af, om du har vundet en pr\u00e6mie. Lotto America har 9 forskellige pr\u00e6miekategorier, og hvis du vinder en pr\u00e6mie, sender vi dig en e-mail med en advarsel.<\/p>\n<h2>S\u00e5dan g\u00f8r du krav p\u00e5 dine gevinster<\/h2>\n<p>Et sp\u00f8rgsm\u00e5l, som vi ofte h\u00f8rer fra spillere, er, hvordan de kan f\u00e5 adgang til deres gevinster, n\u00e5r de deltager i Lotto America online. Hvis du k\u00f8ber billetter til Lotto America gennem vores hjemmeside, tilbyder vi en enkel og problemfri metode til at kr\u00e6ve dine gevinster. Gevinster, der er p\u00e5 \u20ac2500, vil blive krediteret din konto, og derefter kan du h\u00e6ve dem uden yderligere omkostninger.<\/p>\n<p>Hvis du vinder et st\u00f8rre bel\u00f8b, er proceduren lidt anderledes. Vi vil give dig en kravformular, som du skal udfylde, og n\u00e5r du har gjort det, behandler vi kravet for dig. Grunden til dette er, at du skal identificere dig selv. Desuden kan nogle lotteriselskaber kr\u00e6ve, at du skal m\u00f8de personligt op for at f\u00e5 st\u00f8rre bel\u00f8b udbetalt. Hvis det sker, giver vi dig besked med det samme.<\/p>\n<h2>K\u00f8b billetter p\u00e5 Lotto America hos os<\/h2>\n<p>Vi har brugt \u00e5r p\u00e5 at udnytte moderne teknologi og udvinde omfattende erfaring for at tilbyde et sted, hvor spillere sikkert kan k\u00f8be lodder. Du kan nemt k\u00f8be billetter til Lotto America eller andre af de internationale lotterier, vi har p\u00e5 vores side.<\/p>\n<p>Hvorfor ikke k\u00f8be din billet fra os i dag ved at indtaste Lotto America? Vi tager os af detaljerne, s\u00e5 du kan g\u00f8re det, du elsker bedst. Bes\u00f8g jackpotlotteryonline.com for flere oplysninger.<\/p>\n","protected":false},"excerpt":{"rendered":"<p>\u00d8nsker du at l\u00e6re at spille p\u00e5 Lotto America fra hvor som helst i verden? USA har nogle af de st\u00f8rste lotterier i verden, som Lotto America. Interessant nok er det ogs\u00e5 et lotto, som ofte overses til fordel for sine meget st\u00f8rre f\u00e6tre, Powerball og Mega Millions. Der er dog nogle erfarne spillere, der [&hellip;]<\/p>\n","protected":false},"author":1,"featured_media":0,"parent":35676,"menu_order":13,"comment_status":"closed","ping_status":"closed","template":"lotto-america.php","meta":{"_et_pb_use_builder":"","_et_pb_old_content":"","_et_gb_content_width":"","exclude_from_search":false,"footnotes":""},"class_list":["post-39268","page","type-page","status-publish","hentry"],"yoast_head":"<!-- This site is optimized with the Yoast SEO plugin v23.3 - https:\/\/yoast.com\/wordpress\/plugins\/seo\/ -->\n<title>Spil Lotto America online - Lotto Online - Crack The International Lottery Jackpots<\/title>\n<meta name=\"robots\" content=\"index, follow, max-snippet:-1, max-image-preview:large, max-video-preview:-1\" \/>\n<link rel=\"canonical\" href=\"https:\/\/jackpotlotteryonline.com\/da\/saadan-spiller-du\/lotto-america-2\/\" \/>\n<meta property=\"og:locale\" content=\"da_DK\" \/>\n<meta property=\"og:type\" content=\"article\" \/>\n<meta property=\"og:title\" content=\"Spil Lotto America online - Lotto Online - Crack The International Lottery Jackpots\" \/>\n<meta property=\"og:description\" content=\"\u00d8nsker du at l\u00e6re at spille p\u00e5 Lotto America fra hvor som helst i verden? USA har nogle af de st\u00f8rste lotterier i verden, som Lotto America. Interessant nok er det ogs\u00e5 et lotto, som ofte overses til fordel for sine meget st\u00f8rre f\u00e6tre, Powerball og Mega Millions. Der er dog nogle erfarne spillere, der [&hellip;]\" \/>\n<meta property=\"og:url\" content=\"https:\/\/jackpotlotteryonline.com\/da\/saadan-spiller-du\/lotto-america-2\/\" \/>\n<meta property=\"og:site_name\" content=\"Lotto Online - Crack The International Lottery Jackpots\" \/>\n<meta property=\"article:modified_time\" content=\"2023-01-03T09:43:14+00:00\" \/>\n<meta property=\"og:image\" content=\"https:\/\/jackpotlotteryonline.com\/wp-content\/uploads\/2022\/11\/read1.jpg\" \/>\n<meta name=\"twitter:card\" content=\"summary_large_image\" \/>\n<meta name=\"twitter:label1\" content=\"Estimeret l\u00e6setid\" \/>\n\t<meta name=\"twitter:data1\" content=\"7 minutter\" \/>\n<!-- \/ Yoast SEO plugin. -->","yoast_head_json":{"title":"Spil Lotto America online - Lotto Online - Crack The International Lottery Jackpots","robots":{"index":"index","follow":"follow","max-snippet":"max-snippet:-1","max-image-preview":"max-image-preview:large","max-video-preview":"max-video-preview:-1"},"canonical":"https:\/\/jackpotlotteryonline.com\/da\/saadan-spiller-du\/lotto-america-2\/","og_locale":"da_DK","og_type":"article","og_title":"Spil Lotto America online - Lotto Online - Crack The International Lottery Jackpots","og_description":"\u00d8nsker du at l\u00e6re at spille p\u00e5 Lotto America fra hvor som helst i verden? USA har nogle af de st\u00f8rste lotterier i verden, som Lotto America. Interessant nok er det ogs\u00e5 et lotto, som ofte overses til fordel for sine meget st\u00f8rre f\u00e6tre, Powerball og Mega Millions. Der er dog nogle erfarne spillere, der [&hellip;]","og_url":"https:\/\/jackpotlotteryonline.com\/da\/saadan-spiller-du\/lotto-america-2\/","og_site_name":"Lotto Online - Crack The International Lottery Jackpots","article_modified_time":"2023-01-03T09:43:14+00:00","og_image":[{"url":"https:\/\/jackpotlotteryonline.com\/wp-content\/uploads\/2022\/11\/read1.jpg"}],"twitter_card":"summary_large_image","twitter_misc":{"Estimeret l\u00e6setid":"7 minutter"},"schema":{"@context":"https:\/\/schema.org","@graph":[{"@type":"WebPage","@id":"https:\/\/jackpotlotteryonline.com\/da\/saadan-spiller-du\/lotto-america-2\/","url":"https:\/\/jackpotlotteryonline.com\/da\/saadan-spiller-du\/lotto-america-2\/","name":"Spil Lotto America online - Lotto Online - Crack The International Lottery Jackpots","isPartOf":{"@id":"https:\/\/jackpotlotteryonline.com\/#website"},"primaryImageOfPage":{"@id":"https:\/\/jackpotlotteryonline.com\/da\/saadan-spiller-du\/lotto-america-2\/#primaryimage"},"image":{"@id":"https:\/\/jackpotlotteryonline.com\/da\/saadan-spiller-du\/lotto-america-2\/#primaryimage"},"thumbnailUrl":"https:\/\/jackpotlotteryonline.com\/wp-content\/uploads\/2022\/11\/read1.jpg","datePublished":"2022-11-23T07:25:42+00:00","dateModified":"2023-01-03T09:43:14+00:00","breadcrumb":{"@id":"https:\/\/jackpotlotteryonline.com\/da\/saadan-spiller-du\/lotto-america-2\/#breadcrumb"},"inLanguage":"da-DK","potentialAction":[{"@type":"ReadAction","target":["https:\/\/jackpotlotteryonline.com\/da\/saadan-spiller-du\/lotto-america-2\/"]}]},{"@type":"ImageObject","inLanguage":"da-DK","@id":"https:\/\/jackpotlotteryonline.com\/da\/saadan-spiller-du\/lotto-america-2\/#primaryimage","url":"https:\/\/jackpotlotteryonline.com\/wp-content\/uploads\/2022\/11\/read1.jpg","contentUrl":"https:\/\/jackpotlotteryonline.com\/wp-content\/uploads\/2022\/11\/read1.jpg"},{"@type":"BreadcrumbList","@id":"https:\/\/jackpotlotteryonline.com\/da\/saadan-spiller-du\/lotto-america-2\/#breadcrumb","itemListElement":[{"@type":"ListItem","position":1,"name":"Home","item":"https:\/\/jackpotlotteryonline.com\/da\/"},{"@type":"ListItem","position":2,"name":"S\u00e5dan spiller du","item":"https:\/\/jackpotlotteryonline.com\/da\/saadan-spiller-du\/"},{"@type":"ListItem","position":3,"name":"Spil Lotto America online"}]},{"@type":"WebSite","@id":"https:\/\/jackpotlotteryonline.com\/#website","url":"https:\/\/jackpotlotteryonline.com\/","name":"Lotto Online - Crack The International Lottery Jackpots","description":"","potentialAction":[{"@type":"SearchAction","target":{"@type":"EntryPoint","urlTemplate":"https:\/\/jackpotlotteryonline.com\/?s={search_term_string}"},"query-input":"required name=search_term_string"}],"inLanguage":"da-DK"}]}},"_links":{"self":[{"href":"https:\/\/jackpotlotteryonline.com\/da\/wp-json\/wp\/v2\/pages\/39268","targetHints":{"allow":["GET"]}}],"collection":[{"href":"https:\/\/jackpotlotteryonline.com\/da\/wp-json\/wp\/v2\/pages"}],"about":[{"href":"https:\/\/jackpotlotteryonline.com\/da\/wp-json\/wp\/v2\/types\/page"}],"author":[{"embeddable":true,"href":"https:\/\/jackpotlotteryonline.com\/da\/wp-json\/wp\/v2\/users\/1"}],"replies":[{"embeddable":true,"href":"https:\/\/jackpotlotteryonline.com\/da\/wp-json\/wp\/v2\/comments?post=39268"}],"version-history":[{"count":0,"href":"https:\/\/jackpotlotteryonline.com\/da\/wp-json\/wp\/v2\/pages\/39268\/revisions"}],"up":[{"embeddable":true,"href":"https:\/\/jackpotlotteryonline.com\/da\/wp-json\/wp\/v2\/pages\/35676"}],"wp:attachment":[{"href":"https:\/\/jackpotlotteryonline.com\/da\/wp-json\/wp\/v2\/media?parent=39268"}],"curies":[{"name":"wp","href":"https:\/\/api.w.org\/{rel}","templated":true}]}}