{"id":39467,"date":"2022-11-24T11:01:07","date_gmt":"2022-11-24T11:01:07","guid":{"rendered":"https:\/\/jackpotlotteryonline.com\/?page_id=39467"},"modified":"2023-01-03T17:24:39","modified_gmt":"2023-01-03T17:24:39","slug":"mega-sena-2","status":"publish","type":"page","link":"https:\/\/jackpotlotteryonline.com\/da\/saadan-spiller-du\/mega-sena-2\/","title":{"rendered":"Spil Mega-Sena-lotteriet online"},"content":{"rendered":"<p>\u00d8nsker du at k\u00f8be billetter til Mega-Sena-lotteriet fra et hvilket som helst sted i verden? Mega-Sena er Brasiliens st\u00f8rste lotteri, og det har v\u00e6ret i gang siden 1996. Millioner af lottofans i Brasilien skynder sig at k\u00f8be Mega-Sena-lodder f\u00f8r hver tr\u00e6kning, og nu kan spillere i hele verden ogs\u00e5 deltage i chancen for at vinde millioner af Real.<\/p>\n<p>M\u00e5ske er en af grundene til, at Mega-Sena er s\u00e5 popul\u00e6r, at det drives af en bank, som er den st\u00f8rste statsejede bank i Brasilien. Der m\u00e5 v\u00e6re noget betryggende og p\u00e5lideligt ved at k\u00f8be lodder til et lotteri, der er ejet af en bank.<\/p>\n<p>For dem, der bor uden for Brasilien, er det ikke l\u00e6ngere et uopn\u00e5eligt \u00f8nske at deltage i Mega-Sena-lotteriet. Uanset hvor du bor, kan du f\u00e5 adgang til Mega-Sena, s\u00e5 l\u00e6nge du er over den lovlige alder, naturligvis. Hvis du vil vide, hvordan du kan f\u00e5 adgang til de brasilianske lottokuponer, s\u00e5 l\u00e6s videre.<\/p>\n<p>Mega-Sena er ikke det eneste lotto, som du kan spille hvor som helst fra. Bes\u00f8g os p\u00e5 jackpotlotteryonline.com for at finde ud af mere om de bedste internationale lotterier, som du kan f\u00e5 adgang til.<\/p>\n<h2>S\u00e5dan spiller du Mega-Sena online<\/h2>\n<p>Uanset om du befinder dig i Brasilien eller et kontinent v\u00e6k, kan du spille Mega-Sena. M\u00e5den at g\u00f8re det p\u00e5 er ved at <a href=\"https:\/\/jackpotlotteryonline.com\/da\/koeb-billetter\/mega-sena\">k\u00f8be billetter online<\/a> gennem os. Vi giver brugerne adgang til lotterier fra hele verden, herunder Mega-Sena. Hvis du bruger vores side til at spille Mega-Sena, giver vi en ligetil proces for en stressfri oplevelse.<\/p>\n<p>Det f\u00f8rste skridt er at bes\u00f8ge vores hjemmeside og derefter klikke p\u00e5 linket til Mega-Sena-lotteriet. Derefter skal du v\u00e6lge 6 numre fra et interval p\u00e5 1 til 60. Du kan v\u00e6lge op til 6 s\u00e6t numre for hver tr\u00e6kning for at \u00f8ge dine chancer for at vinde jackpotten. N\u00e5r du har valgt dine numre, skal du v\u00e6lge tr\u00e6kningsdage og afslutte processen.<\/p>\n<p>N\u00e5r du spiller online, er det vigtigt at bruge en tjeneste, der giver dig adgang til Mega-Sena. Se, masser af sider lover det, men n\u00e5r du l\u00e6ser det med sm\u00e5t, vil du opdage, at de kun lader dig spille p\u00e5 resultatet af lotto. Hvis du k\u00f8ber Mega-Sena-lodder p\u00e5 vores side, s\u00f8rger vi for, at du kommer med i Mega-Sena, og hvis din billet matcher de udtrukne numre, s\u00e5 vinder du.<\/p>\n<h2>S\u00e5dan vinder du Mega-Sena<\/h2>\n<p><img loading=\"lazy\" decoding=\"async\" class=\"size-medium wp-image-28319 alignright\" src=\"https:\/\/jackpotlotteryonline.com\/wp-content\/uploads\/2022\/11\/1_mega_lottery_jackpot-300x207.jpg\" alt=\"vinde Mega-Sena-lotteriet \" width=\"300\" height=\"207\" srcset=\"https:\/\/jackpotlotteryonline.com\/wp-content\/uploads\/2022\/11\/1_mega_lottery_jackpot-300x207.jpg 300w, https:\/\/jackpotlotteryonline.com\/wp-content\/uploads\/2022\/11\/1_mega_lottery_jackpot.jpg 320w\" sizes=\"auto, (max-width: 300px) 100vw, 300px\" \/><\/p>\n<p>Faldende penge. Flyvende gr\u00f8nne pengesedler isoleret p\u00e5 hvid, flad kontant konfetti, lotteri vinder koncept. Vektorillustration banner tjene penge baggrund<\/p>\n<p><a href=\"https:\/\/jackpotlotteryonline.com\/da\/vindernumre\/mega-sena\">At vinde Mega-Sena<\/a> betyder, at du matcher de udtrukne numre. Grundl\u00e6ggende er der 6 numre, der tr\u00e6kkes tilf\u00e6ldigt ud af 60 mulige numre. Enhver billet, der matcher de 6 trukket numre, vinder jackpotten.<\/p>\n<p>Mega-Sena-tr\u00e6kninger finder sted to gange om ugen, onsdage og l\u00f8rdage. Du kan v\u00e6lge, hvilken tr\u00e6kning du vil deltage i, n\u00e5r du k\u00f8ber dine Mega-Sena-billetter. Du kan ogs\u00e5 deltage i flere tr\u00e6kninger. Det er det, som topspillere g\u00f8r for at sikre, at de har s\u00e5 mange chancer for at vinde jackpotten som muligt.<\/p>\n<p>En anden fordel ved at bruge vores hjemmeside er, at du nemt kan oprette en automatisk abonnementstjeneste til at k\u00f8be Mega-Sena-billetter. Det betyder, at du ikke beh\u00f8ver at g\u00e5 manuelt ind i hver tr\u00e6kning manuelt. Det er nemt at glemme den slags ting og t\u00e6nke p\u00e5, hvor forf\u00e6rdeligt du ville have det, hvis den tr\u00e6kning, du ikke har indtastet, er den tr\u00e6kning, som du kunne have vundet. Indstil det s\u00e5ledes, at du automatisk er tilmeldt hver tr\u00e6kning.<\/p>\n<h2>Mega-Sena Jackpot<\/h2>\n<p>Jackpotpr\u00e6mien starter p\u00e5 3 millioner R$, og hvis der ikke er nogen vinder efter en tr\u00e6kning, vokser den sig st\u00f8rre. Og den kan vokse sig ret stor. Oddsene for at vinde jackpotten er 1 ud af 50 millioner, hvilket er rigtig godt sammenlignet med andre internationale toplotterier.<\/p>\n<p>Den st\u00f8rste jackpot, som nogen har vundet fra Mega-Sena, var p\u00e5 omkring 53 millioner euro. Det er et livs\u00e6ndrende bel\u00f8b efter enhver standard. Og den h\u00f8jeste Mega-Sena-jackpot nogensinde var p\u00e5 hele 73 millioner euro.<\/p>\n<p>Selv om Mega-Sena-jackpotten ikke l\u00f8ber op i milliarder af dollars, er der ingen tvivl om, at en spiller kan vinde stort fra dette lotteri. Hvis du har siddet p\u00e5 bar bund med hensyn til dette lotto, er det nu, du skal hoppe ned og k\u00f8be en kupon.<\/p>\n<h2>Pr\u00e6mier, du kan vinde<\/h2>\n<p>Vi har talt udf\u00f8rligt om Mega-Sena-jackpotten, som er den ultimative pr\u00e6mie, som enhver spiller kan vinde, n\u00e5r han deltager i dette lottospil. Jackpotten er dog ikke den eneste pr\u00e6mie, som Mega-Sena-fans kan vinde.<\/p>\n<p>Mega-Sena har i alt 3 gevinstniveauer, inklusive jackpotten. Det er dog lidt sv\u00e6rt at sige pr\u00e6cis, hvor meget pr\u00e6mierne vil v\u00e6re, da en procentdel af pr\u00e6miepuljen er tildelt hvert niveau. Find ud af mere om pr\u00e6mietrinene n\u00e6ste gang.<\/p>\n<p>Jackpot &#8211; Sena: Match 6 numre &#8211; 35 % af pr\u00e6miepuljen<\/p>\n<p>Niveau 2 &#8211; Quina: Match 5 numre &#8211; 19 % af pr\u00e6miepuljen<\/p>\n<p>Niveau 3 &#8211; Quadra: Match 4 numre &#8211; 19 % af pr\u00e6miepuljen<\/p>\n<h2>Mega da virada<\/h2>\n<p>Hvad er mega da virada? Hvis du nogensinde har kigget p\u00e5 at spille Mega-Sena, er du sikkert st\u00f8dt p\u00e5 mega da virada. Er det et andet spil eller en pr\u00e6miekategori? N\u00e5, det er ingen af delene. I stedet er det en del af Mega-Sena-lotteriet, men det er en s\u00e6rlig tr\u00e6kning, der afholdes hvert \u00e5r p\u00e5 nyt\u00e5rsaftensdag.<\/p>\n<p>Mega da virada er et spil, der tiltr\u00e6kker erfarne spillere overalt p\u00e5 grund af hvor stor jackpotten normalt er. Jackpotten for 2022 er p\u00e5 hele 450 millioner R$ og siges at v\u00e6re den st\u00f8rste gevinst i Mega-Sena&#8217;s historie! Det er ikke s\u00e5 m\u00e6rkeligt, at lotto-entusiaster skynder sig at k\u00f8be lodder til denne tr\u00e6kning.<\/p>\n<p>Du kan deltage i mega da virada lige her p\u00e5 vores hjemmeside. Du beh\u00f8ver ikke at g\u00e5 gennem hoops og sl\u00f8jfer bare for at deltage i mega da virada. Vi skal afsl\u00f8re en hemmelighed for dig: mega da virada er faktisk Mega-Sena, men det er \u00e5rets sidste tr\u00e6kning. Det er den sidste. S\u00e5 deltag i Mega-Sena-lodtr\u00e6kningen den 31. december for at f\u00e5 chancen for at vinde stort.<\/p>\n<h2>Sandheden om at spille Mega-Sena-lotteriet online<\/h2>\n<p><img loading=\"lazy\" decoding=\"async\" class=\"alignright size-medium wp-image-32000\" src=\"https:\/\/jackpotlotteryonline.com\/wp-content\/uploads\/2022\/11\/1_mega_lotto_ticket-213x300.jpg\" alt=\"Mega-Sena-lotteriet online billet\" width=\"213\" height=\"300\" srcset=\"https:\/\/jackpotlotteryonline.com\/wp-content\/uploads\/2022\/11\/1_mega_lotto_ticket-213x300.jpg 213w, https:\/\/jackpotlotteryonline.com\/wp-content\/uploads\/2022\/11\/1_mega_lotto_ticket.jpg 320w\" sizes=\"auto, (max-width: 213px) 100vw, 213px\" \/><\/p>\n<p>Okay, vi vil gerne tage et par minutter for at give dig nogle tips om at spille Mega-Sena p\u00e5 internettet. F\u00f8r du k\u00f8ber en billet til Mega-Sena, skal du v\u00e6re sikker p\u00e5, at du deltager i lotteriet. Den bedste m\u00e5de er at finde ud af, om siden fungerer som en agent. Det vil sige, at de har agenter i Brasilien, som k\u00f8ber fysiske Mega-Sena billetter.<\/p>\n<p>En anden ting at bem\u00e6rke om dette spil er, at det er et spil med tal. Dybest set har det hele at g\u00f8re med, hvor heldig du er. Der er dog et par m\u00e5der, hvorp\u00e5 du kan hj\u00e6lpe heldet p\u00e5 vej og \u00f8ge dine chancer for at vinde. En af m\u00e5derne er at k\u00f8be flere spil.<\/p>\n<p>Mega-Sena har rigtig gode odds for spillere, s\u00e5 jo flere lodder du k\u00f8ber, jo st\u00f8rre er dine chancer for at vinde i lotteriet. Det samme g\u00e6lder, hvis du deltager i flere tr\u00e6kninger. Det er altid en god spilplan at deltage i flere tr\u00e6kninger.<\/p>\n<h2>Hvorfor du skal spille lotto med os<\/h2>\n<p>Der er flere lotterisider derude, der tilbyder dig en chance for at spille Mega-Sena-lotteriet. Hvorfor skal du v\u00e6lge os i stedet?<\/p>\n<ul>\n<li>Vi er et concierge-site med lotteriagenter over hele verden. N\u00e5r du k\u00f8ber en Mega-Sena-lod fra os, k\u00f8ber vores agenter i Brasilien en lod med de numre, du v\u00e6lger. Dette sikrer, at du kommer med i Mega-Sena-tr\u00e6kningen.<\/li>\n<li>Du kan udbetale dine gevinster (op til et vist bel\u00f8b) fra vores websted. Uanset hvor meget du vinder, opkr\u00e6ver vi ingen provision.<\/li>\n<li>N\u00e5r du k\u00f8ber billetter p\u00e5 vores websted, beh\u00f8ver du ikke at bekymre dig om at g\u00e5 glip af tr\u00e6kningerne. Vi offentligg\u00f8r resultaterne af tr\u00e6kningerne p\u00e5 vores websted, og hvis du vinder en pr\u00e6mie, sender vi dig en e-mail.<\/li>\n<li>Du er i sikkerhed her. Vi g\u00f8r en ekstra indsats for at beskytte din billet, s\u00e5 du aldrig beh\u00f8ver at bekymre dig om at miste en billet.<\/li>\n<\/ul>\n<p>Dybest set betyder det at k\u00f8be dine lottokuponer hos os, at du sikrer din sj\u00e6lefred. Vi \u00f8nsker ikke, at du skal bekymre dig om detaljerne, s\u00e5 lad os klare det, mens du fokuserer p\u00e5 det, der er vigtigt.<\/p>\n<section class=\"layout\" style=\"border: solid 1px; width: 100%;\">\n<div class=\"img-div\" style=\"margin-top: 5px;\"><img decoding=\"async\" class=\"wp-image-17212 alignleft\" style=\"height: 45px; margin: 8px 8px 0px;\" src=\"https:\/\/jackpotlotteryonline.com\/wp-content\/uploads\/2022\/11\/read1.jpg\" alt=\"L\u00e6s \" width=\"\" height=\"\" \/><\/div>\n<div style=\"padding-left: 5px;\">\n<div style=\"font-size: 1.1em;\">\n<p><strong>Skatter p\u00e5 gevinster fra lotterier<\/strong><\/p>\n<p style=\"font-size: 0.85em; margin-top: -1.5em;\">Skal jeg betale skat af lotterigevinster?\u00a0<a href=\"https:\/\/jackpotlotteryonline.com\/da\/skal-jeg-betale-skat-af-lottogevinster\"> L\u00e6s mere<\/a><\/p>\n<\/div>\n<\/div>\n<\/section>\n<h2>Registrer dig hos os for at spille Mega-Sena online<\/h2>\n<p>Er du klar til at deltage i Mega-Sena-lottospillet? S\u00e5 beh\u00f8ver du ikke lede l\u00e6ngere, du skal blot registrere dig hos os for at komme i gang. N\u00e5r du er registreret, f\u00e5r du adgang til de bedste internationale lotterier, herunder Mega-Sena. Det bedste er, at dine gevinster er sikre, n\u00e5r du spiller hos os; du kan udbetale det, du vinder.<\/p>\n<p>Vi er glade for at kunne tilbyde flere valgmuligheder til vores kunder. Hvorfor begr\u00e6nse dig selv til kun \u00e9t lotteri, n\u00e5r du kan spille mere end to dusin forskellige spil? Du finder topspil som US Powerball, La Primitiva og Eurojackpot p\u00e5 vores side. Alle spil p\u00e5 vores hjemmeside er nemme at deltage i.<\/p>\n<p>Det er p\u00e5 tide at stoppe med at sidde p\u00e5 hegnet. Hvis du er seri\u00f8s omkring at vinde stort, s\u00e5 tilmeld dig Mega-Sena i dag. Den n\u00e6ste tr\u00e6kning kan v\u00e6re det heldige gennembrud, som du har ventet p\u00e5. G\u00e5 over til vores side nu og v\u00e6lg mellem et stort udvalg af lotterier. Glem ikke at planl\u00e6gge i forvejen til mega da virada.<\/p>\n","protected":false},"excerpt":{"rendered":"<p>\u00d8nsker du at k\u00f8be billetter til Mega-Sena-lotteriet fra et hvilket som helst sted i verden? Mega-Sena er Brasiliens st\u00f8rste lotteri, og det har v\u00e6ret i gang siden 1996. Millioner af lottofans i Brasilien skynder sig at k\u00f8be Mega-Sena-lodder f\u00f8r hver tr\u00e6kning, og nu kan spillere i hele verden ogs\u00e5 deltage i chancen for at vinde [&hellip;]<\/p>\n","protected":false},"author":1,"featured_media":0,"parent":35676,"menu_order":15,"comment_status":"closed","ping_status":"closed","template":"megasena.php","meta":{"_et_pb_use_builder":"","_et_pb_old_content":"","_et_gb_content_width":"","exclude_from_search":false,"footnotes":""},"class_list":["post-39467","page","type-page","status-publish","hentry"],"yoast_head":"<!-- This site is optimized with the Yoast SEO plugin v23.3 - https:\/\/yoast.com\/wordpress\/plugins\/seo\/ -->\n<title>K\u00f8b Mega-Sena billetter online<\/title>\n<meta name=\"description\" content=\"Du kan k\u00f8be billetter til Mega-Sena-lotteriet online. F\u00e5 at vide, hvordan du spiller og udbetaler dine gevinster lige her.\" \/>\n<meta name=\"robots\" content=\"index, follow, max-snippet:-1, max-image-preview:large, max-video-preview:-1\" \/>\n<link rel=\"canonical\" href=\"https:\/\/jackpotlotteryonline.com\/da\/saadan-spiller-du\/mega-sena-2\/\" \/>\n<meta property=\"og:locale\" content=\"da_DK\" \/>\n<meta property=\"og:type\" content=\"article\" \/>\n<meta property=\"og:title\" content=\"K\u00f8b Mega-Sena billetter online\" \/>\n<meta property=\"og:description\" content=\"Du kan k\u00f8be billetter til Mega-Sena-lotteriet online. F\u00e5 at vide, hvordan du spiller og udbetaler dine gevinster lige her.\" \/>\n<meta property=\"og:url\" content=\"https:\/\/jackpotlotteryonline.com\/da\/saadan-spiller-du\/mega-sena-2\/\" \/>\n<meta property=\"og:site_name\" content=\"Lotto Online - Crack The International Lottery Jackpots\" \/>\n<meta property=\"article:modified_time\" content=\"2023-01-03T17:24:39+00:00\" \/>\n<meta property=\"og:image\" content=\"https:\/\/jackpotlotteryonline.com\/wp-content\/uploads\/2022\/11\/1_mega_lottery_jackpot-300x207.jpg\" \/>\n<meta name=\"twitter:card\" content=\"summary_large_image\" \/>\n<meta name=\"twitter:label1\" content=\"Estimeret l\u00e6setid\" \/>\n\t<meta name=\"twitter:data1\" content=\"8 minutter\" \/>\n<!-- \/ Yoast SEO plugin. -->","yoast_head_json":{"title":"K\u00f8b Mega-Sena billetter online","description":"Du kan k\u00f8be billetter til Mega-Sena-lotteriet online. F\u00e5 at vide, hvordan du spiller og udbetaler dine gevinster lige her.","robots":{"index":"index","follow":"follow","max-snippet":"max-snippet:-1","max-image-preview":"max-image-preview:large","max-video-preview":"max-video-preview:-1"},"canonical":"https:\/\/jackpotlotteryonline.com\/da\/saadan-spiller-du\/mega-sena-2\/","og_locale":"da_DK","og_type":"article","og_title":"K\u00f8b Mega-Sena billetter online","og_description":"Du kan k\u00f8be billetter til Mega-Sena-lotteriet online. F\u00e5 at vide, hvordan du spiller og udbetaler dine gevinster lige her.","og_url":"https:\/\/jackpotlotteryonline.com\/da\/saadan-spiller-du\/mega-sena-2\/","og_site_name":"Lotto Online - Crack The International Lottery Jackpots","article_modified_time":"2023-01-03T17:24:39+00:00","og_image":[{"url":"https:\/\/jackpotlotteryonline.com\/wp-content\/uploads\/2022\/11\/1_mega_lottery_jackpot-300x207.jpg"}],"twitter_card":"summary_large_image","twitter_misc":{"Estimeret l\u00e6setid":"8 minutter"},"schema":{"@context":"https:\/\/schema.org","@graph":[{"@type":"WebPage","@id":"https:\/\/jackpotlotteryonline.com\/da\/saadan-spiller-du\/mega-sena-2\/","url":"https:\/\/jackpotlotteryonline.com\/da\/saadan-spiller-du\/mega-sena-2\/","name":"K\u00f8b Mega-Sena billetter online","isPartOf":{"@id":"https:\/\/jackpotlotteryonline.com\/#website"},"primaryImageOfPage":{"@id":"https:\/\/jackpotlotteryonline.com\/da\/saadan-spiller-du\/mega-sena-2\/#primaryimage"},"image":{"@id":"https:\/\/jackpotlotteryonline.com\/da\/saadan-spiller-du\/mega-sena-2\/#primaryimage"},"thumbnailUrl":"https:\/\/jackpotlotteryonline.com\/wp-content\/uploads\/2022\/11\/1_mega_lottery_jackpot-300x207.jpg","datePublished":"2022-11-24T11:01:07+00:00","dateModified":"2023-01-03T17:24:39+00:00","description":"Du kan k\u00f8be billetter til Mega-Sena-lotteriet online. F\u00e5 at vide, hvordan du spiller og udbetaler dine gevinster lige her.","breadcrumb":{"@id":"https:\/\/jackpotlotteryonline.com\/da\/saadan-spiller-du\/mega-sena-2\/#breadcrumb"},"inLanguage":"da-DK","potentialAction":[{"@type":"ReadAction","target":["https:\/\/jackpotlotteryonline.com\/da\/saadan-spiller-du\/mega-sena-2\/"]}]},{"@type":"ImageObject","inLanguage":"da-DK","@id":"https:\/\/jackpotlotteryonline.com\/da\/saadan-spiller-du\/mega-sena-2\/#primaryimage","url":"https:\/\/jackpotlotteryonline.com\/wp-content\/uploads\/2022\/11\/1_mega_lottery_jackpot-300x207.jpg","contentUrl":"https:\/\/jackpotlotteryonline.com\/wp-content\/uploads\/2022\/11\/1_mega_lottery_jackpot-300x207.jpg"},{"@type":"BreadcrumbList","@id":"https:\/\/jackpotlotteryonline.com\/da\/saadan-spiller-du\/mega-sena-2\/#breadcrumb","itemListElement":[{"@type":"ListItem","position":1,"name":"Home","item":"https:\/\/jackpotlotteryonline.com\/da\/"},{"@type":"ListItem","position":2,"name":"S\u00e5dan spiller du","item":"https:\/\/jackpotlotteryonline.com\/da\/saadan-spiller-du\/"},{"@type":"ListItem","position":3,"name":"Spil Mega-Sena-lotteriet online"}]},{"@type":"WebSite","@id":"https:\/\/jackpotlotteryonline.com\/#website","url":"https:\/\/jackpotlotteryonline.com\/","name":"Lotto Online - Crack The International Lottery Jackpots","description":"","potentialAction":[{"@type":"SearchAction","target":{"@type":"EntryPoint","urlTemplate":"https:\/\/jackpotlotteryonline.com\/?s={search_term_string}"},"query-input":"required name=search_term_string"}],"inLanguage":"da-DK"}]}},"_links":{"self":[{"href":"https:\/\/jackpotlotteryonline.com\/da\/wp-json\/wp\/v2\/pages\/39467","targetHints":{"allow":["GET"]}}],"collection":[{"href":"https:\/\/jackpotlotteryonline.com\/da\/wp-json\/wp\/v2\/pages"}],"about":[{"href":"https:\/\/jackpotlotteryonline.com\/da\/wp-json\/wp\/v2\/types\/page"}],"author":[{"embeddable":true,"href":"https:\/\/jackpotlotteryonline.com\/da\/wp-json\/wp\/v2\/users\/1"}],"replies":[{"embeddable":true,"href":"https:\/\/jackpotlotteryonline.com\/da\/wp-json\/wp\/v2\/comments?post=39467"}],"version-history":[{"count":0,"href":"https:\/\/jackpotlotteryonline.com\/da\/wp-json\/wp\/v2\/pages\/39467\/revisions"}],"up":[{"embeddable":true,"href":"https:\/\/jackpotlotteryonline.com\/da\/wp-json\/wp\/v2\/pages\/35676"}],"wp:attachment":[{"href":"https:\/\/jackpotlotteryonline.com\/da\/wp-json\/wp\/v2\/media?parent=39467"}],"curies":[{"name":"wp","href":"https:\/\/api.w.org\/{rel}","templated":true}]}}