{"id":39527,"date":"2022-11-28T06:54:59","date_gmt":"2022-11-28T06:54:59","guid":{"rendered":"https:\/\/jackpotlotteryonline.com\/?page_id=39527"},"modified":"2023-01-03T17:52:13","modified_gmt":"2023-01-03T17:52:13","slug":"powerball-australia","status":"publish","type":"page","link":"https:\/\/jackpotlotteryonline.com\/da\/saadan-spiller-du\/powerball-australia\/","title":{"rendered":"spille Powerball Australia online"},"content":{"rendered":"<p>Der er en grund til, at lotteri entusiaster over hele verden skynder sig at spille Australian Powerball. 2022 har v\u00e6ret \u00e5ret med mega jackpots, og vi har set flere spillere vinde millioner af dollars fra internationale lotterier. I alt dette har Powerball AU ikke v\u00e6ret en undtagelse, da den st\u00f8rste jackpot nogensinde p\u00e5 160 millioner A$ var i oktober 2022. Med flere store jackpots vundet af enkelte lodsejere b\u00f8r du overveje at spille denne Powerball.<\/p>\n<p>Interessant nok har denne Powerball eksisteret i et stykke tid. Den f\u00f8rste tr\u00e6kning blev afholdt den 23. maj 1996, hvilket g\u00f8r den 25 \u00e5r gammel. Det er sandt, at sammenlignet med lotterier som det spanske La Primitiva er Oz Powerball praktisk talt en baby. (La Primitiva blev oprettet i 1763, og du kan deltage i dette lotteri p\u00e5 jackpotlotteryonline.com).<\/p>\n<p>I de sidste 25 \u00e5r har Oz Powerball haft et ry for gener\u00f8se udbetalinger og gl\u00f8dende fans. Tidligere kunne kun spillere, der boede p\u00e5 kontinentet, f\u00e5 adgang til lotteriet. Nu kan spillere fra hele verden spille Powerball AU online fra deres computere eller mobile enheder. L\u00e6s videre for at finde ud af, hvordan du kan spille dette lotteri online.<\/p>\n<h2>S\u00e5dan spiller du Powerball Australia<\/h2>\n<p><img loading=\"lazy\" decoding=\"async\" class=\"alignright size-full wp-image-26402\" src=\"https:\/\/jackpotlotteryonline.com\/wp-content\/uploads\/2022\/11\/1_buy_online_ticket_powerball.jpg\" alt=\"spille Powerball Australia online \" width=\"300\" height=\"194\" \/><\/p>\n<p>En af de fantastiske ting ved dette lotteri er, at det har store odds. Oddsene for at vinde jackpotten er 1 ud af ca. 76 millioner. Der er dog flere andre afdelinger, og disse har fantastiske odds.<\/p>\n<p>For at spille denne Powerball skal du v\u00e6lge 7 numre fra 1 til 35 og et Powerball-nummer fra 1 til 20. Det er i alt 8 numre til hver linje. Bem\u00e6rk, at du ogs\u00e5 kan indtaste flere linjer for at \u00f8ge dine odds for at vinde i lotteriet. Jo flere linjer du indtaster, jo st\u00f8rre er dine chancer for at vinde.<\/p>\n<p>N\u00e5r du har valgt dine numre, er det n\u00e6ste skridt at indtaste tr\u00e6kningerne. Dette lotteri har kun \u00e9n tr\u00e6kningsdag, og det er hver torsdag aften. Som du kan forestille dig, er torsdag aften fyldt med sp\u00e6nding for spillerne p\u00e5 kontinentet. Du kan ogs\u00e5 v\u00e6re med i sp\u00e6ndingen ved at spille Powerball.<\/p>\n<h2>Hvorfor Powerball Australien?<\/h2>\n<p>Dette er et rigtig godt sp\u00f8rgsm\u00e5l. Takket v\u00e6re internettet har lotteri-entusiaster over hele verden et stort udvalg af lotterier, som de kan deltage i. Hvorfor skulle du overveje at spille Oz Powerball? Grundl\u00e6ggende f\u00e5r du med dette lotteri en chance for at vinde millioner uden at st\u00e5 over for utroligt h\u00f8je odds.<\/p>\n<p>Problemet med mange af de andre mere popul\u00e6re lotterier i andre dele af verden er de h\u00f8je odds. Tag f.eks. det amerikanske Powerball-lotteri, hvor oddsene for at vinde er 1 ud af 200 millioner. Sammenlignet med oddsene p\u00e5 1 ud af 76 millioner i Oz Powerball er det let at se, hvorfor mange spillere er tiltrukket af denne.<\/p>\n<section class=\"layout\" style=\"border: solid 1px; width: 100%;\">\n<div class=\"img-div\" style=\"margin-top: 5px;\"><img decoding=\"async\" class=\"wp-image-17212 alignleft\" style=\"height: 45px; margin: 8px 8px 0px;\" src=\"https:\/\/jackpotlotteryonline.com\/wp-content\/uploads\/2022\/11\/read1.jpg\" alt=\"L\u00e6s \" width=\"\" height=\"\" \/><\/div>\n<div style=\"padding-left: 5px;\">\n<div style=\"font-size: 1.1em;\">\n<p><strong>Lottosvindel, som du b\u00f8r v\u00e6re opm\u00e6rksom p\u00e5<\/strong><\/p>\n<p style=\"font-size: 0.85em; margin-top: -1.5em;\">Fald ikke i lotterif\u00e6lder\u00a0 <a href=\"https:\/\/jackpotlotteryonline.com\/da\/pozor-na-online-loterijni-podvody\"> L\u00e6s mere<\/a><\/p>\n<\/div>\n<\/div>\n<\/section>\n<h2>Powerball Australien vs. Powerball USA: Hvad er forskelligt?<\/h2>\n<p>Men er der nogen forskel p\u00e5 Oz og US Powerball? Tja, den f\u00f8rste og mest \u00e5benlyse forskel er st\u00f8rrelsen p\u00e5 jackpots. Der er meget f\u00e5 jackpots i verden, der i st\u00f8rrelse kan sammenlignes med US Powerball. Den n\u00e5ede for nylig op p\u00e5 2 milliarder USD. Hvis du spiller p\u00e5 Oz Powerball, f\u00e5r du ikke noget i n\u00e6rheden af det.<\/p>\n<p>Igen, den amerikanske version er fra 1 til 69. Det betyder, at der tr\u00e6kkes 5 kugler fra en t\u00f8nde med 69 kugler. I Oz-versionen tr\u00e6kkes der 7 numre fra en t\u00f8nde med kun 35 kugler. Powerball i USA tr\u00e6kkes ogs\u00e5 fra en t\u00f8nde med 26 kugler, mens det i Australien er 20 kugler.<\/p>\n<p>Hvis du vil have et lotteri, hvor du muligvis kan vinde millioner uden at have med h\u00f8je odds at g\u00f8re, s\u00e5 b\u00f8r du spille Australian Powerball.<\/p>\n<h2>Spil online<\/h2>\n<p>S\u00e5 nu hvor du ved, at du kan spille Oz Powerball fra hvor som helst, s\u00e5 er her hvordan du g\u00f8r det.<\/p>\n<ul>\n<li>Det f\u00f8rste skridt er at bes\u00f8ge en lotteriudbyder som jackpotlotteryonline.com og g\u00e5 til siden for Australian Powerball.<\/li>\n<li>Derefter skal du v\u00e6lge dine numre (du kan bruge den automatiske nummergenerator til at v\u00e6lge tilf\u00e6ldigt numre).<\/li>\n<li><a href=\"https:\/\/jackpotlotteryonline.com\/da\/vindernumre\/powerball-australia\">G\u00e5 ind i lodtr\u00e6kningen<\/a>, og afslut processen<\/li>\n<li>Vinder af jackpotten<\/li>\n<\/ul>\n<p>Tr\u00e6kningen finder sted en gang om ugen om torsdagen. S\u00e5 n\u00e5r du deltager i lodtr\u00e6kningen, er det n\u00e6ste skridt at vente p\u00e5 resultaterne. Alle lodder, der matcher de 8 trukne tal, vinder jackpotten.<\/p>\n<p>Der er andre pr\u00e6mier for at matche forskellige numre, herunder en pr\u00e6mie for at matche blot 2 numre og bonusnummeret.<\/p>\n<h2>Pr\u00e6mier, du kan vinde<\/h2>\n<p><img loading=\"lazy\" decoding=\"async\" class=\"alignright size-medium wp-image-19277\" src=\"https:\/\/jackpotlotteryonline.com\/wp-content\/uploads\/2022\/10\/2_ticket_powerball_au2-163x300.jpg\" alt=\"Scanning af lottokuponer\" width=\"163\" height=\"300\" srcset=\"https:\/\/jackpotlotteryonline.com\/wp-content\/uploads\/2022\/10\/2_ticket_powerball_au2-163x300.jpg 163w, https:\/\/jackpotlotteryonline.com\/wp-content\/uploads\/2022\/10\/2_ticket_powerball_au2.jpg 250w\" sizes=\"auto, (max-width: 163px) 100vw, 163px\" \/><\/p>\n<p>N\u00e5r du spiller i lotteriet, er der i alt 9 pr\u00e6mieinddelinger.<\/p>\n<p>Division 1: 7 numre + bonusnummer &#8211; jackpot (gennemsnitlig 8 mio. AU$)<\/p>\n<p>Division 2: kun 7 numre<\/p>\n<p>Division 3: 6 numre + bonusnummer<\/p>\n<p>Afdeling 4: kun 6 numre<\/p>\n<p>Afdeling 5: 5 numre + bonusnummer<\/p>\n<p>afdeling 6: kun 5 numre<\/p>\n<p>Afsnit 7: 4 numre + bonusnummer<\/p>\n<p>Afsnit 8: 3 numre + bonusnummer<\/p>\n<p>Afsnit 9: 2 numre + bonusnummer<\/p>\n<p>De pr\u00e6mier, der tildeles de enkelte divisioner, udg\u00f8r en procentdel af pr\u00e6miepuljen. S\u00e5 jo h\u00f8jere pr\u00e6miepuljen er, jo flere penge g\u00e5r til hver division. Pr\u00e6mierne i division 2 har v\u00e6ret helt op til 800 000 AU$.<\/p>\n<h2>K\u00f8b dine lottokuponer online<\/h2>\n<p>Hvis du er en lotteri-fan, kan du nu spille lotto online via vores websted. Vi g\u00f8r processen nem for vores kunder ved at levere alt, hvad du har brug for, p\u00e5 \u00e9t sted. S\u00e5 du kan k\u00f8be dine lodder, tjekke resultaterne, og hvis du vinder, kan du udbetale din gevinst direkte fra vores websted.<\/p>\n<p>Vi har flere muligheder, som du kan bruge til at <a href=\"https:\/\/jackpotlotteryonline.com\/da\/koeb-billetter\/powerball-australia\">betale for dine lottokuponer<\/a>. Du kan ogs\u00e5 indstille din konto, s\u00e5 du automatisk er tilmeldt flere tr\u00e6kninger p\u00e5 forh\u00e5nd. Vores kunder nyder den luksus, at de ikke beh\u00f8ver at tjekke tr\u00e6kningsresultater, fordi vi giver dig besked, hvis du vinder noget.<\/p>\n<p>N\u00e5r du k\u00f8ber en lottokupon hos os, er du endelig sikker p\u00e5, at du spiller det lotteri, du \u00f8nsker. Det skyldes, at vi har agenter i forskellige lande, som k\u00f8ber den fysiske kupon med dine tilsvarende numre. P\u00e5 den m\u00e5de beh\u00f8ver du ikke at v\u00e6re fysisk i et land for at spille p\u00e5 lotteriet. G\u00e5 i gang og spil Powerball Australia nu.<\/p>\n","protected":false},"excerpt":{"rendered":"<p>Der er en grund til, at lotteri entusiaster over hele verden skynder sig at spille Australian Powerball. 2022 har v\u00e6ret \u00e5ret med mega jackpots, og vi har set flere spillere vinde millioner af dollars fra internationale lotterier. I alt dette har Powerball AU ikke v\u00e6ret en undtagelse, da den st\u00f8rste jackpot nogensinde p\u00e5 160 millioner [&hellip;]<\/p>\n","protected":false},"author":1,"featured_media":0,"parent":35676,"menu_order":17,"comment_status":"closed","ping_status":"closed","template":"powerball-au.php","meta":{"_et_pb_use_builder":"","_et_pb_old_content":"","_et_gb_content_width":"","exclude_from_search":false,"footnotes":""},"class_list":["post-39527","page","type-page","status-publish","hentry"],"yoast_head":"<!-- This site is optimized with the Yoast SEO plugin v23.3 - https:\/\/yoast.com\/wordpress\/plugins\/seo\/ -->\n<title>Spil Powerball Australien fra uden for Australien<\/title>\n<meta name=\"description\" content=\"Du beh\u00f8ver ikke at bo i Australien for at spille Powerball Australia. Find ud af, hvordan du kan spille online.\" \/>\n<meta name=\"robots\" content=\"index, follow, max-snippet:-1, max-image-preview:large, max-video-preview:-1\" \/>\n<link rel=\"canonical\" href=\"https:\/\/jackpotlotteryonline.com\/da\/saadan-spiller-du\/powerball-australia\/\" \/>\n<meta property=\"og:locale\" content=\"da_DK\" \/>\n<meta property=\"og:type\" content=\"article\" \/>\n<meta property=\"og:title\" content=\"Spil Powerball Australien fra uden for Australien\" \/>\n<meta property=\"og:description\" content=\"Du beh\u00f8ver ikke at bo i Australien for at spille Powerball Australia. Find ud af, hvordan du kan spille online.\" \/>\n<meta property=\"og:url\" content=\"https:\/\/jackpotlotteryonline.com\/da\/saadan-spiller-du\/powerball-australia\/\" \/>\n<meta property=\"og:site_name\" content=\"Lotto Online - Crack The International Lottery Jackpots\" \/>\n<meta property=\"article:modified_time\" content=\"2023-01-03T17:52:13+00:00\" \/>\n<meta property=\"og:image\" content=\"https:\/\/jackpotlotteryonline.com\/wp-content\/uploads\/2022\/11\/1_buy_online_ticket_powerball.jpg\" \/>\n<meta name=\"twitter:card\" content=\"summary_large_image\" \/>\n<meta name=\"twitter:label1\" content=\"Estimeret l\u00e6setid\" \/>\n\t<meta name=\"twitter:data1\" content=\"6 minutter\" \/>\n<!-- \/ Yoast SEO plugin. -->","yoast_head_json":{"title":"Spil Powerball Australien fra uden for Australien","description":"Du beh\u00f8ver ikke at bo i Australien for at spille Powerball Australia. Find ud af, hvordan du kan spille online.","robots":{"index":"index","follow":"follow","max-snippet":"max-snippet:-1","max-image-preview":"max-image-preview:large","max-video-preview":"max-video-preview:-1"},"canonical":"https:\/\/jackpotlotteryonline.com\/da\/saadan-spiller-du\/powerball-australia\/","og_locale":"da_DK","og_type":"article","og_title":"Spil Powerball Australien fra uden for Australien","og_description":"Du beh\u00f8ver ikke at bo i Australien for at spille Powerball Australia. Find ud af, hvordan du kan spille online.","og_url":"https:\/\/jackpotlotteryonline.com\/da\/saadan-spiller-du\/powerball-australia\/","og_site_name":"Lotto Online - Crack The International Lottery Jackpots","article_modified_time":"2023-01-03T17:52:13+00:00","og_image":[{"url":"https:\/\/jackpotlotteryonline.com\/wp-content\/uploads\/2022\/11\/1_buy_online_ticket_powerball.jpg"}],"twitter_card":"summary_large_image","twitter_misc":{"Estimeret l\u00e6setid":"6 minutter"},"schema":{"@context":"https:\/\/schema.org","@graph":[{"@type":"WebPage","@id":"https:\/\/jackpotlotteryonline.com\/da\/saadan-spiller-du\/powerball-australia\/","url":"https:\/\/jackpotlotteryonline.com\/da\/saadan-spiller-du\/powerball-australia\/","name":"Spil Powerball Australien fra uden for Australien","isPartOf":{"@id":"https:\/\/jackpotlotteryonline.com\/#website"},"primaryImageOfPage":{"@id":"https:\/\/jackpotlotteryonline.com\/da\/saadan-spiller-du\/powerball-australia\/#primaryimage"},"image":{"@id":"https:\/\/jackpotlotteryonline.com\/da\/saadan-spiller-du\/powerball-australia\/#primaryimage"},"thumbnailUrl":"https:\/\/jackpotlotteryonline.com\/wp-content\/uploads\/2022\/11\/1_buy_online_ticket_powerball.jpg","datePublished":"2022-11-28T06:54:59+00:00","dateModified":"2023-01-03T17:52:13+00:00","description":"Du beh\u00f8ver ikke at bo i Australien for at spille Powerball Australia. Find ud af, hvordan du kan spille online.","breadcrumb":{"@id":"https:\/\/jackpotlotteryonline.com\/da\/saadan-spiller-du\/powerball-australia\/#breadcrumb"},"inLanguage":"da-DK","potentialAction":[{"@type":"ReadAction","target":["https:\/\/jackpotlotteryonline.com\/da\/saadan-spiller-du\/powerball-australia\/"]}]},{"@type":"ImageObject","inLanguage":"da-DK","@id":"https:\/\/jackpotlotteryonline.com\/da\/saadan-spiller-du\/powerball-australia\/#primaryimage","url":"https:\/\/jackpotlotteryonline.com\/wp-content\/uploads\/2022\/11\/1_buy_online_ticket_powerball.jpg","contentUrl":"https:\/\/jackpotlotteryonline.com\/wp-content\/uploads\/2022\/11\/1_buy_online_ticket_powerball.jpg"},{"@type":"BreadcrumbList","@id":"https:\/\/jackpotlotteryonline.com\/da\/saadan-spiller-du\/powerball-australia\/#breadcrumb","itemListElement":[{"@type":"ListItem","position":1,"name":"Home","item":"https:\/\/jackpotlotteryonline.com\/da\/"},{"@type":"ListItem","position":2,"name":"S\u00e5dan spiller du","item":"https:\/\/jackpotlotteryonline.com\/da\/saadan-spiller-du\/"},{"@type":"ListItem","position":3,"name":"spille Powerball Australia online"}]},{"@type":"WebSite","@id":"https:\/\/jackpotlotteryonline.com\/#website","url":"https:\/\/jackpotlotteryonline.com\/","name":"Lotto Online - Crack The International Lottery Jackpots","description":"","potentialAction":[{"@type":"SearchAction","target":{"@type":"EntryPoint","urlTemplate":"https:\/\/jackpotlotteryonline.com\/?s={search_term_string}"},"query-input":"required name=search_term_string"}],"inLanguage":"da-DK"}]}},"_links":{"self":[{"href":"https:\/\/jackpotlotteryonline.com\/da\/wp-json\/wp\/v2\/pages\/39527","targetHints":{"allow":["GET"]}}],"collection":[{"href":"https:\/\/jackpotlotteryonline.com\/da\/wp-json\/wp\/v2\/pages"}],"about":[{"href":"https:\/\/jackpotlotteryonline.com\/da\/wp-json\/wp\/v2\/types\/page"}],"author":[{"embeddable":true,"href":"https:\/\/jackpotlotteryonline.com\/da\/wp-json\/wp\/v2\/users\/1"}],"replies":[{"embeddable":true,"href":"https:\/\/jackpotlotteryonline.com\/da\/wp-json\/wp\/v2\/comments?post=39527"}],"version-history":[{"count":0,"href":"https:\/\/jackpotlotteryonline.com\/da\/wp-json\/wp\/v2\/pages\/39527\/revisions"}],"up":[{"embeddable":true,"href":"https:\/\/jackpotlotteryonline.com\/da\/wp-json\/wp\/v2\/pages\/35676"}],"wp:attachment":[{"href":"https:\/\/jackpotlotteryonline.com\/da\/wp-json\/wp\/v2\/media?parent=39527"}],"curies":[{"name":"wp","href":"https:\/\/api.w.org\/{rel}","templated":true}]}}