{"id":39579,"date":"2022-11-28T08:18:12","date_gmt":"2022-11-28T08:18:12","guid":{"rendered":"https:\/\/jackpotlotteryonline.com\/?page_id=39579"},"modified":"2023-01-03T18:19:44","modified_gmt":"2023-01-03T18:19:44","slug":"saturday-lotto","status":"publish","type":"page","link":"https:\/\/jackpotlotteryonline.com\/da\/saadan-spiller-du\/saturday-lotto\/","title":{"rendered":"spille l\u00f8rdag Lotto online"},"content":{"rendered":"<p>L\u00f8rdagslotteriet er et af Australiens popul\u00e6re lotterier, og spillere i hele landet ser frem til det. En af grundene er, at det har en historie, hvor det har givet en masse million\u00e6rer. Jackpotten kan komme helt op p\u00e5 10 millioner AU$, hvilket er en utrolig pr\u00e6mie, n\u00e5r man t\u00e6nker over det. F\u00f8rhen skulle du v\u00e6re bosiddende i Australien, f\u00f8r du kunne spille dette lotteri af den simple grund, at lodderne kun var tilg\u00e6ngelige i landet. Med internettet har det hele \u00e6ndret sig, da spillere fra hele verden nu kan spille lotteriet fra hvor som helst.<\/p>\n<p>S\u00e5 hvis du \u00f8nsker at spille l\u00f8rdagslotto, skal du blot bes\u00f8ge jackpotlotteryonline.com for at <a href=\"https:\/\/jackpotlotteryonline.com\/da\/koeb-billetter\/saturday-lotto\">k\u00f8be din lottokupon<\/a>. Interessant nok kan du ogs\u00e5 f\u00e5 billetter til alle de bedste internationale lotterier der.<\/p>\n<h2>Oprindelsen af l\u00f8rdagslotto<\/h2>\n<p><img loading=\"lazy\" decoding=\"async\" class=\"alignright size-medium wp-image-28103\" src=\"https:\/\/jackpotlotteryonline.com\/wp-content\/uploads\/2022\/11\/1_lotto_jackpot_online-257x300.jpg\" alt=\"L\u00f8rdagslotto jackpot\" width=\"257\" height=\"300\" srcset=\"https:\/\/jackpotlotteryonline.com\/wp-content\/uploads\/2022\/11\/1_lotto_jackpot_online-257x300.jpg 257w, https:\/\/jackpotlotteryonline.com\/wp-content\/uploads\/2022\/11\/1_lotto_jackpot_online.jpg 321w\" sizes=\"auto, (max-width: 257px) 100vw, 257px\" \/><\/p>\n<p>Den f\u00f8rste tr\u00e6kning fandt sted den 24. juni 1972 og var det f\u00f8rste lotto af sin art i Australien. Det er ogs\u00e5 det lotto, der har eksisteret l\u00e6ngst i Australien. Det er kendt under forskellige navne for spillere i forskellige dele af Australien: Tattslotto, Gold lotto, X lotto eller blot lotto.<\/p>\n<p>Det garanterede mindste jackpotbel\u00f8b, n\u00e5r du spiller, er p\u00e5 5 millioner AU$, og det ruller over til den n\u00e6ste uge, hvis der ikke er nogen vinder. Det utrolige ved dette lotto er, at spillerne har en rigtig god sandsynlighed for at vinde jackpotten. Oddsene er s\u00e5 lave, at jackpotpr\u00e6mien sj\u00e6ldent ruller over, fordi der som regel altid er en vinder.<\/p>\n<p>L\u00f8rdagslotteriet afholder ogs\u00e5 en megatr\u00e6kning en gang om \u00e5ret, som finder sted efter jul. Jackpotten for megatr\u00e6kningerne er ret stor og blev forh\u00f8jet til 30 millioner AU$. Megatr\u00e6kningen giver normalt flere vindere.<\/p>\n<h2>S\u00e5dan spiller du l\u00f8rdagslotteriet online<\/h2>\n<p>For at spille l\u00f8rdagslotteriet skal du blot bes\u00f8ge jackpotlotteryonline.com og g\u00e5 til Lottosiden. V\u00e6lg seks tal mellem 1 og 45. Du kan altid v\u00e6lge dine numre manuelt eller bruge vores automatiske system til at generere tilf\u00e6ldige numre.<\/p>\n<p><a href=\"https:\/\/jackpotlotteryonline.com\/da\/vindernumre\/saturday-lotto\">Derefter skal du indtaste tr\u00e6kningerne<\/a>. Faktisk er der kun \u00e9n tr\u00e6kning om ugen, og det er p\u00e5 l\u00f8rdag. Deraf navnet: Saturday Lotto. Men du kan v\u00e6lge at deltage i op til 10 tr\u00e6kninger i tr\u00e6kninger i tr\u00e6k. Hvis du v\u00e6lger denne mulighed, deltager du automatisk i hver tr\u00e6kning i de n\u00e6ste 10 uger.<\/p>\n<p>N\u00e5r du har gjort alt dette, er det n\u00e6ste skridt at behandle din betaling. Vi vil bede dig om at registrere dig hos os, s\u00e5 vi kan opbevare din kupon sikkert, n\u00e5r du spiller. Vi vil ogs\u00e5 informere dig, hvis du vinder noget, og s\u00e5 kan du udbetale din gevinst fra vores platform.<\/p>\n<section class=\"layout\" style=\"border: solid 1px; width: 100%;\">\n<div class=\"img-div\" style=\"margin-top: 5px;\"><img decoding=\"async\" class=\"wp-image-17212 alignleft\" style=\"height: 45px; margin: 8px 8px 0px;\" src=\"https:\/\/jackpotlotteryonline.com\/wp-content\/uploads\/2022\/11\/read1.jpg\" alt=\"L\u00e6s \" width=\"\" height=\"\" \/><\/div>\n<div style=\"padding-left: 5px;\">\n<div style=\"font-size: 1.1em;\">\n<p><strong>Et par tricks og tips til at v\u00e6lge dine numre<\/strong><\/p>\n<p style=\"font-size: 0.85em; margin-top: -1.5em;\">For\u00f8g dine vinderchancer &#8211; brug en strategi til at v\u00e6lge dine numre <a href=\"https:\/\/jackpotlotteryonline.com\/da\/nekolik-triku-a-tipu-pro-vyber-cisel\">L\u00e6s mere<\/a><\/p>\n<\/div>\n<\/div>\n<\/section>\n<h2>Fordele<\/h2>\n<p>Det kan v\u00e6re sv\u00e6rt for dem, der er vant til at k\u00f8be fysiske lottokuponer og den fanfare, der f\u00f8lger med en gevinst, at se fordelene ved at spille p\u00e5 internettet. Men vi vil dele et par stykker her.<\/p>\n<p>Det er bekvemt at spille l\u00f8rdagslotteriet online. Du beh\u00f8ver ikke at forlade det sted, hvor du er, for at g\u00e5 nogen steder hen, da du nemt kan spille p\u00e5 din computer eller mobilenhed. Det betyder ogs\u00e5, at du nu har adgang til et bredere udvalg af lotterier fra hele verden.<\/p>\n<p>At k\u00f8be lodder er ikke den eneste fordel, n\u00e5r du spiller p\u00e5 lotteri. M\u00e5ske er den st\u00f8rste fordel, at du nemt kan udbetale dine gevinster. Det er ukompliceret, og du beh\u00f8ver ofte ikke at g\u00e5 igennem en kompliceret procedure for at f\u00e5 din gevinst udbetalt.<\/p>\n<h2>At vinde l\u00f8rdagslotto<\/h2>\n<p>For at vinde lotto skal du matche alle seks udtrukne tal. Enhver kupon, der matcher alle de seks udtrukne tal, vinder jackpotten. Der er andre pr\u00e6mier, som du kan vinde, og vi vil n\u00e6vne dem senere. Men bem\u00e6rk, at du kan vinde en pr\u00e6mie ved at matche 3 trukne tal.<\/p>\n<p>Hvis du vinder i lotteriet, kan du h\u00e6ve din gevinst fra vores platform direkte til din konto.<\/p>\n<p>Bem\u00e6rk venligst, at hvis din gevinst er h\u00f8jere end #2500, skal du kr\u00e6ve gevinsten direkte fra lotteriselskabet. Men bare rolig, vi vil hj\u00e6lpe dig med det ved at give dig en kravformular, som du skal udfylde.<\/p>\n<h2>Supplerende numre<\/h2>\n<p><img loading=\"lazy\" decoding=\"async\" class=\"alignright size-medium wp-image-29183\" src=\"https:\/\/jackpotlotteryonline.com\/wp-content\/uploads\/2022\/11\/1_play_lotto-online-300x199.jpg\" alt=\"spil l\u00f8rdags lotto online\" width=\"300\" height=\"199\" srcset=\"https:\/\/jackpotlotteryonline.com\/wp-content\/uploads\/2022\/11\/1_play_lotto-online-300x199.jpg 300w, https:\/\/jackpotlotteryonline.com\/wp-content\/uploads\/2022\/11\/1_play_lotto-online.jpg 350w\" sizes=\"auto, (max-width: 300px) 100vw, 300px\" \/><\/p>\n<p>Hvis du tjekker pr\u00e6mieinddelingerne, vil du m\u00e5ske bem\u00e6rke, at nogle inddelinger g\u00f8r brug af supplerende numre. Det er ikke numre, som du v\u00e6lger, og som ikke har noget at g\u00f8re med at vinde jackpotten. De er simpelthen tilf\u00e6ldigt genererede numre, der v\u00e6lges under hver tr\u00e6kning, og de bruges til at bestemme division 2 og 5.<\/p>\n<h2>Pr\u00e6mier<\/h2>\n<p>Dette Lotto har seks forskellige pr\u00e6mieinddelinger, og ved at matche 3 hovedtal kan du vinde en pr\u00e6mie ved at matche 3 hovedtal. Jo flere numre du kan matche, jo h\u00f8jere bliver pr\u00e6mien naturligvis. Pr\u00e6mien i division 1 er jackpotten, og du skal matche alle 6 numre for at v\u00e6re berettiget til denne pr\u00e6mie.<\/p>\n<p>Ofte fokuserer spillerne p\u00e5 division 1pr\u00e6mien, dvs. jackpotten, og udelukker de andre pr\u00e6mieafdelinger. Men det er muligt for dig at vinde et godt bel\u00f8b fra disse andre divisioner ogs\u00e5. Nedenfor deler vi pr\u00e6mieafdelingerne for l\u00f8rdags-lotto og oddsene for at vinde hver afdeling.<\/p>\n<p>Division 1: 6 hovedtal &#8211; jackpot (1 ud af 8 145 060)<\/p>\n<p>Division 2: 5 hovedtal + 1 eller 2 till\u00e6gstal (1 ud af 678 755)<\/p>\n<p>Afdeling 3: 5 hovedtal (1 ud af 36 689)<\/p>\n<p>Hovedgruppe 4: 4 hovednumre (1 ud af 733)<\/p>\n<p>Hovedgruppe 5: 3 hovednumre + 1 eller 2 till\u00e6gsnumre (1 ud af 297)<\/p>\n<p>Hovedgruppe 6: 3 hovednumre (1 ud af 53)<\/p>\n<h2>Tilmeld dig nu for at spille l\u00f8rdagslotto<\/h2>\n<p>Hvis du er klar til at spille lotto, kan du k\u00f8be dine lottokuponer lige her p\u00e5 vores hjemmeside. N\u00e5r du deltager i lodtr\u00e6kningen, f\u00e5r du chancen for at vinde millioner.<\/p>\n<p>Mens du er her, kan du ogs\u00e5 tjekke andre lotterier ud. Vi har en bred samling af de bedste internationale lotterier, og vi giver vores kunder adgang til disse lotterier. Du kan k\u00f8be dine lodder til lotterier fra USA, Europa og Australien, uanset hvor du bor.<\/p>\n<p>Som det f\u00f8rende lotteri concierge site har vi str\u00f8mlinet processen for at give vores kunder en utrolig oplevelse. Tilmeld dig hos os i dag for at komme til at spille p\u00e5 lotto.<\/p>\n","protected":false},"excerpt":{"rendered":"<p>L\u00f8rdagslotteriet er et af Australiens popul\u00e6re lotterier, og spillere i hele landet ser frem til det. En af grundene er, at det har en historie, hvor det har givet en masse million\u00e6rer. Jackpotten kan komme helt op p\u00e5 10 millioner AU$, hvilket er en utrolig pr\u00e6mie, n\u00e5r man t\u00e6nker over det. F\u00f8rhen skulle du v\u00e6re [&hellip;]<\/p>\n","protected":false},"author":1,"featured_media":0,"parent":35676,"menu_order":18,"comment_status":"closed","ping_status":"closed","template":"saturday-lotto.php","meta":{"_et_pb_use_builder":"","_et_pb_old_content":"","_et_gb_content_width":"","exclude_from_search":false,"footnotes":""},"class_list":["post-39579","page","type-page","status-publish","hentry"],"yoast_head":"<!-- This site is optimized with the Yoast SEO plugin v23.3 - https:\/\/yoast.com\/wordpress\/plugins\/seo\/ -->\n<title>Spil l\u00f8rdagslotto online<\/title>\n<meta name=\"description\" content=\"Nyd chancen for at vinde stort med l\u00f8rdagslotteriet ved at spille online, uanset hvor du er. Find ud af hvordan.\" \/>\n<meta name=\"robots\" content=\"index, follow, max-snippet:-1, max-image-preview:large, max-video-preview:-1\" \/>\n<link rel=\"canonical\" href=\"https:\/\/jackpotlotteryonline.com\/da\/saadan-spiller-du\/saturday-lotto\/\" \/>\n<meta property=\"og:locale\" content=\"da_DK\" \/>\n<meta property=\"og:type\" content=\"article\" \/>\n<meta property=\"og:title\" content=\"Spil l\u00f8rdagslotto online\" \/>\n<meta property=\"og:description\" content=\"Nyd chancen for at vinde stort med l\u00f8rdagslotteriet ved at spille online, uanset hvor du er. Find ud af hvordan.\" \/>\n<meta property=\"og:url\" content=\"https:\/\/jackpotlotteryonline.com\/da\/saadan-spiller-du\/saturday-lotto\/\" \/>\n<meta property=\"og:site_name\" content=\"Lotto Online - Crack The International Lottery Jackpots\" \/>\n<meta property=\"article:modified_time\" content=\"2023-01-03T18:19:44+00:00\" \/>\n<meta property=\"og:image\" content=\"https:\/\/jackpotlotteryonline.com\/wp-content\/uploads\/2022\/11\/1_lotto_jackpot_online-257x300.jpg\" \/>\n<meta name=\"twitter:card\" content=\"summary_large_image\" \/>\n<meta name=\"twitter:label1\" content=\"Estimeret l\u00e6setid\" \/>\n\t<meta name=\"twitter:data1\" content=\"6 minutter\" \/>\n<!-- \/ Yoast SEO plugin. -->","yoast_head_json":{"title":"Spil l\u00f8rdagslotto online","description":"Nyd chancen for at vinde stort med l\u00f8rdagslotteriet ved at spille online, uanset hvor du er. Find ud af hvordan.","robots":{"index":"index","follow":"follow","max-snippet":"max-snippet:-1","max-image-preview":"max-image-preview:large","max-video-preview":"max-video-preview:-1"},"canonical":"https:\/\/jackpotlotteryonline.com\/da\/saadan-spiller-du\/saturday-lotto\/","og_locale":"da_DK","og_type":"article","og_title":"Spil l\u00f8rdagslotto online","og_description":"Nyd chancen for at vinde stort med l\u00f8rdagslotteriet ved at spille online, uanset hvor du er. Find ud af hvordan.","og_url":"https:\/\/jackpotlotteryonline.com\/da\/saadan-spiller-du\/saturday-lotto\/","og_site_name":"Lotto Online - Crack The International Lottery Jackpots","article_modified_time":"2023-01-03T18:19:44+00:00","og_image":[{"url":"https:\/\/jackpotlotteryonline.com\/wp-content\/uploads\/2022\/11\/1_lotto_jackpot_online-257x300.jpg"}],"twitter_card":"summary_large_image","twitter_misc":{"Estimeret l\u00e6setid":"6 minutter"},"schema":{"@context":"https:\/\/schema.org","@graph":[{"@type":"WebPage","@id":"https:\/\/jackpotlotteryonline.com\/da\/saadan-spiller-du\/saturday-lotto\/","url":"https:\/\/jackpotlotteryonline.com\/da\/saadan-spiller-du\/saturday-lotto\/","name":"Spil l\u00f8rdagslotto online","isPartOf":{"@id":"https:\/\/jackpotlotteryonline.com\/#website"},"primaryImageOfPage":{"@id":"https:\/\/jackpotlotteryonline.com\/da\/saadan-spiller-du\/saturday-lotto\/#primaryimage"},"image":{"@id":"https:\/\/jackpotlotteryonline.com\/da\/saadan-spiller-du\/saturday-lotto\/#primaryimage"},"thumbnailUrl":"https:\/\/jackpotlotteryonline.com\/wp-content\/uploads\/2022\/11\/1_lotto_jackpot_online-257x300.jpg","datePublished":"2022-11-28T08:18:12+00:00","dateModified":"2023-01-03T18:19:44+00:00","description":"Nyd chancen for at vinde stort med l\u00f8rdagslotteriet ved at spille online, uanset hvor du er. Find ud af hvordan.","breadcrumb":{"@id":"https:\/\/jackpotlotteryonline.com\/da\/saadan-spiller-du\/saturday-lotto\/#breadcrumb"},"inLanguage":"da-DK","potentialAction":[{"@type":"ReadAction","target":["https:\/\/jackpotlotteryonline.com\/da\/saadan-spiller-du\/saturday-lotto\/"]}]},{"@type":"ImageObject","inLanguage":"da-DK","@id":"https:\/\/jackpotlotteryonline.com\/da\/saadan-spiller-du\/saturday-lotto\/#primaryimage","url":"https:\/\/jackpotlotteryonline.com\/wp-content\/uploads\/2022\/11\/1_lotto_jackpot_online-257x300.jpg","contentUrl":"https:\/\/jackpotlotteryonline.com\/wp-content\/uploads\/2022\/11\/1_lotto_jackpot_online-257x300.jpg"},{"@type":"BreadcrumbList","@id":"https:\/\/jackpotlotteryonline.com\/da\/saadan-spiller-du\/saturday-lotto\/#breadcrumb","itemListElement":[{"@type":"ListItem","position":1,"name":"Home","item":"https:\/\/jackpotlotteryonline.com\/da\/"},{"@type":"ListItem","position":2,"name":"S\u00e5dan spiller du","item":"https:\/\/jackpotlotteryonline.com\/da\/saadan-spiller-du\/"},{"@type":"ListItem","position":3,"name":"spille l\u00f8rdag Lotto online"}]},{"@type":"WebSite","@id":"https:\/\/jackpotlotteryonline.com\/#website","url":"https:\/\/jackpotlotteryonline.com\/","name":"Lotto Online - Crack The International Lottery Jackpots","description":"","potentialAction":[{"@type":"SearchAction","target":{"@type":"EntryPoint","urlTemplate":"https:\/\/jackpotlotteryonline.com\/?s={search_term_string}"},"query-input":"required name=search_term_string"}],"inLanguage":"da-DK"}]}},"_links":{"self":[{"href":"https:\/\/jackpotlotteryonline.com\/da\/wp-json\/wp\/v2\/pages\/39579","targetHints":{"allow":["GET"]}}],"collection":[{"href":"https:\/\/jackpotlotteryonline.com\/da\/wp-json\/wp\/v2\/pages"}],"about":[{"href":"https:\/\/jackpotlotteryonline.com\/da\/wp-json\/wp\/v2\/types\/page"}],"author":[{"embeddable":true,"href":"https:\/\/jackpotlotteryonline.com\/da\/wp-json\/wp\/v2\/users\/1"}],"replies":[{"embeddable":true,"href":"https:\/\/jackpotlotteryonline.com\/da\/wp-json\/wp\/v2\/comments?post=39579"}],"version-history":[{"count":0,"href":"https:\/\/jackpotlotteryonline.com\/da\/wp-json\/wp\/v2\/pages\/39579\/revisions"}],"up":[{"embeddable":true,"href":"https:\/\/jackpotlotteryonline.com\/da\/wp-json\/wp\/v2\/pages\/35676"}],"wp:attachment":[{"href":"https:\/\/jackpotlotteryonline.com\/da\/wp-json\/wp\/v2\/media?parent=39579"}],"curies":[{"name":"wp","href":"https:\/\/api.w.org\/{rel}","templated":true}]}}