{"id":39634,"date":"2022-11-28T11:23:52","date_gmt":"2022-11-28T11:23:52","guid":{"rendered":"https:\/\/jackpotlotteryonline.com\/?page_id=39634"},"modified":"2022-12-31T12:46:45","modified_gmt":"2022-12-31T12:46:45","slug":"set-for-life","status":"publish","type":"page","link":"https:\/\/jackpotlotteryonline.com\/da\/saadan-spiller-du\/set-for-life\/","title":{"rendered":"spille Set For Life online"},"content":{"rendered":"<p>Mange flere spillere over hele verden er begyndt at indse sk\u00f8nheden i at v\u00e6re sat for resten af livet. Og det er det, som det britiske Set for Life-lotteri tilbyder spillerne: chancen for at vinde 10.000 pund hver eneste m\u00e5ned i 30 \u00e5r. Det kaldes et annuitetslotteri, fordi vinderen ikke modtager et engangsbel\u00f8b. Ved f\u00f8rste \u00f8jekast virker det m\u00e5ske ikke lige s\u00e5 tiltalende som at vinde milliarder af euro. Der er dog nogle spillere, som ikke er helt trygge ved at h\u00e5ndtere s\u00e5 mange penge p\u00e5 \u00e9n gang. Desuden har vi l\u00e6st om lotterivindere, der blev ruineret efter f\u00e5 \u00e5r. Med dette britiske lotteri er der ingen chance for, at det sker, da vinderen f\u00e5r 10.000 \u00a3 uden undtagelse hver m\u00e5ned.<\/p>\n<p>Hvis du spekulerer p\u00e5, hvordan du kan spille denne britiske annuitetslotto fra uden for Storbritannien, er du heldig. Her vil vi dele hvordan du spiller lotteriet og tips til at spille fra uden for Storbritannien.<\/p>\n<h2>Kan du spille Set For Life fra uden for Storbritannien?<\/h2>\n<p><img loading=\"lazy\" decoding=\"async\" class=\"alignright size-medium wp-image-27941\" src=\"http:\/\/jackpotlotteryonline.com\/wp-content\/uploads\/2022\/11\/1_lottery_winner_ticket-200x300.jpg\" alt=\"vind stort med Set for livet\" width=\"200\" height=\"300\" srcset=\"https:\/\/jackpotlotteryonline.com\/wp-content\/uploads\/2022\/11\/1_lottery_winner_ticket-200x300.jpg 200w, https:\/\/jackpotlotteryonline.com\/wp-content\/uploads\/2022\/11\/1_lottery_winner_ticket.jpg 320w\" sizes=\"auto, (max-width: 200px) 100vw, 200px\" \/><\/p>\n<p>Set For Life er m\u00e5ske nok et prim\u00e6rt britisk lotteri, men \u00f8nsket om at vinde stort hver m\u00e5ned deles af spillere overalt. Lad os v\u00e6re \u00e6rlige, hvem ville ikke kunne lide tanken om at vinde 10.000 \u00a3 hver m\u00e5ned i 30 \u00e5r? Typisk spilles Set For Life kun i Storbritannien, fordi det er der, hvor billetterne s\u00e6lges. Spillere kan dog nu k\u00f8be billetter fra alle steder.<\/p>\n<p>Internettet har gjort mange ting mulige, is\u00e6r adgangen til information. Nu kan spillere i hele verden k\u00f8be lodder til internationale toplotterier, herunder Set For Life. Hvis du er en spiller uden for Storbritannien, kan du s\u00e5ledes nemt<a href=\"https:\/\/jackpotlotteryonline.com\/da\/koeb-billetter\/set-for-life\"> k\u00f8be billetter til det britiske annuitetslotteri<\/a> ved at bes\u00f8ge jackpotlotteryonline.com.<\/p>\n<p>Hvis du er vild med tanken om at blive sat for resten af livet, s\u00e5 skynd dig nu at k\u00f8be et lod inden den n\u00e6ste tr\u00e6kning.<\/p>\n<h2>S\u00e5dan spiller du<\/h2>\n<p>For at spille det britiske lotteri skal spillerne v\u00e6lge 5 numre fra 1 til 47 og 1 Life Ball-nummer fra 1 til 10. Derefter <a href=\"https:\/\/jackpotlotteryonline.com\/da\/vindernumre\/set-for-life\">v\u00e6lger du de tr\u00e6kningsdage<\/a>, du \u00f8nsker at deltage i, og det antal uger, du \u00f8nsker at spille.<\/p>\n<p>N\u00e5r du bruger vores websted, kan du bruge vores nummergenerator til at v\u00e6lge dine numre tilf\u00e6ldigt. Du kan ogs\u00e5 indstille det s\u00e5ledes, at du automatisk deltager i hver tr\u00e6kning flere uger i forvejen. P\u00e5 den m\u00e5de beh\u00f8ver du ikke at bekymre dig om at g\u00e5 glip af en lodtr\u00e6kning. Vi offentligg\u00f8r ogs\u00e5 de r\u00e5 resultater lige her p\u00e5 vores websted.<\/p>\n<p>Set For Life-tr\u00e6kninger finder sted hver mandag og torsdag aften. Hvis du spiller i lotteriet hos os, betyder det, at du ikke beh\u00f8ver at g\u00e5 glip af en tr\u00e6kning, fordi du ikke k\u00f8bte din kupon, f\u00f8r den lukkede.<\/p>\n<h2>Tips til at spille online<\/h2>\n<p>Inden du k\u00f8ber din lottokupon p\u00e5 internettet, er det vigtigt at vide et par ting. Disse er nogle tips, der vil hj\u00e6lpe dig med at f\u00e5 en sjovere spilleoplevelse.<\/p>\n<ul>\n<li>Brug altid et concierge-websted til at k\u00f8be dine lottokuponer<\/li>\n<li>S\u00f8rg for, at du kan h\u00e6ve dine gevinster uden besv\u00e6r fra siden<\/li>\n<li>K\u00f8b flere lodder og deltag i flere tr\u00e6kninger for at \u00f8ge dine chancer for at vinde<\/li>\n<li>Brug et websted, der giver dig besked (via e-mail), n\u00e5r du har vundet en pr\u00e6mie<\/li>\n<\/ul>\n<h2>Set For Life-priskategorier<\/h2>\n<div id=\"attachment_27779\" style=\"width: 222px\" class=\"wp-caption alignright\"><img loading=\"lazy\" decoding=\"async\" aria-describedby=\"caption-attachment-27779\" class=\"size-full wp-image-27779\" src=\"http:\/\/jackpotlotteryonline.com\/wp-content\/uploads\/2022\/11\/1_lottery_ticket.jpg\" alt=\"s\u00e5dan spiller du Set for livet\" width=\"212\" height=\"142\" \/><p id=\"caption-attachment-27779\" class=\"wp-caption-text\">Udfyldelse af lottokupon med blyant p\u00e5 tr\u00e6bord, n\u00e6rbillede. Plads til tekst<\/p><\/div>\n<p>Hovedpr\u00e6mien i dette britiske lotteri er en fantastisk pr\u00e6mie p\u00e5 10 000 \u00a3 hver m\u00e5ned i de n\u00e6ste 30 \u00e5r. Det svarer til at f\u00e5 10.000 dollars om m\u00e5neden for at holde en 30-\u00e5rig ferie. Den pr\u00e6mie er en pr\u00e6mie, der g\u00f8r mange spillere begejstrede. Men endnu mere sp\u00e6ndende er det faktum, at dette lotteri ogs\u00e5 har nogle andre sp\u00e6ndende pr\u00e6mieniveauer. Her er pr\u00e6miekategorierne.<\/p>\n<p>Kategori 1: Match 5 numre + Life Ball &#8211; 10.000 \u00a3 hver m\u00e5ned i 30 \u00e5r<\/p>\n<p>Kategori 2: Match kun 5 numre &#8211; 10 000 \u00a3 hver m\u00e5ned i 1 \u00e5r<\/p>\n<p>Kategori 3: Match 4 numre + LIfe Ball &#8211; 250 \u00a3<\/p>\n<p>Kategori 4: Match 4 numre alene &#8211; 50 \u00a3<\/p>\n<p>Kategori 5: Match 3 numre + Life Ball &#8211; 30 \u00a3<\/p>\n<p>Kategori 6: Match 3 numre alene &#8211; 20 \u00a3<\/p>\n<p>Kategori 7: Match 2 numre + Life Ball &#8211; 10 \u00a3<\/p>\n<p>Kategori 8: Match 2 numre alene &#8211; 5 \u00a3<\/p>\n<section class=\"layout\" style=\"border: solid 1px; width: 100%;\">\n<div class=\"img-div\" style=\"margin-top: 5px;\"><img decoding=\"async\" class=\"wp-image-17212 alignleft\" style=\"height: 45px; margin: 8px 8px 0px;\" src=\"http:\/\/jackpotlotteryonline.com\/wp-content\/uploads\/2022\/11\/read1.jpg\" alt=\"l\u00e6s\" width=\"\" height=\"\" \/><\/div>\n<div style=\"padding-left: 5px;\">\n<div style=\"font-size: 1.1em;\">\n<p><strong>Nogle lottovindere gav noget tilbage til samfundet<\/strong><\/p>\n<p style=\"font-size: 0.85em; margin-top: -1.5em;\">Nogle interessante og hjertevarmende historier om lottovindere, der giver noget tilbage <a href=\"https:\/\/jackpotlotteryonline.com\/da\/historier-om-lotterivindere-der-giver-noget-tilbage\"> L\u00e6s mere<\/a><\/p>\n<\/div>\n<\/div>\n<\/section>\n<h2>Spil den britiske annuity lotteri her i dag<\/h2>\n<p>Vi er et concierge-lotterisite, der g\u00f8r det muligt for spillere i hele verden at f\u00e5 adgang til de bedste internationale lotterier. N\u00e5r du k\u00f8ber dine lottokuponer hos os, nyder du forn\u00f8jelsen af at spille lotto uden besv\u00e6ret.<\/p>\n<p>Hvis du vinder en pr\u00e6mie, kan du nemt udbetale din gevinst lige her fra vores side. S\u00e5 enkelt g\u00f8r vi det. Og hvis din gevinst er mere end et bestemt bel\u00f8b, hj\u00e6lper vi dig med en kravformular, s\u00e5 du kan indkassere din gevinst.<\/p>\n<p>Alt, hvad vi g\u00f8r, er m\u00e5lrettet mod at give vores kunder en problemfri lotterioplevelse. S\u00e5 g\u00e5 i gang og deltag i det britiske Set for Life-lotteri i dag.<\/p>\n","protected":false},"excerpt":{"rendered":"<p>Mange flere spillere over hele verden er begyndt at indse sk\u00f8nheden i at v\u00e6re sat for resten af livet. Og det er det, som det britiske Set for Life-lotteri tilbyder spillerne: chancen for at vinde 10.000 pund hver eneste m\u00e5ned i 30 \u00e5r. Det kaldes et annuitetslotteri, fordi vinderen ikke modtager et engangsbel\u00f8b. Ved f\u00f8rste [&hellip;]<\/p>\n","protected":false},"author":1,"featured_media":0,"parent":35676,"menu_order":11,"comment_status":"closed","ping_status":"closed","template":"set-for-life.php","meta":{"_et_pb_use_builder":"","_et_pb_old_content":"","_et_gb_content_width":"","exclude_from_search":false,"footnotes":""},"class_list":["post-39634","page","type-page","status-publish","hentry"],"yoast_head":"<!-- This site is optimized with the Yoast SEO plugin v23.3 - https:\/\/yoast.com\/wordpress\/plugins\/seo\/ -->\n<title>Spil Set for Life fra uden for Storbritannien<\/title>\n<meta name=\"description\" content=\"Spil det britiske annuitetslotteri online, og vind chancen for at blive sat for resten af dit liv.\" \/>\n<meta name=\"robots\" content=\"index, follow, max-snippet:-1, max-image-preview:large, max-video-preview:-1\" \/>\n<link rel=\"canonical\" href=\"https:\/\/jackpotlotteryonline.com\/da\/saadan-spiller-du\/set-for-life\/\" \/>\n<meta property=\"og:locale\" content=\"da_DK\" \/>\n<meta property=\"og:type\" content=\"article\" \/>\n<meta property=\"og:title\" content=\"Spil Set for Life fra uden for Storbritannien\" \/>\n<meta property=\"og:description\" content=\"Spil det britiske annuitetslotteri online, og vind chancen for at blive sat for resten af dit liv.\" \/>\n<meta property=\"og:url\" content=\"https:\/\/jackpotlotteryonline.com\/da\/saadan-spiller-du\/set-for-life\/\" \/>\n<meta property=\"og:site_name\" content=\"Lotto Online - Crack The International Lottery Jackpots\" \/>\n<meta property=\"article:modified_time\" content=\"2022-12-31T12:46:45+00:00\" \/>\n<meta property=\"og:image\" content=\"http:\/\/jackpotlotteryonline.com\/wp-content\/uploads\/2022\/11\/1_lottery_winner_ticket-200x300.jpg\" \/>\n<meta name=\"twitter:card\" content=\"summary_large_image\" \/>\n<meta name=\"twitter:label1\" content=\"Estimeret l\u00e6setid\" \/>\n\t<meta name=\"twitter:data1\" content=\"5 minutter\" \/>\n<!-- \/ Yoast SEO plugin. -->","yoast_head_json":{"title":"Spil Set for Life fra uden for Storbritannien","description":"Spil det britiske annuitetslotteri online, og vind chancen for at blive sat for resten af dit liv.","robots":{"index":"index","follow":"follow","max-snippet":"max-snippet:-1","max-image-preview":"max-image-preview:large","max-video-preview":"max-video-preview:-1"},"canonical":"https:\/\/jackpotlotteryonline.com\/da\/saadan-spiller-du\/set-for-life\/","og_locale":"da_DK","og_type":"article","og_title":"Spil Set for Life fra uden for Storbritannien","og_description":"Spil det britiske annuitetslotteri online, og vind chancen for at blive sat for resten af dit liv.","og_url":"https:\/\/jackpotlotteryonline.com\/da\/saadan-spiller-du\/set-for-life\/","og_site_name":"Lotto Online - Crack The International Lottery Jackpots","article_modified_time":"2022-12-31T12:46:45+00:00","og_image":[{"url":"http:\/\/jackpotlotteryonline.com\/wp-content\/uploads\/2022\/11\/1_lottery_winner_ticket-200x300.jpg"}],"twitter_card":"summary_large_image","twitter_misc":{"Estimeret l\u00e6setid":"5 minutter"},"schema":{"@context":"https:\/\/schema.org","@graph":[{"@type":"WebPage","@id":"https:\/\/jackpotlotteryonline.com\/da\/saadan-spiller-du\/set-for-life\/","url":"https:\/\/jackpotlotteryonline.com\/da\/saadan-spiller-du\/set-for-life\/","name":"Spil Set for Life fra uden for Storbritannien","isPartOf":{"@id":"https:\/\/jackpotlotteryonline.com\/#website"},"primaryImageOfPage":{"@id":"https:\/\/jackpotlotteryonline.com\/da\/saadan-spiller-du\/set-for-life\/#primaryimage"},"image":{"@id":"https:\/\/jackpotlotteryonline.com\/da\/saadan-spiller-du\/set-for-life\/#primaryimage"},"thumbnailUrl":"http:\/\/jackpotlotteryonline.com\/wp-content\/uploads\/2022\/11\/1_lottery_winner_ticket-200x300.jpg","datePublished":"2022-11-28T11:23:52+00:00","dateModified":"2022-12-31T12:46:45+00:00","description":"Spil det britiske annuitetslotteri online, og vind chancen for at blive sat for resten af dit liv.","breadcrumb":{"@id":"https:\/\/jackpotlotteryonline.com\/da\/saadan-spiller-du\/set-for-life\/#breadcrumb"},"inLanguage":"da-DK","potentialAction":[{"@type":"ReadAction","target":["https:\/\/jackpotlotteryonline.com\/da\/saadan-spiller-du\/set-for-life\/"]}]},{"@type":"ImageObject","inLanguage":"da-DK","@id":"https:\/\/jackpotlotteryonline.com\/da\/saadan-spiller-du\/set-for-life\/#primaryimage","url":"http:\/\/jackpotlotteryonline.com\/wp-content\/uploads\/2022\/11\/1_lottery_winner_ticket-200x300.jpg","contentUrl":"http:\/\/jackpotlotteryonline.com\/wp-content\/uploads\/2022\/11\/1_lottery_winner_ticket-200x300.jpg"},{"@type":"BreadcrumbList","@id":"https:\/\/jackpotlotteryonline.com\/da\/saadan-spiller-du\/set-for-life\/#breadcrumb","itemListElement":[{"@type":"ListItem","position":1,"name":"Home","item":"https:\/\/jackpotlotteryonline.com\/da\/"},{"@type":"ListItem","position":2,"name":"S\u00e5dan spiller du","item":"https:\/\/jackpotlotteryonline.com\/da\/saadan-spiller-du\/"},{"@type":"ListItem","position":3,"name":"spille Set For Life online"}]},{"@type":"WebSite","@id":"https:\/\/jackpotlotteryonline.com\/#website","url":"https:\/\/jackpotlotteryonline.com\/","name":"Lotto Online - Crack The International Lottery Jackpots","description":"","potentialAction":[{"@type":"SearchAction","target":{"@type":"EntryPoint","urlTemplate":"https:\/\/jackpotlotteryonline.com\/?s={search_term_string}"},"query-input":"required name=search_term_string"}],"inLanguage":"da-DK"}]}},"_links":{"self":[{"href":"https:\/\/jackpotlotteryonline.com\/da\/wp-json\/wp\/v2\/pages\/39634","targetHints":{"allow":["GET"]}}],"collection":[{"href":"https:\/\/jackpotlotteryonline.com\/da\/wp-json\/wp\/v2\/pages"}],"about":[{"href":"https:\/\/jackpotlotteryonline.com\/da\/wp-json\/wp\/v2\/types\/page"}],"author":[{"embeddable":true,"href":"https:\/\/jackpotlotteryonline.com\/da\/wp-json\/wp\/v2\/users\/1"}],"replies":[{"embeddable":true,"href":"https:\/\/jackpotlotteryonline.com\/da\/wp-json\/wp\/v2\/comments?post=39634"}],"version-history":[{"count":0,"href":"https:\/\/jackpotlotteryonline.com\/da\/wp-json\/wp\/v2\/pages\/39634\/revisions"}],"up":[{"embeddable":true,"href":"https:\/\/jackpotlotteryonline.com\/da\/wp-json\/wp\/v2\/pages\/35676"}],"wp:attachment":[{"href":"https:\/\/jackpotlotteryonline.com\/da\/wp-json\/wp\/v2\/media?parent=39634"}],"curies":[{"name":"wp","href":"https:\/\/api.w.org\/{rel}","templated":true}]}}